{"id":158,"date":"2018-11-22T18:29:29","date_gmt":"2018-11-22T18:29:29","guid":{"rendered":"http:\/\/distribuidorpanelrey.com\/?page_id=158"},"modified":"2025-02-09T22:24:29","modified_gmt":"2025-02-09T22:24:29","slug":"servicios","status":"publish","type":"page","link":"https:\/\/distribuidorpanelrey.com.mx\/servicios\/","title":{"rendered":"Servicios"},"content":{"rendered":"\t\t<div data-elementor-type=\"wp-page\" data-elementor-id=\"158\" class=\"elementor elementor-158\" data-elementor-post-type=\"page\">\n\t\t\t\t\t\t<section class=\"elementor-section elementor-top-section elementor-element elementor-element-6418e1cb elementor-section-boxed elementor-section-height-default elementor-section-height-default\" data-id=\"6418e1cb\" data-element_type=\"section\" data-e-type=\"section\">\n\t\t\t\t\t\t<div class=\"elementor-container elementor-column-gap-default\">\n\t\t\t\t\t<div class=\"elementor-column elementor-col-100 elementor-top-column elementor-element elementor-element-561cac1a\" data-id=\"561cac1a\" data-element_type=\"column\" data-e-type=\"column\">\n\t\t\t<div class=\"elementor-widget-wrap elementor-element-populated\">\n\t\t\t\t\t\t<div class=\"elementor-element elementor-element-97100ba elementor-widget elementor-widget-heading\" data-id=\"97100ba\" data-element_type=\"widget\" data-e-type=\"widget\" data-widget_type=\"heading.default\">\n\t\t\t\t<div class=\"elementor-widget-container\">\n\t\t\t\t\t<h2 class=\"elementor-heading-title elementor-size-default\">NUESTROS SERVICIOS<\/h2>\t\t\t\t<\/div>\n\t\t\t\t<\/div>\n\t\t\t\t<section class=\"elementor-section elementor-inner-section elementor-element elementor-element-b7e023a elementor-section-boxed elementor-section-height-default elementor-section-height-default\" data-id=\"b7e023a\" data-element_type=\"section\" data-e-type=\"section\">\n\t\t\t\t\t\t<div class=\"elementor-container elementor-column-gap-default\">\n\t\t\t\t\t<div class=\"elementor-column elementor-col-100 elementor-inner-column elementor-element elementor-element-5ecdcaa\" data-id=\"5ecdcaa\" data-element_type=\"column\" data-e-type=\"column\">\n\t\t\t<div class=\"elementor-widget-wrap elementor-element-populated\">\n\t\t\t\t\t\t<div class=\"elementor-element elementor-element-0d3f2f2 elementor-widget__width-initial elementor-widget elementor-widget-image\" data-id=\"0d3f2f2\" data-element_type=\"widget\" data-e-type=\"widget\" data-widget_type=\"image.default\">\n\t\t\t\t<div class=\"elementor-widget-container\">\n\t\t\t\t\t\t\t\t\t\t\t\t\t\t\t<img fetchpriority=\"high\" decoding=\"async\" width=\"800\" height=\"400\" src=\"https:\/\/distribuidorpanelrey.com.mx\/wp-content\/uploads\/2024\/01\/portada-servicios-1024x512.webp\" class=\"attachment-large size-large wp-image-2519\" alt=\"portada-servicios\" srcset=\"https:\/\/distribuidorpanelrey.com.mx\/wp-content\/uploads\/2024\/01\/portada-servicios-1024x512.webp 1024w, https:\/\/distribuidorpanelrey.com.mx\/wp-content\/uploads\/2024\/01\/portada-servicios-600x300.webp 600w, https:\/\/distribuidorpanelrey.com.mx\/wp-content\/uploads\/2024\/01\/portada-servicios-64x32.webp 64w, https:\/\/distribuidorpanelrey.com.mx\/wp-content\/uploads\/2024\/01\/portada-servicios-300x150.webp 300w, https:\/\/distribuidorpanelrey.com.mx\/wp-content\/uploads\/2024\/01\/portada-servicios-768x384.webp 768w, https:\/\/distribuidorpanelrey.com.mx\/wp-content\/uploads\/2024\/01\/portada-servicios-1536x768.webp 1536w, https:\/\/distribuidorpanelrey.com.mx\/wp-content\/uploads\/2024\/01\/portada-servicios.webp 1600w\" sizes=\"(max-width: 800px) 100vw, 800px\" \/>\t\t\t\t\t\t\t\t\t\t\t\t\t\t\t<\/div>\n\t\t\t\t<\/div>\n\t\t\t\t\t<\/div>\n\t\t<\/div>\n\t\t\t\t\t<\/div>\n\t\t<\/section>\n\t\t\t\t<section class=\"elementor-section elementor-inner-section elementor-element elementor-element-4f990d4 elementor-section-boxed elementor-section-height-default elementor-section-height-default\" data-id=\"4f990d4\" data-element_type=\"section\" data-e-type=\"section\">\n\t\t\t\t\t\t<div class=\"elementor-container elementor-column-gap-default\">\n\t\t\t\t\t<div class=\"elementor-column elementor-col-100 elementor-inner-column elementor-element elementor-element-00fd44f\" data-id=\"00fd44f\" data-element_type=\"column\" data-e-type=\"column\">\n\t\t\t<div class=\"elementor-widget-wrap elementor-element-populated\">\n\t\t\t\t\t\t<div class=\"elementor-element elementor-element-30a8487 elementor-widget elementor-widget-text-editor\" data-id=\"30a8487\" data-element_type=\"widget\" data-e-type=\"widget\" data-widget_type=\"text-editor.default\">\n\t\t\t\t<div class=\"elementor-widget-container\">\n\t\t\t\t\t\t\t\t\t<p><span class=\"selectable-text copyable-text\">En Panel Rey M\u00e9xico, nos enorgullece ofrecer servicios de calidad excepcional para satisfacer las necesidades y expectativas de nuestros valiosos clientes. Estamos comprometidos a proporcionar experiencias inigualables con los mejores servicios que tenemos para ustedes.<\/span><\/p>\t\t\t\t\t\t\t\t<\/div>\n\t\t\t\t<\/div>\n\t\t\t\t<div class=\"elementor-element elementor-element-5780b74 elementor-widget elementor-widget-spacer\" data-id=\"5780b74\" data-element_type=\"widget\" data-e-type=\"widget\" data-widget_type=\"spacer.default\">\n\t\t\t\t<div class=\"elementor-widget-container\">\n\t\t\t\t\t\t\t<div class=\"elementor-spacer\">\n\t\t\t<div class=\"elementor-spacer-inner\"><\/div>\n\t\t<\/div>\n\t\t\t\t\t\t<\/div>\n\t\t\t\t<\/div>\n\t\t\t\t\t<\/div>\n\t\t<\/div>\n\t\t\t\t\t<\/div>\n\t\t<\/section>\n\t\t\t\t<section class=\"elementor-section elementor-inner-section elementor-element elementor-element-4463d47 elementor-section-boxed elementor-section-height-default elementor-section-height-default\" data-id=\"4463d47\" data-element_type=\"section\" data-e-type=\"section\">\n\t\t\t\t\t\t<div class=\"elementor-container elementor-column-gap-default\">\n\t\t\t\t\t<div class=\"elementor-column elementor-col-50 elementor-inner-column elementor-element elementor-element-74e9a57\" data-id=\"74e9a57\" data-element_type=\"column\" data-e-type=\"column\">\n\t\t\t<div class=\"elementor-widget-wrap elementor-element-populated\">\n\t\t\t\t\t\t<div class=\"elementor-element elementor-element-c02e4b9 elementor-widget elementor-widget-heading\" data-id=\"c02e4b9\" data-element_type=\"widget\" data-e-type=\"widget\" data-widget_type=\"heading.default\">\n\t\t\t\t<div class=\"elementor-widget-container\">\n\t\t\t\t\t<h2 class=\"elementor-heading-title elementor-size-default\">Entrega a Domicilio<\/h2>\t\t\t\t<\/div>\n\t\t\t\t<\/div>\n\t\t\t\t<div class=\"elementor-element elementor-element-33edbb6 elementor-widget__width-initial elementor-widget elementor-widget-image\" data-id=\"33edbb6\" data-element_type=\"widget\" data-e-type=\"widget\" data-widget_type=\"image.default\">\n\t\t\t\t<div class=\"elementor-widget-container\">\n\t\t\t\t\t\t\t\t\t\t\t\t\t\t\t<img decoding=\"async\" width=\"800\" height=\"800\" src=\"https:\/\/distribuidorpanelrey.com.mx\/wp-content\/uploads\/2024\/01\/t-d-e-1024x1024.webp\" class=\"attachment-large size-large wp-image-2521\" alt=\"panel rey\" srcset=\"https:\/\/distribuidorpanelrey.com.mx\/wp-content\/uploads\/2024\/01\/t-d-e-1024x1024.webp 1024w, https:\/\/distribuidorpanelrey.com.mx\/wp-content\/uploads\/2024\/01\/t-d-e-600x600.webp 600w, https:\/\/distribuidorpanelrey.com.mx\/wp-content\/uploads\/2024\/01\/t-d-e-100x100.webp 100w, https:\/\/distribuidorpanelrey.com.mx\/wp-content\/uploads\/2024\/01\/t-d-e-64x64.webp 64w, https:\/\/distribuidorpanelrey.com.mx\/wp-content\/uploads\/2024\/01\/t-d-e-300x300.webp 300w, https:\/\/distribuidorpanelrey.com.mx\/wp-content\/uploads\/2024\/01\/t-d-e-150x150.webp 150w, https:\/\/distribuidorpanelrey.com.mx\/wp-content\/uploads\/2024\/01\/t-d-e-768x768.webp 768w, https:\/\/distribuidorpanelrey.com.mx\/wp-content\/uploads\/2024\/01\/t-d-e.webp 1080w\" sizes=\"(max-width: 800px) 100vw, 800px\" \/>\t\t\t\t\t\t\t\t\t\t\t\t\t\t\t<\/div>\n\t\t\t\t<\/div>\n\t\t\t\t<div class=\"elementor-element elementor-element-844b215 elementor-widget elementor-widget-text-editor\" data-id=\"844b215\" data-element_type=\"widget\" data-e-type=\"widget\" data-widget_type=\"text-editor.default\">\n\t\t\t\t<div class=\"elementor-widget-container\">\n\t\t\t\t\t\t\t\t\t<p><br>En Distribuidor Panel Rey, comprendemos la importancia de contar con los materiales de construcci\u00f3n justo cuando los necesitas. Por ello, ofrecemos un servicio de entrega a domicilio eficiente y puntual, asegurando que tus proyectos nunca se detengan.<\/p>\t\t\t\t\t\t\t\t<\/div>\n\t\t\t\t<\/div>\n\t\t\t\t\t<\/div>\n\t\t<\/div>\n\t\t\t\t<div class=\"elementor-column elementor-col-50 elementor-inner-column elementor-element elementor-element-f438585\" data-id=\"f438585\" data-element_type=\"column\" data-e-type=\"column\">\n\t\t\t<div class=\"elementor-widget-wrap elementor-element-populated\">\n\t\t\t\t\t\t<div class=\"elementor-element elementor-element-a316cc9 elementor-widget elementor-widget-heading\" data-id=\"a316cc9\" data-element_type=\"widget\" data-e-type=\"widget\" data-widget_type=\"heading.default\">\n\t\t\t\t<div class=\"elementor-widget-container\">\n\t\t\t\t\t<h2 class=\"elementor-heading-title elementor-size-default\">Servicios de Instalaci\u00f3n<\/h2>\t\t\t\t<\/div>\n\t\t\t\t<\/div>\n\t\t\t\t<div class=\"elementor-element elementor-element-3133792 elementor-widget elementor-widget-image\" data-id=\"3133792\" data-element_type=\"widget\" data-e-type=\"widget\" data-widget_type=\"image.default\">\n\t\t\t\t<div class=\"elementor-widget-container\">\n\t\t\t\t\t\t\t\t\t\t\t\t\t\t\t<img decoding=\"async\" width=\"800\" height=\"800\" src=\"https:\/\/distribuidorpanelrey.com.mx\/wp-content\/uploads\/2024\/01\/instalacion-1024x1024.webp\" class=\"attachment-large size-large wp-image-2523\" alt=\"instalaci\u00f3n\" srcset=\"https:\/\/distribuidorpanelrey.com.mx\/wp-content\/uploads\/2024\/01\/instalacion-1024x1024.webp 1024w, https:\/\/distribuidorpanelrey.com.mx\/wp-content\/uploads\/2024\/01\/instalacion-600x600.webp 600w, https:\/\/distribuidorpanelrey.com.mx\/wp-content\/uploads\/2024\/01\/instalacion-100x100.webp 100w, https:\/\/distribuidorpanelrey.com.mx\/wp-content\/uploads\/2024\/01\/instalacion-64x64.webp 64w, https:\/\/distribuidorpanelrey.com.mx\/wp-content\/uploads\/2024\/01\/instalacion-300x300.webp 300w, https:\/\/distribuidorpanelrey.com.mx\/wp-content\/uploads\/2024\/01\/instalacion-150x150.webp 150w, https:\/\/distribuidorpanelrey.com.mx\/wp-content\/uploads\/2024\/01\/instalacion-768x768.webp 768w, https:\/\/distribuidorpanelrey.com.mx\/wp-content\/uploads\/2024\/01\/instalacion.webp 1080w\" sizes=\"(max-width: 800px) 100vw, 800px\" \/>\t\t\t\t\t\t\t\t\t\t\t\t\t\t\t<\/div>\n\t\t\t\t<\/div>\n\t\t\t\t<div class=\"elementor-element elementor-element-365949d elementor-widget elementor-widget-text-editor\" data-id=\"365949d\" data-element_type=\"widget\" data-e-type=\"widget\" data-widget_type=\"text-editor.default\">\n\t\t\t\t<div class=\"elementor-widget-container\">\n\t\t\t\t\t\t\t\t\t<p style=\"color: #000000; text-align: justify;\">Nuestro equipo de expertos est\u00e1 listo para brindarte asesor\u00eda personalizada, ayud\u00e1ndote a seleccionar los productos m\u00e1s adecuados para tus necesidades espec\u00edficas. Ya sea que est\u00e9s trabajando en una peque\u00f1a remodelaci\u00f3n o en una gran obra, estamos aqu\u00ed para apoyarte en cada paso del camino.<\/p>\t\t\t\t\t\t\t\t<\/div>\n\t\t\t\t<\/div>\n\t\t\t\t\t<\/div>\n\t\t<\/div>\n\t\t\t\t\t<\/div>\n\t\t<\/section>\n\t\t\t\t<section class=\"elementor-section elementor-inner-section elementor-element elementor-element-878e5fe elementor-section-boxed elementor-section-height-default elementor-section-height-default\" data-id=\"878e5fe\" data-element_type=\"section\" data-e-type=\"section\">\n\t\t\t\t\t\t<div class=\"elementor-container elementor-column-gap-default\">\n\t\t\t\t\t<div class=\"elementor-column elementor-col-100 elementor-inner-column elementor-element elementor-element-45c675d\" data-id=\"45c675d\" data-element_type=\"column\" data-e-type=\"column\">\n\t\t\t<div class=\"elementor-widget-wrap elementor-element-populated\">\n\t\t\t\t\t\t<div class=\"elementor-element elementor-element-e1842fd elementor-widget elementor-widget-heading\" data-id=\"e1842fd\" data-element_type=\"widget\" data-e-type=\"widget\" data-widget_type=\"heading.default\">\n\t\t\t\t<div class=\"elementor-widget-container\">\n\t\t\t\t\t<h2 class=\"elementor-heading-title elementor-size-default\">Garant\u00eda de Satisfacci\u00f3n<\/h2>\t\t\t\t<\/div>\n\t\t\t\t<\/div>\n\t\t\t\t<div class=\"elementor-element elementor-element-c42246d elementor-widget__width-initial elementor-widget elementor-widget-image\" data-id=\"c42246d\" data-element_type=\"widget\" data-e-type=\"widget\" data-widget_type=\"image.default\">\n\t\t\t\t<div class=\"elementor-widget-container\">\n\t\t\t\t\t\t\t\t\t\t\t\t\t\t\t<img loading=\"lazy\" decoding=\"async\" width=\"800\" height=\"800\" src=\"https:\/\/distribuidorpanelrey.com.mx\/wp-content\/uploads\/2024\/01\/satisfaccion-1024x1024.webp\" class=\"attachment-large size-large wp-image-2525\" alt=\"satisfacci\u00f3n\" srcset=\"https:\/\/distribuidorpanelrey.com.mx\/wp-content\/uploads\/2024\/01\/satisfaccion-1024x1024.webp 1024w, https:\/\/distribuidorpanelrey.com.mx\/wp-content\/uploads\/2024\/01\/satisfaccion-600x600.webp 600w, https:\/\/distribuidorpanelrey.com.mx\/wp-content\/uploads\/2024\/01\/satisfaccion-100x100.webp 100w, https:\/\/distribuidorpanelrey.com.mx\/wp-content\/uploads\/2024\/01\/satisfaccion-64x64.webp 64w, https:\/\/distribuidorpanelrey.com.mx\/wp-content\/uploads\/2024\/01\/satisfaccion-300x300.webp 300w, https:\/\/distribuidorpanelrey.com.mx\/wp-content\/uploads\/2024\/01\/satisfaccion-150x150.webp 150w, https:\/\/distribuidorpanelrey.com.mx\/wp-content\/uploads\/2024\/01\/satisfaccion-768x768.webp 768w, https:\/\/distribuidorpanelrey.com.mx\/wp-content\/uploads\/2024\/01\/satisfaccion.webp 1080w\" sizes=\"(max-width: 800px) 100vw, 800px\" \/>\t\t\t\t\t\t\t\t\t\t\t\t\t\t\t<\/div>\n\t\t\t\t<\/div>\n\t\t\t\t<div class=\"elementor-element elementor-element-9c6cae9 elementor-widget elementor-widget-text-editor\" data-id=\"9c6cae9\" data-element_type=\"widget\" data-e-type=\"widget\" data-widget_type=\"text-editor.default\">\n\t\t\t\t<div class=\"elementor-widget-container\">\n\t\t\t\t\t\t\t\t\t<p>Todos nuestros productos cuentan con garant\u00eda de calidad, proporcion\u00e1ndote la confianza y seguridad que necesitas para llevar a cabo tus proyectos con \u00e9xito.<\/p>\t\t\t\t\t\t\t\t<\/div>\n\t\t\t\t<\/div>\n\t\t\t\t\t<\/div>\n\t\t<\/div>\n\t\t\t\t\t<\/div>\n\t\t<\/section>\n\t\t\t\t\t<\/div>\n\t\t<\/div>\n\t\t\t\t\t<\/div>\n\t\t<\/section>\n\t\t\t\t<\/div>\n\t\t","protected":false},"excerpt":{"rendered":"<p>NUESTROS SERVICIOS En Panel Rey M\u00e9xico, nos enorgullece ofrecer servicios de calidad excepcional para satisfacer las necesidades y expectativas de nuestros valiosos clientes. Estamos comprometidos a proporcionar experiencias inigualables con los mejores servicios que tenemos para ustedes. Entrega a Domicilio En Distribuidor Panel Rey, comprendemos la importancia de contar con los materiales de construcci\u00f3n justo [&hellip;]<\/p>\n","protected":false},"author":4,"featured_media":0,"parent":0,"menu_order":0,"comment_status":"closed","ping_status":"closed","template":"","meta":{"footnotes":""},"class_list":["post-158","page","type-page","status-publish","hentry"],"yoast_head":"<!-- This site is optimized with the Yoast SEO plugin v27.1.1 - https:\/\/yoast.com\/product\/yoast-seo-wordpress\/ -->\n<title>Servicios - PANEL REY MEXICO | \u00a1Encuentra aqui tus productos!<\/title>\n<meta name=\"description\" content=\"En Distribuidor Panel Rey Mexico te ofrecemos diferentes Servicios. \u00a1Encuentra y todos tus productos aqui en Distribuidor Panel Rey Mexico!\" \/>\n<meta name=\"robots\" content=\"index, follow, max-snippet:-1, max-image-preview:large, max-video-preview:-1\" \/>\n<link rel=\"canonical\" href=\"https:\/\/distribuidorpanelrey.com.mx\/servicios\/\" \/>\n<meta property=\"og:locale\" content=\"es_ES\" \/>\n<meta property=\"og:type\" content=\"article\" \/>\n<meta property=\"og:title\" content=\"Servicios - PANEL REY MEXICO | \u00a1Encuentra aqui tus productos!\" \/>\n<meta property=\"og:description\" content=\"En Distribuidor Panel Rey Mexico te ofrecemos diferentes Servicios. \u00a1Encuentra y todos tus productos aqui en Distribuidor Panel Rey Mexico!\" \/>\n<meta property=\"og:url\" content=\"https:\/\/distribuidorpanelrey.com.mx\/servicios\/\" \/>\n<meta property=\"og:site_name\" content=\"PANEL REY MEXICO\" \/>\n<meta property=\"article:publisher\" content=\"https:\/\/www.facebook.com\/mexicopanelrey\/?locale=es_LA\" \/>\n<meta property=\"article:modified_time\" content=\"2025-02-09T22:24:29+00:00\" \/>\n<meta property=\"og:image\" content=\"https:\/\/distribuidorpanelrey.com.mx\/wp-content\/uploads\/2024\/01\/portada-servicios.webp\" \/>\n\t<meta property=\"og:image:width\" content=\"1600\" \/>\n\t<meta property=\"og:image:height\" content=\"800\" \/>\n\t<meta property=\"og:image:type\" content=\"image\/webp\" \/>\n<meta name=\"twitter:card\" content=\"summary_large_image\" \/>\n<meta name=\"twitter:label1\" content=\"Tiempo de lectura\" \/>\n\t<meta name=\"twitter:data1\" content=\"2 minutos\" \/>\n<script type=\"application\/ld+json\" class=\"yoast-schema-graph\">{\"@context\":\"https:\/\/schema.org\",\"@graph\":[{\"@type\":\"WebPage\",\"@id\":\"https:\/\/distribuidorpanelrey.com.mx\/servicios\/\",\"url\":\"https:\/\/distribuidorpanelrey.com.mx\/servicios\/\",\"name\":\"Servicios - PANEL REY MEXICO | \u00a1Encuentra aqui tus productos!\",\"isPartOf\":{\"@id\":\"https:\/\/distribuidorpanelrey.com\/#website\"},\"primaryImageOfPage\":{\"@id\":\"https:\/\/distribuidorpanelrey.com.mx\/servicios\/#primaryimage\"},\"image\":{\"@id\":\"https:\/\/distribuidorpanelrey.com.mx\/servicios\/#primaryimage\"},\"thumbnailUrl\":\"https:\/\/distribuidorpanelrey.com.mx\/wp-content\/uploads\/2024\/01\/portada-servicios-1024x512.webp\",\"datePublished\":\"2018-11-22T18:29:29+00:00\",\"dateModified\":\"2025-02-09T22:24:29+00:00\",\"description\":\"En Distribuidor Panel Rey Mexico te ofrecemos diferentes Servicios. \u00a1Encuentra y todos tus productos aqui en Distribuidor Panel Rey Mexico!\",\"breadcrumb\":{\"@id\":\"https:\/\/distribuidorpanelrey.com.mx\/servicios\/#breadcrumb\"},\"inLanguage\":\"es\",\"potentialAction\":[{\"@type\":\"ReadAction\",\"target\":[\"https:\/\/distribuidorpanelrey.com.mx\/servicios\/\"]}]},{\"@type\":\"ImageObject\",\"inLanguage\":\"es\",\"@id\":\"https:\/\/distribuidorpanelrey.com.mx\/servicios\/#primaryimage\",\"url\":\"https:\/\/distribuidorpanelrey.com.mx\/wp-content\/uploads\/2024\/01\/portada-servicios.webp\",\"contentUrl\":\"https:\/\/distribuidorpanelrey.com.mx\/wp-content\/uploads\/2024\/01\/portada-servicios.webp\",\"width\":1600,\"height\":800,\"caption\":\"portada-servicios\"},{\"@type\":\"BreadcrumbList\",\"@id\":\"https:\/\/distribuidorpanelrey.com.mx\/servicios\/#breadcrumb\",\"itemListElement\":[{\"@type\":\"ListItem\",\"position\":1,\"name\":\"Portada\",\"item\":\"https:\/\/distribuidorpanelrey.com.mx\/\"},{\"@type\":\"ListItem\",\"position\":2,\"name\":\"Servicios\"}]},{\"@type\":\"WebSite\",\"@id\":\"https:\/\/distribuidorpanelrey.com\/#website\",\"url\":\"https:\/\/distribuidorpanelrey.com\/\",\"name\":\"PANEL REY MEXICO\",\"description\":\"DISTRIBUIDOR PANEL REY\",\"publisher\":{\"@id\":\"https:\/\/distribuidorpanelrey.com\/#organization\"},\"alternateName\":\"DISTRIBUIDOR PANEL REY\",\"potentialAction\":[{\"@type\":\"SearchAction\",\"target\":{\"@type\":\"EntryPoint\",\"urlTemplate\":\"https:\/\/distribuidorpanelrey.com\/?s={search_term_string}\"},\"query-input\":{\"@type\":\"PropertyValueSpecification\",\"valueRequired\":true,\"valueName\":\"search_term_string\"}}],\"inLanguage\":\"es\"},{\"@type\":\"Organization\",\"@id\":\"https:\/\/distribuidorpanelrey.com\/#organization\",\"name\":\"PANEL REY MEXICO\",\"url\":\"https:\/\/distribuidorpanelrey.com\/\",\"logo\":{\"@type\":\"ImageObject\",\"inLanguage\":\"es\",\"@id\":\"https:\/\/distribuidorpanelrey.com\/#\/schema\/logo\/image\/\",\"url\":\"https:\/\/distribuidorpanelrey.com.mx\/wp-content\/uploads\/2023\/11\/panelrey.webp\",\"contentUrl\":\"https:\/\/distribuidorpanelrey.com.mx\/wp-content\/uploads\/2023\/11\/panelrey.webp\",\"width\":400,\"height\":150,\"caption\":\"PANEL REY MEXICO\"},\"image\":{\"@id\":\"https:\/\/distribuidorpanelrey.com\/#\/schema\/logo\/image\/\"},\"sameAs\":[\"https:\/\/www.facebook.com\/mexicopanelrey\/?locale=es_LA\",\"https:\/\/www.instagram.com\/panel_rey_mexico\/?hl=es\"]}]}<\/script>\n<!-- \/ Yoast SEO plugin. -->","yoast_head_json":{"title":"Servicios - PANEL REY MEXICO | \u00a1Encuentra aqui tus productos!","description":"En Distribuidor Panel Rey Mexico te ofrecemos diferentes Servicios. \u00a1Encuentra y todos tus productos aqui en Distribuidor Panel Rey Mexico!","robots":{"index":"index","follow":"follow","max-snippet":"max-snippet:-1","max-image-preview":"max-image-preview:large","max-video-preview":"max-video-preview:-1"},"canonical":"https:\/\/distribuidorpanelrey.com.mx\/servicios\/","og_locale":"es_ES","og_type":"article","og_title":"Servicios - PANEL REY MEXICO | \u00a1Encuentra aqui tus productos!","og_description":"En Distribuidor Panel Rey Mexico te ofrecemos diferentes Servicios. \u00a1Encuentra y todos tus productos aqui en Distribuidor Panel Rey Mexico!","og_url":"https:\/\/distribuidorpanelrey.com.mx\/servicios\/","og_site_name":"PANEL REY MEXICO","article_publisher":"https:\/\/www.facebook.com\/mexicopanelrey\/?locale=es_LA","article_modified_time":"2025-02-09T22:24:29+00:00","og_image":[{"width":1600,"height":800,"url":"https:\/\/distribuidorpanelrey.com.mx\/wp-content\/uploads\/2024\/01\/portada-servicios.webp","type":"image\/webp"}],"twitter_card":"summary_large_image","twitter_misc":{"Tiempo de lectura":"2 minutos"},"schema":{"@context":"https:\/\/schema.org","@graph":[{"@type":"WebPage","@id":"https:\/\/distribuidorpanelrey.com.mx\/servicios\/","url":"https:\/\/distribuidorpanelrey.com.mx\/servicios\/","name":"Servicios - PANEL REY MEXICO | \u00a1Encuentra aqui tus productos!","isPartOf":{"@id":"https:\/\/distribuidorpanelrey.com\/#website"},"primaryImageOfPage":{"@id":"https:\/\/distribuidorpanelrey.com.mx\/servicios\/#primaryimage"},"image":{"@id":"https:\/\/distribuidorpanelrey.com.mx\/servicios\/#primaryimage"},"thumbnailUrl":"https:\/\/distribuidorpanelrey.com.mx\/wp-content\/uploads\/2024\/01\/portada-servicios-1024x512.webp","datePublished":"2018-11-22T18:29:29+00:00","dateModified":"2025-02-09T22:24:29+00:00","description":"En Distribuidor Panel Rey Mexico te ofrecemos diferentes Servicios. \u00a1Encuentra y todos tus productos aqui en Distribuidor Panel Rey Mexico!","breadcrumb":{"@id":"https:\/\/distribuidorpanelrey.com.mx\/servicios\/#breadcrumb"},"inLanguage":"es","potentialAction":[{"@type":"ReadAction","target":["https:\/\/distribuidorpanelrey.com.mx\/servicios\/"]}]},{"@type":"ImageObject","inLanguage":"es","@id":"https:\/\/distribuidorpanelrey.com.mx\/servicios\/#primaryimage","url":"https:\/\/distribuidorpanelrey.com.mx\/wp-content\/uploads\/2024\/01\/portada-servicios.webp","contentUrl":"https:\/\/distribuidorpanelrey.com.mx\/wp-content\/uploads\/2024\/01\/portada-servicios.webp","width":1600,"height":800,"caption":"portada-servicios"},{"@type":"BreadcrumbList","@id":"https:\/\/distribuidorpanelrey.com.mx\/servicios\/#breadcrumb","itemListElement":[{"@type":"ListItem","position":1,"name":"Portada","item":"https:\/\/distribuidorpanelrey.com.mx\/"},{"@type":"ListItem","position":2,"name":"Servicios"}]},{"@type":"WebSite","@id":"https:\/\/distribuidorpanelrey.com\/#website","url":"https:\/\/distribuidorpanelrey.com\/","name":"PANEL REY MEXICO","description":"DISTRIBUIDOR PANEL REY","publisher":{"@id":"https:\/\/distribuidorpanelrey.com\/#organization"},"alternateName":"DISTRIBUIDOR PANEL REY","potentialAction":[{"@type":"SearchAction","target":{"@type":"EntryPoint","urlTemplate":"https:\/\/distribuidorpanelrey.com\/?s={search_term_string}"},"query-input":{"@type":"PropertyValueSpecification","valueRequired":true,"valueName":"search_term_string"}}],"inLanguage":"es"},{"@type":"Organization","@id":"https:\/\/distribuidorpanelrey.com\/#organization","name":"PANEL REY MEXICO","url":"https:\/\/distribuidorpanelrey.com\/","logo":{"@type":"ImageObject","inLanguage":"es","@id":"https:\/\/distribuidorpanelrey.com\/#\/schema\/logo\/image\/","url":"https:\/\/distribuidorpanelrey.com.mx\/wp-content\/uploads\/2023\/11\/panelrey.webp","contentUrl":"https:\/\/distribuidorpanelrey.com.mx\/wp-content\/uploads\/2023\/11\/panelrey.webp","width":400,"height":150,"caption":"PANEL REY MEXICO"},"image":{"@id":"https:\/\/distribuidorpanelrey.com\/#\/schema\/logo\/image\/"},"sameAs":["https:\/\/www.facebook.com\/mexicopanelrey\/?locale=es_LA","https:\/\/www.instagram.com\/panel_rey_mexico\/?hl=es"]}]}},"_links":{"self":[{"href":"https:\/\/distribuidorpanelrey.com.mx\/wp-json\/wp\/v2\/pages\/158","targetHints":{"allow":["GET"]}}],"collection":[{"href":"https:\/\/distribuidorpanelrey.com.mx\/wp-json\/wp\/v2\/pages"}],"about":[{"href":"https:\/\/distribuidorpanelrey.com.mx\/wp-json\/wp\/v2\/types\/page"}],"author":[{"embeddable":true,"href":"https:\/\/distribuidorpanelrey.com.mx\/wp-json\/wp\/v2\/users\/4"}],"replies":[{"embeddable":true,"href":"https:\/\/distribuidorpanelrey.com.mx\/wp-json\/wp\/v2\/comments?post=158"}],"version-history":[{"count":44,"href":"https:\/\/distribuidorpanelrey.com.mx\/wp-json\/wp\/v2\/pages\/158\/revisions"}],"predecessor-version":[{"id":3429,"href":"https:\/\/distribuidorpanelrey.com.mx\/wp-json\/wp\/v2\/pages\/158\/revisions\/3429"}],"wp:attachment":[{"href":"https:\/\/distribuidorpanelrey.com.mx\/wp-json\/wp\/v2\/media?parent=158"}],"curies":[{"name":"wp","href":"https:\/\/api.w.org\/{rel}","templated":true}]}}