{"id":2,"date":"2018-11-22T18:29:29","date_gmt":"2018-11-22T18:29:29","guid":{"rendered":"http:\/\/distribuidorpanelrey.com\/?page_id=2"},"modified":"2025-02-09T22:41:06","modified_gmt":"2025-02-09T22:41:06","slug":"la-empresa","status":"publish","type":"page","link":"https:\/\/distribuidorpanelrey.com.mx\/la-empresa\/","title":{"rendered":"La empresa"},"content":{"rendered":"\t\t<div data-elementor-type=\"wp-page\" data-elementor-id=\"2\" class=\"elementor elementor-2\" data-elementor-post-type=\"page\">\n\t\t\t\t\t\t<section class=\"elementor-section elementor-top-section elementor-element elementor-element-54732fa elementor-section-boxed elementor-section-height-default elementor-section-height-default\" data-id=\"54732fa\" data-element_type=\"section\" data-e-type=\"section\">\n\t\t\t\t\t\t<div class=\"elementor-container elementor-column-gap-default\">\n\t\t\t\t\t<div class=\"elementor-column elementor-col-100 elementor-top-column elementor-element elementor-element-2a1ce832\" data-id=\"2a1ce832\" data-element_type=\"column\" data-e-type=\"column\">\n\t\t\t<div class=\"elementor-widget-wrap elementor-element-populated\">\n\t\t\t\t\t\t<div class=\"elementor-element elementor-element-e1406da elementor-widget elementor-widget-image\" data-id=\"e1406da\" data-element_type=\"widget\" data-e-type=\"widget\" data-widget_type=\"image.default\">\n\t\t\t\t<div class=\"elementor-widget-container\">\n\t\t\t\t\t\t\t\t\t\t\t\t\t\t\t<img fetchpriority=\"high\" decoding=\"async\" width=\"800\" height=\"450\" src=\"https:\/\/distribuidorpanelrey.com.mx\/wp-content\/uploads\/2024\/01\/material-panel-1024x576.webp\" class=\"attachment-large size-large wp-image-2506\" alt=\"material panel\" srcset=\"https:\/\/distribuidorpanelrey.com.mx\/wp-content\/uploads\/2024\/01\/material-panel-1024x576.webp 1024w, https:\/\/distribuidorpanelrey.com.mx\/wp-content\/uploads\/2024\/01\/material-panel-600x338.webp 600w, https:\/\/distribuidorpanelrey.com.mx\/wp-content\/uploads\/2024\/01\/material-panel-64x36.webp 64w, https:\/\/distribuidorpanelrey.com.mx\/wp-content\/uploads\/2024\/01\/material-panel-300x169.webp 300w, https:\/\/distribuidorpanelrey.com.mx\/wp-content\/uploads\/2024\/01\/material-panel-768x432.webp 768w, https:\/\/distribuidorpanelrey.com.mx\/wp-content\/uploads\/2024\/01\/material-panel.webp 1200w\" sizes=\"(max-width: 800px) 100vw, 800px\" \/>\t\t\t\t\t\t\t\t\t\t\t\t\t\t\t<\/div>\n\t\t\t\t<\/div>\n\t\t\t\t<section class=\"elementor-section elementor-inner-section elementor-element elementor-element-b1d4db3 elementor-section-boxed elementor-section-height-default elementor-section-height-default\" data-id=\"b1d4db3\" data-element_type=\"section\" data-e-type=\"section\">\n\t\t\t\t\t\t<div class=\"elementor-container elementor-column-gap-default\">\n\t\t\t\t\t<div class=\"elementor-column elementor-col-50 elementor-inner-column elementor-element elementor-element-f08713f\" data-id=\"f08713f\" data-element_type=\"column\" data-e-type=\"column\">\n\t\t\t<div class=\"elementor-widget-wrap elementor-element-populated\">\n\t\t\t\t\t\t<div class=\"elementor-element elementor-element-300240b elementor-widget elementor-widget-heading\" data-id=\"300240b\" data-element_type=\"widget\" data-e-type=\"widget\" data-widget_type=\"heading.default\">\n\t\t\t\t<div class=\"elementor-widget-container\">\n\t\t\t\t\t<h2 class=\"elementor-heading-title elementor-size-default\">\u00bfQUIENES SOMOS?<\/h2>\t\t\t\t<\/div>\n\t\t\t\t<\/div>\n\t\t\t\t<div class=\"elementor-element elementor-element-ee383b5 elementor-widget elementor-widget-text-editor\" data-id=\"ee383b5\" data-element_type=\"widget\" data-e-type=\"widget\" data-widget_type=\"text-editor.default\">\n\t\t\t\t<div class=\"elementor-widget-container\">\n\t\t\t\t\t\t\t\t\t<p>Somos Distribuidor oficial de Panel Rey Mexico.<\/p>\n<p>Nos preocupamos cada d\u00eda en distribuir los productos de la marca Panel Rey, con la calidad y rapidez que se merecen.<\/p>\n<p>En Distribuidor Panel Rey nos enfocamos en las entregas justo a tiempo, garantizando un suministro constante a toda la ciudad de M\u00e9xico y asegurando plenamente su disponibilidad.<\/p>\t\t\t\t\t\t\t\t<\/div>\n\t\t\t\t<\/div>\n\t\t\t\t\t<\/div>\n\t\t<\/div>\n\t\t\t\t<div class=\"elementor-column elementor-col-50 elementor-inner-column elementor-element elementor-element-914f6e4\" data-id=\"914f6e4\" data-element_type=\"column\" data-e-type=\"column\">\n\t\t\t<div class=\"elementor-widget-wrap elementor-element-populated\">\n\t\t\t\t\t\t<div class=\"elementor-element elementor-element-9e016ba elementor-widget elementor-widget-heading\" data-id=\"9e016ba\" data-element_type=\"widget\" data-e-type=\"widget\" data-widget_type=\"heading.default\">\n\t\t\t\t<div class=\"elementor-widget-container\">\n\t\t\t\t\t<h2 class=\"elementor-heading-title elementor-size-default\">NUESTRO ENFOQUE<\/h2>\t\t\t\t<\/div>\n\t\t\t\t<\/div>\n\t\t\t\t<div class=\"elementor-element elementor-element-55d20af elementor-widget elementor-widget-text-editor\" data-id=\"55d20af\" data-element_type=\"widget\" data-e-type=\"widget\" data-widget_type=\"text-editor.default\">\n\t\t\t\t<div class=\"elementor-widget-container\">\n\t\t\t\t\t\t\t\t\t<p>Nos enfocamos en otorgar los productos y servicios con la mejor calidad, cada d\u00eda son m\u00e1s los clientes que nos dan su preferencia debido a nuestro inter\u00e9s por otorgarle siempre un plus extra tanto en servicio como en calidad de los mismos, agradecemos su visita a nuestro sitio web y seguiremos esforz\u00e1ndonos para poder ser siempre su mejor opci\u00f3n y estar cada d\u00eda m\u00e1s cerca de usted.<\/p>\t\t\t\t\t\t\t\t<\/div>\n\t\t\t\t<\/div>\n\t\t\t\t\t<\/div>\n\t\t<\/div>\n\t\t\t\t\t<\/div>\n\t\t<\/section>\n\t\t\t\t<section class=\"elementor-section elementor-inner-section elementor-element elementor-element-4e76790 elementor-section-boxed elementor-section-height-default elementor-section-height-default\" data-id=\"4e76790\" data-element_type=\"section\" data-e-type=\"section\">\n\t\t\t\t\t\t<div class=\"elementor-container elementor-column-gap-default\">\n\t\t\t\t\t<div class=\"elementor-column elementor-col-100 elementor-inner-column elementor-element elementor-element-5ca5357\" data-id=\"5ca5357\" data-element_type=\"column\" data-e-type=\"column\">\n\t\t\t<div class=\"elementor-widget-wrap elementor-element-populated\">\n\t\t\t\t\t\t<div class=\"elementor-element elementor-element-18d4bb5 elementor-widget elementor-widget-heading\" data-id=\"18d4bb5\" data-element_type=\"widget\" data-e-type=\"widget\" data-widget_type=\"heading.default\">\n\t\t\t\t<div class=\"elementor-widget-container\">\n\t\t\t\t\t<h2 class=\"elementor-heading-title elementor-size-default\">NUESTRA MISI\u00d3N<\/h2>\t\t\t\t<\/div>\n\t\t\t\t<\/div>\n\t\t\t\t\t<\/div>\n\t\t<\/div>\n\t\t\t\t\t<\/div>\n\t\t<\/section>\n\t\t\t\t<div class=\"elementor-element elementor-element-f8fe835 elementor-widget elementor-widget-text-editor\" data-id=\"f8fe835\" data-element_type=\"widget\" data-e-type=\"widget\" data-widget_type=\"text-editor.default\">\n\t\t\t\t<div class=\"elementor-widget-container\">\n\t\t\t\t\t\t\t\t\t<p>Lo que nos hace diferente al resto de empresas del sector, es que usted siempre estar\u00e1 respaldado por nuestro equipo de expertos para todo tipo de proyectos los cuales lo orientaran en su necesidad. Captamos sus ideas, sus metas y sus necesidades, conocemos a nuestros clientes, hablamos con ellos y el resultado es el producto m\u00e1s adecuado para sus necesidades.<\/p>\t\t\t\t\t\t\t\t<\/div>\n\t\t\t\t<\/div>\n\t\t\t\t<section class=\"elementor-section elementor-inner-section elementor-element elementor-element-2aba992 elementor-section-boxed elementor-section-height-default elementor-section-height-default\" data-id=\"2aba992\" data-element_type=\"section\" data-e-type=\"section\">\n\t\t\t\t\t\t<div class=\"elementor-container elementor-column-gap-default\">\n\t\t\t\t\t<div class=\"elementor-column elementor-col-100 elementor-inner-column elementor-element elementor-element-325a57d\" data-id=\"325a57d\" data-element_type=\"column\" data-e-type=\"column\">\n\t\t\t<div class=\"elementor-widget-wrap elementor-element-populated\">\n\t\t\t\t\t\t<div class=\"elementor-element elementor-element-021eb79 elementor-widget elementor-widget-heading\" data-id=\"021eb79\" data-element_type=\"widget\" data-e-type=\"widget\" data-widget_type=\"heading.default\">\n\t\t\t\t<div class=\"elementor-widget-container\">\n\t\t\t\t\t<h2 class=\"elementor-heading-title elementor-size-default\">\u00bfNECESITAS AYUDA?<\/h2>\t\t\t\t<\/div>\n\t\t\t\t<\/div>\n\t\t\t\t\t<\/div>\n\t\t<\/div>\n\t\t\t\t\t<\/div>\n\t\t<\/section>\n\t\t\t\t<div class=\"elementor-element elementor-element-cade07d elementor-widget elementor-widget-text-editor\" data-id=\"cade07d\" data-element_type=\"widget\" data-e-type=\"widget\" data-widget_type=\"text-editor.default\">\n\t\t\t\t<div class=\"elementor-widget-container\">\n\t\t\t\t\t\t\t\t\t<p>Nuestro personal est\u00e1 altamente calificado y tiene una amplia experiencia necesaria para poder apoyar con las necesidades del cliente y&nbsp; darle una buena calidad de nuestros servicios. Nuestro enfoque esta siempre direccionado a cumplir con las expectativas de nuestros clientes, la integridad y desarrollo de los empleados, la promoci\u00f3n y comunicaci\u00f3n efectiva con cada uno de sus socios comerciales, as\u00ed como el aseguramiento en la rentabilidad de la organizaci\u00f3n<br><\/p>\t\t\t\t\t\t\t\t<\/div>\n\t\t\t\t<\/div>\n\t\t\t\t\t<\/div>\n\t\t<\/div>\n\t\t\t\t\t<\/div>\n\t\t<\/section>\n\t\t\t\t<\/div>\n\t\t","protected":false},"excerpt":{"rendered":"<p>\u00bfQUIENES SOMOS? Somos Distribuidor oficial de Panel Rey Mexico. Nos preocupamos cada d\u00eda en distribuir los productos de la marca Panel Rey, con la calidad y rapidez que se merecen. En Distribuidor Panel Rey nos enfocamos en las entregas justo a tiempo, garantizando un suministro constante a toda la ciudad de M\u00e9xico y asegurando plenamente [&hellip;]<\/p>\n","protected":false},"author":4,"featured_media":0,"parent":0,"menu_order":0,"comment_status":"closed","ping_status":"closed","template":"","meta":{"footnotes":""},"class_list":["post-2","page","type-page","status-publish","hentry"],"yoast_head":"<!-- This site is optimized with the Yoast SEO plugin v27.1.1 - https:\/\/yoast.com\/product\/yoast-seo-wordpress\/ -->\n<title>La empresa - PANEL REY MEXICO | \u00a1Encuentra tus productos aqui!<\/title>\n<meta name=\"description\" content=\"\u00bfQuieres conocer la empresa Distribuidor Panel Rey Mexico? \u00a1Encuentra tus productos aqui en Distribuidor Panel Rey Mexico, tenemos los mejores precios!\" \/>\n<meta name=\"robots\" content=\"index, follow, max-snippet:-1, max-image-preview:large, max-video-preview:-1\" \/>\n<link rel=\"canonical\" href=\"https:\/\/distribuidorpanelrey.com.mx\/la-empresa\/\" \/>\n<meta property=\"og:locale\" content=\"es_ES\" \/>\n<meta property=\"og:type\" content=\"article\" \/>\n<meta property=\"og:title\" content=\"La empresa - PANEL REY MEXICO | \u00a1Encuentra tus productos aqui!\" \/>\n<meta property=\"og:description\" content=\"\u00bfQuieres conocer la empresa Distribuidor Panel Rey Mexico? \u00a1Encuentra tus productos aqui en Distribuidor Panel Rey Mexico, tenemos los mejores precios!\" \/>\n<meta property=\"og:url\" content=\"https:\/\/distribuidorpanelrey.com.mx\/la-empresa\/\" \/>\n<meta property=\"og:site_name\" content=\"PANEL REY MEXICO\" \/>\n<meta property=\"article:publisher\" content=\"https:\/\/www.facebook.com\/mexicopanelrey\/?locale=es_LA\" \/>\n<meta property=\"article:modified_time\" content=\"2025-02-09T22:41:06+00:00\" \/>\n<meta property=\"og:image\" content=\"https:\/\/distribuidorpanelrey.com.mx\/wp-content\/uploads\/2024\/01\/material-panel.webp\" \/>\n\t<meta property=\"og:image:width\" content=\"1200\" \/>\n\t<meta property=\"og:image:height\" content=\"675\" \/>\n\t<meta property=\"og:image:type\" content=\"image\/webp\" \/>\n<meta name=\"twitter:card\" content=\"summary_large_image\" \/>\n<meta name=\"twitter:label1\" content=\"Tiempo de lectura\" \/>\n\t<meta name=\"twitter:data1\" content=\"2 minutos\" \/>\n<script type=\"application\/ld+json\" class=\"yoast-schema-graph\">{\"@context\":\"https:\/\/schema.org\",\"@graph\":[{\"@type\":\"WebPage\",\"@id\":\"https:\/\/distribuidorpanelrey.com.mx\/la-empresa\/\",\"url\":\"https:\/\/distribuidorpanelrey.com.mx\/la-empresa\/\",\"name\":\"La empresa - PANEL REY MEXICO | \u00a1Encuentra tus productos aqui!\",\"isPartOf\":{\"@id\":\"https:\/\/distribuidorpanelrey.com\/#website\"},\"primaryImageOfPage\":{\"@id\":\"https:\/\/distribuidorpanelrey.com.mx\/la-empresa\/#primaryimage\"},\"image\":{\"@id\":\"https:\/\/distribuidorpanelrey.com.mx\/la-empresa\/#primaryimage\"},\"thumbnailUrl\":\"https:\/\/distribuidorpanelrey.com.mx\/wp-content\/uploads\/2024\/01\/material-panel-1024x576.webp\",\"datePublished\":\"2018-11-22T18:29:29+00:00\",\"dateModified\":\"2025-02-09T22:41:06+00:00\",\"description\":\"\u00bfQuieres conocer la empresa Distribuidor Panel Rey Mexico? \u00a1Encuentra tus productos aqui en Distribuidor Panel Rey Mexico, tenemos los mejores precios!\",\"breadcrumb\":{\"@id\":\"https:\/\/distribuidorpanelrey.com.mx\/la-empresa\/#breadcrumb\"},\"inLanguage\":\"es\",\"potentialAction\":[{\"@type\":\"ReadAction\",\"target\":[\"https:\/\/distribuidorpanelrey.com.mx\/la-empresa\/\"]}]},{\"@type\":\"ImageObject\",\"inLanguage\":\"es\",\"@id\":\"https:\/\/distribuidorpanelrey.com.mx\/la-empresa\/#primaryimage\",\"url\":\"https:\/\/distribuidorpanelrey.com.mx\/wp-content\/uploads\/2024\/01\/material-panel.webp\",\"contentUrl\":\"https:\/\/distribuidorpanelrey.com.mx\/wp-content\/uploads\/2024\/01\/material-panel.webp\",\"width\":1200,\"height\":675,\"caption\":\"material panel\"},{\"@type\":\"BreadcrumbList\",\"@id\":\"https:\/\/distribuidorpanelrey.com.mx\/la-empresa\/#breadcrumb\",\"itemListElement\":[{\"@type\":\"ListItem\",\"position\":1,\"name\":\"Portada\",\"item\":\"https:\/\/distribuidorpanelrey.com.mx\/\"},{\"@type\":\"ListItem\",\"position\":2,\"name\":\"La empresa\"}]},{\"@type\":\"WebSite\",\"@id\":\"https:\/\/distribuidorpanelrey.com\/#website\",\"url\":\"https:\/\/distribuidorpanelrey.com\/\",\"name\":\"PANEL REY MEXICO\",\"description\":\"DISTRIBUIDOR PANEL REY\",\"publisher\":{\"@id\":\"https:\/\/distribuidorpanelrey.com\/#organization\"},\"alternateName\":\"DISTRIBUIDOR PANEL REY\",\"potentialAction\":[{\"@type\":\"SearchAction\",\"target\":{\"@type\":\"EntryPoint\",\"urlTemplate\":\"https:\/\/distribuidorpanelrey.com\/?s={search_term_string}\"},\"query-input\":{\"@type\":\"PropertyValueSpecification\",\"valueRequired\":true,\"valueName\":\"search_term_string\"}}],\"inLanguage\":\"es\"},{\"@type\":\"Organization\",\"@id\":\"https:\/\/distribuidorpanelrey.com\/#organization\",\"name\":\"PANEL REY MEXICO\",\"url\":\"https:\/\/distribuidorpanelrey.com\/\",\"logo\":{\"@type\":\"ImageObject\",\"inLanguage\":\"es\",\"@id\":\"https:\/\/distribuidorpanelrey.com\/#\/schema\/logo\/image\/\",\"url\":\"https:\/\/distribuidorpanelrey.com.mx\/wp-content\/uploads\/2023\/11\/panelrey.webp\",\"contentUrl\":\"https:\/\/distribuidorpanelrey.com.mx\/wp-content\/uploads\/2023\/11\/panelrey.webp\",\"width\":400,\"height\":150,\"caption\":\"PANEL REY MEXICO\"},\"image\":{\"@id\":\"https:\/\/distribuidorpanelrey.com\/#\/schema\/logo\/image\/\"},\"sameAs\":[\"https:\/\/www.facebook.com\/mexicopanelrey\/?locale=es_LA\",\"https:\/\/www.instagram.com\/panel_rey_mexico\/?hl=es\"]}]}<\/script>\n<!-- \/ Yoast SEO plugin. -->","yoast_head_json":{"title":"La empresa - PANEL REY MEXICO | \u00a1Encuentra tus productos aqui!","description":"\u00bfQuieres conocer la empresa Distribuidor Panel Rey Mexico? \u00a1Encuentra tus productos aqui en Distribuidor Panel Rey Mexico, tenemos los mejores precios!","robots":{"index":"index","follow":"follow","max-snippet":"max-snippet:-1","max-image-preview":"max-image-preview:large","max-video-preview":"max-video-preview:-1"},"canonical":"https:\/\/distribuidorpanelrey.com.mx\/la-empresa\/","og_locale":"es_ES","og_type":"article","og_title":"La empresa - PANEL REY MEXICO | \u00a1Encuentra tus productos aqui!","og_description":"\u00bfQuieres conocer la empresa Distribuidor Panel Rey Mexico? \u00a1Encuentra tus productos aqui en Distribuidor Panel Rey Mexico, tenemos los mejores precios!","og_url":"https:\/\/distribuidorpanelrey.com.mx\/la-empresa\/","og_site_name":"PANEL REY MEXICO","article_publisher":"https:\/\/www.facebook.com\/mexicopanelrey\/?locale=es_LA","article_modified_time":"2025-02-09T22:41:06+00:00","og_image":[{"width":1200,"height":675,"url":"https:\/\/distribuidorpanelrey.com.mx\/wp-content\/uploads\/2024\/01\/material-panel.webp","type":"image\/webp"}],"twitter_card":"summary_large_image","twitter_misc":{"Tiempo de lectura":"2 minutos"},"schema":{"@context":"https:\/\/schema.org","@graph":[{"@type":"WebPage","@id":"https:\/\/distribuidorpanelrey.com.mx\/la-empresa\/","url":"https:\/\/distribuidorpanelrey.com.mx\/la-empresa\/","name":"La empresa - PANEL REY MEXICO | \u00a1Encuentra tus productos aqui!","isPartOf":{"@id":"https:\/\/distribuidorpanelrey.com\/#website"},"primaryImageOfPage":{"@id":"https:\/\/distribuidorpanelrey.com.mx\/la-empresa\/#primaryimage"},"image":{"@id":"https:\/\/distribuidorpanelrey.com.mx\/la-empresa\/#primaryimage"},"thumbnailUrl":"https:\/\/distribuidorpanelrey.com.mx\/wp-content\/uploads\/2024\/01\/material-panel-1024x576.webp","datePublished":"2018-11-22T18:29:29+00:00","dateModified":"2025-02-09T22:41:06+00:00","description":"\u00bfQuieres conocer la empresa Distribuidor Panel Rey Mexico? \u00a1Encuentra tus productos aqui en Distribuidor Panel Rey Mexico, tenemos los mejores precios!","breadcrumb":{"@id":"https:\/\/distribuidorpanelrey.com.mx\/la-empresa\/#breadcrumb"},"inLanguage":"es","potentialAction":[{"@type":"ReadAction","target":["https:\/\/distribuidorpanelrey.com.mx\/la-empresa\/"]}]},{"@type":"ImageObject","inLanguage":"es","@id":"https:\/\/distribuidorpanelrey.com.mx\/la-empresa\/#primaryimage","url":"https:\/\/distribuidorpanelrey.com.mx\/wp-content\/uploads\/2024\/01\/material-panel.webp","contentUrl":"https:\/\/distribuidorpanelrey.com.mx\/wp-content\/uploads\/2024\/01\/material-panel.webp","width":1200,"height":675,"caption":"material panel"},{"@type":"BreadcrumbList","@id":"https:\/\/distribuidorpanelrey.com.mx\/la-empresa\/#breadcrumb","itemListElement":[{"@type":"ListItem","position":1,"name":"Portada","item":"https:\/\/distribuidorpanelrey.com.mx\/"},{"@type":"ListItem","position":2,"name":"La empresa"}]},{"@type":"WebSite","@id":"https:\/\/distribuidorpanelrey.com\/#website","url":"https:\/\/distribuidorpanelrey.com\/","name":"PANEL REY MEXICO","description":"DISTRIBUIDOR PANEL REY","publisher":{"@id":"https:\/\/distribuidorpanelrey.com\/#organization"},"alternateName":"DISTRIBUIDOR PANEL REY","potentialAction":[{"@type":"SearchAction","target":{"@type":"EntryPoint","urlTemplate":"https:\/\/distribuidorpanelrey.com\/?s={search_term_string}"},"query-input":{"@type":"PropertyValueSpecification","valueRequired":true,"valueName":"search_term_string"}}],"inLanguage":"es"},{"@type":"Organization","@id":"https:\/\/distribuidorpanelrey.com\/#organization","name":"PANEL REY MEXICO","url":"https:\/\/distribuidorpanelrey.com\/","logo":{"@type":"ImageObject","inLanguage":"es","@id":"https:\/\/distribuidorpanelrey.com\/#\/schema\/logo\/image\/","url":"https:\/\/distribuidorpanelrey.com.mx\/wp-content\/uploads\/2023\/11\/panelrey.webp","contentUrl":"https:\/\/distribuidorpanelrey.com.mx\/wp-content\/uploads\/2023\/11\/panelrey.webp","width":400,"height":150,"caption":"PANEL REY MEXICO"},"image":{"@id":"https:\/\/distribuidorpanelrey.com\/#\/schema\/logo\/image\/"},"sameAs":["https:\/\/www.facebook.com\/mexicopanelrey\/?locale=es_LA","https:\/\/www.instagram.com\/panel_rey_mexico\/?hl=es"]}]}},"_links":{"self":[{"href":"https:\/\/distribuidorpanelrey.com.mx\/wp-json\/wp\/v2\/pages\/2","targetHints":{"allow":["GET"]}}],"collection":[{"href":"https:\/\/distribuidorpanelrey.com.mx\/wp-json\/wp\/v2\/pages"}],"about":[{"href":"https:\/\/distribuidorpanelrey.com.mx\/wp-json\/wp\/v2\/types\/page"}],"author":[{"embeddable":true,"href":"https:\/\/distribuidorpanelrey.com.mx\/wp-json\/wp\/v2\/users\/4"}],"replies":[{"embeddable":true,"href":"https:\/\/distribuidorpanelrey.com.mx\/wp-json\/wp\/v2\/comments?post=2"}],"version-history":[{"count":23,"href":"https:\/\/distribuidorpanelrey.com.mx\/wp-json\/wp\/v2\/pages\/2\/revisions"}],"predecessor-version":[{"id":3432,"href":"https:\/\/distribuidorpanelrey.com.mx\/wp-json\/wp\/v2\/pages\/2\/revisions\/3432"}],"wp:attachment":[{"href":"https:\/\/distribuidorpanelrey.com.mx\/wp-json\/wp\/v2\/media?parent=2"}],"curies":[{"name":"wp","href":"https:\/\/api.w.org\/{rel}","templated":true}]}}