{"id":1085,"date":"2019-04-05T21:15:22","date_gmt":"2019-04-05T21:15:22","guid":{"rendered":"https:\/\/distribuidorpanelrey.com.mx\/?post_type=product&#038;p=1085"},"modified":"2026-01-28T03:35:48","modified_gmt":"2026-01-28T03:35:48","slug":"pija-para-panel-de-yeso-6x1","status":"publish","type":"product","link":"https:\/\/distribuidorpanelrey.com.mx\/producto\/pija-para-panel-de-yeso-6x1\/","title":{"rendered":"PIJA CUERDA FINA PARA PANEL DE YESO"},"content":{"rendered":"<p>PIJA CUERDA FINA PARA PANEL DE YESO<\/p>\n<p>La funci\u00f3n principal de la <strong>PIJA CUERDA FINA PARA PANEL DE YESO<\/strong> es proporcionar una soluci\u00f3n espec\u00edfica para la instalaci\u00f3n de paneles de yeso en proyectos de construcci\u00f3n y remodelaci\u00f3n. Estos tornillos est\u00e1n dise\u00f1ados con un hilo fino que facilita su inserci\u00f3n en el yeso sin da\u00f1ar el material, asegurando un ajuste seguro y estable.<\/p>\n<p>Las <strong>PIJAS CUERDA FINA PARA PANEL DE YESO<\/strong> son especialmente adecuadas para fijar paneles de yeso a estructuras de madera o metal, ofreciendo una sujeci\u00f3n robusta que minimiza el riesgo de grietas o da\u00f1os en el panel. Su dise\u00f1o tambi\u00e9n facilita el acabado final, permitiendo que la cabeza del tornillo quede nivelada con la superficie del yeso para un acabado est\u00e9tico limpio.<\/p>\n<p>En resumen, las <strong>PIJAS CUERDA FINA PARA PANEL DE YESO<\/strong> son imprescindibles para profesionales y aficionados que buscan una fijaci\u00f3n segura y discreta en instalaciones de paneles de yeso, asegurando una estructura s\u00f3lida y una superficie uniforme lista para acabados finales.<\/p>\n<p><strong>MEDIDAS:\u00a0<\/strong><\/p>\n<ul>\n<li>6 X 1&#8243;<\/li>\n<\/ul>\n<p>La pija cuerda fina para panel de yeso es especialmente para Paneles de Yeso, ya que debido a la cuerda de la pija hay menos probabilidad de que se da\u00f1e el panel al colocarlo.<\/p>\n<p>&nbsp;<\/p>\n<p><strong><span style=\"color: #ff0000;\">PRECIO POR CIENTO<\/span><\/strong><\/p>\n<p>&nbsp;<\/p>\n<p style=\"text-align: center;\">*En Distribuidor Panel Rey Mexico nos esforzamos por ofrecerte los mejores productos de <a href=\"https:\/\/distribuidorpanelrey.com.mx\/categoria-producto\/tornilleria\/\">Tornilleria.<\/a><br \/>\n*La imagen puede diferir un poco del producto final *Los precios pueden variar sin previo aviso<br \/>\n*Los precios ya incluyen IVA *Se hacen env\u00edos a toda la Rep\u00fablica Mexicana, pregunte por nuestros descuentos en env\u00edos.<br \/>\n*Chatea con nosotros en nuestras redes sociales.<br \/>\n*Contactanos: Tel. 71-58-02-72.<br \/>\nWhatsApp: 5573976243<br \/>\nNuestro correo: ventas@distribuidorpanelrey.com<br \/>\nDistribuidor Panel Rey Mexico<\/p>\n","protected":false},"excerpt":{"rendered":"<h4 style=\"text-align: center;\">Env\u00edos de 24 a 48 hr CDMX Y EDO MEX<\/h4>\n<p style=\"text-align: center;\">Rese\u00f1as\u00a0\u2605\u2605\u2605\u2605\u2605\u00a0 Env\u00edos Garantizados<\/p>\n<h4 style=\"text-align: center;\">\ud83d\udd25LOS MEJORES PRECIOS \ud83d\udd25<\/h4>\n","protected":false},"featured_media":1086,"comment_status":"closed","ping_status":"closed","template":"","meta":[],"product_brand":[568],"product_cat":[112,129],"product_tag":[195,192,229,230,232,231,193,198,227,228],"class_list":{"0":"post-1085","1":"product","2":"type-product","3":"status-publish","4":"has-post-thumbnail","6":"product_brand-fiero","7":"product_cat-fijacion","8":"product_cat-tornilleria","9":"product_tag-fiero","10":"product_tag-pija","11":"product_tag-pija-6x1","12":"product_tag-pija-colocacion","13":"product_tag-pija-cuerda-completa","14":"product_tag-pija-cuerda-fina","15":"product_tag-pija-negra","16":"product_tag-pija-para-panel","17":"product_tag-pija-para-tablaroca","18":"product_tag-pro-plus","20":"first","21":"instock","22":"shipping-taxable","23":"purchasable","24":"product-type-simple"},"yoast_head":"<!-- This site is optimized with the Yoast SEO plugin v27.1.1 - https:\/\/yoast.com\/product\/yoast-seo-wordpress\/ -->\n<title>PIJA CUERDA FINA PARA PANEL DE YESO - PANEL REY MEXICO<\/title>\n<meta name=\"description\" content=\"PIJA CUERDA FINA PARA PANEL DE YESO. Aqui en Distribuidor Panel Rey tenemos todo en Paneles. \u00a1Contamos con envios gratis* a toda la republica!\" \/>\n<meta name=\"robots\" content=\"index, follow, max-snippet:-1, max-image-preview:large, max-video-preview:-1\" \/>\n<link rel=\"canonical\" href=\"https:\/\/distribuidorpanelrey.com.mx\/producto\/pija-para-panel-de-yeso-6x1\/\" \/>\n<meta property=\"og:locale\" content=\"es_ES\" \/>\n<meta property=\"og:type\" content=\"article\" \/>\n<meta property=\"og:title\" content=\"PIJA CUERDA FINA PARA PANEL DE YESO - PANEL REY MEXICO\" \/>\n<meta property=\"og:description\" content=\"PIJA CUERDA FINA PARA PANEL DE YESO. Aqui en Distribuidor Panel Rey tenemos todo en Paneles. \u00a1Contamos con envios gratis* a toda la republica!\" \/>\n<meta property=\"og:url\" content=\"https:\/\/distribuidorpanelrey.com.mx\/producto\/pija-para-panel-de-yeso-6x1\/\" \/>\n<meta property=\"og:site_name\" content=\"PANEL REY MEXICO\" \/>\n<meta property=\"article:publisher\" content=\"https:\/\/www.facebook.com\/mexicopanelrey\/?locale=es_LA\" \/>\n<meta property=\"article:modified_time\" content=\"2026-01-28T03:35:48+00:00\" \/>\n<meta property=\"og:image\" content=\"https:\/\/distribuidorpanelrey.com.mx\/wp-content\/uploads\/2019\/04\/PIJA-PARA-PANEL-YESO-DISTRIBUIDOR-PANEL-REY.png\" \/>\n\t<meta property=\"og:image:width\" content=\"500\" \/>\n\t<meta property=\"og:image:height\" content=\"500\" \/>\n\t<meta property=\"og:image:type\" content=\"image\/png\" \/>\n<meta name=\"twitter:card\" content=\"summary_large_image\" \/>\n<meta name=\"twitter:label1\" content=\"Tiempo de lectura\" \/>\n\t<meta name=\"twitter:data1\" content=\"2 minutos\" \/>\n<script type=\"application\/ld+json\" class=\"yoast-schema-graph\">{\"@context\":\"https:\/\/schema.org\",\"@graph\":[{\"@type\":\"WebPage\",\"@id\":\"https:\/\/distribuidorpanelrey.com.mx\/producto\/pija-para-panel-de-yeso-6x1\/\",\"url\":\"https:\/\/distribuidorpanelrey.com.mx\/producto\/pija-para-panel-de-yeso-6x1\/\",\"name\":\"PIJA CUERDA FINA PARA PANEL DE YESO - PANEL REY MEXICO\",\"isPartOf\":{\"@id\":\"https:\/\/distribuidorpanelrey.com\/#website\"},\"primaryImageOfPage\":{\"@id\":\"https:\/\/distribuidorpanelrey.com.mx\/producto\/pija-para-panel-de-yeso-6x1\/#primaryimage\"},\"image\":{\"@id\":\"https:\/\/distribuidorpanelrey.com.mx\/producto\/pija-para-panel-de-yeso-6x1\/#primaryimage\"},\"thumbnailUrl\":\"https:\/\/distribuidorpanelrey.com.mx\/wp-content\/uploads\/2019\/04\/PIJA-PARA-PANEL-YESO-DISTRIBUIDOR-PANEL-REY.png\",\"datePublished\":\"2019-04-05T21:15:22+00:00\",\"dateModified\":\"2026-01-28T03:35:48+00:00\",\"description\":\"PIJA CUERDA FINA PARA PANEL DE YESO. Aqui en Distribuidor Panel Rey tenemos todo en Paneles. \u00a1Contamos con envios gratis* a toda la republica!\",\"breadcrumb\":{\"@id\":\"https:\/\/distribuidorpanelrey.com.mx\/producto\/pija-para-panel-de-yeso-6x1\/#breadcrumb\"},\"inLanguage\":\"es\",\"potentialAction\":[{\"@type\":\"ReadAction\",\"target\":[\"https:\/\/distribuidorpanelrey.com.mx\/producto\/pija-para-panel-de-yeso-6x1\/\"]}]},{\"@type\":\"ImageObject\",\"inLanguage\":\"es\",\"@id\":\"https:\/\/distribuidorpanelrey.com.mx\/producto\/pija-para-panel-de-yeso-6x1\/#primaryimage\",\"url\":\"https:\/\/distribuidorpanelrey.com.mx\/wp-content\/uploads\/2019\/04\/PIJA-PARA-PANEL-YESO-DISTRIBUIDOR-PANEL-REY.png\",\"contentUrl\":\"https:\/\/distribuidorpanelrey.com.mx\/wp-content\/uploads\/2019\/04\/PIJA-PARA-PANEL-YESO-DISTRIBUIDOR-PANEL-REY.png\",\"width\":500,\"height\":500,\"caption\":\"PIJA-PARA-PANEL-YESO-DISTRIBUIDOR-PANEL-REY\"},{\"@type\":\"BreadcrumbList\",\"@id\":\"https:\/\/distribuidorpanelrey.com.mx\/producto\/pija-para-panel-de-yeso-6x1\/#breadcrumb\",\"itemListElement\":[{\"@type\":\"ListItem\",\"position\":1,\"name\":\"Portada\",\"item\":\"https:\/\/distribuidorpanelrey.com.mx\/\"},{\"@type\":\"ListItem\",\"position\":2,\"name\":\"Productos\",\"item\":\"https:\/\/distribuidorpanelrey.com\/tienda\/\"},{\"@type\":\"ListItem\",\"position\":3,\"name\":\"PIJA CUERDA FINA PARA PANEL DE YESO\"}]},{\"@type\":\"WebSite\",\"@id\":\"https:\/\/distribuidorpanelrey.com\/#website\",\"url\":\"https:\/\/distribuidorpanelrey.com\/\",\"name\":\"PANEL REY MEXICO\",\"description\":\"DISTRIBUIDOR PANEL REY\",\"publisher\":{\"@id\":\"https:\/\/distribuidorpanelrey.com\/#organization\"},\"alternateName\":\"DISTRIBUIDOR PANEL REY\",\"potentialAction\":[{\"@type\":\"SearchAction\",\"target\":{\"@type\":\"EntryPoint\",\"urlTemplate\":\"https:\/\/distribuidorpanelrey.com\/?s={search_term_string}\"},\"query-input\":{\"@type\":\"PropertyValueSpecification\",\"valueRequired\":true,\"valueName\":\"search_term_string\"}}],\"inLanguage\":\"es\"},{\"@type\":\"Organization\",\"@id\":\"https:\/\/distribuidorpanelrey.com\/#organization\",\"name\":\"PANEL REY MEXICO\",\"url\":\"https:\/\/distribuidorpanelrey.com\/\",\"logo\":{\"@type\":\"ImageObject\",\"inLanguage\":\"es\",\"@id\":\"https:\/\/distribuidorpanelrey.com\/#\/schema\/logo\/image\/\",\"url\":\"https:\/\/distribuidorpanelrey.com.mx\/wp-content\/uploads\/2023\/11\/panelrey.webp\",\"contentUrl\":\"https:\/\/distribuidorpanelrey.com.mx\/wp-content\/uploads\/2023\/11\/panelrey.webp\",\"width\":400,\"height\":150,\"caption\":\"PANEL REY MEXICO\"},\"image\":{\"@id\":\"https:\/\/distribuidorpanelrey.com\/#\/schema\/logo\/image\/\"},\"sameAs\":[\"https:\/\/www.facebook.com\/mexicopanelrey\/?locale=es_LA\",\"https:\/\/www.instagram.com\/panel_rey_mexico\/?hl=es\"]}]}<\/script>\n<!-- \/ Yoast SEO plugin. -->","yoast_head_json":{"title":"PIJA CUERDA FINA PARA PANEL DE YESO - PANEL REY MEXICO","description":"PIJA CUERDA FINA PARA PANEL DE YESO. Aqui en Distribuidor Panel Rey tenemos todo en Paneles. \u00a1Contamos con envios gratis* a toda la republica!","robots":{"index":"index","follow":"follow","max-snippet":"max-snippet:-1","max-image-preview":"max-image-preview:large","max-video-preview":"max-video-preview:-1"},"canonical":"https:\/\/distribuidorpanelrey.com.mx\/producto\/pija-para-panel-de-yeso-6x1\/","og_locale":"es_ES","og_type":"article","og_title":"PIJA CUERDA FINA PARA PANEL DE YESO - PANEL REY MEXICO","og_description":"PIJA CUERDA FINA PARA PANEL DE YESO. Aqui en Distribuidor Panel Rey tenemos todo en Paneles. \u00a1Contamos con envios gratis* a toda la republica!","og_url":"https:\/\/distribuidorpanelrey.com.mx\/producto\/pija-para-panel-de-yeso-6x1\/","og_site_name":"PANEL REY MEXICO","article_publisher":"https:\/\/www.facebook.com\/mexicopanelrey\/?locale=es_LA","article_modified_time":"2026-01-28T03:35:48+00:00","og_image":[{"width":500,"height":500,"url":"https:\/\/distribuidorpanelrey.com.mx\/wp-content\/uploads\/2019\/04\/PIJA-PARA-PANEL-YESO-DISTRIBUIDOR-PANEL-REY.png","type":"image\/png"}],"twitter_card":"summary_large_image","twitter_misc":{"Tiempo de lectura":"2 minutos"},"schema":{"@context":"https:\/\/schema.org","@graph":[{"@type":"WebPage","@id":"https:\/\/distribuidorpanelrey.com.mx\/producto\/pija-para-panel-de-yeso-6x1\/","url":"https:\/\/distribuidorpanelrey.com.mx\/producto\/pija-para-panel-de-yeso-6x1\/","name":"PIJA CUERDA FINA PARA PANEL DE YESO - PANEL REY MEXICO","isPartOf":{"@id":"https:\/\/distribuidorpanelrey.com\/#website"},"primaryImageOfPage":{"@id":"https:\/\/distribuidorpanelrey.com.mx\/producto\/pija-para-panel-de-yeso-6x1\/#primaryimage"},"image":{"@id":"https:\/\/distribuidorpanelrey.com.mx\/producto\/pija-para-panel-de-yeso-6x1\/#primaryimage"},"thumbnailUrl":"https:\/\/distribuidorpanelrey.com.mx\/wp-content\/uploads\/2019\/04\/PIJA-PARA-PANEL-YESO-DISTRIBUIDOR-PANEL-REY.png","datePublished":"2019-04-05T21:15:22+00:00","dateModified":"2026-01-28T03:35:48+00:00","description":"PIJA CUERDA FINA PARA PANEL DE YESO. Aqui en Distribuidor Panel Rey tenemos todo en Paneles. \u00a1Contamos con envios gratis* a toda la republica!","breadcrumb":{"@id":"https:\/\/distribuidorpanelrey.com.mx\/producto\/pija-para-panel-de-yeso-6x1\/#breadcrumb"},"inLanguage":"es","potentialAction":[{"@type":"ReadAction","target":["https:\/\/distribuidorpanelrey.com.mx\/producto\/pija-para-panel-de-yeso-6x1\/"]}]},{"@type":"ImageObject","inLanguage":"es","@id":"https:\/\/distribuidorpanelrey.com.mx\/producto\/pija-para-panel-de-yeso-6x1\/#primaryimage","url":"https:\/\/distribuidorpanelrey.com.mx\/wp-content\/uploads\/2019\/04\/PIJA-PARA-PANEL-YESO-DISTRIBUIDOR-PANEL-REY.png","contentUrl":"https:\/\/distribuidorpanelrey.com.mx\/wp-content\/uploads\/2019\/04\/PIJA-PARA-PANEL-YESO-DISTRIBUIDOR-PANEL-REY.png","width":500,"height":500,"caption":"PIJA-PARA-PANEL-YESO-DISTRIBUIDOR-PANEL-REY"},{"@type":"BreadcrumbList","@id":"https:\/\/distribuidorpanelrey.com.mx\/producto\/pija-para-panel-de-yeso-6x1\/#breadcrumb","itemListElement":[{"@type":"ListItem","position":1,"name":"Portada","item":"https:\/\/distribuidorpanelrey.com.mx\/"},{"@type":"ListItem","position":2,"name":"Productos","item":"https:\/\/distribuidorpanelrey.com\/tienda\/"},{"@type":"ListItem","position":3,"name":"PIJA CUERDA FINA PARA PANEL DE YESO"}]},{"@type":"WebSite","@id":"https:\/\/distribuidorpanelrey.com\/#website","url":"https:\/\/distribuidorpanelrey.com\/","name":"PANEL REY MEXICO","description":"DISTRIBUIDOR PANEL REY","publisher":{"@id":"https:\/\/distribuidorpanelrey.com\/#organization"},"alternateName":"DISTRIBUIDOR PANEL REY","potentialAction":[{"@type":"SearchAction","target":{"@type":"EntryPoint","urlTemplate":"https:\/\/distribuidorpanelrey.com\/?s={search_term_string}"},"query-input":{"@type":"PropertyValueSpecification","valueRequired":true,"valueName":"search_term_string"}}],"inLanguage":"es"},{"@type":"Organization","@id":"https:\/\/distribuidorpanelrey.com\/#organization","name":"PANEL REY MEXICO","url":"https:\/\/distribuidorpanelrey.com\/","logo":{"@type":"ImageObject","inLanguage":"es","@id":"https:\/\/distribuidorpanelrey.com\/#\/schema\/logo\/image\/","url":"https:\/\/distribuidorpanelrey.com.mx\/wp-content\/uploads\/2023\/11\/panelrey.webp","contentUrl":"https:\/\/distribuidorpanelrey.com.mx\/wp-content\/uploads\/2023\/11\/panelrey.webp","width":400,"height":150,"caption":"PANEL REY MEXICO"},"image":{"@id":"https:\/\/distribuidorpanelrey.com\/#\/schema\/logo\/image\/"},"sameAs":["https:\/\/www.facebook.com\/mexicopanelrey\/?locale=es_LA","https:\/\/www.instagram.com\/panel_rey_mexico\/?hl=es"]}]}},"_links":{"self":[{"href":"https:\/\/distribuidorpanelrey.com.mx\/wp-json\/wp\/v2\/product\/1085","targetHints":{"allow":["GET"]}}],"collection":[{"href":"https:\/\/distribuidorpanelrey.com.mx\/wp-json\/wp\/v2\/product"}],"about":[{"href":"https:\/\/distribuidorpanelrey.com.mx\/wp-json\/wp\/v2\/types\/product"}],"replies":[{"embeddable":true,"href":"https:\/\/distribuidorpanelrey.com.mx\/wp-json\/wp\/v2\/comments?post=1085"}],"version-history":[{"count":3,"href":"https:\/\/distribuidorpanelrey.com.mx\/wp-json\/wp\/v2\/product\/1085\/revisions"}],"predecessor-version":[{"id":6614,"href":"https:\/\/distribuidorpanelrey.com.mx\/wp-json\/wp\/v2\/product\/1085\/revisions\/6614"}],"wp:featuredmedia":[{"embeddable":true,"href":"https:\/\/distribuidorpanelrey.com.mx\/wp-json\/wp\/v2\/media\/1086"}],"wp:attachment":[{"href":"https:\/\/distribuidorpanelrey.com.mx\/wp-json\/wp\/v2\/media?parent=1085"}],"wp:term":[{"taxonomy":"product_brand","embeddable":true,"href":"https:\/\/distribuidorpanelrey.com.mx\/wp-json\/wp\/v2\/product_brand?post=1085"},{"taxonomy":"product_cat","embeddable":true,"href":"https:\/\/distribuidorpanelrey.com.mx\/wp-json\/wp\/v2\/product_cat?post=1085"},{"taxonomy":"product_tag","embeddable":true,"href":"https:\/\/distribuidorpanelrey.com.mx\/wp-json\/wp\/v2\/product_tag?post=1085"}],"curies":[{"name":"wp","href":"https:\/\/api.w.org\/{rel}","templated":true}]}}