{"id":1087,"date":"2019-04-05T21:48:18","date_gmt":"2019-04-05T21:48:18","guid":{"rendered":"https:\/\/distribuidorpanelrey.com.mx\/?post_type=product&#038;p=1087"},"modified":"2025-08-21T02:34:18","modified_gmt":"2025-08-21T02:34:18","slug":"pijas-punta-de-broca","status":"publish","type":"product","link":"https:\/\/distribuidorpanelrey.com.mx\/producto\/pijas-punta-de-broca\/","title":{"rendered":"PIJAS PUNTA DE BROCA"},"content":{"rendered":"<p>PIJAS PUNTA DE BROCA<\/p>\n<p>La funci\u00f3n principal de las <strong>PIJAS PUNTA DE BROCA<\/strong> es facilitar la fijaci\u00f3n segura y efectiva de materiales duros como madera, metal o pl\u00e1stico, gracias a su dise\u00f1o especializado. Estos tornillos est\u00e1n equipados con una punta aguda tipo broca, que permite perforar el material durante la instalaci\u00f3n, eliminando la necesidad de hacer agujeros previos.<\/p>\n<p>Las <strong>PIJAS PUNTA DE BROCA<\/strong> son ideales para proyectos donde se requiere una fijaci\u00f3n r\u00e1pida y precisa, ya que su punta facilita el autoperforado y minimiza el riesgo de que el material se agriete o se da\u00f1e. Esto las hace especialmente \u00fatiles en trabajos de carpinter\u00eda, montaje de muebles, construcci\u00f3n de estructuras met\u00e1licas y otras aplicaciones donde la precisi\u00f3n y la resistencia son fundamentales.<\/p>\n<p>En resumen, las <strong>PIJAS PUNTA DE BROCA<\/strong> son una opci\u00f3n eficiente y pr\u00e1ctica para asegurar materiales duros con facilidad y sin complicaciones adicionales, garantizando una sujeci\u00f3n firme y duradera en una variedad de proyectos constructivos y de instalaci\u00f3n.<\/p>\n<p>Son resistentes y muy manipulables para la uni\u00f3n de metal.<\/p>\n<p>&nbsp;<\/p>\n<p><span style=\"color: #333399;\"><strong>MEDIDAS:<\/strong><\/span><\/p>\n<ul>\n<li>1\/2&#8243;<\/li>\n<li>3\/4&#8243;<\/li>\n<li>1&#8243;<\/li>\n<li>1 1\/4&#8243;<\/li>\n<li>1 1\/2&#8243;<\/li>\n<li>2&#8243;<\/li>\n<\/ul>\n<p><span style=\"color: #ff0000;\"><strong>VENTA POR CIENTO<\/strong><\/span><\/p>\n<p style=\"text-align: center;\">En\u00a0<strong data-start=\"82\" data-end=\"115\">Distribuidor Panel Rey M\u00e9xico<\/strong> encuentras calidad y confianza en productos <strong>Acero.<\/strong><br data-start=\"173\" data-end=\"176\" \/>\u2705 Env\u00edos a toda la Rep\u00fablica Mexicana. \u00a1Pregunta por nuestras promociones vigentes!<br data-start=\"259\" data-end=\"262\" data-is-only-node=\"\" \/>\u2705 Todos los precios incluyen IVA (sujetos a cambio sin previo aviso).<br data-start=\"331\" data-end=\"334\" \/>\u2705 Im\u00e1genes ilustrativas, el producto final puede presentar ligeras variaciones.<br data-start=\"413\" data-end=\"416\" \/>\ud83d\udcac \u00bfTienes dudas? Escr\u00edbenos por\u00a0<a href=\"https:\/\/www.facebook.com\/mexicopanelrey\">Facebook<\/a>\u00a0o\u00a0<a href=\"https:\/\/www.instagram.com\/panel_rey_mexico\/\">Instagram<\/a>.<br data-start=\"470\" data-end=\"473\" \/>\ud83d\udcde Tel:\u00a0<a href=\"tel:55 7397 6243\">55 7397 6243<\/a>\u00a0| WhatsApp:\u00a0<a href=\"https:\/\/api.whatsapp.com\/send?phone=525573976243\">5573976243<\/a><br data-start=\"518\" data-end=\"521\" \/>\ud83d\udce7\u00a0<a class=\"cursor-pointer\" href=\"mailto:ventas@distribuidorpanelrey.com\" rel=\"noopener\" data-start=\"524\" data-end=\"555\">ventas@distribuidorpanelrey.com<\/a><\/p>\n","protected":false},"excerpt":{"rendered":"<h4 style=\"text-align: center;\">Env\u00edos de 24 a 48 hr CDMX Y EDO MEX<\/h4>\n<p style=\"text-align: center;\">Rese\u00f1as\u00a0\u2605\u2605\u2605\u2605\u2605\u00a0 Env\u00edos Garantizados<\/p>\n<h4 style=\"text-align: center;\">\ud83d\udd25LOS MEJORES PRECIOS \ud83d\udd25<\/h4>\n","protected":false},"featured_media":1088,"comment_status":"closed","ping_status":"closed","template":"","meta":[],"product_brand":[568],"product_cat":[112,129],"product_tag":[226,137,51,55,195,20,111,135,132,131,224,223,222,225,136,130],"class_list":{"0":"post-1087","1":"product","2":"type-product","3":"status-publish","4":"has-post-thumbnail","6":"product_brand-fiero","7":"product_cat-fijacion","8":"product_cat-tornilleria","9":"product_tag-angulo-perimetral","10":"product_tag-broca","11":"product_tag-canal","12":"product_tag-canal-liston","13":"product_tag-fiero","14":"product_tag-panel","15":"product_tag-panel-rey","16":"product_tag-paneles","17":"product_tag-permabase","18":"product_tag-pijas","19":"product_tag-pijas-para-colocacion","20":"product_tag-pijas-para-metal","21":"product_tag-pijas-punta-de-broca","22":"product_tag-pos","23":"product_tag-regular","24":"product_tag-tornillos","26":"first","27":"instock","28":"shipping-taxable","29":"purchasable","30":"product-type-variable"},"yoast_head":"<!-- This site is optimized with the Yoast SEO plugin v27.1.1 - https:\/\/yoast.com\/product\/yoast-seo-wordpress\/ -->\n<title>PIJAS PUNTA DE BROCA - PANEL REY MEXICO<\/title>\n<meta name=\"description\" content=\"PIJAS PUNTA DE BROCA. Encuentra todos tus productos aqui en Distribuidor Panel Rey. \u00a1Contamos con envios gratis* a toda la republica!\" \/>\n<meta name=\"robots\" content=\"index, follow, max-snippet:-1, max-image-preview:large, max-video-preview:-1\" \/>\n<link rel=\"canonical\" href=\"https:\/\/distribuidorpanelrey.com.mx\/producto\/pijas-punta-de-broca\/\" \/>\n<meta property=\"og:locale\" content=\"es_ES\" \/>\n<meta property=\"og:type\" content=\"article\" \/>\n<meta property=\"og:title\" content=\"PIJAS PUNTA DE BROCA - PANEL REY MEXICO\" \/>\n<meta property=\"og:description\" content=\"PIJAS PUNTA DE BROCA. Encuentra todos tus productos aqui en Distribuidor Panel Rey. \u00a1Contamos con envios gratis* a toda la republica!\" \/>\n<meta property=\"og:url\" content=\"https:\/\/distribuidorpanelrey.com.mx\/producto\/pijas-punta-de-broca\/\" \/>\n<meta property=\"og:site_name\" content=\"PANEL REY MEXICO\" \/>\n<meta property=\"article:publisher\" content=\"https:\/\/www.facebook.com\/mexicopanelrey\/?locale=es_LA\" \/>\n<meta property=\"article:modified_time\" content=\"2025-08-21T02:34:18+00:00\" \/>\n<meta property=\"og:image\" content=\"https:\/\/distribuidorpanelrey.com.mx\/wp-content\/uploads\/2019\/04\/PIJA-PARA-PANEL-YESO-DISTRIBUIDOR-PANEL-REY-1.png\" \/>\n\t<meta property=\"og:image:width\" content=\"500\" \/>\n\t<meta property=\"og:image:height\" content=\"500\" \/>\n\t<meta property=\"og:image:type\" content=\"image\/png\" \/>\n<meta name=\"twitter:card\" content=\"summary_large_image\" \/>\n<meta name=\"twitter:label1\" content=\"Tiempo de lectura\" \/>\n\t<meta name=\"twitter:data1\" content=\"2 minutos\" \/>\n<script type=\"application\/ld+json\" class=\"yoast-schema-graph\">{\"@context\":\"https:\/\/schema.org\",\"@graph\":[{\"@type\":\"WebPage\",\"@id\":\"https:\/\/distribuidorpanelrey.com.mx\/producto\/pijas-punta-de-broca\/\",\"url\":\"https:\/\/distribuidorpanelrey.com.mx\/producto\/pijas-punta-de-broca\/\",\"name\":\"PIJAS PUNTA DE BROCA - PANEL REY MEXICO\",\"isPartOf\":{\"@id\":\"https:\/\/distribuidorpanelrey.com\/#website\"},\"primaryImageOfPage\":{\"@id\":\"https:\/\/distribuidorpanelrey.com.mx\/producto\/pijas-punta-de-broca\/#primaryimage\"},\"image\":{\"@id\":\"https:\/\/distribuidorpanelrey.com.mx\/producto\/pijas-punta-de-broca\/#primaryimage\"},\"thumbnailUrl\":\"https:\/\/distribuidorpanelrey.com.mx\/wp-content\/uploads\/2019\/04\/PIJA-PARA-PANEL-YESO-DISTRIBUIDOR-PANEL-REY-1.png\",\"datePublished\":\"2019-04-05T21:48:18+00:00\",\"dateModified\":\"2025-08-21T02:34:18+00:00\",\"description\":\"PIJAS PUNTA DE BROCA. Encuentra todos tus productos aqui en Distribuidor Panel Rey. \u00a1Contamos con envios gratis* a toda la republica!\",\"breadcrumb\":{\"@id\":\"https:\/\/distribuidorpanelrey.com.mx\/producto\/pijas-punta-de-broca\/#breadcrumb\"},\"inLanguage\":\"es\",\"potentialAction\":[{\"@type\":\"ReadAction\",\"target\":[\"https:\/\/distribuidorpanelrey.com.mx\/producto\/pijas-punta-de-broca\/\"]}]},{\"@type\":\"ImageObject\",\"inLanguage\":\"es\",\"@id\":\"https:\/\/distribuidorpanelrey.com.mx\/producto\/pijas-punta-de-broca\/#primaryimage\",\"url\":\"https:\/\/distribuidorpanelrey.com.mx\/wp-content\/uploads\/2019\/04\/PIJA-PARA-PANEL-YESO-DISTRIBUIDOR-PANEL-REY-1.png\",\"contentUrl\":\"https:\/\/distribuidorpanelrey.com.mx\/wp-content\/uploads\/2019\/04\/PIJA-PARA-PANEL-YESO-DISTRIBUIDOR-PANEL-REY-1.png\",\"width\":500,\"height\":500,\"caption\":\"PIJA-PARA-PANEL-YESO-DISTRIBUIDOR-PANEL-REY\"},{\"@type\":\"BreadcrumbList\",\"@id\":\"https:\/\/distribuidorpanelrey.com.mx\/producto\/pijas-punta-de-broca\/#breadcrumb\",\"itemListElement\":[{\"@type\":\"ListItem\",\"position\":1,\"name\":\"Portada\",\"item\":\"https:\/\/distribuidorpanelrey.com.mx\/\"},{\"@type\":\"ListItem\",\"position\":2,\"name\":\"Productos\",\"item\":\"https:\/\/distribuidorpanelrey.com\/tienda\/\"},{\"@type\":\"ListItem\",\"position\":3,\"name\":\"PIJAS PUNTA DE BROCA\"}]},{\"@type\":\"WebSite\",\"@id\":\"https:\/\/distribuidorpanelrey.com\/#website\",\"url\":\"https:\/\/distribuidorpanelrey.com\/\",\"name\":\"PANEL REY MEXICO\",\"description\":\"DISTRIBUIDOR PANEL REY\",\"publisher\":{\"@id\":\"https:\/\/distribuidorpanelrey.com\/#organization\"},\"alternateName\":\"DISTRIBUIDOR PANEL REY\",\"potentialAction\":[{\"@type\":\"SearchAction\",\"target\":{\"@type\":\"EntryPoint\",\"urlTemplate\":\"https:\/\/distribuidorpanelrey.com\/?s={search_term_string}\"},\"query-input\":{\"@type\":\"PropertyValueSpecification\",\"valueRequired\":true,\"valueName\":\"search_term_string\"}}],\"inLanguage\":\"es\"},{\"@type\":\"Organization\",\"@id\":\"https:\/\/distribuidorpanelrey.com\/#organization\",\"name\":\"PANEL REY MEXICO\",\"url\":\"https:\/\/distribuidorpanelrey.com\/\",\"logo\":{\"@type\":\"ImageObject\",\"inLanguage\":\"es\",\"@id\":\"https:\/\/distribuidorpanelrey.com\/#\/schema\/logo\/image\/\",\"url\":\"https:\/\/distribuidorpanelrey.com.mx\/wp-content\/uploads\/2023\/11\/panelrey.webp\",\"contentUrl\":\"https:\/\/distribuidorpanelrey.com.mx\/wp-content\/uploads\/2023\/11\/panelrey.webp\",\"width\":400,\"height\":150,\"caption\":\"PANEL REY MEXICO\"},\"image\":{\"@id\":\"https:\/\/distribuidorpanelrey.com\/#\/schema\/logo\/image\/\"},\"sameAs\":[\"https:\/\/www.facebook.com\/mexicopanelrey\/?locale=es_LA\",\"https:\/\/www.instagram.com\/panel_rey_mexico\/?hl=es\"]}]}<\/script>\n<!-- \/ Yoast SEO plugin. -->","yoast_head_json":{"title":"PIJAS PUNTA DE BROCA - PANEL REY MEXICO","description":"PIJAS PUNTA DE BROCA. Encuentra todos tus productos aqui en Distribuidor Panel Rey. \u00a1Contamos con envios gratis* a toda la republica!","robots":{"index":"index","follow":"follow","max-snippet":"max-snippet:-1","max-image-preview":"max-image-preview:large","max-video-preview":"max-video-preview:-1"},"canonical":"https:\/\/distribuidorpanelrey.com.mx\/producto\/pijas-punta-de-broca\/","og_locale":"es_ES","og_type":"article","og_title":"PIJAS PUNTA DE BROCA - PANEL REY MEXICO","og_description":"PIJAS PUNTA DE BROCA. Encuentra todos tus productos aqui en Distribuidor Panel Rey. \u00a1Contamos con envios gratis* a toda la republica!","og_url":"https:\/\/distribuidorpanelrey.com.mx\/producto\/pijas-punta-de-broca\/","og_site_name":"PANEL REY MEXICO","article_publisher":"https:\/\/www.facebook.com\/mexicopanelrey\/?locale=es_LA","article_modified_time":"2025-08-21T02:34:18+00:00","og_image":[{"width":500,"height":500,"url":"https:\/\/distribuidorpanelrey.com.mx\/wp-content\/uploads\/2019\/04\/PIJA-PARA-PANEL-YESO-DISTRIBUIDOR-PANEL-REY-1.png","type":"image\/png"}],"twitter_card":"summary_large_image","twitter_misc":{"Tiempo de lectura":"2 minutos"},"schema":{"@context":"https:\/\/schema.org","@graph":[{"@type":"WebPage","@id":"https:\/\/distribuidorpanelrey.com.mx\/producto\/pijas-punta-de-broca\/","url":"https:\/\/distribuidorpanelrey.com.mx\/producto\/pijas-punta-de-broca\/","name":"PIJAS PUNTA DE BROCA - PANEL REY MEXICO","isPartOf":{"@id":"https:\/\/distribuidorpanelrey.com\/#website"},"primaryImageOfPage":{"@id":"https:\/\/distribuidorpanelrey.com.mx\/producto\/pijas-punta-de-broca\/#primaryimage"},"image":{"@id":"https:\/\/distribuidorpanelrey.com.mx\/producto\/pijas-punta-de-broca\/#primaryimage"},"thumbnailUrl":"https:\/\/distribuidorpanelrey.com.mx\/wp-content\/uploads\/2019\/04\/PIJA-PARA-PANEL-YESO-DISTRIBUIDOR-PANEL-REY-1.png","datePublished":"2019-04-05T21:48:18+00:00","dateModified":"2025-08-21T02:34:18+00:00","description":"PIJAS PUNTA DE BROCA. Encuentra todos tus productos aqui en Distribuidor Panel Rey. \u00a1Contamos con envios gratis* a toda la republica!","breadcrumb":{"@id":"https:\/\/distribuidorpanelrey.com.mx\/producto\/pijas-punta-de-broca\/#breadcrumb"},"inLanguage":"es","potentialAction":[{"@type":"ReadAction","target":["https:\/\/distribuidorpanelrey.com.mx\/producto\/pijas-punta-de-broca\/"]}]},{"@type":"ImageObject","inLanguage":"es","@id":"https:\/\/distribuidorpanelrey.com.mx\/producto\/pijas-punta-de-broca\/#primaryimage","url":"https:\/\/distribuidorpanelrey.com.mx\/wp-content\/uploads\/2019\/04\/PIJA-PARA-PANEL-YESO-DISTRIBUIDOR-PANEL-REY-1.png","contentUrl":"https:\/\/distribuidorpanelrey.com.mx\/wp-content\/uploads\/2019\/04\/PIJA-PARA-PANEL-YESO-DISTRIBUIDOR-PANEL-REY-1.png","width":500,"height":500,"caption":"PIJA-PARA-PANEL-YESO-DISTRIBUIDOR-PANEL-REY"},{"@type":"BreadcrumbList","@id":"https:\/\/distribuidorpanelrey.com.mx\/producto\/pijas-punta-de-broca\/#breadcrumb","itemListElement":[{"@type":"ListItem","position":1,"name":"Portada","item":"https:\/\/distribuidorpanelrey.com.mx\/"},{"@type":"ListItem","position":2,"name":"Productos","item":"https:\/\/distribuidorpanelrey.com\/tienda\/"},{"@type":"ListItem","position":3,"name":"PIJAS PUNTA DE BROCA"}]},{"@type":"WebSite","@id":"https:\/\/distribuidorpanelrey.com\/#website","url":"https:\/\/distribuidorpanelrey.com\/","name":"PANEL REY MEXICO","description":"DISTRIBUIDOR PANEL REY","publisher":{"@id":"https:\/\/distribuidorpanelrey.com\/#organization"},"alternateName":"DISTRIBUIDOR PANEL REY","potentialAction":[{"@type":"SearchAction","target":{"@type":"EntryPoint","urlTemplate":"https:\/\/distribuidorpanelrey.com\/?s={search_term_string}"},"query-input":{"@type":"PropertyValueSpecification","valueRequired":true,"valueName":"search_term_string"}}],"inLanguage":"es"},{"@type":"Organization","@id":"https:\/\/distribuidorpanelrey.com\/#organization","name":"PANEL REY MEXICO","url":"https:\/\/distribuidorpanelrey.com\/","logo":{"@type":"ImageObject","inLanguage":"es","@id":"https:\/\/distribuidorpanelrey.com\/#\/schema\/logo\/image\/","url":"https:\/\/distribuidorpanelrey.com.mx\/wp-content\/uploads\/2023\/11\/panelrey.webp","contentUrl":"https:\/\/distribuidorpanelrey.com.mx\/wp-content\/uploads\/2023\/11\/panelrey.webp","width":400,"height":150,"caption":"PANEL REY MEXICO"},"image":{"@id":"https:\/\/distribuidorpanelrey.com\/#\/schema\/logo\/image\/"},"sameAs":["https:\/\/www.facebook.com\/mexicopanelrey\/?locale=es_LA","https:\/\/www.instagram.com\/panel_rey_mexico\/?hl=es"]}]}},"_links":{"self":[{"href":"https:\/\/distribuidorpanelrey.com.mx\/wp-json\/wp\/v2\/product\/1087","targetHints":{"allow":["GET"]}}],"collection":[{"href":"https:\/\/distribuidorpanelrey.com.mx\/wp-json\/wp\/v2\/product"}],"about":[{"href":"https:\/\/distribuidorpanelrey.com.mx\/wp-json\/wp\/v2\/types\/product"}],"replies":[{"embeddable":true,"href":"https:\/\/distribuidorpanelrey.com.mx\/wp-json\/wp\/v2\/comments?post=1087"}],"version-history":[{"count":4,"href":"https:\/\/distribuidorpanelrey.com.mx\/wp-json\/wp\/v2\/product\/1087\/revisions"}],"predecessor-version":[{"id":5158,"href":"https:\/\/distribuidorpanelrey.com.mx\/wp-json\/wp\/v2\/product\/1087\/revisions\/5158"}],"wp:featuredmedia":[{"embeddable":true,"href":"https:\/\/distribuidorpanelrey.com.mx\/wp-json\/wp\/v2\/media\/1088"}],"wp:attachment":[{"href":"https:\/\/distribuidorpanelrey.com.mx\/wp-json\/wp\/v2\/media?parent=1087"}],"wp:term":[{"taxonomy":"product_brand","embeddable":true,"href":"https:\/\/distribuidorpanelrey.com.mx\/wp-json\/wp\/v2\/product_brand?post=1087"},{"taxonomy":"product_cat","embeddable":true,"href":"https:\/\/distribuidorpanelrey.com.mx\/wp-json\/wp\/v2\/product_cat?post=1087"},{"taxonomy":"product_tag","embeddable":true,"href":"https:\/\/distribuidorpanelrey.com.mx\/wp-json\/wp\/v2\/product_tag?post=1087"}],"curies":[{"name":"wp","href":"https:\/\/api.w.org\/{rel}","templated":true}]}}