{"id":1159,"date":"2019-07-25T17:30:07","date_gmt":"2019-07-25T17:30:07","guid":{"rendered":"https:\/\/distribuidorpanelrey.com.mx\/?post_type=product&#038;p=1159"},"modified":"2025-08-18T04:19:54","modified_gmt":"2025-08-18T04:19:54","slug":"apasco-cemento-gris","status":"publish","type":"product","link":"https:\/\/distribuidorpanelrey.com.mx\/producto\/apasco-cemento-gris\/","title":{"rendered":"APASCO CEMENTO GRIS"},"content":{"rendered":"<p>El Cemento APASCO es el producto ideal para la construcci\u00f3n de todo tipo de obra y para la elaboraci\u00f3n de elementos de concreto en donde no se tiene ning\u00fan requisito especial.<\/p>\n<p>&nbsp;<\/p>\n<h5><span style=\"color: #000080;\">MEDIDAS:<\/span><\/h5>\n<ul>\n<li>Bulto 50 kg<\/li>\n<\/ul>\n<p>&nbsp;<\/p>\n<h5><strong><span style=\"color: #000080;\">APLICACIONES:<\/span><\/strong><\/h5>\n<p>Recomendado en la construcci\u00f3n de cualquier tipo de obra y elementos como:<\/p>\n<ul>\n<li>Pisos<\/li>\n<li>Losas<\/li>\n<li>Columnas<\/li>\n<li>Trabes<\/li>\n<li>Cimientos<\/li>\n<li>Vivienda en general<\/li>\n<li>Edificios de baja altura<\/li>\n<li>Prefabricados como bloques, tabicones y adoquines<\/li>\n<li>Cisternas<\/li>\n<li>Tanques y canales de agua no residual<\/li>\n<\/ul>\n<p>&nbsp;<\/p>\n<h5><span style=\"color: #003366;\"><strong>ATRIBUTOS:<\/strong><\/span><\/h5>\n<ul>\n<li>M\u00e1s desempe\u00f1o<\/li>\n<li>Mejor rendimiento<\/li>\n<li>M\u00e1s f\u00e1cil de colocar<\/li>\n<\/ul>\n<p>&nbsp;<\/p>\n<h5><span style=\"color: #000080;\"><strong>PROPIEDADES:<\/strong><\/span><\/h5>\n<ul>\n<li>10% M\u00e1s rendimiento. Su actual f\u00f3rmula rinde m\u00e1s ya que produce mayor volumen de concreto por bulto.<\/li>\n<li>30% M\u00e1s f\u00e1cil de colocar. Facilita el trabajo, ahorrando tiempo y esfuerzo. Ahora se mezcla f\u00e1cil y se coloca m\u00e1s r\u00e1pido logrando un acabado inmejorable.<\/li>\n<li>50% Menos grietas. Es el \u00fanico del mercado que garantiza mayor calidad y durabilidad de la construcci\u00f3n. Esto se debe a que se agrieta menos que otros cementos tradicionales. El Cemento APASCO cumple ampliamente con los requisitos de calidad como Cemento Portland de acuerdo con lo estipulado por la norma mexicana NMX-C-414-ONNCCE vigente.<\/li>\n<\/ul>\n<h5><span style=\"color: #000080;\"><strong>DISPONIBILIDAD:<\/strong><\/span><\/h5>\n<p>Nacional a trav\u00e9s de nuestra red de distribuci\u00f3n<\/p>\n<p>&nbsp;<\/p>\n<h5><span style=\"color: #000080;\"><strong>PRECAUCIONES:<\/strong><\/span><\/h5>\n<p>El manejo adecuado de este producto no presenta riesgos, sin embargo recomendamos siempre el uso de guantes, tapabocas y lentes de seguridad. En caso de contacto con los ojos, lavar con agua abundante. Evite su inhalaci\u00f3n. No se deje al alcance de los ni\u00f1os<\/p>\n<p>&nbsp;<\/p>\n<h5><span style=\"color: #000080;\"><strong>RECOMENDACIONES:<\/strong><\/span><\/h5>\n<p>Para un mayor aprovechamiento de las cualidades y ventajas del Cemento APASCO, le sugerimos los siguientes pasos en la elaboraci\u00f3n del concreto:<\/p>\n<ol>\n<li>Utilizar Arena, grava y agua limpios y de buena calidad.<\/li>\n<li>Controlar El agua, utilizando la menor cantidad posible.<\/li>\n<li>Mezclar El tiempo suficiente para obtener una mezcla uniforme.<\/li>\n<li>Compactar eficientemente el concreto en estado fresco.<\/li>\n<li>Curar Durante un m\u00ednimo de 7 d\u00edas manteniendo la superficie del concreto h\u00fameda y protegida de temperaturas extremas.<\/li>\n<\/ol>\n<p>&nbsp;<\/p>\n<p><strong>Por cada bulto de 50 kg de Cemento APASCO, agregar:*** <\/strong><\/p>\n<p><img fetchpriority=\"high\" decoding=\"async\" class=\"size-full wp-image-1246\" src=\"https:\/\/distribuidorpanelrey.com.mx\/wp-content\/uploads\/2019\/07\/Captura-4.png\" alt=\"\" width=\"648\" height=\"278\" srcset=\"https:\/\/distribuidorpanelrey.com.mx\/wp-content\/uploads\/2019\/07\/Captura-4.png 648w, https:\/\/distribuidorpanelrey.com.mx\/wp-content\/uploads\/2019\/07\/Captura-4-600x257.png 600w, https:\/\/distribuidorpanelrey.com.mx\/wp-content\/uploads\/2019\/07\/Captura-4-64x27.png 64w, https:\/\/distribuidorpanelrey.com.mx\/wp-content\/uploads\/2019\/07\/Captura-4-300x129.png 300w\" sizes=\"(max-width: 648px) 100vw, 648px\" \/><\/p>\n<p style=\"text-align: center;\">*Botes de 19 litros, la cantidad puede variar en funci\u00f3n de la calidad de los agregados p\u00e9treos<br \/>\n**Resistencia a 28 d\u00edas<br \/>\n***Basados en experiencias y pruebas realizadas en nuestro Centro de Innovaci\u00f3n Tecnol\u00f3gica para<br \/>\nla Construcci\u00f3n de acuerdo a las normas vigentes.<br \/>\nAtenci\u00f3n. Evite el contacto prolongado con la piel. Evite el contacto con los ojos, en caso de que ocurra,<br \/>\nlave con agua limpia y abundante. Evite respirar el polvo del cemento. Mant\u00e9ngase fuera del alcance<br \/>\nde los ni\u00f1os<\/p>\n<p>&nbsp;<\/p>\n<h5><span style=\"color: #000080;\"><b>MANEJO Y CONSERVACI\u00d3N DE PRODUCTOS:<\/b><\/span><\/h5>\n<ul>\n<li>Evite arrastrarlo, golpearlo y\/o azotarlo para no da\u00f1ar el empaque.<\/li>\n<li>Coloque sobre tarimas libres de clavos, astillas o protuberancias.<\/li>\n<li>Mant\u00e9ngase en un lugar limpio y protegido de la humedad.<\/li>\n<li>Evite almacenar por m\u00e1s de 45 d\u00edas y ocupe primero aquellos bultos con m\u00e1s tiempo en almac\u00e9n.<\/li>\n<li>Forme estibas ordenadas, estables y con un m\u00e1ximo de 24 sacos de altura<\/li>\n<\/ul>\n<p>&nbsp;<\/p>\n<p style=\"text-align: center;\">En\u00a0<strong data-start=\"82\" data-end=\"115\">Distribuidor Panel Rey M\u00e9xico<\/strong> encuentras calidad y confianza en productos <strong>Acero.<\/strong><br data-start=\"173\" data-end=\"176\" \/>\u2705 Env\u00edos a toda la Rep\u00fablica Mexicana. \u00a1Pregunta por nuestras promociones vigentes!<br data-start=\"259\" data-end=\"262\" data-is-only-node=\"\" \/>\u2705 Todos los precios incluyen IVA (sujetos a cambio sin previo aviso).<br data-start=\"331\" data-end=\"334\" \/>\u2705 Im\u00e1genes ilustrativas, el producto final puede presentar ligeras variaciones.<br data-start=\"413\" data-end=\"416\" \/>\ud83d\udcac \u00bfTienes dudas? Escr\u00edbenos por\u00a0<a href=\"https:\/\/www.facebook.com\/mexicopanelrey\">Facebook<\/a>\u00a0o\u00a0<a href=\"https:\/\/www.instagram.com\/panel_rey_mexico\/\">Instagram<\/a>.<br data-start=\"470\" data-end=\"473\" \/>\ud83d\udcde Tel:\u00a0<a href=\"tel:55 7397 6243\">55 7397 6243<\/a>\u00a0| WhatsApp:\u00a0<a href=\"https:\/\/api.whatsapp.com\/send?phone=525573976243\">5573976243<\/a><br data-start=\"518\" data-end=\"521\" \/>\ud83d\udce7\u00a0<a class=\"cursor-pointer\" href=\"mailto:ventas@distribuidorpanelrey.com\" rel=\"noopener\" data-start=\"524\" data-end=\"555\">ventas@distribuidorpanelrey.com<\/a><\/p>\n","protected":false},"excerpt":{"rendered":"<h4 style=\"text-align: center;\">Env\u00edos de 24 a 48 hr CDMX Y EDO MEX<\/h4>\n<p style=\"text-align: center;\">Rese\u00f1as\u00a0\u2605\u2605\u2605\u2605\u2605\u00a0 Env\u00edos Garantizados<\/p>\n<h4 style=\"text-align: center;\">\ud83d\udd25LOS MEJORES PRECIOS \ud83d\udd25<\/h4>\n","protected":false},"featured_media":1160,"comment_status":"closed","ping_status":"closed","template":"","meta":[],"product_brand":[556],"product_cat":[35],"product_tag":[212,133,204,208,213,186,202,203,206],"class_list":{"0":"post-1159","1":"product","2":"type-product","3":"status-publish","4":"has-post-thumbnail","6":"product_brand-holcim","7":"product_cat-compuestos-y-polvos","8":"product_tag-apasco","9":"product_tag-cemento","10":"product_tag-cemento-blanco","11":"product_tag-cemento-gris","12":"product_tag-cemento-por-tonelada","13":"product_tag-concreto","14":"product_tag-holcim","15":"product_tag-mortero","16":"product_tag-precio-cemento","18":"first","19":"instock","20":"shipping-taxable","21":"purchasable","22":"product-type-simple"},"yoast_head":"<!-- This site is optimized with the Yoast SEO plugin v27.1.1 - https:\/\/yoast.com\/product\/yoast-seo-wordpress\/ -->\n<title>APASCO CEMENTO GRIS - PANEL REY MEXICO | \u00a1Adquiero aqui!<\/title>\n<meta name=\"description\" content=\"APASCO CEMENTO GRIS. \u00a1Encuentra y cotiza todos tus productos aqui en Distribuidor Panel Rey Mexico, tenemos los mejores precios!\" \/>\n<meta name=\"robots\" content=\"index, follow, max-snippet:-1, max-image-preview:large, max-video-preview:-1\" \/>\n<link rel=\"canonical\" href=\"https:\/\/distribuidorpanelrey.com.mx\/producto\/apasco-cemento-gris\/\" \/>\n<meta property=\"og:locale\" content=\"es_ES\" \/>\n<meta property=\"og:type\" content=\"article\" \/>\n<meta property=\"og:title\" content=\"APASCO CEMENTO GRIS - PANEL REY MEXICO | \u00a1Adquiero aqui!\" \/>\n<meta property=\"og:description\" content=\"APASCO CEMENTO GRIS. \u00a1Encuentra y cotiza todos tus productos aqui en Distribuidor Panel Rey Mexico, tenemos los mejores precios!\" \/>\n<meta property=\"og:url\" content=\"https:\/\/distribuidorpanelrey.com.mx\/producto\/apasco-cemento-gris\/\" \/>\n<meta property=\"og:site_name\" content=\"PANEL REY MEXICO\" \/>\n<meta property=\"article:publisher\" content=\"https:\/\/www.facebook.com\/mexicopanelrey\/?locale=es_LA\" \/>\n<meta property=\"article:modified_time\" content=\"2025-08-18T04:19:54+00:00\" \/>\n<meta property=\"og:image\" content=\"https:\/\/distribuidorpanelrey.com.mx\/wp-content\/uploads\/2019\/07\/cemento-gris-apasco-DISTRIBUIDOR-PANEL-REY.png\" \/>\n\t<meta property=\"og:image:width\" content=\"500\" \/>\n\t<meta property=\"og:image:height\" content=\"500\" \/>\n\t<meta property=\"og:image:type\" content=\"image\/png\" \/>\n<meta name=\"twitter:card\" content=\"summary_large_image\" \/>\n<meta name=\"twitter:label1\" content=\"Tiempo de lectura\" \/>\n\t<meta name=\"twitter:data1\" content=\"3 minutos\" \/>\n<script type=\"application\/ld+json\" class=\"yoast-schema-graph\">{\"@context\":\"https:\/\/schema.org\",\"@graph\":[{\"@type\":\"WebPage\",\"@id\":\"https:\/\/distribuidorpanelrey.com.mx\/producto\/apasco-cemento-gris\/\",\"url\":\"https:\/\/distribuidorpanelrey.com.mx\/producto\/apasco-cemento-gris\/\",\"name\":\"APASCO CEMENTO GRIS - PANEL REY MEXICO | \u00a1Adquiero aqui!\",\"isPartOf\":{\"@id\":\"https:\/\/distribuidorpanelrey.com\/#website\"},\"primaryImageOfPage\":{\"@id\":\"https:\/\/distribuidorpanelrey.com.mx\/producto\/apasco-cemento-gris\/#primaryimage\"},\"image\":{\"@id\":\"https:\/\/distribuidorpanelrey.com.mx\/producto\/apasco-cemento-gris\/#primaryimage\"},\"thumbnailUrl\":\"https:\/\/distribuidorpanelrey.com.mx\/wp-content\/uploads\/2019\/07\/cemento-gris-apasco-DISTRIBUIDOR-PANEL-REY.png\",\"datePublished\":\"2019-07-25T17:30:07+00:00\",\"dateModified\":\"2025-08-18T04:19:54+00:00\",\"description\":\"APASCO CEMENTO GRIS. \u00a1Encuentra y cotiza todos tus productos aqui en Distribuidor Panel Rey Mexico, tenemos los mejores precios!\",\"breadcrumb\":{\"@id\":\"https:\/\/distribuidorpanelrey.com.mx\/producto\/apasco-cemento-gris\/#breadcrumb\"},\"inLanguage\":\"es\",\"potentialAction\":[{\"@type\":\"ReadAction\",\"target\":[\"https:\/\/distribuidorpanelrey.com.mx\/producto\/apasco-cemento-gris\/\"]}]},{\"@type\":\"ImageObject\",\"inLanguage\":\"es\",\"@id\":\"https:\/\/distribuidorpanelrey.com.mx\/producto\/apasco-cemento-gris\/#primaryimage\",\"url\":\"https:\/\/distribuidorpanelrey.com.mx\/wp-content\/uploads\/2019\/07\/cemento-gris-apasco-DISTRIBUIDOR-PANEL-REY.png\",\"contentUrl\":\"https:\/\/distribuidorpanelrey.com.mx\/wp-content\/uploads\/2019\/07\/cemento-gris-apasco-DISTRIBUIDOR-PANEL-REY.png\",\"width\":500,\"height\":500,\"caption\":\"cemento-gris-apasco-DISTRIBUIDOR-PANEL-REY\"},{\"@type\":\"BreadcrumbList\",\"@id\":\"https:\/\/distribuidorpanelrey.com.mx\/producto\/apasco-cemento-gris\/#breadcrumb\",\"itemListElement\":[{\"@type\":\"ListItem\",\"position\":1,\"name\":\"Portada\",\"item\":\"https:\/\/distribuidorpanelrey.com.mx\/\"},{\"@type\":\"ListItem\",\"position\":2,\"name\":\"Productos\",\"item\":\"https:\/\/distribuidorpanelrey.com\/tienda\/\"},{\"@type\":\"ListItem\",\"position\":3,\"name\":\"APASCO CEMENTO GRIS\"}]},{\"@type\":\"WebSite\",\"@id\":\"https:\/\/distribuidorpanelrey.com\/#website\",\"url\":\"https:\/\/distribuidorpanelrey.com\/\",\"name\":\"PANEL REY MEXICO\",\"description\":\"DISTRIBUIDOR PANEL REY\",\"publisher\":{\"@id\":\"https:\/\/distribuidorpanelrey.com\/#organization\"},\"alternateName\":\"DISTRIBUIDOR PANEL REY\",\"potentialAction\":[{\"@type\":\"SearchAction\",\"target\":{\"@type\":\"EntryPoint\",\"urlTemplate\":\"https:\/\/distribuidorpanelrey.com\/?s={search_term_string}\"},\"query-input\":{\"@type\":\"PropertyValueSpecification\",\"valueRequired\":true,\"valueName\":\"search_term_string\"}}],\"inLanguage\":\"es\"},{\"@type\":\"Organization\",\"@id\":\"https:\/\/distribuidorpanelrey.com\/#organization\",\"name\":\"PANEL REY MEXICO\",\"url\":\"https:\/\/distribuidorpanelrey.com\/\",\"logo\":{\"@type\":\"ImageObject\",\"inLanguage\":\"es\",\"@id\":\"https:\/\/distribuidorpanelrey.com\/#\/schema\/logo\/image\/\",\"url\":\"https:\/\/distribuidorpanelrey.com.mx\/wp-content\/uploads\/2023\/11\/panelrey.webp\",\"contentUrl\":\"https:\/\/distribuidorpanelrey.com.mx\/wp-content\/uploads\/2023\/11\/panelrey.webp\",\"width\":400,\"height\":150,\"caption\":\"PANEL REY MEXICO\"},\"image\":{\"@id\":\"https:\/\/distribuidorpanelrey.com\/#\/schema\/logo\/image\/\"},\"sameAs\":[\"https:\/\/www.facebook.com\/mexicopanelrey\/?locale=es_LA\",\"https:\/\/www.instagram.com\/panel_rey_mexico\/?hl=es\"]}]}<\/script>\n<!-- \/ Yoast SEO plugin. -->","yoast_head_json":{"title":"APASCO CEMENTO GRIS - PANEL REY MEXICO | \u00a1Adquiero aqui!","description":"APASCO CEMENTO GRIS. \u00a1Encuentra y cotiza todos tus productos aqui en Distribuidor Panel Rey Mexico, tenemos los mejores precios!","robots":{"index":"index","follow":"follow","max-snippet":"max-snippet:-1","max-image-preview":"max-image-preview:large","max-video-preview":"max-video-preview:-1"},"canonical":"https:\/\/distribuidorpanelrey.com.mx\/producto\/apasco-cemento-gris\/","og_locale":"es_ES","og_type":"article","og_title":"APASCO CEMENTO GRIS - PANEL REY MEXICO | \u00a1Adquiero aqui!","og_description":"APASCO CEMENTO GRIS. \u00a1Encuentra y cotiza todos tus productos aqui en Distribuidor Panel Rey Mexico, tenemos los mejores precios!","og_url":"https:\/\/distribuidorpanelrey.com.mx\/producto\/apasco-cemento-gris\/","og_site_name":"PANEL REY MEXICO","article_publisher":"https:\/\/www.facebook.com\/mexicopanelrey\/?locale=es_LA","article_modified_time":"2025-08-18T04:19:54+00:00","og_image":[{"width":500,"height":500,"url":"https:\/\/distribuidorpanelrey.com.mx\/wp-content\/uploads\/2019\/07\/cemento-gris-apasco-DISTRIBUIDOR-PANEL-REY.png","type":"image\/png"}],"twitter_card":"summary_large_image","twitter_misc":{"Tiempo de lectura":"3 minutos"},"schema":{"@context":"https:\/\/schema.org","@graph":[{"@type":"WebPage","@id":"https:\/\/distribuidorpanelrey.com.mx\/producto\/apasco-cemento-gris\/","url":"https:\/\/distribuidorpanelrey.com.mx\/producto\/apasco-cemento-gris\/","name":"APASCO CEMENTO GRIS - PANEL REY MEXICO | \u00a1Adquiero aqui!","isPartOf":{"@id":"https:\/\/distribuidorpanelrey.com\/#website"},"primaryImageOfPage":{"@id":"https:\/\/distribuidorpanelrey.com.mx\/producto\/apasco-cemento-gris\/#primaryimage"},"image":{"@id":"https:\/\/distribuidorpanelrey.com.mx\/producto\/apasco-cemento-gris\/#primaryimage"},"thumbnailUrl":"https:\/\/distribuidorpanelrey.com.mx\/wp-content\/uploads\/2019\/07\/cemento-gris-apasco-DISTRIBUIDOR-PANEL-REY.png","datePublished":"2019-07-25T17:30:07+00:00","dateModified":"2025-08-18T04:19:54+00:00","description":"APASCO CEMENTO GRIS. \u00a1Encuentra y cotiza todos tus productos aqui en Distribuidor Panel Rey Mexico, tenemos los mejores precios!","breadcrumb":{"@id":"https:\/\/distribuidorpanelrey.com.mx\/producto\/apasco-cemento-gris\/#breadcrumb"},"inLanguage":"es","potentialAction":[{"@type":"ReadAction","target":["https:\/\/distribuidorpanelrey.com.mx\/producto\/apasco-cemento-gris\/"]}]},{"@type":"ImageObject","inLanguage":"es","@id":"https:\/\/distribuidorpanelrey.com.mx\/producto\/apasco-cemento-gris\/#primaryimage","url":"https:\/\/distribuidorpanelrey.com.mx\/wp-content\/uploads\/2019\/07\/cemento-gris-apasco-DISTRIBUIDOR-PANEL-REY.png","contentUrl":"https:\/\/distribuidorpanelrey.com.mx\/wp-content\/uploads\/2019\/07\/cemento-gris-apasco-DISTRIBUIDOR-PANEL-REY.png","width":500,"height":500,"caption":"cemento-gris-apasco-DISTRIBUIDOR-PANEL-REY"},{"@type":"BreadcrumbList","@id":"https:\/\/distribuidorpanelrey.com.mx\/producto\/apasco-cemento-gris\/#breadcrumb","itemListElement":[{"@type":"ListItem","position":1,"name":"Portada","item":"https:\/\/distribuidorpanelrey.com.mx\/"},{"@type":"ListItem","position":2,"name":"Productos","item":"https:\/\/distribuidorpanelrey.com\/tienda\/"},{"@type":"ListItem","position":3,"name":"APASCO CEMENTO GRIS"}]},{"@type":"WebSite","@id":"https:\/\/distribuidorpanelrey.com\/#website","url":"https:\/\/distribuidorpanelrey.com\/","name":"PANEL REY MEXICO","description":"DISTRIBUIDOR PANEL REY","publisher":{"@id":"https:\/\/distribuidorpanelrey.com\/#organization"},"alternateName":"DISTRIBUIDOR PANEL REY","potentialAction":[{"@type":"SearchAction","target":{"@type":"EntryPoint","urlTemplate":"https:\/\/distribuidorpanelrey.com\/?s={search_term_string}"},"query-input":{"@type":"PropertyValueSpecification","valueRequired":true,"valueName":"search_term_string"}}],"inLanguage":"es"},{"@type":"Organization","@id":"https:\/\/distribuidorpanelrey.com\/#organization","name":"PANEL REY MEXICO","url":"https:\/\/distribuidorpanelrey.com\/","logo":{"@type":"ImageObject","inLanguage":"es","@id":"https:\/\/distribuidorpanelrey.com\/#\/schema\/logo\/image\/","url":"https:\/\/distribuidorpanelrey.com.mx\/wp-content\/uploads\/2023\/11\/panelrey.webp","contentUrl":"https:\/\/distribuidorpanelrey.com.mx\/wp-content\/uploads\/2023\/11\/panelrey.webp","width":400,"height":150,"caption":"PANEL REY MEXICO"},"image":{"@id":"https:\/\/distribuidorpanelrey.com\/#\/schema\/logo\/image\/"},"sameAs":["https:\/\/www.facebook.com\/mexicopanelrey\/?locale=es_LA","https:\/\/www.instagram.com\/panel_rey_mexico\/?hl=es"]}]}},"_links":{"self":[{"href":"https:\/\/distribuidorpanelrey.com.mx\/wp-json\/wp\/v2\/product\/1159","targetHints":{"allow":["GET"]}}],"collection":[{"href":"https:\/\/distribuidorpanelrey.com.mx\/wp-json\/wp\/v2\/product"}],"about":[{"href":"https:\/\/distribuidorpanelrey.com.mx\/wp-json\/wp\/v2\/types\/product"}],"replies":[{"embeddable":true,"href":"https:\/\/distribuidorpanelrey.com.mx\/wp-json\/wp\/v2\/comments?post=1159"}],"version-history":[{"count":3,"href":"https:\/\/distribuidorpanelrey.com.mx\/wp-json\/wp\/v2\/product\/1159\/revisions"}],"predecessor-version":[{"id":5047,"href":"https:\/\/distribuidorpanelrey.com.mx\/wp-json\/wp\/v2\/product\/1159\/revisions\/5047"}],"wp:featuredmedia":[{"embeddable":true,"href":"https:\/\/distribuidorpanelrey.com.mx\/wp-json\/wp\/v2\/media\/1160"}],"wp:attachment":[{"href":"https:\/\/distribuidorpanelrey.com.mx\/wp-json\/wp\/v2\/media?parent=1159"}],"wp:term":[{"taxonomy":"product_brand","embeddable":true,"href":"https:\/\/distribuidorpanelrey.com.mx\/wp-json\/wp\/v2\/product_brand?post=1159"},{"taxonomy":"product_cat","embeddable":true,"href":"https:\/\/distribuidorpanelrey.com.mx\/wp-json\/wp\/v2\/product_cat?post=1159"},{"taxonomy":"product_tag","embeddable":true,"href":"https:\/\/distribuidorpanelrey.com.mx\/wp-json\/wp\/v2\/product_tag?post=1159"}],"curies":[{"name":"wp","href":"https:\/\/api.w.org\/{rel}","templated":true}]}}