{"id":1161,"date":"2019-07-25T17:47:34","date_gmt":"2019-07-25T17:47:34","guid":{"rendered":"https:\/\/distribuidorpanelrey.com.mx\/?post_type=product&#038;p=1161"},"modified":"2026-01-29T00:56:25","modified_gmt":"2026-01-29T00:56:25","slug":"holcim-cemento-blanco","status":"publish","type":"product","link":"https:\/\/distribuidorpanelrey.com.mx\/producto\/holcim-cemento-blanco\/","title":{"rendered":"HOLCIM CEMENTO BLANCO"},"content":{"rendered":"<p>El Cemento Holcim Blanco es el producto ideal para la construcci\u00f3n de obras arquitect\u00f3nicas y la elaboraci\u00f3n de elementos para fines ornamentales o decorativos que requieren de acabados aparentes finos y resistentes de gran calidad.<\/p>\n<p>&nbsp;<\/p>\n<h5><span style=\"color: #000080;\"><strong>MEDIDAS:<\/strong><\/span><\/h5>\n<ul>\n<li>Bulto de 25 kg<\/li>\n<\/ul>\n<p>&nbsp;<\/p>\n<h5><span style=\"color: #000080;\"><strong>APLICACIONES:<\/strong><\/span><\/h5>\n<p>El Cemento Holcim Blanco es un producto de gran versatilidad el cual por sus caracter\u00edsticas particulares es ideal en la elaboraci\u00f3n y construcci\u00f3n de:<\/p>\n<ul>\n<li>Obras arquitect\u00f3nicas.<\/li>\n<li>Concreto ornamental.<\/li>\n<li>Pegado de Azulejos.<\/li>\n<li>Recubrimientos (tirol y empastados).Es tambi\u00e9n la materia prima ideal para la fabricaci\u00f3n de pegazulejo y tirol<\/li>\n<\/ul>\n<p>&nbsp;<\/p>\n<h5><strong><span style=\"color: #000080;\">PROPIEDADES<\/span>:<\/strong><\/h5>\n<p>Su color blanco logra mayor luminosidad y adem\u00e1s permite todo tipo de coloraci\u00f3n adicionando los pigmentos adecuados.<br \/>\nProducido bajo un estricto control de calidad utilizando equipos y tecnolog\u00eda de punta, garantizando una alta uniformidad del cemento.<br \/>\nEl Cemento Holcim Blanco cumple ampliamente con los requisitos de calidad como un Cemento Portland<br \/>\nOrdinario de Clase Resistente 30 de Resistencia R\u00e1pida con la Caracter\u00edsticas Especial Blanco (CPC 30R B) de acuerdo con lo estipulado por la norma mexicana NMX-C-414 \u2013ONNCCE vigente.<\/p>\n<p>&nbsp;<\/p>\n<h5><span style=\"color: #000080;\"><strong>DISPONIBILIDAD:<\/strong><\/span><\/h5>\n<p>Nacional a trav\u00e9s de nuestra red de distribuci\u00f3n<\/p>\n<p>&nbsp;<\/p>\n<h5><span style=\"color: #000080;\">PRECAUCIONES:<\/span><\/h5>\n<p>En caso de contacto con los ojos, lavar con agua abundante. Para la protecci\u00f3n de las manos se sugiere el uso de guantes de l\u00e1tex.<\/p>\n<p>&nbsp;<\/p>\n<h5><span style=\"color: #000080;\"><strong>RECOMENDACIONES DE USO:<\/strong><\/span><\/h5>\n<ul>\n<li>Utilizar arena, grava y agua libres de contaminaci\u00f3n.<\/li>\n<li>Utilizar la cantidad de agua estrictamente necesaria para obtener la trabajabilidad requerida de la mezcla, con el fin de evitar la reducci\u00f3n de resistencia y el agrietamiento del concreto.<\/li>\n<li>Mezclar los materiales sobre una superficie no absorbente y limpia hasta obtener una mezcla uniforme; mezclas de mayor uniformidad y calidad se obtienen mediante el mezclado con revolvedora<\/li>\n<li>Compactar el concreto en estado fresco para eliminar los huecos y con ello disminuir la permeabilidad en estado endurecido<\/li>\n<li>Curar el concreto de manera continua y permanente por lo menos 7 d\u00edas, manteniendo la superficie del concreto h\u00fameda para garantizar el desarrollo de resistencia y reducir el agrietamiento.<\/li>\n<li>Proteger la superficie del concreto de pisos y losas reci\u00e9n coladas en condiciones ambientales extremas (calor, viento o fr\u00edo), para evitar la p\u00e9rdida de humedad favoreciendo la ganancia de resistencia y la reducci\u00f3n de agrietamiento.<\/li>\n<\/ul>\n<p>&nbsp;<\/p>\n<h5><span style=\"color: #000080;\"><strong>MANEJO Y ALMACENAMIENTO<\/strong><\/span><\/h5>\n<ul>\n<li>Almacenar los sacos sobre tarimas en lugares secos y protegi\u00e9ndolos de la humedad.<\/li>\n<li>Evitar colocar los sacos sobre superficies que pudieran causar alg\u00fan da\u00f1o al empaque.<\/li>\n<li>Utilizar primero aquellos sacos que han permanecido m\u00e1s tiempo almacenados.<\/li>\n<li>Evitar tiempos de almacenamiento prolongados (m\u00e1s de 45 d\u00edas).<\/li>\n<\/ul>\n<p>&nbsp;<\/p>\n<p style=\"text-align: center;\">En\u00a0<strong data-start=\"82\" data-end=\"115\">Distribuidor Panel Rey M\u00e9xico<\/strong> encuentras calidad y confianza en productos <strong>Acero.<\/strong><br data-start=\"173\" data-end=\"176\" \/>\u2705 Env\u00edos a toda la Rep\u00fablica Mexicana. \u00a1Pregunta por nuestras promociones vigentes!<br data-start=\"259\" data-end=\"262\" data-is-only-node=\"\" \/>\u2705 Todos los precios incluyen IVA (sujetos a cambio sin previo aviso).<br data-start=\"331\" data-end=\"334\" \/>\u2705 Im\u00e1genes ilustrativas, el producto final puede presentar ligeras variaciones.<br data-start=\"413\" data-end=\"416\" \/>\ud83d\udcac \u00bfTienes dudas? Escr\u00edbenos por\u00a0<a href=\"https:\/\/www.facebook.com\/mexicopanelrey\">Facebook<\/a>\u00a0o\u00a0<a href=\"https:\/\/www.instagram.com\/panel_rey_mexico\/\">Instagram<\/a>.<br data-start=\"470\" data-end=\"473\" \/>\ud83d\udcde Tel:\u00a0<a href=\"tel:55 7397 6243\">55 7397 6243<\/a>\u00a0| WhatsApp:\u00a0<a href=\"https:\/\/api.whatsapp.com\/send?phone=525573976243\">5573976243<\/a><br data-start=\"518\" data-end=\"521\" \/>\ud83d\udce7\u00a0<a class=\"cursor-pointer\" href=\"mailto:ventas@distribuidorpanelrey.com\" rel=\"noopener\" data-start=\"524\" data-end=\"555\">ventas@distribuidorpanelrey.com<\/a><\/p>\n","protected":false},"excerpt":{"rendered":"<h4 style=\"text-align: center;\">Env\u00edos de 24 a 48 hr CDMX Y EDO MEX<\/h4>\n<p style=\"text-align: center;\">Rese\u00f1as\u00a0\u2605\u2605\u2605\u2605\u2605\u00a0 Env\u00edos Garantizados<\/p>\n<h4 style=\"text-align: center;\">\ud83d\udd25LOS MEJORES PRECIOS \ud83d\udd25<\/h4>\n","protected":false},"featured_media":1412,"comment_status":"closed","ping_status":"closed","template":"","meta":[],"product_brand":[556],"product_cat":[35],"product_tag":[209,133,204,208,186,202,211,210],"class_list":{"0":"post-1161","1":"product","2":"type-product","3":"status-publish","4":"has-post-thumbnail","6":"product_brand-holcim","7":"product_cat-compuestos-y-polvos","8":"product_tag-bulto-de-cemento","9":"product_tag-cemento","10":"product_tag-cemento-blanco","11":"product_tag-cemento-gris","12":"product_tag-concreto","13":"product_tag-holcim","14":"product_tag-marca-holcim","15":"product_tag-precio-de-cemento","17":"first","18":"outofstock","19":"shipping-taxable","20":"purchasable","21":"product-type-simple"},"yoast_head":"<!-- This site is optimized with the Yoast SEO plugin v27.1.1 - https:\/\/yoast.com\/product\/yoast-seo-wordpress\/ -->\n<title>HOLCIM CEMENTO BLANCO - PANEL REY MEXICO<\/title>\n<meta name=\"description\" content=\"HOLCIM CEMENTO BLANCO. \u00a1Encuentra y cotiza todos tus productos aqui en Distribuidor Panel Rey Mexico, tenemos los mejores precios!\" \/>\n<meta name=\"robots\" content=\"index, follow, max-snippet:-1, max-image-preview:large, max-video-preview:-1\" \/>\n<link rel=\"canonical\" href=\"https:\/\/distribuidorpanelrey.com.mx\/producto\/holcim-cemento-blanco\/\" \/>\n<meta property=\"og:locale\" content=\"es_ES\" \/>\n<meta property=\"og:type\" content=\"article\" \/>\n<meta property=\"og:title\" content=\"HOLCIM CEMENTO BLANCO - PANEL REY MEXICO\" \/>\n<meta property=\"og:description\" content=\"HOLCIM CEMENTO BLANCO. \u00a1Encuentra y cotiza todos tus productos aqui en Distribuidor Panel Rey Mexico, tenemos los mejores precios!\" \/>\n<meta property=\"og:url\" content=\"https:\/\/distribuidorpanelrey.com.mx\/producto\/holcim-cemento-blanco\/\" \/>\n<meta property=\"og:site_name\" content=\"PANEL REY MEXICO\" \/>\n<meta property=\"article:publisher\" content=\"https:\/\/www.facebook.com\/mexicopanelrey\/?locale=es_LA\" \/>\n<meta property=\"article:modified_time\" content=\"2026-01-29T00:56:25+00:00\" \/>\n<meta property=\"og:image\" content=\"https:\/\/distribuidorpanelrey.com.mx\/wp-content\/uploads\/2019\/07\/Dise\u00f1o-sin-t\u00edtulo-11.png\" \/>\n\t<meta property=\"og:image:width\" content=\"500\" \/>\n\t<meta property=\"og:image:height\" content=\"500\" \/>\n\t<meta property=\"og:image:type\" content=\"image\/png\" \/>\n<meta name=\"twitter:card\" content=\"summary_large_image\" \/>\n<meta name=\"twitter:label1\" content=\"Tiempo de lectura\" \/>\n\t<meta name=\"twitter:data1\" content=\"3 minutos\" \/>\n<script type=\"application\/ld+json\" class=\"yoast-schema-graph\">{\"@context\":\"https:\/\/schema.org\",\"@graph\":[{\"@type\":\"WebPage\",\"@id\":\"https:\/\/distribuidorpanelrey.com.mx\/producto\/holcim-cemento-blanco\/\",\"url\":\"https:\/\/distribuidorpanelrey.com.mx\/producto\/holcim-cemento-blanco\/\",\"name\":\"HOLCIM CEMENTO BLANCO - PANEL REY MEXICO\",\"isPartOf\":{\"@id\":\"https:\/\/distribuidorpanelrey.com\/#website\"},\"primaryImageOfPage\":{\"@id\":\"https:\/\/distribuidorpanelrey.com.mx\/producto\/holcim-cemento-blanco\/#primaryimage\"},\"image\":{\"@id\":\"https:\/\/distribuidorpanelrey.com.mx\/producto\/holcim-cemento-blanco\/#primaryimage\"},\"thumbnailUrl\":\"https:\/\/distribuidorpanelrey.com.mx\/wp-content\/uploads\/2019\/07\/Dise\u00f1o-sin-t\u00edtulo-11.png\",\"datePublished\":\"2019-07-25T17:47:34+00:00\",\"dateModified\":\"2026-01-29T00:56:25+00:00\",\"description\":\"HOLCIM CEMENTO BLANCO. \u00a1Encuentra y cotiza todos tus productos aqui en Distribuidor Panel Rey Mexico, tenemos los mejores precios!\",\"breadcrumb\":{\"@id\":\"https:\/\/distribuidorpanelrey.com.mx\/producto\/holcim-cemento-blanco\/#breadcrumb\"},\"inLanguage\":\"es\",\"potentialAction\":[{\"@type\":\"ReadAction\",\"target\":[\"https:\/\/distribuidorpanelrey.com.mx\/producto\/holcim-cemento-blanco\/\"]}]},{\"@type\":\"ImageObject\",\"inLanguage\":\"es\",\"@id\":\"https:\/\/distribuidorpanelrey.com.mx\/producto\/holcim-cemento-blanco\/#primaryimage\",\"url\":\"https:\/\/distribuidorpanelrey.com.mx\/wp-content\/uploads\/2019\/07\/Dise\u00f1o-sin-t\u00edtulo-11.png\",\"contentUrl\":\"https:\/\/distribuidorpanelrey.com.mx\/wp-content\/uploads\/2019\/07\/Dise\u00f1o-sin-t\u00edtulo-11.png\",\"width\":500,\"height\":500,\"caption\":\"holcim-cemento-blanco-panel-rey\"},{\"@type\":\"BreadcrumbList\",\"@id\":\"https:\/\/distribuidorpanelrey.com.mx\/producto\/holcim-cemento-blanco\/#breadcrumb\",\"itemListElement\":[{\"@type\":\"ListItem\",\"position\":1,\"name\":\"Portada\",\"item\":\"https:\/\/distribuidorpanelrey.com.mx\/\"},{\"@type\":\"ListItem\",\"position\":2,\"name\":\"Productos\",\"item\":\"https:\/\/distribuidorpanelrey.com\/tienda\/\"},{\"@type\":\"ListItem\",\"position\":3,\"name\":\"HOLCIM CEMENTO BLANCO\"}]},{\"@type\":\"WebSite\",\"@id\":\"https:\/\/distribuidorpanelrey.com\/#website\",\"url\":\"https:\/\/distribuidorpanelrey.com\/\",\"name\":\"PANEL REY MEXICO\",\"description\":\"DISTRIBUIDOR PANEL REY\",\"publisher\":{\"@id\":\"https:\/\/distribuidorpanelrey.com\/#organization\"},\"alternateName\":\"DISTRIBUIDOR PANEL REY\",\"potentialAction\":[{\"@type\":\"SearchAction\",\"target\":{\"@type\":\"EntryPoint\",\"urlTemplate\":\"https:\/\/distribuidorpanelrey.com\/?s={search_term_string}\"},\"query-input\":{\"@type\":\"PropertyValueSpecification\",\"valueRequired\":true,\"valueName\":\"search_term_string\"}}],\"inLanguage\":\"es\"},{\"@type\":\"Organization\",\"@id\":\"https:\/\/distribuidorpanelrey.com\/#organization\",\"name\":\"PANEL REY MEXICO\",\"url\":\"https:\/\/distribuidorpanelrey.com\/\",\"logo\":{\"@type\":\"ImageObject\",\"inLanguage\":\"es\",\"@id\":\"https:\/\/distribuidorpanelrey.com\/#\/schema\/logo\/image\/\",\"url\":\"https:\/\/distribuidorpanelrey.com.mx\/wp-content\/uploads\/2023\/11\/panelrey.webp\",\"contentUrl\":\"https:\/\/distribuidorpanelrey.com.mx\/wp-content\/uploads\/2023\/11\/panelrey.webp\",\"width\":400,\"height\":150,\"caption\":\"PANEL REY MEXICO\"},\"image\":{\"@id\":\"https:\/\/distribuidorpanelrey.com\/#\/schema\/logo\/image\/\"},\"sameAs\":[\"https:\/\/www.facebook.com\/mexicopanelrey\/?locale=es_LA\",\"https:\/\/www.instagram.com\/panel_rey_mexico\/?hl=es\"]}]}<\/script>\n<!-- \/ Yoast SEO plugin. -->","yoast_head_json":{"title":"HOLCIM CEMENTO BLANCO - PANEL REY MEXICO","description":"HOLCIM CEMENTO BLANCO. \u00a1Encuentra y cotiza todos tus productos aqui en Distribuidor Panel Rey Mexico, tenemos los mejores precios!","robots":{"index":"index","follow":"follow","max-snippet":"max-snippet:-1","max-image-preview":"max-image-preview:large","max-video-preview":"max-video-preview:-1"},"canonical":"https:\/\/distribuidorpanelrey.com.mx\/producto\/holcim-cemento-blanco\/","og_locale":"es_ES","og_type":"article","og_title":"HOLCIM CEMENTO BLANCO - PANEL REY MEXICO","og_description":"HOLCIM CEMENTO BLANCO. \u00a1Encuentra y cotiza todos tus productos aqui en Distribuidor Panel Rey Mexico, tenemos los mejores precios!","og_url":"https:\/\/distribuidorpanelrey.com.mx\/producto\/holcim-cemento-blanco\/","og_site_name":"PANEL REY MEXICO","article_publisher":"https:\/\/www.facebook.com\/mexicopanelrey\/?locale=es_LA","article_modified_time":"2026-01-29T00:56:25+00:00","og_image":[{"width":500,"height":500,"url":"https:\/\/distribuidorpanelrey.com.mx\/wp-content\/uploads\/2019\/07\/Dise\u00f1o-sin-t\u00edtulo-11.png","type":"image\/png"}],"twitter_card":"summary_large_image","twitter_misc":{"Tiempo de lectura":"3 minutos"},"schema":{"@context":"https:\/\/schema.org","@graph":[{"@type":"WebPage","@id":"https:\/\/distribuidorpanelrey.com.mx\/producto\/holcim-cemento-blanco\/","url":"https:\/\/distribuidorpanelrey.com.mx\/producto\/holcim-cemento-blanco\/","name":"HOLCIM CEMENTO BLANCO - PANEL REY MEXICO","isPartOf":{"@id":"https:\/\/distribuidorpanelrey.com\/#website"},"primaryImageOfPage":{"@id":"https:\/\/distribuidorpanelrey.com.mx\/producto\/holcim-cemento-blanco\/#primaryimage"},"image":{"@id":"https:\/\/distribuidorpanelrey.com.mx\/producto\/holcim-cemento-blanco\/#primaryimage"},"thumbnailUrl":"https:\/\/distribuidorpanelrey.com.mx\/wp-content\/uploads\/2019\/07\/Dise\u00f1o-sin-t\u00edtulo-11.png","datePublished":"2019-07-25T17:47:34+00:00","dateModified":"2026-01-29T00:56:25+00:00","description":"HOLCIM CEMENTO BLANCO. \u00a1Encuentra y cotiza todos tus productos aqui en Distribuidor Panel Rey Mexico, tenemos los mejores precios!","breadcrumb":{"@id":"https:\/\/distribuidorpanelrey.com.mx\/producto\/holcim-cemento-blanco\/#breadcrumb"},"inLanguage":"es","potentialAction":[{"@type":"ReadAction","target":["https:\/\/distribuidorpanelrey.com.mx\/producto\/holcim-cemento-blanco\/"]}]},{"@type":"ImageObject","inLanguage":"es","@id":"https:\/\/distribuidorpanelrey.com.mx\/producto\/holcim-cemento-blanco\/#primaryimage","url":"https:\/\/distribuidorpanelrey.com.mx\/wp-content\/uploads\/2019\/07\/Dise\u00f1o-sin-t\u00edtulo-11.png","contentUrl":"https:\/\/distribuidorpanelrey.com.mx\/wp-content\/uploads\/2019\/07\/Dise\u00f1o-sin-t\u00edtulo-11.png","width":500,"height":500,"caption":"holcim-cemento-blanco-panel-rey"},{"@type":"BreadcrumbList","@id":"https:\/\/distribuidorpanelrey.com.mx\/producto\/holcim-cemento-blanco\/#breadcrumb","itemListElement":[{"@type":"ListItem","position":1,"name":"Portada","item":"https:\/\/distribuidorpanelrey.com.mx\/"},{"@type":"ListItem","position":2,"name":"Productos","item":"https:\/\/distribuidorpanelrey.com\/tienda\/"},{"@type":"ListItem","position":3,"name":"HOLCIM CEMENTO BLANCO"}]},{"@type":"WebSite","@id":"https:\/\/distribuidorpanelrey.com\/#website","url":"https:\/\/distribuidorpanelrey.com\/","name":"PANEL REY MEXICO","description":"DISTRIBUIDOR PANEL REY","publisher":{"@id":"https:\/\/distribuidorpanelrey.com\/#organization"},"alternateName":"DISTRIBUIDOR PANEL REY","potentialAction":[{"@type":"SearchAction","target":{"@type":"EntryPoint","urlTemplate":"https:\/\/distribuidorpanelrey.com\/?s={search_term_string}"},"query-input":{"@type":"PropertyValueSpecification","valueRequired":true,"valueName":"search_term_string"}}],"inLanguage":"es"},{"@type":"Organization","@id":"https:\/\/distribuidorpanelrey.com\/#organization","name":"PANEL REY MEXICO","url":"https:\/\/distribuidorpanelrey.com\/","logo":{"@type":"ImageObject","inLanguage":"es","@id":"https:\/\/distribuidorpanelrey.com\/#\/schema\/logo\/image\/","url":"https:\/\/distribuidorpanelrey.com.mx\/wp-content\/uploads\/2023\/11\/panelrey.webp","contentUrl":"https:\/\/distribuidorpanelrey.com.mx\/wp-content\/uploads\/2023\/11\/panelrey.webp","width":400,"height":150,"caption":"PANEL REY MEXICO"},"image":{"@id":"https:\/\/distribuidorpanelrey.com\/#\/schema\/logo\/image\/"},"sameAs":["https:\/\/www.facebook.com\/mexicopanelrey\/?locale=es_LA","https:\/\/www.instagram.com\/panel_rey_mexico\/?hl=es"]}]}},"_links":{"self":[{"href":"https:\/\/distribuidorpanelrey.com.mx\/wp-json\/wp\/v2\/product\/1161","targetHints":{"allow":["GET"]}}],"collection":[{"href":"https:\/\/distribuidorpanelrey.com.mx\/wp-json\/wp\/v2\/product"}],"about":[{"href":"https:\/\/distribuidorpanelrey.com.mx\/wp-json\/wp\/v2\/types\/product"}],"replies":[{"embeddable":true,"href":"https:\/\/distribuidorpanelrey.com.mx\/wp-json\/wp\/v2\/comments?post=1161"}],"version-history":[{"count":3,"href":"https:\/\/distribuidorpanelrey.com.mx\/wp-json\/wp\/v2\/product\/1161\/revisions"}],"predecessor-version":[{"id":5046,"href":"https:\/\/distribuidorpanelrey.com.mx\/wp-json\/wp\/v2\/product\/1161\/revisions\/5046"}],"wp:featuredmedia":[{"embeddable":true,"href":"https:\/\/distribuidorpanelrey.com.mx\/wp-json\/wp\/v2\/media\/1412"}],"wp:attachment":[{"href":"https:\/\/distribuidorpanelrey.com.mx\/wp-json\/wp\/v2\/media?parent=1161"}],"wp:term":[{"taxonomy":"product_brand","embeddable":true,"href":"https:\/\/distribuidorpanelrey.com.mx\/wp-json\/wp\/v2\/product_brand?post=1161"},{"taxonomy":"product_cat","embeddable":true,"href":"https:\/\/distribuidorpanelrey.com.mx\/wp-json\/wp\/v2\/product_cat?post=1161"},{"taxonomy":"product_tag","embeddable":true,"href":"https:\/\/distribuidorpanelrey.com.mx\/wp-json\/wp\/v2\/product_tag?post=1161"}],"curies":[{"name":"wp","href":"https:\/\/api.w.org\/{rel}","templated":true}]}}