{"id":1163,"date":"2019-07-25T18:28:16","date_gmt":"2019-07-25T18:28:16","guid":{"rendered":"https:\/\/distribuidorpanelrey.com.mx\/?post_type=product&#038;p=1163"},"modified":"2026-01-29T00:56:18","modified_gmt":"2026-01-29T00:56:18","slug":"apasco-mortero","status":"publish","type":"product","link":"https:\/\/distribuidorpanelrey.com.mx\/producto\/apasco-mortero\/","title":{"rendered":"HOLCIM MORTERO"},"content":{"rendered":"<p>HOLCIM MORTERO<\/p>\n<p>&nbsp;<\/p>\n<h5><span style=\"color: #000080;\"><b>DESCRIPCI\u00d3N<\/b><strong>:<\/strong><\/span><\/h5>\n<p>El mortero Holcim Maestro es un producto especialmente dise\u00f1ado para elaborar trabajos de alba\u00f1iler\u00eda bien hechos y m\u00e1s durables. Su mayor rendimiento genera ahorros en el material utilizado y su alta trabajabilidad lo hace m\u00e1s f\u00e1cil de aplicar reduciendo el esfuerzo en la mano de obra empleada.<\/p>\n<p>&nbsp;<\/p>\n<h5><span style=\"color: #000080;\"><strong>MEDIDAS:<\/strong><\/span><\/h5>\n<ul>\n<li>Bulto de 50 kg<\/li>\n<\/ul>\n<p>&nbsp;<\/p>\n<h5><span style=\"color: #000080;\"><strong>APLICACIONES:<\/strong><\/span><\/h5>\n<p>Es el producto ideal para realizar trabajos de alba\u00f1iler\u00eda relacionados con la construcci\u00f3n y elaboraci\u00f3n de elementos de mamposter\u00eda \u2013no estructurales-, tales como:<\/p>\n<ul>\n<li>Aplanado de muros<\/li>\n<li>Junteo de elementos de mamposter\u00eda como bloques, ladrillos y tabicones<\/li>\n<li>Pega de piedra braza para cimentaciones y muros<\/li>\n<li>Entortados para pendientes y renivelaciones<\/li>\n<li>Plantillas (para evitar la contaminaci\u00f3n del concreto)<\/li>\n<li>Firmes (para pisos de servicio peatonal; en este caso se puede adicionar grava)<\/li>\n<li>Base para empedrados (de uso arquitect\u00f3nico)<\/li>\n<li>Acabados finos tipo estuco<br \/>\nPresenta una excelente trabajabilidad y una resistencia \u00f3ptima, lo que facilita su aplicaci\u00f3n de manera sencilla y uniforme y gracias a su f\u00f3rmula HT, Holcim Maestro NO produce quemaduras de piel y ojos como lo hacen las mezclas que se elaboran a base de cemento con cal.Es producido bajo estricto control de calidad en nuestras plantas de cemento utilizando investigaci\u00f3n, infraestructura y tecnolog\u00eda de punta garantizando as\u00ed uniformidad y calidad del producto.El Holcim Maestro cumple ampliamente con los requisitos de calidad como un Cemento de Alba\u00f1iler\u00eda de acuerdo con lo estipulado por la norma mexicana NMX-C-021 \u2013ONNCCE vigente<\/li>\n<\/ul>\n<p>&nbsp;<\/p>\n<h5><span style=\"color: #000080;\"><strong>ATRIBUTOS:<\/strong><\/span><\/h5>\n<ul>\n<li>M\u00e1s rendimiento<\/li>\n<li>Mejor trabajabilidad<\/li>\n<li>M\u00e1s concentrado<\/li>\n<\/ul>\n<p>&nbsp;<\/p>\n<h5><span style=\"color: #000080;\"><strong>BENEFICIOS:<\/strong><\/span><\/h5>\n<ul>\n<li>Mayor ahorro en trabajos de alba\u00f1iler\u00eda y mamposter\u00eda: el rendimiento de las mezclas elaboradas con Holcim Maestro es hasta un 40% superior al de las mezclas elaboradas con cemento y cal y a las elaboradas con Mortero Convencional (el porcentaje puede variar dependiendo de la calidad de la arena)<\/li>\n<li>Mayor rendimiento por m2 ; gracias a la alta resistencia adquirida por Holcim Maestro y a la excelente plasticidad que se refleja en una mejor adherencia.<\/li>\n<li>Aumento en el avance de obra al aplicarse ininterrumpidamente (hasta 1 \u00bd horas); las mezclas tradicionales que no contienen Holcim Maestro presentan desventajas debido a su r\u00e1pido endurecimiento.<\/li>\n<li>Mejor calidad en trabajos de alba\u00f1iler\u00eda gracias a su menor grado de agrietamiento, puede traducirse en una ventaja econ\u00f3mica al poder eliminar la capa de cerramiento (dependiendo de la calidad de aplicaci\u00f3n &#8211; mano de obra).<\/li>\n<\/ul>\n<p>&nbsp;<\/p>\n<h5><span style=\"color: #000080;\"><strong>DISPONIBILIDAD:<\/strong><\/span><\/h5>\n<p>Nacional a trav\u00e9s de nuestra red de distribuci\u00f3n<\/p>\n<p>&nbsp;<\/p>\n<h5><span style=\"color: #000080;\"><strong>PRECAUCIONES:<\/strong><\/span><\/h5>\n<p>En caso de contacto con los ojos, lavar con agua abundante. Para la protecci\u00f3n de las manos se sugiere el uso de guantes de l\u00e1tex<\/p>\n<p>&nbsp;<\/p>\n<h5><span style=\"color: #000080;\"><strong>RECOMENDACIONES:<\/strong><\/span><\/h5>\n<p>Para un mayor aprovechamiento de las cualidades y ventajas del mortero Holcim Maestro, te sugerimos los siguientes pasos en la elaboraci\u00f3n de la mezcla.<\/p>\n<p>&nbsp;<\/p>\n<p><img fetchpriority=\"high\" decoding=\"async\" class=\"size-full wp-image-1242\" src=\"https:\/\/distribuidorpanelrey.com.mx\/wp-content\/uploads\/2019\/07\/Captura-2.png\" alt=\"\" width=\"480\" height=\"256\" srcset=\"https:\/\/distribuidorpanelrey.com.mx\/wp-content\/uploads\/2019\/07\/Captura-2.png 480w, https:\/\/distribuidorpanelrey.com.mx\/wp-content\/uploads\/2019\/07\/Captura-2-64x34.png 64w, https:\/\/distribuidorpanelrey.com.mx\/wp-content\/uploads\/2019\/07\/Captura-2-300x160.png 300w\" sizes=\"(max-width: 480px) 100vw, 480px\" \/><\/p>\n<p>&nbsp;<\/p>\n<h5><span style=\"color: #000080;\"><strong>MANEJO Y ALMACENAMIENTO:<\/strong><\/span><\/h5>\n<ul>\n<li>Almacenar los sacos sobre tarimas en lugares secos y protegi\u00e9ndolos de la humedad<\/li>\n<li>Evitar colocar los sacos sobre superficies que pudieran causar alg\u00fan da\u00f1o al empaque<\/li>\n<li>Utilizar primero aquellos sacos que han permanecido m\u00e1s tiempo almacenados<\/li>\n<li>Evitar tiempos de almacenamiento prolongados (m\u00e1s de 45 d\u00edas).<\/li>\n<\/ul>\n<p>&nbsp;<\/p>\n<h5><span style=\"color: #000080;\"><strong>APLICACIONES RECOMENDADAS:<\/strong><\/span><\/h5>\n<p><img decoding=\"async\" class=\" wp-image-1243\" src=\"https:\/\/distribuidorpanelrey.com.mx\/wp-content\/uploads\/2019\/07\/Captura-3.png\" alt=\"\" width=\"510\" height=\"344\" srcset=\"https:\/\/distribuidorpanelrey.com.mx\/wp-content\/uploads\/2019\/07\/Captura-3.png 546w, https:\/\/distribuidorpanelrey.com.mx\/wp-content\/uploads\/2019\/07\/Captura-3-64x43.png 64w, https:\/\/distribuidorpanelrey.com.mx\/wp-content\/uploads\/2019\/07\/Captura-3-300x202.png 300w\" sizes=\"(max-width: 510px) 100vw, 510px\" \/><\/p>\n<p>&nbsp;<\/p>\n<p style=\"text-align: center;\">*En Distribuidor Panel Rey Mexico nos esforzamos por ofrecerte los mejores productos de <a href=\"https:\/\/distribuidorpanelrey.com.mx\/categoria-producto\/complementos\/\">Complemetos<\/a><br \/>\n*La imagen puede diferir un poco del producto final *Los precios pueden variar sin previo aviso<br \/>\n*Los precios ya incluyen IVA *Se hacen env\u00edos a toda la Rep\u00fablica Mexicana, pregunte por nuestros descuentos en env\u00edos.<br \/>\n*Chatea con nosotros en nuestras redes sociales.<br \/>\n*Contactanos: Tel. 71-58-97-38 y 71-58-02-72.<br \/>\nNuestro correo: ventas@distribuidorpanelrey.com<br \/>\nDistribuidor Panel Rey Mexico<\/p>\n<p>&nbsp;<\/p>\n","protected":false},"excerpt":{"rendered":"<h4 style=\"text-align: center;\">Env\u00edos de 24 a 48 hr CDMX Y EDO MEX<\/h4>\n<p style=\"text-align: center;\">Rese\u00f1as\u00a0\u2605\u2605\u2605\u2605\u2605\u00a0 Env\u00edos Garantizados<\/p>\n<h4 style=\"text-align: center;\">\ud83d\udd25LOS MEJORES PRECIOS \ud83d\udd25<\/h4>\n","protected":false},"featured_media":1164,"comment_status":"closed","ping_status":"closed","template":"","meta":[],"product_brand":[556],"product_cat":[35],"product_tag":[207,133,204,202,203,206,205],"class_list":{"0":"post-1163","1":"product","2":"type-product","3":"status-publish","4":"has-post-thumbnail","6":"product_brand-holcim","7":"product_cat-compuestos-y-polvos","8":"product_tag-bulto","9":"product_tag-cemento","10":"product_tag-cemento-blanco","11":"product_tag-holcim","12":"product_tag-mortero","13":"product_tag-precio-cemento","14":"product_tag-tonelada-de-cemento","16":"first","17":"outofstock","18":"shipping-taxable","19":"purchasable","20":"product-type-simple"},"yoast_head":"<!-- This site is optimized with the Yoast SEO plugin v27.1.1 - https:\/\/yoast.com\/product\/yoast-seo-wordpress\/ -->\n<title>HOLCIM MORTERO - PANEL REY MEXICO | \u00a1Adquiero aqui!<\/title>\n<meta name=\"description\" content=\"HOLCIM MORTERO. \u00a1Encuentra y cotiza todos tus productos aqui en Distribuidor Panel Rey Mexico, tenemos los mejores precios!\" \/>\n<meta name=\"robots\" content=\"index, follow, max-snippet:-1, max-image-preview:large, max-video-preview:-1\" \/>\n<link rel=\"canonical\" href=\"https:\/\/distribuidorpanelrey.com.mx\/producto\/apasco-mortero\/\" \/>\n<meta property=\"og:locale\" content=\"es_ES\" \/>\n<meta property=\"og:type\" content=\"article\" \/>\n<meta property=\"og:title\" content=\"HOLCIM MORTERO - PANEL REY MEXICO | \u00a1Adquiero aqui!\" \/>\n<meta property=\"og:description\" content=\"HOLCIM MORTERO. \u00a1Encuentra y cotiza todos tus productos aqui en Distribuidor Panel Rey Mexico, tenemos los mejores precios!\" \/>\n<meta property=\"og:url\" content=\"https:\/\/distribuidorpanelrey.com.mx\/producto\/apasco-mortero\/\" \/>\n<meta property=\"og:site_name\" content=\"PANEL REY MEXICO\" \/>\n<meta property=\"article:publisher\" content=\"https:\/\/www.facebook.com\/mexicopanelrey\/?locale=es_LA\" \/>\n<meta property=\"article:modified_time\" content=\"2026-01-29T00:56:18+00:00\" \/>\n<meta property=\"og:image\" content=\"https:\/\/distribuidorpanelrey.com.mx\/wp-content\/uploads\/2019\/07\/mortero-maestro-holcim-apasco-distribuidor-panel-rey.png\" \/>\n\t<meta property=\"og:image:width\" content=\"499\" \/>\n\t<meta property=\"og:image:height\" content=\"500\" \/>\n\t<meta property=\"og:image:type\" content=\"image\/png\" \/>\n<meta name=\"twitter:card\" content=\"summary_large_image\" \/>\n<meta name=\"twitter:label1\" content=\"Tiempo de lectura\" \/>\n\t<meta name=\"twitter:data1\" content=\"4 minutos\" \/>\n<script type=\"application\/ld+json\" class=\"yoast-schema-graph\">{\"@context\":\"https:\/\/schema.org\",\"@graph\":[{\"@type\":\"WebPage\",\"@id\":\"https:\/\/distribuidorpanelrey.com.mx\/producto\/apasco-mortero\/\",\"url\":\"https:\/\/distribuidorpanelrey.com.mx\/producto\/apasco-mortero\/\",\"name\":\"HOLCIM MORTERO - PANEL REY MEXICO | \u00a1Adquiero aqui!\",\"isPartOf\":{\"@id\":\"https:\/\/distribuidorpanelrey.com\/#website\"},\"primaryImageOfPage\":{\"@id\":\"https:\/\/distribuidorpanelrey.com.mx\/producto\/apasco-mortero\/#primaryimage\"},\"image\":{\"@id\":\"https:\/\/distribuidorpanelrey.com.mx\/producto\/apasco-mortero\/#primaryimage\"},\"thumbnailUrl\":\"https:\/\/distribuidorpanelrey.com.mx\/wp-content\/uploads\/2019\/07\/mortero-maestro-holcim-apasco-distribuidor-panel-rey.png\",\"datePublished\":\"2019-07-25T18:28:16+00:00\",\"dateModified\":\"2026-01-29T00:56:18+00:00\",\"description\":\"HOLCIM MORTERO. \u00a1Encuentra y cotiza todos tus productos aqui en Distribuidor Panel Rey Mexico, tenemos los mejores precios!\",\"breadcrumb\":{\"@id\":\"https:\/\/distribuidorpanelrey.com.mx\/producto\/apasco-mortero\/#breadcrumb\"},\"inLanguage\":\"es\",\"potentialAction\":[{\"@type\":\"ReadAction\",\"target\":[\"https:\/\/distribuidorpanelrey.com.mx\/producto\/apasco-mortero\/\"]}]},{\"@type\":\"ImageObject\",\"inLanguage\":\"es\",\"@id\":\"https:\/\/distribuidorpanelrey.com.mx\/producto\/apasco-mortero\/#primaryimage\",\"url\":\"https:\/\/distribuidorpanelrey.com.mx\/wp-content\/uploads\/2019\/07\/mortero-maestro-holcim-apasco-distribuidor-panel-rey.png\",\"contentUrl\":\"https:\/\/distribuidorpanelrey.com.mx\/wp-content\/uploads\/2019\/07\/mortero-maestro-holcim-apasco-distribuidor-panel-rey.png\",\"width\":499,\"height\":500,\"caption\":\"mortero-maestro-holcim-apasco-distribuidor-panel-rey\"},{\"@type\":\"BreadcrumbList\",\"@id\":\"https:\/\/distribuidorpanelrey.com.mx\/producto\/apasco-mortero\/#breadcrumb\",\"itemListElement\":[{\"@type\":\"ListItem\",\"position\":1,\"name\":\"Portada\",\"item\":\"https:\/\/distribuidorpanelrey.com.mx\/\"},{\"@type\":\"ListItem\",\"position\":2,\"name\":\"Productos\",\"item\":\"https:\/\/distribuidorpanelrey.com\/tienda\/\"},{\"@type\":\"ListItem\",\"position\":3,\"name\":\"HOLCIM MORTERO\"}]},{\"@type\":\"WebSite\",\"@id\":\"https:\/\/distribuidorpanelrey.com\/#website\",\"url\":\"https:\/\/distribuidorpanelrey.com\/\",\"name\":\"PANEL REY MEXICO\",\"description\":\"DISTRIBUIDOR PANEL REY\",\"publisher\":{\"@id\":\"https:\/\/distribuidorpanelrey.com\/#organization\"},\"alternateName\":\"DISTRIBUIDOR PANEL REY\",\"potentialAction\":[{\"@type\":\"SearchAction\",\"target\":{\"@type\":\"EntryPoint\",\"urlTemplate\":\"https:\/\/distribuidorpanelrey.com\/?s={search_term_string}\"},\"query-input\":{\"@type\":\"PropertyValueSpecification\",\"valueRequired\":true,\"valueName\":\"search_term_string\"}}],\"inLanguage\":\"es\"},{\"@type\":\"Organization\",\"@id\":\"https:\/\/distribuidorpanelrey.com\/#organization\",\"name\":\"PANEL REY MEXICO\",\"url\":\"https:\/\/distribuidorpanelrey.com\/\",\"logo\":{\"@type\":\"ImageObject\",\"inLanguage\":\"es\",\"@id\":\"https:\/\/distribuidorpanelrey.com\/#\/schema\/logo\/image\/\",\"url\":\"https:\/\/distribuidorpanelrey.com.mx\/wp-content\/uploads\/2023\/11\/panelrey.webp\",\"contentUrl\":\"https:\/\/distribuidorpanelrey.com.mx\/wp-content\/uploads\/2023\/11\/panelrey.webp\",\"width\":400,\"height\":150,\"caption\":\"PANEL REY MEXICO\"},\"image\":{\"@id\":\"https:\/\/distribuidorpanelrey.com\/#\/schema\/logo\/image\/\"},\"sameAs\":[\"https:\/\/www.facebook.com\/mexicopanelrey\/?locale=es_LA\",\"https:\/\/www.instagram.com\/panel_rey_mexico\/?hl=es\"]}]}<\/script>\n<!-- \/ Yoast SEO plugin. -->","yoast_head_json":{"title":"HOLCIM MORTERO - PANEL REY MEXICO | \u00a1Adquiero aqui!","description":"HOLCIM MORTERO. \u00a1Encuentra y cotiza todos tus productos aqui en Distribuidor Panel Rey Mexico, tenemos los mejores precios!","robots":{"index":"index","follow":"follow","max-snippet":"max-snippet:-1","max-image-preview":"max-image-preview:large","max-video-preview":"max-video-preview:-1"},"canonical":"https:\/\/distribuidorpanelrey.com.mx\/producto\/apasco-mortero\/","og_locale":"es_ES","og_type":"article","og_title":"HOLCIM MORTERO - PANEL REY MEXICO | \u00a1Adquiero aqui!","og_description":"HOLCIM MORTERO. \u00a1Encuentra y cotiza todos tus productos aqui en Distribuidor Panel Rey Mexico, tenemos los mejores precios!","og_url":"https:\/\/distribuidorpanelrey.com.mx\/producto\/apasco-mortero\/","og_site_name":"PANEL REY MEXICO","article_publisher":"https:\/\/www.facebook.com\/mexicopanelrey\/?locale=es_LA","article_modified_time":"2026-01-29T00:56:18+00:00","og_image":[{"width":499,"height":500,"url":"https:\/\/distribuidorpanelrey.com.mx\/wp-content\/uploads\/2019\/07\/mortero-maestro-holcim-apasco-distribuidor-panel-rey.png","type":"image\/png"}],"twitter_card":"summary_large_image","twitter_misc":{"Tiempo de lectura":"4 minutos"},"schema":{"@context":"https:\/\/schema.org","@graph":[{"@type":"WebPage","@id":"https:\/\/distribuidorpanelrey.com.mx\/producto\/apasco-mortero\/","url":"https:\/\/distribuidorpanelrey.com.mx\/producto\/apasco-mortero\/","name":"HOLCIM MORTERO - PANEL REY MEXICO | \u00a1Adquiero aqui!","isPartOf":{"@id":"https:\/\/distribuidorpanelrey.com\/#website"},"primaryImageOfPage":{"@id":"https:\/\/distribuidorpanelrey.com.mx\/producto\/apasco-mortero\/#primaryimage"},"image":{"@id":"https:\/\/distribuidorpanelrey.com.mx\/producto\/apasco-mortero\/#primaryimage"},"thumbnailUrl":"https:\/\/distribuidorpanelrey.com.mx\/wp-content\/uploads\/2019\/07\/mortero-maestro-holcim-apasco-distribuidor-panel-rey.png","datePublished":"2019-07-25T18:28:16+00:00","dateModified":"2026-01-29T00:56:18+00:00","description":"HOLCIM MORTERO. \u00a1Encuentra y cotiza todos tus productos aqui en Distribuidor Panel Rey Mexico, tenemos los mejores precios!","breadcrumb":{"@id":"https:\/\/distribuidorpanelrey.com.mx\/producto\/apasco-mortero\/#breadcrumb"},"inLanguage":"es","potentialAction":[{"@type":"ReadAction","target":["https:\/\/distribuidorpanelrey.com.mx\/producto\/apasco-mortero\/"]}]},{"@type":"ImageObject","inLanguage":"es","@id":"https:\/\/distribuidorpanelrey.com.mx\/producto\/apasco-mortero\/#primaryimage","url":"https:\/\/distribuidorpanelrey.com.mx\/wp-content\/uploads\/2019\/07\/mortero-maestro-holcim-apasco-distribuidor-panel-rey.png","contentUrl":"https:\/\/distribuidorpanelrey.com.mx\/wp-content\/uploads\/2019\/07\/mortero-maestro-holcim-apasco-distribuidor-panel-rey.png","width":499,"height":500,"caption":"mortero-maestro-holcim-apasco-distribuidor-panel-rey"},{"@type":"BreadcrumbList","@id":"https:\/\/distribuidorpanelrey.com.mx\/producto\/apasco-mortero\/#breadcrumb","itemListElement":[{"@type":"ListItem","position":1,"name":"Portada","item":"https:\/\/distribuidorpanelrey.com.mx\/"},{"@type":"ListItem","position":2,"name":"Productos","item":"https:\/\/distribuidorpanelrey.com\/tienda\/"},{"@type":"ListItem","position":3,"name":"HOLCIM MORTERO"}]},{"@type":"WebSite","@id":"https:\/\/distribuidorpanelrey.com\/#website","url":"https:\/\/distribuidorpanelrey.com\/","name":"PANEL REY MEXICO","description":"DISTRIBUIDOR PANEL REY","publisher":{"@id":"https:\/\/distribuidorpanelrey.com\/#organization"},"alternateName":"DISTRIBUIDOR PANEL REY","potentialAction":[{"@type":"SearchAction","target":{"@type":"EntryPoint","urlTemplate":"https:\/\/distribuidorpanelrey.com\/?s={search_term_string}"},"query-input":{"@type":"PropertyValueSpecification","valueRequired":true,"valueName":"search_term_string"}}],"inLanguage":"es"},{"@type":"Organization","@id":"https:\/\/distribuidorpanelrey.com\/#organization","name":"PANEL REY MEXICO","url":"https:\/\/distribuidorpanelrey.com\/","logo":{"@type":"ImageObject","inLanguage":"es","@id":"https:\/\/distribuidorpanelrey.com\/#\/schema\/logo\/image\/","url":"https:\/\/distribuidorpanelrey.com.mx\/wp-content\/uploads\/2023\/11\/panelrey.webp","contentUrl":"https:\/\/distribuidorpanelrey.com.mx\/wp-content\/uploads\/2023\/11\/panelrey.webp","width":400,"height":150,"caption":"PANEL REY MEXICO"},"image":{"@id":"https:\/\/distribuidorpanelrey.com\/#\/schema\/logo\/image\/"},"sameAs":["https:\/\/www.facebook.com\/mexicopanelrey\/?locale=es_LA","https:\/\/www.instagram.com\/panel_rey_mexico\/?hl=es"]}]}},"_links":{"self":[{"href":"https:\/\/distribuidorpanelrey.com.mx\/wp-json\/wp\/v2\/product\/1163","targetHints":{"allow":["GET"]}}],"collection":[{"href":"https:\/\/distribuidorpanelrey.com.mx\/wp-json\/wp\/v2\/product"}],"about":[{"href":"https:\/\/distribuidorpanelrey.com.mx\/wp-json\/wp\/v2\/types\/product"}],"replies":[{"embeddable":true,"href":"https:\/\/distribuidorpanelrey.com.mx\/wp-json\/wp\/v2\/comments?post=1163"}],"version-history":[{"count":3,"href":"https:\/\/distribuidorpanelrey.com.mx\/wp-json\/wp\/v2\/product\/1163\/revisions"}],"predecessor-version":[{"id":6626,"href":"https:\/\/distribuidorpanelrey.com.mx\/wp-json\/wp\/v2\/product\/1163\/revisions\/6626"}],"wp:featuredmedia":[{"embeddable":true,"href":"https:\/\/distribuidorpanelrey.com.mx\/wp-json\/wp\/v2\/media\/1164"}],"wp:attachment":[{"href":"https:\/\/distribuidorpanelrey.com.mx\/wp-json\/wp\/v2\/media?parent=1163"}],"wp:term":[{"taxonomy":"product_brand","embeddable":true,"href":"https:\/\/distribuidorpanelrey.com.mx\/wp-json\/wp\/v2\/product_brand?post=1163"},{"taxonomy":"product_cat","embeddable":true,"href":"https:\/\/distribuidorpanelrey.com.mx\/wp-json\/wp\/v2\/product_cat?post=1163"},{"taxonomy":"product_tag","embeddable":true,"href":"https:\/\/distribuidorpanelrey.com.mx\/wp-json\/wp\/v2\/product_tag?post=1163"}],"curies":[{"name":"wp","href":"https:\/\/api.w.org\/{rel}","templated":true}]}}