{"id":1166,"date":"2019-07-25T18:57:46","date_gmt":"2019-07-25T18:57:46","guid":{"rendered":"https:\/\/distribuidorpanelrey.com.mx\/?post_type=product&#038;p=1166"},"modified":"2025-08-18T04:19:56","modified_gmt":"2025-08-18T04:19:56","slug":"impac-5000","status":"publish","type":"product","link":"https:\/\/distribuidorpanelrey.com.mx\/producto\/impac-5000\/","title":{"rendered":"IMPAC 5000"},"content":{"rendered":"<h2>IMPAC 5000<\/h2>\n<p>IMPAC\u00ae 5000 Fibratado es un impermeabilizante formulado a base de resinas acr\u00edlicas y fibras sint\u00e9ticas. Posee las siguientes caracter\u00edsticas: Alto poder reflejante (color blanco), base agua, resistente a los movimientos normales de la construcci\u00f3n de losas monol\u00edticas , por lo que evita las filtraciones de humedad. Vida \u00fatil de 5 a\u00f1os.<\/p>\n<h5><span style=\"color: #000080;\"><b>DESCRIPCI\u00d3N<\/b><strong>:<\/strong><\/span><\/h5>\n<p>IMPAC 5000 Fibratado es un impermeabilizante formulado a base de resinas acr\u00edlicas y fibras sint\u00e9ticas. Posee las siguientes caracter\u00edsticas: Alto poder reflejante (color blanco), base agua, resistente a los movimientos normales de la construcci\u00f3n de losas monol\u00edticas , por lo que evita las filtraciones de humedad.<\/p>\n<h5><span style=\"color: #000080;\"><strong>MEDIDAS:<\/strong><\/span><\/h5>\n<ul>\n<li>19 LT<\/li>\n<li>3.8 L<\/li>\n<\/ul>\n<h5><span style=\"color: #000080;\"><strong>COLORES<\/strong><\/span><\/h5>\n<ul>\n<li>BLANCO<\/li>\n<li>ROJO TERRACOTA<\/li>\n<\/ul>\n<h5><span style=\"color: #000080;\"><strong>VENTAJAS:<\/strong><\/span><\/h5>\n<ul>\n<li>IMPAC 5000 Fibratado es muy f\u00e1cil de aplicar<\/li>\n<li>IMPAC 5000 Fibratado est\u00e1 dise\u00f1ado con fibras que substituyen el uso de tela de refuerzo (excepto en puntos cr\u00edticos) y puentea fisuras peque\u00f1as.<\/li>\n<li>Cuenta con el exclusivo filtro solar UV-SHIELD II que proporciona propiedades para conservar durante m\u00e1s tiempo la blancura (en el color blanco) y elasticidad del impermeabilizante<\/li>\n<li>Esta formulado en base acuosa.<\/li>\n<\/ul>\n<h5><span style=\"color: #000080;\"><strong>USOS:<\/strong><\/span><\/h5>\n<p>Se adhiere a los materiales de construcci\u00f3n m\u00e1s usuales, como concreto, l\u00e1mina galvanizada, fibrocemento, ladrillos,ductos, entre otros. Puede aplicarse con cepillo o brocha. Se aplica sobre cualquier tipo de construcci\u00f3n como: edificios institucionales y de vivienda, bodegas de almacenamiento, instalaciones industriales, comerciales y casas habitaci\u00f3n. Considere hacer un bandeo perimetral y en puntos cr\u00edticos con tela de s\u00faper refuerzo. Ver m\u00e1s informaci\u00f3n en la secci\u00f3n de Aplicaci\u00f3n.<\/p>\n<h5><span style=\"color: #000080;\"><strong>ALMACENAMIENTO:<\/strong><\/span><\/h5>\n<p>Almacene en lugar fresco y seco, con su tapa herm\u00e9ticamente colocada. No estibar m\u00e1s de tres cubetas.<\/p>\n<p>&nbsp;<\/p>\n<p><img fetchpriority=\"high\" decoding=\"async\" class=\"size-full wp-image-1240\" src=\"https:\/\/distribuidorpanelrey.com.mx\/wp-content\/uploads\/2019\/07\/Captura-1.png\" alt=\"\" width=\"381\" height=\"220\" srcset=\"https:\/\/distribuidorpanelrey.com.mx\/wp-content\/uploads\/2019\/07\/Captura-1.png 381w, https:\/\/distribuidorpanelrey.com.mx\/wp-content\/uploads\/2019\/07\/Captura-1-64x37.png 64w, https:\/\/distribuidorpanelrey.com.mx\/wp-content\/uploads\/2019\/07\/Captura-1-300x173.png 300w\" sizes=\"(max-width: 381px) 100vw, 381px\" \/><\/p>\n<h5><span style=\"color: #000080;\"><strong>RECOMENDACIONES:<\/strong><\/span><\/h5>\n<p>No debe ser aplicado a temperatura ambiente inferior a 10\u00ba C o mayor a 45\u00ba C ni en d\u00edas lluviosos o con amenaza de precipitaci\u00f3n (consultar el pron\u00f3stico del clima de las siguientes 72 horas). Evite aplicar sobre superficies h\u00famedas. No aplicar cuando la h\u00famedad relativa sea mayor del 85%, como en d\u00edas u horas con brisa, bruma, neblina, rocio, etc. Cualquier salpicadura del material sobre la piel, l\u00e1vese con agua y jab\u00f3n. Lavar la herramienta con agua despu\u00e9s de usarla.Este producto esta listo para usarse, no agregar agua. Respete el rendimiento. El adulterar \u00e9ste producto o aplicar a un rendimiento mayor al recomendado puede no hacer v\u00e1lida la garant\u00eda.<\/p>\n<p><strong>NO SE DEJE AL ALCANCE DE LOS NI\u00d1OS<\/strong><\/p>\n<h5><span style=\"color: #000080;\"><strong>APLICACIONES:<\/strong><\/span><\/h5>\n<p>Planee su trabajo de impermeabilizaci\u00f3n; reparaciones a su techo, \u00e1reas, cantidad de material necesario, tiempos de secado, clima favorable, construcci\u00f3n. Considere material extra para bandeo perimetral, refuerzo de puntos cr\u00edticos como uniones de losa, chaflanes, respiraderos, bases de tragaluces, tinacos, antenas, y respiraderos. El rendimiento del impermeabilizante IMPAC es de 1.0 metros cuadrados por litro a dos manos (19 metros cuadrados por cada cubeta de 19 litros).<\/p>\n<ol>\n<li>Limpie perfectamente la superficie a impermeabilizar. Elimine polvo, arenas, piedras, basura, aceites, grasas, etc. Limpie drenajes.<\/li>\n<li>Aplique una mano de IMPAC\u00ae Sello (directo sin diluir) en toda la superficie con cepillo de ixtle, brocha, o rodillo. Cuidando de no dejar \u00e1reas sin sellar. Deje secar de 1 a 3 horas.<\/li>\n<li>Resane grietas y fisuras peque\u00f1as con IMPAC\u00ae Cemento Pl\u00e1stico, para esto utilice una esp\u00e1tula. Deje secar por 1 a 3 horas. En esta etapa puede hacer el bandeo perimetral (Impermeabilizante &#8211; Tela de S\u00faper Refuerzo &#8211; Impermeabilizante) y de puntos cr\u00edticos de grietas (Cemento Pl\u00e1stico &#8211; Tela de S\u00faper Refuerzo &#8211; Cemento Pl\u00e1stico).<\/li>\n<li>Aplique la primer mano de impermeabilizante IMPAC Fibratado con cepillo de ixtle o brocha, a un rendimiento de 0.5 litros por metro cuadrado. Deje secar por 4-8 horas<\/li>\n<li>Una vez seca la primera mano de impermeabilizante aplique una segunda mano de IMPAC\u00ae Fibratado a un rendimiento de 0.5 litros por metro cuadrado en sentido transversal a la primera. Deje secar por 24<br \/>\nhoras.<\/li>\n<\/ol>\n<h6><strong>Para superficies con sistemas de losas prefabricadas y aligeradas tales como; vigeta-bovedilla, \u201cT\u201d y \u201cTT\u201d, espancret, etc.<\/strong><\/h6>\n<p>Usar Tela de S\u00faper Refuerzo en todo el cuerpo de la losa y una buena preparaci\u00f3n de puntos cr\u00edticos, siga las siguientes indicaciones.<\/p>\n<p>Conforme aplique la primer mano de impermeabilizante vaya colocando Tela de S\u00faper Refuerzo cuidando de que la tela se introduzca parcialmente en el impermeabilizante y \u00e9ste la humecte antes de que se seque. Aseg\u00farese que la tela no quede levantada y forme bolsas o globos de aire. Deje secar la primer mano con tela de 3 a 6 horas. Despu\u00e9s aplique la segunda mano de impermeabilizante que cubra la tela. Recuerde de que si utiliza Tela de S\u00faper Refuerzo el rendimiento del impermeabilizante disminuye<\/p>\n<p>&nbsp;<\/p>\n<p style=\"text-align: center;\">En\u00a0<strong data-start=\"82\" data-end=\"115\">Distribuidor Panel Rey M\u00e9xico<\/strong> encuentras calidad y confianza en productos <strong>Acero.<\/strong><br data-start=\"173\" data-end=\"176\" \/>\u2705 Env\u00edos a toda la Rep\u00fablica Mexicana. \u00a1Pregunta por nuestras promociones vigentes!<br data-start=\"259\" data-end=\"262\" data-is-only-node=\"\" \/>\u2705 Todos los precios incluyen IVA (sujetos a cambio sin previo aviso).<br data-start=\"331\" data-end=\"334\" \/>\u2705 Im\u00e1genes ilustrativas, el producto final puede presentar ligeras variaciones.<br data-start=\"413\" data-end=\"416\" \/>\ud83d\udcac \u00bfTienes dudas? Escr\u00edbenos por\u00a0<a href=\"https:\/\/www.facebook.com\/mexicopanelrey\">Facebook<\/a>\u00a0o\u00a0<a href=\"https:\/\/www.instagram.com\/panel_rey_mexico\/\">Instagram<\/a>.<br data-start=\"470\" data-end=\"473\" \/>\ud83d\udcde Tel:\u00a0<a href=\"tel:55 7397 6243\">55 7397 6243<\/a>\u00a0| WhatsApp:\u00a0<a href=\"https:\/\/api.whatsapp.com\/send?phone=525573976243\">5573976243<\/a><br data-start=\"518\" data-end=\"521\" \/>\ud83d\udce7\u00a0<a class=\"cursor-pointer\" href=\"mailto:ventas@distribuidorpanelrey.com\" rel=\"noopener\" data-start=\"524\" data-end=\"555\">ventas@distribuidorpanelrey.com<\/a><\/p>\n","protected":false},"excerpt":{"rendered":"<h4 style=\"text-align: center;\">Env\u00edos de 24 a 48 hr CDMX Y EDO MEX<\/h4>\n<p style=\"text-align: center;\">Rese\u00f1as\u00a0\u2605\u2605\u2605\u2605\u2605\u00a0 Env\u00edos Garantizados<\/p>\n<h4 style=\"text-align: center;\">\ud83d\udd25LOS MEJORES PRECIOS \ud83d\udd25<\/h4>\n","protected":false},"featured_media":1167,"comment_status":"closed","ping_status":"closed","template":"","meta":[],"product_brand":[559],"product_cat":[348],"product_tag":[199,191,200,188,201,146,185,149,190,177,189],"class_list":{"0":"post-1166","1":"product","2":"type-product","3":"status-publish","4":"has-post-thumbnail","6":"product_brand-impac","7":"product_cat-impermeabilizante","8":"product_tag-base-agua","9":"product_tag-blanco","10":"product_tag-cubeta","11":"product_tag-fibratado","12":"product_tag-galon","13":"product_tag-impac","14":"product_tag-impac-5000","15":"product_tag-impermeabilizante","16":"product_tag-impermebilizar","17":"product_tag-resanador","18":"product_tag-terracota","20":"first","21":"instock","22":"shipping-taxable","23":"purchasable","24":"product-type-variable"},"yoast_head":"<!-- This site is optimized with the Yoast SEO plugin v27.1.1 - https:\/\/yoast.com\/product\/yoast-seo-wordpress\/ -->\n<title>IMPAC 5000 - PANEL REY MEXICO | \u00a1Encuentralo aqui!<\/title>\n<meta name=\"description\" content=\"IMPAC 5000. \u00a1Encuentra y cotiza todos tus productos aqui en Distribuidor Panel Rey Mexico, tenemos los mejores precios en los mejores productos!\" \/>\n<meta name=\"robots\" content=\"index, follow, max-snippet:-1, max-image-preview:large, max-video-preview:-1\" \/>\n<link rel=\"canonical\" href=\"https:\/\/distribuidorpanelrey.com.mx\/producto\/impac-5000\/\" \/>\n<meta property=\"og:locale\" content=\"es_ES\" \/>\n<meta property=\"og:type\" content=\"article\" \/>\n<meta property=\"og:title\" content=\"IMPAC 5000 - PANEL REY MEXICO | \u00a1Encuentralo aqui!\" \/>\n<meta property=\"og:description\" content=\"IMPAC 5000. \u00a1Encuentra y cotiza todos tus productos aqui en Distribuidor Panel Rey Mexico, tenemos los mejores precios en los mejores productos!\" \/>\n<meta property=\"og:url\" content=\"https:\/\/distribuidorpanelrey.com.mx\/producto\/impac-5000\/\" \/>\n<meta property=\"og:site_name\" content=\"PANEL REY MEXICO\" \/>\n<meta property=\"article:publisher\" content=\"https:\/\/www.facebook.com\/mexicopanelrey\/?locale=es_LA\" \/>\n<meta property=\"article:modified_time\" content=\"2025-08-18T04:19:56+00:00\" \/>\n<meta property=\"og:image\" content=\"https:\/\/distribuidorpanelrey.com.mx\/wp-content\/uploads\/2019\/07\/IMPAC-5000-DISTRIBUIDOR-PANEL-REY.png\" \/>\n\t<meta property=\"og:image:width\" content=\"499\" \/>\n\t<meta property=\"og:image:height\" content=\"500\" \/>\n\t<meta property=\"og:image:type\" content=\"image\/png\" \/>\n<meta name=\"twitter:card\" content=\"summary_large_image\" \/>\n<meta name=\"twitter:label1\" content=\"Tiempo de lectura\" \/>\n\t<meta name=\"twitter:data1\" content=\"5 minutos\" \/>\n<script type=\"application\/ld+json\" class=\"yoast-schema-graph\">{\"@context\":\"https:\/\/schema.org\",\"@graph\":[{\"@type\":\"WebPage\",\"@id\":\"https:\/\/distribuidorpanelrey.com.mx\/producto\/impac-5000\/\",\"url\":\"https:\/\/distribuidorpanelrey.com.mx\/producto\/impac-5000\/\",\"name\":\"IMPAC 5000 - PANEL REY MEXICO | \u00a1Encuentralo aqui!\",\"isPartOf\":{\"@id\":\"https:\/\/distribuidorpanelrey.com\/#website\"},\"primaryImageOfPage\":{\"@id\":\"https:\/\/distribuidorpanelrey.com.mx\/producto\/impac-5000\/#primaryimage\"},\"image\":{\"@id\":\"https:\/\/distribuidorpanelrey.com.mx\/producto\/impac-5000\/#primaryimage\"},\"thumbnailUrl\":\"https:\/\/distribuidorpanelrey.com.mx\/wp-content\/uploads\/2019\/07\/IMPAC-5000-DISTRIBUIDOR-PANEL-REY.png\",\"datePublished\":\"2019-07-25T18:57:46+00:00\",\"dateModified\":\"2025-08-18T04:19:56+00:00\",\"description\":\"IMPAC 5000. \u00a1Encuentra y cotiza todos tus productos aqui en Distribuidor Panel Rey Mexico, tenemos los mejores precios en los mejores productos!\",\"breadcrumb\":{\"@id\":\"https:\/\/distribuidorpanelrey.com.mx\/producto\/impac-5000\/#breadcrumb\"},\"inLanguage\":\"es\",\"potentialAction\":[{\"@type\":\"ReadAction\",\"target\":[\"https:\/\/distribuidorpanelrey.com.mx\/producto\/impac-5000\/\"]}]},{\"@type\":\"ImageObject\",\"inLanguage\":\"es\",\"@id\":\"https:\/\/distribuidorpanelrey.com.mx\/producto\/impac-5000\/#primaryimage\",\"url\":\"https:\/\/distribuidorpanelrey.com.mx\/wp-content\/uploads\/2019\/07\/IMPAC-5000-DISTRIBUIDOR-PANEL-REY.png\",\"contentUrl\":\"https:\/\/distribuidorpanelrey.com.mx\/wp-content\/uploads\/2019\/07\/IMPAC-5000-DISTRIBUIDOR-PANEL-REY.png\",\"width\":499,\"height\":500,\"caption\":\"IMPAC-5000-DISTRIBUIDOR-PANEL-REY\"},{\"@type\":\"BreadcrumbList\",\"@id\":\"https:\/\/distribuidorpanelrey.com.mx\/producto\/impac-5000\/#breadcrumb\",\"itemListElement\":[{\"@type\":\"ListItem\",\"position\":1,\"name\":\"Portada\",\"item\":\"https:\/\/distribuidorpanelrey.com.mx\/\"},{\"@type\":\"ListItem\",\"position\":2,\"name\":\"Productos\",\"item\":\"https:\/\/distribuidorpanelrey.com\/tienda\/\"},{\"@type\":\"ListItem\",\"position\":3,\"name\":\"IMPAC 5000\"}]},{\"@type\":\"WebSite\",\"@id\":\"https:\/\/distribuidorpanelrey.com\/#website\",\"url\":\"https:\/\/distribuidorpanelrey.com\/\",\"name\":\"PANEL REY MEXICO\",\"description\":\"DISTRIBUIDOR PANEL REY\",\"publisher\":{\"@id\":\"https:\/\/distribuidorpanelrey.com\/#organization\"},\"alternateName\":\"DISTRIBUIDOR PANEL REY\",\"potentialAction\":[{\"@type\":\"SearchAction\",\"target\":{\"@type\":\"EntryPoint\",\"urlTemplate\":\"https:\/\/distribuidorpanelrey.com\/?s={search_term_string}\"},\"query-input\":{\"@type\":\"PropertyValueSpecification\",\"valueRequired\":true,\"valueName\":\"search_term_string\"}}],\"inLanguage\":\"es\"},{\"@type\":\"Organization\",\"@id\":\"https:\/\/distribuidorpanelrey.com\/#organization\",\"name\":\"PANEL REY MEXICO\",\"url\":\"https:\/\/distribuidorpanelrey.com\/\",\"logo\":{\"@type\":\"ImageObject\",\"inLanguage\":\"es\",\"@id\":\"https:\/\/distribuidorpanelrey.com\/#\/schema\/logo\/image\/\",\"url\":\"https:\/\/distribuidorpanelrey.com.mx\/wp-content\/uploads\/2023\/11\/panelrey.webp\",\"contentUrl\":\"https:\/\/distribuidorpanelrey.com.mx\/wp-content\/uploads\/2023\/11\/panelrey.webp\",\"width\":400,\"height\":150,\"caption\":\"PANEL REY MEXICO\"},\"image\":{\"@id\":\"https:\/\/distribuidorpanelrey.com\/#\/schema\/logo\/image\/\"},\"sameAs\":[\"https:\/\/www.facebook.com\/mexicopanelrey\/?locale=es_LA\",\"https:\/\/www.instagram.com\/panel_rey_mexico\/?hl=es\"]}]}<\/script>\n<!-- \/ Yoast SEO plugin. -->","yoast_head_json":{"title":"IMPAC 5000 - PANEL REY MEXICO | \u00a1Encuentralo aqui!","description":"IMPAC 5000. \u00a1Encuentra y cotiza todos tus productos aqui en Distribuidor Panel Rey Mexico, tenemos los mejores precios en los mejores productos!","robots":{"index":"index","follow":"follow","max-snippet":"max-snippet:-1","max-image-preview":"max-image-preview:large","max-video-preview":"max-video-preview:-1"},"canonical":"https:\/\/distribuidorpanelrey.com.mx\/producto\/impac-5000\/","og_locale":"es_ES","og_type":"article","og_title":"IMPAC 5000 - PANEL REY MEXICO | \u00a1Encuentralo aqui!","og_description":"IMPAC 5000. \u00a1Encuentra y cotiza todos tus productos aqui en Distribuidor Panel Rey Mexico, tenemos los mejores precios en los mejores productos!","og_url":"https:\/\/distribuidorpanelrey.com.mx\/producto\/impac-5000\/","og_site_name":"PANEL REY MEXICO","article_publisher":"https:\/\/www.facebook.com\/mexicopanelrey\/?locale=es_LA","article_modified_time":"2025-08-18T04:19:56+00:00","og_image":[{"width":499,"height":500,"url":"https:\/\/distribuidorpanelrey.com.mx\/wp-content\/uploads\/2019\/07\/IMPAC-5000-DISTRIBUIDOR-PANEL-REY.png","type":"image\/png"}],"twitter_card":"summary_large_image","twitter_misc":{"Tiempo de lectura":"5 minutos"},"schema":{"@context":"https:\/\/schema.org","@graph":[{"@type":"WebPage","@id":"https:\/\/distribuidorpanelrey.com.mx\/producto\/impac-5000\/","url":"https:\/\/distribuidorpanelrey.com.mx\/producto\/impac-5000\/","name":"IMPAC 5000 - PANEL REY MEXICO | \u00a1Encuentralo aqui!","isPartOf":{"@id":"https:\/\/distribuidorpanelrey.com\/#website"},"primaryImageOfPage":{"@id":"https:\/\/distribuidorpanelrey.com.mx\/producto\/impac-5000\/#primaryimage"},"image":{"@id":"https:\/\/distribuidorpanelrey.com.mx\/producto\/impac-5000\/#primaryimage"},"thumbnailUrl":"https:\/\/distribuidorpanelrey.com.mx\/wp-content\/uploads\/2019\/07\/IMPAC-5000-DISTRIBUIDOR-PANEL-REY.png","datePublished":"2019-07-25T18:57:46+00:00","dateModified":"2025-08-18T04:19:56+00:00","description":"IMPAC 5000. \u00a1Encuentra y cotiza todos tus productos aqui en Distribuidor Panel Rey Mexico, tenemos los mejores precios en los mejores productos!","breadcrumb":{"@id":"https:\/\/distribuidorpanelrey.com.mx\/producto\/impac-5000\/#breadcrumb"},"inLanguage":"es","potentialAction":[{"@type":"ReadAction","target":["https:\/\/distribuidorpanelrey.com.mx\/producto\/impac-5000\/"]}]},{"@type":"ImageObject","inLanguage":"es","@id":"https:\/\/distribuidorpanelrey.com.mx\/producto\/impac-5000\/#primaryimage","url":"https:\/\/distribuidorpanelrey.com.mx\/wp-content\/uploads\/2019\/07\/IMPAC-5000-DISTRIBUIDOR-PANEL-REY.png","contentUrl":"https:\/\/distribuidorpanelrey.com.mx\/wp-content\/uploads\/2019\/07\/IMPAC-5000-DISTRIBUIDOR-PANEL-REY.png","width":499,"height":500,"caption":"IMPAC-5000-DISTRIBUIDOR-PANEL-REY"},{"@type":"BreadcrumbList","@id":"https:\/\/distribuidorpanelrey.com.mx\/producto\/impac-5000\/#breadcrumb","itemListElement":[{"@type":"ListItem","position":1,"name":"Portada","item":"https:\/\/distribuidorpanelrey.com.mx\/"},{"@type":"ListItem","position":2,"name":"Productos","item":"https:\/\/distribuidorpanelrey.com\/tienda\/"},{"@type":"ListItem","position":3,"name":"IMPAC 5000"}]},{"@type":"WebSite","@id":"https:\/\/distribuidorpanelrey.com\/#website","url":"https:\/\/distribuidorpanelrey.com\/","name":"PANEL REY MEXICO","description":"DISTRIBUIDOR PANEL REY","publisher":{"@id":"https:\/\/distribuidorpanelrey.com\/#organization"},"alternateName":"DISTRIBUIDOR PANEL REY","potentialAction":[{"@type":"SearchAction","target":{"@type":"EntryPoint","urlTemplate":"https:\/\/distribuidorpanelrey.com\/?s={search_term_string}"},"query-input":{"@type":"PropertyValueSpecification","valueRequired":true,"valueName":"search_term_string"}}],"inLanguage":"es"},{"@type":"Organization","@id":"https:\/\/distribuidorpanelrey.com\/#organization","name":"PANEL REY MEXICO","url":"https:\/\/distribuidorpanelrey.com\/","logo":{"@type":"ImageObject","inLanguage":"es","@id":"https:\/\/distribuidorpanelrey.com\/#\/schema\/logo\/image\/","url":"https:\/\/distribuidorpanelrey.com.mx\/wp-content\/uploads\/2023\/11\/panelrey.webp","contentUrl":"https:\/\/distribuidorpanelrey.com.mx\/wp-content\/uploads\/2023\/11\/panelrey.webp","width":400,"height":150,"caption":"PANEL REY MEXICO"},"image":{"@id":"https:\/\/distribuidorpanelrey.com\/#\/schema\/logo\/image\/"},"sameAs":["https:\/\/www.facebook.com\/mexicopanelrey\/?locale=es_LA","https:\/\/www.instagram.com\/panel_rey_mexico\/?hl=es"]}]}},"_links":{"self":[{"href":"https:\/\/distribuidorpanelrey.com.mx\/wp-json\/wp\/v2\/product\/1166","targetHints":{"allow":["GET"]}}],"collection":[{"href":"https:\/\/distribuidorpanelrey.com.mx\/wp-json\/wp\/v2\/product"}],"about":[{"href":"https:\/\/distribuidorpanelrey.com.mx\/wp-json\/wp\/v2\/types\/product"}],"replies":[{"embeddable":true,"href":"https:\/\/distribuidorpanelrey.com.mx\/wp-json\/wp\/v2\/comments?post=1166"}],"version-history":[{"count":4,"href":"https:\/\/distribuidorpanelrey.com.mx\/wp-json\/wp\/v2\/product\/1166\/revisions"}],"predecessor-version":[{"id":5045,"href":"https:\/\/distribuidorpanelrey.com.mx\/wp-json\/wp\/v2\/product\/1166\/revisions\/5045"}],"wp:featuredmedia":[{"embeddable":true,"href":"https:\/\/distribuidorpanelrey.com.mx\/wp-json\/wp\/v2\/media\/1167"}],"wp:attachment":[{"href":"https:\/\/distribuidorpanelrey.com.mx\/wp-json\/wp\/v2\/media?parent=1166"}],"wp:term":[{"taxonomy":"product_brand","embeddable":true,"href":"https:\/\/distribuidorpanelrey.com.mx\/wp-json\/wp\/v2\/product_brand?post=1166"},{"taxonomy":"product_cat","embeddable":true,"href":"https:\/\/distribuidorpanelrey.com.mx\/wp-json\/wp\/v2\/product_cat?post=1166"},{"taxonomy":"product_tag","embeddable":true,"href":"https:\/\/distribuidorpanelrey.com.mx\/wp-json\/wp\/v2\/product_tag?post=1166"}],"curies":[{"name":"wp","href":"https:\/\/api.w.org\/{rel}","templated":true}]}}