{"id":1191,"date":"2019-07-31T18:50:44","date_gmt":"2019-07-31T18:50:44","guid":{"rendered":"https:\/\/distribuidorpanelrey.com.mx\/?post_type=product&#038;p=1191"},"modified":"2025-12-05T15:16:17","modified_gmt":"2025-12-05T15:16:17","slug":"impac-3000","status":"publish","type":"product","link":"https:\/\/distribuidorpanelrey.com.mx\/producto\/impac-3000\/","title":{"rendered":"IMPAC 3000"},"content":{"rendered":"<p>IMPAC 3000<\/p>\n<p>&nbsp;<\/p>\n<p>&nbsp;<\/p>\n<h5><span style=\"color: #000080;\"><b>DESCRIPCI\u00d3N<\/b><strong>:<\/strong><\/span><\/h5>\n<p>IMPAC\u00ae 3000 Fibratado es un impermeabilizante formulado a base de resinas acr\u00edlicas y fibras sint\u00e9ticas.<br \/>\nPosee las siguientes caracter\u00edsticas: Alto poder reflejante (color blanco), base agua, resistente a los movimientos<br \/>\nnormales de la construcci\u00f3n de losas monol\u00edticas , por lo que evita las filtraciones de humedad, y brinda una mejor<br \/>\nadherencia.<\/p>\n<p>&nbsp;<\/p>\n<p>&nbsp;<\/p>\n<h5><span style=\"color: #000080;\"><strong>MEDIDAS:<\/strong><\/span><\/h5>\n<ul>\n<li>19 L<\/li>\n<li>3.8 L<\/li>\n<\/ul>\n<p>&nbsp;<\/p>\n<h5><span style=\"color: #000080;\"><strong>COLOR:<\/strong><\/span><\/h5>\n<ul>\n<li>BLANCO<\/li>\n<li>ROJO TERRACOTA<\/li>\n<\/ul>\n<p>&nbsp;<\/p>\n<h5><span style=\"color: #000080;\"><strong>VENTAJAS:<\/strong><\/span><\/h5>\n<ul>\n<li>IMPAC\u00ae 3000 Fibratado es muy f\u00e1cil de aplicar.<\/li>\n<li>IMPAC\u00ae 3000 Fibratado est\u00e1 dise\u00f1ado con fibras que substituyen el uso de tela de refuerzo (excepto en puntos cr\u00edticos) y puentea fisuras peque\u00f1as.<\/li>\n<li>Mayor adherencia.<\/li>\n<li>Cuenta con el exclusivo filtro solar UV-SHIELD II que proporciona propiedades para conservar durante m\u00e1s tiempo la blancura (en el color blanco) y elasticidad del impermeabilizante.<\/li>\n<li>Esta formulado en base acuosa.<\/li>\n<\/ul>\n<p>&nbsp;<\/p>\n<h5><span style=\"color: #000080;\"><strong>USOS:<\/strong><\/span><\/h5>\n<p>Se adhiere a los materiales de construcci\u00f3n m\u00e1s usuales, como concreto, l\u00e1mina galvanizada, fibrocemento,<br \/>\nladrillos, ductos, entre otros.<br \/>\nPuede aplicarse con cepillo o brocha. Se aplica sobre cualquier tipo de construcci\u00f3n como: edificios institucionales y de vivienda, bodegas de almacenamiento, instalaciones industriales, comerciales y casas habitaci\u00f3n. Considere hacer un bandeo perimetral y en puntos cr\u00edticos con tela de s\u00faper refuerzo. Ver m\u00e1s informaci\u00f3n en la secci\u00f3n de Aplicaci\u00f3n.<\/p>\n<p>&nbsp;<\/p>\n<h5><span style=\"color: #000080;\"><strong>ALMACENAMIENTO:<\/strong><\/span><\/h5>\n<p>Almacene bajo techo en lugar fresco y seco, con su tapa herm\u00e9ticamente colocada. No estibar m\u00e1s de tres cubetas.<\/p>\n<p>&nbsp;<\/p>\n<p><img fetchpriority=\"high\" decoding=\"async\" class=\" wp-image-1238\" src=\"https:\/\/distribuidorpanelrey.com.mx\/wp-content\/uploads\/2019\/07\/Captura.png\" alt=\"\" width=\"352\" height=\"217\" srcset=\"https:\/\/distribuidorpanelrey.com.mx\/wp-content\/uploads\/2019\/07\/Captura.png 346w, https:\/\/distribuidorpanelrey.com.mx\/wp-content\/uploads\/2019\/07\/Captura-64x39.png 64w, https:\/\/distribuidorpanelrey.com.mx\/wp-content\/uploads\/2019\/07\/Captura-300x185.png 300w\" sizes=\"(max-width: 352px) 100vw, 352px\" \/><\/p>\n<p>&nbsp;<\/p>\n<h5><span style=\"color: #000080;\"><strong>RECOMENDACIONES:<\/strong><\/span><\/h5>\n<p>No debe ser aplicado a temperatura ambiente inferior a 10\u00ba C o mayor a 45\u00ba C ni en d\u00edas lluviosos o con amenaza de precipitaci\u00f3n (consultar el pron\u00f3stico del clima de las siguientes 72 horas). Se debe evitar aplicar sobre superficies h\u00famedas. No aplicar cuando la h\u00famedad relativa sea mayor del 85%, como en d\u00edas u horas con brisa, bruma, neblina, rocio, etc. Cualquier salpicadura del material sobre la piel, l\u00e1vese con agua y jab\u00f3n. Lavar la herramienta con agua despu\u00e9s de usarla.Este producto esta listo para usarse, no agregar agua. Respete el rendimiento. El adulterar \u00e9ste producto o aplicar a un rendimiento mayor al recomendado puede no hacer v\u00e1lida la garant\u00eda.<\/p>\n<p>Aseg\u00farese que el techo tenga declive (al menos 2%), suficientes drenajes (desagues), aristas y\/o diamantes, para evitar el estancamiento (encharcamiento) de agua, ya que \u00e9ste producto no est\u00e1 dise\u00f1ado para inmersi\u00f3n prolongada en agua. Los tiempos de secado pueden variar de con la temperatura, humedad relativa, y velocidad del viento. Se responder\u00e1 la garant\u00eda de \u00e9ste producto en forma proporcional al tiempo de vida restante del producto aplicado si llega a fallar.<br \/>\n<strong>NO SE DEJE AL ALCANCE DE LOS NI\u00d1OS <\/strong><\/p>\n<p>&nbsp;<\/p>\n<h5><span style=\"color: #000080;\">APLICACI\u00d3N:<\/span><\/h5>\n<p>Planee su trabajo de impermeabilizaci\u00f3n; reparaciones a su techo, \u00e1reas, cantidad de material necesario, tiempos de secado, clima favorable, construcci\u00f3n. Considere material extra para bandeo perimetral, refuerzo de puntos cr\u00edticos como uniones de losa, chaflanes, respiraderos, bases de tragaluces, tinacos, antenas, y respiraderos. El rendimiento del impermeabilizante IMPAC es de 1.0 metros cuadrados por litro a dos manos (19 metros cuadrados por cada cubeta de 19 litros).<\/p>\n<ol>\n<li>Limpie perfectamente la superficie a impermeabilizar. Elimine polvo, arenas, piedras, basura, aceites, grasas, etc. Limpie drenajes.<\/li>\n<li>Aplique una mano de IMPAC\u00ae Sello (directo sin diluir) en toda la superficie con cepillo de ixtle, brocha, o rodillo. Cuidando de no dejar \u00e1reas sin sellar. Deje secar de 1 a 3 horas.<\/li>\n<li>Resane grietas y fisuras peque\u00f1as con IMPAC Cemento Pl\u00e1stico, para esto utilice una esp\u00e1tula. Dejescar por 1 a 3 horas. En esta etapa puede hacer el bandeo perimetral (Impermeabilizante &#8211; Tela de S\u00faper Refuerzo &#8211; Impermeabilizante) y de ntos cr\u00edticos de grietas (Cemento Pl\u00e1stico &#8211; Tela de S\u00faper Refuerzo &#8211; Cemento Pl\u00e1stico).<\/li>\n<li>\u00a0Aplique la primer mano de impermeabilizante IMPAC\u00ae Fibratado con cepillo de ixtle o brocha, a un rendimiento de 0.5 litros por metro cuadrado. Deje secar por 4-8 horas.<\/li>\n<li>Una vez seca la primera mano de impermeabilizante aplique una segunda mano de IMPAC\u00ae Fibratado a un rendimiento de 0.5 litros por metro cuadrado en sentido transversal a la primera. Deje secar por 24 horas.<\/li>\n<\/ol>\n<h6>Para superficies con sistemas de losas prefabricadas y aligeradas tales como; vigeta-bovedilla, \u201cT\u201d y \u201cTT\u201d, espancret, etc.,<\/h6>\n<p>Usar Tela de S\u00faper Refuerzo en todo el cuerpo de la losa y una buena preparaci\u00f3n de puntos cr\u00edticos, siga las siguientes indicaciones:<br \/>\nConforme aplique la primer mano de impermeabilizante vaya colocando Tela de S\u00faper Refuerzo cuidando de que la tela se introduzca parcialmente en el impermeabilizante y \u00e9ste la humecte antes de que se seque.<br \/>\nAseg\u00farese que la tela no quede levantada y forme bolsas o globos de aire. Deje secar la primer mano con tela de 3<br \/>\na 6 horas. Despu\u00e9s aplique la segunda mano de impermeabilizante que cubra la tela.<br \/>\nRecuerde de que si utiliza Tela de S\u00faper Refuerzo el rendimiento del impermeabilizante disminuye.<\/p>\n<p>&nbsp;<\/p>\n<p style=\"text-align: center;\">*En Distribuidor Panel Rey Mexico nos esforzamos por ofrecerte los mejores productos de <a href=\"https:\/\/distribuidorpanelrey.com.mx\/producto\/impac-5000\/\">IMPAC<\/a><br \/>\n*La imagen puede diferir un poco del producto final *Los precios pueden variar sin previo aviso<br \/>\n*Los precios ya incluyen IVA *Se hacen env\u00edos a toda la Rep\u00fablica Mexicana, pregunte por nuestros descuentos en env\u00edos.<br \/>\n*Chatea con nosotros en nuestras redes sociales.<br \/>\n*Contactanos: Tel. 71-58-97-38 y 71-58-02-72.<br \/>\nNuestro correo: ventas@distribuidorpanelrey.com<br \/>\nDistribuidor Panel Rey Mexico<\/p>\n<p>&nbsp;<\/p>\n<p>&nbsp;<\/p>\n","protected":false},"excerpt":{"rendered":"<h4 style=\"text-align: center;\">Env\u00edos de 24 a 48 hr CDMX Y EDO MEX<\/h4>\n<p style=\"text-align: center;\">Rese\u00f1as\u00a0\u2605\u2605\u2605\u2605\u2605\u00a0 Env\u00edos Garantizados<\/p>\n<p style=\"text-align: center;\">Paga a meses o en efectivo.<\/p>\n<h4 style=\"text-align: center;\">\ud83d\udd25LOS MEJORES PRECIOS \ud83d\udd25<\/h4>\n","protected":false},"featured_media":1192,"comment_status":"closed","ping_status":"closed","template":"","meta":[],"product_brand":[559],"product_cat":[348],"product_tag":[191,188,182,146,184,185,149,190,177,189],"class_list":{"0":"post-1191","1":"product","2":"type-product","3":"status-publish","4":"has-post-thumbnail","6":"product_brand-impac","7":"product_cat-impermeabilizante","8":"product_tag-blanco","9":"product_tag-fibratado","10":"product_tag-grietas","11":"product_tag-impac","12":"product_tag-impac-3000","13":"product_tag-impac-5000","14":"product_tag-impermeabilizante","15":"product_tag-impermebilizar","16":"product_tag-resanador","17":"product_tag-terracota","19":"first","20":"instock","21":"shipping-taxable","22":"purchasable","23":"product-type-variable"},"yoast_head":"<!-- This site is optimized with the Yoast SEO plugin v27.1.1 - https:\/\/yoast.com\/product\/yoast-seo-wordpress\/ -->\n<title>IMPAC 3000 - PANEL REY MEXICO | \u00a1Encuentralo aqui!<\/title>\n<meta name=\"description\" content=\"IMPAC 3000. \u00a1Encuentra y cotiza todos tus productos aqui en Distribuidor Panel Rey Mexico, tenemos los mejores precios a los mejores precios!\" \/>\n<meta name=\"robots\" content=\"index, follow, max-snippet:-1, max-image-preview:large, max-video-preview:-1\" \/>\n<link rel=\"canonical\" href=\"https:\/\/distribuidorpanelrey.com.mx\/producto\/impac-3000\/\" \/>\n<meta property=\"og:locale\" content=\"es_ES\" \/>\n<meta property=\"og:type\" content=\"article\" \/>\n<meta property=\"og:title\" content=\"IMPAC 3000 - PANEL REY MEXICO | \u00a1Encuentralo aqui!\" \/>\n<meta property=\"og:description\" content=\"IMPAC 3000. \u00a1Encuentra y cotiza todos tus productos aqui en Distribuidor Panel Rey Mexico, tenemos los mejores precios a los mejores precios!\" \/>\n<meta property=\"og:url\" content=\"https:\/\/distribuidorpanelrey.com.mx\/producto\/impac-3000\/\" \/>\n<meta property=\"og:site_name\" content=\"PANEL REY MEXICO\" \/>\n<meta property=\"article:publisher\" content=\"https:\/\/www.facebook.com\/mexicopanelrey\/?locale=es_LA\" \/>\n<meta property=\"article:modified_time\" content=\"2025-12-05T15:16:17+00:00\" \/>\n<meta property=\"og:image\" content=\"https:\/\/distribuidorpanelrey.com.mx\/wp-content\/uploads\/2019\/07\/IMPAC-3000-DISTRIBUIDOR-PANEL-REY.png\" \/>\n\t<meta property=\"og:image:width\" content=\"500\" \/>\n\t<meta property=\"og:image:height\" content=\"500\" \/>\n\t<meta property=\"og:image:type\" content=\"image\/png\" \/>\n<meta name=\"twitter:card\" content=\"summary_large_image\" \/>\n<meta name=\"twitter:label1\" content=\"Tiempo de lectura\" \/>\n\t<meta name=\"twitter:data1\" content=\"5 minutos\" \/>\n<script type=\"application\/ld+json\" class=\"yoast-schema-graph\">{\"@context\":\"https:\/\/schema.org\",\"@graph\":[{\"@type\":\"WebPage\",\"@id\":\"https:\/\/distribuidorpanelrey.com.mx\/producto\/impac-3000\/\",\"url\":\"https:\/\/distribuidorpanelrey.com.mx\/producto\/impac-3000\/\",\"name\":\"IMPAC 3000 - PANEL REY MEXICO | \u00a1Encuentralo aqui!\",\"isPartOf\":{\"@id\":\"https:\/\/distribuidorpanelrey.com\/#website\"},\"primaryImageOfPage\":{\"@id\":\"https:\/\/distribuidorpanelrey.com.mx\/producto\/impac-3000\/#primaryimage\"},\"image\":{\"@id\":\"https:\/\/distribuidorpanelrey.com.mx\/producto\/impac-3000\/#primaryimage\"},\"thumbnailUrl\":\"https:\/\/distribuidorpanelrey.com.mx\/wp-content\/uploads\/2019\/07\/IMPAC-3000-DISTRIBUIDOR-PANEL-REY.png\",\"datePublished\":\"2019-07-31T18:50:44+00:00\",\"dateModified\":\"2025-12-05T15:16:17+00:00\",\"description\":\"IMPAC 3000. \u00a1Encuentra y cotiza todos tus productos aqui en Distribuidor Panel Rey Mexico, tenemos los mejores precios a los mejores precios!\",\"breadcrumb\":{\"@id\":\"https:\/\/distribuidorpanelrey.com.mx\/producto\/impac-3000\/#breadcrumb\"},\"inLanguage\":\"es\",\"potentialAction\":[{\"@type\":\"ReadAction\",\"target\":[\"https:\/\/distribuidorpanelrey.com.mx\/producto\/impac-3000\/\"]}]},{\"@type\":\"ImageObject\",\"inLanguage\":\"es\",\"@id\":\"https:\/\/distribuidorpanelrey.com.mx\/producto\/impac-3000\/#primaryimage\",\"url\":\"https:\/\/distribuidorpanelrey.com.mx\/wp-content\/uploads\/2019\/07\/IMPAC-3000-DISTRIBUIDOR-PANEL-REY.png\",\"contentUrl\":\"https:\/\/distribuidorpanelrey.com.mx\/wp-content\/uploads\/2019\/07\/IMPAC-3000-DISTRIBUIDOR-PANEL-REY.png\",\"width\":500,\"height\":500,\"caption\":\"IMPAC-3000-DISTRIBUIDOR-PANEL-REY\"},{\"@type\":\"BreadcrumbList\",\"@id\":\"https:\/\/distribuidorpanelrey.com.mx\/producto\/impac-3000\/#breadcrumb\",\"itemListElement\":[{\"@type\":\"ListItem\",\"position\":1,\"name\":\"Portada\",\"item\":\"https:\/\/distribuidorpanelrey.com.mx\/\"},{\"@type\":\"ListItem\",\"position\":2,\"name\":\"Productos\",\"item\":\"https:\/\/distribuidorpanelrey.com\/tienda\/\"},{\"@type\":\"ListItem\",\"position\":3,\"name\":\"IMPAC 3000\"}]},{\"@type\":\"WebSite\",\"@id\":\"https:\/\/distribuidorpanelrey.com\/#website\",\"url\":\"https:\/\/distribuidorpanelrey.com\/\",\"name\":\"PANEL REY MEXICO\",\"description\":\"DISTRIBUIDOR PANEL REY\",\"publisher\":{\"@id\":\"https:\/\/distribuidorpanelrey.com\/#organization\"},\"alternateName\":\"DISTRIBUIDOR PANEL REY\",\"potentialAction\":[{\"@type\":\"SearchAction\",\"target\":{\"@type\":\"EntryPoint\",\"urlTemplate\":\"https:\/\/distribuidorpanelrey.com\/?s={search_term_string}\"},\"query-input\":{\"@type\":\"PropertyValueSpecification\",\"valueRequired\":true,\"valueName\":\"search_term_string\"}}],\"inLanguage\":\"es\"},{\"@type\":\"Organization\",\"@id\":\"https:\/\/distribuidorpanelrey.com\/#organization\",\"name\":\"PANEL REY MEXICO\",\"url\":\"https:\/\/distribuidorpanelrey.com\/\",\"logo\":{\"@type\":\"ImageObject\",\"inLanguage\":\"es\",\"@id\":\"https:\/\/distribuidorpanelrey.com\/#\/schema\/logo\/image\/\",\"url\":\"https:\/\/distribuidorpanelrey.com.mx\/wp-content\/uploads\/2023\/11\/panelrey.webp\",\"contentUrl\":\"https:\/\/distribuidorpanelrey.com.mx\/wp-content\/uploads\/2023\/11\/panelrey.webp\",\"width\":400,\"height\":150,\"caption\":\"PANEL REY MEXICO\"},\"image\":{\"@id\":\"https:\/\/distribuidorpanelrey.com\/#\/schema\/logo\/image\/\"},\"sameAs\":[\"https:\/\/www.facebook.com\/mexicopanelrey\/?locale=es_LA\",\"https:\/\/www.instagram.com\/panel_rey_mexico\/?hl=es\"]}]}<\/script>\n<!-- \/ Yoast SEO plugin. -->","yoast_head_json":{"title":"IMPAC 3000 - PANEL REY MEXICO | \u00a1Encuentralo aqui!","description":"IMPAC 3000. \u00a1Encuentra y cotiza todos tus productos aqui en Distribuidor Panel Rey Mexico, tenemos los mejores precios a los mejores precios!","robots":{"index":"index","follow":"follow","max-snippet":"max-snippet:-1","max-image-preview":"max-image-preview:large","max-video-preview":"max-video-preview:-1"},"canonical":"https:\/\/distribuidorpanelrey.com.mx\/producto\/impac-3000\/","og_locale":"es_ES","og_type":"article","og_title":"IMPAC 3000 - PANEL REY MEXICO | \u00a1Encuentralo aqui!","og_description":"IMPAC 3000. \u00a1Encuentra y cotiza todos tus productos aqui en Distribuidor Panel Rey Mexico, tenemos los mejores precios a los mejores precios!","og_url":"https:\/\/distribuidorpanelrey.com.mx\/producto\/impac-3000\/","og_site_name":"PANEL REY MEXICO","article_publisher":"https:\/\/www.facebook.com\/mexicopanelrey\/?locale=es_LA","article_modified_time":"2025-12-05T15:16:17+00:00","og_image":[{"width":500,"height":500,"url":"https:\/\/distribuidorpanelrey.com.mx\/wp-content\/uploads\/2019\/07\/IMPAC-3000-DISTRIBUIDOR-PANEL-REY.png","type":"image\/png"}],"twitter_card":"summary_large_image","twitter_misc":{"Tiempo de lectura":"5 minutos"},"schema":{"@context":"https:\/\/schema.org","@graph":[{"@type":"WebPage","@id":"https:\/\/distribuidorpanelrey.com.mx\/producto\/impac-3000\/","url":"https:\/\/distribuidorpanelrey.com.mx\/producto\/impac-3000\/","name":"IMPAC 3000 - PANEL REY MEXICO | \u00a1Encuentralo aqui!","isPartOf":{"@id":"https:\/\/distribuidorpanelrey.com\/#website"},"primaryImageOfPage":{"@id":"https:\/\/distribuidorpanelrey.com.mx\/producto\/impac-3000\/#primaryimage"},"image":{"@id":"https:\/\/distribuidorpanelrey.com.mx\/producto\/impac-3000\/#primaryimage"},"thumbnailUrl":"https:\/\/distribuidorpanelrey.com.mx\/wp-content\/uploads\/2019\/07\/IMPAC-3000-DISTRIBUIDOR-PANEL-REY.png","datePublished":"2019-07-31T18:50:44+00:00","dateModified":"2025-12-05T15:16:17+00:00","description":"IMPAC 3000. \u00a1Encuentra y cotiza todos tus productos aqui en Distribuidor Panel Rey Mexico, tenemos los mejores precios a los mejores precios!","breadcrumb":{"@id":"https:\/\/distribuidorpanelrey.com.mx\/producto\/impac-3000\/#breadcrumb"},"inLanguage":"es","potentialAction":[{"@type":"ReadAction","target":["https:\/\/distribuidorpanelrey.com.mx\/producto\/impac-3000\/"]}]},{"@type":"ImageObject","inLanguage":"es","@id":"https:\/\/distribuidorpanelrey.com.mx\/producto\/impac-3000\/#primaryimage","url":"https:\/\/distribuidorpanelrey.com.mx\/wp-content\/uploads\/2019\/07\/IMPAC-3000-DISTRIBUIDOR-PANEL-REY.png","contentUrl":"https:\/\/distribuidorpanelrey.com.mx\/wp-content\/uploads\/2019\/07\/IMPAC-3000-DISTRIBUIDOR-PANEL-REY.png","width":500,"height":500,"caption":"IMPAC-3000-DISTRIBUIDOR-PANEL-REY"},{"@type":"BreadcrumbList","@id":"https:\/\/distribuidorpanelrey.com.mx\/producto\/impac-3000\/#breadcrumb","itemListElement":[{"@type":"ListItem","position":1,"name":"Portada","item":"https:\/\/distribuidorpanelrey.com.mx\/"},{"@type":"ListItem","position":2,"name":"Productos","item":"https:\/\/distribuidorpanelrey.com\/tienda\/"},{"@type":"ListItem","position":3,"name":"IMPAC 3000"}]},{"@type":"WebSite","@id":"https:\/\/distribuidorpanelrey.com\/#website","url":"https:\/\/distribuidorpanelrey.com\/","name":"PANEL REY MEXICO","description":"DISTRIBUIDOR PANEL REY","publisher":{"@id":"https:\/\/distribuidorpanelrey.com\/#organization"},"alternateName":"DISTRIBUIDOR PANEL REY","potentialAction":[{"@type":"SearchAction","target":{"@type":"EntryPoint","urlTemplate":"https:\/\/distribuidorpanelrey.com\/?s={search_term_string}"},"query-input":{"@type":"PropertyValueSpecification","valueRequired":true,"valueName":"search_term_string"}}],"inLanguage":"es"},{"@type":"Organization","@id":"https:\/\/distribuidorpanelrey.com\/#organization","name":"PANEL REY MEXICO","url":"https:\/\/distribuidorpanelrey.com\/","logo":{"@type":"ImageObject","inLanguage":"es","@id":"https:\/\/distribuidorpanelrey.com\/#\/schema\/logo\/image\/","url":"https:\/\/distribuidorpanelrey.com.mx\/wp-content\/uploads\/2023\/11\/panelrey.webp","contentUrl":"https:\/\/distribuidorpanelrey.com.mx\/wp-content\/uploads\/2023\/11\/panelrey.webp","width":400,"height":150,"caption":"PANEL REY MEXICO"},"image":{"@id":"https:\/\/distribuidorpanelrey.com\/#\/schema\/logo\/image\/"},"sameAs":["https:\/\/www.facebook.com\/mexicopanelrey\/?locale=es_LA","https:\/\/www.instagram.com\/panel_rey_mexico\/?hl=es"]}]}},"_links":{"self":[{"href":"https:\/\/distribuidorpanelrey.com.mx\/wp-json\/wp\/v2\/product\/1191","targetHints":{"allow":["GET"]}}],"collection":[{"href":"https:\/\/distribuidorpanelrey.com.mx\/wp-json\/wp\/v2\/product"}],"about":[{"href":"https:\/\/distribuidorpanelrey.com.mx\/wp-json\/wp\/v2\/types\/product"}],"replies":[{"embeddable":true,"href":"https:\/\/distribuidorpanelrey.com.mx\/wp-json\/wp\/v2\/comments?post=1191"}],"version-history":[{"count":3,"href":"https:\/\/distribuidorpanelrey.com.mx\/wp-json\/wp\/v2\/product\/1191\/revisions"}],"predecessor-version":[{"id":6657,"href":"https:\/\/distribuidorpanelrey.com.mx\/wp-json\/wp\/v2\/product\/1191\/revisions\/6657"}],"wp:featuredmedia":[{"embeddable":true,"href":"https:\/\/distribuidorpanelrey.com.mx\/wp-json\/wp\/v2\/media\/1192"}],"wp:attachment":[{"href":"https:\/\/distribuidorpanelrey.com.mx\/wp-json\/wp\/v2\/media?parent=1191"}],"wp:term":[{"taxonomy":"product_brand","embeddable":true,"href":"https:\/\/distribuidorpanelrey.com.mx\/wp-json\/wp\/v2\/product_brand?post=1191"},{"taxonomy":"product_cat","embeddable":true,"href":"https:\/\/distribuidorpanelrey.com.mx\/wp-json\/wp\/v2\/product_cat?post=1191"},{"taxonomy":"product_tag","embeddable":true,"href":"https:\/\/distribuidorpanelrey.com.mx\/wp-json\/wp\/v2\/product_tag?post=1191"}],"curies":[{"name":"wp","href":"https:\/\/api.w.org\/{rel}","templated":true}]}}