{"id":1206,"date":"2019-09-19T22:09:58","date_gmt":"2019-09-19T22:09:58","guid":{"rendered":"https:\/\/distribuidorpanelrey.com.mx\/?post_type=product&#038;p=1206"},"modified":"2025-12-05T14:37:20","modified_gmt":"2025-12-05T14:37:20","slug":"impac-cemento-plastico","status":"publish","type":"product","link":"https:\/\/distribuidorpanelrey.com.mx\/producto\/impac-cemento-plastico\/","title":{"rendered":"IMPAC CEMENTO PLASTICO"},"content":{"rendered":"<p>IMPAC CEMENTO PLASTICO.<\/p>\n<p>&nbsp;<\/p>\n<h5><strong><span style=\"color: #000080;\">MEDIDAS:<\/span><\/strong><\/h5>\n<ul>\n<li>1 KG<\/li>\n<\/ul>\n<p>&nbsp;<\/p>\n<h5><strong><span style=\"color: #000080;\">DESCRIPCI\u00d3N:<\/span><\/strong><\/h5>\n<p style=\"text-align: left;\">IMPAC Cemento Pl\u00e1stico es un resanador acr\u00edlico base agua en pasta para preparaci\u00f3n de superficie, altamente resistente al intemperismo, forma una pel\u00edcula impermeable que mantiene sus caracter\u00edsticas pl\u00e1sticas.<\/p>\n<p>&nbsp;<\/p>\n<h5><span style=\"color: #000080;\"><strong>VENTAJAS:<\/strong><\/span><\/h5>\n<ul>\n<li>Resana y repara grietas o fisuras de la losa.<\/li>\n<li>Evita la filtraci\u00f3n de humedad<\/li>\n<li>Contiene fibras de refuerzo para dar mayor resistencia<\/li>\n<li>No contiene asbesto<\/li>\n<li>Altamente resistente a contracciones y expansiones normales de toda construcci\u00f3n<\/li>\n<li>Base agua<\/li>\n<li>Altos s\u00f3lidos<\/li>\n<\/ul>\n<p>&nbsp;<\/p>\n<h5><span style=\"color: #000080;\"><strong>USOS:<\/strong><\/span><\/h5>\n<p>Es 100% compatible con los sistemas de impermeabilizaci\u00f3n acr\u00edlico. Puede combinarse con tela IMPAC\u00ae S\u00faper Refuerzo para \u00e1reas que requieran alta resistencia.<\/p>\n<p>&nbsp;<\/p>\n<h5><span style=\"color: #000080;\"><strong>RECOMENDACIONES:<\/strong><\/span><\/h5>\n<p>No debe ser aplicado a temperatura ambiente inferior a 10\u00ba C o mayor a 45\u00ba C ni en d\u00edas lluviosos o con amenaza de precipitaci\u00f3n (consultar el pron\u00f3stico del clima para las siguientes 72 horas). Se recomienda evitar aplicar sobre superficies h\u00famedas. Cualquier salpicadura del material sobre la piel, l\u00e1vese con agua y jab\u00f3n. Lavar la herramienta con agua despu\u00e9s de usarla. NO SE DEJE AL ALCANCE DE LOS NI\u00d1OS.<\/p>\n<p>&nbsp;<\/p>\n<h5><span style=\"color: #000080;\"><strong>ALMACENAMIENTO:<\/strong><\/span><\/h5>\n<p>Almacene en lugar fresco y seco, con su tapa herm\u00e9ticamente colocada. No estibar mas de tres cubetas.<\/p>\n<p>&nbsp;<\/p>\n<p><img fetchpriority=\"high\" decoding=\"async\" class=\"size-full wp-image-1236\" src=\"https:\/\/distribuidorpanelrey.com.mx\/wp-content\/uploads\/2019\/09\/Captura.png\" alt=\"\" width=\"375\" height=\"198\" srcset=\"https:\/\/distribuidorpanelrey.com.mx\/wp-content\/uploads\/2019\/09\/Captura.png 375w, https:\/\/distribuidorpanelrey.com.mx\/wp-content\/uploads\/2019\/09\/Captura-64x34.png 64w, https:\/\/distribuidorpanelrey.com.mx\/wp-content\/uploads\/2019\/09\/Captura-300x158.png 300w\" sizes=\"(max-width: 375px) 100vw, 375px\" \/><\/p>\n<p>&nbsp;<\/p>\n<p style=\"text-align: center;\">*En Distribuidor Panel Rey Mexico nos esforzamos por ofrecerte los mejores productos de la marca <a href=\"https:\/\/distribuidorpanelrey.com.mx\/categoria-producto\/impac\/\">Impac.<\/a><br \/>\n*La imagen puede diferir un poco del producto final *Los precios pueden variar sin previo aviso<br \/>\n*Los precios ya incluyen IVA *Se hacen env\u00edos a toda la Rep\u00fablica Mexicana, pregunte por nuestros descuentos en env\u00edos.<br \/>\n*Chatea con nosotros en nuestras redes sociales.<br \/>\n*Contactanos: Tel. 71-58-97-38 y 71-58-02-72.<br \/>\nNuestro correo: ventas@distribuidorpanelrey.com<br \/>\nDistribuidor Panel Rey Mexico<\/p>\n","protected":false},"excerpt":{"rendered":"<h4 style=\"text-align: center;\">Env\u00edos de 24 a 48 hr CDMX Y EDO MEX<\/h4>\n<p style=\"text-align: center;\">Rese\u00f1as\u00a0\u2605\u2605\u2605\u2605\u2605\u00a0 Env\u00edos Garantizados<\/p>\n<h4 style=\"text-align: center;\">\ud83d\udd25LOS MEJORES PRECIOS \ud83d\udd25<\/h4>\n","protected":false},"featured_media":1207,"comment_status":"closed","ping_status":"closed","template":"","meta":[],"product_brand":[559],"product_cat":[348],"product_tag":[133,186,153,187,146,184,185,145,149,111,183,177,175],"class_list":{"0":"post-1206","1":"product","2":"type-product","3":"status-publish","4":"has-post-thumbnail","6":"product_brand-impac","7":"product_cat-impermeabilizante","8":"product_tag-cemento","9":"product_tag-concreto","10":"product_tag-goteras","11":"product_tag-grieta","12":"product_tag-impac","13":"product_tag-impac-3000","14":"product_tag-impac-5000","15":"product_tag-impac-cemento-plastico","16":"product_tag-impermeabilizante","17":"product_tag-panel-rey","18":"product_tag-plastico","19":"product_tag-resanador","20":"product_tag-resanar","22":"first","23":"instock","24":"sale","25":"shipping-taxable","26":"purchasable","27":"product-type-variable"},"yoast_head":"<!-- This site is optimized with the Yoast SEO plugin v27.1.1 - https:\/\/yoast.com\/product\/yoast-seo-wordpress\/ -->\n<title>IMPAC CEMENTO PLASTICO - PANEL REY MEXICO<\/title>\n<meta name=\"description\" content=\"IMPAC CEMENTO PLASTICO. Impac cemento pl\u00e1stico es un resanador acr\u00edlico en pasta para preparaci\u00f3n de superficie altamente resistente al intemperismo.\" \/>\n<meta name=\"robots\" content=\"index, follow, max-snippet:-1, max-image-preview:large, max-video-preview:-1\" \/>\n<link rel=\"canonical\" href=\"https:\/\/distribuidorpanelrey.com.mx\/producto\/impac-cemento-plastico\/\" \/>\n<meta property=\"og:locale\" content=\"es_ES\" \/>\n<meta property=\"og:type\" content=\"article\" \/>\n<meta property=\"og:title\" content=\"IMPAC CEMENTO PLASTICO - PANEL REY MEXICO\" \/>\n<meta property=\"og:description\" content=\"IMPAC CEMENTO PLASTICO. Impac cemento pl\u00e1stico es un resanador acr\u00edlico en pasta para preparaci\u00f3n de superficie altamente resistente al intemperismo.\" \/>\n<meta property=\"og:url\" content=\"https:\/\/distribuidorpanelrey.com.mx\/producto\/impac-cemento-plastico\/\" \/>\n<meta property=\"og:site_name\" content=\"PANEL REY MEXICO\" \/>\n<meta property=\"article:publisher\" content=\"https:\/\/www.facebook.com\/mexicopanelrey\/?locale=es_LA\" \/>\n<meta property=\"article:modified_time\" content=\"2025-12-05T14:37:20+00:00\" \/>\n<meta property=\"og:image\" content=\"https:\/\/distribuidorpanelrey.com.mx\/wp-content\/uploads\/2019\/09\/IMPAC-SEMENTO-PLASTICO-PANEL-REY.png\" \/>\n\t<meta property=\"og:image:width\" content=\"500\" \/>\n\t<meta property=\"og:image:height\" content=\"500\" \/>\n\t<meta property=\"og:image:type\" content=\"image\/png\" \/>\n<meta name=\"twitter:card\" content=\"summary_large_image\" \/>\n<meta name=\"twitter:label1\" content=\"Tiempo de lectura\" \/>\n\t<meta name=\"twitter:data1\" content=\"2 minutos\" \/>\n<script type=\"application\/ld+json\" class=\"yoast-schema-graph\">{\"@context\":\"https:\/\/schema.org\",\"@graph\":[{\"@type\":\"WebPage\",\"@id\":\"https:\/\/distribuidorpanelrey.com.mx\/producto\/impac-cemento-plastico\/\",\"url\":\"https:\/\/distribuidorpanelrey.com.mx\/producto\/impac-cemento-plastico\/\",\"name\":\"IMPAC CEMENTO PLASTICO - PANEL REY MEXICO\",\"isPartOf\":{\"@id\":\"https:\/\/distribuidorpanelrey.com\/#website\"},\"primaryImageOfPage\":{\"@id\":\"https:\/\/distribuidorpanelrey.com.mx\/producto\/impac-cemento-plastico\/#primaryimage\"},\"image\":{\"@id\":\"https:\/\/distribuidorpanelrey.com.mx\/producto\/impac-cemento-plastico\/#primaryimage\"},\"thumbnailUrl\":\"https:\/\/distribuidorpanelrey.com.mx\/wp-content\/uploads\/2019\/09\/IMPAC-SEMENTO-PLASTICO-PANEL-REY.png\",\"datePublished\":\"2019-09-19T22:09:58+00:00\",\"dateModified\":\"2025-12-05T14:37:20+00:00\",\"description\":\"IMPAC CEMENTO PLASTICO. Impac cemento pl\u00e1stico es un resanador acr\u00edlico en pasta para preparaci\u00f3n de superficie altamente resistente al intemperismo.\",\"breadcrumb\":{\"@id\":\"https:\/\/distribuidorpanelrey.com.mx\/producto\/impac-cemento-plastico\/#breadcrumb\"},\"inLanguage\":\"es\",\"potentialAction\":[{\"@type\":\"ReadAction\",\"target\":[\"https:\/\/distribuidorpanelrey.com.mx\/producto\/impac-cemento-plastico\/\"]}]},{\"@type\":\"ImageObject\",\"inLanguage\":\"es\",\"@id\":\"https:\/\/distribuidorpanelrey.com.mx\/producto\/impac-cemento-plastico\/#primaryimage\",\"url\":\"https:\/\/distribuidorpanelrey.com.mx\/wp-content\/uploads\/2019\/09\/IMPAC-SEMENTO-PLASTICO-PANEL-REY.png\",\"contentUrl\":\"https:\/\/distribuidorpanelrey.com.mx\/wp-content\/uploads\/2019\/09\/IMPAC-SEMENTO-PLASTICO-PANEL-REY.png\",\"width\":500,\"height\":500,\"caption\":\"IMPAC-SEMENTO-PLASTICO-PANEL-REY\"},{\"@type\":\"BreadcrumbList\",\"@id\":\"https:\/\/distribuidorpanelrey.com.mx\/producto\/impac-cemento-plastico\/#breadcrumb\",\"itemListElement\":[{\"@type\":\"ListItem\",\"position\":1,\"name\":\"Portada\",\"item\":\"https:\/\/distribuidorpanelrey.com.mx\/\"},{\"@type\":\"ListItem\",\"position\":2,\"name\":\"Productos\",\"item\":\"https:\/\/distribuidorpanelrey.com\/tienda\/\"},{\"@type\":\"ListItem\",\"position\":3,\"name\":\"IMPAC CEMENTO PLASTICO\"}]},{\"@type\":\"WebSite\",\"@id\":\"https:\/\/distribuidorpanelrey.com\/#website\",\"url\":\"https:\/\/distribuidorpanelrey.com\/\",\"name\":\"PANEL REY MEXICO\",\"description\":\"DISTRIBUIDOR PANEL REY\",\"publisher\":{\"@id\":\"https:\/\/distribuidorpanelrey.com\/#organization\"},\"alternateName\":\"DISTRIBUIDOR PANEL REY\",\"potentialAction\":[{\"@type\":\"SearchAction\",\"target\":{\"@type\":\"EntryPoint\",\"urlTemplate\":\"https:\/\/distribuidorpanelrey.com\/?s={search_term_string}\"},\"query-input\":{\"@type\":\"PropertyValueSpecification\",\"valueRequired\":true,\"valueName\":\"search_term_string\"}}],\"inLanguage\":\"es\"},{\"@type\":\"Organization\",\"@id\":\"https:\/\/distribuidorpanelrey.com\/#organization\",\"name\":\"PANEL REY MEXICO\",\"url\":\"https:\/\/distribuidorpanelrey.com\/\",\"logo\":{\"@type\":\"ImageObject\",\"inLanguage\":\"es\",\"@id\":\"https:\/\/distribuidorpanelrey.com\/#\/schema\/logo\/image\/\",\"url\":\"https:\/\/distribuidorpanelrey.com.mx\/wp-content\/uploads\/2023\/11\/panelrey.webp\",\"contentUrl\":\"https:\/\/distribuidorpanelrey.com.mx\/wp-content\/uploads\/2023\/11\/panelrey.webp\",\"width\":400,\"height\":150,\"caption\":\"PANEL REY MEXICO\"},\"image\":{\"@id\":\"https:\/\/distribuidorpanelrey.com\/#\/schema\/logo\/image\/\"},\"sameAs\":[\"https:\/\/www.facebook.com\/mexicopanelrey\/?locale=es_LA\",\"https:\/\/www.instagram.com\/panel_rey_mexico\/?hl=es\"]}]}<\/script>\n<!-- \/ Yoast SEO plugin. -->","yoast_head_json":{"title":"IMPAC CEMENTO PLASTICO - PANEL REY MEXICO","description":"IMPAC CEMENTO PLASTICO. Impac cemento pl\u00e1stico es un resanador acr\u00edlico en pasta para preparaci\u00f3n de superficie altamente resistente al intemperismo.","robots":{"index":"index","follow":"follow","max-snippet":"max-snippet:-1","max-image-preview":"max-image-preview:large","max-video-preview":"max-video-preview:-1"},"canonical":"https:\/\/distribuidorpanelrey.com.mx\/producto\/impac-cemento-plastico\/","og_locale":"es_ES","og_type":"article","og_title":"IMPAC CEMENTO PLASTICO - PANEL REY MEXICO","og_description":"IMPAC CEMENTO PLASTICO. Impac cemento pl\u00e1stico es un resanador acr\u00edlico en pasta para preparaci\u00f3n de superficie altamente resistente al intemperismo.","og_url":"https:\/\/distribuidorpanelrey.com.mx\/producto\/impac-cemento-plastico\/","og_site_name":"PANEL REY MEXICO","article_publisher":"https:\/\/www.facebook.com\/mexicopanelrey\/?locale=es_LA","article_modified_time":"2025-12-05T14:37:20+00:00","og_image":[{"width":500,"height":500,"url":"https:\/\/distribuidorpanelrey.com.mx\/wp-content\/uploads\/2019\/09\/IMPAC-SEMENTO-PLASTICO-PANEL-REY.png","type":"image\/png"}],"twitter_card":"summary_large_image","twitter_misc":{"Tiempo de lectura":"2 minutos"},"schema":{"@context":"https:\/\/schema.org","@graph":[{"@type":"WebPage","@id":"https:\/\/distribuidorpanelrey.com.mx\/producto\/impac-cemento-plastico\/","url":"https:\/\/distribuidorpanelrey.com.mx\/producto\/impac-cemento-plastico\/","name":"IMPAC CEMENTO PLASTICO - PANEL REY MEXICO","isPartOf":{"@id":"https:\/\/distribuidorpanelrey.com\/#website"},"primaryImageOfPage":{"@id":"https:\/\/distribuidorpanelrey.com.mx\/producto\/impac-cemento-plastico\/#primaryimage"},"image":{"@id":"https:\/\/distribuidorpanelrey.com.mx\/producto\/impac-cemento-plastico\/#primaryimage"},"thumbnailUrl":"https:\/\/distribuidorpanelrey.com.mx\/wp-content\/uploads\/2019\/09\/IMPAC-SEMENTO-PLASTICO-PANEL-REY.png","datePublished":"2019-09-19T22:09:58+00:00","dateModified":"2025-12-05T14:37:20+00:00","description":"IMPAC CEMENTO PLASTICO. Impac cemento pl\u00e1stico es un resanador acr\u00edlico en pasta para preparaci\u00f3n de superficie altamente resistente al intemperismo.","breadcrumb":{"@id":"https:\/\/distribuidorpanelrey.com.mx\/producto\/impac-cemento-plastico\/#breadcrumb"},"inLanguage":"es","potentialAction":[{"@type":"ReadAction","target":["https:\/\/distribuidorpanelrey.com.mx\/producto\/impac-cemento-plastico\/"]}]},{"@type":"ImageObject","inLanguage":"es","@id":"https:\/\/distribuidorpanelrey.com.mx\/producto\/impac-cemento-plastico\/#primaryimage","url":"https:\/\/distribuidorpanelrey.com.mx\/wp-content\/uploads\/2019\/09\/IMPAC-SEMENTO-PLASTICO-PANEL-REY.png","contentUrl":"https:\/\/distribuidorpanelrey.com.mx\/wp-content\/uploads\/2019\/09\/IMPAC-SEMENTO-PLASTICO-PANEL-REY.png","width":500,"height":500,"caption":"IMPAC-SEMENTO-PLASTICO-PANEL-REY"},{"@type":"BreadcrumbList","@id":"https:\/\/distribuidorpanelrey.com.mx\/producto\/impac-cemento-plastico\/#breadcrumb","itemListElement":[{"@type":"ListItem","position":1,"name":"Portada","item":"https:\/\/distribuidorpanelrey.com.mx\/"},{"@type":"ListItem","position":2,"name":"Productos","item":"https:\/\/distribuidorpanelrey.com\/tienda\/"},{"@type":"ListItem","position":3,"name":"IMPAC CEMENTO PLASTICO"}]},{"@type":"WebSite","@id":"https:\/\/distribuidorpanelrey.com\/#website","url":"https:\/\/distribuidorpanelrey.com\/","name":"PANEL REY MEXICO","description":"DISTRIBUIDOR PANEL REY","publisher":{"@id":"https:\/\/distribuidorpanelrey.com\/#organization"},"alternateName":"DISTRIBUIDOR PANEL REY","potentialAction":[{"@type":"SearchAction","target":{"@type":"EntryPoint","urlTemplate":"https:\/\/distribuidorpanelrey.com\/?s={search_term_string}"},"query-input":{"@type":"PropertyValueSpecification","valueRequired":true,"valueName":"search_term_string"}}],"inLanguage":"es"},{"@type":"Organization","@id":"https:\/\/distribuidorpanelrey.com\/#organization","name":"PANEL REY MEXICO","url":"https:\/\/distribuidorpanelrey.com\/","logo":{"@type":"ImageObject","inLanguage":"es","@id":"https:\/\/distribuidorpanelrey.com\/#\/schema\/logo\/image\/","url":"https:\/\/distribuidorpanelrey.com.mx\/wp-content\/uploads\/2023\/11\/panelrey.webp","contentUrl":"https:\/\/distribuidorpanelrey.com.mx\/wp-content\/uploads\/2023\/11\/panelrey.webp","width":400,"height":150,"caption":"PANEL REY MEXICO"},"image":{"@id":"https:\/\/distribuidorpanelrey.com\/#\/schema\/logo\/image\/"},"sameAs":["https:\/\/www.facebook.com\/mexicopanelrey\/?locale=es_LA","https:\/\/www.instagram.com\/panel_rey_mexico\/?hl=es"]}]}},"_links":{"self":[{"href":"https:\/\/distribuidorpanelrey.com.mx\/wp-json\/wp\/v2\/product\/1206","targetHints":{"allow":["GET"]}}],"collection":[{"href":"https:\/\/distribuidorpanelrey.com.mx\/wp-json\/wp\/v2\/product"}],"about":[{"href":"https:\/\/distribuidorpanelrey.com.mx\/wp-json\/wp\/v2\/types\/product"}],"replies":[{"embeddable":true,"href":"https:\/\/distribuidorpanelrey.com.mx\/wp-json\/wp\/v2\/comments?post=1206"}],"version-history":[{"count":3,"href":"https:\/\/distribuidorpanelrey.com.mx\/wp-json\/wp\/v2\/product\/1206\/revisions"}],"predecessor-version":[{"id":6645,"href":"https:\/\/distribuidorpanelrey.com.mx\/wp-json\/wp\/v2\/product\/1206\/revisions\/6645"}],"wp:featuredmedia":[{"embeddable":true,"href":"https:\/\/distribuidorpanelrey.com.mx\/wp-json\/wp\/v2\/media\/1207"}],"wp:attachment":[{"href":"https:\/\/distribuidorpanelrey.com.mx\/wp-json\/wp\/v2\/media?parent=1206"}],"wp:term":[{"taxonomy":"product_brand","embeddable":true,"href":"https:\/\/distribuidorpanelrey.com.mx\/wp-json\/wp\/v2\/product_brand?post=1206"},{"taxonomy":"product_cat","embeddable":true,"href":"https:\/\/distribuidorpanelrey.com.mx\/wp-json\/wp\/v2\/product_cat?post=1206"},{"taxonomy":"product_tag","embeddable":true,"href":"https:\/\/distribuidorpanelrey.com.mx\/wp-json\/wp\/v2\/product_tag?post=1206"}],"curies":[{"name":"wp","href":"https:\/\/api.w.org\/{rel}","templated":true}]}}