{"id":1222,"date":"2019-10-17T16:35:32","date_gmt":"2019-10-17T16:35:32","guid":{"rendered":"https:\/\/distribuidorpanelrey.com.mx\/?post_type=product&#038;p=1222"},"modified":"2025-12-05T14:35:53","modified_gmt":"2025-12-05T14:35:53","slug":"impac-wr-500","status":"publish","type":"product","link":"https:\/\/distribuidorpanelrey.com.mx\/producto\/impac-wr-500\/","title":{"rendered":"IMPAC WR-500"},"content":{"rendered":"<p>IMPAC WR-500<\/p>\n<p>&nbsp;<\/p>\n<h5><span style=\"color: #000080;\"><b>DESCRIPCI\u00d3N:<\/b><\/span><\/h5>\n<p>IMPAC WR-500 es un impermeabilizante cementoso en polvo de color gris o blanco que se utiliza para proteger muros de concreto que van ha estar expuestos a inmersi\u00f3n continua, as\u00ed como para prevenir la humedad y salitre. Est\u00e1 formulado con base a compuestos cementosos, fibras y aditivos que penetran en el concreto imparti\u00e9ndoles resistencia a la presi\u00f3n hidrost\u00e1tica.<\/p>\n<p>&nbsp;<\/p>\n<h5><span style=\"color: #000080;\"><strong>USOS:<\/strong><\/span><\/h5>\n<ul>\n<li>Se puede utilizar en todo tipo de concreto o morteros que est\u00e9n en contacto continuo con agua o humedad, como en el caso de tanques, t\u00faneles, jardineras, c\u00e1rcamos, ba\u00f1os, cimentaciones adem\u00e1s de muros, azoteas y para resanar fisuras o grietas menores de 1.5 mm<\/li>\n<\/ul>\n<p>&nbsp;<\/p>\n<h5><span style=\"color: #000080;\"><strong>MEDIDAS:<\/strong><\/span><\/h5>\n<ul>\n<li>5 KG<\/li>\n<\/ul>\n<p>&nbsp;<\/p>\n<h5><span style=\"color: #000080;\"><strong>INSTRUCCIONES:<\/strong><\/span><\/h5>\n<ul>\n<li>Preparaci\u00f3n de la superficie:<\/li>\n<li>Retirar todas las partes sueltas que se encuentren en los muros o pisos por medio de un cepillo de alambre.<\/li>\n<li>Identificar las grietas o fisuras que se encuentren y reparar previamente humedeciendo el \u00e1rea con agua limpia, preparar una mezcla de IMPAC\u00a0 WR-500 con agua formando una pasta de alba\u00f1iler\u00eda y rellenar, con ayuda de una esp\u00e1tula, el desarrollo de la grieta o fisura.<\/li>\n<li>La superficie debe estar perfectamente limpia y libre de todo recubrimiento, membrana de curado, polvo, basura, etc.<\/li>\n<li>Antes de aplicar el IMPAC\u00a0 WR-500 como recubrimiento, la superficie se debe humedecer completamente evitando encharcamientos<\/li>\n<li>Mezclado:<\/li>\n<li>En un recipiente limpio, colocar el agua correspondiente y agregar el saco de IMPAC\u00ae WR-500 (de acuerdo a la siguiente tabla).<img fetchpriority=\"high\" decoding=\"async\" class=\" wp-image-1226\" src=\"https:\/\/distribuidorpanelrey.com.mx\/wp-content\/uploads\/2019\/10\/Captura.png\" alt=\"\" width=\"377\" height=\"162\" srcset=\"https:\/\/distribuidorpanelrey.com.mx\/wp-content\/uploads\/2019\/10\/Captura.png 307w, https:\/\/distribuidorpanelrey.com.mx\/wp-content\/uploads\/2019\/10\/Captura-64x28.png 64w, https:\/\/distribuidorpanelrey.com.mx\/wp-content\/uploads\/2019\/10\/Captura-300x129.png 300w\" sizes=\"(max-width: 377px) 100vw, 377px\" \/><\/li>\n<li>Mezclar manual o mec\u00e1nicamente por 5 min hasta eliminar grumos y dejar reposar 1-2 min para liberar aire<br \/>\natrapado.<\/li>\n<li>Es muy importante no preparar m\u00e1s material del que se pueda usar en 30 minutos<\/li>\n<\/ul>\n<p>&nbsp;<\/p>\n<ul>\n<li>Aplicaci\u00f3n:<\/li>\n<li>Para su aplicaci\u00f3n se puede utilizar cepillo o brocha de ixtle.<\/li>\n<li>La temperatura ambiente de aplicaci\u00f3n es entre 5\u00b0C a 30\u00b0C.<\/li>\n<li>Su aplicaci\u00f3n no debe exceder 1.5 cm de espesor por capa y se requiere la aplicaci\u00f3n de dos capas.<\/li>\n<li>Se debe esperar a que la primera capa est\u00e9 seca al tacto para poder aplicar la segunda y se debe aplicar de manera transversal respecto a la primera.<\/li>\n<li>Durante las primeras 12 horas se debe curar con agua cada 3 horas y posteriormente de 2 a 3 veces por d\u00eda durante 3 d\u00edas.<\/li>\n<li>El rendimiento y espesor pueden variar seg\u00fan las condiciones del sustrato a tratar y las condiciones clim\u00e1ticas.<\/li>\n<\/ul>\n<p>&nbsp;<\/p>\n<h5><span style=\"color: #000080;\"><strong>RENDIMIENTO:<\/strong><\/span><\/h5>\n<ul>\n<li>1.25 Kg. por m\u00b2 (dependiendo de la rugosidad de la superficie)<\/li>\n<\/ul>\n<p>&nbsp;<\/p>\n<h5><strong><span style=\"color: #000080;\">PROPIEDADES<\/span>:<\/strong><\/h5>\n<ul>\n<li>Puede usarse en: tanques, t\u00faneles, jardineras, c\u00e1rcamos, ba\u00f1os, cimentaciones adem\u00e1s de muros, azoteas y terrazas que van recibir acabado cer\u00e1mico.<\/li>\n<li>Se puede aplicar en muros o losas con presencia de humedad y en temporada de lluvias.<\/li>\n<li>\u00a0Se integra monol\u00edticamente.<\/li>\n<li>Ecol\u00f3gico.<\/li>\n<li>Evita eflorescencia por salitre.<\/li>\n<li>Reforzado con fibras de polipropileno.<\/li>\n<li>Resiste presi\u00f3n Positiva y Negativa.<\/li>\n<li>F\u00e1cil aplicaci\u00f3n.<\/li>\n<li>Dos colores (blanco y gris).<\/li>\n<li>No contamina el agua ni permite la formaci\u00f3n de hongos o algas.<\/li>\n<\/ul>\n<p>&nbsp;<\/p>\n<h5><span style=\"color: #000080;\"><strong>ALMACENAMIENTO:<\/strong><\/span><\/h5>\n<ul>\n<li>Almacenar en costal cerrado, en un lugar fresco y seco. No abrir el costal antes de su utilizaci\u00f3n o dejarlo abierto por<br \/>\nmucho tiempo porque se hidrata ya que es un producto cementante y pierde sus propiedades. En su envase original<br \/>\ncerrado presenta una estabilidad de 12 meses.<\/li>\n<\/ul>\n<p>&nbsp;<\/p>\n<h5><span style=\"color: #000080;\"><b>ESPECIFICACIONES T\u00c9CNICAS:<\/b><\/span><\/h5>\n<p><img decoding=\"async\" class=\" wp-image-1227\" src=\"https:\/\/distribuidorpanelrey.com.mx\/wp-content\/uploads\/2019\/10\/Captura-1.png\" alt=\"\" width=\"431\" height=\"143\" srcset=\"https:\/\/distribuidorpanelrey.com.mx\/wp-content\/uploads\/2019\/10\/Captura-1.png 374w, https:\/\/distribuidorpanelrey.com.mx\/wp-content\/uploads\/2019\/10\/Captura-1-64x21.png 64w, https:\/\/distribuidorpanelrey.com.mx\/wp-content\/uploads\/2019\/10\/Captura-1-300x99.png 300w\" sizes=\"(max-width: 431px) 100vw, 431px\" \/><\/p>\n<p>&nbsp;<\/p>\n<p>&nbsp;<\/p>\n<p style=\"text-align: center;\">*En Distribuidor Panel Rey Mexico nos esforzamos por ofrecerte los mejores productos de\u00a0<a href=\"https:\/\/distribuidorpanelrey.com.mx\/tienda\/\">IMPAC<\/a><br \/>\n*La imagen puede diferir un poco del producto final *Los precios pueden variar sin previo aviso<br \/>\n*Los precios ya incluyen IVA *Se hacen env\u00edos a toda la Ciudad de Mexico,\u00a0 pregunte por nuestros descuentos en env\u00edos.<br \/>\n*Chatea con nosotros en nuestras redes sociales.<br \/>\n*Contactanos: Tel. 71-58-02-72 o WhatsApp: (55) 3734 6342<br \/>\nNuestro correo: ventas@distribuidorpanelrey.com<br \/>\nDistribuidor Panel Rey Mexico<\/p>\n","protected":false},"excerpt":{"rendered":"<h4 style=\"text-align: center;\">Env\u00edos de 24 a 48 hr CDMX Y EDO MEX<\/h4>\n<p style=\"text-align: center;\">Rese\u00f1as\u00a0\u2605\u2605\u2605\u2605\u2605\u00a0 Env\u00edos Garantizados<\/p>\n<h4 style=\"text-align: center;\">\ud83d\udd25LOS MEJORES PRECIOS \ud83d\udd25<\/h4>\n","protected":false},"featured_media":1224,"comment_status":"closed","ping_status":"closed","template":"","meta":[],"product_brand":[559],"product_cat":[348],"product_tag":[173,133,172,171,146,149,169,111,170,167,168],"class_list":{"0":"post-1222","1":"product","2":"type-product","3":"status-publish","4":"has-post-thumbnail","6":"product_brand-impac","7":"product_cat-impermeabilizante","8":"product_tag-anti-salitre","9":"product_tag-cemento","10":"product_tag-gris","11":"product_tag-humedad","12":"product_tag-impac","13":"product_tag-impermeabilizante","14":"product_tag-material","15":"product_tag-panel-rey","16":"product_tag-saco","17":"product_tag-salitre","18":"product_tag-wr-500","20":"first","21":"instock","22":"sale","23":"shipping-taxable","24":"purchasable","25":"product-type-variable"},"yoast_head":"<!-- This site is optimized with the Yoast SEO plugin v27.1.1 - https:\/\/yoast.com\/product\/yoast-seo-wordpress\/ -->\n<title>IMPAC WR-500 - PANEL REY MEXICO | \u00a1Adquierelo aqui!<\/title>\n<meta name=\"description\" content=\"IMPAC WR-500. Es un impermeabilizante cementoso enpolvo de color gris o blanco que se utiliza para protegermuros de concreto que van ha estar expuestos...\" \/>\n<meta name=\"robots\" content=\"index, follow, max-snippet:-1, max-image-preview:large, max-video-preview:-1\" \/>\n<link rel=\"canonical\" href=\"https:\/\/distribuidorpanelrey.com.mx\/producto\/impac-wr-500\/\" \/>\n<meta property=\"og:locale\" content=\"es_ES\" \/>\n<meta property=\"og:type\" content=\"article\" \/>\n<meta property=\"og:title\" content=\"IMPAC WR-500 - PANEL REY MEXICO | \u00a1Adquierelo aqui!\" \/>\n<meta property=\"og:description\" content=\"IMPAC WR-500. Es un impermeabilizante cementoso enpolvo de color gris o blanco que se utiliza para protegermuros de concreto que van ha estar expuestos...\" \/>\n<meta property=\"og:url\" content=\"https:\/\/distribuidorpanelrey.com.mx\/producto\/impac-wr-500\/\" \/>\n<meta property=\"og:site_name\" content=\"PANEL REY MEXICO\" \/>\n<meta property=\"article:publisher\" content=\"https:\/\/www.facebook.com\/mexicopanelrey\/?locale=es_LA\" \/>\n<meta property=\"article:modified_time\" content=\"2025-12-05T14:35:53+00:00\" \/>\n<meta property=\"og:image\" content=\"https:\/\/distribuidorpanelrey.com.mx\/wp-content\/uploads\/2019\/10\/IMPAC-WR-500-DISTRIBUIDOR-PANEL-REY.png\" \/>\n\t<meta property=\"og:image:width\" content=\"500\" \/>\n\t<meta property=\"og:image:height\" content=\"500\" \/>\n\t<meta property=\"og:image:type\" content=\"image\/png\" \/>\n<meta name=\"twitter:card\" content=\"summary_large_image\" \/>\n<meta name=\"twitter:label1\" content=\"Tiempo de lectura\" \/>\n\t<meta name=\"twitter:data1\" content=\"4 minutos\" \/>\n<script type=\"application\/ld+json\" class=\"yoast-schema-graph\">{\"@context\":\"https:\/\/schema.org\",\"@graph\":[{\"@type\":\"WebPage\",\"@id\":\"https:\/\/distribuidorpanelrey.com.mx\/producto\/impac-wr-500\/\",\"url\":\"https:\/\/distribuidorpanelrey.com.mx\/producto\/impac-wr-500\/\",\"name\":\"IMPAC WR-500 - PANEL REY MEXICO | \u00a1Adquierelo aqui!\",\"isPartOf\":{\"@id\":\"https:\/\/distribuidorpanelrey.com\/#website\"},\"primaryImageOfPage\":{\"@id\":\"https:\/\/distribuidorpanelrey.com.mx\/producto\/impac-wr-500\/#primaryimage\"},\"image\":{\"@id\":\"https:\/\/distribuidorpanelrey.com.mx\/producto\/impac-wr-500\/#primaryimage\"},\"thumbnailUrl\":\"https:\/\/distribuidorpanelrey.com.mx\/wp-content\/uploads\/2019\/10\/IMPAC-WR-500-DISTRIBUIDOR-PANEL-REY.png\",\"datePublished\":\"2019-10-17T16:35:32+00:00\",\"dateModified\":\"2025-12-05T14:35:53+00:00\",\"description\":\"IMPAC WR-500. Es un impermeabilizante cementoso enpolvo de color gris o blanco que se utiliza para protegermuros de concreto que van ha estar expuestos...\",\"breadcrumb\":{\"@id\":\"https:\/\/distribuidorpanelrey.com.mx\/producto\/impac-wr-500\/#breadcrumb\"},\"inLanguage\":\"es\",\"potentialAction\":[{\"@type\":\"ReadAction\",\"target\":[\"https:\/\/distribuidorpanelrey.com.mx\/producto\/impac-wr-500\/\"]}]},{\"@type\":\"ImageObject\",\"inLanguage\":\"es\",\"@id\":\"https:\/\/distribuidorpanelrey.com.mx\/producto\/impac-wr-500\/#primaryimage\",\"url\":\"https:\/\/distribuidorpanelrey.com.mx\/wp-content\/uploads\/2019\/10\/IMPAC-WR-500-DISTRIBUIDOR-PANEL-REY.png\",\"contentUrl\":\"https:\/\/distribuidorpanelrey.com.mx\/wp-content\/uploads\/2019\/10\/IMPAC-WR-500-DISTRIBUIDOR-PANEL-REY.png\",\"width\":500,\"height\":500,\"caption\":\"IMPAC-WR-500-DISTRIBUIDOR-PANEL-REY\"},{\"@type\":\"BreadcrumbList\",\"@id\":\"https:\/\/distribuidorpanelrey.com.mx\/producto\/impac-wr-500\/#breadcrumb\",\"itemListElement\":[{\"@type\":\"ListItem\",\"position\":1,\"name\":\"Portada\",\"item\":\"https:\/\/distribuidorpanelrey.com.mx\/\"},{\"@type\":\"ListItem\",\"position\":2,\"name\":\"Productos\",\"item\":\"https:\/\/distribuidorpanelrey.com\/tienda\/\"},{\"@type\":\"ListItem\",\"position\":3,\"name\":\"IMPAC WR-500\"}]},{\"@type\":\"WebSite\",\"@id\":\"https:\/\/distribuidorpanelrey.com\/#website\",\"url\":\"https:\/\/distribuidorpanelrey.com\/\",\"name\":\"PANEL REY MEXICO\",\"description\":\"DISTRIBUIDOR PANEL REY\",\"publisher\":{\"@id\":\"https:\/\/distribuidorpanelrey.com\/#organization\"},\"alternateName\":\"DISTRIBUIDOR PANEL REY\",\"potentialAction\":[{\"@type\":\"SearchAction\",\"target\":{\"@type\":\"EntryPoint\",\"urlTemplate\":\"https:\/\/distribuidorpanelrey.com\/?s={search_term_string}\"},\"query-input\":{\"@type\":\"PropertyValueSpecification\",\"valueRequired\":true,\"valueName\":\"search_term_string\"}}],\"inLanguage\":\"es\"},{\"@type\":\"Organization\",\"@id\":\"https:\/\/distribuidorpanelrey.com\/#organization\",\"name\":\"PANEL REY MEXICO\",\"url\":\"https:\/\/distribuidorpanelrey.com\/\",\"logo\":{\"@type\":\"ImageObject\",\"inLanguage\":\"es\",\"@id\":\"https:\/\/distribuidorpanelrey.com\/#\/schema\/logo\/image\/\",\"url\":\"https:\/\/distribuidorpanelrey.com.mx\/wp-content\/uploads\/2023\/11\/panelrey.webp\",\"contentUrl\":\"https:\/\/distribuidorpanelrey.com.mx\/wp-content\/uploads\/2023\/11\/panelrey.webp\",\"width\":400,\"height\":150,\"caption\":\"PANEL REY MEXICO\"},\"image\":{\"@id\":\"https:\/\/distribuidorpanelrey.com\/#\/schema\/logo\/image\/\"},\"sameAs\":[\"https:\/\/www.facebook.com\/mexicopanelrey\/?locale=es_LA\",\"https:\/\/www.instagram.com\/panel_rey_mexico\/?hl=es\"]}]}<\/script>\n<!-- \/ Yoast SEO plugin. -->","yoast_head_json":{"title":"IMPAC WR-500 - PANEL REY MEXICO | \u00a1Adquierelo aqui!","description":"IMPAC WR-500. Es un impermeabilizante cementoso enpolvo de color gris o blanco que se utiliza para protegermuros de concreto que van ha estar expuestos...","robots":{"index":"index","follow":"follow","max-snippet":"max-snippet:-1","max-image-preview":"max-image-preview:large","max-video-preview":"max-video-preview:-1"},"canonical":"https:\/\/distribuidorpanelrey.com.mx\/producto\/impac-wr-500\/","og_locale":"es_ES","og_type":"article","og_title":"IMPAC WR-500 - PANEL REY MEXICO | \u00a1Adquierelo aqui!","og_description":"IMPAC WR-500. Es un impermeabilizante cementoso enpolvo de color gris o blanco que se utiliza para protegermuros de concreto que van ha estar expuestos...","og_url":"https:\/\/distribuidorpanelrey.com.mx\/producto\/impac-wr-500\/","og_site_name":"PANEL REY MEXICO","article_publisher":"https:\/\/www.facebook.com\/mexicopanelrey\/?locale=es_LA","article_modified_time":"2025-12-05T14:35:53+00:00","og_image":[{"width":500,"height":500,"url":"https:\/\/distribuidorpanelrey.com.mx\/wp-content\/uploads\/2019\/10\/IMPAC-WR-500-DISTRIBUIDOR-PANEL-REY.png","type":"image\/png"}],"twitter_card":"summary_large_image","twitter_misc":{"Tiempo de lectura":"4 minutos"},"schema":{"@context":"https:\/\/schema.org","@graph":[{"@type":"WebPage","@id":"https:\/\/distribuidorpanelrey.com.mx\/producto\/impac-wr-500\/","url":"https:\/\/distribuidorpanelrey.com.mx\/producto\/impac-wr-500\/","name":"IMPAC WR-500 - PANEL REY MEXICO | \u00a1Adquierelo aqui!","isPartOf":{"@id":"https:\/\/distribuidorpanelrey.com\/#website"},"primaryImageOfPage":{"@id":"https:\/\/distribuidorpanelrey.com.mx\/producto\/impac-wr-500\/#primaryimage"},"image":{"@id":"https:\/\/distribuidorpanelrey.com.mx\/producto\/impac-wr-500\/#primaryimage"},"thumbnailUrl":"https:\/\/distribuidorpanelrey.com.mx\/wp-content\/uploads\/2019\/10\/IMPAC-WR-500-DISTRIBUIDOR-PANEL-REY.png","datePublished":"2019-10-17T16:35:32+00:00","dateModified":"2025-12-05T14:35:53+00:00","description":"IMPAC WR-500. Es un impermeabilizante cementoso enpolvo de color gris o blanco que se utiliza para protegermuros de concreto que van ha estar expuestos...","breadcrumb":{"@id":"https:\/\/distribuidorpanelrey.com.mx\/producto\/impac-wr-500\/#breadcrumb"},"inLanguage":"es","potentialAction":[{"@type":"ReadAction","target":["https:\/\/distribuidorpanelrey.com.mx\/producto\/impac-wr-500\/"]}]},{"@type":"ImageObject","inLanguage":"es","@id":"https:\/\/distribuidorpanelrey.com.mx\/producto\/impac-wr-500\/#primaryimage","url":"https:\/\/distribuidorpanelrey.com.mx\/wp-content\/uploads\/2019\/10\/IMPAC-WR-500-DISTRIBUIDOR-PANEL-REY.png","contentUrl":"https:\/\/distribuidorpanelrey.com.mx\/wp-content\/uploads\/2019\/10\/IMPAC-WR-500-DISTRIBUIDOR-PANEL-REY.png","width":500,"height":500,"caption":"IMPAC-WR-500-DISTRIBUIDOR-PANEL-REY"},{"@type":"BreadcrumbList","@id":"https:\/\/distribuidorpanelrey.com.mx\/producto\/impac-wr-500\/#breadcrumb","itemListElement":[{"@type":"ListItem","position":1,"name":"Portada","item":"https:\/\/distribuidorpanelrey.com.mx\/"},{"@type":"ListItem","position":2,"name":"Productos","item":"https:\/\/distribuidorpanelrey.com\/tienda\/"},{"@type":"ListItem","position":3,"name":"IMPAC WR-500"}]},{"@type":"WebSite","@id":"https:\/\/distribuidorpanelrey.com\/#website","url":"https:\/\/distribuidorpanelrey.com\/","name":"PANEL REY MEXICO","description":"DISTRIBUIDOR PANEL REY","publisher":{"@id":"https:\/\/distribuidorpanelrey.com\/#organization"},"alternateName":"DISTRIBUIDOR PANEL REY","potentialAction":[{"@type":"SearchAction","target":{"@type":"EntryPoint","urlTemplate":"https:\/\/distribuidorpanelrey.com\/?s={search_term_string}"},"query-input":{"@type":"PropertyValueSpecification","valueRequired":true,"valueName":"search_term_string"}}],"inLanguage":"es"},{"@type":"Organization","@id":"https:\/\/distribuidorpanelrey.com\/#organization","name":"PANEL REY MEXICO","url":"https:\/\/distribuidorpanelrey.com\/","logo":{"@type":"ImageObject","inLanguage":"es","@id":"https:\/\/distribuidorpanelrey.com\/#\/schema\/logo\/image\/","url":"https:\/\/distribuidorpanelrey.com.mx\/wp-content\/uploads\/2023\/11\/panelrey.webp","contentUrl":"https:\/\/distribuidorpanelrey.com.mx\/wp-content\/uploads\/2023\/11\/panelrey.webp","width":400,"height":150,"caption":"PANEL REY MEXICO"},"image":{"@id":"https:\/\/distribuidorpanelrey.com\/#\/schema\/logo\/image\/"},"sameAs":["https:\/\/www.facebook.com\/mexicopanelrey\/?locale=es_LA","https:\/\/www.instagram.com\/panel_rey_mexico\/?hl=es"]}]}},"_links":{"self":[{"href":"https:\/\/distribuidorpanelrey.com.mx\/wp-json\/wp\/v2\/product\/1222","targetHints":{"allow":["GET"]}}],"collection":[{"href":"https:\/\/distribuidorpanelrey.com.mx\/wp-json\/wp\/v2\/product"}],"about":[{"href":"https:\/\/distribuidorpanelrey.com.mx\/wp-json\/wp\/v2\/types\/product"}],"replies":[{"embeddable":true,"href":"https:\/\/distribuidorpanelrey.com.mx\/wp-json\/wp\/v2\/comments?post=1222"}],"version-history":[{"count":3,"href":"https:\/\/distribuidorpanelrey.com.mx\/wp-json\/wp\/v2\/product\/1222\/revisions"}],"predecessor-version":[{"id":6643,"href":"https:\/\/distribuidorpanelrey.com.mx\/wp-json\/wp\/v2\/product\/1222\/revisions\/6643"}],"wp:featuredmedia":[{"embeddable":true,"href":"https:\/\/distribuidorpanelrey.com.mx\/wp-json\/wp\/v2\/media\/1224"}],"wp:attachment":[{"href":"https:\/\/distribuidorpanelrey.com.mx\/wp-json\/wp\/v2\/media?parent=1222"}],"wp:term":[{"taxonomy":"product_brand","embeddable":true,"href":"https:\/\/distribuidorpanelrey.com.mx\/wp-json\/wp\/v2\/product_brand?post=1222"},{"taxonomy":"product_cat","embeddable":true,"href":"https:\/\/distribuidorpanelrey.com.mx\/wp-json\/wp\/v2\/product_cat?post=1222"},{"taxonomy":"product_tag","embeddable":true,"href":"https:\/\/distribuidorpanelrey.com.mx\/wp-json\/wp\/v2\/product_tag?post=1222"}],"curies":[{"name":"wp","href":"https:\/\/api.w.org\/{rel}","templated":true}]}}