{"id":1325,"date":"2020-02-19T18:37:45","date_gmt":"2020-02-19T18:37:45","guid":{"rendered":"https:\/\/distribuidorpanelrey.com.mx\/?post_type=product&#038;p=1325"},"modified":"2025-12-05T15:14:49","modified_gmt":"2025-12-05T15:14:49","slug":"impac-bs-100","status":"publish","type":"product","link":"https:\/\/distribuidorpanelrey.com.mx\/producto\/impac-bs-100\/","title":{"rendered":"IMPAC BS-100"},"content":{"rendered":"<p>IMPAC BS-100<\/p>\n<p>&nbsp;<\/p>\n<h4><span style=\"color: #000080;\"><strong><span style=\"font-size: 19.2px;\">DESCRIPCI\u00d3N<\/span>:<\/strong><\/span><\/h4>\n<p>IMPAC BS-100 es un recubrimiento asf\u00e1ltico, barrera de vapor, libre de asbesto. Formulado a base de asfaltos refinados, cargas minerales, fibras de refuerzo y solventes de r\u00e1pida evaporaci\u00f3n.<\/p>\n<p>&nbsp;<\/p>\n<h4><span style=\"color: #000080;\"><strong>MEDIDAS:<\/strong><\/span><\/h4>\n<ul>\n<li>19 L<\/li>\n<\/ul>\n<h4><span style=\"color: #000080;\"><strong>COLORES:<\/strong><\/span><\/h4>\n<ul>\n<li>NEGRO<\/li>\n<\/ul>\n<h4><span style=\"color: #000080;\"><strong>USOS:<\/strong><\/span><\/h4>\n<ul>\n<li>IMPAC BS-100 es un mpermeabilizante en superficies verticales y horizontales de concreto, l\u00e1mina, asbesto cemento, madera, etc.<\/li>\n<li>Como recubrimiento impermeable en \u00e1reas de contacto con humedad como cimentaciones, muros de contenci\u00f3n y jardineras<\/li>\n<li>De recubrimiento anticorrosivo en superficies met\u00e1licas<\/li>\n<li>Como barrera de vapor aplicado en aislamiento t\u00e9rmico para instalaciones de refrigeraci\u00f3n<\/li>\n<\/ul>\n<h4><span style=\"color: #000080;\"><strong>APLICACIONES:<\/strong><\/span><\/h4>\n<h6><strong>Aplicaci\u00f3n como sistema impermeable:<\/strong><\/h6>\n<ul>\n<li>La superfi cie debe estar limpia, libre de polvo, aceite, grasa y material falsamente adherido.<\/li>\n<li>Aplicar IMPAC\u00ae Primario SVT-SR (consultar Ficha T\u00e9cnica) sobre la superfi cie a impermeabilizar a raz\u00f3n de 5 a 6 m2 por litro, procurando cubrir hasta 15 cent\u00edmetros hacia arriba en pretiles, bases de tinaco, etc. Y dejar secar el primario.<\/li>\n<li>Resanar con IMPAC\u00ae Cement SR (consultar Ficha T\u00e9cnica) fi suras, pretiles y otros puntos cr\u00edticos.<\/li>\n<li>Aplicar una capa uniforme de IMPAC\u00ae BS-100 sobre toda la superfi cie previamente imprimada a raz\u00f3n de 1 litro por m2. Simult\u00e1neamente estando el producto a\u00fan fresco, coloque la membrana de refuerzo.<\/li>\n<li>La membrana debe traslaparse 10 cent\u00edmetros en ambos sentidos de su colocaci\u00f3n. Evitando arrugas y abolsamientos, embebiendo la membrana y pasando el cepillo sin material sobre la misma y dejar secar la primera capa durante 24 horas.<\/li>\n<li>Aplique una segunda capa de IMPAC\u00ae BS-100 a raz\u00f3n de 1 litro por m2.<\/li>\n<li>Colocar un riego de arena s\u00edlica limpia sobre esta \u00faltima capa de IMPAC\u00ae BS-100 a\u00fan fresca, para aumentar su durabilidad y asegurar una buena adhesi\u00f3n de la pintura de acabado.<\/li>\n<li>Dejar secar por lo menos 10 d\u00edas antes de aplicar la pintura de acabado.<\/li>\n<li>Aplicaci\u00f3n como sistema barrera de vapor:<\/li>\n<li>La superfi cie de los aislamientos t\u00e9rmicos debe estar limpia y seca.<\/li>\n<li>Aplicar IMPAC\u00ae Primario SVT-SR sobre la superfi cie del aislamiento t\u00e9rmico y dejar secar el primario.<\/li>\n<li>Aplicar una capa uniforme de IMPAC\u00ae BS-100 sobre toda la superfi cie del aislamiento t\u00e9rmico previamente imprimada a raz\u00f3n de 2 litros por m2.<\/li>\n<li>Colocar la membrana de refuerzo. La membrana debe adherirse f\u00e1cilmente a la capa del recubrimiento pero sin embeberse, arrugarse y abolsarse. La membrana debe traslaparse 10 cent\u00edmetros en ambos sentidos de su colocaci\u00f3n.<\/li>\n<li>Aplique una segunda capa de IMPAC\u00ae BS-100 a raz\u00f3n de 2 litros por m2.<\/li>\n<\/ul>\n<h6><strong>Aplicaci\u00f3n como sistema barrera de vapor:<\/strong><\/h6>\n<ul>\n<li>La superficie de los aislamientos t\u00e9rmicos debe estar limpia y seca.<\/li>\n<li>Aplicar IMPAC\u00ae Primario SVT-SR sobre la superfi cie del aislamiento t\u00e9rmico y dejar secar el primario.<\/li>\n<li>Aplicar una capa uniforme de IMPAC\u00ae BS-100 sobre toda la superfi cie del aislamiento t\u00e9rmico previamente imprimada a raz\u00f3n de 2 litros por m2. Colocar la membrana de refuerzo. La membrana debe adherirse f\u00e1cilmente a la capa del recubrimiento pero sin embeberse, arrugarse y abolsarse.<\/li>\n<li>La membrana debe traslaparse 10 cent\u00edmetros en ambos sentidos de su colocaci\u00f3n.<\/li>\n<li>Aplique una segunda capa de IMPAC\u00ae BS-100 a raz\u00f3n de 2 litros por m2.<\/li>\n<\/ul>\n<h4><span style=\"color: #000080;\"><strong>PRECAUCIONES:<\/strong><\/span><\/h4>\n<p>No se recomienda aplicar a una temperatura inferior a 4\u00baC, ni en d\u00edas con lluvia. No diluya el producto. Lave la herramienta con agua y jab\u00f3n antes de que seque el producto. Almacenar el producto bajo techo, en lugar fresco y seco. No se deje al alcance de los ni\u00f1os. En caso de contacto con los ojos y la piel, enjuague con sufi ciente agua tanto como sea necesario. En caso de ingesti\u00f3n, acuda al servicio de emergencia m\u00e9dica o a su m\u00e9dico.<\/p>\n<p>&nbsp;<\/p>\n<p><img fetchpriority=\"high\" decoding=\"async\" class=\" wp-image-1329\" src=\"https:\/\/distribuidorpanelrey.com.mx\/wp-content\/uploads\/2020\/02\/PRECAUCIONES-BS-100-DISTRIBUIDOR-PANEL-REY.png\" alt=\"\" width=\"803\" height=\"424\" srcset=\"https:\/\/distribuidorpanelrey.com.mx\/wp-content\/uploads\/2020\/02\/PRECAUCIONES-BS-100-DISTRIBUIDOR-PANEL-REY.png 773w, https:\/\/distribuidorpanelrey.com.mx\/wp-content\/uploads\/2020\/02\/PRECAUCIONES-BS-100-DISTRIBUIDOR-PANEL-REY-600x317.png 600w, https:\/\/distribuidorpanelrey.com.mx\/wp-content\/uploads\/2020\/02\/PRECAUCIONES-BS-100-DISTRIBUIDOR-PANEL-REY-64x34.png 64w, https:\/\/distribuidorpanelrey.com.mx\/wp-content\/uploads\/2020\/02\/PRECAUCIONES-BS-100-DISTRIBUIDOR-PANEL-REY-300x158.png 300w, https:\/\/distribuidorpanelrey.com.mx\/wp-content\/uploads\/2020\/02\/PRECAUCIONES-BS-100-DISTRIBUIDOR-PANEL-REY-768x405.png 768w\" sizes=\"(max-width: 803px) 100vw, 803px\" \/><\/p>\n<p>&nbsp;<\/p>\n<p>&nbsp;<\/p>\n<p style=\"text-align: center;\">*En Distribuidor Panel Rey Mexico nos esforzamos por ofrecerte los mejores productos de\u00a0<a href=\"https:\/\/distribuidorpanelrey.com.mx\/tienda\/\">IMPAC<\/a><br \/>\n*La imagen puede diferir un poco del producto final *Los precios pueden variar sin previo aviso<br \/>\n*Los precios ya incluyen IVA *Se hacen env\u00edos a toda la Ciudad de Mexico , pregunte por nuestros descuentos en env\u00edos.<br \/>\n*Chatea con nosotros en nuestras redes sociales.<br \/>\n*Contactanos: Tel. 71-58-97-38 y 71-58-02-72.<br \/>\nNuestro correo: ventas@distribuidorpanelrey.com<br \/>\nDistribuidor Panel Rey Mexico<\/p>\n","protected":false},"excerpt":{"rendered":"<h4 style=\"text-align: center;\">Env\u00edos de 24 a 48 hr CDMX Y EDO MEX<\/h4>\n<p style=\"text-align: center;\">Rese\u00f1as\u00a0\u2605\u2605\u2605\u2605\u2605\u00a0 Env\u00edos Garantizados<\/p>\n<p style=\"text-align: center;\">Paga a meses o en efectivo.<\/p>\n<h4 style=\"text-align: center;\">\ud83d\udd25LOS MEJORES PRECIOS \ud83d\udd25<\/h4>\n","protected":false},"featured_media":1327,"comment_status":"closed","ping_status":"closed","template":"","meta":[],"product_brand":[559],"product_cat":[348],"product_tag":[264,265,266,188,146,184,185,263,262,20,111],"class_list":{"0":"post-1325","1":"product","2":"type-product","3":"status-publish","4":"has-post-thumbnail","6":"product_brand-impac","7":"product_cat-impermeabilizante","8":"product_tag-bs-100","9":"product_tag-distribudor","10":"product_tag-distribuidor-impac","11":"product_tag-fibratado","12":"product_tag-impac","13":"product_tag-impac-3000","14":"product_tag-impac-5000","15":"product_tag-impac-bs","16":"product_tag-llanta","17":"product_tag-panel","18":"product_tag-panel-rey","20":"first","21":"instock","22":"shipping-taxable","23":"purchasable","24":"product-type-simple"},"yoast_head":"<!-- This site is optimized with the Yoast SEO plugin v27.1.1 - https:\/\/yoast.com\/product\/yoast-seo-wordpress\/ -->\n<title>IMPAC BS-100 - PANEL REY MEXICO | ENCUENTRALO AQUI!<\/title>\n<meta name=\"description\" content=\"IMPAC BS-100. s un recubrimiento asf\u00e1ltico, barrera de vapor, libre de asbesto. | \u00a1Encuentra este y mas porductos impac aqui!\" \/>\n<meta name=\"robots\" content=\"index, follow, max-snippet:-1, max-image-preview:large, max-video-preview:-1\" \/>\n<link rel=\"canonical\" href=\"https:\/\/distribuidorpanelrey.com.mx\/producto\/impac-bs-100\/\" \/>\n<meta property=\"og:locale\" content=\"es_ES\" \/>\n<meta property=\"og:type\" content=\"article\" \/>\n<meta property=\"og:title\" content=\"IMPAC BS-100 - PANEL REY MEXICO | ENCUENTRALO AQUI!\" \/>\n<meta property=\"og:description\" content=\"IMPAC BS-100. s un recubrimiento asf\u00e1ltico, barrera de vapor, libre de asbesto. | \u00a1Encuentra este y mas porductos impac aqui!\" \/>\n<meta property=\"og:url\" content=\"https:\/\/distribuidorpanelrey.com.mx\/producto\/impac-bs-100\/\" \/>\n<meta property=\"og:site_name\" content=\"PANEL REY MEXICO\" \/>\n<meta property=\"article:publisher\" content=\"https:\/\/www.facebook.com\/mexicopanelrey\/?locale=es_LA\" \/>\n<meta property=\"article:modified_time\" content=\"2025-12-05T15:14:49+00:00\" \/>\n<meta property=\"og:image\" content=\"https:\/\/distribuidorpanelrey.com.mx\/wp-content\/uploads\/2020\/02\/IMPAC-BS-100-DISTRIBUIDOR-PANEL-REY.png\" \/>\n\t<meta property=\"og:image:width\" content=\"500\" \/>\n\t<meta property=\"og:image:height\" content=\"500\" \/>\n\t<meta property=\"og:image:type\" content=\"image\/png\" \/>\n<meta name=\"twitter:card\" content=\"summary_large_image\" \/>\n<meta name=\"twitter:label1\" content=\"Tiempo de lectura\" \/>\n\t<meta name=\"twitter:data1\" content=\"4 minutos\" \/>\n<script type=\"application\/ld+json\" class=\"yoast-schema-graph\">{\"@context\":\"https:\/\/schema.org\",\"@graph\":[{\"@type\":\"WebPage\",\"@id\":\"https:\/\/distribuidorpanelrey.com.mx\/producto\/impac-bs-100\/\",\"url\":\"https:\/\/distribuidorpanelrey.com.mx\/producto\/impac-bs-100\/\",\"name\":\"IMPAC BS-100 - PANEL REY MEXICO | ENCUENTRALO AQUI!\",\"isPartOf\":{\"@id\":\"https:\/\/distribuidorpanelrey.com\/#website\"},\"primaryImageOfPage\":{\"@id\":\"https:\/\/distribuidorpanelrey.com.mx\/producto\/impac-bs-100\/#primaryimage\"},\"image\":{\"@id\":\"https:\/\/distribuidorpanelrey.com.mx\/producto\/impac-bs-100\/#primaryimage\"},\"thumbnailUrl\":\"https:\/\/distribuidorpanelrey.com.mx\/wp-content\/uploads\/2020\/02\/IMPAC-BS-100-DISTRIBUIDOR-PANEL-REY.png\",\"datePublished\":\"2020-02-19T18:37:45+00:00\",\"dateModified\":\"2025-12-05T15:14:49+00:00\",\"description\":\"IMPAC BS-100. s un recubrimiento asf\u00e1ltico, barrera de vapor, libre de asbesto. | \u00a1Encuentra este y mas porductos impac aqui!\",\"breadcrumb\":{\"@id\":\"https:\/\/distribuidorpanelrey.com.mx\/producto\/impac-bs-100\/#breadcrumb\"},\"inLanguage\":\"es\",\"potentialAction\":[{\"@type\":\"ReadAction\",\"target\":[\"https:\/\/distribuidorpanelrey.com.mx\/producto\/impac-bs-100\/\"]}]},{\"@type\":\"ImageObject\",\"inLanguage\":\"es\",\"@id\":\"https:\/\/distribuidorpanelrey.com.mx\/producto\/impac-bs-100\/#primaryimage\",\"url\":\"https:\/\/distribuidorpanelrey.com.mx\/wp-content\/uploads\/2020\/02\/IMPAC-BS-100-DISTRIBUIDOR-PANEL-REY.png\",\"contentUrl\":\"https:\/\/distribuidorpanelrey.com.mx\/wp-content\/uploads\/2020\/02\/IMPAC-BS-100-DISTRIBUIDOR-PANEL-REY.png\",\"width\":500,\"height\":500,\"caption\":\"IMPAC-BS-100-DISTRIBUIDOR-PANEL-REY\"},{\"@type\":\"BreadcrumbList\",\"@id\":\"https:\/\/distribuidorpanelrey.com.mx\/producto\/impac-bs-100\/#breadcrumb\",\"itemListElement\":[{\"@type\":\"ListItem\",\"position\":1,\"name\":\"Portada\",\"item\":\"https:\/\/distribuidorpanelrey.com.mx\/\"},{\"@type\":\"ListItem\",\"position\":2,\"name\":\"Productos\",\"item\":\"https:\/\/distribuidorpanelrey.com\/tienda\/\"},{\"@type\":\"ListItem\",\"position\":3,\"name\":\"IMPAC BS-100\"}]},{\"@type\":\"WebSite\",\"@id\":\"https:\/\/distribuidorpanelrey.com\/#website\",\"url\":\"https:\/\/distribuidorpanelrey.com\/\",\"name\":\"PANEL REY MEXICO\",\"description\":\"DISTRIBUIDOR PANEL REY\",\"publisher\":{\"@id\":\"https:\/\/distribuidorpanelrey.com\/#organization\"},\"alternateName\":\"DISTRIBUIDOR PANEL REY\",\"potentialAction\":[{\"@type\":\"SearchAction\",\"target\":{\"@type\":\"EntryPoint\",\"urlTemplate\":\"https:\/\/distribuidorpanelrey.com\/?s={search_term_string}\"},\"query-input\":{\"@type\":\"PropertyValueSpecification\",\"valueRequired\":true,\"valueName\":\"search_term_string\"}}],\"inLanguage\":\"es\"},{\"@type\":\"Organization\",\"@id\":\"https:\/\/distribuidorpanelrey.com\/#organization\",\"name\":\"PANEL REY MEXICO\",\"url\":\"https:\/\/distribuidorpanelrey.com\/\",\"logo\":{\"@type\":\"ImageObject\",\"inLanguage\":\"es\",\"@id\":\"https:\/\/distribuidorpanelrey.com\/#\/schema\/logo\/image\/\",\"url\":\"https:\/\/distribuidorpanelrey.com.mx\/wp-content\/uploads\/2023\/11\/panelrey.webp\",\"contentUrl\":\"https:\/\/distribuidorpanelrey.com.mx\/wp-content\/uploads\/2023\/11\/panelrey.webp\",\"width\":400,\"height\":150,\"caption\":\"PANEL REY MEXICO\"},\"image\":{\"@id\":\"https:\/\/distribuidorpanelrey.com\/#\/schema\/logo\/image\/\"},\"sameAs\":[\"https:\/\/www.facebook.com\/mexicopanelrey\/?locale=es_LA\",\"https:\/\/www.instagram.com\/panel_rey_mexico\/?hl=es\"]}]}<\/script>\n<!-- \/ Yoast SEO plugin. -->","yoast_head_json":{"title":"IMPAC BS-100 - PANEL REY MEXICO | ENCUENTRALO AQUI!","description":"IMPAC BS-100. s un recubrimiento asf\u00e1ltico, barrera de vapor, libre de asbesto. | \u00a1Encuentra este y mas porductos impac aqui!","robots":{"index":"index","follow":"follow","max-snippet":"max-snippet:-1","max-image-preview":"max-image-preview:large","max-video-preview":"max-video-preview:-1"},"canonical":"https:\/\/distribuidorpanelrey.com.mx\/producto\/impac-bs-100\/","og_locale":"es_ES","og_type":"article","og_title":"IMPAC BS-100 - PANEL REY MEXICO | ENCUENTRALO AQUI!","og_description":"IMPAC BS-100. s un recubrimiento asf\u00e1ltico, barrera de vapor, libre de asbesto. | \u00a1Encuentra este y mas porductos impac aqui!","og_url":"https:\/\/distribuidorpanelrey.com.mx\/producto\/impac-bs-100\/","og_site_name":"PANEL REY MEXICO","article_publisher":"https:\/\/www.facebook.com\/mexicopanelrey\/?locale=es_LA","article_modified_time":"2025-12-05T15:14:49+00:00","og_image":[{"width":500,"height":500,"url":"https:\/\/distribuidorpanelrey.com.mx\/wp-content\/uploads\/2020\/02\/IMPAC-BS-100-DISTRIBUIDOR-PANEL-REY.png","type":"image\/png"}],"twitter_card":"summary_large_image","twitter_misc":{"Tiempo de lectura":"4 minutos"},"schema":{"@context":"https:\/\/schema.org","@graph":[{"@type":"WebPage","@id":"https:\/\/distribuidorpanelrey.com.mx\/producto\/impac-bs-100\/","url":"https:\/\/distribuidorpanelrey.com.mx\/producto\/impac-bs-100\/","name":"IMPAC BS-100 - PANEL REY MEXICO | ENCUENTRALO AQUI!","isPartOf":{"@id":"https:\/\/distribuidorpanelrey.com\/#website"},"primaryImageOfPage":{"@id":"https:\/\/distribuidorpanelrey.com.mx\/producto\/impac-bs-100\/#primaryimage"},"image":{"@id":"https:\/\/distribuidorpanelrey.com.mx\/producto\/impac-bs-100\/#primaryimage"},"thumbnailUrl":"https:\/\/distribuidorpanelrey.com.mx\/wp-content\/uploads\/2020\/02\/IMPAC-BS-100-DISTRIBUIDOR-PANEL-REY.png","datePublished":"2020-02-19T18:37:45+00:00","dateModified":"2025-12-05T15:14:49+00:00","description":"IMPAC BS-100. s un recubrimiento asf\u00e1ltico, barrera de vapor, libre de asbesto. | \u00a1Encuentra este y mas porductos impac aqui!","breadcrumb":{"@id":"https:\/\/distribuidorpanelrey.com.mx\/producto\/impac-bs-100\/#breadcrumb"},"inLanguage":"es","potentialAction":[{"@type":"ReadAction","target":["https:\/\/distribuidorpanelrey.com.mx\/producto\/impac-bs-100\/"]}]},{"@type":"ImageObject","inLanguage":"es","@id":"https:\/\/distribuidorpanelrey.com.mx\/producto\/impac-bs-100\/#primaryimage","url":"https:\/\/distribuidorpanelrey.com.mx\/wp-content\/uploads\/2020\/02\/IMPAC-BS-100-DISTRIBUIDOR-PANEL-REY.png","contentUrl":"https:\/\/distribuidorpanelrey.com.mx\/wp-content\/uploads\/2020\/02\/IMPAC-BS-100-DISTRIBUIDOR-PANEL-REY.png","width":500,"height":500,"caption":"IMPAC-BS-100-DISTRIBUIDOR-PANEL-REY"},{"@type":"BreadcrumbList","@id":"https:\/\/distribuidorpanelrey.com.mx\/producto\/impac-bs-100\/#breadcrumb","itemListElement":[{"@type":"ListItem","position":1,"name":"Portada","item":"https:\/\/distribuidorpanelrey.com.mx\/"},{"@type":"ListItem","position":2,"name":"Productos","item":"https:\/\/distribuidorpanelrey.com\/tienda\/"},{"@type":"ListItem","position":3,"name":"IMPAC BS-100"}]},{"@type":"WebSite","@id":"https:\/\/distribuidorpanelrey.com\/#website","url":"https:\/\/distribuidorpanelrey.com\/","name":"PANEL REY MEXICO","description":"DISTRIBUIDOR PANEL REY","publisher":{"@id":"https:\/\/distribuidorpanelrey.com\/#organization"},"alternateName":"DISTRIBUIDOR PANEL REY","potentialAction":[{"@type":"SearchAction","target":{"@type":"EntryPoint","urlTemplate":"https:\/\/distribuidorpanelrey.com\/?s={search_term_string}"},"query-input":{"@type":"PropertyValueSpecification","valueRequired":true,"valueName":"search_term_string"}}],"inLanguage":"es"},{"@type":"Organization","@id":"https:\/\/distribuidorpanelrey.com\/#organization","name":"PANEL REY MEXICO","url":"https:\/\/distribuidorpanelrey.com\/","logo":{"@type":"ImageObject","inLanguage":"es","@id":"https:\/\/distribuidorpanelrey.com\/#\/schema\/logo\/image\/","url":"https:\/\/distribuidorpanelrey.com.mx\/wp-content\/uploads\/2023\/11\/panelrey.webp","contentUrl":"https:\/\/distribuidorpanelrey.com.mx\/wp-content\/uploads\/2023\/11\/panelrey.webp","width":400,"height":150,"caption":"PANEL REY MEXICO"},"image":{"@id":"https:\/\/distribuidorpanelrey.com\/#\/schema\/logo\/image\/"},"sameAs":["https:\/\/www.facebook.com\/mexicopanelrey\/?locale=es_LA","https:\/\/www.instagram.com\/panel_rey_mexico\/?hl=es"]}]}},"_links":{"self":[{"href":"https:\/\/distribuidorpanelrey.com.mx\/wp-json\/wp\/v2\/product\/1325","targetHints":{"allow":["GET"]}}],"collection":[{"href":"https:\/\/distribuidorpanelrey.com.mx\/wp-json\/wp\/v2\/product"}],"about":[{"href":"https:\/\/distribuidorpanelrey.com.mx\/wp-json\/wp\/v2\/types\/product"}],"replies":[{"embeddable":true,"href":"https:\/\/distribuidorpanelrey.com.mx\/wp-json\/wp\/v2\/comments?post=1325"}],"version-history":[{"count":3,"href":"https:\/\/distribuidorpanelrey.com.mx\/wp-json\/wp\/v2\/product\/1325\/revisions"}],"predecessor-version":[{"id":6655,"href":"https:\/\/distribuidorpanelrey.com.mx\/wp-json\/wp\/v2\/product\/1325\/revisions\/6655"}],"wp:featuredmedia":[{"embeddable":true,"href":"https:\/\/distribuidorpanelrey.com.mx\/wp-json\/wp\/v2\/media\/1327"}],"wp:attachment":[{"href":"https:\/\/distribuidorpanelrey.com.mx\/wp-json\/wp\/v2\/media?parent=1325"}],"wp:term":[{"taxonomy":"product_brand","embeddable":true,"href":"https:\/\/distribuidorpanelrey.com.mx\/wp-json\/wp\/v2\/product_brand?post=1325"},{"taxonomy":"product_cat","embeddable":true,"href":"https:\/\/distribuidorpanelrey.com.mx\/wp-json\/wp\/v2\/product_cat?post=1325"},{"taxonomy":"product_tag","embeddable":true,"href":"https:\/\/distribuidorpanelrey.com.mx\/wp-json\/wp\/v2\/product_tag?post=1325"}],"curies":[{"name":"wp","href":"https:\/\/api.w.org\/{rel}","templated":true}]}}