{"id":1326,"date":"2020-02-19T18:40:18","date_gmt":"2020-02-19T18:40:18","guid":{"rendered":"https:\/\/distribuidorpanelrey.com.mx\/?post_type=product&#038;p=1326"},"modified":"2025-12-05T15:13:23","modified_gmt":"2025-12-05T15:13:23","slug":"fibra-poliester-gravilla","status":"publish","type":"product","link":"https:\/\/distribuidorpanelrey.com.mx\/producto\/fibra-poliester-gravilla\/","title":{"rendered":"IMPAC  FIBRA DE VIDRIO GRAVILLA"},"content":{"rendered":"<p>IMPAC Fibra de Vidrio Gravilla<\/p>\n<p>&nbsp;<\/p>\n<h4><span style=\"color: #000080;\"><b>DESCRIPCI\u00d3N<\/b><strong>:<\/strong><\/span><\/h4>\n<p>La membrana prefabricada IMPAC Hogar Fibra de Vidrio es elaborada con asfalto s\u00f3lido no oxidado modificado con una combinaci\u00f3n de copol\u00edmeros termopl\u00e1sticos y armada con refuerzo central de tela de fibra de vidrio no tejido, con acabado de gravilla de colores y con una capa inferior de una pel\u00edcula de polietileno que se integra al asfalto por medio del soplete por termo-fusi\u00f3n, adhiri\u00e9ndose a la superficie previamente tratada formando un sistema impermeable \u00fanico para una gran protecci\u00f3n contra la humedad, siendo una opci\u00f3n que une las mejores caracter\u00edsticas al mejor precio.<\/p>\n<p>&nbsp;<\/p>\n<h4><span style=\"color: #000080;\"><strong>USOS RECOMENDADOS:<\/strong><\/span><\/h4>\n<p>Para impermeabilizar cualquier tipo de estructura con movimientos t\u00e9rmico-estructurales no cr\u00edticos. Se ocupa para todo clima, pero es ideal para zonas geogr\u00e1ficas con clima templado.<\/p>\n<p>&nbsp;<\/p>\n<h4><span style=\"color: #003366;\"><strong>VENTAJAS:<\/strong><\/span><\/h4>\n<ul>\n<li>IMPAC Fibra de Vidrio Gravilla se coloca y se adhiere por termo-fusi\u00f3n, cubriendo de manera r\u00e1pida grandes \u00e1reas.<\/li>\n<li>Producto controlado desde f\u00e1brica con espesor y calidad uniforme.<\/li>\n<li>Armada con tela de fibra de vidrio para una excelente estabilidad dimensional de la membrana prefabricada.<\/li>\n<li>Posee y resistencia a la acci\u00f3n del agua.<\/li>\n<li>Forma un sistema 100% impermeable, flexible y durable.<\/li>\n<li>Limpio y no contaminante.<\/li>\n<li>El acabado con gravilla de colores permite un tr\u00e1fico ligero ocasional y agrega protecci\u00f3n contra las condiciones clim\u00e1ticas.<\/li>\n<\/ul>\n<p>&nbsp;<\/p>\n<h4><span style=\"color: #003366;\"><strong>ALMACENAMIENTO:<\/strong><\/span><\/h4>\n<p>Bajo techo sobre una superficie lisa y limpia, hasta dos tarimas s\u00faper puestas verticalmente colocando un aglomerado de 6 mm de espesor m\u00ednimo entre la tarima inferior y superior. Durante su manejo y estiba de los rollos no deber\u00e1n ser golpeados para evitar da\u00f1os. Transportarse siempre en posici\u00f3n vertical, NUNCA acostados. No colocar nada sobre ellos, soport\u00e1ndolos firmemente de manera que no se ladeen o inclinen.<\/p>\n<p>&nbsp;<\/p>\n<p><img fetchpriority=\"high\" decoding=\"async\" class=\" wp-image-1333 aligncenter\" src=\"https:\/\/distribuidorpanelrey.com.mx\/wp-content\/uploads\/2020\/02\/Captura.png\" alt=\"\" width=\"349\" height=\"801\" \/><\/p>\n<p>&nbsp;<\/p>\n<p>&nbsp;<\/p>\n<h4><span style=\"color: #000080;\"><strong>PRECAUCIONES:<\/strong><\/span><\/h4>\n<p>Los sistemas impermeabilizantes existentes deber\u00e1n ser retirados totalmente de la superficie a proteger. El \u00e1rea a impermeabilizar no debe presentar protuberancias que pueden da\u00f1ar la membrana asf\u00e1ltica. No deben colocarse objetos pesados sobre el manto reci\u00e9n instalado sin la adecuada protecci\u00f3n para evitar da\u00f1arlo.<\/p>\n<h6>Durante la instalaci\u00f3n con soplete de gas no se deber\u00e1 exceder en el flameado porque da\u00f1a el refuerzo y las propiedades de los pol\u00edmeros modificadores del asfalto. La aplicaci\u00f3n con soplete se puede realizar solo cuando el primario est\u00e9 seco. El prefabricado IMPAC HOGAR no debe ser almacenado expuesto al calor, deber\u00e1 estibarse \u00fanicamente en posici\u00f3n vertical y donde la temperatura ambiente no sea<br \/>\nmayor de 45\u00baC. No resiste aceites ni solventes.<\/h6>\n<p>&nbsp;<\/p>\n<h5><strong>Aplicaci\u00f3n con soplete de gas por termofusi\u00f3n:<\/strong><\/h5>\n<ul>\n<li>Los Prefabricados IMPAC se instalan sobre las superficies con soplete de gas.<\/li>\n<li>La instalaci\u00f3n del sistema impermeable prefabricado IMPAC HOGAR, requiere de la experiencia y de mano de obra calificada.<\/li>\n<li>Se deber\u00e1 realizar la aplicaci\u00f3n bajo condiciones clim\u00e1ticas favorables. Si se presentan condiciones de alta humedad o lluvia, se podr\u00edan generar fallas de adherencia y la formaci\u00f3n de abolsamientos.<\/li>\n<li>La superficie deber\u00e1 contar con una pendiente m\u00ednima del 2% hacia las bajadas pluviales o bajantes, libre de encharcamientos.<\/li>\n<li>Los sistemas impermeabilizantes existentes deber\u00e1n ser retirados totalmente de la superficie a proteger.<\/li>\n<li>La superfi cie donde se vaya a aplicar el impermeabilizante Prefabricado IMPAC deber\u00e1 estar uniforme, completamente seca, libre de polvo, arena, grasa, aceite, membranas de curado y material suelto de cualquier naturaleza, que puedan provocar desprendimientos de la membrana.<\/li>\n<li>Sobre la superfi cie limpia, aplique la imprimaci\u00f3n asf\u00e1ltica de IMPAC\u00ae PRIMARIO H (base agua, consultar<\/li>\n<li>Ficha T\u00e9cnica) o IMPAC\u00ae PRIMARIO SVT-SR (base solvente, consultar Ficha T\u00e9cnica). Si la superfi cie est\u00e1 seca, deber\u00eda usar preferentemente IMPAC\u00ae PRIMARIO SVT-SR (base solvente). Si el sustrato est\u00e1 ligeramente h\u00famedo, aplique el primario asf\u00e1ltico IMPAC\u00ae PRIMARIO H (base agua). Dejar secar totalmente el primario.<\/li>\n<li>En las fisuras o grietas y en los puntos cr\u00edticos; chaflanes, bajadas pluviales, chimeneas, ductos de aire acondicionado, bases de tinacos, tuber\u00eda, etc. deber\u00e1n sellarse con IMPAC\u00ae CEMENT (consultar Ficha T\u00e9cnica) o preparar cortes del prefabricado IMPAC HOGAR FIBRA DE VIDRIO, para sellarlos mediante la aplicaci\u00f3n por soplete.<\/li>\n<li>Para el tratamiento de juntas con movimiento estructural, preparar bandas del prefabricado IMPAC\u00ae PRO POLI\u00c9STER SBS ARENADO para sellarlos mediante la aplicaci\u00f3n con soplete.<\/li>\n<li>La altura de la impermeabilizaci\u00f3n en los muros o pretiles, debe ser como m\u00ednimo 15 cent\u00edmetros por encima del nivel de la superfi cie terminada o del nivel del chafl \u00e1n y deber\u00e1 protegerse con remate met\u00e1lico preferentemente.<\/li>\n<li>Se deber\u00e1 tener cuidado de no sobrecalentar la membrana asf\u00e1ltica, porque podr\u00eda crear porosidad y da\u00f1ar y alterar su desempe\u00f1o y durabilidad.<\/li>\n<li>El soplete de gas debe encontrarse en buen estado.<\/li>\n<li>Comience a colocar la membrana en la parte m\u00e1s baja de la superficie del techo continuando hacia arriba y en direcci\u00f3n transversal a la pendiente. Deber\u00e1 situar la membrana sobre la superficie en la posici\u00f3n correcta, extendiendo la mitad del rollo para asegurar un traslape preciso y alineado con el siguiente rollo.<\/li>\n<li>Al alinear las membranas asf\u00e1lticas, los traslapes transversales deben colocarse en forma escalonada, no continuos.<\/li>\n<li>Una vez revisado el punto anterior, enrollar la membrana sin moverla de posici\u00f3n para comenzar su aplicaci\u00f3n por termo-fusi\u00f3n. Desenrolle lentamente el Prefabricado y luego, adhiera la membrana a la superfi cie, calentando su cara inferior con el soplete de gas, fundiendo el respaldo de polietileno y superfi cialmente el asfalto, sin sobrecalentarlo y ejerciendo una suave presi\u00f3n a la membrana para adherirla a la superfi cie.<\/li>\n<li>Los traslapes longitudinales de los rollos de 10 cent\u00edmetros se unir\u00e1n por medio de una cuchara de punta redonda, la cual se calienta con el soplete. Al momento de este proceso, revise la correcta uni\u00f3n de estos traslapes, presionando con la cuchara de tal manera que exude o fl uya al borde ligeramente el asfalto, asegurando la hermeticidad de la uni\u00f3n de ambos traslapes. Proteger este cord\u00f3n de asfalto con gravilla o recubriendo con IMPAC\u00ae MAXIMUS.<\/li>\n<li>Se deber\u00e1 tener especial cuidado al unir los traslapes transversales de cada rollo, traslapando 15 cent\u00edmetros entre ellos, sold\u00e1ndolos por fusi\u00f3n y retirando totalmente la gravilla con la cuchara previamente calentada con el soplete, de forma que garantice una correcta adherencia.<\/li>\n<\/ul>\n<p>&nbsp;<\/p>\n<p><img decoding=\"async\" class=\" wp-image-1334\" src=\"https:\/\/distribuidorpanelrey.com.mx\/wp-content\/uploads\/2020\/02\/Captura-1.png\" alt=\"\" width=\"488\" height=\"497\" srcset=\"https:\/\/distribuidorpanelrey.com.mx\/wp-content\/uploads\/2020\/02\/Captura-1.png 445w, https:\/\/distribuidorpanelrey.com.mx\/wp-content\/uploads\/2020\/02\/Captura-1-64x65.png 64w, https:\/\/distribuidorpanelrey.com.mx\/wp-content\/uploads\/2020\/02\/Captura-1-294x300.png 294w\" sizes=\"(max-width: 488px) 100vw, 488px\" \/><\/p>\n<p>&nbsp;<\/p>\n<p style=\"text-align: center;\">*En Distribuidor Panel Rey Mexico nos esforzamos por ofrecerte los mejores productos de\u00a0<a href=\"https:\/\/distribuidorpanelrey.com.mx\/tienda\/\">IMPAC<\/a><br \/>\n*La imagen puede diferir un poco del producto final *Los precios pueden variar sin previo aviso<br \/>\n*Los precios ya incluyen IVA *Se hacen env\u00edos a toda la Ciudad de Mexico , pregunte por nuestros descuentos en env\u00edos.<br \/>\n*Chatea con nosotros en nuestras redes sociales.<br \/>\n*Contactanos: Tel. 71-58-97-38 y 71-58-02-72.<br \/>\nNuestro correo: ventas@distribuidorpanelrey.com<br \/>\nDistribuidor Panel Rey Mexico<\/p>\n","protected":false},"excerpt":{"rendered":"<h4 style=\"text-align: center;\">Env\u00edos de 24 a 48 hr CDMX Y EDO MEX<\/h4>\n<p style=\"text-align: center;\">Rese\u00f1as\u00a0\u2605\u2605\u2605\u2605\u2605\u00a0 Env\u00edos Garantizados<\/p>\n<p style=\"text-align: center;\">Paga a meses o en efectivo.<\/p>\n<h4 style=\"text-align: center;\">\ud83d\udd25LOS MEJORES PRECIOS \ud83d\udd25<\/h4>\n","protected":false},"featured_media":1331,"comment_status":"closed","ping_status":"closed","template":"","meta":[],"product_brand":[559],"product_cat":[348],"product_tag":[255,146,408,149,407,406,268],"class_list":{"0":"post-1326","1":"product","2":"type-product","3":"status-publish","4":"has-post-thumbnail","6":"product_brand-impac","7":"product_cat-impermeabilizante","8":"product_tag-fibra","9":"product_tag-impac","10":"product_tag-impemerabilizante-asfaltico","11":"product_tag-impermeabilizante","12":"product_tag-impermeabilizante-prefabricado","13":"product_tag-rollo","14":"product_tag-vidrio","16":"first","17":"instock","18":"shipping-taxable","19":"purchasable","20":"product-type-simple"},"yoast_head":"<!-- This site is optimized with the Yoast SEO plugin v27.1.1 - https:\/\/yoast.com\/product\/yoast-seo-wordpress\/ -->\n<title>IMPAC FIBRA DE VIDRIO GRAVILLA - PANEL REY MEXICO<\/title>\n<meta name=\"description\" content=\"IMPAC Fibra de Vidrio Gravilla.\" \/>\n<meta name=\"robots\" content=\"index, follow, max-snippet:-1, max-image-preview:large, max-video-preview:-1\" \/>\n<link rel=\"canonical\" href=\"https:\/\/distribuidorpanelrey.com.mx\/producto\/fibra-poliester-gravilla\/\" \/>\n<meta property=\"og:locale\" content=\"es_ES\" \/>\n<meta property=\"og:type\" content=\"article\" \/>\n<meta property=\"og:title\" content=\"IMPAC FIBRA DE VIDRIO GRAVILLA - PANEL REY MEXICO\" \/>\n<meta property=\"og:description\" content=\"IMPAC Fibra de Vidrio Gravilla.\" \/>\n<meta property=\"og:url\" content=\"https:\/\/distribuidorpanelrey.com.mx\/producto\/fibra-poliester-gravilla\/\" \/>\n<meta property=\"og:site_name\" content=\"PANEL REY MEXICO\" \/>\n<meta property=\"article:publisher\" content=\"https:\/\/www.facebook.com\/mexicopanelrey\/?locale=es_LA\" \/>\n<meta property=\"article:modified_time\" content=\"2025-12-05T15:13:23+00:00\" \/>\n<meta property=\"og:image\" content=\"https:\/\/distribuidorpanelrey.com.mx\/wp-content\/uploads\/2020\/02\/rollo-prefabricado-impac-rojo-35mm.jpg\" \/>\n\t<meta property=\"og:image:width\" content=\"800\" \/>\n\t<meta property=\"og:image:height\" content=\"800\" \/>\n\t<meta property=\"og:image:type\" content=\"image\/jpeg\" \/>\n<meta name=\"twitter:card\" content=\"summary_large_image\" \/>\n<meta name=\"twitter:label1\" content=\"Tiempo de lectura\" \/>\n\t<meta name=\"twitter:data1\" content=\"6 minutos\" \/>\n<script type=\"application\/ld+json\" class=\"yoast-schema-graph\">{\"@context\":\"https:\/\/schema.org\",\"@graph\":[{\"@type\":\"WebPage\",\"@id\":\"https:\/\/distribuidorpanelrey.com.mx\/producto\/fibra-poliester-gravilla\/\",\"url\":\"https:\/\/distribuidorpanelrey.com.mx\/producto\/fibra-poliester-gravilla\/\",\"name\":\"IMPAC FIBRA DE VIDRIO GRAVILLA - PANEL REY MEXICO\",\"isPartOf\":{\"@id\":\"https:\/\/distribuidorpanelrey.com\/#website\"},\"primaryImageOfPage\":{\"@id\":\"https:\/\/distribuidorpanelrey.com.mx\/producto\/fibra-poliester-gravilla\/#primaryimage\"},\"image\":{\"@id\":\"https:\/\/distribuidorpanelrey.com.mx\/producto\/fibra-poliester-gravilla\/#primaryimage\"},\"thumbnailUrl\":\"https:\/\/distribuidorpanelrey.com.mx\/wp-content\/uploads\/2020\/02\/rollo-prefabricado-impac-rojo-35mm.jpg\",\"datePublished\":\"2020-02-19T18:40:18+00:00\",\"dateModified\":\"2025-12-05T15:13:23+00:00\",\"description\":\"IMPAC Fibra de Vidrio Gravilla.\",\"breadcrumb\":{\"@id\":\"https:\/\/distribuidorpanelrey.com.mx\/producto\/fibra-poliester-gravilla\/#breadcrumb\"},\"inLanguage\":\"es\",\"potentialAction\":[{\"@type\":\"ReadAction\",\"target\":[\"https:\/\/distribuidorpanelrey.com.mx\/producto\/fibra-poliester-gravilla\/\"]}]},{\"@type\":\"ImageObject\",\"inLanguage\":\"es\",\"@id\":\"https:\/\/distribuidorpanelrey.com.mx\/producto\/fibra-poliester-gravilla\/#primaryimage\",\"url\":\"https:\/\/distribuidorpanelrey.com.mx\/wp-content\/uploads\/2020\/02\/rollo-prefabricado-impac-rojo-35mm.jpg\",\"contentUrl\":\"https:\/\/distribuidorpanelrey.com.mx\/wp-content\/uploads\/2020\/02\/rollo-prefabricado-impac-rojo-35mm.jpg\",\"width\":800,\"height\":800,\"caption\":\"rollo-prefabricado-impac-rojo-35mm\"},{\"@type\":\"BreadcrumbList\",\"@id\":\"https:\/\/distribuidorpanelrey.com.mx\/producto\/fibra-poliester-gravilla\/#breadcrumb\",\"itemListElement\":[{\"@type\":\"ListItem\",\"position\":1,\"name\":\"Portada\",\"item\":\"https:\/\/distribuidorpanelrey.com.mx\/\"},{\"@type\":\"ListItem\",\"position\":2,\"name\":\"Productos\",\"item\":\"https:\/\/distribuidorpanelrey.com\/tienda\/\"},{\"@type\":\"ListItem\",\"position\":3,\"name\":\"IMPAC FIBRA DE VIDRIO GRAVILLA\"}]},{\"@type\":\"WebSite\",\"@id\":\"https:\/\/distribuidorpanelrey.com\/#website\",\"url\":\"https:\/\/distribuidorpanelrey.com\/\",\"name\":\"PANEL REY MEXICO\",\"description\":\"DISTRIBUIDOR PANEL REY\",\"publisher\":{\"@id\":\"https:\/\/distribuidorpanelrey.com\/#organization\"},\"alternateName\":\"DISTRIBUIDOR PANEL REY\",\"potentialAction\":[{\"@type\":\"SearchAction\",\"target\":{\"@type\":\"EntryPoint\",\"urlTemplate\":\"https:\/\/distribuidorpanelrey.com\/?s={search_term_string}\"},\"query-input\":{\"@type\":\"PropertyValueSpecification\",\"valueRequired\":true,\"valueName\":\"search_term_string\"}}],\"inLanguage\":\"es\"},{\"@type\":\"Organization\",\"@id\":\"https:\/\/distribuidorpanelrey.com\/#organization\",\"name\":\"PANEL REY MEXICO\",\"url\":\"https:\/\/distribuidorpanelrey.com\/\",\"logo\":{\"@type\":\"ImageObject\",\"inLanguage\":\"es\",\"@id\":\"https:\/\/distribuidorpanelrey.com\/#\/schema\/logo\/image\/\",\"url\":\"https:\/\/distribuidorpanelrey.com.mx\/wp-content\/uploads\/2023\/11\/panelrey.webp\",\"contentUrl\":\"https:\/\/distribuidorpanelrey.com.mx\/wp-content\/uploads\/2023\/11\/panelrey.webp\",\"width\":400,\"height\":150,\"caption\":\"PANEL REY MEXICO\"},\"image\":{\"@id\":\"https:\/\/distribuidorpanelrey.com\/#\/schema\/logo\/image\/\"},\"sameAs\":[\"https:\/\/www.facebook.com\/mexicopanelrey\/?locale=es_LA\",\"https:\/\/www.instagram.com\/panel_rey_mexico\/?hl=es\"]}]}<\/script>\n<!-- \/ Yoast SEO plugin. -->","yoast_head_json":{"title":"IMPAC FIBRA DE VIDRIO GRAVILLA - PANEL REY MEXICO","description":"IMPAC Fibra de Vidrio Gravilla.","robots":{"index":"index","follow":"follow","max-snippet":"max-snippet:-1","max-image-preview":"max-image-preview:large","max-video-preview":"max-video-preview:-1"},"canonical":"https:\/\/distribuidorpanelrey.com.mx\/producto\/fibra-poliester-gravilla\/","og_locale":"es_ES","og_type":"article","og_title":"IMPAC FIBRA DE VIDRIO GRAVILLA - PANEL REY MEXICO","og_description":"IMPAC Fibra de Vidrio Gravilla.","og_url":"https:\/\/distribuidorpanelrey.com.mx\/producto\/fibra-poliester-gravilla\/","og_site_name":"PANEL REY MEXICO","article_publisher":"https:\/\/www.facebook.com\/mexicopanelrey\/?locale=es_LA","article_modified_time":"2025-12-05T15:13:23+00:00","og_image":[{"width":800,"height":800,"url":"https:\/\/distribuidorpanelrey.com.mx\/wp-content\/uploads\/2020\/02\/rollo-prefabricado-impac-rojo-35mm.jpg","type":"image\/jpeg"}],"twitter_card":"summary_large_image","twitter_misc":{"Tiempo de lectura":"6 minutos"},"schema":{"@context":"https:\/\/schema.org","@graph":[{"@type":"WebPage","@id":"https:\/\/distribuidorpanelrey.com.mx\/producto\/fibra-poliester-gravilla\/","url":"https:\/\/distribuidorpanelrey.com.mx\/producto\/fibra-poliester-gravilla\/","name":"IMPAC FIBRA DE VIDRIO GRAVILLA - PANEL REY MEXICO","isPartOf":{"@id":"https:\/\/distribuidorpanelrey.com\/#website"},"primaryImageOfPage":{"@id":"https:\/\/distribuidorpanelrey.com.mx\/producto\/fibra-poliester-gravilla\/#primaryimage"},"image":{"@id":"https:\/\/distribuidorpanelrey.com.mx\/producto\/fibra-poliester-gravilla\/#primaryimage"},"thumbnailUrl":"https:\/\/distribuidorpanelrey.com.mx\/wp-content\/uploads\/2020\/02\/rollo-prefabricado-impac-rojo-35mm.jpg","datePublished":"2020-02-19T18:40:18+00:00","dateModified":"2025-12-05T15:13:23+00:00","description":"IMPAC Fibra de Vidrio Gravilla.","breadcrumb":{"@id":"https:\/\/distribuidorpanelrey.com.mx\/producto\/fibra-poliester-gravilla\/#breadcrumb"},"inLanguage":"es","potentialAction":[{"@type":"ReadAction","target":["https:\/\/distribuidorpanelrey.com.mx\/producto\/fibra-poliester-gravilla\/"]}]},{"@type":"ImageObject","inLanguage":"es","@id":"https:\/\/distribuidorpanelrey.com.mx\/producto\/fibra-poliester-gravilla\/#primaryimage","url":"https:\/\/distribuidorpanelrey.com.mx\/wp-content\/uploads\/2020\/02\/rollo-prefabricado-impac-rojo-35mm.jpg","contentUrl":"https:\/\/distribuidorpanelrey.com.mx\/wp-content\/uploads\/2020\/02\/rollo-prefabricado-impac-rojo-35mm.jpg","width":800,"height":800,"caption":"rollo-prefabricado-impac-rojo-35mm"},{"@type":"BreadcrumbList","@id":"https:\/\/distribuidorpanelrey.com.mx\/producto\/fibra-poliester-gravilla\/#breadcrumb","itemListElement":[{"@type":"ListItem","position":1,"name":"Portada","item":"https:\/\/distribuidorpanelrey.com.mx\/"},{"@type":"ListItem","position":2,"name":"Productos","item":"https:\/\/distribuidorpanelrey.com\/tienda\/"},{"@type":"ListItem","position":3,"name":"IMPAC FIBRA DE VIDRIO GRAVILLA"}]},{"@type":"WebSite","@id":"https:\/\/distribuidorpanelrey.com\/#website","url":"https:\/\/distribuidorpanelrey.com\/","name":"PANEL REY MEXICO","description":"DISTRIBUIDOR PANEL REY","publisher":{"@id":"https:\/\/distribuidorpanelrey.com\/#organization"},"alternateName":"DISTRIBUIDOR PANEL REY","potentialAction":[{"@type":"SearchAction","target":{"@type":"EntryPoint","urlTemplate":"https:\/\/distribuidorpanelrey.com\/?s={search_term_string}"},"query-input":{"@type":"PropertyValueSpecification","valueRequired":true,"valueName":"search_term_string"}}],"inLanguage":"es"},{"@type":"Organization","@id":"https:\/\/distribuidorpanelrey.com\/#organization","name":"PANEL REY MEXICO","url":"https:\/\/distribuidorpanelrey.com\/","logo":{"@type":"ImageObject","inLanguage":"es","@id":"https:\/\/distribuidorpanelrey.com\/#\/schema\/logo\/image\/","url":"https:\/\/distribuidorpanelrey.com.mx\/wp-content\/uploads\/2023\/11\/panelrey.webp","contentUrl":"https:\/\/distribuidorpanelrey.com.mx\/wp-content\/uploads\/2023\/11\/panelrey.webp","width":400,"height":150,"caption":"PANEL REY MEXICO"},"image":{"@id":"https:\/\/distribuidorpanelrey.com\/#\/schema\/logo\/image\/"},"sameAs":["https:\/\/www.facebook.com\/mexicopanelrey\/?locale=es_LA","https:\/\/www.instagram.com\/panel_rey_mexico\/?hl=es"]}]}},"_links":{"self":[{"href":"https:\/\/distribuidorpanelrey.com.mx\/wp-json\/wp\/v2\/product\/1326","targetHints":{"allow":["GET"]}}],"collection":[{"href":"https:\/\/distribuidorpanelrey.com.mx\/wp-json\/wp\/v2\/product"}],"about":[{"href":"https:\/\/distribuidorpanelrey.com.mx\/wp-json\/wp\/v2\/types\/product"}],"replies":[{"embeddable":true,"href":"https:\/\/distribuidorpanelrey.com.mx\/wp-json\/wp\/v2\/comments?post=1326"}],"version-history":[{"count":5,"href":"https:\/\/distribuidorpanelrey.com.mx\/wp-json\/wp\/v2\/product\/1326\/revisions"}],"predecessor-version":[{"id":6654,"href":"https:\/\/distribuidorpanelrey.com.mx\/wp-json\/wp\/v2\/product\/1326\/revisions\/6654"}],"wp:featuredmedia":[{"embeddable":true,"href":"https:\/\/distribuidorpanelrey.com.mx\/wp-json\/wp\/v2\/media\/1331"}],"wp:attachment":[{"href":"https:\/\/distribuidorpanelrey.com.mx\/wp-json\/wp\/v2\/media?parent=1326"}],"wp:term":[{"taxonomy":"product_brand","embeddable":true,"href":"https:\/\/distribuidorpanelrey.com.mx\/wp-json\/wp\/v2\/product_brand?post=1326"},{"taxonomy":"product_cat","embeddable":true,"href":"https:\/\/distribuidorpanelrey.com.mx\/wp-json\/wp\/v2\/product_cat?post=1326"},{"taxonomy":"product_tag","embeddable":true,"href":"https:\/\/distribuidorpanelrey.com.mx\/wp-json\/wp\/v2\/product_tag?post=1326"}],"curies":[{"name":"wp","href":"https:\/\/api.w.org\/{rel}","templated":true}]}}