{"id":1344,"date":"2020-04-14T19:32:02","date_gmt":"2020-04-14T19:32:02","guid":{"rendered":"https:\/\/distribuidorpanelrey.com.mx\/?post_type=product&#038;p=1344"},"modified":"2025-12-05T15:12:22","modified_gmt":"2025-12-05T15:12:22","slug":"impac-primario-h","status":"publish","type":"product","link":"https:\/\/distribuidorpanelrey.com.mx\/producto\/impac-primario-h\/","title":{"rendered":"IMPAC PRIMARIO H"},"content":{"rendered":"<h4>IMPAC PRIMARIO H<\/h4>\n<h5><span style=\"color: #000080;\"><span style=\"font-size: 17.6px;\">DESCRIPCI\u00d3N<\/span><strong>:<\/strong><\/span><\/h5>\n<p>IMPAC Primario H es una emulsi\u00f3n de baja viscosidad color caf\u00e9 obscuro elaborada con asfalto refinado, emulsificantes ani\u00f3nicos y aditivos estabilizadores. Producto de altos s\u00f3lidos y se diluye con agua.<\/p>\n<p>&nbsp;<\/p>\n<h5><span style=\"color: #003366;\"><strong>USOS:<\/strong><\/span><\/h5>\n<ul>\n<li>Imprimador o tapa poros de f\u00e1cil aplicaci\u00f3n en superficies secas o ligeramente h\u00famedas con sobresaliente adherencia, para recibir sistemas de impermeabilizaci\u00f3n preferentemente base agua o sistemas de membranas prefabricadas de asfalto modificado.<\/li>\n<li>Como sellador en muro<\/li>\n<\/ul>\n<h5><span style=\"color: #000080;\"><span style=\"font-size: 19.2px;\">APLICACI\u00d3N:<\/span><\/span><\/h5>\n<ul>\n<li>La superficie debe estar limpia, libre de polvo, aceite, grasa, parafina y material falsamente adherido.<\/li>\n<li>Se puede diluir el Impac IMPAC\u00ae Primario H hasta 3 a 1 en volumen con agua limpia mezclando bien ambas partes.<\/li>\n<li>Se puede aplicar con brocha, cepillo y equipo de aspersi\u00f3n.<\/li>\n<li>IMPAC Primario H diluido normalmente tiene un tiempo de secado entre 2 y 4 horas, dependiendo de la temperatura y humedad relativa del ambiente.<\/li>\n<\/ul>\n<h5><span style=\"color: #003366;\"><span style=\"color: #003366;\"><span style=\"font-size: 17.6px;\">PRECAUCIONES<\/span><\/span><strong style=\"color: #003366;\">:<\/strong><\/span><\/h5>\n<p>No se deje al alcance de los ni\u00f1os. El producto es base agua, por lo tanto no debe ser aplicado a una temperatura ambiente menor a 10\u00baC, ni con una humedad relativa mayor al 80%, como en d\u00edas con brisa o neblina. No se debe aplicar si hay posibilidad de lluvia antes del secado del producto o en d\u00edas nublados, porque el agua de lluvia puede lavar la emulsi\u00f3n, afectando a la cohesi\u00f3n interna de la emulsi\u00f3n. No aplique en las \u00faltimas horas del d\u00eda cuando la temperatura sea suficientemente baja, produciendo roc\u00edo, neblina o helada.<\/p>\n<p>La aplicaci\u00f3n debe ser preferentemente en clima c\u00e1lido y seco.<br \/>\nQue la superficie est\u00e9 tibia al tacto y que el pron\u00f3stico no indique lluvia por lo menos durante 48 horas. Son necesarios d\u00edas soleados para facilitar el curado de la emulsi\u00f3n asf\u00e1ltica. No diluya el producto. No est\u00e1 recomendado para contacto continuo con agua. Lave la herramienta con agua y jab\u00f3n<br \/>\nantes de que seque el producto. Si el producto ha secado, debe usar con el cuidado requerido thinner o nafta de petr\u00f3leo. En caso de contacto con los ojos y la piel, enjuague con suficiente agua tanto como sea necesario. En caso de ingesti\u00f3n, acuda al servicio de emergencia m\u00e9dica o a su m\u00e9dico.<\/p>\n<p>&nbsp;<\/p>\n<h5><span style=\"color: #000080;\"><strong>ALMACENAMIENTO:<\/strong><\/span><\/h5>\n<p>Almacenar el producto bajo techo, en lugar fresco y seco, con su tapa herm\u00e9ticamente colocada. No estibar m\u00e1s de 3 cubetas.<\/p>\n<p>&nbsp;<\/p>\n<p>&nbsp;<\/p>\n<p><img fetchpriority=\"high\" decoding=\"async\" class=\"size-full wp-image-1345 aligncenter\" src=\"https:\/\/distribuidorpanelrey.com.mx\/wp-content\/uploads\/2020\/04\/Captura.png\" alt=\"SELLO-IMPAC-DISTRIBUIDOR-PANEL-REY\" width=\"549\" height=\"635\" srcset=\"https:\/\/distribuidorpanelrey.com.mx\/wp-content\/uploads\/2020\/04\/Captura.png 549w, https:\/\/distribuidorpanelrey.com.mx\/wp-content\/uploads\/2020\/04\/Captura-64x74.png 64w, https:\/\/distribuidorpanelrey.com.mx\/wp-content\/uploads\/2020\/04\/Captura-259x300.png 259w\" sizes=\"(max-width: 549px) 100vw, 549px\" \/><\/p>\n<p>&nbsp;<\/p>\n<p style=\"text-align: center;\">*En Distribuidor Panel Rey Mexico nos esforzamos por ofrecerte los mejores productos de\u00a0<a href=\"https:\/\/distribuidorpanelrey.com.mx\/tienda\/\">IMPAC<\/a><br \/>\n*La imagen puede diferir un poco del producto final *Los precios pueden variar sin previo aviso<br \/>\n*Los precios ya incluyen IVA *Se hacen env\u00edos a toda la Ciudad de Mexico, pregunte por nuestros descuentos en env\u00edos.<br \/>\n*Chatea con nosotros en nuestras redes sociales.<br \/>\n*Contactanos: Tel. 71-58-02-72.<br \/>\nNuestro correo: ventas@distribuidorpanelrey.com<br \/>\nDistribuidor Panel Rey Mexico<\/p>\n","protected":false},"excerpt":{"rendered":"<h4 style=\"text-align: center;\">Env\u00edos de 24 a 48 hr CDMX Y EDO MEX<\/h4>\n<p style=\"text-align: center;\">Rese\u00f1as\u00a0\u2605\u2605\u2605\u2605\u2605\u00a0 Env\u00edos Garantizados<\/p>\n<p style=\"text-align: center;\">Paga a meses o en efectivo.<\/p>\n<h4 style=\"text-align: center;\">\ud83d\udd25LOS MEJORES PRECIOS \ud83d\udd25<\/h4>\n","protected":false},"featured_media":1346,"comment_status":"closed","ping_status":"closed","template":"","meta":[],"product_brand":[559],"product_cat":[348],"product_tag":[272,153,146,184,185,269,149,271,20,111,270,273,189],"class_list":{"0":"post-1344","1":"product","2":"type-product","3":"status-publish","4":"has-post-thumbnail","6":"product_brand-impac","7":"product_cat-impermeabilizante","8":"product_tag-filtraciones","9":"product_tag-goteras","10":"product_tag-impac","11":"product_tag-impac-3000","12":"product_tag-impac-5000","13":"product_tag-impac-primario-h","14":"product_tag-impermeabilizante","15":"product_tag-impermeabilizar","16":"product_tag-panel","17":"product_tag-panel-rey","18":"product_tag-primario","19":"product_tag-rey","20":"product_tag-terracota","22":"first","23":"instock","24":"shipping-taxable","25":"purchasable","26":"product-type-simple"},"yoast_head":"<!-- This site is optimized with the Yoast SEO plugin v27.1.1 - https:\/\/yoast.com\/product\/yoast-seo-wordpress\/ -->\n<title>IMPAC PRIMARIO H - PANEL REY MEXICO | \u00a1Aquierelo aqui!<\/title>\n<meta name=\"description\" content=\"IMPAC PRIMARIO H. es una emulsi\u00f3n de baja viscosidad color caf\u00e9 obscuro elaborada con asfalto refinado, emulsificantes ani\u00f3nicos y aditivos estabilizadores.\" \/>\n<meta name=\"robots\" content=\"index, follow, max-snippet:-1, max-image-preview:large, max-video-preview:-1\" \/>\n<link rel=\"canonical\" href=\"https:\/\/distribuidorpanelrey.com.mx\/producto\/impac-primario-h\/\" \/>\n<meta property=\"og:locale\" content=\"es_ES\" \/>\n<meta property=\"og:type\" content=\"article\" \/>\n<meta property=\"og:title\" content=\"IMPAC PRIMARIO H - PANEL REY MEXICO | \u00a1Aquierelo aqui!\" \/>\n<meta property=\"og:description\" content=\"IMPAC PRIMARIO H. es una emulsi\u00f3n de baja viscosidad color caf\u00e9 obscuro elaborada con asfalto refinado, emulsificantes ani\u00f3nicos y aditivos estabilizadores.\" \/>\n<meta property=\"og:url\" content=\"https:\/\/distribuidorpanelrey.com.mx\/producto\/impac-primario-h\/\" \/>\n<meta property=\"og:site_name\" content=\"PANEL REY MEXICO\" \/>\n<meta property=\"article:publisher\" content=\"https:\/\/www.facebook.com\/mexicopanelrey\/?locale=es_LA\" \/>\n<meta property=\"article:modified_time\" content=\"2025-12-05T15:12:22+00:00\" \/>\n<meta property=\"og:image\" content=\"https:\/\/distribuidorpanelrey.com.mx\/wp-content\/uploads\/2020\/04\/impac-primario-h-distribuidor-panel-rey.png\" \/>\n\t<meta property=\"og:image:width\" content=\"512\" \/>\n\t<meta property=\"og:image:height\" content=\"500\" \/>\n\t<meta property=\"og:image:type\" content=\"image\/png\" \/>\n<meta name=\"twitter:card\" content=\"summary_large_image\" \/>\n<meta name=\"twitter:label1\" content=\"Tiempo de lectura\" \/>\n\t<meta name=\"twitter:data1\" content=\"3 minutos\" \/>\n<script type=\"application\/ld+json\" class=\"yoast-schema-graph\">{\"@context\":\"https:\/\/schema.org\",\"@graph\":[{\"@type\":\"WebPage\",\"@id\":\"https:\/\/distribuidorpanelrey.com.mx\/producto\/impac-primario-h\/\",\"url\":\"https:\/\/distribuidorpanelrey.com.mx\/producto\/impac-primario-h\/\",\"name\":\"IMPAC PRIMARIO H - PANEL REY MEXICO | \u00a1Aquierelo aqui!\",\"isPartOf\":{\"@id\":\"https:\/\/distribuidorpanelrey.com\/#website\"},\"primaryImageOfPage\":{\"@id\":\"https:\/\/distribuidorpanelrey.com.mx\/producto\/impac-primario-h\/#primaryimage\"},\"image\":{\"@id\":\"https:\/\/distribuidorpanelrey.com.mx\/producto\/impac-primario-h\/#primaryimage\"},\"thumbnailUrl\":\"https:\/\/distribuidorpanelrey.com.mx\/wp-content\/uploads\/2020\/04\/impac-primario-h-distribuidor-panel-rey.png\",\"datePublished\":\"2020-04-14T19:32:02+00:00\",\"dateModified\":\"2025-12-05T15:12:22+00:00\",\"description\":\"IMPAC PRIMARIO H. es una emulsi\u00f3n de baja viscosidad color caf\u00e9 obscuro elaborada con asfalto refinado, emulsificantes ani\u00f3nicos y aditivos estabilizadores.\",\"breadcrumb\":{\"@id\":\"https:\/\/distribuidorpanelrey.com.mx\/producto\/impac-primario-h\/#breadcrumb\"},\"inLanguage\":\"es\",\"potentialAction\":[{\"@type\":\"ReadAction\",\"target\":[\"https:\/\/distribuidorpanelrey.com.mx\/producto\/impac-primario-h\/\"]}]},{\"@type\":\"ImageObject\",\"inLanguage\":\"es\",\"@id\":\"https:\/\/distribuidorpanelrey.com.mx\/producto\/impac-primario-h\/#primaryimage\",\"url\":\"https:\/\/distribuidorpanelrey.com.mx\/wp-content\/uploads\/2020\/04\/impac-primario-h-distribuidor-panel-rey.png\",\"contentUrl\":\"https:\/\/distribuidorpanelrey.com.mx\/wp-content\/uploads\/2020\/04\/impac-primario-h-distribuidor-panel-rey.png\",\"width\":512,\"height\":500,\"caption\":\"impac-primario-h-distribuidor-panel-rey\"},{\"@type\":\"BreadcrumbList\",\"@id\":\"https:\/\/distribuidorpanelrey.com.mx\/producto\/impac-primario-h\/#breadcrumb\",\"itemListElement\":[{\"@type\":\"ListItem\",\"position\":1,\"name\":\"Portada\",\"item\":\"https:\/\/distribuidorpanelrey.com.mx\/\"},{\"@type\":\"ListItem\",\"position\":2,\"name\":\"Productos\",\"item\":\"https:\/\/distribuidorpanelrey.com\/tienda\/\"},{\"@type\":\"ListItem\",\"position\":3,\"name\":\"IMPAC PRIMARIO H\"}]},{\"@type\":\"WebSite\",\"@id\":\"https:\/\/distribuidorpanelrey.com\/#website\",\"url\":\"https:\/\/distribuidorpanelrey.com\/\",\"name\":\"PANEL REY MEXICO\",\"description\":\"DISTRIBUIDOR PANEL REY\",\"publisher\":{\"@id\":\"https:\/\/distribuidorpanelrey.com\/#organization\"},\"alternateName\":\"DISTRIBUIDOR PANEL REY\",\"potentialAction\":[{\"@type\":\"SearchAction\",\"target\":{\"@type\":\"EntryPoint\",\"urlTemplate\":\"https:\/\/distribuidorpanelrey.com\/?s={search_term_string}\"},\"query-input\":{\"@type\":\"PropertyValueSpecification\",\"valueRequired\":true,\"valueName\":\"search_term_string\"}}],\"inLanguage\":\"es\"},{\"@type\":\"Organization\",\"@id\":\"https:\/\/distribuidorpanelrey.com\/#organization\",\"name\":\"PANEL REY MEXICO\",\"url\":\"https:\/\/distribuidorpanelrey.com\/\",\"logo\":{\"@type\":\"ImageObject\",\"inLanguage\":\"es\",\"@id\":\"https:\/\/distribuidorpanelrey.com\/#\/schema\/logo\/image\/\",\"url\":\"https:\/\/distribuidorpanelrey.com.mx\/wp-content\/uploads\/2023\/11\/panelrey.webp\",\"contentUrl\":\"https:\/\/distribuidorpanelrey.com.mx\/wp-content\/uploads\/2023\/11\/panelrey.webp\",\"width\":400,\"height\":150,\"caption\":\"PANEL REY MEXICO\"},\"image\":{\"@id\":\"https:\/\/distribuidorpanelrey.com\/#\/schema\/logo\/image\/\"},\"sameAs\":[\"https:\/\/www.facebook.com\/mexicopanelrey\/?locale=es_LA\",\"https:\/\/www.instagram.com\/panel_rey_mexico\/?hl=es\"]}]}<\/script>\n<!-- \/ Yoast SEO plugin. -->","yoast_head_json":{"title":"IMPAC PRIMARIO H - PANEL REY MEXICO | \u00a1Aquierelo aqui!","description":"IMPAC PRIMARIO H. es una emulsi\u00f3n de baja viscosidad color caf\u00e9 obscuro elaborada con asfalto refinado, emulsificantes ani\u00f3nicos y aditivos estabilizadores.","robots":{"index":"index","follow":"follow","max-snippet":"max-snippet:-1","max-image-preview":"max-image-preview:large","max-video-preview":"max-video-preview:-1"},"canonical":"https:\/\/distribuidorpanelrey.com.mx\/producto\/impac-primario-h\/","og_locale":"es_ES","og_type":"article","og_title":"IMPAC PRIMARIO H - PANEL REY MEXICO | \u00a1Aquierelo aqui!","og_description":"IMPAC PRIMARIO H. es una emulsi\u00f3n de baja viscosidad color caf\u00e9 obscuro elaborada con asfalto refinado, emulsificantes ani\u00f3nicos y aditivos estabilizadores.","og_url":"https:\/\/distribuidorpanelrey.com.mx\/producto\/impac-primario-h\/","og_site_name":"PANEL REY MEXICO","article_publisher":"https:\/\/www.facebook.com\/mexicopanelrey\/?locale=es_LA","article_modified_time":"2025-12-05T15:12:22+00:00","og_image":[{"width":512,"height":500,"url":"https:\/\/distribuidorpanelrey.com.mx\/wp-content\/uploads\/2020\/04\/impac-primario-h-distribuidor-panel-rey.png","type":"image\/png"}],"twitter_card":"summary_large_image","twitter_misc":{"Tiempo de lectura":"3 minutos"},"schema":{"@context":"https:\/\/schema.org","@graph":[{"@type":"WebPage","@id":"https:\/\/distribuidorpanelrey.com.mx\/producto\/impac-primario-h\/","url":"https:\/\/distribuidorpanelrey.com.mx\/producto\/impac-primario-h\/","name":"IMPAC PRIMARIO H - PANEL REY MEXICO | \u00a1Aquierelo aqui!","isPartOf":{"@id":"https:\/\/distribuidorpanelrey.com\/#website"},"primaryImageOfPage":{"@id":"https:\/\/distribuidorpanelrey.com.mx\/producto\/impac-primario-h\/#primaryimage"},"image":{"@id":"https:\/\/distribuidorpanelrey.com.mx\/producto\/impac-primario-h\/#primaryimage"},"thumbnailUrl":"https:\/\/distribuidorpanelrey.com.mx\/wp-content\/uploads\/2020\/04\/impac-primario-h-distribuidor-panel-rey.png","datePublished":"2020-04-14T19:32:02+00:00","dateModified":"2025-12-05T15:12:22+00:00","description":"IMPAC PRIMARIO H. es una emulsi\u00f3n de baja viscosidad color caf\u00e9 obscuro elaborada con asfalto refinado, emulsificantes ani\u00f3nicos y aditivos estabilizadores.","breadcrumb":{"@id":"https:\/\/distribuidorpanelrey.com.mx\/producto\/impac-primario-h\/#breadcrumb"},"inLanguage":"es","potentialAction":[{"@type":"ReadAction","target":["https:\/\/distribuidorpanelrey.com.mx\/producto\/impac-primario-h\/"]}]},{"@type":"ImageObject","inLanguage":"es","@id":"https:\/\/distribuidorpanelrey.com.mx\/producto\/impac-primario-h\/#primaryimage","url":"https:\/\/distribuidorpanelrey.com.mx\/wp-content\/uploads\/2020\/04\/impac-primario-h-distribuidor-panel-rey.png","contentUrl":"https:\/\/distribuidorpanelrey.com.mx\/wp-content\/uploads\/2020\/04\/impac-primario-h-distribuidor-panel-rey.png","width":512,"height":500,"caption":"impac-primario-h-distribuidor-panel-rey"},{"@type":"BreadcrumbList","@id":"https:\/\/distribuidorpanelrey.com.mx\/producto\/impac-primario-h\/#breadcrumb","itemListElement":[{"@type":"ListItem","position":1,"name":"Portada","item":"https:\/\/distribuidorpanelrey.com.mx\/"},{"@type":"ListItem","position":2,"name":"Productos","item":"https:\/\/distribuidorpanelrey.com\/tienda\/"},{"@type":"ListItem","position":3,"name":"IMPAC PRIMARIO H"}]},{"@type":"WebSite","@id":"https:\/\/distribuidorpanelrey.com\/#website","url":"https:\/\/distribuidorpanelrey.com\/","name":"PANEL REY MEXICO","description":"DISTRIBUIDOR PANEL REY","publisher":{"@id":"https:\/\/distribuidorpanelrey.com\/#organization"},"alternateName":"DISTRIBUIDOR PANEL REY","potentialAction":[{"@type":"SearchAction","target":{"@type":"EntryPoint","urlTemplate":"https:\/\/distribuidorpanelrey.com\/?s={search_term_string}"},"query-input":{"@type":"PropertyValueSpecification","valueRequired":true,"valueName":"search_term_string"}}],"inLanguage":"es"},{"@type":"Organization","@id":"https:\/\/distribuidorpanelrey.com\/#organization","name":"PANEL REY MEXICO","url":"https:\/\/distribuidorpanelrey.com\/","logo":{"@type":"ImageObject","inLanguage":"es","@id":"https:\/\/distribuidorpanelrey.com\/#\/schema\/logo\/image\/","url":"https:\/\/distribuidorpanelrey.com.mx\/wp-content\/uploads\/2023\/11\/panelrey.webp","contentUrl":"https:\/\/distribuidorpanelrey.com.mx\/wp-content\/uploads\/2023\/11\/panelrey.webp","width":400,"height":150,"caption":"PANEL REY MEXICO"},"image":{"@id":"https:\/\/distribuidorpanelrey.com\/#\/schema\/logo\/image\/"},"sameAs":["https:\/\/www.facebook.com\/mexicopanelrey\/?locale=es_LA","https:\/\/www.instagram.com\/panel_rey_mexico\/?hl=es"]}]}},"_links":{"self":[{"href":"https:\/\/distribuidorpanelrey.com.mx\/wp-json\/wp\/v2\/product\/1344","targetHints":{"allow":["GET"]}}],"collection":[{"href":"https:\/\/distribuidorpanelrey.com.mx\/wp-json\/wp\/v2\/product"}],"about":[{"href":"https:\/\/distribuidorpanelrey.com.mx\/wp-json\/wp\/v2\/types\/product"}],"replies":[{"embeddable":true,"href":"https:\/\/distribuidorpanelrey.com.mx\/wp-json\/wp\/v2\/comments?post=1344"}],"version-history":[{"count":3,"href":"https:\/\/distribuidorpanelrey.com.mx\/wp-json\/wp\/v2\/product\/1344\/revisions"}],"predecessor-version":[{"id":6653,"href":"https:\/\/distribuidorpanelrey.com.mx\/wp-json\/wp\/v2\/product\/1344\/revisions\/6653"}],"wp:featuredmedia":[{"embeddable":true,"href":"https:\/\/distribuidorpanelrey.com.mx\/wp-json\/wp\/v2\/media\/1346"}],"wp:attachment":[{"href":"https:\/\/distribuidorpanelrey.com.mx\/wp-json\/wp\/v2\/media?parent=1344"}],"wp:term":[{"taxonomy":"product_brand","embeddable":true,"href":"https:\/\/distribuidorpanelrey.com.mx\/wp-json\/wp\/v2\/product_brand?post=1344"},{"taxonomy":"product_cat","embeddable":true,"href":"https:\/\/distribuidorpanelrey.com.mx\/wp-json\/wp\/v2\/product_cat?post=1344"},{"taxonomy":"product_tag","embeddable":true,"href":"https:\/\/distribuidorpanelrey.com.mx\/wp-json\/wp\/v2\/product_tag?post=1344"}],"curies":[{"name":"wp","href":"https:\/\/api.w.org\/{rel}","templated":true}]}}