{"id":1381,"date":"2020-07-03T16:08:40","date_gmt":"2020-07-03T16:08:40","guid":{"rendered":"https:\/\/distribuidorpanelrey.com.mx\/?post_type=product&#038;p=1381"},"modified":"2025-08-18T04:16:11","modified_gmt":"2025-08-18T04:16:11","slug":"crest-blanco","status":"publish","type":"product","link":"https:\/\/distribuidorpanelrey.com.mx\/producto\/crest-blanco\/","title":{"rendered":"CREST BLANCO"},"content":{"rendered":"<h5><span style=\"color: #333399;\">VENTAJAS:<\/span><\/h5>\n<ul>\n<li>El adhesivo m\u00e1s utilizado por los instaladores en M\u00e9xico.<\/li>\n<li>F\u00f3rmula antideslizante en muros.<\/li>\n<li>Excelente trabajabilidad y tiempo abierto.<\/li>\n<li>Ideal para la instalaci\u00f3n de pisos y azulejos cer\u00e1micos.<\/li>\n<li>Ideal para adherir recubrimientos p\u00e9treos de alta, media y baja absorci\u00f3n de agua.<\/li>\n<li>F\u00f3rmula balanceada que garantiza la inversi\u00f3n.<\/li>\n<\/ul>\n<h5><span style=\"color: #333399;\"><strong>RECOMENDACIONES:<\/strong><\/span><\/h5>\n<ul>\n<li>Para la instalaci\u00f3n de piezas de nula absorci\u00f3n de agua AA &lt; 0.5% sobre superficies base cemento como pisos porcel\u00e1nicos, utilice CREST Piso para Porcelanato\u00ae o bien, CREST Piso sobre Piso\u00ae, cuando se instale sobre un piso existente.<\/li>\n<li>En instalaciones de recubrimiento en albercas, jacuzzis y cisternas, utilice CREST Azulejo Veneciano\u00ae.<\/li>\n<li>Para instalaciones sobre tabla yeso se recomienda aplicar un primer de ADICREST MP PLUS y hacer la instalaci\u00f3n con CREST Flexible.<\/li>\n<li>Si la instalaciones sobre yeso se recomienda aplicar un primer de ADICREST MP PLUS y hacer la instalaci\u00f3n con CREST Blanco mezclado con ADICREST MP PLUS al 100 % en lugar de agua.<\/li>\n<li>Para instalaciones de m\u00e1rmol blanco o transl\u00facido con AA &gt; 0.5%, se recomienda usar CREST Blanco mezclado con agua y para piezas de menor absorci\u00f3n AA \u2264 0.5%, reemplace el agua por ADICREST MP PLUS.<\/li>\n<li>Formatos mayores a 40 X 40 se recomiendan aplicar el adhesivo a doble capa para lograr al menos una transferencia del 95% en instalaciones exteriores y del 85% en interiores.<\/li>\n<li>Utilice sistema de junta flexible., Las juntas perimetrales y de movimiento apropiadamente planeadas y colocadas, proporcionan una protecci\u00f3n contra diferentes esfuerzos como micro movimientos estructurales, contracci\u00f3n y dilataci\u00f3n en los materiales. Evitando el levantamiento aleatorio y levantamiento de recubrimientos ocasionados por estos esfuerzos. Consulte el manual del TCNA EJ 161.<\/li>\n<\/ul>\n<h5><span style=\"color: #333399;\">SUPERFICIES RECOMENDADAS:<\/span><\/h5>\n<p>Superficies cemento-arena, firmes de concreto, block, barro-block y ladrillo<\/p>\n<h5><span style=\"color: #333399;\">PREPARACION DE SUPERFICIES:<\/span><\/h5>\n<p>Antes de preparar la mezcla, es necesario acondicionar la superficie, la cual deber\u00e1 ser resistente, dimensionalmente estable, estar perfectamente nivelada y limpia, libre de aceite, polvo, pintura, cera o cualquier otro tipo de impureza que inhiba la adherencia<\/p>\n<h5><span style=\"color: #333399;\">PREPARACION DE LA MEZCLA:\u00a0<\/span><\/h5>\n<ol>\n<li>Vac\u00ede en un recipiente 5.2 a 5.8 litros de agua limpia.<\/li>\n<li>Agregue un bulto de CREST Blanco (20 kg\/44lbs.). Deje reposar 5 minutos.<\/li>\n<li>Revuelva bien hasta formar una mezcla homog\u00e9nea. Deje reposar la mezcla 10 minutos.<\/li>\n<li>Mezcle nuevamente y CREST Blanco quedar\u00e1 listo para su uso.<br \/>\nUna vez preparada la mezcla, no deber\u00e1 agregar m\u00e1s agua ya que las propiedades del CREST Blanco se ver\u00e1n afectadas.<\/li>\n<\/ol>\n<h5><span style=\"color: #333399;\">PROCEDIMIENTO DE APLICACION:<\/span><\/h5>\n<ol>\n<li>Seleccione el tipo y tama\u00f1o de llana apropiada de acuerdo al formato del recubrimiento, para lograr el m\u00e1ximo rendimiento.<\/li>\n<li>Aplique el adhesivo con la parte plana de la llana, favoreciendo el anclaje al sustrato.<\/li>\n<li>Realice el rayado con la parte dentada de la llana, sosteni\u00e9ndola en un \u00e1ngulo de 45\u00b0 de la superficie, haga surcos en una sola direcci\u00f3n, evite hacer rayado en forma de abanico. Aplique el adhesivo cubriendo solo el \u00e1rea que pueda<br \/>\ntrabajar antes de que forme una capa superficial seca. En el caso de que esta se forme, remueva con la llana.<\/li>\n<li>Coloque las piezas procurando moverlas en sentido perpendicular al rayado del adhesivo y golpearlas levemente con el mango de la llana<br \/>\npara asegurar su contacto con el adhesivo. Verifique su nivelaci\u00f3n correcta. Presione las piezas hasta lograr un \u00e1rea de contacto de al menos un 80 % en interiores y 95% en exteriores.<\/li>\n<li>Una vez terminada la instalaci\u00f3n, ser\u00e1 necesario esperar 24 horas para juntear (\u201clecherear\u201d), con: JuntaCREST Ultramax\u00ae con sellador f\u00f3rmula antihongos\u00ae, disponible en una gran variedad de colores, especialmente formulado para juntas menores a 3mm, o en su caso emboquillar con BoquiCREST Ultramax\u00ae, con sellador integrado, disponible en una gran variedad de colores, especialmente formulado para juntas mayores a 3 mm. Proporciona gran estabilidad en sus tonos e insuperable resistencia a la compresi\u00f3n , que lo hace m\u00e1s resistente al agrietamiento y desgaste por tr\u00e1fico. Para instalaciones que requieren 100% s\u00f3lidos, disponible en 5 colores.<\/li>\n<li>En instalaciones que est\u00e9n sometidas a micro movimientos estructurales, choques t\u00e9rmicos o vibraciones es recomendables el uso de sistemas de juntas flexibles, como CREST flexigrout\u00ae y CREST Boquifom\u00ae.<\/li>\n<li>Despu\u00e9s de haber junteado o emboquillado la instalaci\u00f3n es necesario esperar 24 horas para transitarla. Si la temperatura es menor a 10\u00b0C, espere 48 horas.<\/li>\n<\/ol>\n<h5><span style=\"color: #333399;\">LIMITACIONES<\/span><\/h5>\n<p>Para la instalaci\u00f3n de recubrimientos o piedras especiales como la laja o m\u00e1rmol verde, consultar a Crestel para una mejor asistencia t\u00e9cnica.<\/p>\n<h5><span style=\"color: #333399;\">TIMPO ABIERTO:<\/span><\/h5>\n<p>El tiempo abierto de CREST BLANCO es de 45 minutos promedio. Condiciones climatol\u00f3gicas extremas de temperatura y humedad relativa<br \/>\nafectan el tiempo abierto. El tiempo abierto es afectado por las condiciones ambientales del lugar de instalaci\u00f3n, por lo que es necesario verificar que el CREST BLANCO se mantenga fresco al tacto antes de colocar el recubrimiento.<\/p>\n<h5><span style=\"color: #333399;\">PRECAUCIONES:<\/span><\/h5>\n<p>L\u00e1vese las manos despu\u00e9s de utilizarlo. Evite el contacto con los ojos, si ocurriera, lave con agua corriente durante 15 minutos y consulte al m\u00e9dico de inmediato.<\/p>\n<p><strong>NO SE DEJE AL ALCANCE DE LOS NI\u00d1OS.<\/strong><\/p>\n<p><em><strong>IMPORTANTE<\/strong><\/em><br \/>\n<em><strong>No nos hacemos responsables por las <\/strong><\/em><em><strong>p\u00e9rdidas o los da\u00f1os ocasionados debido <\/strong><\/em><em><strong>a la aplicaci\u00f3n de este producto, si esta no <\/strong><\/em><em><strong>se lleva a cabo de acuerdo con las <\/strong><\/em><em><strong>nstrucciones impresas en su empaque o <\/strong><\/em><em><strong>por su uso diferente al descrito.\u00a0<\/strong><\/em><\/p>\n<p>&nbsp;<\/p>\n<p><img fetchpriority=\"high\" decoding=\"async\" class=\"size-full wp-image-1382 aligncenter\" src=\"https:\/\/distribuidorpanelrey.com.mx\/wp-content\/uploads\/2020\/07\/Captura.png\" alt=\"\" width=\"728\" height=\"610\" srcset=\"https:\/\/distribuidorpanelrey.com.mx\/wp-content\/uploads\/2020\/07\/Captura.png 728w, https:\/\/distribuidorpanelrey.com.mx\/wp-content\/uploads\/2020\/07\/Captura-600x503.png 600w, https:\/\/distribuidorpanelrey.com.mx\/wp-content\/uploads\/2020\/07\/Captura-64x54.png 64w, https:\/\/distribuidorpanelrey.com.mx\/wp-content\/uploads\/2020\/07\/Captura-300x251.png 300w\" sizes=\"(max-width: 728px) 100vw, 728px\" \/><\/p>\n<p>&nbsp;<\/p>\n<p style=\"text-align: center;\">*En Distribuidor Panel Rey Mexico nos esforzamos por ofrecerte los mejores productos de\u00a0<a href=\"https:\/\/distribuidorpanelrey.com.mx\/categoria-producto\/complementos\/\">Holcim.<\/a><br \/>\n*La imagen puede diferir un poco del producto final *Los precios pueden variar sin previo aviso<br \/>\n*Los precios ya incluyen IVA *Se hacen env\u00edos a toda la Rep\u00fablica Mexicana, pregunte por nuestros descuentos en env\u00edos.<br \/>\n*Chatea con nosotros en nuestras redes sociales.<br \/>\n*Contactanos: Tel: 71-58-02-72.<br \/>\nNuestro correo: ventas@distribuidorpanelrey.com<br \/>\nDistribuidor Panel Rey Mexico<\/p>\n","protected":false},"excerpt":{"rendered":"<h4 style=\"text-align: center;\">Env\u00edos de 24 a 48 hr CDMX Y EDO MEX<\/h4>\n<p style=\"text-align: center;\">Rese\u00f1as\u00a0\u2605\u2605\u2605\u2605\u2605\u00a0 Env\u00edos Garantizados<\/p>\n<h4 style=\"text-align: center;\">\ud83d\udd25LOS MEJORES PRECIOS \ud83d\udd25<\/h4>\n","protected":false},"featured_media":1383,"comment_status":"closed","ping_status":"closed","template":"","meta":[],"product_brand":[],"product_cat":[35],"product_tag":[293,191,291,290,111,292,294],"class_list":{"0":"post-1381","1":"product","2":"type-product","3":"status-publish","4":"has-post-thumbnail","6":"product_cat-compuestos-y-polvos","7":"product_tag-azulejo","8":"product_tag-blanco","9":"product_tag-crest","10":"product_tag-crest-blanco","11":"product_tag-panel-rey","12":"product_tag-pega-azulejo","13":"product_tag-piso-sobre-piso","15":"first","16":"instock","17":"shipping-taxable","18":"purchasable","19":"product-type-simple"},"yoast_head":"<!-- This site is optimized with the Yoast SEO plugin v27.1.1 - https:\/\/yoast.com\/product\/yoast-seo-wordpress\/ -->\n<title>CREST BLANCO - PANEL REY MEXICO | \u00a1Cotiza con nosotros!<\/title>\n<meta name=\"description\" content=\"Crest Blanco, El adhesivo m\u00e1s utilizado por los instaladores en M\u00e9xico, f\u00f3rmula antideslizante en muros y con excelente trabajabilidad y tiempo abierto.\" \/>\n<meta name=\"robots\" content=\"index, follow, max-snippet:-1, max-image-preview:large, max-video-preview:-1\" \/>\n<link rel=\"canonical\" href=\"https:\/\/distribuidorpanelrey.com.mx\/producto\/crest-blanco\/\" \/>\n<meta property=\"og:locale\" content=\"es_ES\" \/>\n<meta property=\"og:type\" content=\"article\" \/>\n<meta property=\"og:title\" content=\"CREST BLANCO - PANEL REY MEXICO | \u00a1Cotiza con nosotros!\" \/>\n<meta property=\"og:description\" content=\"Crest Blanco, El adhesivo m\u00e1s utilizado por los instaladores en M\u00e9xico, f\u00f3rmula antideslizante en muros y con excelente trabajabilidad y tiempo abierto.\" \/>\n<meta property=\"og:url\" content=\"https:\/\/distribuidorpanelrey.com.mx\/producto\/crest-blanco\/\" \/>\n<meta property=\"og:site_name\" content=\"PANEL REY MEXICO\" \/>\n<meta property=\"article:publisher\" content=\"https:\/\/www.facebook.com\/mexicopanelrey\/?locale=es_LA\" \/>\n<meta property=\"article:modified_time\" content=\"2025-08-18T04:16:11+00:00\" \/>\n<meta property=\"og:image\" content=\"https:\/\/distribuidorpanelrey.com.mx\/wp-content\/uploads\/2020\/07\/Sin-t\u00edtulo.png\" \/>\n\t<meta property=\"og:image:width\" content=\"500\" \/>\n\t<meta property=\"og:image:height\" content=\"500\" \/>\n\t<meta property=\"og:image:type\" content=\"image\/png\" \/>\n<meta name=\"twitter:card\" content=\"summary_large_image\" \/>\n<meta name=\"twitter:label1\" content=\"Tiempo de lectura\" \/>\n\t<meta name=\"twitter:data1\" content=\"5 minutos\" \/>\n<script type=\"application\/ld+json\" class=\"yoast-schema-graph\">{\"@context\":\"https:\/\/schema.org\",\"@graph\":[{\"@type\":\"WebPage\",\"@id\":\"https:\/\/distribuidorpanelrey.com.mx\/producto\/crest-blanco\/\",\"url\":\"https:\/\/distribuidorpanelrey.com.mx\/producto\/crest-blanco\/\",\"name\":\"CREST BLANCO - PANEL REY MEXICO | \u00a1Cotiza con nosotros!\",\"isPartOf\":{\"@id\":\"https:\/\/distribuidorpanelrey.com\/#website\"},\"primaryImageOfPage\":{\"@id\":\"https:\/\/distribuidorpanelrey.com.mx\/producto\/crest-blanco\/#primaryimage\"},\"image\":{\"@id\":\"https:\/\/distribuidorpanelrey.com.mx\/producto\/crest-blanco\/#primaryimage\"},\"thumbnailUrl\":\"https:\/\/distribuidorpanelrey.com.mx\/wp-content\/uploads\/2020\/07\/Sin-t\u00edtulo.png\",\"datePublished\":\"2020-07-03T16:08:40+00:00\",\"dateModified\":\"2025-08-18T04:16:11+00:00\",\"description\":\"Crest Blanco, El adhesivo m\u00e1s utilizado por los instaladores en M\u00e9xico, f\u00f3rmula antideslizante en muros y con excelente trabajabilidad y tiempo abierto.\",\"breadcrumb\":{\"@id\":\"https:\/\/distribuidorpanelrey.com.mx\/producto\/crest-blanco\/#breadcrumb\"},\"inLanguage\":\"es\",\"potentialAction\":[{\"@type\":\"ReadAction\",\"target\":[\"https:\/\/distribuidorpanelrey.com.mx\/producto\/crest-blanco\/\"]}]},{\"@type\":\"ImageObject\",\"inLanguage\":\"es\",\"@id\":\"https:\/\/distribuidorpanelrey.com.mx\/producto\/crest-blanco\/#primaryimage\",\"url\":\"https:\/\/distribuidorpanelrey.com.mx\/wp-content\/uploads\/2020\/07\/Sin-t\u00edtulo.png\",\"contentUrl\":\"https:\/\/distribuidorpanelrey.com.mx\/wp-content\/uploads\/2020\/07\/Sin-t\u00edtulo.png\",\"width\":500,\"height\":500,\"caption\":\"CREST-BLANCO-PANEL-REY\"},{\"@type\":\"BreadcrumbList\",\"@id\":\"https:\/\/distribuidorpanelrey.com.mx\/producto\/crest-blanco\/#breadcrumb\",\"itemListElement\":[{\"@type\":\"ListItem\",\"position\":1,\"name\":\"Portada\",\"item\":\"https:\/\/distribuidorpanelrey.com.mx\/\"},{\"@type\":\"ListItem\",\"position\":2,\"name\":\"Productos\",\"item\":\"https:\/\/distribuidorpanelrey.com\/tienda\/\"},{\"@type\":\"ListItem\",\"position\":3,\"name\":\"CREST BLANCO\"}]},{\"@type\":\"WebSite\",\"@id\":\"https:\/\/distribuidorpanelrey.com\/#website\",\"url\":\"https:\/\/distribuidorpanelrey.com\/\",\"name\":\"PANEL REY MEXICO\",\"description\":\"DISTRIBUIDOR PANEL REY\",\"publisher\":{\"@id\":\"https:\/\/distribuidorpanelrey.com\/#organization\"},\"alternateName\":\"DISTRIBUIDOR PANEL REY\",\"potentialAction\":[{\"@type\":\"SearchAction\",\"target\":{\"@type\":\"EntryPoint\",\"urlTemplate\":\"https:\/\/distribuidorpanelrey.com\/?s={search_term_string}\"},\"query-input\":{\"@type\":\"PropertyValueSpecification\",\"valueRequired\":true,\"valueName\":\"search_term_string\"}}],\"inLanguage\":\"es\"},{\"@type\":\"Organization\",\"@id\":\"https:\/\/distribuidorpanelrey.com\/#organization\",\"name\":\"PANEL REY MEXICO\",\"url\":\"https:\/\/distribuidorpanelrey.com\/\",\"logo\":{\"@type\":\"ImageObject\",\"inLanguage\":\"es\",\"@id\":\"https:\/\/distribuidorpanelrey.com\/#\/schema\/logo\/image\/\",\"url\":\"https:\/\/distribuidorpanelrey.com.mx\/wp-content\/uploads\/2023\/11\/panelrey.webp\",\"contentUrl\":\"https:\/\/distribuidorpanelrey.com.mx\/wp-content\/uploads\/2023\/11\/panelrey.webp\",\"width\":400,\"height\":150,\"caption\":\"PANEL REY MEXICO\"},\"image\":{\"@id\":\"https:\/\/distribuidorpanelrey.com\/#\/schema\/logo\/image\/\"},\"sameAs\":[\"https:\/\/www.facebook.com\/mexicopanelrey\/?locale=es_LA\",\"https:\/\/www.instagram.com\/panel_rey_mexico\/?hl=es\"]}]}<\/script>\n<!-- \/ Yoast SEO plugin. -->","yoast_head_json":{"title":"CREST BLANCO - PANEL REY MEXICO | \u00a1Cotiza con nosotros!","description":"Crest Blanco, El adhesivo m\u00e1s utilizado por los instaladores en M\u00e9xico, f\u00f3rmula antideslizante en muros y con excelente trabajabilidad y tiempo abierto.","robots":{"index":"index","follow":"follow","max-snippet":"max-snippet:-1","max-image-preview":"max-image-preview:large","max-video-preview":"max-video-preview:-1"},"canonical":"https:\/\/distribuidorpanelrey.com.mx\/producto\/crest-blanco\/","og_locale":"es_ES","og_type":"article","og_title":"CREST BLANCO - PANEL REY MEXICO | \u00a1Cotiza con nosotros!","og_description":"Crest Blanco, El adhesivo m\u00e1s utilizado por los instaladores en M\u00e9xico, f\u00f3rmula antideslizante en muros y con excelente trabajabilidad y tiempo abierto.","og_url":"https:\/\/distribuidorpanelrey.com.mx\/producto\/crest-blanco\/","og_site_name":"PANEL REY MEXICO","article_publisher":"https:\/\/www.facebook.com\/mexicopanelrey\/?locale=es_LA","article_modified_time":"2025-08-18T04:16:11+00:00","og_image":[{"width":500,"height":500,"url":"https:\/\/distribuidorpanelrey.com.mx\/wp-content\/uploads\/2020\/07\/Sin-t\u00edtulo.png","type":"image\/png"}],"twitter_card":"summary_large_image","twitter_misc":{"Tiempo de lectura":"5 minutos"},"schema":{"@context":"https:\/\/schema.org","@graph":[{"@type":"WebPage","@id":"https:\/\/distribuidorpanelrey.com.mx\/producto\/crest-blanco\/","url":"https:\/\/distribuidorpanelrey.com.mx\/producto\/crest-blanco\/","name":"CREST BLANCO - PANEL REY MEXICO | \u00a1Cotiza con nosotros!","isPartOf":{"@id":"https:\/\/distribuidorpanelrey.com\/#website"},"primaryImageOfPage":{"@id":"https:\/\/distribuidorpanelrey.com.mx\/producto\/crest-blanco\/#primaryimage"},"image":{"@id":"https:\/\/distribuidorpanelrey.com.mx\/producto\/crest-blanco\/#primaryimage"},"thumbnailUrl":"https:\/\/distribuidorpanelrey.com.mx\/wp-content\/uploads\/2020\/07\/Sin-t\u00edtulo.png","datePublished":"2020-07-03T16:08:40+00:00","dateModified":"2025-08-18T04:16:11+00:00","description":"Crest Blanco, El adhesivo m\u00e1s utilizado por los instaladores en M\u00e9xico, f\u00f3rmula antideslizante en muros y con excelente trabajabilidad y tiempo abierto.","breadcrumb":{"@id":"https:\/\/distribuidorpanelrey.com.mx\/producto\/crest-blanco\/#breadcrumb"},"inLanguage":"es","potentialAction":[{"@type":"ReadAction","target":["https:\/\/distribuidorpanelrey.com.mx\/producto\/crest-blanco\/"]}]},{"@type":"ImageObject","inLanguage":"es","@id":"https:\/\/distribuidorpanelrey.com.mx\/producto\/crest-blanco\/#primaryimage","url":"https:\/\/distribuidorpanelrey.com.mx\/wp-content\/uploads\/2020\/07\/Sin-t\u00edtulo.png","contentUrl":"https:\/\/distribuidorpanelrey.com.mx\/wp-content\/uploads\/2020\/07\/Sin-t\u00edtulo.png","width":500,"height":500,"caption":"CREST-BLANCO-PANEL-REY"},{"@type":"BreadcrumbList","@id":"https:\/\/distribuidorpanelrey.com.mx\/producto\/crest-blanco\/#breadcrumb","itemListElement":[{"@type":"ListItem","position":1,"name":"Portada","item":"https:\/\/distribuidorpanelrey.com.mx\/"},{"@type":"ListItem","position":2,"name":"Productos","item":"https:\/\/distribuidorpanelrey.com\/tienda\/"},{"@type":"ListItem","position":3,"name":"CREST BLANCO"}]},{"@type":"WebSite","@id":"https:\/\/distribuidorpanelrey.com\/#website","url":"https:\/\/distribuidorpanelrey.com\/","name":"PANEL REY MEXICO","description":"DISTRIBUIDOR PANEL REY","publisher":{"@id":"https:\/\/distribuidorpanelrey.com\/#organization"},"alternateName":"DISTRIBUIDOR PANEL REY","potentialAction":[{"@type":"SearchAction","target":{"@type":"EntryPoint","urlTemplate":"https:\/\/distribuidorpanelrey.com\/?s={search_term_string}"},"query-input":{"@type":"PropertyValueSpecification","valueRequired":true,"valueName":"search_term_string"}}],"inLanguage":"es"},{"@type":"Organization","@id":"https:\/\/distribuidorpanelrey.com\/#organization","name":"PANEL REY MEXICO","url":"https:\/\/distribuidorpanelrey.com\/","logo":{"@type":"ImageObject","inLanguage":"es","@id":"https:\/\/distribuidorpanelrey.com\/#\/schema\/logo\/image\/","url":"https:\/\/distribuidorpanelrey.com.mx\/wp-content\/uploads\/2023\/11\/panelrey.webp","contentUrl":"https:\/\/distribuidorpanelrey.com.mx\/wp-content\/uploads\/2023\/11\/panelrey.webp","width":400,"height":150,"caption":"PANEL REY MEXICO"},"image":{"@id":"https:\/\/distribuidorpanelrey.com\/#\/schema\/logo\/image\/"},"sameAs":["https:\/\/www.facebook.com\/mexicopanelrey\/?locale=es_LA","https:\/\/www.instagram.com\/panel_rey_mexico\/?hl=es"]}]}},"_links":{"self":[{"href":"https:\/\/distribuidorpanelrey.com.mx\/wp-json\/wp\/v2\/product\/1381","targetHints":{"allow":["GET"]}}],"collection":[{"href":"https:\/\/distribuidorpanelrey.com.mx\/wp-json\/wp\/v2\/product"}],"about":[{"href":"https:\/\/distribuidorpanelrey.com.mx\/wp-json\/wp\/v2\/types\/product"}],"replies":[{"embeddable":true,"href":"https:\/\/distribuidorpanelrey.com.mx\/wp-json\/wp\/v2\/comments?post=1381"}],"version-history":[{"count":3,"href":"https:\/\/distribuidorpanelrey.com.mx\/wp-json\/wp\/v2\/product\/1381\/revisions"}],"predecessor-version":[{"id":4025,"href":"https:\/\/distribuidorpanelrey.com.mx\/wp-json\/wp\/v2\/product\/1381\/revisions\/4025"}],"wp:featuredmedia":[{"embeddable":true,"href":"https:\/\/distribuidorpanelrey.com.mx\/wp-json\/wp\/v2\/media\/1383"}],"wp:attachment":[{"href":"https:\/\/distribuidorpanelrey.com.mx\/wp-json\/wp\/v2\/media?parent=1381"}],"wp:term":[{"taxonomy":"product_brand","embeddable":true,"href":"https:\/\/distribuidorpanelrey.com.mx\/wp-json\/wp\/v2\/product_brand?post=1381"},{"taxonomy":"product_cat","embeddable":true,"href":"https:\/\/distribuidorpanelrey.com.mx\/wp-json\/wp\/v2\/product_cat?post=1381"},{"taxonomy":"product_tag","embeddable":true,"href":"https:\/\/distribuidorpanelrey.com.mx\/wp-json\/wp\/v2\/product_tag?post=1381"}],"curies":[{"name":"wp","href":"https:\/\/api.w.org\/{rel}","templated":true}]}}