{"id":1530,"date":"2021-02-25T20:47:22","date_gmt":"2021-02-25T20:47:22","guid":{"rendered":"https:\/\/distribuidorpanelrey.com.mx\/?post_type=product&#038;p=1530"},"modified":"2025-12-05T14:26:40","modified_gmt":"2025-12-05T14:26:40","slug":"niasa-pegavitro-blanco","status":"publish","type":"product","link":"https:\/\/distribuidorpanelrey.com.mx\/producto\/niasa-pegavitro-blanco\/","title":{"rendered":"NIASA PEGAVITRO BLANCO"},"content":{"rendered":"<div class=\"wpb_single_image wpb_content_element vc_align_center\">\n<figure class=\"wpb_wrapper vc_figure\">\n<div class=\"vc_single_image-wrapper vc_box_border_grey\">\n<h1>NIASA PEGAVITRO BLANCO<\/h1>\n<div class=\"vc_custom_heading\">\n<h2><\/h2>\n<h2>USOS<\/h2>\n<\/div>\n<div class=\"wpb_text_column wpb_content_element \">\n<div class=\"wpb_wrapper\">\n<ul>\n<li>Para colocaci\u00f3n de recubrimientos en firmes con doble capa de adhesivo en formato libre.<\/li>\n<li>Soporta recubrimientos de hasta 10 kg en muros interiores y exteriores, asimismo piedras naturales de hasta 60 kg\/m2 a no m\u00e1s de 2.5 m de altura. En caso de rebasar esta altura se recomienda anclaje mec\u00e1nico y\/o comunicarse con el fabricante.<\/li>\n<li>Para grandes formatos interiores y\/o exteriores, es necesario la aplicaci\u00f3n de doble capa de adhesivo. En fachadas consulte al fabricante.<\/li>\n<\/ul>\n<\/div>\n<\/div>\n<div class=\"wpb_single_image wpb_content_element vc_align_center\">\n<figure class=\"wpb_wrapper vc_figure\">\n<div class=\"vc_single_image-wrapper vc_box_border_grey\"><\/div>\n<\/figure>\n<\/div>\n<p><img fetchpriority=\"high\" decoding=\"async\" class=\"vc_single_image-img attachment-large\" src=\"https:\/\/www.niasa.com.mx\/wp-content\/uploads\/2021\/01\/Screen-Shot-2021-01-08-at-4.33.15-PM-1024x191.png\" sizes=\"(max-width: 640px) 100vw, 640px\" srcset=\"https:\/\/www.niasa.com.mx\/wp-content\/uploads\/2021\/01\/Screen-Shot-2021-01-08-at-4.33.15-PM-1024x191.png 1024w, https:\/\/www.niasa.com.mx\/wp-content\/uploads\/2021\/01\/Screen-Shot-2021-01-08-at-4.33.15-PM-300x56.png 300w, https:\/\/www.niasa.com.mx\/wp-content\/uploads\/2021\/01\/Screen-Shot-2021-01-08-at-4.33.15-PM-600x112.png 600w, https:\/\/www.niasa.com.mx\/wp-content\/uploads\/2021\/01\/Screen-Shot-2021-01-08-at-4.33.15-PM.png 1193w\" alt=\"\" width=\"640\" height=\"119\" \/><\/p>\n<\/div>\n<div><\/div>\n<\/figure>\n<\/div>\n<div class=\"vc_custom_heading\">\n<h2><\/h2>\n<\/div>\n<div class=\"vc_custom_heading\">\n<h2>VENTAJAS<\/h2>\n<\/div>\n<div class=\"wpb_text_column wpb_content_element \">\n<div class=\"wpb_wrapper\">\n<ul>\n<li>Ideal para estancias, pasillos y rec\u00e1maras.<\/li>\n<li>Evita demoliciones.<\/li>\n<li>Ideal para colocaciones sobre paneles de yeso o cemento.<\/li>\n<li>Gran adherencia qu\u00edmica.<\/li>\n<li>Rapidez de colocaci\u00f3n.<\/li>\n<li>Excelentes valores de Ajustabilidad, Tiempo Abierto y Tiempo de Vida.<\/li>\n<\/ul>\n<\/div>\n<\/div>\n<div class=\"vc_custom_heading\">\n<h2><\/h2>\n<h2>PREPARACI\u00d3N DEL ADHESIVO<\/h2>\n<\/div>\n<div class=\"wpb_text_column wpb_content_element \">\n<div class=\"wpb_wrapper\">\n<p>En una charola o cubeta de pl\u00e1stico limpia a\u00f1ada de 5.0 a 5.4 litros de agua limpia para 20 kg de\u00a0<strong>Pegavitro\u00ae<\/strong>, batiendo bien la mezcla y asegur\u00e1ndose que no queden grumos. Deje reposar 5 minutos y bata nuevamente.\u00a0<strong>NO AGREGUE M\u00c1S AGUA<\/strong>. Se recomienda el uso de mezclador el\u00e9ctrico para garantizar la perfecta mezcla de materiales<\/p>\n<\/div>\n<\/div>\n<div class=\"vc_empty_space\"><\/div>\n<div class=\"vc_custom_heading\">\n<h2><\/h2>\n<h2>PREPARACI\u00d3N DE SUPERFICIE Y COLOCACI\u00d3N<\/h2>\n<\/div>\n<div class=\"wpb_text_column wpb_content_element \">\n<div class=\"wpb_wrapper\">\n<ol>\n<li>La superficie deber\u00e1 ser s\u00f3lida, limpia de polvo, rebabas, grasa y aceites al igual que el recubrimiento.<\/li>\n<li>Con una llana dentada extienda la mezcla sobre la superficie con la parte lisa, dejando una capa gruesa no mayor al diente de la llana.<\/li>\n<li>Con el lado dentado peine el adhesivo dejando surcos rectos paralelos entre si. En colocaciones verticales se recomienda que el rallado sea horizontal. El material sobrante se puede regresar a la charola.<\/li>\n<li>Coloque el recubrimiento mientras el adhesivo se encuentre hidratado y asiente la pieza hasta que quede adherido o dentro del adhesivo hasta un 50% del ancho de la pieza.<\/li>\n<li>De vez en cuando levante una pieza para checar que la transferencia del adhesivo sea m\u00ednima de 85% en interiores y 95% en exteriores.<\/li>\n<li>Retire el exceso de adhesivo de las juntas para posteriormente emboquillar de manera correcta.<\/li>\n<li>Se recomienda el uso de separadores o crucetas para mantener una correcta alineaci\u00f3n y separaci\u00f3n de las piezas<\/li>\n<\/ol>\n<\/div>\n<\/div>\n<h3><\/h3>\n<h3>FICHA T\u00c9CNICA\u00a0<a href=\"https:\/\/www.niasa.com.mx\/productos-niasa\/pegavitro\/\">AQU\u00cd.\u00a0<\/a><\/h3>\n<p>&nbsp;<\/p>\n<p style=\"text-align: center;\">*En Distribuidor Panel Rey Mexico nos esforzamos por ofrecerte los mejores productos de\u00a0<a href=\"https:\/\/distribuidorpanelrey.com.mx\/categoria-producto\/complementos\/\">NIASA.<\/a><br \/>\n*La imagen puede diferir un poco del producto final *Los precios pueden variar sin previo aviso<br \/>\n*Los precios ya incluyen IVA *Se hacen env\u00edos a toda la Rep\u00fablica Mexicana, pregunte por nuestros descuentos en env\u00edos.<br \/>\n*Chatea con nosotros en nuestras redes sociales.<br \/>\n*Contactanos: Tel: 71-58-02-72.<br \/>\nNuestro correo: ventas@distribuidorpanelrey.com<br \/>\nDistribuidor Panel Rey Mexico<\/p>\n","protected":false},"excerpt":{"rendered":"<h4 style=\"text-align: center;\">Env\u00edos de 24 a 48 hr CDMX Y EDO MEX<\/h4>\n<p style=\"text-align: center;\">Rese\u00f1as\u00a0\u2605\u2605\u2605\u2605\u2605\u00a0 Env\u00edos Garantizados<\/p>\n<h4 style=\"text-align: center;\">\ud83d\udd25LOS MEJORES PRECIOS \ud83d\udd25<\/h4>\n","protected":false},"featured_media":1531,"comment_status":"closed","ping_status":"closed","template":"","meta":[],"product_brand":[567],"product_cat":[35],"product_tag":[304,302,303],"class_list":{"0":"post-1530","1":"product","2":"type-product","3":"status-publish","4":"has-post-thumbnail","6":"product_brand-niasa","7":"product_cat-compuestos-y-polvos","8":"product_tag-adhesivo-pegavitro","9":"product_tag-niasa-pegavitro","10":"product_tag-pegavitro-20kg","12":"first","13":"outofstock","14":"shipping-taxable","15":"purchasable","16":"product-type-simple"},"yoast_head":"<!-- This site is optimized with the Yoast SEO plugin v27.1.1 - https:\/\/yoast.com\/product\/yoast-seo-wordpress\/ -->\n<title>NIASA PEGAVITRO BLANCO - PANEL REY MEXICO<\/title>\n<meta name=\"description\" content=\"NIASA PEGAVITRO BLANCO Para colocaci\u00f3n de recubrimientos en firmes con doble capa de adhesivo en formato libre.\" \/>\n<meta name=\"robots\" content=\"index, follow, max-snippet:-1, max-image-preview:large, max-video-preview:-1\" \/>\n<link rel=\"canonical\" href=\"https:\/\/distribuidorpanelrey.com.mx\/producto\/niasa-pegavitro-blanco\/\" \/>\n<meta property=\"og:locale\" content=\"es_ES\" \/>\n<meta property=\"og:type\" content=\"article\" \/>\n<meta property=\"og:title\" content=\"NIASA PEGAVITRO BLANCO - PANEL REY MEXICO\" \/>\n<meta property=\"og:description\" content=\"NIASA PEGAVITRO BLANCO Para colocaci\u00f3n de recubrimientos en firmes con doble capa de adhesivo en formato libre.\" \/>\n<meta property=\"og:url\" content=\"https:\/\/distribuidorpanelrey.com.mx\/producto\/niasa-pegavitro-blanco\/\" \/>\n<meta property=\"og:site_name\" content=\"PANEL REY MEXICO\" \/>\n<meta property=\"article:publisher\" content=\"https:\/\/www.facebook.com\/mexicopanelrey\/?locale=es_LA\" \/>\n<meta property=\"article:modified_time\" content=\"2025-12-05T14:26:40+00:00\" \/>\n<meta property=\"og:image\" content=\"https:\/\/distribuidorpanelrey.com.mx\/wp-content\/uploads\/2021\/02\/NIASA-PEGAVITRO-BLANCO.png\" \/>\n\t<meta property=\"og:image:width\" content=\"1000\" \/>\n\t<meta property=\"og:image:height\" content=\"1000\" \/>\n\t<meta property=\"og:image:type\" content=\"image\/png\" \/>\n<meta name=\"twitter:card\" content=\"summary_large_image\" \/>\n<meta name=\"twitter:label1\" content=\"Tiempo de lectura\" \/>\n\t<meta name=\"twitter:data1\" content=\"3 minutos\" \/>\n<script type=\"application\/ld+json\" class=\"yoast-schema-graph\">{\"@context\":\"https:\/\/schema.org\",\"@graph\":[{\"@type\":\"WebPage\",\"@id\":\"https:\/\/distribuidorpanelrey.com.mx\/producto\/niasa-pegavitro-blanco\/\",\"url\":\"https:\/\/distribuidorpanelrey.com.mx\/producto\/niasa-pegavitro-blanco\/\",\"name\":\"NIASA PEGAVITRO BLANCO - PANEL REY MEXICO\",\"isPartOf\":{\"@id\":\"https:\/\/distribuidorpanelrey.com\/#website\"},\"primaryImageOfPage\":{\"@id\":\"https:\/\/distribuidorpanelrey.com.mx\/producto\/niasa-pegavitro-blanco\/#primaryimage\"},\"image\":{\"@id\":\"https:\/\/distribuidorpanelrey.com.mx\/producto\/niasa-pegavitro-blanco\/#primaryimage\"},\"thumbnailUrl\":\"https:\/\/distribuidorpanelrey.com.mx\/wp-content\/uploads\/2021\/02\/NIASA-PEGAVITRO-BLANCO.png\",\"datePublished\":\"2021-02-25T20:47:22+00:00\",\"dateModified\":\"2025-12-05T14:26:40+00:00\",\"description\":\"NIASA PEGAVITRO BLANCO Para colocaci\u00f3n de recubrimientos en firmes con doble capa de adhesivo en formato libre.\",\"breadcrumb\":{\"@id\":\"https:\/\/distribuidorpanelrey.com.mx\/producto\/niasa-pegavitro-blanco\/#breadcrumb\"},\"inLanguage\":\"es\",\"potentialAction\":[{\"@type\":\"ReadAction\",\"target\":[\"https:\/\/distribuidorpanelrey.com.mx\/producto\/niasa-pegavitro-blanco\/\"]}]},{\"@type\":\"ImageObject\",\"inLanguage\":\"es\",\"@id\":\"https:\/\/distribuidorpanelrey.com.mx\/producto\/niasa-pegavitro-blanco\/#primaryimage\",\"url\":\"https:\/\/distribuidorpanelrey.com.mx\/wp-content\/uploads\/2021\/02\/NIASA-PEGAVITRO-BLANCO.png\",\"contentUrl\":\"https:\/\/distribuidorpanelrey.com.mx\/wp-content\/uploads\/2021\/02\/NIASA-PEGAVITRO-BLANCO.png\",\"width\":1000,\"height\":1000,\"caption\":\"NIASA PEGAVITRO BLANCO\"},{\"@type\":\"BreadcrumbList\",\"@id\":\"https:\/\/distribuidorpanelrey.com.mx\/producto\/niasa-pegavitro-blanco\/#breadcrumb\",\"itemListElement\":[{\"@type\":\"ListItem\",\"position\":1,\"name\":\"Portada\",\"item\":\"https:\/\/distribuidorpanelrey.com.mx\/\"},{\"@type\":\"ListItem\",\"position\":2,\"name\":\"Productos\",\"item\":\"https:\/\/distribuidorpanelrey.com\/tienda\/\"},{\"@type\":\"ListItem\",\"position\":3,\"name\":\"NIASA PEGAVITRO BLANCO\"}]},{\"@type\":\"WebSite\",\"@id\":\"https:\/\/distribuidorpanelrey.com\/#website\",\"url\":\"https:\/\/distribuidorpanelrey.com\/\",\"name\":\"PANEL REY MEXICO\",\"description\":\"DISTRIBUIDOR PANEL REY\",\"publisher\":{\"@id\":\"https:\/\/distribuidorpanelrey.com\/#organization\"},\"alternateName\":\"DISTRIBUIDOR PANEL REY\",\"potentialAction\":[{\"@type\":\"SearchAction\",\"target\":{\"@type\":\"EntryPoint\",\"urlTemplate\":\"https:\/\/distribuidorpanelrey.com\/?s={search_term_string}\"},\"query-input\":{\"@type\":\"PropertyValueSpecification\",\"valueRequired\":true,\"valueName\":\"search_term_string\"}}],\"inLanguage\":\"es\"},{\"@type\":\"Organization\",\"@id\":\"https:\/\/distribuidorpanelrey.com\/#organization\",\"name\":\"PANEL REY MEXICO\",\"url\":\"https:\/\/distribuidorpanelrey.com\/\",\"logo\":{\"@type\":\"ImageObject\",\"inLanguage\":\"es\",\"@id\":\"https:\/\/distribuidorpanelrey.com\/#\/schema\/logo\/image\/\",\"url\":\"https:\/\/distribuidorpanelrey.com.mx\/wp-content\/uploads\/2023\/11\/panelrey.webp\",\"contentUrl\":\"https:\/\/distribuidorpanelrey.com.mx\/wp-content\/uploads\/2023\/11\/panelrey.webp\",\"width\":400,\"height\":150,\"caption\":\"PANEL REY MEXICO\"},\"image\":{\"@id\":\"https:\/\/distribuidorpanelrey.com\/#\/schema\/logo\/image\/\"},\"sameAs\":[\"https:\/\/www.facebook.com\/mexicopanelrey\/?locale=es_LA\",\"https:\/\/www.instagram.com\/panel_rey_mexico\/?hl=es\"]}]}<\/script>\n<!-- \/ Yoast SEO plugin. -->","yoast_head_json":{"title":"NIASA PEGAVITRO BLANCO - PANEL REY MEXICO","description":"NIASA PEGAVITRO BLANCO Para colocaci\u00f3n de recubrimientos en firmes con doble capa de adhesivo en formato libre.","robots":{"index":"index","follow":"follow","max-snippet":"max-snippet:-1","max-image-preview":"max-image-preview:large","max-video-preview":"max-video-preview:-1"},"canonical":"https:\/\/distribuidorpanelrey.com.mx\/producto\/niasa-pegavitro-blanco\/","og_locale":"es_ES","og_type":"article","og_title":"NIASA PEGAVITRO BLANCO - PANEL REY MEXICO","og_description":"NIASA PEGAVITRO BLANCO Para colocaci\u00f3n de recubrimientos en firmes con doble capa de adhesivo en formato libre.","og_url":"https:\/\/distribuidorpanelrey.com.mx\/producto\/niasa-pegavitro-blanco\/","og_site_name":"PANEL REY MEXICO","article_publisher":"https:\/\/www.facebook.com\/mexicopanelrey\/?locale=es_LA","article_modified_time":"2025-12-05T14:26:40+00:00","og_image":[{"width":1000,"height":1000,"url":"https:\/\/distribuidorpanelrey.com.mx\/wp-content\/uploads\/2021\/02\/NIASA-PEGAVITRO-BLANCO.png","type":"image\/png"}],"twitter_card":"summary_large_image","twitter_misc":{"Tiempo de lectura":"3 minutos"},"schema":{"@context":"https:\/\/schema.org","@graph":[{"@type":"WebPage","@id":"https:\/\/distribuidorpanelrey.com.mx\/producto\/niasa-pegavitro-blanco\/","url":"https:\/\/distribuidorpanelrey.com.mx\/producto\/niasa-pegavitro-blanco\/","name":"NIASA PEGAVITRO BLANCO - PANEL REY MEXICO","isPartOf":{"@id":"https:\/\/distribuidorpanelrey.com\/#website"},"primaryImageOfPage":{"@id":"https:\/\/distribuidorpanelrey.com.mx\/producto\/niasa-pegavitro-blanco\/#primaryimage"},"image":{"@id":"https:\/\/distribuidorpanelrey.com.mx\/producto\/niasa-pegavitro-blanco\/#primaryimage"},"thumbnailUrl":"https:\/\/distribuidorpanelrey.com.mx\/wp-content\/uploads\/2021\/02\/NIASA-PEGAVITRO-BLANCO.png","datePublished":"2021-02-25T20:47:22+00:00","dateModified":"2025-12-05T14:26:40+00:00","description":"NIASA PEGAVITRO BLANCO Para colocaci\u00f3n de recubrimientos en firmes con doble capa de adhesivo en formato libre.","breadcrumb":{"@id":"https:\/\/distribuidorpanelrey.com.mx\/producto\/niasa-pegavitro-blanco\/#breadcrumb"},"inLanguage":"es","potentialAction":[{"@type":"ReadAction","target":["https:\/\/distribuidorpanelrey.com.mx\/producto\/niasa-pegavitro-blanco\/"]}]},{"@type":"ImageObject","inLanguage":"es","@id":"https:\/\/distribuidorpanelrey.com.mx\/producto\/niasa-pegavitro-blanco\/#primaryimage","url":"https:\/\/distribuidorpanelrey.com.mx\/wp-content\/uploads\/2021\/02\/NIASA-PEGAVITRO-BLANCO.png","contentUrl":"https:\/\/distribuidorpanelrey.com.mx\/wp-content\/uploads\/2021\/02\/NIASA-PEGAVITRO-BLANCO.png","width":1000,"height":1000,"caption":"NIASA PEGAVITRO BLANCO"},{"@type":"BreadcrumbList","@id":"https:\/\/distribuidorpanelrey.com.mx\/producto\/niasa-pegavitro-blanco\/#breadcrumb","itemListElement":[{"@type":"ListItem","position":1,"name":"Portada","item":"https:\/\/distribuidorpanelrey.com.mx\/"},{"@type":"ListItem","position":2,"name":"Productos","item":"https:\/\/distribuidorpanelrey.com\/tienda\/"},{"@type":"ListItem","position":3,"name":"NIASA PEGAVITRO BLANCO"}]},{"@type":"WebSite","@id":"https:\/\/distribuidorpanelrey.com\/#website","url":"https:\/\/distribuidorpanelrey.com\/","name":"PANEL REY MEXICO","description":"DISTRIBUIDOR PANEL REY","publisher":{"@id":"https:\/\/distribuidorpanelrey.com\/#organization"},"alternateName":"DISTRIBUIDOR PANEL REY","potentialAction":[{"@type":"SearchAction","target":{"@type":"EntryPoint","urlTemplate":"https:\/\/distribuidorpanelrey.com\/?s={search_term_string}"},"query-input":{"@type":"PropertyValueSpecification","valueRequired":true,"valueName":"search_term_string"}}],"inLanguage":"es"},{"@type":"Organization","@id":"https:\/\/distribuidorpanelrey.com\/#organization","name":"PANEL REY MEXICO","url":"https:\/\/distribuidorpanelrey.com\/","logo":{"@type":"ImageObject","inLanguage":"es","@id":"https:\/\/distribuidorpanelrey.com\/#\/schema\/logo\/image\/","url":"https:\/\/distribuidorpanelrey.com.mx\/wp-content\/uploads\/2023\/11\/panelrey.webp","contentUrl":"https:\/\/distribuidorpanelrey.com.mx\/wp-content\/uploads\/2023\/11\/panelrey.webp","width":400,"height":150,"caption":"PANEL REY MEXICO"},"image":{"@id":"https:\/\/distribuidorpanelrey.com\/#\/schema\/logo\/image\/"},"sameAs":["https:\/\/www.facebook.com\/mexicopanelrey\/?locale=es_LA","https:\/\/www.instagram.com\/panel_rey_mexico\/?hl=es"]}]}},"_links":{"self":[{"href":"https:\/\/distribuidorpanelrey.com.mx\/wp-json\/wp\/v2\/product\/1530","targetHints":{"allow":["GET"]}}],"collection":[{"href":"https:\/\/distribuidorpanelrey.com.mx\/wp-json\/wp\/v2\/product"}],"about":[{"href":"https:\/\/distribuidorpanelrey.com.mx\/wp-json\/wp\/v2\/types\/product"}],"replies":[{"embeddable":true,"href":"https:\/\/distribuidorpanelrey.com.mx\/wp-json\/wp\/v2\/comments?post=1530"}],"version-history":[{"count":2,"href":"https:\/\/distribuidorpanelrey.com.mx\/wp-json\/wp\/v2\/product\/1530\/revisions"}],"predecessor-version":[{"id":6634,"href":"https:\/\/distribuidorpanelrey.com.mx\/wp-json\/wp\/v2\/product\/1530\/revisions\/6634"}],"wp:featuredmedia":[{"embeddable":true,"href":"https:\/\/distribuidorpanelrey.com.mx\/wp-json\/wp\/v2\/media\/1531"}],"wp:attachment":[{"href":"https:\/\/distribuidorpanelrey.com.mx\/wp-json\/wp\/v2\/media?parent=1530"}],"wp:term":[{"taxonomy":"product_brand","embeddable":true,"href":"https:\/\/distribuidorpanelrey.com.mx\/wp-json\/wp\/v2\/product_brand?post=1530"},{"taxonomy":"product_cat","embeddable":true,"href":"https:\/\/distribuidorpanelrey.com.mx\/wp-json\/wp\/v2\/product_cat?post=1530"},{"taxonomy":"product_tag","embeddable":true,"href":"https:\/\/distribuidorpanelrey.com.mx\/wp-json\/wp\/v2\/product_tag?post=1530"}],"curies":[{"name":"wp","href":"https:\/\/api.w.org\/{rel}","templated":true}]}}