{"id":1536,"date":"2021-02-26T18:24:24","date_gmt":"2021-02-26T18:24:24","guid":{"rendered":"https:\/\/distribuidorpanelrey.com.mx\/?post_type=product&#038;p=1536"},"modified":"2026-01-28T03:35:08","modified_gmt":"2026-01-28T03:35:08","slug":"fortec-intermuro-estuco-20-kg","status":"publish","type":"product","link":"https:\/\/distribuidorpanelrey.com.mx\/producto\/fortec-intermuro-estuco-20-kg\/","title":{"rendered":"FORTEC INTERMURO ESTUCO 20 KG"},"content":{"rendered":"<h1>FORTEC INTERMURO ESTUCO 20 KG<\/h1>\n<div class=\"flex-shrink-0 flex flex-col relative items-end\">\n<div>\n<div class=\"pt-0\">\n<div class=\"gizmo-bot-avatar flex h-8 w-8 items-center justify-center overflow-hidden rounded-full\">\n<div class=\"relative p-1 rounded-sm flex items-center justify-center bg-token-main-surface-primary text-token-text-primary h-8 w-8\"><\/div>\n<\/div>\n<\/div>\n<\/div>\n<\/div>\n<div class=\"group\/conversation-turn relative flex w-full min-w-0 flex-col agent-turn\">\n<div class=\"flex-col gap-1 md:gap-3\">\n<div class=\"flex flex-grow flex-col max-w-full\">\n<div class=\"min-h-[20px] text-message flex w-full flex-col items-end gap-2 whitespace-pre-wrap break-words [.text-message+&amp;]:mt-5 overflow-x-auto\" dir=\"auto\" data-message-author-role=\"assistant\" data-message-id=\"bc6786ce-1296-4d2a-9f50-ce44daf0693c\">\n<div class=\"flex w-full flex-col gap-1 empty:hidden first:pt-[3px]\">\n<div class=\"markdown prose w-full break-words dark:prose-invert light\">\n<p>La funci\u00f3n principal del \u00abFORTEC INTERMURO ESTUCO 20 KG\u00bb es servir como un material de estuco especialmente dise\u00f1ado para aplicaciones en interiores. Este producto ofrece una excelente adherencia y facilidad de aplicaci\u00f3n, ideal para cubrir y nivelar superficies como muros y techos dentro de edificaciones.<\/p>\n<p><strong>FORTEC INTERMURO ESTUCO 20 KG<\/strong> se destaca por su formulaci\u00f3n que asegura una alta resistencia al desgaste y una buena durabilidad, proporcionando adem\u00e1s un acabado uniforme y est\u00e9ticamente agradable. Es ampliamente utilizado en proyectos de construcci\u00f3n y remodelaci\u00f3n, donde se requiere un estuco de calidad para obtener resultados profesionales y duraderos.<\/p>\n<p>En resumen, <strong>FORTEC INTERMURO ESTUCO 20 KG<\/strong> es la opci\u00f3n ideal para quienes buscan un estuco confiable y de alto rendimiento para aplicaciones interiores, garantizando resultados \u00f3ptimos con cada uso.<\/p>\n<\/div>\n<\/div>\n<\/div>\n<\/div>\n<\/div>\n<\/div>\n<h2>USO<\/h2>\n<p>Se aplica directamente sobre muros de block o tabic\u00f3n para eliminar la necesidad de un zarpeo o repellado.<br \/>\nSe logra un acabado con color integrado en el mismo proceso, teniendo adem\u00e1s resistencia a la humedad.Resistente al clima, humedad, y temperatura.<\/p>\n<h2>VENTAJAS<\/h2>\n<ul>\n<li>Gran adherencia sobre tabique o block.<\/li>\n<li>Excelente trabajabilidad para su colocaci\u00f3n.<\/li>\n<li>Excelente dureza.<\/li>\n<li>Buena resistencia al desgaste.<\/li>\n<li>Alta calidad.<\/li>\n<\/ul>\n<h2>RECOMENDACIONES<\/h2>\n<ul>\n<li>Humedezca el muro (en muros de tabique o block) antes de aplicar el Exterblock.<\/li>\n<li>En muros de concreto, aplicar una capa de sellador antes del fondeo.<\/li>\n<li>Para superficies de yeso es necesario que \u00e9ste se encuentre totalmente sellado para evitar que el yeso debilite la resistencia del material al absorberle la humedad requerida.<\/li>\n<li>Aseg\u00farese de curar muy bien la superficie una vez terminada durante las siguientes 48 hrs.<\/li>\n<\/ul>\n<p>&nbsp;<\/p>\n<h3>FICHA T\u00c9CNICA\u00a0<a href=\"https:\/\/grupofortecmx.com\/estucos\/#1553191919521-dc58c8c0-09ab\">AQU\u00cd.\u00a0<\/a><\/h3>\n<p>&nbsp;<\/p>\n<p style=\"text-align: center;\">*En Distribuidor Panel Rey Mexico nos esforzamos por ofrecerte los mejores productos de\u00a0<a href=\"https:\/\/distribuidorpanelrey.com.mx\/categoria-producto\/complementos\/\">FORTEC<\/a>.<br \/>\n*La imagen puede diferir un poco del producto final *Los precios pueden variar sin previo aviso<br \/>\n*Los precios ya incluyen IVA *Se hacen env\u00edos a toda la Rep\u00fablica Mexicana, pregunte por nuestros descuentos en env\u00edos.<br \/>\n*Chatea con nosotros en nuestras redes sociales.<br \/>\n*Contactanos: Tel: 71-58-02-72.<br \/>\nNuestro correo: ventas@distribuidorpanelrey.com<br \/>\nDistribuidor Panel Rey Mexico<\/p>\n","protected":false},"excerpt":{"rendered":"<h4 style=\"text-align: center;\">Env\u00edos de 24 a 48 hr CDMX Y EDO MEX<\/h4>\n<p style=\"text-align: center;\">Rese\u00f1as\u00a0\u2605\u2605\u2605\u2605\u2605\u00a0 Env\u00edos Garantizados<\/p>\n<h4 style=\"text-align: center;\">\ud83d\udd25LOS MEJORES PRECIOS \ud83d\udd25<\/h4>\n","protected":false},"featured_media":1537,"comment_status":"closed","ping_status":"closed","template":"","meta":[],"product_brand":[555],"product_cat":[35],"product_tag":[311,313,544],"class_list":{"0":"post-1536","1":"product","2":"type-product","3":"status-publish","4":"has-post-thumbnail","6":"product_brand-fortec","7":"product_cat-compuestos-y-polvos","8":"product_tag-estuco","9":"product_tag-fortec-intermuro","10":"product_tag-fortec-intramuro-20-kg","12":"first","13":"instock","14":"shipping-taxable","15":"purchasable","16":"product-type-simple"},"yoast_head":"<!-- This site is optimized with the Yoast SEO plugin v27.1.1 - https:\/\/yoast.com\/product\/yoast-seo-wordpress\/ -->\n<title>FORTEC INTERMURO ESTUCO 20 KG - PANEL REY MEXICO<\/title>\n<meta name=\"description\" content=\"FORTEC INTERMURO ESTUCO 20 KG, base de cemento, arena y aditivos quimicos, con el que se pueden lograr acabados interiores.\" \/>\n<meta name=\"robots\" content=\"index, follow, max-snippet:-1, max-image-preview:large, max-video-preview:-1\" \/>\n<link rel=\"canonical\" href=\"https:\/\/distribuidorpanelrey.com.mx\/producto\/fortec-intermuro-estuco-20-kg\/\" \/>\n<meta property=\"og:locale\" content=\"es_ES\" \/>\n<meta property=\"og:type\" content=\"article\" \/>\n<meta property=\"og:title\" content=\"FORTEC INTERMURO ESTUCO 20 KG - PANEL REY MEXICO\" \/>\n<meta property=\"og:description\" content=\"FORTEC INTERMURO ESTUCO 20 KG, base de cemento, arena y aditivos quimicos, con el que se pueden lograr acabados interiores.\" \/>\n<meta property=\"og:url\" content=\"https:\/\/distribuidorpanelrey.com.mx\/producto\/fortec-intermuro-estuco-20-kg\/\" \/>\n<meta property=\"og:site_name\" content=\"PANEL REY MEXICO\" \/>\n<meta property=\"article:publisher\" content=\"https:\/\/www.facebook.com\/mexicopanelrey\/?locale=es_LA\" \/>\n<meta property=\"article:modified_time\" content=\"2026-01-28T03:35:08+00:00\" \/>\n<meta property=\"og:image\" content=\"https:\/\/distribuidorpanelrey.com.mx\/wp-content\/uploads\/2021\/02\/FORTEC-INTERMURO-ESTUCO-40-KG.jpg\" \/>\n\t<meta property=\"og:image:width\" content=\"1000\" \/>\n\t<meta property=\"og:image:height\" content=\"1000\" \/>\n\t<meta property=\"og:image:type\" content=\"image\/jpeg\" \/>\n<meta name=\"twitter:card\" content=\"summary_large_image\" \/>\n<meta name=\"twitter:label1\" content=\"Tiempo de lectura\" \/>\n\t<meta name=\"twitter:data1\" content=\"2 minutos\" \/>\n<script type=\"application\/ld+json\" class=\"yoast-schema-graph\">{\"@context\":\"https:\/\/schema.org\",\"@graph\":[{\"@type\":\"WebPage\",\"@id\":\"https:\/\/distribuidorpanelrey.com.mx\/producto\/fortec-intermuro-estuco-20-kg\/\",\"url\":\"https:\/\/distribuidorpanelrey.com.mx\/producto\/fortec-intermuro-estuco-20-kg\/\",\"name\":\"FORTEC INTERMURO ESTUCO 20 KG - PANEL REY MEXICO\",\"isPartOf\":{\"@id\":\"https:\/\/distribuidorpanelrey.com\/#website\"},\"primaryImageOfPage\":{\"@id\":\"https:\/\/distribuidorpanelrey.com.mx\/producto\/fortec-intermuro-estuco-20-kg\/#primaryimage\"},\"image\":{\"@id\":\"https:\/\/distribuidorpanelrey.com.mx\/producto\/fortec-intermuro-estuco-20-kg\/#primaryimage\"},\"thumbnailUrl\":\"https:\/\/distribuidorpanelrey.com.mx\/wp-content\/uploads\/2021\/02\/FORTEC-INTERMURO-ESTUCO-40-KG.jpg\",\"datePublished\":\"2021-02-26T18:24:24+00:00\",\"dateModified\":\"2026-01-28T03:35:08+00:00\",\"description\":\"FORTEC INTERMURO ESTUCO 20 KG, base de cemento, arena y aditivos quimicos, con el que se pueden lograr acabados interiores.\",\"breadcrumb\":{\"@id\":\"https:\/\/distribuidorpanelrey.com.mx\/producto\/fortec-intermuro-estuco-20-kg\/#breadcrumb\"},\"inLanguage\":\"es\",\"potentialAction\":[{\"@type\":\"ReadAction\",\"target\":[\"https:\/\/distribuidorpanelrey.com.mx\/producto\/fortec-intermuro-estuco-20-kg\/\"]}]},{\"@type\":\"ImageObject\",\"inLanguage\":\"es\",\"@id\":\"https:\/\/distribuidorpanelrey.com.mx\/producto\/fortec-intermuro-estuco-20-kg\/#primaryimage\",\"url\":\"https:\/\/distribuidorpanelrey.com.mx\/wp-content\/uploads\/2021\/02\/FORTEC-INTERMURO-ESTUCO-40-KG.jpg\",\"contentUrl\":\"https:\/\/distribuidorpanelrey.com.mx\/wp-content\/uploads\/2021\/02\/FORTEC-INTERMURO-ESTUCO-40-KG.jpg\",\"width\":1000,\"height\":1000,\"caption\":\"FORTEC INTERMURO ESTUCO 40 KG\"},{\"@type\":\"BreadcrumbList\",\"@id\":\"https:\/\/distribuidorpanelrey.com.mx\/producto\/fortec-intermuro-estuco-20-kg\/#breadcrumb\",\"itemListElement\":[{\"@type\":\"ListItem\",\"position\":1,\"name\":\"Portada\",\"item\":\"https:\/\/distribuidorpanelrey.com.mx\/\"},{\"@type\":\"ListItem\",\"position\":2,\"name\":\"Productos\",\"item\":\"https:\/\/distribuidorpanelrey.com\/tienda\/\"},{\"@type\":\"ListItem\",\"position\":3,\"name\":\"FORTEC INTERMURO ESTUCO 20 KG\"}]},{\"@type\":\"WebSite\",\"@id\":\"https:\/\/distribuidorpanelrey.com\/#website\",\"url\":\"https:\/\/distribuidorpanelrey.com\/\",\"name\":\"PANEL REY MEXICO\",\"description\":\"DISTRIBUIDOR PANEL REY\",\"publisher\":{\"@id\":\"https:\/\/distribuidorpanelrey.com\/#organization\"},\"alternateName\":\"DISTRIBUIDOR PANEL REY\",\"potentialAction\":[{\"@type\":\"SearchAction\",\"target\":{\"@type\":\"EntryPoint\",\"urlTemplate\":\"https:\/\/distribuidorpanelrey.com\/?s={search_term_string}\"},\"query-input\":{\"@type\":\"PropertyValueSpecification\",\"valueRequired\":true,\"valueName\":\"search_term_string\"}}],\"inLanguage\":\"es\"},{\"@type\":\"Organization\",\"@id\":\"https:\/\/distribuidorpanelrey.com\/#organization\",\"name\":\"PANEL REY MEXICO\",\"url\":\"https:\/\/distribuidorpanelrey.com\/\",\"logo\":{\"@type\":\"ImageObject\",\"inLanguage\":\"es\",\"@id\":\"https:\/\/distribuidorpanelrey.com\/#\/schema\/logo\/image\/\",\"url\":\"https:\/\/distribuidorpanelrey.com.mx\/wp-content\/uploads\/2023\/11\/panelrey.webp\",\"contentUrl\":\"https:\/\/distribuidorpanelrey.com.mx\/wp-content\/uploads\/2023\/11\/panelrey.webp\",\"width\":400,\"height\":150,\"caption\":\"PANEL REY MEXICO\"},\"image\":{\"@id\":\"https:\/\/distribuidorpanelrey.com\/#\/schema\/logo\/image\/\"},\"sameAs\":[\"https:\/\/www.facebook.com\/mexicopanelrey\/?locale=es_LA\",\"https:\/\/www.instagram.com\/panel_rey_mexico\/?hl=es\"]}]}<\/script>\n<!-- \/ Yoast SEO plugin. -->","yoast_head_json":{"title":"FORTEC INTERMURO ESTUCO 20 KG - PANEL REY MEXICO","description":"FORTEC INTERMURO ESTUCO 20 KG, base de cemento, arena y aditivos quimicos, con el que se pueden lograr acabados interiores.","robots":{"index":"index","follow":"follow","max-snippet":"max-snippet:-1","max-image-preview":"max-image-preview:large","max-video-preview":"max-video-preview:-1"},"canonical":"https:\/\/distribuidorpanelrey.com.mx\/producto\/fortec-intermuro-estuco-20-kg\/","og_locale":"es_ES","og_type":"article","og_title":"FORTEC INTERMURO ESTUCO 20 KG - PANEL REY MEXICO","og_description":"FORTEC INTERMURO ESTUCO 20 KG, base de cemento, arena y aditivos quimicos, con el que se pueden lograr acabados interiores.","og_url":"https:\/\/distribuidorpanelrey.com.mx\/producto\/fortec-intermuro-estuco-20-kg\/","og_site_name":"PANEL REY MEXICO","article_publisher":"https:\/\/www.facebook.com\/mexicopanelrey\/?locale=es_LA","article_modified_time":"2026-01-28T03:35:08+00:00","og_image":[{"width":1000,"height":1000,"url":"https:\/\/distribuidorpanelrey.com.mx\/wp-content\/uploads\/2021\/02\/FORTEC-INTERMURO-ESTUCO-40-KG.jpg","type":"image\/jpeg"}],"twitter_card":"summary_large_image","twitter_misc":{"Tiempo de lectura":"2 minutos"},"schema":{"@context":"https:\/\/schema.org","@graph":[{"@type":"WebPage","@id":"https:\/\/distribuidorpanelrey.com.mx\/producto\/fortec-intermuro-estuco-20-kg\/","url":"https:\/\/distribuidorpanelrey.com.mx\/producto\/fortec-intermuro-estuco-20-kg\/","name":"FORTEC INTERMURO ESTUCO 20 KG - PANEL REY MEXICO","isPartOf":{"@id":"https:\/\/distribuidorpanelrey.com\/#website"},"primaryImageOfPage":{"@id":"https:\/\/distribuidorpanelrey.com.mx\/producto\/fortec-intermuro-estuco-20-kg\/#primaryimage"},"image":{"@id":"https:\/\/distribuidorpanelrey.com.mx\/producto\/fortec-intermuro-estuco-20-kg\/#primaryimage"},"thumbnailUrl":"https:\/\/distribuidorpanelrey.com.mx\/wp-content\/uploads\/2021\/02\/FORTEC-INTERMURO-ESTUCO-40-KG.jpg","datePublished":"2021-02-26T18:24:24+00:00","dateModified":"2026-01-28T03:35:08+00:00","description":"FORTEC INTERMURO ESTUCO 20 KG, base de cemento, arena y aditivos quimicos, con el que se pueden lograr acabados interiores.","breadcrumb":{"@id":"https:\/\/distribuidorpanelrey.com.mx\/producto\/fortec-intermuro-estuco-20-kg\/#breadcrumb"},"inLanguage":"es","potentialAction":[{"@type":"ReadAction","target":["https:\/\/distribuidorpanelrey.com.mx\/producto\/fortec-intermuro-estuco-20-kg\/"]}]},{"@type":"ImageObject","inLanguage":"es","@id":"https:\/\/distribuidorpanelrey.com.mx\/producto\/fortec-intermuro-estuco-20-kg\/#primaryimage","url":"https:\/\/distribuidorpanelrey.com.mx\/wp-content\/uploads\/2021\/02\/FORTEC-INTERMURO-ESTUCO-40-KG.jpg","contentUrl":"https:\/\/distribuidorpanelrey.com.mx\/wp-content\/uploads\/2021\/02\/FORTEC-INTERMURO-ESTUCO-40-KG.jpg","width":1000,"height":1000,"caption":"FORTEC INTERMURO ESTUCO 40 KG"},{"@type":"BreadcrumbList","@id":"https:\/\/distribuidorpanelrey.com.mx\/producto\/fortec-intermuro-estuco-20-kg\/#breadcrumb","itemListElement":[{"@type":"ListItem","position":1,"name":"Portada","item":"https:\/\/distribuidorpanelrey.com.mx\/"},{"@type":"ListItem","position":2,"name":"Productos","item":"https:\/\/distribuidorpanelrey.com\/tienda\/"},{"@type":"ListItem","position":3,"name":"FORTEC INTERMURO ESTUCO 20 KG"}]},{"@type":"WebSite","@id":"https:\/\/distribuidorpanelrey.com\/#website","url":"https:\/\/distribuidorpanelrey.com\/","name":"PANEL REY MEXICO","description":"DISTRIBUIDOR PANEL REY","publisher":{"@id":"https:\/\/distribuidorpanelrey.com\/#organization"},"alternateName":"DISTRIBUIDOR PANEL REY","potentialAction":[{"@type":"SearchAction","target":{"@type":"EntryPoint","urlTemplate":"https:\/\/distribuidorpanelrey.com\/?s={search_term_string}"},"query-input":{"@type":"PropertyValueSpecification","valueRequired":true,"valueName":"search_term_string"}}],"inLanguage":"es"},{"@type":"Organization","@id":"https:\/\/distribuidorpanelrey.com\/#organization","name":"PANEL REY MEXICO","url":"https:\/\/distribuidorpanelrey.com\/","logo":{"@type":"ImageObject","inLanguage":"es","@id":"https:\/\/distribuidorpanelrey.com\/#\/schema\/logo\/image\/","url":"https:\/\/distribuidorpanelrey.com.mx\/wp-content\/uploads\/2023\/11\/panelrey.webp","contentUrl":"https:\/\/distribuidorpanelrey.com.mx\/wp-content\/uploads\/2023\/11\/panelrey.webp","width":400,"height":150,"caption":"PANEL REY MEXICO"},"image":{"@id":"https:\/\/distribuidorpanelrey.com\/#\/schema\/logo\/image\/"},"sameAs":["https:\/\/www.facebook.com\/mexicopanelrey\/?locale=es_LA","https:\/\/www.instagram.com\/panel_rey_mexico\/?hl=es"]}]}},"_links":{"self":[{"href":"https:\/\/distribuidorpanelrey.com.mx\/wp-json\/wp\/v2\/product\/1536","targetHints":{"allow":["GET"]}}],"collection":[{"href":"https:\/\/distribuidorpanelrey.com.mx\/wp-json\/wp\/v2\/product"}],"about":[{"href":"https:\/\/distribuidorpanelrey.com.mx\/wp-json\/wp\/v2\/types\/product"}],"replies":[{"embeddable":true,"href":"https:\/\/distribuidorpanelrey.com.mx\/wp-json\/wp\/v2\/comments?post=1536"}],"version-history":[{"count":7,"href":"https:\/\/distribuidorpanelrey.com.mx\/wp-json\/wp\/v2\/product\/1536\/revisions"}],"predecessor-version":[{"id":6624,"href":"https:\/\/distribuidorpanelrey.com.mx\/wp-json\/wp\/v2\/product\/1536\/revisions\/6624"}],"wp:featuredmedia":[{"embeddable":true,"href":"https:\/\/distribuidorpanelrey.com.mx\/wp-json\/wp\/v2\/media\/1537"}],"wp:attachment":[{"href":"https:\/\/distribuidorpanelrey.com.mx\/wp-json\/wp\/v2\/media?parent=1536"}],"wp:term":[{"taxonomy":"product_brand","embeddable":true,"href":"https:\/\/distribuidorpanelrey.com.mx\/wp-json\/wp\/v2\/product_brand?post=1536"},{"taxonomy":"product_cat","embeddable":true,"href":"https:\/\/distribuidorpanelrey.com.mx\/wp-json\/wp\/v2\/product_cat?post=1536"},{"taxonomy":"product_tag","embeddable":true,"href":"https:\/\/distribuidorpanelrey.com.mx\/wp-json\/wp\/v2\/product_tag?post=1536"}],"curies":[{"name":"wp","href":"https:\/\/api.w.org\/{rel}","templated":true}]}}