{"id":1538,"date":"2021-02-26T19:30:14","date_gmt":"2021-02-26T19:30:14","guid":{"rendered":"https:\/\/distribuidorpanelrey.com.mx\/?post_type=product&#038;p=1538"},"modified":"2026-01-28T03:35:08","modified_gmt":"2026-01-28T03:35:08","slug":"fortec-pegazulejo-profesional","status":"publish","type":"product","link":"https:\/\/distribuidorpanelrey.com.mx\/producto\/fortec-pegazulejo-profesional\/","title":{"rendered":"FORTEC PEGAZULEJO PROFESIONAL"},"content":{"rendered":"<p>FORTEC PEGAZULEJO PROFESIONAL<\/p>\n<p>&nbsp;<\/p>\n<p>USO<\/p>\n<p>Se emplea como adhesivo para recubrimientos de alta, media o baja absorci\u00f3n de humedad en muros y pisos interiores o exteriores. No se recomienda para instalar porcelanatos o piezas de nula absorci\u00f3n.<\/p>\n<p>&nbsp;<\/p>\n<p>VENTAJAS<br \/>\nAjustabilidad y tiempo abierto superior a productos similares.<br \/>\nAdherencia inmejorable.<br \/>\nResistente a la humedad.<\/p>\n<p>&nbsp;<\/p>\n<p>RECOMENDACIONES<\/p>\n<p>Antes de preparar la mezcla, es necesario acondicionar la superficie, la cual deber\u00e1 estar perfectamente nivelada y limpia, libre de grasa, aceite, polvo, pintura en mal estado, ceras o cualquier otro tipo de impurezas.<\/p>\n<p>&nbsp;<\/p>\n<p>RENDIMIENTO<\/p>\n<p>4 \u2013 5 mts\u00b2 por saco de 20 kg.<\/p>\n<p>&nbsp;<\/p>\n<p>AJUSTaBILIDAD Y TIEMPO ABIERTO<\/p>\n<p>Tiempo de ajustabilidad de 20 minutos y un tiempo abierto de 25 minutos aproximadamente a una temperatura promedio de 25\u02daC y 60% de humedad relativa.<\/p>\n<p>&nbsp;<\/p>\n<p>TIEMPO DE VIDA<\/p>\n<p>2 horas sin perder ninguna de sus propiedades (en condiciones de 25 \u00b0C y 60% de humedad relativa).<\/p>\n<h3>FICHA T\u00c9CNICA\u00a0<a href=\"https:\/\/grupofortecmx.com\/adhesivos\/#1553192054704-2ce41aad-417d\">AQU\u00cd.\u00a0<\/a><\/h3>\n<p>&nbsp;<\/p>\n<p style=\"text-align: center;\">*En Distribuidor Panel Rey Mexico nos esforzamos por ofrecerte los mejores productos de\u00a0<a href=\"https:\/\/distribuidorpanelrey.com.mx\/categoria-producto\/complementos\/\">FORTEC<\/a>.<br \/>\n*La imagen puede diferir un poco del producto final *Los precios pueden variar sin previo aviso<br \/>\n*Los precios ya incluyen IVA *Se hacen env\u00edos a toda la Rep\u00fablica Mexicana, pregunte por nuestros descuentos en env\u00edos.<br \/>\n*Chatea con nosotros en nuestras redes sociales.<br \/>\n*Contactanos: Tel: 71-58-02-72.<br \/>\nNuestro correo: ventas@distribuidorpanelrey.com<br \/>\nDistribuidor Panel Rey Mexico<\/p>\n<p>&nbsp;<\/p>\n","protected":false},"excerpt":{"rendered":"<h4 style=\"text-align: center;\">Env\u00edos de 24 a 48 hr CDMX Y EDO MEX<\/h4>\n<p style=\"text-align: center;\">Rese\u00f1as\u00a0\u2605\u2605\u2605\u2605\u2605\u00a0 Env\u00edos Garantizados<\/p>\n<h4 style=\"text-align: center;\">\ud83d\udd25LOS MEJORES PRECIOS \ud83d\udd25<\/h4>\n","protected":false},"featured_media":1539,"comment_status":"closed","ping_status":"closed","template":"","meta":[],"product_brand":[555],"product_cat":[35],"product_tag":[316,314,315],"class_list":{"0":"post-1538","1":"product","2":"type-product","3":"status-publish","4":"has-post-thumbnail","6":"product_brand-fortec","7":"product_cat-compuestos-y-polvos","8":"product_tag-fortec-pegazulejo","9":"product_tag-pegazulejo","10":"product_tag-pegazulejo-profesional","12":"first","13":"instock","14":"shipping-taxable","15":"purchasable","16":"product-type-simple"},"yoast_head":"<!-- This site is optimized with the Yoast SEO plugin v27.1.1 - https:\/\/yoast.com\/product\/yoast-seo-wordpress\/ -->\n<title>FORTEC PEGAZULEJO PROFESIONAL - PANEL REY MEXICO<\/title>\n<meta name=\"description\" content=\"FORTEC PEGAZULEJO PROFESIONAL Mortero con granulometr\u00eda controlada y aditivos especiales que brindan una gran adhesividad reteniendo de agua.\" \/>\n<meta name=\"robots\" content=\"index, follow, max-snippet:-1, max-image-preview:large, max-video-preview:-1\" \/>\n<link rel=\"canonical\" href=\"https:\/\/distribuidorpanelrey.com.mx\/producto\/fortec-pegazulejo-profesional\/\" \/>\n<meta property=\"og:locale\" content=\"es_ES\" \/>\n<meta property=\"og:type\" content=\"article\" \/>\n<meta property=\"og:title\" content=\"FORTEC PEGAZULEJO PROFESIONAL - PANEL REY MEXICO\" \/>\n<meta property=\"og:description\" content=\"FORTEC PEGAZULEJO PROFESIONAL Mortero con granulometr\u00eda controlada y aditivos especiales que brindan una gran adhesividad reteniendo de agua.\" \/>\n<meta property=\"og:url\" content=\"https:\/\/distribuidorpanelrey.com.mx\/producto\/fortec-pegazulejo-profesional\/\" \/>\n<meta property=\"og:site_name\" content=\"PANEL REY MEXICO\" \/>\n<meta property=\"article:publisher\" content=\"https:\/\/www.facebook.com\/mexicopanelrey\/?locale=es_LA\" \/>\n<meta property=\"article:modified_time\" content=\"2026-01-28T03:35:08+00:00\" \/>\n<meta property=\"og:image\" content=\"https:\/\/distribuidorpanelrey.com.mx\/wp-content\/uploads\/2021\/02\/FORTEC-PEGAZULEJO.png\" \/>\n\t<meta property=\"og:image:width\" content=\"1000\" \/>\n\t<meta property=\"og:image:height\" content=\"1000\" \/>\n\t<meta property=\"og:image:type\" content=\"image\/png\" \/>\n<meta name=\"twitter:card\" content=\"summary_large_image\" \/>\n<meta name=\"twitter:label1\" content=\"Tiempo de lectura\" \/>\n\t<meta name=\"twitter:data1\" content=\"2 minutos\" \/>\n<script type=\"application\/ld+json\" class=\"yoast-schema-graph\">{\"@context\":\"https:\/\/schema.org\",\"@graph\":[{\"@type\":\"WebPage\",\"@id\":\"https:\/\/distribuidorpanelrey.com.mx\/producto\/fortec-pegazulejo-profesional\/\",\"url\":\"https:\/\/distribuidorpanelrey.com.mx\/producto\/fortec-pegazulejo-profesional\/\",\"name\":\"FORTEC PEGAZULEJO PROFESIONAL - PANEL REY MEXICO\",\"isPartOf\":{\"@id\":\"https:\/\/distribuidorpanelrey.com\/#website\"},\"primaryImageOfPage\":{\"@id\":\"https:\/\/distribuidorpanelrey.com.mx\/producto\/fortec-pegazulejo-profesional\/#primaryimage\"},\"image\":{\"@id\":\"https:\/\/distribuidorpanelrey.com.mx\/producto\/fortec-pegazulejo-profesional\/#primaryimage\"},\"thumbnailUrl\":\"https:\/\/distribuidorpanelrey.com.mx\/wp-content\/uploads\/2021\/02\/FORTEC-PEGAZULEJO.png\",\"datePublished\":\"2021-02-26T19:30:14+00:00\",\"dateModified\":\"2026-01-28T03:35:08+00:00\",\"description\":\"FORTEC PEGAZULEJO PROFESIONAL Mortero con granulometr\u00eda controlada y aditivos especiales que brindan una gran adhesividad reteniendo de agua.\",\"breadcrumb\":{\"@id\":\"https:\/\/distribuidorpanelrey.com.mx\/producto\/fortec-pegazulejo-profesional\/#breadcrumb\"},\"inLanguage\":\"es\",\"potentialAction\":[{\"@type\":\"ReadAction\",\"target\":[\"https:\/\/distribuidorpanelrey.com.mx\/producto\/fortec-pegazulejo-profesional\/\"]}]},{\"@type\":\"ImageObject\",\"inLanguage\":\"es\",\"@id\":\"https:\/\/distribuidorpanelrey.com.mx\/producto\/fortec-pegazulejo-profesional\/#primaryimage\",\"url\":\"https:\/\/distribuidorpanelrey.com.mx\/wp-content\/uploads\/2021\/02\/FORTEC-PEGAZULEJO.png\",\"contentUrl\":\"https:\/\/distribuidorpanelrey.com.mx\/wp-content\/uploads\/2021\/02\/FORTEC-PEGAZULEJO.png\",\"width\":1000,\"height\":1000,\"caption\":\"FORTEC PEGAZULEJO PROFESIONAL\"},{\"@type\":\"BreadcrumbList\",\"@id\":\"https:\/\/distribuidorpanelrey.com.mx\/producto\/fortec-pegazulejo-profesional\/#breadcrumb\",\"itemListElement\":[{\"@type\":\"ListItem\",\"position\":1,\"name\":\"Portada\",\"item\":\"https:\/\/distribuidorpanelrey.com.mx\/\"},{\"@type\":\"ListItem\",\"position\":2,\"name\":\"Productos\",\"item\":\"https:\/\/distribuidorpanelrey.com\/tienda\/\"},{\"@type\":\"ListItem\",\"position\":3,\"name\":\"FORTEC PEGAZULEJO PROFESIONAL\"}]},{\"@type\":\"WebSite\",\"@id\":\"https:\/\/distribuidorpanelrey.com\/#website\",\"url\":\"https:\/\/distribuidorpanelrey.com\/\",\"name\":\"PANEL REY MEXICO\",\"description\":\"DISTRIBUIDOR PANEL REY\",\"publisher\":{\"@id\":\"https:\/\/distribuidorpanelrey.com\/#organization\"},\"alternateName\":\"DISTRIBUIDOR PANEL REY\",\"potentialAction\":[{\"@type\":\"SearchAction\",\"target\":{\"@type\":\"EntryPoint\",\"urlTemplate\":\"https:\/\/distribuidorpanelrey.com\/?s={search_term_string}\"},\"query-input\":{\"@type\":\"PropertyValueSpecification\",\"valueRequired\":true,\"valueName\":\"search_term_string\"}}],\"inLanguage\":\"es\"},{\"@type\":\"Organization\",\"@id\":\"https:\/\/distribuidorpanelrey.com\/#organization\",\"name\":\"PANEL REY MEXICO\",\"url\":\"https:\/\/distribuidorpanelrey.com\/\",\"logo\":{\"@type\":\"ImageObject\",\"inLanguage\":\"es\",\"@id\":\"https:\/\/distribuidorpanelrey.com\/#\/schema\/logo\/image\/\",\"url\":\"https:\/\/distribuidorpanelrey.com.mx\/wp-content\/uploads\/2023\/11\/panelrey.webp\",\"contentUrl\":\"https:\/\/distribuidorpanelrey.com.mx\/wp-content\/uploads\/2023\/11\/panelrey.webp\",\"width\":400,\"height\":150,\"caption\":\"PANEL REY MEXICO\"},\"image\":{\"@id\":\"https:\/\/distribuidorpanelrey.com\/#\/schema\/logo\/image\/\"},\"sameAs\":[\"https:\/\/www.facebook.com\/mexicopanelrey\/?locale=es_LA\",\"https:\/\/www.instagram.com\/panel_rey_mexico\/?hl=es\"]}]}<\/script>\n<!-- \/ Yoast SEO plugin. -->","yoast_head_json":{"title":"FORTEC PEGAZULEJO PROFESIONAL - PANEL REY MEXICO","description":"FORTEC PEGAZULEJO PROFESIONAL Mortero con granulometr\u00eda controlada y aditivos especiales que brindan una gran adhesividad reteniendo de agua.","robots":{"index":"index","follow":"follow","max-snippet":"max-snippet:-1","max-image-preview":"max-image-preview:large","max-video-preview":"max-video-preview:-1"},"canonical":"https:\/\/distribuidorpanelrey.com.mx\/producto\/fortec-pegazulejo-profesional\/","og_locale":"es_ES","og_type":"article","og_title":"FORTEC PEGAZULEJO PROFESIONAL - PANEL REY MEXICO","og_description":"FORTEC PEGAZULEJO PROFESIONAL Mortero con granulometr\u00eda controlada y aditivos especiales que brindan una gran adhesividad reteniendo de agua.","og_url":"https:\/\/distribuidorpanelrey.com.mx\/producto\/fortec-pegazulejo-profesional\/","og_site_name":"PANEL REY MEXICO","article_publisher":"https:\/\/www.facebook.com\/mexicopanelrey\/?locale=es_LA","article_modified_time":"2026-01-28T03:35:08+00:00","og_image":[{"width":1000,"height":1000,"url":"https:\/\/distribuidorpanelrey.com.mx\/wp-content\/uploads\/2021\/02\/FORTEC-PEGAZULEJO.png","type":"image\/png"}],"twitter_card":"summary_large_image","twitter_misc":{"Tiempo de lectura":"2 minutos"},"schema":{"@context":"https:\/\/schema.org","@graph":[{"@type":"WebPage","@id":"https:\/\/distribuidorpanelrey.com.mx\/producto\/fortec-pegazulejo-profesional\/","url":"https:\/\/distribuidorpanelrey.com.mx\/producto\/fortec-pegazulejo-profesional\/","name":"FORTEC PEGAZULEJO PROFESIONAL - PANEL REY MEXICO","isPartOf":{"@id":"https:\/\/distribuidorpanelrey.com\/#website"},"primaryImageOfPage":{"@id":"https:\/\/distribuidorpanelrey.com.mx\/producto\/fortec-pegazulejo-profesional\/#primaryimage"},"image":{"@id":"https:\/\/distribuidorpanelrey.com.mx\/producto\/fortec-pegazulejo-profesional\/#primaryimage"},"thumbnailUrl":"https:\/\/distribuidorpanelrey.com.mx\/wp-content\/uploads\/2021\/02\/FORTEC-PEGAZULEJO.png","datePublished":"2021-02-26T19:30:14+00:00","dateModified":"2026-01-28T03:35:08+00:00","description":"FORTEC PEGAZULEJO PROFESIONAL Mortero con granulometr\u00eda controlada y aditivos especiales que brindan una gran adhesividad reteniendo de agua.","breadcrumb":{"@id":"https:\/\/distribuidorpanelrey.com.mx\/producto\/fortec-pegazulejo-profesional\/#breadcrumb"},"inLanguage":"es","potentialAction":[{"@type":"ReadAction","target":["https:\/\/distribuidorpanelrey.com.mx\/producto\/fortec-pegazulejo-profesional\/"]}]},{"@type":"ImageObject","inLanguage":"es","@id":"https:\/\/distribuidorpanelrey.com.mx\/producto\/fortec-pegazulejo-profesional\/#primaryimage","url":"https:\/\/distribuidorpanelrey.com.mx\/wp-content\/uploads\/2021\/02\/FORTEC-PEGAZULEJO.png","contentUrl":"https:\/\/distribuidorpanelrey.com.mx\/wp-content\/uploads\/2021\/02\/FORTEC-PEGAZULEJO.png","width":1000,"height":1000,"caption":"FORTEC PEGAZULEJO PROFESIONAL"},{"@type":"BreadcrumbList","@id":"https:\/\/distribuidorpanelrey.com.mx\/producto\/fortec-pegazulejo-profesional\/#breadcrumb","itemListElement":[{"@type":"ListItem","position":1,"name":"Portada","item":"https:\/\/distribuidorpanelrey.com.mx\/"},{"@type":"ListItem","position":2,"name":"Productos","item":"https:\/\/distribuidorpanelrey.com\/tienda\/"},{"@type":"ListItem","position":3,"name":"FORTEC PEGAZULEJO PROFESIONAL"}]},{"@type":"WebSite","@id":"https:\/\/distribuidorpanelrey.com\/#website","url":"https:\/\/distribuidorpanelrey.com\/","name":"PANEL REY MEXICO","description":"DISTRIBUIDOR PANEL REY","publisher":{"@id":"https:\/\/distribuidorpanelrey.com\/#organization"},"alternateName":"DISTRIBUIDOR PANEL REY","potentialAction":[{"@type":"SearchAction","target":{"@type":"EntryPoint","urlTemplate":"https:\/\/distribuidorpanelrey.com\/?s={search_term_string}"},"query-input":{"@type":"PropertyValueSpecification","valueRequired":true,"valueName":"search_term_string"}}],"inLanguage":"es"},{"@type":"Organization","@id":"https:\/\/distribuidorpanelrey.com\/#organization","name":"PANEL REY MEXICO","url":"https:\/\/distribuidorpanelrey.com\/","logo":{"@type":"ImageObject","inLanguage":"es","@id":"https:\/\/distribuidorpanelrey.com\/#\/schema\/logo\/image\/","url":"https:\/\/distribuidorpanelrey.com.mx\/wp-content\/uploads\/2023\/11\/panelrey.webp","contentUrl":"https:\/\/distribuidorpanelrey.com.mx\/wp-content\/uploads\/2023\/11\/panelrey.webp","width":400,"height":150,"caption":"PANEL REY MEXICO"},"image":{"@id":"https:\/\/distribuidorpanelrey.com\/#\/schema\/logo\/image\/"},"sameAs":["https:\/\/www.facebook.com\/mexicopanelrey\/?locale=es_LA","https:\/\/www.instagram.com\/panel_rey_mexico\/?hl=es"]}]}},"_links":{"self":[{"href":"https:\/\/distribuidorpanelrey.com.mx\/wp-json\/wp\/v2\/product\/1538","targetHints":{"allow":["GET"]}}],"collection":[{"href":"https:\/\/distribuidorpanelrey.com.mx\/wp-json\/wp\/v2\/product"}],"about":[{"href":"https:\/\/distribuidorpanelrey.com.mx\/wp-json\/wp\/v2\/types\/product"}],"replies":[{"embeddable":true,"href":"https:\/\/distribuidorpanelrey.com.mx\/wp-json\/wp\/v2\/comments?post=1538"}],"version-history":[{"count":4,"href":"https:\/\/distribuidorpanelrey.com.mx\/wp-json\/wp\/v2\/product\/1538\/revisions"}],"predecessor-version":[{"id":6627,"href":"https:\/\/distribuidorpanelrey.com.mx\/wp-json\/wp\/v2\/product\/1538\/revisions\/6627"}],"wp:featuredmedia":[{"embeddable":true,"href":"https:\/\/distribuidorpanelrey.com.mx\/wp-json\/wp\/v2\/media\/1539"}],"wp:attachment":[{"href":"https:\/\/distribuidorpanelrey.com.mx\/wp-json\/wp\/v2\/media?parent=1538"}],"wp:term":[{"taxonomy":"product_brand","embeddable":true,"href":"https:\/\/distribuidorpanelrey.com.mx\/wp-json\/wp\/v2\/product_brand?post=1538"},{"taxonomy":"product_cat","embeddable":true,"href":"https:\/\/distribuidorpanelrey.com.mx\/wp-json\/wp\/v2\/product_cat?post=1538"},{"taxonomy":"product_tag","embeddable":true,"href":"https:\/\/distribuidorpanelrey.com.mx\/wp-json\/wp\/v2\/product_tag?post=1538"}],"curies":[{"name":"wp","href":"https:\/\/api.w.org\/{rel}","templated":true}]}}