{"id":1910,"date":"2023-03-24T22:38:20","date_gmt":"2023-03-24T22:38:20","guid":{"rendered":"https:\/\/distribuidorpanelrey.com.mx\/?post_type=product&#038;p=1910"},"modified":"2026-01-28T03:35:08","modified_gmt":"2026-01-28T03:35:08","slug":"fortec-piso-sobre-piso","status":"publish","type":"product","link":"https:\/\/distribuidorpanelrey.com.mx\/producto\/fortec-piso-sobre-piso\/","title":{"rendered":"FORTEC PISO SOBRE PISO"},"content":{"rendered":"<p>FORTEC PISO SOBRE PISO<\/p>\n<p>FORTEC PISO SOBRE PISO es mortero universal de alta calidad dise\u00f1ado y formulado para adherir todo tipo de piezas, elaborado con aditivos especiales que brindan una gran adhesividad, retenci\u00f3n de agua y facilidad de aplicaci\u00f3n.<\/p>\n<p>\u00b0Ventajas<br \/>\n\u00b0adherencia inmejorable<br \/>\n\u00b0resistente a la humedad<br \/>\n\u00b0ajustabilidad y tiempo abierto superior a productos similares<\/p>\n<h4>Usos<\/h4>\n<h4>se emplea como adhesivo para todo tipo de recubrimientos como: porcelanato, vitroblock, veneciano, entre otros<br \/>\npara adherir pisos nuevos encima de pisos viejos sin la necesidad de desprenderlos o picarlos<br \/>\nRecomendaciones<\/h4>\n<p>Antes de preparar la mezcla, la superficie deber\u00e1 estar perfectamente nivelada y limpia de impurezas como polvo, basura, aceites, grasas, entre otros.<\/p>\n<p>En colocaciones de piso nuevo sobre piso viejo es necesario dar una lavada con una soluci\u00f3n de 3 partes de agua por 1 de \u00e1cido muri\u00e1tico para eliminar cualquier rastro de productos cerosos o de limpieza.<\/p>\n<p>Rendimiento<\/p>\n<p>Rendir\u00e1 aproximadamente de 4 a 5 m\u00b2 por saco de 20 kg, cuando se aplica sobre superficies lisas. El rendimiento podr\u00e1 cambiar de acuerdo a:<\/p>\n<p>nivelaci\u00f3n y rugosidad del sustrato<br \/>\nvariaci\u00f3n de calibre de la aplicaci\u00f3n<br \/>\nal dibujo posterior de la pieza<br \/>\nEspecificaciones<\/p>\n<table width=\"367\">\n<tbody>\n<tr>\n<td width=\"287\">Presentaci\u00f3n<\/td>\n<td width=\"80\">Saco 20 kg<\/td>\n<\/tr>\n<tr>\n<td>Tiempo abierto *<\/td>\n<td>35 min<\/td>\n<\/tr>\n<tr>\n<td>Ajustabilidad *<\/td>\n<td>30 min<\/td>\n<\/tr>\n<tr>\n<td>Tiempo de vida * (sin perder sus propiedades)<\/td>\n<td>2 horas<\/td>\n<\/tr>\n<tr>\n<td>Deslizamiento (en pared vertical)<\/td>\n<td>0.8 mm<\/td>\n<\/tr>\n<tr>\n<td>Resistencia a la compresi\u00f3n<\/td>\n<td>42 kgf\/cm\u00b2<\/td>\n<\/tr>\n<tr>\n<td>Resistencia a la tensi\u00f3n en funci\u00f3n al tiempo<\/td>\n<td>0.6 N\/mm\u00b2<\/td>\n<\/tr>\n<tr>\n<td>Resistencia al corte Sust.\/Sust. De 18% abs<\/td>\n<td>18.4 kgf\/cm\u00b2<\/td>\n<\/tr>\n<\/tbody>\n<\/table>\n<ul>\n<li>* el tiempo es considerado en condiciones de 25\u00b0C y humedad relativa de 60%<\/li>\n<\/ul>\n<p>&nbsp;<\/p>\n<h4><strong>Especificaciones<\/strong><\/h4>\n<table width=\"367\">\n<tbody>\n<tr>\n<td width=\"287\">Presentaci\u00f3n<\/td>\n<td width=\"80\">Saco 20 kg<\/td>\n<\/tr>\n<tr>\n<td>Tiempo abierto *<\/td>\n<td>35 min<\/td>\n<\/tr>\n<tr>\n<td>Ajustabilidad *<\/td>\n<td>30 min<\/td>\n<\/tr>\n<tr>\n<td>Tiempo de vida * (sin perder sus propiedades)<\/td>\n<td>2 horas<\/td>\n<\/tr>\n<tr>\n<td>Deslizamiento (en pared vertical)<\/td>\n<td>0.8 mm<\/td>\n<\/tr>\n<tr>\n<td>Resistencia a la compresi\u00f3n<\/td>\n<td>42 kgf\/cm\u00b2<\/td>\n<\/tr>\n<tr>\n<td>Resistencia a la tensi\u00f3n en funci\u00f3n al tiempo<\/td>\n<td>0.6 N\/mm\u00b2<\/td>\n<\/tr>\n<tr>\n<td>Resistencia al corte Sust.\/Sust. De 18% abs<\/td>\n<td>18.4 kgf\/cm\u00b2<\/td>\n<\/tr>\n<\/tbody>\n<\/table>\n<ul>\n<li>* el tiempo es considerado en condiciones de 25\u00b0C y humedad relativa de 60%<\/li>\n<\/ul>\n<p>Informaci\u00f3n adicional.<\/p>\n<h4><strong>Informaci\u00f3n adicional<\/strong><\/h4>\n<ul>\n<li>FORTEC Piso sobre piso y pega porcelanato |\u00a0<a href=\"https:\/\/grupofortecmx.com\/wp-content\/uploads\/2019\/04\/PISO-SOBRE-PISO.pdf\" target=\"_blank\" rel=\"noopener\">Ficha t\u00e9cnica<\/a><\/li>\n<\/ul>\n","protected":false},"excerpt":{"rendered":"<h4 style=\"text-align: center;\">Env\u00edos de 24 a 48 hr CDMX Y EDO MEX<\/h4>\n<p style=\"text-align: center;\">Rese\u00f1as\u00a0\u2605\u2605\u2605\u2605\u2605\u00a0 Env\u00edos Garantizados<\/p>\n<h4 style=\"text-align: center;\">\ud83d\udd25LOS MEJORES PRECIOS \ud83d\udd25<\/h4>\n","protected":false},"featured_media":1911,"comment_status":"closed","ping_status":"closed","template":"","meta":[],"product_brand":[555],"product_cat":[35],"product_tag":[317,318,345,111,346,347],"class_list":{"0":"post-1910","1":"product","2":"type-product","3":"status-publish","4":"has-post-thumbnail","6":"product_brand-fortec","7":"product_cat-compuestos-y-polvos","8":"product_tag-ferrekasa","9":"product_tag-ferremex","10":"product_tag-fortec","11":"product_tag-panel-rey","12":"product_tag-piso-sobre-piso-frotec","13":"product_tag-piso-sobre-psio","15":"first","16":"instock","17":"shipping-taxable","18":"purchasable","19":"product-type-simple"},"yoast_head":"<!-- This site is optimized with the Yoast SEO plugin v27.1.1 - https:\/\/yoast.com\/product\/yoast-seo-wordpress\/ -->\n<title>FORTEC PISO SOBRE PISO - PANEL REY MEXICO<\/title>\n<meta name=\"description\" content=\"FORTEC PISO SOBRE PISO En Panel Rey te damos la mejor Atencion al cliente para el apoyo de busqueda de todos tus productos\" \/>\n<meta name=\"robots\" content=\"index, follow, max-snippet:-1, max-image-preview:large, max-video-preview:-1\" \/>\n<link rel=\"canonical\" href=\"https:\/\/distribuidorpanelrey.com.mx\/producto\/fortec-piso-sobre-piso\/\" \/>\n<meta property=\"og:locale\" content=\"es_ES\" \/>\n<meta property=\"og:type\" content=\"article\" \/>\n<meta property=\"og:title\" content=\"FORTEC PISO SOBRE PISO - PANEL REY MEXICO\" \/>\n<meta property=\"og:description\" content=\"FORTEC PISO SOBRE PISO En Panel Rey te damos la mejor Atencion al cliente para el apoyo de busqueda de todos tus productos\" \/>\n<meta property=\"og:url\" content=\"https:\/\/distribuidorpanelrey.com.mx\/producto\/fortec-piso-sobre-piso\/\" \/>\n<meta property=\"og:site_name\" content=\"PANEL REY MEXICO\" \/>\n<meta property=\"article:publisher\" content=\"https:\/\/www.facebook.com\/mexicopanelrey\/?locale=es_LA\" \/>\n<meta property=\"article:modified_time\" content=\"2026-01-28T03:35:08+00:00\" \/>\n<meta property=\"og:image\" content=\"https:\/\/distribuidorpanelrey.com.mx\/wp-content\/uploads\/2023\/03\/FORTEC-PISO-SOBRE-PISO.jpg\" \/>\n\t<meta property=\"og:image:width\" content=\"500\" \/>\n\t<meta property=\"og:image:height\" content=\"500\" \/>\n\t<meta property=\"og:image:type\" content=\"image\/jpeg\" \/>\n<meta name=\"twitter:card\" content=\"summary_large_image\" \/>\n<meta name=\"twitter:label1\" content=\"Tiempo de lectura\" \/>\n\t<meta name=\"twitter:data1\" content=\"2 minutos\" \/>\n<script type=\"application\/ld+json\" class=\"yoast-schema-graph\">{\"@context\":\"https:\/\/schema.org\",\"@graph\":[{\"@type\":\"WebPage\",\"@id\":\"https:\/\/distribuidorpanelrey.com.mx\/producto\/fortec-piso-sobre-piso\/\",\"url\":\"https:\/\/distribuidorpanelrey.com.mx\/producto\/fortec-piso-sobre-piso\/\",\"name\":\"FORTEC PISO SOBRE PISO - PANEL REY MEXICO\",\"isPartOf\":{\"@id\":\"https:\/\/distribuidorpanelrey.com\/#website\"},\"primaryImageOfPage\":{\"@id\":\"https:\/\/distribuidorpanelrey.com.mx\/producto\/fortec-piso-sobre-piso\/#primaryimage\"},\"image\":{\"@id\":\"https:\/\/distribuidorpanelrey.com.mx\/producto\/fortec-piso-sobre-piso\/#primaryimage\"},\"thumbnailUrl\":\"https:\/\/distribuidorpanelrey.com.mx\/wp-content\/uploads\/2023\/03\/FORTEC-PISO-SOBRE-PISO.jpg\",\"datePublished\":\"2023-03-24T22:38:20+00:00\",\"dateModified\":\"2026-01-28T03:35:08+00:00\",\"description\":\"FORTEC PISO SOBRE PISO En Panel Rey te damos la mejor Atencion al cliente para el apoyo de busqueda de todos tus productos\",\"breadcrumb\":{\"@id\":\"https:\/\/distribuidorpanelrey.com.mx\/producto\/fortec-piso-sobre-piso\/#breadcrumb\"},\"inLanguage\":\"es\",\"potentialAction\":[{\"@type\":\"ReadAction\",\"target\":[\"https:\/\/distribuidorpanelrey.com.mx\/producto\/fortec-piso-sobre-piso\/\"]}]},{\"@type\":\"ImageObject\",\"inLanguage\":\"es\",\"@id\":\"https:\/\/distribuidorpanelrey.com.mx\/producto\/fortec-piso-sobre-piso\/#primaryimage\",\"url\":\"https:\/\/distribuidorpanelrey.com.mx\/wp-content\/uploads\/2023\/03\/FORTEC-PISO-SOBRE-PISO.jpg\",\"contentUrl\":\"https:\/\/distribuidorpanelrey.com.mx\/wp-content\/uploads\/2023\/03\/FORTEC-PISO-SOBRE-PISO.jpg\",\"width\":500,\"height\":500,\"caption\":\"FORTEC-PISO-SOBRE-PISO\"},{\"@type\":\"BreadcrumbList\",\"@id\":\"https:\/\/distribuidorpanelrey.com.mx\/producto\/fortec-piso-sobre-piso\/#breadcrumb\",\"itemListElement\":[{\"@type\":\"ListItem\",\"position\":1,\"name\":\"Portada\",\"item\":\"https:\/\/distribuidorpanelrey.com.mx\/\"},{\"@type\":\"ListItem\",\"position\":2,\"name\":\"Productos\",\"item\":\"https:\/\/distribuidorpanelrey.com\/tienda\/\"},{\"@type\":\"ListItem\",\"position\":3,\"name\":\"FORTEC PISO SOBRE PISO\"}]},{\"@type\":\"WebSite\",\"@id\":\"https:\/\/distribuidorpanelrey.com\/#website\",\"url\":\"https:\/\/distribuidorpanelrey.com\/\",\"name\":\"PANEL REY MEXICO\",\"description\":\"DISTRIBUIDOR PANEL REY\",\"publisher\":{\"@id\":\"https:\/\/distribuidorpanelrey.com\/#organization\"},\"alternateName\":\"DISTRIBUIDOR PANEL REY\",\"potentialAction\":[{\"@type\":\"SearchAction\",\"target\":{\"@type\":\"EntryPoint\",\"urlTemplate\":\"https:\/\/distribuidorpanelrey.com\/?s={search_term_string}\"},\"query-input\":{\"@type\":\"PropertyValueSpecification\",\"valueRequired\":true,\"valueName\":\"search_term_string\"}}],\"inLanguage\":\"es\"},{\"@type\":\"Organization\",\"@id\":\"https:\/\/distribuidorpanelrey.com\/#organization\",\"name\":\"PANEL REY MEXICO\",\"url\":\"https:\/\/distribuidorpanelrey.com\/\",\"logo\":{\"@type\":\"ImageObject\",\"inLanguage\":\"es\",\"@id\":\"https:\/\/distribuidorpanelrey.com\/#\/schema\/logo\/image\/\",\"url\":\"https:\/\/distribuidorpanelrey.com.mx\/wp-content\/uploads\/2023\/11\/panelrey.webp\",\"contentUrl\":\"https:\/\/distribuidorpanelrey.com.mx\/wp-content\/uploads\/2023\/11\/panelrey.webp\",\"width\":400,\"height\":150,\"caption\":\"PANEL REY MEXICO\"},\"image\":{\"@id\":\"https:\/\/distribuidorpanelrey.com\/#\/schema\/logo\/image\/\"},\"sameAs\":[\"https:\/\/www.facebook.com\/mexicopanelrey\/?locale=es_LA\",\"https:\/\/www.instagram.com\/panel_rey_mexico\/?hl=es\"]}]}<\/script>\n<!-- \/ Yoast SEO plugin. -->","yoast_head_json":{"title":"FORTEC PISO SOBRE PISO - PANEL REY MEXICO","description":"FORTEC PISO SOBRE PISO En Panel Rey te damos la mejor Atencion al cliente para el apoyo de busqueda de todos tus productos","robots":{"index":"index","follow":"follow","max-snippet":"max-snippet:-1","max-image-preview":"max-image-preview:large","max-video-preview":"max-video-preview:-1"},"canonical":"https:\/\/distribuidorpanelrey.com.mx\/producto\/fortec-piso-sobre-piso\/","og_locale":"es_ES","og_type":"article","og_title":"FORTEC PISO SOBRE PISO - PANEL REY MEXICO","og_description":"FORTEC PISO SOBRE PISO En Panel Rey te damos la mejor Atencion al cliente para el apoyo de busqueda de todos tus productos","og_url":"https:\/\/distribuidorpanelrey.com.mx\/producto\/fortec-piso-sobre-piso\/","og_site_name":"PANEL REY MEXICO","article_publisher":"https:\/\/www.facebook.com\/mexicopanelrey\/?locale=es_LA","article_modified_time":"2026-01-28T03:35:08+00:00","og_image":[{"width":500,"height":500,"url":"https:\/\/distribuidorpanelrey.com.mx\/wp-content\/uploads\/2023\/03\/FORTEC-PISO-SOBRE-PISO.jpg","type":"image\/jpeg"}],"twitter_card":"summary_large_image","twitter_misc":{"Tiempo de lectura":"2 minutos"},"schema":{"@context":"https:\/\/schema.org","@graph":[{"@type":"WebPage","@id":"https:\/\/distribuidorpanelrey.com.mx\/producto\/fortec-piso-sobre-piso\/","url":"https:\/\/distribuidorpanelrey.com.mx\/producto\/fortec-piso-sobre-piso\/","name":"FORTEC PISO SOBRE PISO - PANEL REY MEXICO","isPartOf":{"@id":"https:\/\/distribuidorpanelrey.com\/#website"},"primaryImageOfPage":{"@id":"https:\/\/distribuidorpanelrey.com.mx\/producto\/fortec-piso-sobre-piso\/#primaryimage"},"image":{"@id":"https:\/\/distribuidorpanelrey.com.mx\/producto\/fortec-piso-sobre-piso\/#primaryimage"},"thumbnailUrl":"https:\/\/distribuidorpanelrey.com.mx\/wp-content\/uploads\/2023\/03\/FORTEC-PISO-SOBRE-PISO.jpg","datePublished":"2023-03-24T22:38:20+00:00","dateModified":"2026-01-28T03:35:08+00:00","description":"FORTEC PISO SOBRE PISO En Panel Rey te damos la mejor Atencion al cliente para el apoyo de busqueda de todos tus productos","breadcrumb":{"@id":"https:\/\/distribuidorpanelrey.com.mx\/producto\/fortec-piso-sobre-piso\/#breadcrumb"},"inLanguage":"es","potentialAction":[{"@type":"ReadAction","target":["https:\/\/distribuidorpanelrey.com.mx\/producto\/fortec-piso-sobre-piso\/"]}]},{"@type":"ImageObject","inLanguage":"es","@id":"https:\/\/distribuidorpanelrey.com.mx\/producto\/fortec-piso-sobre-piso\/#primaryimage","url":"https:\/\/distribuidorpanelrey.com.mx\/wp-content\/uploads\/2023\/03\/FORTEC-PISO-SOBRE-PISO.jpg","contentUrl":"https:\/\/distribuidorpanelrey.com.mx\/wp-content\/uploads\/2023\/03\/FORTEC-PISO-SOBRE-PISO.jpg","width":500,"height":500,"caption":"FORTEC-PISO-SOBRE-PISO"},{"@type":"BreadcrumbList","@id":"https:\/\/distribuidorpanelrey.com.mx\/producto\/fortec-piso-sobre-piso\/#breadcrumb","itemListElement":[{"@type":"ListItem","position":1,"name":"Portada","item":"https:\/\/distribuidorpanelrey.com.mx\/"},{"@type":"ListItem","position":2,"name":"Productos","item":"https:\/\/distribuidorpanelrey.com\/tienda\/"},{"@type":"ListItem","position":3,"name":"FORTEC PISO SOBRE PISO"}]},{"@type":"WebSite","@id":"https:\/\/distribuidorpanelrey.com\/#website","url":"https:\/\/distribuidorpanelrey.com\/","name":"PANEL REY MEXICO","description":"DISTRIBUIDOR PANEL REY","publisher":{"@id":"https:\/\/distribuidorpanelrey.com\/#organization"},"alternateName":"DISTRIBUIDOR PANEL REY","potentialAction":[{"@type":"SearchAction","target":{"@type":"EntryPoint","urlTemplate":"https:\/\/distribuidorpanelrey.com\/?s={search_term_string}"},"query-input":{"@type":"PropertyValueSpecification","valueRequired":true,"valueName":"search_term_string"}}],"inLanguage":"es"},{"@type":"Organization","@id":"https:\/\/distribuidorpanelrey.com\/#organization","name":"PANEL REY MEXICO","url":"https:\/\/distribuidorpanelrey.com\/","logo":{"@type":"ImageObject","inLanguage":"es","@id":"https:\/\/distribuidorpanelrey.com\/#\/schema\/logo\/image\/","url":"https:\/\/distribuidorpanelrey.com.mx\/wp-content\/uploads\/2023\/11\/panelrey.webp","contentUrl":"https:\/\/distribuidorpanelrey.com.mx\/wp-content\/uploads\/2023\/11\/panelrey.webp","width":400,"height":150,"caption":"PANEL REY MEXICO"},"image":{"@id":"https:\/\/distribuidorpanelrey.com\/#\/schema\/logo\/image\/"},"sameAs":["https:\/\/www.facebook.com\/mexicopanelrey\/?locale=es_LA","https:\/\/www.instagram.com\/panel_rey_mexico\/?hl=es"]}]}},"_links":{"self":[{"href":"https:\/\/distribuidorpanelrey.com.mx\/wp-json\/wp\/v2\/product\/1910","targetHints":{"allow":["GET"]}}],"collection":[{"href":"https:\/\/distribuidorpanelrey.com.mx\/wp-json\/wp\/v2\/product"}],"about":[{"href":"https:\/\/distribuidorpanelrey.com.mx\/wp-json\/wp\/v2\/types\/product"}],"replies":[{"embeddable":true,"href":"https:\/\/distribuidorpanelrey.com.mx\/wp-json\/wp\/v2\/comments?post=1910"}],"version-history":[{"count":3,"href":"https:\/\/distribuidorpanelrey.com.mx\/wp-json\/wp\/v2\/product\/1910\/revisions"}],"predecessor-version":[{"id":6630,"href":"https:\/\/distribuidorpanelrey.com.mx\/wp-json\/wp\/v2\/product\/1910\/revisions\/6630"}],"wp:featuredmedia":[{"embeddable":true,"href":"https:\/\/distribuidorpanelrey.com.mx\/wp-json\/wp\/v2\/media\/1911"}],"wp:attachment":[{"href":"https:\/\/distribuidorpanelrey.com.mx\/wp-json\/wp\/v2\/media?parent=1910"}],"wp:term":[{"taxonomy":"product_brand","embeddable":true,"href":"https:\/\/distribuidorpanelrey.com.mx\/wp-json\/wp\/v2\/product_brand?post=1910"},{"taxonomy":"product_cat","embeddable":true,"href":"https:\/\/distribuidorpanelrey.com.mx\/wp-json\/wp\/v2\/product_cat?post=1910"},{"taxonomy":"product_tag","embeddable":true,"href":"https:\/\/distribuidorpanelrey.com.mx\/wp-json\/wp\/v2\/product_tag?post=1910"}],"curies":[{"name":"wp","href":"https:\/\/api.w.org\/{rel}","templated":true}]}}