{"id":1951,"date":"2023-03-28T18:03:08","date_gmt":"2023-03-28T18:03:08","guid":{"rendered":"https:\/\/distribuidorpanelrey.com.mx\/?post_type=product&#038;p=1951"},"modified":"2025-12-05T14:41:15","modified_gmt":"2025-12-05T14:41:15","slug":"cepillo-de-ixtle-impac","status":"publish","type":"product","link":"https:\/\/distribuidorpanelrey.com.mx\/producto\/cepillo-de-ixtle-impac\/","title":{"rendered":"CEPILLO DE IXTLE IMPAC"},"content":{"rendered":"<p>CEPILLO DE IXTLE IMPAC<br \/>\nEl cepillo de ixtle impac es un excelente auxiliar para la aplicacion de\u00a0 los sistemas acrilicos y emulsionados asfalicos<\/p>\n<p>El mango hecho de plastico, la base del cepillo es de madera y las cerdas son de ixtle, es una producto durable y ecologico ya que no esta fabricado con materiales sinteticos lo que ayuda al cuidado del medio ambiente, su princpal uso es para la aplicacion de productos acrilicos o emulsionados asfalticos como impermeabilizantes<\/p>\n<p>Para e mantenimiento del producto y poder reutilizarlo, es necesario lavarlo con agua y retirar el recubrimiento de las cerdas.<\/p>\n<p><strong>Descripci\u00f3n:<\/strong><\/p>\n<p>El \u00abCepillo de Ixtle Impac\u00bb est\u00e1 fabricado con cerdas naturales de ixtle, un material resistente y flexible que permite una limpieza efectiva sin da\u00f1ar las superficies. Su dise\u00f1o ergon\u00f3mico facilita el agarre y manejo durante el uso.<\/p>\n<p><strong>Caracter\u00edsticas principales:<\/strong><\/p>\n<ol>\n<li><strong>Material de las Cerdas:<\/strong> Fabricado con cerdas naturales de ixtle, que ofrecen una limpieza suave y efectiva en superficies delicadas.<\/li>\n<li><strong>Versatilidad:<\/strong> Ideal para limpiar y pulir objetos y superficies como madera, cuero, metal y m\u00e1s, sin dejar marcas ni ara\u00f1azos.<\/li>\n<li><strong>Durabilidad:<\/strong> Construcci\u00f3n robusta que garantiza una larga vida \u00fatil del cepillo, resistente al desgaste y a la deformaci\u00f3n.<\/li>\n<li><strong>Aplicaciones:<\/strong> Adecuado para trabajos de limpieza en talleres, hogares, industrias y aplicaciones profesionales donde se requiera precisi\u00f3n y cuidado en la limpieza.<\/li>\n<\/ol>\n<p>Para mas informacion del producto, visita la ficha tecnica dandoo click <a href=\"https:\/\/www.impac.com.mx\/_files\/impac-cepillo-de-ixtle.pdf\">aqui\u00a0<\/a><\/p>\n<p style=\"text-align: center;\">*En Distribuidor Panel Rey Mexico nos esforzamos por ofrecerte los mejores productos de\u00a0<a href=\"https:\/\/distribuidorpanelrey.com.mx\/producto\/impac-5000\/\">IMPAC<\/a><br \/>\n*La imagen puede diferir un poco del producto final *Los precios pueden variar sin previo aviso<br \/>\n*Los precios ya incluyen IVA *Se hacen env\u00edos a toda la Rep\u00fablica Mexicana, pregunte por nuestros descuentos en env\u00edos.<br \/>\n*Chatea con nosotros en nuestras redes sociales.<br \/>\n*Contactanos: Tel. 71-58-97-38 y 71-58-02-72.<br \/>\nNuestro correo: ventas@distribuidorpanelrey.com<br \/>\nDistribuidor Panel Rey Mexico<\/p>\n","protected":false},"excerpt":{"rendered":"<h4 style=\"text-align: center;\">Env\u00edos de 24 a 48 hr CDMX Y EDO MEX<\/h4>\n<p style=\"text-align: center;\">Rese\u00f1as\u00a0\u2605\u2605\u2605\u2605\u2605\u00a0 Env\u00edos Garantizados<\/p>\n<h4 style=\"text-align: center;\">\ud83d\udd25LOS MEJORES PRECIOS \ud83d\udd25<\/h4>\n","protected":false},"featured_media":1952,"comment_status":"closed","ping_status":"closed","template":"","meta":[],"product_brand":[559],"product_cat":[348,353],"product_tag":[350,352,317,318,146,351,111,165],"class_list":{"0":"post-1951","1":"product","2":"type-product","3":"status-publish","4":"has-post-thumbnail","6":"product_brand-impac","7":"product_cat-impermeabilizante","8":"product_cat-pintura-y-accesorios","9":"product_tag-cepillo-de-ixtle","10":"product_tag-cepillo-para-impermeabilizar","11":"product_tag-ferrekasa","12":"product_tag-ferremex","13":"product_tag-impac","14":"product_tag-ixtle","15":"product_tag-panel-rey","16":"product_tag-panel-rey-mexico","18":"first","19":"instock","20":"shipping-taxable","21":"purchasable","22":"product-type-simple"},"yoast_head":"<!-- This site is optimized with the Yoast SEO plugin v27.1.1 - https:\/\/yoast.com\/product\/yoast-seo-wordpress\/ -->\n<title>CEILLO DE IXTLE IMPAC<\/title>\n<meta name=\"description\" content=\"En panel rey mexico encontraras productos para tus proyectos como le cepillo de ixtle impac que te ofrece un mejor acabado en tu impermeabilizacion\" \/>\n<meta name=\"robots\" content=\"index, follow, max-snippet:-1, max-image-preview:large, max-video-preview:-1\" \/>\n<link rel=\"canonical\" href=\"https:\/\/distribuidorpanelrey.com.mx\/producto\/cepillo-de-ixtle-impac\/\" \/>\n<meta property=\"og:locale\" content=\"es_ES\" \/>\n<meta property=\"og:type\" content=\"article\" \/>\n<meta property=\"og:title\" content=\"CEILLO DE IXTLE IMPAC\" \/>\n<meta property=\"og:description\" content=\"En panel rey mexico encontraras productos para tus proyectos como le cepillo de ixtle impac que te ofrece un mejor acabado en tu impermeabilizacion\" \/>\n<meta property=\"og:url\" content=\"https:\/\/distribuidorpanelrey.com.mx\/producto\/cepillo-de-ixtle-impac\/\" \/>\n<meta property=\"og:site_name\" content=\"PANEL REY MEXICO\" \/>\n<meta property=\"article:publisher\" content=\"https:\/\/www.facebook.com\/mexicopanelrey\/?locale=es_LA\" \/>\n<meta property=\"article:modified_time\" content=\"2025-12-05T14:41:15+00:00\" \/>\n<meta property=\"og:image\" content=\"https:\/\/distribuidorpanelrey.com.mx\/wp-content\/uploads\/2023\/03\/CEPILLO-DE-IXTLE-IMPAC.png\" \/>\n\t<meta property=\"og:image:width\" content=\"500\" \/>\n\t<meta property=\"og:image:height\" content=\"500\" \/>\n\t<meta property=\"og:image:type\" content=\"image\/png\" \/>\n<meta name=\"twitter:card\" content=\"summary_large_image\" \/>\n<meta name=\"twitter:label1\" content=\"Tiempo de lectura\" \/>\n\t<meta name=\"twitter:data1\" content=\"2 minutos\" \/>\n<script type=\"application\/ld+json\" class=\"yoast-schema-graph\">{\"@context\":\"https:\/\/schema.org\",\"@graph\":[{\"@type\":\"WebPage\",\"@id\":\"https:\/\/distribuidorpanelrey.com.mx\/producto\/cepillo-de-ixtle-impac\/\",\"url\":\"https:\/\/distribuidorpanelrey.com.mx\/producto\/cepillo-de-ixtle-impac\/\",\"name\":\"CEILLO DE IXTLE IMPAC\",\"isPartOf\":{\"@id\":\"https:\/\/distribuidorpanelrey.com\/#website\"},\"primaryImageOfPage\":{\"@id\":\"https:\/\/distribuidorpanelrey.com.mx\/producto\/cepillo-de-ixtle-impac\/#primaryimage\"},\"image\":{\"@id\":\"https:\/\/distribuidorpanelrey.com.mx\/producto\/cepillo-de-ixtle-impac\/#primaryimage\"},\"thumbnailUrl\":\"https:\/\/distribuidorpanelrey.com.mx\/wp-content\/uploads\/2023\/03\/CEPILLO-DE-IXTLE-IMPAC.png\",\"datePublished\":\"2023-03-28T18:03:08+00:00\",\"dateModified\":\"2025-12-05T14:41:15+00:00\",\"description\":\"En panel rey mexico encontraras productos para tus proyectos como le cepillo de ixtle impac que te ofrece un mejor acabado en tu impermeabilizacion\",\"breadcrumb\":{\"@id\":\"https:\/\/distribuidorpanelrey.com.mx\/producto\/cepillo-de-ixtle-impac\/#breadcrumb\"},\"inLanguage\":\"es\",\"potentialAction\":[{\"@type\":\"ReadAction\",\"target\":[\"https:\/\/distribuidorpanelrey.com.mx\/producto\/cepillo-de-ixtle-impac\/\"]}]},{\"@type\":\"ImageObject\",\"inLanguage\":\"es\",\"@id\":\"https:\/\/distribuidorpanelrey.com.mx\/producto\/cepillo-de-ixtle-impac\/#primaryimage\",\"url\":\"https:\/\/distribuidorpanelrey.com.mx\/wp-content\/uploads\/2023\/03\/CEPILLO-DE-IXTLE-IMPAC.png\",\"contentUrl\":\"https:\/\/distribuidorpanelrey.com.mx\/wp-content\/uploads\/2023\/03\/CEPILLO-DE-IXTLE-IMPAC.png\",\"width\":500,\"height\":500,\"caption\":\"CEPILLO-DE-IXTLE-IMPAC\"},{\"@type\":\"BreadcrumbList\",\"@id\":\"https:\/\/distribuidorpanelrey.com.mx\/producto\/cepillo-de-ixtle-impac\/#breadcrumb\",\"itemListElement\":[{\"@type\":\"ListItem\",\"position\":1,\"name\":\"Portada\",\"item\":\"https:\/\/distribuidorpanelrey.com.mx\/\"},{\"@type\":\"ListItem\",\"position\":2,\"name\":\"Productos\",\"item\":\"https:\/\/distribuidorpanelrey.com\/tienda\/\"},{\"@type\":\"ListItem\",\"position\":3,\"name\":\"CEPILLO DE IXTLE IMPAC\"}]},{\"@type\":\"WebSite\",\"@id\":\"https:\/\/distribuidorpanelrey.com\/#website\",\"url\":\"https:\/\/distribuidorpanelrey.com\/\",\"name\":\"PANEL REY MEXICO\",\"description\":\"DISTRIBUIDOR PANEL REY\",\"publisher\":{\"@id\":\"https:\/\/distribuidorpanelrey.com\/#organization\"},\"alternateName\":\"DISTRIBUIDOR PANEL REY\",\"potentialAction\":[{\"@type\":\"SearchAction\",\"target\":{\"@type\":\"EntryPoint\",\"urlTemplate\":\"https:\/\/distribuidorpanelrey.com\/?s={search_term_string}\"},\"query-input\":{\"@type\":\"PropertyValueSpecification\",\"valueRequired\":true,\"valueName\":\"search_term_string\"}}],\"inLanguage\":\"es\"},{\"@type\":\"Organization\",\"@id\":\"https:\/\/distribuidorpanelrey.com\/#organization\",\"name\":\"PANEL REY MEXICO\",\"url\":\"https:\/\/distribuidorpanelrey.com\/\",\"logo\":{\"@type\":\"ImageObject\",\"inLanguage\":\"es\",\"@id\":\"https:\/\/distribuidorpanelrey.com\/#\/schema\/logo\/image\/\",\"url\":\"https:\/\/distribuidorpanelrey.com.mx\/wp-content\/uploads\/2023\/11\/panelrey.webp\",\"contentUrl\":\"https:\/\/distribuidorpanelrey.com.mx\/wp-content\/uploads\/2023\/11\/panelrey.webp\",\"width\":400,\"height\":150,\"caption\":\"PANEL REY MEXICO\"},\"image\":{\"@id\":\"https:\/\/distribuidorpanelrey.com\/#\/schema\/logo\/image\/\"},\"sameAs\":[\"https:\/\/www.facebook.com\/mexicopanelrey\/?locale=es_LA\",\"https:\/\/www.instagram.com\/panel_rey_mexico\/?hl=es\"]}]}<\/script>\n<!-- \/ Yoast SEO plugin. -->","yoast_head_json":{"title":"CEILLO DE IXTLE IMPAC","description":"En panel rey mexico encontraras productos para tus proyectos como le cepillo de ixtle impac que te ofrece un mejor acabado en tu impermeabilizacion","robots":{"index":"index","follow":"follow","max-snippet":"max-snippet:-1","max-image-preview":"max-image-preview:large","max-video-preview":"max-video-preview:-1"},"canonical":"https:\/\/distribuidorpanelrey.com.mx\/producto\/cepillo-de-ixtle-impac\/","og_locale":"es_ES","og_type":"article","og_title":"CEILLO DE IXTLE IMPAC","og_description":"En panel rey mexico encontraras productos para tus proyectos como le cepillo de ixtle impac que te ofrece un mejor acabado en tu impermeabilizacion","og_url":"https:\/\/distribuidorpanelrey.com.mx\/producto\/cepillo-de-ixtle-impac\/","og_site_name":"PANEL REY MEXICO","article_publisher":"https:\/\/www.facebook.com\/mexicopanelrey\/?locale=es_LA","article_modified_time":"2025-12-05T14:41:15+00:00","og_image":[{"width":500,"height":500,"url":"https:\/\/distribuidorpanelrey.com.mx\/wp-content\/uploads\/2023\/03\/CEPILLO-DE-IXTLE-IMPAC.png","type":"image\/png"}],"twitter_card":"summary_large_image","twitter_misc":{"Tiempo de lectura":"2 minutos"},"schema":{"@context":"https:\/\/schema.org","@graph":[{"@type":"WebPage","@id":"https:\/\/distribuidorpanelrey.com.mx\/producto\/cepillo-de-ixtle-impac\/","url":"https:\/\/distribuidorpanelrey.com.mx\/producto\/cepillo-de-ixtle-impac\/","name":"CEILLO DE IXTLE IMPAC","isPartOf":{"@id":"https:\/\/distribuidorpanelrey.com\/#website"},"primaryImageOfPage":{"@id":"https:\/\/distribuidorpanelrey.com.mx\/producto\/cepillo-de-ixtle-impac\/#primaryimage"},"image":{"@id":"https:\/\/distribuidorpanelrey.com.mx\/producto\/cepillo-de-ixtle-impac\/#primaryimage"},"thumbnailUrl":"https:\/\/distribuidorpanelrey.com.mx\/wp-content\/uploads\/2023\/03\/CEPILLO-DE-IXTLE-IMPAC.png","datePublished":"2023-03-28T18:03:08+00:00","dateModified":"2025-12-05T14:41:15+00:00","description":"En panel rey mexico encontraras productos para tus proyectos como le cepillo de ixtle impac que te ofrece un mejor acabado en tu impermeabilizacion","breadcrumb":{"@id":"https:\/\/distribuidorpanelrey.com.mx\/producto\/cepillo-de-ixtle-impac\/#breadcrumb"},"inLanguage":"es","potentialAction":[{"@type":"ReadAction","target":["https:\/\/distribuidorpanelrey.com.mx\/producto\/cepillo-de-ixtle-impac\/"]}]},{"@type":"ImageObject","inLanguage":"es","@id":"https:\/\/distribuidorpanelrey.com.mx\/producto\/cepillo-de-ixtle-impac\/#primaryimage","url":"https:\/\/distribuidorpanelrey.com.mx\/wp-content\/uploads\/2023\/03\/CEPILLO-DE-IXTLE-IMPAC.png","contentUrl":"https:\/\/distribuidorpanelrey.com.mx\/wp-content\/uploads\/2023\/03\/CEPILLO-DE-IXTLE-IMPAC.png","width":500,"height":500,"caption":"CEPILLO-DE-IXTLE-IMPAC"},{"@type":"BreadcrumbList","@id":"https:\/\/distribuidorpanelrey.com.mx\/producto\/cepillo-de-ixtle-impac\/#breadcrumb","itemListElement":[{"@type":"ListItem","position":1,"name":"Portada","item":"https:\/\/distribuidorpanelrey.com.mx\/"},{"@type":"ListItem","position":2,"name":"Productos","item":"https:\/\/distribuidorpanelrey.com\/tienda\/"},{"@type":"ListItem","position":3,"name":"CEPILLO DE IXTLE IMPAC"}]},{"@type":"WebSite","@id":"https:\/\/distribuidorpanelrey.com\/#website","url":"https:\/\/distribuidorpanelrey.com\/","name":"PANEL REY MEXICO","description":"DISTRIBUIDOR PANEL REY","publisher":{"@id":"https:\/\/distribuidorpanelrey.com\/#organization"},"alternateName":"DISTRIBUIDOR PANEL REY","potentialAction":[{"@type":"SearchAction","target":{"@type":"EntryPoint","urlTemplate":"https:\/\/distribuidorpanelrey.com\/?s={search_term_string}"},"query-input":{"@type":"PropertyValueSpecification","valueRequired":true,"valueName":"search_term_string"}}],"inLanguage":"es"},{"@type":"Organization","@id":"https:\/\/distribuidorpanelrey.com\/#organization","name":"PANEL REY MEXICO","url":"https:\/\/distribuidorpanelrey.com\/","logo":{"@type":"ImageObject","inLanguage":"es","@id":"https:\/\/distribuidorpanelrey.com\/#\/schema\/logo\/image\/","url":"https:\/\/distribuidorpanelrey.com.mx\/wp-content\/uploads\/2023\/11\/panelrey.webp","contentUrl":"https:\/\/distribuidorpanelrey.com.mx\/wp-content\/uploads\/2023\/11\/panelrey.webp","width":400,"height":150,"caption":"PANEL REY MEXICO"},"image":{"@id":"https:\/\/distribuidorpanelrey.com\/#\/schema\/logo\/image\/"},"sameAs":["https:\/\/www.facebook.com\/mexicopanelrey\/?locale=es_LA","https:\/\/www.instagram.com\/panel_rey_mexico\/?hl=es"]}]}},"_links":{"self":[{"href":"https:\/\/distribuidorpanelrey.com.mx\/wp-json\/wp\/v2\/product\/1951","targetHints":{"allow":["GET"]}}],"collection":[{"href":"https:\/\/distribuidorpanelrey.com.mx\/wp-json\/wp\/v2\/product"}],"about":[{"href":"https:\/\/distribuidorpanelrey.com.mx\/wp-json\/wp\/v2\/types\/product"}],"replies":[{"embeddable":true,"href":"https:\/\/distribuidorpanelrey.com.mx\/wp-json\/wp\/v2\/comments?post=1951"}],"version-history":[{"count":3,"href":"https:\/\/distribuidorpanelrey.com.mx\/wp-json\/wp\/v2\/product\/1951\/revisions"}],"predecessor-version":[{"id":6649,"href":"https:\/\/distribuidorpanelrey.com.mx\/wp-json\/wp\/v2\/product\/1951\/revisions\/6649"}],"wp:featuredmedia":[{"embeddable":true,"href":"https:\/\/distribuidorpanelrey.com.mx\/wp-json\/wp\/v2\/media\/1952"}],"wp:attachment":[{"href":"https:\/\/distribuidorpanelrey.com.mx\/wp-json\/wp\/v2\/media?parent=1951"}],"wp:term":[{"taxonomy":"product_brand","embeddable":true,"href":"https:\/\/distribuidorpanelrey.com.mx\/wp-json\/wp\/v2\/product_brand?post=1951"},{"taxonomy":"product_cat","embeddable":true,"href":"https:\/\/distribuidorpanelrey.com.mx\/wp-json\/wp\/v2\/product_cat?post=1951"},{"taxonomy":"product_tag","embeddable":true,"href":"https:\/\/distribuidorpanelrey.com.mx\/wp-json\/wp\/v2\/product_tag?post=1951"}],"curies":[{"name":"wp","href":"https:\/\/api.w.org\/{rel}","templated":true}]}}