{"id":1972,"date":"2023-03-28T21:21:23","date_gmt":"2023-03-28T21:21:23","guid":{"rendered":"https:\/\/distribuidorpanelrey.com.mx\/?post_type=product&#038;p=1972"},"modified":"2025-12-05T16:48:16","modified_gmt":"2025-12-05T16:48:16","slug":"impac-sello","status":"publish","type":"product","link":"https:\/\/distribuidorpanelrey.com.mx\/producto\/impac-sello\/","title":{"rendered":"IMPAC SELLO"},"content":{"rendered":"<h3>IMPAC SELLO<\/h3>\n<p>IMPAC SELLO es un sellador primario acr\u00edlico directo para impermeabilizantes acr\u00edlicos. que asegura la eliminaci\u00f3n de poros y microfisuras, reduciendo la absorci\u00f3n de humedad en la superficie.<\/p>\n<h4><strong>Ventajas<\/strong><\/h4>\n<ul>\n<li>base agua<\/li>\n<li>reduce la absorci\u00f3n de la humedad<\/li>\n<li>mejora la adherencia y el rendimiento del impermeabilizante<\/li>\n<li>elimina la porosidad de la superficie<\/li>\n<\/ul>\n<h4><strong>Usos<\/strong><\/h4>\n<ul>\n<li>cubre completamente la porosidad de las superficies, como:\u00a0losas de concreto y mortero, muros, aplanados, ladrillo, fibrocemento, panel de yeso (tablaroca), entre otros<\/li>\n<li>como primario (primer) para la mayora de los sistemas impermeabilizante acr\u00edlicos de IMPAC<\/li>\n<\/ul>\n<h4><strong>Aplicaci\u00f3n<\/strong><\/h4>\n<ul>\n<li>la superficie deber\u00e1 estar seca y limpia, libre de polvo, tierra, arena, basura, grasa, aceites, material suelto, entre otros<\/li>\n<li>resane grietas peque\u00f1as con IMPAC Cemento Pl\u00e1stico. Deje secar de 1 a 3 horas<\/li>\n<li>IMPAC Sello es de uso directo, no se diluya<\/li>\n<li>aplique una capa en toda el \u00e1rea a impermeabilizar<\/li>\n<\/ul>\n<h4><strong>Especificaciones<\/strong><\/h4>\n<table width=\"259\">\n<tbody>\n<tr>\n<td width=\"120\">Presentaci\u00f3n<\/td>\n<td width=\"139\">19 L<\/td>\n<\/tr>\n<tr>\n<td>Color<\/td>\n<td>Transparente al secar<\/td>\n<\/tr>\n<tr>\n<td>Apariencia<\/td>\n<td>L\u00edquido lechoso<\/td>\n<\/tr>\n<tr>\n<td width=\"120\">Densidad<\/td>\n<td>1.10 \u00b1 0.05 kg\/L<\/td>\n<\/tr>\n<tr>\n<td>pH<\/td>\n<td>9 \u2013 10<\/td>\n<\/tr>\n<tr>\n<td>S\u00f3lidos<\/td>\n<td>16 \u00b1 2%<\/td>\n<\/tr>\n<tr>\n<td>Viscosidad<\/td>\n<td>2,000 \u2013 3,000 CPS<\/td>\n<\/tr>\n<tr>\n<td>Rendimiento *<\/td>\n<td>60 a 80 m\u00b2 \/ 19 L<\/td>\n<\/tr>\n<tr>\n<td>Tiempo de secado<\/td>\n<td>1 a 3 horas<\/td>\n<\/tr>\n<\/tbody>\n<\/table>\n<ul>\n<li>el rendimiento depende de la rugosidad y porosidad de la superficie, considerado a 1 mano<\/li>\n<\/ul>\n<h4><strong>Almacenamiento<\/strong><\/h4>\n<ul>\n<li>bajo techo, en un lugar fresco y seco, con su tapa herm\u00e9ticamente colocada<\/li>\n<li>no estibar m\u00e1s de 3 cubetas.<\/li>\n<\/ul>\n<h4><strong>Informaci\u00f3n adicional<\/strong><\/h4>\n<ul>\n<li>IMPAC Sello |\u00a0<a href=\"https:\/\/www.impac.com.mx\/_files\/impac-sello.pdf\" target=\"_blank\" rel=\"noopener\">Ficha t\u00e9cnica<\/a><\/li>\n<\/ul>\n<p style=\"text-align: center;\">*En Distribuidor Panel Rey Mexico nos esforzamos por ofrecerte los mejores productos de\u00a0<a href=\"https:\/\/distribuidorpanelrey.com.mx\/producto\/impac-5000\/\">IMPAC<\/a><br \/>\n*La imagen puede diferir un poco del producto final *Los precios pueden variar sin previo aviso<br \/>\n*Los precios ya incluyen IVA *Se hacen env\u00edos a toda la Rep\u00fablica Mexicana, pregunte por nuestros descuentos en env\u00edos.<br \/>\n*Chatea con nosotros en nuestras redes sociales.<br \/>\n*Contactanos: Tel. 71-58-97-38 y 71-58-02-72.<br \/>\nNuestro correo: ventas@distribuidorpanelrey.com<br \/>\nDistribuidor Panel Rey Mexico<\/p>\n","protected":false},"excerpt":{"rendered":"<h4 style=\"text-align: center;\">Env\u00edos de 24 a 48 hr CDMX Y EDO MEX<\/h4>\n<p style=\"text-align: center;\">Rese\u00f1as\u00a0\u2605\u2605\u2605\u2605\u2605\u00a0 Env\u00edos Garantizados<\/p>\n<p style=\"text-align: center;\">Paga a meses o en efectivo.<\/p>\n<h4 style=\"text-align: center;\">\ud83d\udd25LOS MEJORES PRECIOS \ud83d\udd25<\/h4>\n","protected":false},"featured_media":1973,"comment_status":"closed","ping_status":"closed","template":"","meta":[],"product_brand":[559],"product_cat":[348],"product_tag":[317,318,146,364,111,165],"class_list":{"0":"post-1972","1":"product","2":"type-product","3":"status-publish","4":"has-post-thumbnail","6":"product_brand-impac","7":"product_cat-impermeabilizante","8":"product_tag-ferrekasa","9":"product_tag-ferremex","10":"product_tag-impac","11":"product_tag-impac-sello","12":"product_tag-panel-rey","13":"product_tag-panel-rey-mexico","15":"first","16":"instock","17":"shipping-taxable","18":"purchasable","19":"product-type-variable"},"yoast_head":"<!-- This site is optimized with the Yoast SEO plugin v27.1.1 - https:\/\/yoast.com\/product\/yoast-seo-wordpress\/ -->\n<title>IMPAC SELLO<\/title>\n<meta name=\"description\" content=\"EN PANEL REY MEXICO ENCONTARRAS LOS MEJORES COMPLEMENTOS PARA LA APLICACION DE IMPERMEABILIZANTES COMO EL IMPAC SELLO QE TE OFRECE CALIDAD Y PRECIO\" \/>\n<meta name=\"robots\" content=\"index, follow, max-snippet:-1, max-image-preview:large, max-video-preview:-1\" \/>\n<link rel=\"canonical\" href=\"https:\/\/distribuidorpanelrey.com.mx\/producto\/impac-sello\/\" \/>\n<meta property=\"og:locale\" content=\"es_ES\" \/>\n<meta property=\"og:type\" content=\"article\" \/>\n<meta property=\"og:title\" content=\"IMPAC SELLO\" \/>\n<meta property=\"og:description\" content=\"EN PANEL REY MEXICO ENCONTARRAS LOS MEJORES COMPLEMENTOS PARA LA APLICACION DE IMPERMEABILIZANTES COMO EL IMPAC SELLO QE TE OFRECE CALIDAD Y PRECIO\" \/>\n<meta property=\"og:url\" content=\"https:\/\/distribuidorpanelrey.com.mx\/producto\/impac-sello\/\" \/>\n<meta property=\"og:site_name\" content=\"PANEL REY MEXICO\" \/>\n<meta property=\"article:publisher\" content=\"https:\/\/www.facebook.com\/mexicopanelrey\/?locale=es_LA\" \/>\n<meta property=\"article:modified_time\" content=\"2025-12-05T16:48:16+00:00\" \/>\n<meta property=\"og:image\" content=\"https:\/\/distribuidorpanelrey.com.mx\/wp-content\/uploads\/2023\/03\/IMPAC-SELLO.png\" \/>\n\t<meta property=\"og:image:width\" content=\"500\" \/>\n\t<meta property=\"og:image:height\" content=\"500\" \/>\n\t<meta property=\"og:image:type\" content=\"image\/png\" \/>\n<meta name=\"twitter:card\" content=\"summary_large_image\" \/>\n<meta name=\"twitter:label1\" content=\"Tiempo de lectura\" \/>\n\t<meta name=\"twitter:data1\" content=\"2 minutos\" \/>\n<script type=\"application\/ld+json\" class=\"yoast-schema-graph\">{\"@context\":\"https:\/\/schema.org\",\"@graph\":[{\"@type\":\"WebPage\",\"@id\":\"https:\/\/distribuidorpanelrey.com.mx\/producto\/impac-sello\/\",\"url\":\"https:\/\/distribuidorpanelrey.com.mx\/producto\/impac-sello\/\",\"name\":\"IMPAC SELLO\",\"isPartOf\":{\"@id\":\"https:\/\/distribuidorpanelrey.com\/#website\"},\"primaryImageOfPage\":{\"@id\":\"https:\/\/distribuidorpanelrey.com.mx\/producto\/impac-sello\/#primaryimage\"},\"image\":{\"@id\":\"https:\/\/distribuidorpanelrey.com.mx\/producto\/impac-sello\/#primaryimage\"},\"thumbnailUrl\":\"https:\/\/distribuidorpanelrey.com.mx\/wp-content\/uploads\/2023\/03\/IMPAC-SELLO.png\",\"datePublished\":\"2023-03-28T21:21:23+00:00\",\"dateModified\":\"2025-12-05T16:48:16+00:00\",\"description\":\"EN PANEL REY MEXICO ENCONTARRAS LOS MEJORES COMPLEMENTOS PARA LA APLICACION DE IMPERMEABILIZANTES COMO EL IMPAC SELLO QE TE OFRECE CALIDAD Y PRECIO\",\"breadcrumb\":{\"@id\":\"https:\/\/distribuidorpanelrey.com.mx\/producto\/impac-sello\/#breadcrumb\"},\"inLanguage\":\"es\",\"potentialAction\":[{\"@type\":\"ReadAction\",\"target\":[\"https:\/\/distribuidorpanelrey.com.mx\/producto\/impac-sello\/\"]}]},{\"@type\":\"ImageObject\",\"inLanguage\":\"es\",\"@id\":\"https:\/\/distribuidorpanelrey.com.mx\/producto\/impac-sello\/#primaryimage\",\"url\":\"https:\/\/distribuidorpanelrey.com.mx\/wp-content\/uploads\/2023\/03\/IMPAC-SELLO.png\",\"contentUrl\":\"https:\/\/distribuidorpanelrey.com.mx\/wp-content\/uploads\/2023\/03\/IMPAC-SELLO.png\",\"width\":500,\"height\":500,\"caption\":\"IMPAC-SELLO\"},{\"@type\":\"BreadcrumbList\",\"@id\":\"https:\/\/distribuidorpanelrey.com.mx\/producto\/impac-sello\/#breadcrumb\",\"itemListElement\":[{\"@type\":\"ListItem\",\"position\":1,\"name\":\"Portada\",\"item\":\"https:\/\/distribuidorpanelrey.com.mx\/\"},{\"@type\":\"ListItem\",\"position\":2,\"name\":\"Productos\",\"item\":\"https:\/\/distribuidorpanelrey.com\/tienda\/\"},{\"@type\":\"ListItem\",\"position\":3,\"name\":\"IMPAC SELLO\"}]},{\"@type\":\"WebSite\",\"@id\":\"https:\/\/distribuidorpanelrey.com\/#website\",\"url\":\"https:\/\/distribuidorpanelrey.com\/\",\"name\":\"PANEL REY MEXICO\",\"description\":\"DISTRIBUIDOR PANEL REY\",\"publisher\":{\"@id\":\"https:\/\/distribuidorpanelrey.com\/#organization\"},\"alternateName\":\"DISTRIBUIDOR PANEL REY\",\"potentialAction\":[{\"@type\":\"SearchAction\",\"target\":{\"@type\":\"EntryPoint\",\"urlTemplate\":\"https:\/\/distribuidorpanelrey.com\/?s={search_term_string}\"},\"query-input\":{\"@type\":\"PropertyValueSpecification\",\"valueRequired\":true,\"valueName\":\"search_term_string\"}}],\"inLanguage\":\"es\"},{\"@type\":\"Organization\",\"@id\":\"https:\/\/distribuidorpanelrey.com\/#organization\",\"name\":\"PANEL REY MEXICO\",\"url\":\"https:\/\/distribuidorpanelrey.com\/\",\"logo\":{\"@type\":\"ImageObject\",\"inLanguage\":\"es\",\"@id\":\"https:\/\/distribuidorpanelrey.com\/#\/schema\/logo\/image\/\",\"url\":\"https:\/\/distribuidorpanelrey.com.mx\/wp-content\/uploads\/2023\/11\/panelrey.webp\",\"contentUrl\":\"https:\/\/distribuidorpanelrey.com.mx\/wp-content\/uploads\/2023\/11\/panelrey.webp\",\"width\":400,\"height\":150,\"caption\":\"PANEL REY MEXICO\"},\"image\":{\"@id\":\"https:\/\/distribuidorpanelrey.com\/#\/schema\/logo\/image\/\"},\"sameAs\":[\"https:\/\/www.facebook.com\/mexicopanelrey\/?locale=es_LA\",\"https:\/\/www.instagram.com\/panel_rey_mexico\/?hl=es\"]}]}<\/script>\n<!-- \/ Yoast SEO plugin. -->","yoast_head_json":{"title":"IMPAC SELLO","description":"EN PANEL REY MEXICO ENCONTARRAS LOS MEJORES COMPLEMENTOS PARA LA APLICACION DE IMPERMEABILIZANTES COMO EL IMPAC SELLO QE TE OFRECE CALIDAD Y PRECIO","robots":{"index":"index","follow":"follow","max-snippet":"max-snippet:-1","max-image-preview":"max-image-preview:large","max-video-preview":"max-video-preview:-1"},"canonical":"https:\/\/distribuidorpanelrey.com.mx\/producto\/impac-sello\/","og_locale":"es_ES","og_type":"article","og_title":"IMPAC SELLO","og_description":"EN PANEL REY MEXICO ENCONTARRAS LOS MEJORES COMPLEMENTOS PARA LA APLICACION DE IMPERMEABILIZANTES COMO EL IMPAC SELLO QE TE OFRECE CALIDAD Y PRECIO","og_url":"https:\/\/distribuidorpanelrey.com.mx\/producto\/impac-sello\/","og_site_name":"PANEL REY MEXICO","article_publisher":"https:\/\/www.facebook.com\/mexicopanelrey\/?locale=es_LA","article_modified_time":"2025-12-05T16:48:16+00:00","og_image":[{"width":500,"height":500,"url":"https:\/\/distribuidorpanelrey.com.mx\/wp-content\/uploads\/2023\/03\/IMPAC-SELLO.png","type":"image\/png"}],"twitter_card":"summary_large_image","twitter_misc":{"Tiempo de lectura":"2 minutos"},"schema":{"@context":"https:\/\/schema.org","@graph":[{"@type":"WebPage","@id":"https:\/\/distribuidorpanelrey.com.mx\/producto\/impac-sello\/","url":"https:\/\/distribuidorpanelrey.com.mx\/producto\/impac-sello\/","name":"IMPAC SELLO","isPartOf":{"@id":"https:\/\/distribuidorpanelrey.com\/#website"},"primaryImageOfPage":{"@id":"https:\/\/distribuidorpanelrey.com.mx\/producto\/impac-sello\/#primaryimage"},"image":{"@id":"https:\/\/distribuidorpanelrey.com.mx\/producto\/impac-sello\/#primaryimage"},"thumbnailUrl":"https:\/\/distribuidorpanelrey.com.mx\/wp-content\/uploads\/2023\/03\/IMPAC-SELLO.png","datePublished":"2023-03-28T21:21:23+00:00","dateModified":"2025-12-05T16:48:16+00:00","description":"EN PANEL REY MEXICO ENCONTARRAS LOS MEJORES COMPLEMENTOS PARA LA APLICACION DE IMPERMEABILIZANTES COMO EL IMPAC SELLO QE TE OFRECE CALIDAD Y PRECIO","breadcrumb":{"@id":"https:\/\/distribuidorpanelrey.com.mx\/producto\/impac-sello\/#breadcrumb"},"inLanguage":"es","potentialAction":[{"@type":"ReadAction","target":["https:\/\/distribuidorpanelrey.com.mx\/producto\/impac-sello\/"]}]},{"@type":"ImageObject","inLanguage":"es","@id":"https:\/\/distribuidorpanelrey.com.mx\/producto\/impac-sello\/#primaryimage","url":"https:\/\/distribuidorpanelrey.com.mx\/wp-content\/uploads\/2023\/03\/IMPAC-SELLO.png","contentUrl":"https:\/\/distribuidorpanelrey.com.mx\/wp-content\/uploads\/2023\/03\/IMPAC-SELLO.png","width":500,"height":500,"caption":"IMPAC-SELLO"},{"@type":"BreadcrumbList","@id":"https:\/\/distribuidorpanelrey.com.mx\/producto\/impac-sello\/#breadcrumb","itemListElement":[{"@type":"ListItem","position":1,"name":"Portada","item":"https:\/\/distribuidorpanelrey.com.mx\/"},{"@type":"ListItem","position":2,"name":"Productos","item":"https:\/\/distribuidorpanelrey.com\/tienda\/"},{"@type":"ListItem","position":3,"name":"IMPAC SELLO"}]},{"@type":"WebSite","@id":"https:\/\/distribuidorpanelrey.com\/#website","url":"https:\/\/distribuidorpanelrey.com\/","name":"PANEL REY MEXICO","description":"DISTRIBUIDOR PANEL REY","publisher":{"@id":"https:\/\/distribuidorpanelrey.com\/#organization"},"alternateName":"DISTRIBUIDOR PANEL REY","potentialAction":[{"@type":"SearchAction","target":{"@type":"EntryPoint","urlTemplate":"https:\/\/distribuidorpanelrey.com\/?s={search_term_string}"},"query-input":{"@type":"PropertyValueSpecification","valueRequired":true,"valueName":"search_term_string"}}],"inLanguage":"es"},{"@type":"Organization","@id":"https:\/\/distribuidorpanelrey.com\/#organization","name":"PANEL REY MEXICO","url":"https:\/\/distribuidorpanelrey.com\/","logo":{"@type":"ImageObject","inLanguage":"es","@id":"https:\/\/distribuidorpanelrey.com\/#\/schema\/logo\/image\/","url":"https:\/\/distribuidorpanelrey.com.mx\/wp-content\/uploads\/2023\/11\/panelrey.webp","contentUrl":"https:\/\/distribuidorpanelrey.com.mx\/wp-content\/uploads\/2023\/11\/panelrey.webp","width":400,"height":150,"caption":"PANEL REY MEXICO"},"image":{"@id":"https:\/\/distribuidorpanelrey.com\/#\/schema\/logo\/image\/"},"sameAs":["https:\/\/www.facebook.com\/mexicopanelrey\/?locale=es_LA","https:\/\/www.instagram.com\/panel_rey_mexico\/?hl=es"]}]}},"_links":{"self":[{"href":"https:\/\/distribuidorpanelrey.com.mx\/wp-json\/wp\/v2\/product\/1972","targetHints":{"allow":["GET"]}}],"collection":[{"href":"https:\/\/distribuidorpanelrey.com.mx\/wp-json\/wp\/v2\/product"}],"about":[{"href":"https:\/\/distribuidorpanelrey.com.mx\/wp-json\/wp\/v2\/types\/product"}],"replies":[{"embeddable":true,"href":"https:\/\/distribuidorpanelrey.com.mx\/wp-json\/wp\/v2\/comments?post=1972"}],"version-history":[{"count":2,"href":"https:\/\/distribuidorpanelrey.com.mx\/wp-json\/wp\/v2\/product\/1972\/revisions"}],"predecessor-version":[{"id":6675,"href":"https:\/\/distribuidorpanelrey.com.mx\/wp-json\/wp\/v2\/product\/1972\/revisions\/6675"}],"wp:featuredmedia":[{"embeddable":true,"href":"https:\/\/distribuidorpanelrey.com.mx\/wp-json\/wp\/v2\/media\/1973"}],"wp:attachment":[{"href":"https:\/\/distribuidorpanelrey.com.mx\/wp-json\/wp\/v2\/media?parent=1972"}],"wp:term":[{"taxonomy":"product_brand","embeddable":true,"href":"https:\/\/distribuidorpanelrey.com.mx\/wp-json\/wp\/v2\/product_brand?post=1972"},{"taxonomy":"product_cat","embeddable":true,"href":"https:\/\/distribuidorpanelrey.com.mx\/wp-json\/wp\/v2\/product_cat?post=1972"},{"taxonomy":"product_tag","embeddable":true,"href":"https:\/\/distribuidorpanelrey.com.mx\/wp-json\/wp\/v2\/product_tag?post=1972"}],"curies":[{"name":"wp","href":"https:\/\/api.w.org\/{rel}","templated":true}]}}