{"id":1974,"date":"2023-03-28T21:35:32","date_gmt":"2023-03-28T21:35:32","guid":{"rendered":"https:\/\/distribuidorpanelrey.com.mx\/?post_type=product&#038;p=1974"},"modified":"2025-12-05T14:04:52","modified_gmt":"2025-12-05T14:04:52","slug":"pennsylvania-duretan","status":"publish","type":"product","link":"https:\/\/distribuidorpanelrey.com.mx\/producto\/pennsylvania-duretan\/","title":{"rendered":"Pennsylvania Duretan"},"content":{"rendered":"<h4><strong>ehuniesrficpeerficiesupomoPennsylvania Duretan<\/strong><\/h4>\n<h4><strong>Descripci\u00f3n:<\/strong><\/h4>\n<p>Pennsylvania Duretan es un sellador de poliuretano de m\u00faltiples usos y multisustratos, creado para sellar juntas tanto constructivas con movimiento severo como emboquillados, sellos de l\u00e1minas en techumbres, juntas en metales y sellos en general.<\/p>\n<h4><strong>Aplicaci\u00f3n:<\/strong><\/h4>\n<ul>\n<li>Las superficies a sellar deben ser firmes, estar secas, limpias, libres de polvo, grasas, aceites, agua y sellador viejo. Realizar la limpieza de las superficies porosas con una brocha o aplicando aire a presi\u00f3n. En el caso de superficies lisas, se hace una limpieza con la t\u00e9cnica de dos pa\u00f1os que consiste en pasar sobre la superficie un trapo (que no desprenda pelusa) impregnado con alcohol isoprop\u00edlico e inmediatamente retirar todas las impurezas con otro trapo seco y limpio.<\/li>\n<li>Corte la parte superior del cartucho, o en el caso de la salchicha corte al ras de la grapa met\u00e1lica y ret\u00edrela completamente; posteriormente coloque y corte la pipeta a 45\u00b0 calculando el ancho de la junta a sellar.<\/li>\n<li>Accione el gatillo de la pistola para presionar el \u00e9mbolo y as\u00ed el producto fluir\u00e1 sobre la junta. Aplique el sellador en forma de cord\u00f3n sobre la superficie a sellar. Se debe dejar como m\u00ednimo una secci\u00f3n de 6 x 6 mm y como m\u00e1ximo 1 pulgada.<\/li>\n<\/ul>\n<h4><strong>Usos:<\/strong><\/h4>\n<p>Duretan ha sido formulado fundamentalmente para:<\/p>\n<ul>\n<li>Sellos o uniones el\u00e1sticas, herm\u00e9ticas, impermeables y durables entre materiales porosos con porosos y lisos con porosos.<\/li>\n<li>Sellos en metales, hierro, l\u00e1minas de aluminio y m\u00faltiples materiales de la industria y la construcci\u00f3n.<\/li>\n<li>Sellos de juntas constructivas con movimiento severo entre materiales como mamposter\u00eda, muros de contenci\u00f3n y paneles de cemento.<\/li>\n<li>Sellos en piedras naturales.<\/li>\n<li>Sellos perimetrales entre aluminio y muro en construcciones de grandes alturas.<\/li>\n<li>Sellos en techumbres de l\u00e1minas galvanizadas y sellos entre l\u00e1minas met\u00e1licas.<\/li>\n<li>Sellos en esquinas de muros, pisos o plafones que requieran convertirse en superficies curvas, para evitar la formaci\u00f3n o acumulaci\u00f3n de bacterias, en quir\u00f3fanos o laboratorios.<\/li>\n<li>Sellos en pisos de madera, lambrines, vigas y techos de gran tama\u00f1o.<\/li>\n<\/ul>\n<h4><strong>Ventajas:<\/strong><\/h4>\n<ul>\n<li>Cumple y excede los requerimientos de la norma ASTM C-920, clase 25, tipo NS.<\/li>\n<li>No mancha piedras naturales.<\/li>\n<li>Se puede recubrir con impermeabilizantes o repellados una vez curado.<\/li>\n<li>Excelente adhesi\u00f3n a diferentes sustratos sin necesidad de usar primer.<\/li>\n<li>Notable resistencia al envejecimiento y al intemperie.<\/li>\n<li>Excelente resistente a la humedad salina.<\/li>\n<li>No escurre en juntas verticales o sobre cabeza. (en un ancho m\u00e1ximo de junta de 20 mm).<\/li>\n<li>Resiste el ataque de microorganismos.<\/li>\n<li>Una vez vulcanizado puede estar en contacto con el agua potable.<\/li>\n<li>Resiste el paso de veh\u00edculos y montacargas.<\/li>\n<li>Resiste peque\u00f1os derrames de aceites y gasolina.<\/li>\n<\/ul>\n<h4><strong>Recomendaciones:<\/strong><\/h4>\n<ul>\n<li>Realizar pruebas bajo condiciones reales de aplicaci\u00f3n para asegurar su correcto funcionamiento.<\/li>\n<li>No aplicar en superficies h\u00famedas o materiales en proceso de curado o fraguado.<\/li>\n<li>Pintarlo hasta que est\u00e9 completamente curado.<\/li>\n<li>Para formar una junta adecuada del sellador y evitar la adhesi\u00f3n a una tercera superficie, se recomienda utilizar como respaldo una extrusi\u00f3n cil\u00edndrica de poliolef\u00edn SOF Rod o polietileno HBR (ver hoja t\u00e9cnica).<\/li>\n<li>La relaci\u00f3n entre ancho y profundidad para juntas de 6 mm y de hasta 10 mm de ancho ser\u00e1 de 1 a 1 (ancho = profundidad). En juntas mayores de 10 mm y hasta a 25 mm, ser\u00e1 de 2 a 1 (profundidad = ancho\/2).<\/li>\n<li>Es importante considerar que este sellador no est\u00e1 desarrollado para estar en superfcies humedas<\/li>\n<li>ya que tendr\u00e1 un tiempo de vida menor.<\/li>\n<\/ul>\n<h4><strong>Mantenimiento:<\/strong><\/h4>\n<ul>\n<li>No requiere de mantenimiento alguno.<\/li>\n<li>Si el sello sufre alg\u00fan da\u00f1o, reemplace la secci\u00f3n da\u00f1ada limpiando la superfici\u00a0 antes de aplicar el sellador nuevo.<\/li>\n<\/ul>\n<h4><strong>Precauciones:<\/strong><\/h4>\n<ul>\n<li>El sellador no debe aplicarse en \u00e1reas completamente cerradas, ya que requiere de la humedad relativa para su vulcanizaci\u00f3n.<\/li>\n<li>El producto sin curar puede causar irritaci\u00f3n a los ojos y a la piel en contacto prolongado. En caso de presentar molestias, lavar con abundante agua durante 15 minutos e inmediatamente acudir al m\u00e9dico.<\/li>\n<li>No se deje al alcance de los ni\u00f1os.<\/li>\n<\/ul>\n<h4><strong>Limitaciones:<\/strong><\/h4>\n<ul>\n<li>El color blanco expuesto tendr\u00e1 un ligero cambio de color.<\/li>\n<li>No utilizar en vidrios y pl\u00e1sticos.<\/li>\n<li>No usar en contacto con asfaltos.<\/li>\n<\/ul>\n<p style=\"text-align: center;\">*En Panel Rey Mexico nos esforzamos por ofrecerte los mejores productos como la marca <a href=\"https:\/\/distribuidorpanelrey.com.mx\/?s=pensylvana\">Pennsylvania.<\/a><br \/>\n*La imagen puede diferir un poco del producto final *Los precios pueden variar sin previo aviso<br \/>\n*Chatea con nosotros en nuestras redes sociales.<br \/>\n*Contactanos: Tel. 71-58-97-38 y 71-58-02-72.<br \/>\nNuestro correo: ventas@distribuidorpanelrey.com<br \/>\nDistribuidor Panel Rey Mexico<\/p>\n","protected":false},"excerpt":{"rendered":"<h4 style=\"text-align: center;\">Env\u00edos de 24 a 48 hr CDMX Y EDO MEX<\/h4>\n<p style=\"text-align: center;\">Rese\u00f1as\u00a0\u2605\u2605\u2605\u2605\u2605\u00a0 Env\u00edos Garantizados<\/p>\n<h4 style=\"text-align: center;\">\ud83d\udd25LOS MEJORES PRECIOS \ud83d\udd25<\/h4>\n","protected":false},"featured_media":1977,"comment_status":"closed","ping_status":"closed","template":"","meta":[],"product_brand":[571],"product_cat":[389],"product_tag":[365,317,318,111,165,366,390,367,392,391],"class_list":{"0":"post-1974","1":"product","2":"type-product","3":"status-publish","4":"has-post-thumbnail","6":"product_brand-pennsylvania","7":"product_cat-silicones-y-selladores","8":"product_tag-duretan","9":"product_tag-ferrekasa","10":"product_tag-ferremex","11":"product_tag-panel-rey","12":"product_tag-panel-rey-mexico","13":"product_tag-pensyilvania","14":"product_tag-pensylvania","15":"product_tag-pensylvania-duretan","16":"product_tag-poliuretano","17":"product_tag-sellador-de-poliuretano","19":"first","20":"instock","21":"shipping-taxable","22":"purchasable","23":"product-type-variable"},"yoast_head":"<!-- This site is optimized with the Yoast SEO plugin v27.1.1 - https:\/\/yoast.com\/product\/yoast-seo-wordpress\/ -->\n<title>Pennsylvania Duretan<\/title>\n<meta name=\"description\" content=\"En panel rey mexico te ofrecemos la mejor calidad de productos, encuentra con nosotros la marca Pennsylvania Duretan que es u sellador de poliuretano\" \/>\n<meta name=\"robots\" content=\"index, follow, max-snippet:-1, max-image-preview:large, max-video-preview:-1\" \/>\n<link rel=\"canonical\" href=\"https:\/\/distribuidorpanelrey.com.mx\/producto\/pennsylvania-duretan\/\" \/>\n<meta property=\"og:locale\" content=\"es_ES\" \/>\n<meta property=\"og:type\" content=\"article\" \/>\n<meta property=\"og:title\" content=\"Pennsylvania Duretan\" \/>\n<meta property=\"og:description\" content=\"En panel rey mexico te ofrecemos la mejor calidad de productos, encuentra con nosotros la marca Pennsylvania Duretan que es u sellador de poliuretano\" \/>\n<meta property=\"og:url\" content=\"https:\/\/distribuidorpanelrey.com.mx\/producto\/pennsylvania-duretan\/\" \/>\n<meta property=\"og:site_name\" content=\"PANEL REY MEXICO\" \/>\n<meta property=\"article:publisher\" content=\"https:\/\/www.facebook.com\/mexicopanelrey\/?locale=es_LA\" \/>\n<meta property=\"article:modified_time\" content=\"2025-12-05T14:04:52+00:00\" \/>\n<meta property=\"og:image\" content=\"https:\/\/distribuidorpanelrey.com.mx\/wp-content\/uploads\/2023\/03\/PENSYLVANIA-DURETAN.png\" \/>\n\t<meta property=\"og:image:width\" content=\"500\" \/>\n\t<meta property=\"og:image:height\" content=\"500\" \/>\n\t<meta property=\"og:image:type\" content=\"image\/png\" \/>\n<meta name=\"twitter:card\" content=\"summary_large_image\" \/>\n<meta name=\"twitter:label1\" content=\"Tiempo de lectura\" \/>\n\t<meta name=\"twitter:data1\" content=\"4 minutos\" \/>\n<script type=\"application\/ld+json\" class=\"yoast-schema-graph\">{\"@context\":\"https:\/\/schema.org\",\"@graph\":[{\"@type\":\"WebPage\",\"@id\":\"https:\/\/distribuidorpanelrey.com.mx\/producto\/pennsylvania-duretan\/\",\"url\":\"https:\/\/distribuidorpanelrey.com.mx\/producto\/pennsylvania-duretan\/\",\"name\":\"Pennsylvania Duretan\",\"isPartOf\":{\"@id\":\"https:\/\/distribuidorpanelrey.com\/#website\"},\"primaryImageOfPage\":{\"@id\":\"https:\/\/distribuidorpanelrey.com.mx\/producto\/pennsylvania-duretan\/#primaryimage\"},\"image\":{\"@id\":\"https:\/\/distribuidorpanelrey.com.mx\/producto\/pennsylvania-duretan\/#primaryimage\"},\"thumbnailUrl\":\"https:\/\/distribuidorpanelrey.com.mx\/wp-content\/uploads\/2023\/03\/PENSYLVANIA-DURETAN.png\",\"datePublished\":\"2023-03-28T21:35:32+00:00\",\"dateModified\":\"2025-12-05T14:04:52+00:00\",\"description\":\"En panel rey mexico te ofrecemos la mejor calidad de productos, encuentra con nosotros la marca Pennsylvania Duretan que es u sellador de poliuretano\",\"breadcrumb\":{\"@id\":\"https:\/\/distribuidorpanelrey.com.mx\/producto\/pennsylvania-duretan\/#breadcrumb\"},\"inLanguage\":\"es\",\"potentialAction\":[{\"@type\":\"ReadAction\",\"target\":[\"https:\/\/distribuidorpanelrey.com.mx\/producto\/pennsylvania-duretan\/\"]}]},{\"@type\":\"ImageObject\",\"inLanguage\":\"es\",\"@id\":\"https:\/\/distribuidorpanelrey.com.mx\/producto\/pennsylvania-duretan\/#primaryimage\",\"url\":\"https:\/\/distribuidorpanelrey.com.mx\/wp-content\/uploads\/2023\/03\/PENSYLVANIA-DURETAN.png\",\"contentUrl\":\"https:\/\/distribuidorpanelrey.com.mx\/wp-content\/uploads\/2023\/03\/PENSYLVANIA-DURETAN.png\",\"width\":500,\"height\":500,\"caption\":\"ESCALERA-CONVERTIBLE-DE-ALUMINIO\"},{\"@type\":\"BreadcrumbList\",\"@id\":\"https:\/\/distribuidorpanelrey.com.mx\/producto\/pennsylvania-duretan\/#breadcrumb\",\"itemListElement\":[{\"@type\":\"ListItem\",\"position\":1,\"name\":\"Portada\",\"item\":\"https:\/\/distribuidorpanelrey.com.mx\/\"},{\"@type\":\"ListItem\",\"position\":2,\"name\":\"Productos\",\"item\":\"https:\/\/distribuidorpanelrey.com\/tienda\/\"},{\"@type\":\"ListItem\",\"position\":3,\"name\":\"Pennsylvania Duretan\"}]},{\"@type\":\"WebSite\",\"@id\":\"https:\/\/distribuidorpanelrey.com\/#website\",\"url\":\"https:\/\/distribuidorpanelrey.com\/\",\"name\":\"PANEL REY MEXICO\",\"description\":\"DISTRIBUIDOR PANEL REY\",\"publisher\":{\"@id\":\"https:\/\/distribuidorpanelrey.com\/#organization\"},\"alternateName\":\"DISTRIBUIDOR PANEL REY\",\"potentialAction\":[{\"@type\":\"SearchAction\",\"target\":{\"@type\":\"EntryPoint\",\"urlTemplate\":\"https:\/\/distribuidorpanelrey.com\/?s={search_term_string}\"},\"query-input\":{\"@type\":\"PropertyValueSpecification\",\"valueRequired\":true,\"valueName\":\"search_term_string\"}}],\"inLanguage\":\"es\"},{\"@type\":\"Organization\",\"@id\":\"https:\/\/distribuidorpanelrey.com\/#organization\",\"name\":\"PANEL REY MEXICO\",\"url\":\"https:\/\/distribuidorpanelrey.com\/\",\"logo\":{\"@type\":\"ImageObject\",\"inLanguage\":\"es\",\"@id\":\"https:\/\/distribuidorpanelrey.com\/#\/schema\/logo\/image\/\",\"url\":\"https:\/\/distribuidorpanelrey.com.mx\/wp-content\/uploads\/2023\/11\/panelrey.webp\",\"contentUrl\":\"https:\/\/distribuidorpanelrey.com.mx\/wp-content\/uploads\/2023\/11\/panelrey.webp\",\"width\":400,\"height\":150,\"caption\":\"PANEL REY MEXICO\"},\"image\":{\"@id\":\"https:\/\/distribuidorpanelrey.com\/#\/schema\/logo\/image\/\"},\"sameAs\":[\"https:\/\/www.facebook.com\/mexicopanelrey\/?locale=es_LA\",\"https:\/\/www.instagram.com\/panel_rey_mexico\/?hl=es\"]}]}<\/script>\n<!-- \/ Yoast SEO plugin. -->","yoast_head_json":{"title":"Pennsylvania Duretan","description":"En panel rey mexico te ofrecemos la mejor calidad de productos, encuentra con nosotros la marca Pennsylvania Duretan que es u sellador de poliuretano","robots":{"index":"index","follow":"follow","max-snippet":"max-snippet:-1","max-image-preview":"max-image-preview:large","max-video-preview":"max-video-preview:-1"},"canonical":"https:\/\/distribuidorpanelrey.com.mx\/producto\/pennsylvania-duretan\/","og_locale":"es_ES","og_type":"article","og_title":"Pennsylvania Duretan","og_description":"En panel rey mexico te ofrecemos la mejor calidad de productos, encuentra con nosotros la marca Pennsylvania Duretan que es u sellador de poliuretano","og_url":"https:\/\/distribuidorpanelrey.com.mx\/producto\/pennsylvania-duretan\/","og_site_name":"PANEL REY MEXICO","article_publisher":"https:\/\/www.facebook.com\/mexicopanelrey\/?locale=es_LA","article_modified_time":"2025-12-05T14:04:52+00:00","og_image":[{"width":500,"height":500,"url":"https:\/\/distribuidorpanelrey.com.mx\/wp-content\/uploads\/2023\/03\/PENSYLVANIA-DURETAN.png","type":"image\/png"}],"twitter_card":"summary_large_image","twitter_misc":{"Tiempo de lectura":"4 minutos"},"schema":{"@context":"https:\/\/schema.org","@graph":[{"@type":"WebPage","@id":"https:\/\/distribuidorpanelrey.com.mx\/producto\/pennsylvania-duretan\/","url":"https:\/\/distribuidorpanelrey.com.mx\/producto\/pennsylvania-duretan\/","name":"Pennsylvania Duretan","isPartOf":{"@id":"https:\/\/distribuidorpanelrey.com\/#website"},"primaryImageOfPage":{"@id":"https:\/\/distribuidorpanelrey.com.mx\/producto\/pennsylvania-duretan\/#primaryimage"},"image":{"@id":"https:\/\/distribuidorpanelrey.com.mx\/producto\/pennsylvania-duretan\/#primaryimage"},"thumbnailUrl":"https:\/\/distribuidorpanelrey.com.mx\/wp-content\/uploads\/2023\/03\/PENSYLVANIA-DURETAN.png","datePublished":"2023-03-28T21:35:32+00:00","dateModified":"2025-12-05T14:04:52+00:00","description":"En panel rey mexico te ofrecemos la mejor calidad de productos, encuentra con nosotros la marca Pennsylvania Duretan que es u sellador de poliuretano","breadcrumb":{"@id":"https:\/\/distribuidorpanelrey.com.mx\/producto\/pennsylvania-duretan\/#breadcrumb"},"inLanguage":"es","potentialAction":[{"@type":"ReadAction","target":["https:\/\/distribuidorpanelrey.com.mx\/producto\/pennsylvania-duretan\/"]}]},{"@type":"ImageObject","inLanguage":"es","@id":"https:\/\/distribuidorpanelrey.com.mx\/producto\/pennsylvania-duretan\/#primaryimage","url":"https:\/\/distribuidorpanelrey.com.mx\/wp-content\/uploads\/2023\/03\/PENSYLVANIA-DURETAN.png","contentUrl":"https:\/\/distribuidorpanelrey.com.mx\/wp-content\/uploads\/2023\/03\/PENSYLVANIA-DURETAN.png","width":500,"height":500,"caption":"ESCALERA-CONVERTIBLE-DE-ALUMINIO"},{"@type":"BreadcrumbList","@id":"https:\/\/distribuidorpanelrey.com.mx\/producto\/pennsylvania-duretan\/#breadcrumb","itemListElement":[{"@type":"ListItem","position":1,"name":"Portada","item":"https:\/\/distribuidorpanelrey.com.mx\/"},{"@type":"ListItem","position":2,"name":"Productos","item":"https:\/\/distribuidorpanelrey.com\/tienda\/"},{"@type":"ListItem","position":3,"name":"Pennsylvania Duretan"}]},{"@type":"WebSite","@id":"https:\/\/distribuidorpanelrey.com\/#website","url":"https:\/\/distribuidorpanelrey.com\/","name":"PANEL REY MEXICO","description":"DISTRIBUIDOR PANEL REY","publisher":{"@id":"https:\/\/distribuidorpanelrey.com\/#organization"},"alternateName":"DISTRIBUIDOR PANEL REY","potentialAction":[{"@type":"SearchAction","target":{"@type":"EntryPoint","urlTemplate":"https:\/\/distribuidorpanelrey.com\/?s={search_term_string}"},"query-input":{"@type":"PropertyValueSpecification","valueRequired":true,"valueName":"search_term_string"}}],"inLanguage":"es"},{"@type":"Organization","@id":"https:\/\/distribuidorpanelrey.com\/#organization","name":"PANEL REY MEXICO","url":"https:\/\/distribuidorpanelrey.com\/","logo":{"@type":"ImageObject","inLanguage":"es","@id":"https:\/\/distribuidorpanelrey.com\/#\/schema\/logo\/image\/","url":"https:\/\/distribuidorpanelrey.com.mx\/wp-content\/uploads\/2023\/11\/panelrey.webp","contentUrl":"https:\/\/distribuidorpanelrey.com.mx\/wp-content\/uploads\/2023\/11\/panelrey.webp","width":400,"height":150,"caption":"PANEL REY MEXICO"},"image":{"@id":"https:\/\/distribuidorpanelrey.com\/#\/schema\/logo\/image\/"},"sameAs":["https:\/\/www.facebook.com\/mexicopanelrey\/?locale=es_LA","https:\/\/www.instagram.com\/panel_rey_mexico\/?hl=es"]}]}},"_links":{"self":[{"href":"https:\/\/distribuidorpanelrey.com.mx\/wp-json\/wp\/v2\/product\/1974","targetHints":{"allow":["GET"]}}],"collection":[{"href":"https:\/\/distribuidorpanelrey.com.mx\/wp-json\/wp\/v2\/product"}],"about":[{"href":"https:\/\/distribuidorpanelrey.com.mx\/wp-json\/wp\/v2\/types\/product"}],"replies":[{"embeddable":true,"href":"https:\/\/distribuidorpanelrey.com.mx\/wp-json\/wp\/v2\/comments?post=1974"}],"version-history":[{"count":3,"href":"https:\/\/distribuidorpanelrey.com.mx\/wp-json\/wp\/v2\/product\/1974\/revisions"}],"predecessor-version":[{"id":6613,"href":"https:\/\/distribuidorpanelrey.com.mx\/wp-json\/wp\/v2\/product\/1974\/revisions\/6613"}],"wp:featuredmedia":[{"embeddable":true,"href":"https:\/\/distribuidorpanelrey.com.mx\/wp-json\/wp\/v2\/media\/1977"}],"wp:attachment":[{"href":"https:\/\/distribuidorpanelrey.com.mx\/wp-json\/wp\/v2\/media?parent=1974"}],"wp:term":[{"taxonomy":"product_brand","embeddable":true,"href":"https:\/\/distribuidorpanelrey.com.mx\/wp-json\/wp\/v2\/product_brand?post=1974"},{"taxonomy":"product_cat","embeddable":true,"href":"https:\/\/distribuidorpanelrey.com.mx\/wp-json\/wp\/v2\/product_cat?post=1974"},{"taxonomy":"product_tag","embeddable":true,"href":"https:\/\/distribuidorpanelrey.com.mx\/wp-json\/wp\/v2\/product_tag?post=1974"}],"curies":[{"name":"wp","href":"https:\/\/api.w.org\/{rel}","templated":true}]}}