{"id":1978,"date":"2023-03-28T21:45:27","date_gmt":"2023-03-28T21:45:27","guid":{"rendered":"https:\/\/distribuidorpanelrey.com.mx\/?post_type=product&#038;p=1978"},"modified":"2025-12-05T14:04:00","modified_gmt":"2025-12-05T14:04:00","slug":"silicon-sista-multiusos","status":"publish","type":"product","link":"https:\/\/distribuidorpanelrey.com.mx\/producto\/silicon-sista-multiusos\/","title":{"rendered":"SILICON MULTIUSOS SISTA"},"content":{"rendered":"<h3><strong>Silicon Sista Multiusos<\/strong><\/h3>\n<p>&nbsp;<\/p>\n<p><strong>Descripci\u00f3n:<\/strong><\/p>\n<p>Sella f\u00e1cil Multiusos es un sellador base agua, a prueba de grietas e impermeable. Su adhesivo lo hace ideal para sellar y pegar en zonas expuestas a la humedad ocasional como en: marcos de puertas y ventanas, molduras, zoclos, ventilas, paneles, vitrinas, muebles, baldosas, escalones, entre mucho m\u00e1s. Adhiere a cer\u00e1mica, vidrio, porcelana, madera, metales, panel de yeso, superficies pintadas, madera, concreto y varios pl\u00e1sticos.<\/p>\n<p>&nbsp;<\/p>\n<h4>Aplicaci\u00f3n:<\/h4>\n<ul>\n<li>Limpia la superficies (quitar sellador viejo, en su caso).<\/li>\n<li>Cortar la punta (en \u00e1ngulo de de 45\u00b0)<\/li>\n<li>Aplicar un cord\u00f3n de sellador exprimiendo el tubo.<\/li>\n<li>Alisar el sellador con el dedo h\u00famedo (limpie el excedente con un pa\u00f1o h\u00famedo, antes de que seque).<\/li>\n<li>Dejar secar 2 horas antes de pintar con pinturas base de aceite o l\u00e1tex (dejar secar 24 horas antes de exponer al agua).<\/li>\n<\/ul>\n<p>CARACTERISTICAS:<\/p>\n<ul>\n<li>Excelente adherencia.<\/li>\n<li>Alta elasticidad.<\/li>\n<li>Acabado cristalino.<\/li>\n<li>Resistencia al envejecimiento.<\/li>\n<li>Seca al tacto en 15 min.<\/li>\n<\/ul>\n<p>&nbsp;<\/p>\n<p><b><\/b><b>Usos:<\/b><\/p>\n<ul>\n<li>Efectuar manualidades y aplicaciones dom\u00e9sticas en aluminio, madera no aceitada, cer\u00e1mica, pl\u00e1sticos, porcelana y metales.<br \/>\n<b><\/b><\/li>\n<\/ul>\n<p><b>Limitaciones:<\/b><\/p>\n<ul>\n<li>No es recomendable en exteriores.<\/li>\n<li>No es recomendable en peceras.<\/li>\n<li>No resiste la formaci\u00f3n de hongos.<\/li>\n<\/ul>\n<p><strong>Presentaci\u00f3n en Cartucho de 300 ml<\/strong><\/p>\n<p>&nbsp;<\/p>\n<p>Para mayor informacion sobvre le productos visita la ficha tecnica dandole click <a href=\"https:\/\/www.casamyers.com.mx\/img\/ItemImages\/15201450\/ficha-tecnica-siliconsupertransparente-sista-15201450.pdf\">aqui<\/a><\/p>\n<p style=\"text-align: center;\">*En Panel Rey Mexico nos esforzamos por ofrecerte los mejores productos como la marca S<a href=\"https:\/\/distribuidorpanelrey.com.mx\/?s=SISTA\">ISTA<\/a>.<br \/>\n*La imagen puede diferir un poco del producto final *Los precios pueden variar sin previo aviso<br \/>\n*Chatea con nosotros en nuestras redes sociales.<br \/>\n*Contactanos: Tel. 71-58-97-38 y 71-58-02-72.<br \/>\nNuestro correo: ventas@distribuidorpanelrey.com<br \/>\nDistribuidor Panel Rey Mexico<\/p>\n","protected":false},"excerpt":{"rendered":"<h4 style=\"text-align: center;\">Env\u00edos de 24 a 48 hr CDMX Y EDO MEX<\/h4>\n<p style=\"text-align: center;\">Rese\u00f1as\u00a0\u2605\u2605\u2605\u2605\u2605\u00a0 Env\u00edos Garantizados<\/p>\n<h4 style=\"text-align: center;\">\ud83d\udd25LOS MEJORES PRECIOS \ud83d\udd25<\/h4>\n","protected":false},"featured_media":1983,"comment_status":"closed","ping_status":"closed","template":"","meta":[],"product_brand":[],"product_cat":[389],"product_tag":[317,318,111,165,394,395,393,396],"class_list":{"0":"post-1978","1":"product","2":"type-product","3":"status-publish","4":"has-post-thumbnail","6":"product_cat-silicones-y-selladores","7":"product_tag-ferrekasa","8":"product_tag-ferremex","9":"product_tag-panel-rey","10":"product_tag-panel-rey-mexico","11":"product_tag-silicon","12":"product_tag-silicon-sista","13":"product_tag-sista","14":"product_tag-sista-multiusos","16":"first","17":"instock","18":"shipping-taxable","19":"purchasable","20":"product-type-variable"},"yoast_head":"<!-- This site is optimized with the Yoast SEO plugin v27.1.1 - https:\/\/yoast.com\/product\/yoast-seo-wordpress\/ -->\n<title>Silicon Sista Multiusos<\/title>\n<meta name=\"description\" content=\"EN PANEL REY MEXICO ENCONTRARAS LA MEOR CALIDAD EN PRODUCTOS PARA ACABADOS EN TUS PROYECTOS COMO EL Silicon Sista Multiusos\" \/>\n<meta name=\"robots\" content=\"index, follow, max-snippet:-1, max-image-preview:large, max-video-preview:-1\" \/>\n<link rel=\"canonical\" href=\"https:\/\/distribuidorpanelrey.com.mx\/producto\/silicon-sista-multiusos\/\" \/>\n<meta property=\"og:locale\" content=\"es_ES\" \/>\n<meta property=\"og:type\" content=\"article\" \/>\n<meta property=\"og:title\" content=\"Silicon Sista Multiusos\" \/>\n<meta property=\"og:description\" content=\"EN PANEL REY MEXICO ENCONTRARAS LA MEOR CALIDAD EN PRODUCTOS PARA ACABADOS EN TUS PROYECTOS COMO EL Silicon Sista Multiusos\" \/>\n<meta property=\"og:url\" content=\"https:\/\/distribuidorpanelrey.com.mx\/producto\/silicon-sista-multiusos\/\" \/>\n<meta property=\"og:site_name\" content=\"PANEL REY MEXICO\" \/>\n<meta property=\"article:publisher\" content=\"https:\/\/www.facebook.com\/mexicopanelrey\/?locale=es_LA\" \/>\n<meta property=\"article:modified_time\" content=\"2025-12-05T14:04:00+00:00\" \/>\n<meta property=\"og:image\" content=\"https:\/\/distribuidorpanelrey.com.mx\/wp-content\/uploads\/2023\/03\/SILICON-SISTA-MULTIUSOS.png\" \/>\n\t<meta property=\"og:image:width\" content=\"500\" \/>\n\t<meta property=\"og:image:height\" content=\"500\" \/>\n\t<meta property=\"og:image:type\" content=\"image\/png\" \/>\n<meta name=\"twitter:card\" content=\"summary_large_image\" \/>\n<meta name=\"twitter:label1\" content=\"Tiempo de lectura\" \/>\n\t<meta name=\"twitter:data1\" content=\"2 minutos\" \/>\n<script type=\"application\/ld+json\" class=\"yoast-schema-graph\">{\"@context\":\"https:\/\/schema.org\",\"@graph\":[{\"@type\":\"WebPage\",\"@id\":\"https:\/\/distribuidorpanelrey.com.mx\/producto\/silicon-sista-multiusos\/\",\"url\":\"https:\/\/distribuidorpanelrey.com.mx\/producto\/silicon-sista-multiusos\/\",\"name\":\"Silicon Sista Multiusos\",\"isPartOf\":{\"@id\":\"https:\/\/distribuidorpanelrey.com\/#website\"},\"primaryImageOfPage\":{\"@id\":\"https:\/\/distribuidorpanelrey.com.mx\/producto\/silicon-sista-multiusos\/#primaryimage\"},\"image\":{\"@id\":\"https:\/\/distribuidorpanelrey.com.mx\/producto\/silicon-sista-multiusos\/#primaryimage\"},\"thumbnailUrl\":\"https:\/\/distribuidorpanelrey.com.mx\/wp-content\/uploads\/2023\/03\/SILICON-SISTA-MULTIUSOS.png\",\"datePublished\":\"2023-03-28T21:45:27+00:00\",\"dateModified\":\"2025-12-05T14:04:00+00:00\",\"description\":\"EN PANEL REY MEXICO ENCONTRARAS LA MEOR CALIDAD EN PRODUCTOS PARA ACABADOS EN TUS PROYECTOS COMO EL Silicon Sista Multiusos\",\"breadcrumb\":{\"@id\":\"https:\/\/distribuidorpanelrey.com.mx\/producto\/silicon-sista-multiusos\/#breadcrumb\"},\"inLanguage\":\"es\",\"potentialAction\":[{\"@type\":\"ReadAction\",\"target\":[\"https:\/\/distribuidorpanelrey.com.mx\/producto\/silicon-sista-multiusos\/\"]}]},{\"@type\":\"ImageObject\",\"inLanguage\":\"es\",\"@id\":\"https:\/\/distribuidorpanelrey.com.mx\/producto\/silicon-sista-multiusos\/#primaryimage\",\"url\":\"https:\/\/distribuidorpanelrey.com.mx\/wp-content\/uploads\/2023\/03\/SILICON-SISTA-MULTIUSOS.png\",\"contentUrl\":\"https:\/\/distribuidorpanelrey.com.mx\/wp-content\/uploads\/2023\/03\/SILICON-SISTA-MULTIUSOS.png\",\"width\":500,\"height\":500,\"caption\":\"ESCALERA-CONVERTIBLE-DE-ALUMINIO\"},{\"@type\":\"BreadcrumbList\",\"@id\":\"https:\/\/distribuidorpanelrey.com.mx\/producto\/silicon-sista-multiusos\/#breadcrumb\",\"itemListElement\":[{\"@type\":\"ListItem\",\"position\":1,\"name\":\"Portada\",\"item\":\"https:\/\/distribuidorpanelrey.com.mx\/\"},{\"@type\":\"ListItem\",\"position\":2,\"name\":\"Productos\",\"item\":\"https:\/\/distribuidorpanelrey.com\/tienda\/\"},{\"@type\":\"ListItem\",\"position\":3,\"name\":\"SILICON MULTIUSOS SISTA\"}]},{\"@type\":\"WebSite\",\"@id\":\"https:\/\/distribuidorpanelrey.com\/#website\",\"url\":\"https:\/\/distribuidorpanelrey.com\/\",\"name\":\"PANEL REY MEXICO\",\"description\":\"DISTRIBUIDOR PANEL REY\",\"publisher\":{\"@id\":\"https:\/\/distribuidorpanelrey.com\/#organization\"},\"alternateName\":\"DISTRIBUIDOR PANEL REY\",\"potentialAction\":[{\"@type\":\"SearchAction\",\"target\":{\"@type\":\"EntryPoint\",\"urlTemplate\":\"https:\/\/distribuidorpanelrey.com\/?s={search_term_string}\"},\"query-input\":{\"@type\":\"PropertyValueSpecification\",\"valueRequired\":true,\"valueName\":\"search_term_string\"}}],\"inLanguage\":\"es\"},{\"@type\":\"Organization\",\"@id\":\"https:\/\/distribuidorpanelrey.com\/#organization\",\"name\":\"PANEL REY MEXICO\",\"url\":\"https:\/\/distribuidorpanelrey.com\/\",\"logo\":{\"@type\":\"ImageObject\",\"inLanguage\":\"es\",\"@id\":\"https:\/\/distribuidorpanelrey.com\/#\/schema\/logo\/image\/\",\"url\":\"https:\/\/distribuidorpanelrey.com.mx\/wp-content\/uploads\/2023\/11\/panelrey.webp\",\"contentUrl\":\"https:\/\/distribuidorpanelrey.com.mx\/wp-content\/uploads\/2023\/11\/panelrey.webp\",\"width\":400,\"height\":150,\"caption\":\"PANEL REY MEXICO\"},\"image\":{\"@id\":\"https:\/\/distribuidorpanelrey.com\/#\/schema\/logo\/image\/\"},\"sameAs\":[\"https:\/\/www.facebook.com\/mexicopanelrey\/?locale=es_LA\",\"https:\/\/www.instagram.com\/panel_rey_mexico\/?hl=es\"]}]}<\/script>\n<!-- \/ Yoast SEO plugin. -->","yoast_head_json":{"title":"Silicon Sista Multiusos","description":"EN PANEL REY MEXICO ENCONTRARAS LA MEOR CALIDAD EN PRODUCTOS PARA ACABADOS EN TUS PROYECTOS COMO EL Silicon Sista Multiusos","robots":{"index":"index","follow":"follow","max-snippet":"max-snippet:-1","max-image-preview":"max-image-preview:large","max-video-preview":"max-video-preview:-1"},"canonical":"https:\/\/distribuidorpanelrey.com.mx\/producto\/silicon-sista-multiusos\/","og_locale":"es_ES","og_type":"article","og_title":"Silicon Sista Multiusos","og_description":"EN PANEL REY MEXICO ENCONTRARAS LA MEOR CALIDAD EN PRODUCTOS PARA ACABADOS EN TUS PROYECTOS COMO EL Silicon Sista Multiusos","og_url":"https:\/\/distribuidorpanelrey.com.mx\/producto\/silicon-sista-multiusos\/","og_site_name":"PANEL REY MEXICO","article_publisher":"https:\/\/www.facebook.com\/mexicopanelrey\/?locale=es_LA","article_modified_time":"2025-12-05T14:04:00+00:00","og_image":[{"width":500,"height":500,"url":"https:\/\/distribuidorpanelrey.com.mx\/wp-content\/uploads\/2023\/03\/SILICON-SISTA-MULTIUSOS.png","type":"image\/png"}],"twitter_card":"summary_large_image","twitter_misc":{"Tiempo de lectura":"2 minutos"},"schema":{"@context":"https:\/\/schema.org","@graph":[{"@type":"WebPage","@id":"https:\/\/distribuidorpanelrey.com.mx\/producto\/silicon-sista-multiusos\/","url":"https:\/\/distribuidorpanelrey.com.mx\/producto\/silicon-sista-multiusos\/","name":"Silicon Sista Multiusos","isPartOf":{"@id":"https:\/\/distribuidorpanelrey.com\/#website"},"primaryImageOfPage":{"@id":"https:\/\/distribuidorpanelrey.com.mx\/producto\/silicon-sista-multiusos\/#primaryimage"},"image":{"@id":"https:\/\/distribuidorpanelrey.com.mx\/producto\/silicon-sista-multiusos\/#primaryimage"},"thumbnailUrl":"https:\/\/distribuidorpanelrey.com.mx\/wp-content\/uploads\/2023\/03\/SILICON-SISTA-MULTIUSOS.png","datePublished":"2023-03-28T21:45:27+00:00","dateModified":"2025-12-05T14:04:00+00:00","description":"EN PANEL REY MEXICO ENCONTRARAS LA MEOR CALIDAD EN PRODUCTOS PARA ACABADOS EN TUS PROYECTOS COMO EL Silicon Sista Multiusos","breadcrumb":{"@id":"https:\/\/distribuidorpanelrey.com.mx\/producto\/silicon-sista-multiusos\/#breadcrumb"},"inLanguage":"es","potentialAction":[{"@type":"ReadAction","target":["https:\/\/distribuidorpanelrey.com.mx\/producto\/silicon-sista-multiusos\/"]}]},{"@type":"ImageObject","inLanguage":"es","@id":"https:\/\/distribuidorpanelrey.com.mx\/producto\/silicon-sista-multiusos\/#primaryimage","url":"https:\/\/distribuidorpanelrey.com.mx\/wp-content\/uploads\/2023\/03\/SILICON-SISTA-MULTIUSOS.png","contentUrl":"https:\/\/distribuidorpanelrey.com.mx\/wp-content\/uploads\/2023\/03\/SILICON-SISTA-MULTIUSOS.png","width":500,"height":500,"caption":"ESCALERA-CONVERTIBLE-DE-ALUMINIO"},{"@type":"BreadcrumbList","@id":"https:\/\/distribuidorpanelrey.com.mx\/producto\/silicon-sista-multiusos\/#breadcrumb","itemListElement":[{"@type":"ListItem","position":1,"name":"Portada","item":"https:\/\/distribuidorpanelrey.com.mx\/"},{"@type":"ListItem","position":2,"name":"Productos","item":"https:\/\/distribuidorpanelrey.com\/tienda\/"},{"@type":"ListItem","position":3,"name":"SILICON MULTIUSOS SISTA"}]},{"@type":"WebSite","@id":"https:\/\/distribuidorpanelrey.com\/#website","url":"https:\/\/distribuidorpanelrey.com\/","name":"PANEL REY MEXICO","description":"DISTRIBUIDOR PANEL REY","publisher":{"@id":"https:\/\/distribuidorpanelrey.com\/#organization"},"alternateName":"DISTRIBUIDOR PANEL REY","potentialAction":[{"@type":"SearchAction","target":{"@type":"EntryPoint","urlTemplate":"https:\/\/distribuidorpanelrey.com\/?s={search_term_string}"},"query-input":{"@type":"PropertyValueSpecification","valueRequired":true,"valueName":"search_term_string"}}],"inLanguage":"es"},{"@type":"Organization","@id":"https:\/\/distribuidorpanelrey.com\/#organization","name":"PANEL REY MEXICO","url":"https:\/\/distribuidorpanelrey.com\/","logo":{"@type":"ImageObject","inLanguage":"es","@id":"https:\/\/distribuidorpanelrey.com\/#\/schema\/logo\/image\/","url":"https:\/\/distribuidorpanelrey.com.mx\/wp-content\/uploads\/2023\/11\/panelrey.webp","contentUrl":"https:\/\/distribuidorpanelrey.com.mx\/wp-content\/uploads\/2023\/11\/panelrey.webp","width":400,"height":150,"caption":"PANEL REY MEXICO"},"image":{"@id":"https:\/\/distribuidorpanelrey.com\/#\/schema\/logo\/image\/"},"sameAs":["https:\/\/www.facebook.com\/mexicopanelrey\/?locale=es_LA","https:\/\/www.instagram.com\/panel_rey_mexico\/?hl=es"]}]}},"_links":{"self":[{"href":"https:\/\/distribuidorpanelrey.com.mx\/wp-json\/wp\/v2\/product\/1978","targetHints":{"allow":["GET"]}}],"collection":[{"href":"https:\/\/distribuidorpanelrey.com.mx\/wp-json\/wp\/v2\/product"}],"about":[{"href":"https:\/\/distribuidorpanelrey.com.mx\/wp-json\/wp\/v2\/types\/product"}],"replies":[{"embeddable":true,"href":"https:\/\/distribuidorpanelrey.com.mx\/wp-json\/wp\/v2\/comments?post=1978"}],"version-history":[{"count":2,"href":"https:\/\/distribuidorpanelrey.com.mx\/wp-json\/wp\/v2\/product\/1978\/revisions"}],"predecessor-version":[{"id":6612,"href":"https:\/\/distribuidorpanelrey.com.mx\/wp-json\/wp\/v2\/product\/1978\/revisions\/6612"}],"wp:featuredmedia":[{"embeddable":true,"href":"https:\/\/distribuidorpanelrey.com.mx\/wp-json\/wp\/v2\/media\/1983"}],"wp:attachment":[{"href":"https:\/\/distribuidorpanelrey.com.mx\/wp-json\/wp\/v2\/media?parent=1978"}],"wp:term":[{"taxonomy":"product_brand","embeddable":true,"href":"https:\/\/distribuidorpanelrey.com.mx\/wp-json\/wp\/v2\/product_brand?post=1978"},{"taxonomy":"product_cat","embeddable":true,"href":"https:\/\/distribuidorpanelrey.com.mx\/wp-json\/wp\/v2\/product_cat?post=1978"},{"taxonomy":"product_tag","embeddable":true,"href":"https:\/\/distribuidorpanelrey.com.mx\/wp-json\/wp\/v2\/product_tag?post=1978"}],"curies":[{"name":"wp","href":"https:\/\/api.w.org\/{rel}","templated":true}]}}