{"id":1984,"date":"2023-03-29T21:11:57","date_gmt":"2023-03-29T21:11:57","guid":{"rendered":"https:\/\/distribuidorpanelrey.com.mx\/?post_type=product&#038;p=1984"},"modified":"2025-12-05T16:46:23","modified_gmt":"2025-12-05T16:46:23","slug":"escalera-de-tijeras-de-aluminio","status":"publish","type":"product","link":"https:\/\/distribuidorpanelrey.com.mx\/producto\/escalera-de-tijeras-de-aluminio\/","title":{"rendered":"ESCALERA DE TIJERA DE\u00a0ALUMINIO | CUPRUM"},"content":{"rendered":"<h4><strong>DESCRIPCION DE ESCALERA DE TIJERA DE ALUMINIO<\/strong><\/h4>\n<p>&nbsp;<\/p>\n<p>La escalera de tijera de aluminio est\u00e1 fabricada en aluminio adem\u00e1s de contar con diferentes medidas para uso domestico e industrial, las cuales permiten que el trabajo sea mas sencillo y mas seguro<\/p>\n<p>Adem\u00e1s de que incluyen la innovadora tapa ProTop\u00ae con m\u00faltiples ranuras para colocar herramientas.<\/p>\n<p>Charola multifunciones. Tacones con suela de goma\u00a0por lo que previenen derrapes.<\/p>\n<p>Pelda\u00f1os con superficie antiderrapante\u00a0adem\u00e1s de contar con tirantes antipellizcos.<\/p>\n<p>Cumple y excede las normas de calidad y seguridad ANSI y OSHA. T-III<\/p>\n<h4><strong>CARACTERISTICAS DE ESCALERA DE TIJERA DE ALUMINIO\u00a0<\/strong><\/h4>\n<p>-Tapa ProTop<\/p>\n<p>-Tapa Profesional Con Ranuras Para Herramientas<\/p>\n<p>-Charola Multifunciones<\/p>\n<p>-Tacones Con Goma Que Previene Derrapes Y Rayanes En El Area De Trabajo<\/p>\n<p>-Pelda\u00f1os Con Superficie Antiderrepante<\/p>\n<p>-Tirantes Anti pellizcos<\/p>\n<p>-Aguanta 150kg<\/p>\n<p>Para mayor informacion visita la ficha tecnica dando click <a href=\"https:\/\/escalerascuprum.com\/fichas\/c-2312-06n.pdf\">aqui<\/a><\/p>\n<p style=\"text-align: center;\">*En Distribuidor Panel Rey Mexico nos esforzamos por ofrecerte la mejor calidad en <a href=\"https:\/\/distribuidorpanelrey.com.mx\/?s=escaleras\">escaleras<\/a><br \/>\n*La imagen puede diferir un poco del producto final *Los precios pueden variar sin previo aviso<br \/>\n*Los precios ya incluyen IVA *Se hacen env\u00edos a toda la Rep\u00fablica Mexicana, pregunte por nuestros descuentos en env\u00edos.<br \/>\n*Chatea con nosotros en nuestras redes sociales.<br \/>\n*Contactanos: Tel. 71-58-02-72.<br \/>\nWhatsApp: 5573976243<br \/>\nNuestro correo: ventas@distribuidorpanelrey.com<br \/>\nDistribuidor Panel Rey Mexico<\/p>\n","protected":false},"excerpt":{"rendered":"<h4 style=\"text-align: center;\">Env\u00edos de 24 a 48 hr CDMX Y EDO MEX<\/h4>\n<p style=\"text-align: center;\">Rese\u00f1as\u00a0\u2605\u2605\u2605\u2605\u2605\u00a0 Env\u00edos Garantizados<\/p>\n<p style=\"text-align: center;\">Paga a meses o en efectivo.<\/p>\n<h4 style=\"text-align: center;\">\ud83d\udd25LOS MEJORES PRECIOS \ud83d\udd25<\/h4>\n","protected":false},"featured_media":1985,"comment_status":"closed","ping_status":"closed","template":"","meta":[],"product_brand":[550],"product_cat":[368],"product_tag":[372,370,376,377,378,379,380,373,374,375,369,371,317,318,111,165],"class_list":{"0":"post-1984","1":"product","2":"type-product","3":"status-publish","4":"has-post-thumbnail","6":"product_brand-cuprum","7":"product_cat-escaleras","8":"product_tag-cuprum","9":"product_tag-escalera","10":"product_tag-escalera-de-2-peldanos","11":"product_tag-escalera-de-3-peldanos","12":"product_tag-escalera-de-4-peldanos","13":"product_tag-escalera-de-5-peldanos","14":"product_tag-escalera-de-6-peldanos","15":"product_tag-escalera-de-aluminio","16":"product_tag-escalera-de-tijera","17":"product_tag-escalera-de-tijera-de-aluminio","18":"product_tag-escaleras","19":"product_tag-escaleras-cuprum","20":"product_tag-ferrekasa","21":"product_tag-ferremex","22":"product_tag-panel-rey","23":"product_tag-panel-rey-mexico","25":"first","26":"instock","27":"shipping-taxable","28":"purchasable","29":"product-type-variable"},"yoast_head":"<!-- This site is optimized with the Yoast SEO plugin v27.1.1 - https:\/\/yoast.com\/product\/yoast-seo-wordpress\/ -->\n<title>ESCALERA DE TIJERA DE\u00a0ALUMINIO<\/title>\n<meta name=\"description\" content=\"ENCUENTRA EN PANEL REY MEXICO LA MEJOR CALIDAD DE ESCALERA DE TIJERA DE\u00a0ALUMINIO DE DIFERENTES MEDIDAS AL MEJOR PRECIO, COMRALA AQUI\" \/>\n<meta name=\"robots\" content=\"index, follow, max-snippet:-1, max-image-preview:large, max-video-preview:-1\" \/>\n<link rel=\"canonical\" href=\"https:\/\/distribuidorpanelrey.com.mx\/producto\/escalera-de-tijeras-de-aluminio\/\" \/>\n<meta property=\"og:locale\" content=\"es_ES\" \/>\n<meta property=\"og:type\" content=\"article\" \/>\n<meta property=\"og:title\" content=\"ESCALERA DE TIJERA DE\u00a0ALUMINIO\" \/>\n<meta property=\"og:description\" content=\"ENCUENTRA EN PANEL REY MEXICO LA MEJOR CALIDAD DE ESCALERA DE TIJERA DE\u00a0ALUMINIO DE DIFERENTES MEDIDAS AL MEJOR PRECIO, COMRALA AQUI\" \/>\n<meta property=\"og:url\" content=\"https:\/\/distribuidorpanelrey.com.mx\/producto\/escalera-de-tijeras-de-aluminio\/\" \/>\n<meta property=\"og:site_name\" content=\"PANEL REY MEXICO\" \/>\n<meta property=\"article:publisher\" content=\"https:\/\/www.facebook.com\/mexicopanelrey\/?locale=es_LA\" \/>\n<meta property=\"article:modified_time\" content=\"2025-12-05T16:46:23+00:00\" \/>\n<meta property=\"og:image\" content=\"https:\/\/distribuidorpanelrey.com.mx\/wp-content\/uploads\/2023\/03\/ESCALERA-DE-ALUMINIO-CUPRUM.png\" \/>\n\t<meta property=\"og:image:width\" content=\"500\" \/>\n\t<meta property=\"og:image:height\" content=\"500\" \/>\n\t<meta property=\"og:image:type\" content=\"image\/png\" \/>\n<meta name=\"twitter:card\" content=\"summary_large_image\" \/>\n<meta name=\"twitter:label1\" content=\"Tiempo de lectura\" \/>\n\t<meta name=\"twitter:data1\" content=\"2 minutos\" \/>\n<script type=\"application\/ld+json\" class=\"yoast-schema-graph\">{\"@context\":\"https:\/\/schema.org\",\"@graph\":[{\"@type\":\"WebPage\",\"@id\":\"https:\/\/distribuidorpanelrey.com.mx\/producto\/escalera-de-tijeras-de-aluminio\/\",\"url\":\"https:\/\/distribuidorpanelrey.com.mx\/producto\/escalera-de-tijeras-de-aluminio\/\",\"name\":\"ESCALERA DE TIJERA DE\u00a0ALUMINIO\",\"isPartOf\":{\"@id\":\"https:\/\/distribuidorpanelrey.com\/#website\"},\"primaryImageOfPage\":{\"@id\":\"https:\/\/distribuidorpanelrey.com.mx\/producto\/escalera-de-tijeras-de-aluminio\/#primaryimage\"},\"image\":{\"@id\":\"https:\/\/distribuidorpanelrey.com.mx\/producto\/escalera-de-tijeras-de-aluminio\/#primaryimage\"},\"thumbnailUrl\":\"https:\/\/distribuidorpanelrey.com.mx\/wp-content\/uploads\/2023\/03\/ESCALERA-DE-ALUMINIO-CUPRUM.png\",\"datePublished\":\"2023-03-29T21:11:57+00:00\",\"dateModified\":\"2025-12-05T16:46:23+00:00\",\"description\":\"ENCUENTRA EN PANEL REY MEXICO LA MEJOR CALIDAD DE ESCALERA DE TIJERA DE\u00a0ALUMINIO DE DIFERENTES MEDIDAS AL MEJOR PRECIO, COMRALA AQUI\",\"breadcrumb\":{\"@id\":\"https:\/\/distribuidorpanelrey.com.mx\/producto\/escalera-de-tijeras-de-aluminio\/#breadcrumb\"},\"inLanguage\":\"es\",\"potentialAction\":[{\"@type\":\"ReadAction\",\"target\":[\"https:\/\/distribuidorpanelrey.com.mx\/producto\/escalera-de-tijeras-de-aluminio\/\"]}]},{\"@type\":\"ImageObject\",\"inLanguage\":\"es\",\"@id\":\"https:\/\/distribuidorpanelrey.com.mx\/producto\/escalera-de-tijeras-de-aluminio\/#primaryimage\",\"url\":\"https:\/\/distribuidorpanelrey.com.mx\/wp-content\/uploads\/2023\/03\/ESCALERA-DE-ALUMINIO-CUPRUM.png\",\"contentUrl\":\"https:\/\/distribuidorpanelrey.com.mx\/wp-content\/uploads\/2023\/03\/ESCALERA-DE-ALUMINIO-CUPRUM.png\",\"width\":500,\"height\":500,\"caption\":\"ESCALERA-CONVERTIBLE-DE-ALUMINIO\"},{\"@type\":\"BreadcrumbList\",\"@id\":\"https:\/\/distribuidorpanelrey.com.mx\/producto\/escalera-de-tijeras-de-aluminio\/#breadcrumb\",\"itemListElement\":[{\"@type\":\"ListItem\",\"position\":1,\"name\":\"Portada\",\"item\":\"https:\/\/distribuidorpanelrey.com.mx\/\"},{\"@type\":\"ListItem\",\"position\":2,\"name\":\"Productos\",\"item\":\"https:\/\/distribuidorpanelrey.com\/tienda\/\"},{\"@type\":\"ListItem\",\"position\":3,\"name\":\"ESCALERA DE TIJERA DE\u00a0ALUMINIO | CUPRUM\"}]},{\"@type\":\"WebSite\",\"@id\":\"https:\/\/distribuidorpanelrey.com\/#website\",\"url\":\"https:\/\/distribuidorpanelrey.com\/\",\"name\":\"PANEL REY MEXICO\",\"description\":\"DISTRIBUIDOR PANEL REY\",\"publisher\":{\"@id\":\"https:\/\/distribuidorpanelrey.com\/#organization\"},\"alternateName\":\"DISTRIBUIDOR PANEL REY\",\"potentialAction\":[{\"@type\":\"SearchAction\",\"target\":{\"@type\":\"EntryPoint\",\"urlTemplate\":\"https:\/\/distribuidorpanelrey.com\/?s={search_term_string}\"},\"query-input\":{\"@type\":\"PropertyValueSpecification\",\"valueRequired\":true,\"valueName\":\"search_term_string\"}}],\"inLanguage\":\"es\"},{\"@type\":\"Organization\",\"@id\":\"https:\/\/distribuidorpanelrey.com\/#organization\",\"name\":\"PANEL REY MEXICO\",\"url\":\"https:\/\/distribuidorpanelrey.com\/\",\"logo\":{\"@type\":\"ImageObject\",\"inLanguage\":\"es\",\"@id\":\"https:\/\/distribuidorpanelrey.com\/#\/schema\/logo\/image\/\",\"url\":\"https:\/\/distribuidorpanelrey.com.mx\/wp-content\/uploads\/2023\/11\/panelrey.webp\",\"contentUrl\":\"https:\/\/distribuidorpanelrey.com.mx\/wp-content\/uploads\/2023\/11\/panelrey.webp\",\"width\":400,\"height\":150,\"caption\":\"PANEL REY MEXICO\"},\"image\":{\"@id\":\"https:\/\/distribuidorpanelrey.com\/#\/schema\/logo\/image\/\"},\"sameAs\":[\"https:\/\/www.facebook.com\/mexicopanelrey\/?locale=es_LA\",\"https:\/\/www.instagram.com\/panel_rey_mexico\/?hl=es\"]}]}<\/script>\n<!-- \/ Yoast SEO plugin. -->","yoast_head_json":{"title":"ESCALERA DE TIJERA DE\u00a0ALUMINIO","description":"ENCUENTRA EN PANEL REY MEXICO LA MEJOR CALIDAD DE ESCALERA DE TIJERA DE\u00a0ALUMINIO DE DIFERENTES MEDIDAS AL MEJOR PRECIO, COMRALA AQUI","robots":{"index":"index","follow":"follow","max-snippet":"max-snippet:-1","max-image-preview":"max-image-preview:large","max-video-preview":"max-video-preview:-1"},"canonical":"https:\/\/distribuidorpanelrey.com.mx\/producto\/escalera-de-tijeras-de-aluminio\/","og_locale":"es_ES","og_type":"article","og_title":"ESCALERA DE TIJERA DE\u00a0ALUMINIO","og_description":"ENCUENTRA EN PANEL REY MEXICO LA MEJOR CALIDAD DE ESCALERA DE TIJERA DE\u00a0ALUMINIO DE DIFERENTES MEDIDAS AL MEJOR PRECIO, COMRALA AQUI","og_url":"https:\/\/distribuidorpanelrey.com.mx\/producto\/escalera-de-tijeras-de-aluminio\/","og_site_name":"PANEL REY MEXICO","article_publisher":"https:\/\/www.facebook.com\/mexicopanelrey\/?locale=es_LA","article_modified_time":"2025-12-05T16:46:23+00:00","og_image":[{"width":500,"height":500,"url":"https:\/\/distribuidorpanelrey.com.mx\/wp-content\/uploads\/2023\/03\/ESCALERA-DE-ALUMINIO-CUPRUM.png","type":"image\/png"}],"twitter_card":"summary_large_image","twitter_misc":{"Tiempo de lectura":"2 minutos"},"schema":{"@context":"https:\/\/schema.org","@graph":[{"@type":"WebPage","@id":"https:\/\/distribuidorpanelrey.com.mx\/producto\/escalera-de-tijeras-de-aluminio\/","url":"https:\/\/distribuidorpanelrey.com.mx\/producto\/escalera-de-tijeras-de-aluminio\/","name":"ESCALERA DE TIJERA DE\u00a0ALUMINIO","isPartOf":{"@id":"https:\/\/distribuidorpanelrey.com\/#website"},"primaryImageOfPage":{"@id":"https:\/\/distribuidorpanelrey.com.mx\/producto\/escalera-de-tijeras-de-aluminio\/#primaryimage"},"image":{"@id":"https:\/\/distribuidorpanelrey.com.mx\/producto\/escalera-de-tijeras-de-aluminio\/#primaryimage"},"thumbnailUrl":"https:\/\/distribuidorpanelrey.com.mx\/wp-content\/uploads\/2023\/03\/ESCALERA-DE-ALUMINIO-CUPRUM.png","datePublished":"2023-03-29T21:11:57+00:00","dateModified":"2025-12-05T16:46:23+00:00","description":"ENCUENTRA EN PANEL REY MEXICO LA MEJOR CALIDAD DE ESCALERA DE TIJERA DE\u00a0ALUMINIO DE DIFERENTES MEDIDAS AL MEJOR PRECIO, COMRALA AQUI","breadcrumb":{"@id":"https:\/\/distribuidorpanelrey.com.mx\/producto\/escalera-de-tijeras-de-aluminio\/#breadcrumb"},"inLanguage":"es","potentialAction":[{"@type":"ReadAction","target":["https:\/\/distribuidorpanelrey.com.mx\/producto\/escalera-de-tijeras-de-aluminio\/"]}]},{"@type":"ImageObject","inLanguage":"es","@id":"https:\/\/distribuidorpanelrey.com.mx\/producto\/escalera-de-tijeras-de-aluminio\/#primaryimage","url":"https:\/\/distribuidorpanelrey.com.mx\/wp-content\/uploads\/2023\/03\/ESCALERA-DE-ALUMINIO-CUPRUM.png","contentUrl":"https:\/\/distribuidorpanelrey.com.mx\/wp-content\/uploads\/2023\/03\/ESCALERA-DE-ALUMINIO-CUPRUM.png","width":500,"height":500,"caption":"ESCALERA-CONVERTIBLE-DE-ALUMINIO"},{"@type":"BreadcrumbList","@id":"https:\/\/distribuidorpanelrey.com.mx\/producto\/escalera-de-tijeras-de-aluminio\/#breadcrumb","itemListElement":[{"@type":"ListItem","position":1,"name":"Portada","item":"https:\/\/distribuidorpanelrey.com.mx\/"},{"@type":"ListItem","position":2,"name":"Productos","item":"https:\/\/distribuidorpanelrey.com\/tienda\/"},{"@type":"ListItem","position":3,"name":"ESCALERA DE TIJERA DE\u00a0ALUMINIO | CUPRUM"}]},{"@type":"WebSite","@id":"https:\/\/distribuidorpanelrey.com\/#website","url":"https:\/\/distribuidorpanelrey.com\/","name":"PANEL REY MEXICO","description":"DISTRIBUIDOR PANEL REY","publisher":{"@id":"https:\/\/distribuidorpanelrey.com\/#organization"},"alternateName":"DISTRIBUIDOR PANEL REY","potentialAction":[{"@type":"SearchAction","target":{"@type":"EntryPoint","urlTemplate":"https:\/\/distribuidorpanelrey.com\/?s={search_term_string}"},"query-input":{"@type":"PropertyValueSpecification","valueRequired":true,"valueName":"search_term_string"}}],"inLanguage":"es"},{"@type":"Organization","@id":"https:\/\/distribuidorpanelrey.com\/#organization","name":"PANEL REY MEXICO","url":"https:\/\/distribuidorpanelrey.com\/","logo":{"@type":"ImageObject","inLanguage":"es","@id":"https:\/\/distribuidorpanelrey.com\/#\/schema\/logo\/image\/","url":"https:\/\/distribuidorpanelrey.com.mx\/wp-content\/uploads\/2023\/11\/panelrey.webp","contentUrl":"https:\/\/distribuidorpanelrey.com.mx\/wp-content\/uploads\/2023\/11\/panelrey.webp","width":400,"height":150,"caption":"PANEL REY MEXICO"},"image":{"@id":"https:\/\/distribuidorpanelrey.com\/#\/schema\/logo\/image\/"},"sameAs":["https:\/\/www.facebook.com\/mexicopanelrey\/?locale=es_LA","https:\/\/www.instagram.com\/panel_rey_mexico\/?hl=es"]}]}},"_links":{"self":[{"href":"https:\/\/distribuidorpanelrey.com.mx\/wp-json\/wp\/v2\/product\/1984","targetHints":{"allow":["GET"]}}],"collection":[{"href":"https:\/\/distribuidorpanelrey.com.mx\/wp-json\/wp\/v2\/product"}],"about":[{"href":"https:\/\/distribuidorpanelrey.com.mx\/wp-json\/wp\/v2\/types\/product"}],"replies":[{"embeddable":true,"href":"https:\/\/distribuidorpanelrey.com.mx\/wp-json\/wp\/v2\/comments?post=1984"}],"version-history":[{"count":2,"href":"https:\/\/distribuidorpanelrey.com.mx\/wp-json\/wp\/v2\/product\/1984\/revisions"}],"predecessor-version":[{"id":6673,"href":"https:\/\/distribuidorpanelrey.com.mx\/wp-json\/wp\/v2\/product\/1984\/revisions\/6673"}],"wp:featuredmedia":[{"embeddable":true,"href":"https:\/\/distribuidorpanelrey.com.mx\/wp-json\/wp\/v2\/media\/1985"}],"wp:attachment":[{"href":"https:\/\/distribuidorpanelrey.com.mx\/wp-json\/wp\/v2\/media?parent=1984"}],"wp:term":[{"taxonomy":"product_brand","embeddable":true,"href":"https:\/\/distribuidorpanelrey.com.mx\/wp-json\/wp\/v2\/product_brand?post=1984"},{"taxonomy":"product_cat","embeddable":true,"href":"https:\/\/distribuidorpanelrey.com.mx\/wp-json\/wp\/v2\/product_cat?post=1984"},{"taxonomy":"product_tag","embeddable":true,"href":"https:\/\/distribuidorpanelrey.com.mx\/wp-json\/wp\/v2\/product_tag?post=1984"}],"curies":[{"name":"wp","href":"https:\/\/api.w.org\/{rel}","templated":true}]}}