{"id":2007,"date":"2023-03-31T19:19:42","date_gmt":"2023-03-31T19:19:42","guid":{"rendered":"https:\/\/distribuidorpanelrey.com.mx\/?post_type=product&#038;p=2007"},"modified":"2025-08-18T04:16:13","modified_gmt":"2025-08-18T04:16:13","slug":"escalera-de-tijera-de-fibra-de-vidrio-crum","status":"publish","type":"product","link":"https:\/\/distribuidorpanelrey.com.mx\/producto\/escalera-de-tijera-de-fibra-de-vidrio-crum\/","title":{"rendered":"ESCALERA DE TIJERA DE FIBRA DE VIDRIO | CUPRUM"},"content":{"rendered":"<h1>ESCALERA DE TIJERA DE FIBRA DE VIDRIO | CRUM<\/h1>\n<p>ESCALERA DE TIJERA DE FIBRA DE VIDRIO | CRUM La funci\u00f3n de la \u00abEscalera de Tijera de Fibra de Vidrio | Cuprum\u00bb radica en proporcionar una soluci\u00f3n segura y confiable para trabajos en altura tanto en entornos industriales como dom\u00e9sticos. La palabra clave \u00abEscalera de Tijera de Fibra de Vidrio | Cuprum\u00bb destaca el tipo de producto y la marca espec\u00edfica que lo ofrece.<\/p>\n<p>Descripci\u00f3n:<\/p>\n<p>La \u00abEscalera de Tijera de Fibra de Vidrio | Cuprum\u00bb es una herramienta dise\u00f1ada para facilitar el acceso seguro a diferentes alturas durante trabajos de construcci\u00f3n, mantenimiento o reparaci\u00f3n. Fabricada con materiales de alta calidad como la fibra de vidrio, esta escalera ofrece resistencia a la corrosi\u00f3n, aislamiento el\u00e9ctrico y una estructura robusta que soporta cargas adecuadas para el uso profesional.<\/p>\n<h3>Caracter\u00edsticas<\/h3>\n<table class=\"table\">\n<thead>\n<tr>\n<th width=\"70%\"><\/th>\n<th width=\"30%\"><\/th>\n<\/tr>\n<\/thead>\n<tbody>\n<tr>\n<td>Modelo<\/td>\n<td>C-3115-06<\/td>\n<\/tr>\n<tr>\n<td>No. de pies<\/td>\n<td>6<\/td>\n<\/tr>\n<tr>\n<td>No. de pelda\u00f1os<\/td>\n<td>5<\/td>\n<\/tr>\n<tr>\n<td>Altura total de la escalera (m)<\/td>\n<td>1.83<\/td>\n<\/tr>\n<tr>\n<td>Altura m\u00e1x. para pararse (m)<\/td>\n<td>1.16<\/td>\n<\/tr>\n<tr class=\"important\">\n<td>Alcance m\u00e1x. de trabajo (m)<\/td>\n<td>3.16<\/td>\n<\/tr>\n<tr>\n<td>Peso aprox. (kg)<\/td>\n<td>7.71<\/td>\n<\/tr>\n<tr>\n<td>Volumen (m<sup>3<\/sup>)<\/td>\n<td>0.20<\/td>\n<\/tr>\n<\/tbody>\n<\/table>\n<p>Se considera el alcance m\u00e1ximo de trabajo en la escalera de una persona que con su brazo extendido alcanza 2m.<\/p>\n<p>Para mayor informacionc onsulata la ficha tecnica dando click <a href=\"https:\/\/www.centrometalico.com\/image.ashx?i=3776653.pdf\">aqui<\/a><\/p>\n<p style=\"text-align: center;\">En\u00a0<strong data-start=\"82\" data-end=\"115\">Distribuidor Panel Rey M\u00e9xico<\/strong>\u00a0encuentras calidad y confianza en productos\u00a0<strong data-start=\"160\" data-end=\"172\">CUPRUM<\/strong>.<br data-start=\"173\" data-end=\"176\" \/><img decoding=\"async\" class=\"emoji\" role=\"img\" draggable=\"false\" src=\"https:\/\/s.w.org\/images\/core\/emoji\/16.0.1\/svg\/2705.svg\" alt=\"\u2705\" \/>\u00a0Env\u00edos a toda la Rep\u00fablica Mexicana. \u00a1Pregunta por nuestras promociones vigentes!<br data-start=\"259\" data-end=\"262\" data-is-only-node=\"\" \/><img decoding=\"async\" class=\"emoji\" role=\"img\" draggable=\"false\" src=\"https:\/\/s.w.org\/images\/core\/emoji\/16.0.1\/svg\/2705.svg\" alt=\"\u2705\" \/>\u00a0Todos los precios incluyen IVA (sujetos a cambio sin previo aviso).<br data-start=\"331\" data-end=\"334\" \/><img decoding=\"async\" class=\"emoji\" role=\"img\" draggable=\"false\" src=\"https:\/\/s.w.org\/images\/core\/emoji\/16.0.1\/svg\/2705.svg\" alt=\"\u2705\" \/>\u00a0Im\u00e1genes ilustrativas, el producto final puede presentar ligeras variaciones.<br data-start=\"413\" data-end=\"416\" \/><img decoding=\"async\" class=\"emoji\" role=\"img\" draggable=\"false\" src=\"https:\/\/s.w.org\/images\/core\/emoji\/16.0.1\/svg\/1f4ac.svg\" alt=\"\ud83d\udcac\" \/>\u00a0\u00bfTienes dudas? Escr\u00edbenos por\u00a0<a href=\"https:\/\/www.facebook.com\/mexicopanelrey\">Facebook<\/a>\u00a0o\u00a0<a href=\"https:\/\/www.instagram.com\/panel_rey_mexico\/\">Instagram<\/a>.<br data-start=\"470\" data-end=\"473\" \/><img decoding=\"async\" class=\"emoji\" role=\"img\" draggable=\"false\" src=\"https:\/\/s.w.org\/images\/core\/emoji\/16.0.1\/svg\/1f4de.svg\" alt=\"\ud83d\udcde\" \/>\u00a0Tel:\u00a0<a href=\"tel:55 7397 6243\">55 7397 6243<\/a>\u00a0| WhatsApp:\u00a0<a href=\"https:\/\/api.whatsapp.com\/send?phone=525573976243\">5573976243<\/a><br data-start=\"518\" data-end=\"521\" \/><img decoding=\"async\" class=\"emoji\" role=\"img\" draggable=\"false\" src=\"https:\/\/s.w.org\/images\/core\/emoji\/16.0.1\/svg\/1f4e7.svg\" alt=\"\ud83d\udce7\" \/>\u00a0<a class=\"cursor-pointer\" href=\"mailto:ventas@distribuidorpanelrey.com\" rel=\"noopener\" data-start=\"524\" data-end=\"555\">ventas@distribuidorpanelrey.com<\/a><\/p>\n","protected":false},"excerpt":{"rendered":"<h4 style=\"text-align: center;\">Env\u00edos de 24 a 48 hr CDMX Y EDO MEX<\/h4>\n<p style=\"text-align: center;\">Rese\u00f1as\u00a0\u2605\u2605\u2605\u2605\u2605\u00a0 Env\u00edos Garantizados<\/p>\n<h4 style=\"text-align: center;\">\ud83d\udd25LOS MEJORES PRECIOS \ud83d\udd25<\/h4>\n","protected":false},"featured_media":2009,"comment_status":"closed","ping_status":"closed","template":"","meta":[],"product_brand":[550],"product_cat":[368],"product_tag":[370,401,409,317,318,111,165],"class_list":{"0":"post-2007","1":"product","2":"type-product","3":"status-publish","4":"has-post-thumbnail","6":"product_brand-cuprum","7":"product_cat-escaleras","8":"product_tag-escalera","9":"product_tag-escalera-cuprum","10":"product_tag-escalera-de-fibra-de-vidrio","11":"product_tag-ferrekasa","12":"product_tag-ferremex","13":"product_tag-panel-rey","14":"product_tag-panel-rey-mexico","16":"first","17":"instock","18":"shipping-taxable","19":"purchasable","20":"product-type-variable"},"yoast_head":"<!-- This site is optimized with the Yoast SEO plugin v27.1.1 - https:\/\/yoast.com\/product\/yoast-seo-wordpress\/ -->\n<title>ESCALERA DE TIJERA DE FIBRA DE VIDRIO | CRUM<\/title>\n<meta name=\"description\" content=\"ESCALERA DE TIJERA DE FIBRA DE VIDRIO | CRUM En panel rey mexico encontraras la mejor calidad en equipo de construccion, Te esperamos hoy; No faltes\" \/>\n<meta name=\"robots\" content=\"index, follow, max-snippet:-1, max-image-preview:large, max-video-preview:-1\" \/>\n<link rel=\"canonical\" href=\"https:\/\/distribuidorpanelrey.com.mx\/producto\/escalera-de-tijera-de-fibra-de-vidrio-crum\/\" \/>\n<meta property=\"og:locale\" content=\"es_ES\" \/>\n<meta property=\"og:type\" content=\"article\" \/>\n<meta property=\"og:title\" content=\"ESCALERA DE TIJERA DE FIBRA DE VIDRIO | CRUM\" \/>\n<meta property=\"og:description\" content=\"ESCALERA DE TIJERA DE FIBRA DE VIDRIO | CRUM En panel rey mexico encontraras la mejor calidad en equipo de construccion, Te esperamos hoy; No faltes\" \/>\n<meta property=\"og:url\" content=\"https:\/\/distribuidorpanelrey.com.mx\/producto\/escalera-de-tijera-de-fibra-de-vidrio-crum\/\" \/>\n<meta property=\"og:site_name\" content=\"PANEL REY MEXICO\" \/>\n<meta property=\"article:publisher\" content=\"https:\/\/www.facebook.com\/mexicopanelrey\/?locale=es_LA\" \/>\n<meta property=\"article:modified_time\" content=\"2025-08-18T04:16:13+00:00\" \/>\n<meta property=\"og:image\" content=\"https:\/\/distribuidorpanelrey.com.mx\/wp-content\/uploads\/2023\/03\/14.jpg\" \/>\n\t<meta property=\"og:image:width\" content=\"500\" \/>\n\t<meta property=\"og:image:height\" content=\"500\" \/>\n\t<meta property=\"og:image:type\" content=\"image\/jpeg\" \/>\n<meta name=\"twitter:card\" content=\"summary_large_image\" \/>\n<meta name=\"twitter:label1\" content=\"Tiempo de lectura\" \/>\n\t<meta name=\"twitter:data1\" content=\"3 minutos\" \/>\n<script type=\"application\/ld+json\" class=\"yoast-schema-graph\">{\"@context\":\"https:\/\/schema.org\",\"@graph\":[{\"@type\":\"WebPage\",\"@id\":\"https:\/\/distribuidorpanelrey.com.mx\/producto\/escalera-de-tijera-de-fibra-de-vidrio-crum\/\",\"url\":\"https:\/\/distribuidorpanelrey.com.mx\/producto\/escalera-de-tijera-de-fibra-de-vidrio-crum\/\",\"name\":\"ESCALERA DE TIJERA DE FIBRA DE VIDRIO | CRUM\",\"isPartOf\":{\"@id\":\"https:\/\/distribuidorpanelrey.com\/#website\"},\"primaryImageOfPage\":{\"@id\":\"https:\/\/distribuidorpanelrey.com.mx\/producto\/escalera-de-tijera-de-fibra-de-vidrio-crum\/#primaryimage\"},\"image\":{\"@id\":\"https:\/\/distribuidorpanelrey.com.mx\/producto\/escalera-de-tijera-de-fibra-de-vidrio-crum\/#primaryimage\"},\"thumbnailUrl\":\"https:\/\/distribuidorpanelrey.com.mx\/wp-content\/uploads\/2023\/03\/14.jpg\",\"datePublished\":\"2023-03-31T19:19:42+00:00\",\"dateModified\":\"2025-08-18T04:16:13+00:00\",\"description\":\"ESCALERA DE TIJERA DE FIBRA DE VIDRIO | CRUM En panel rey mexico encontraras la mejor calidad en equipo de construccion, Te esperamos hoy; No faltes\",\"breadcrumb\":{\"@id\":\"https:\/\/distribuidorpanelrey.com.mx\/producto\/escalera-de-tijera-de-fibra-de-vidrio-crum\/#breadcrumb\"},\"inLanguage\":\"es\",\"potentialAction\":[{\"@type\":\"ReadAction\",\"target\":[\"https:\/\/distribuidorpanelrey.com.mx\/producto\/escalera-de-tijera-de-fibra-de-vidrio-crum\/\"]}]},{\"@type\":\"ImageObject\",\"inLanguage\":\"es\",\"@id\":\"https:\/\/distribuidorpanelrey.com.mx\/producto\/escalera-de-tijera-de-fibra-de-vidrio-crum\/#primaryimage\",\"url\":\"https:\/\/distribuidorpanelrey.com.mx\/wp-content\/uploads\/2023\/03\/14.jpg\",\"contentUrl\":\"https:\/\/distribuidorpanelrey.com.mx\/wp-content\/uploads\/2023\/03\/14.jpg\",\"width\":500,\"height\":500,\"caption\":\"ESCALERA-CONVERTIBLE-DE-ALUMINIO\"},{\"@type\":\"BreadcrumbList\",\"@id\":\"https:\/\/distribuidorpanelrey.com.mx\/producto\/escalera-de-tijera-de-fibra-de-vidrio-crum\/#breadcrumb\",\"itemListElement\":[{\"@type\":\"ListItem\",\"position\":1,\"name\":\"Portada\",\"item\":\"https:\/\/distribuidorpanelrey.com.mx\/\"},{\"@type\":\"ListItem\",\"position\":2,\"name\":\"Productos\",\"item\":\"https:\/\/distribuidorpanelrey.com\/tienda\/\"},{\"@type\":\"ListItem\",\"position\":3,\"name\":\"ESCALERA DE TIJERA DE FIBRA DE VIDRIO | CUPRUM\"}]},{\"@type\":\"WebSite\",\"@id\":\"https:\/\/distribuidorpanelrey.com\/#website\",\"url\":\"https:\/\/distribuidorpanelrey.com\/\",\"name\":\"PANEL REY MEXICO\",\"description\":\"DISTRIBUIDOR PANEL REY\",\"publisher\":{\"@id\":\"https:\/\/distribuidorpanelrey.com\/#organization\"},\"alternateName\":\"DISTRIBUIDOR PANEL REY\",\"potentialAction\":[{\"@type\":\"SearchAction\",\"target\":{\"@type\":\"EntryPoint\",\"urlTemplate\":\"https:\/\/distribuidorpanelrey.com\/?s={search_term_string}\"},\"query-input\":{\"@type\":\"PropertyValueSpecification\",\"valueRequired\":true,\"valueName\":\"search_term_string\"}}],\"inLanguage\":\"es\"},{\"@type\":\"Organization\",\"@id\":\"https:\/\/distribuidorpanelrey.com\/#organization\",\"name\":\"PANEL REY MEXICO\",\"url\":\"https:\/\/distribuidorpanelrey.com\/\",\"logo\":{\"@type\":\"ImageObject\",\"inLanguage\":\"es\",\"@id\":\"https:\/\/distribuidorpanelrey.com\/#\/schema\/logo\/image\/\",\"url\":\"https:\/\/distribuidorpanelrey.com.mx\/wp-content\/uploads\/2023\/11\/panelrey.webp\",\"contentUrl\":\"https:\/\/distribuidorpanelrey.com.mx\/wp-content\/uploads\/2023\/11\/panelrey.webp\",\"width\":400,\"height\":150,\"caption\":\"PANEL REY MEXICO\"},\"image\":{\"@id\":\"https:\/\/distribuidorpanelrey.com\/#\/schema\/logo\/image\/\"},\"sameAs\":[\"https:\/\/www.facebook.com\/mexicopanelrey\/?locale=es_LA\",\"https:\/\/www.instagram.com\/panel_rey_mexico\/?hl=es\"]}]}<\/script>\n<!-- \/ Yoast SEO plugin. -->","yoast_head_json":{"title":"ESCALERA DE TIJERA DE FIBRA DE VIDRIO | CRUM","description":"ESCALERA DE TIJERA DE FIBRA DE VIDRIO | CRUM En panel rey mexico encontraras la mejor calidad en equipo de construccion, Te esperamos hoy; No faltes","robots":{"index":"index","follow":"follow","max-snippet":"max-snippet:-1","max-image-preview":"max-image-preview:large","max-video-preview":"max-video-preview:-1"},"canonical":"https:\/\/distribuidorpanelrey.com.mx\/producto\/escalera-de-tijera-de-fibra-de-vidrio-crum\/","og_locale":"es_ES","og_type":"article","og_title":"ESCALERA DE TIJERA DE FIBRA DE VIDRIO | CRUM","og_description":"ESCALERA DE TIJERA DE FIBRA DE VIDRIO | CRUM En panel rey mexico encontraras la mejor calidad en equipo de construccion, Te esperamos hoy; No faltes","og_url":"https:\/\/distribuidorpanelrey.com.mx\/producto\/escalera-de-tijera-de-fibra-de-vidrio-crum\/","og_site_name":"PANEL REY MEXICO","article_publisher":"https:\/\/www.facebook.com\/mexicopanelrey\/?locale=es_LA","article_modified_time":"2025-08-18T04:16:13+00:00","og_image":[{"width":500,"height":500,"url":"https:\/\/distribuidorpanelrey.com.mx\/wp-content\/uploads\/2023\/03\/14.jpg","type":"image\/jpeg"}],"twitter_card":"summary_large_image","twitter_misc":{"Tiempo de lectura":"3 minutos"},"schema":{"@context":"https:\/\/schema.org","@graph":[{"@type":"WebPage","@id":"https:\/\/distribuidorpanelrey.com.mx\/producto\/escalera-de-tijera-de-fibra-de-vidrio-crum\/","url":"https:\/\/distribuidorpanelrey.com.mx\/producto\/escalera-de-tijera-de-fibra-de-vidrio-crum\/","name":"ESCALERA DE TIJERA DE FIBRA DE VIDRIO | CRUM","isPartOf":{"@id":"https:\/\/distribuidorpanelrey.com\/#website"},"primaryImageOfPage":{"@id":"https:\/\/distribuidorpanelrey.com.mx\/producto\/escalera-de-tijera-de-fibra-de-vidrio-crum\/#primaryimage"},"image":{"@id":"https:\/\/distribuidorpanelrey.com.mx\/producto\/escalera-de-tijera-de-fibra-de-vidrio-crum\/#primaryimage"},"thumbnailUrl":"https:\/\/distribuidorpanelrey.com.mx\/wp-content\/uploads\/2023\/03\/14.jpg","datePublished":"2023-03-31T19:19:42+00:00","dateModified":"2025-08-18T04:16:13+00:00","description":"ESCALERA DE TIJERA DE FIBRA DE VIDRIO | CRUM En panel rey mexico encontraras la mejor calidad en equipo de construccion, Te esperamos hoy; No faltes","breadcrumb":{"@id":"https:\/\/distribuidorpanelrey.com.mx\/producto\/escalera-de-tijera-de-fibra-de-vidrio-crum\/#breadcrumb"},"inLanguage":"es","potentialAction":[{"@type":"ReadAction","target":["https:\/\/distribuidorpanelrey.com.mx\/producto\/escalera-de-tijera-de-fibra-de-vidrio-crum\/"]}]},{"@type":"ImageObject","inLanguage":"es","@id":"https:\/\/distribuidorpanelrey.com.mx\/producto\/escalera-de-tijera-de-fibra-de-vidrio-crum\/#primaryimage","url":"https:\/\/distribuidorpanelrey.com.mx\/wp-content\/uploads\/2023\/03\/14.jpg","contentUrl":"https:\/\/distribuidorpanelrey.com.mx\/wp-content\/uploads\/2023\/03\/14.jpg","width":500,"height":500,"caption":"ESCALERA-CONVERTIBLE-DE-ALUMINIO"},{"@type":"BreadcrumbList","@id":"https:\/\/distribuidorpanelrey.com.mx\/producto\/escalera-de-tijera-de-fibra-de-vidrio-crum\/#breadcrumb","itemListElement":[{"@type":"ListItem","position":1,"name":"Portada","item":"https:\/\/distribuidorpanelrey.com.mx\/"},{"@type":"ListItem","position":2,"name":"Productos","item":"https:\/\/distribuidorpanelrey.com\/tienda\/"},{"@type":"ListItem","position":3,"name":"ESCALERA DE TIJERA DE FIBRA DE VIDRIO | CUPRUM"}]},{"@type":"WebSite","@id":"https:\/\/distribuidorpanelrey.com\/#website","url":"https:\/\/distribuidorpanelrey.com\/","name":"PANEL REY MEXICO","description":"DISTRIBUIDOR PANEL REY","publisher":{"@id":"https:\/\/distribuidorpanelrey.com\/#organization"},"alternateName":"DISTRIBUIDOR PANEL REY","potentialAction":[{"@type":"SearchAction","target":{"@type":"EntryPoint","urlTemplate":"https:\/\/distribuidorpanelrey.com\/?s={search_term_string}"},"query-input":{"@type":"PropertyValueSpecification","valueRequired":true,"valueName":"search_term_string"}}],"inLanguage":"es"},{"@type":"Organization","@id":"https:\/\/distribuidorpanelrey.com\/#organization","name":"PANEL REY MEXICO","url":"https:\/\/distribuidorpanelrey.com\/","logo":{"@type":"ImageObject","inLanguage":"es","@id":"https:\/\/distribuidorpanelrey.com\/#\/schema\/logo\/image\/","url":"https:\/\/distribuidorpanelrey.com.mx\/wp-content\/uploads\/2023\/11\/panelrey.webp","contentUrl":"https:\/\/distribuidorpanelrey.com.mx\/wp-content\/uploads\/2023\/11\/panelrey.webp","width":400,"height":150,"caption":"PANEL REY MEXICO"},"image":{"@id":"https:\/\/distribuidorpanelrey.com\/#\/schema\/logo\/image\/"},"sameAs":["https:\/\/www.facebook.com\/mexicopanelrey\/?locale=es_LA","https:\/\/www.instagram.com\/panel_rey_mexico\/?hl=es"]}]}},"_links":{"self":[{"href":"https:\/\/distribuidorpanelrey.com.mx\/wp-json\/wp\/v2\/product\/2007","targetHints":{"allow":["GET"]}}],"collection":[{"href":"https:\/\/distribuidorpanelrey.com.mx\/wp-json\/wp\/v2\/product"}],"about":[{"href":"https:\/\/distribuidorpanelrey.com.mx\/wp-json\/wp\/v2\/types\/product"}],"replies":[{"embeddable":true,"href":"https:\/\/distribuidorpanelrey.com.mx\/wp-json\/wp\/v2\/comments?post=2007"}],"version-history":[{"count":4,"href":"https:\/\/distribuidorpanelrey.com.mx\/wp-json\/wp\/v2\/product\/2007\/revisions"}],"predecessor-version":[{"id":4321,"href":"https:\/\/distribuidorpanelrey.com.mx\/wp-json\/wp\/v2\/product\/2007\/revisions\/4321"}],"wp:featuredmedia":[{"embeddable":true,"href":"https:\/\/distribuidorpanelrey.com.mx\/wp-json\/wp\/v2\/media\/2009"}],"wp:attachment":[{"href":"https:\/\/distribuidorpanelrey.com.mx\/wp-json\/wp\/v2\/media?parent=2007"}],"wp:term":[{"taxonomy":"product_brand","embeddable":true,"href":"https:\/\/distribuidorpanelrey.com.mx\/wp-json\/wp\/v2\/product_brand?post=2007"},{"taxonomy":"product_cat","embeddable":true,"href":"https:\/\/distribuidorpanelrey.com.mx\/wp-json\/wp\/v2\/product_cat?post=2007"},{"taxonomy":"product_tag","embeddable":true,"href":"https:\/\/distribuidorpanelrey.com.mx\/wp-json\/wp\/v2\/product_tag?post=2007"}],"curies":[{"name":"wp","href":"https:\/\/api.w.org\/{rel}","templated":true}]}}