{"id":2019,"date":"2023-03-31T21:24:37","date_gmt":"2023-03-31T21:24:37","guid":{"rendered":"https:\/\/distribuidorpanelrey.com.mx\/?post_type=product&#038;p=2019"},"modified":"2026-02-17T01:32:51","modified_gmt":"2026-02-17T01:32:51","slug":"pintura-vinilica-berelinte-7-berel","status":"publish","type":"product","link":"https:\/\/distribuidorpanelrey.com.mx\/producto\/pintura-vinilica-berelinte-7-berel\/","title":{"rendered":"PINTURA VINILICA BERELINTE 7 | BEREL"},"content":{"rendered":"<h1><strong>PINTURA VINILICA BERELINTE 7<\/strong><\/h1>\n<h4><strong>Berelinte 7\u00a0<\/strong><\/h4>\n<h4><\/h4>\n<p>Berelinte 7 Es una pintura de extraordinaria duraci\u00f3n con excelente rendimiento, poder cubriente y gran resistencia al lavado. Su acabado es terso y mate, posee muy buena facilidad de aplicaci\u00f3n y ofrece mejor resistencia al salpiqueo al aplicarse con rodillo. \u2013 La mejor relaci\u00f3n precio-calidad.<\/p>\n<ul>\n<li>En algunos colores varea el precio debido a la intensidad del color.<\/li>\n<\/ul>\n<h4><strong>DESCRIPCI\u00d3N DEL PRODUCTO:<\/strong><\/h4>\n<p>Es una pintura de extraordinaria duraci\u00f3n con excelente rendimiento, poder cubriente y gran resistencia al lavado, su acabado es terso y mate, posee muy buena facilidad de aplicaci\u00f3n, ofrece mejor resistencia al salpiqueo al aplicarse con rodillo.<\/p>\n<h4><strong>APLICACIONES:<\/strong><\/h4>\n<p>Recomendado para protecci\u00f3n y decoraci\u00f3n de interiores y exteriores sobre acabados de yeso, ladrillo, cemento o motero. Ideal cuando se requiere un producto con excelente acabado y de larga duraci\u00f3n.<\/p>\n<h4><strong>PROPIEDADES:<\/strong><\/h4>\n<p>Secado Libre al Tacto: 1 Hora M\u00e1x.<br \/>\nDensidad: 1.18 \u2013 1.45 kg\/L<br \/>\nS\u00f3lidos en Peso: 50 \u2013 57%<br \/>\nViscosidad: 101 \u2013 106 U. Krebs<br \/>\nRendimiento (a 2 manos)*: 8 \u2013 10 m2\/L<br \/>\nLavabilidad: &gt;60,000 ciclos<br \/>\nBases para Igualaci\u00f3n: Pastel, Tint, Deep y Neutra<\/p>\n<p>Compuestos Org\u00e1nicos Vol\u00e1tiles (COV)**: &lt;50 g\/L<\/p>\n<p>Presentaciones: 1 L, 4 L, 19 L<\/p>\n<p>* Puede ser menor dependiendo del color aplicado, del tipo, rugosidad y porosidad de la superficie, as\u00ed como del m\u00e9todo de aplicaci\u00f3n.<br \/>\n** El valor de COV puede variar con el contenido de tinta adicionada a la pintura.<\/p>\n<h4><strong>PREPARACI\u00d3N DE LAS SUPERFICIES:<\/strong><\/h4>\n<ul>\n<li>Cuando se trate de superficies que hayan sido pintadas anteriormente, se deber\u00e1 quitar toda la pintura suelta; si es brillante lije; si ya polvea o es al temple, elim\u00ednala lo m\u00e1s posible y proceda a sellar siguiendo las instrucciones.<\/li>\n<li>La superficie a pintar deber\u00e1 estar limpia y seca, totalmente libre de polvo o grasa.<\/li>\n<li>Los materiales de construcci\u00f3n deben estar completamente fraguados y secos. Sobre superficies interiores de yeso, panel de yeso o materiales no alcalinos, recomendamos utilizar el Sellador Vin\u00edlico Berel No. 570 o el Sellador Acr\u00edlico Berel No. 580. En exteriores o en aplanados de cemento, cal o materiales alcalinos, se deber\u00e1 emplear el Sellador Acr\u00edlico Berel No. 580. La diluci\u00f3n del sellador puede ir de 1 a 5 partes de agua por una parte de sellador, dependiendo de la porosidad de la superficie. Una vez seco el sellador se podr\u00e1 pintar.<\/li>\n<\/ul>\n<h4><strong>INSTRUCCIONES:<\/strong><\/h4>\n<ul>\n<li>Mezcle bien el contenido del envase antes y despu\u00e9s de diluir.<\/li>\n<li>Diluya agregando agua limpia, la proporci\u00f3n depende de la porosidad de la superficie y del m\u00e9todo de aplicaci\u00f3n empleado, generalmente de un 10 a 20% es suficiente.<\/li>\n<li>Vuelva a mezclar todo el contenido del envase.<\/li>\n<li>Berelinte 7 se aplica con brocha, rodillo o por aspersi\u00f3n.<\/li>\n<li>Deje secar un m\u00ednimo de 2 horas la primera mano antes de aplicar la segunda.<\/li>\n<\/ul>\n<h4><strong>RECOMENDACIONES:<\/strong><\/h4>\n<ul>\n<li>Todos los colores de Berelinte7 se mezclan entre s\u00ed, su desempe\u00f1o puede variar dependiendo de la intensidad del color obtenido.<\/li>\n<li>No mezcle Berelinte 7 con otras pinturas.<\/li>\n<li>No agregue cargas o materiales extra\u00f1os que adulteren su formulaci\u00f3n.<\/li>\n<li>Tampoco pinte en d\u00edas lluviosos ni cuando la temperatura sea menor a 10 \u00baC.<\/li>\n<li>Antes de pintar solucione problemas de humedad como mala impermeabilizaci\u00f3n, fugas de agua o jardineras mal preparadas.<\/li>\n<li>Lave brochas y dem\u00e1s equipo con agua y jab\u00f3n inmediatamente despu\u00e9s de usarlos.<\/li>\n<li>El \u00e1rea de trabajo debe estar bien ventilada.<\/li>\n<li>No se deje al alcance de los ni\u00f1os.<\/li>\n<\/ul>\n<p>&nbsp;<\/p>\n<p style=\"text-align: center;\">En\u00a0<strong data-start=\"82\" data-end=\"115\">Distribuidor Panel Rey M\u00e9xico<\/strong>\u00a0encuentras calidad y confianza en productos\u00a0<strong data-start=\"160\" data-end=\"172\">Crest<\/strong>.<br data-start=\"173\" data-end=\"176\" \/><img decoding=\"async\" class=\"emoji\" role=\"img\" draggable=\"false\" src=\"https:\/\/s.w.org\/images\/core\/emoji\/16.0.1\/svg\/2705.svg\" alt=\"\u2705\" \/>\u00a0Env\u00edos a toda la Rep\u00fablica Mexicana. \u00a1Pregunta por nuestras promociones vigentes!<br data-start=\"259\" data-end=\"262\" data-is-only-node=\"\" \/><img decoding=\"async\" class=\"emoji\" role=\"img\" draggable=\"false\" src=\"https:\/\/s.w.org\/images\/core\/emoji\/16.0.1\/svg\/2705.svg\" alt=\"\u2705\" \/>\u00a0Todos los precios incluyen IVA (sujetos a cambio sin previo aviso).<br data-start=\"331\" data-end=\"334\" \/><img decoding=\"async\" class=\"emoji\" role=\"img\" draggable=\"false\" src=\"https:\/\/s.w.org\/images\/core\/emoji\/16.0.1\/svg\/2705.svg\" alt=\"\u2705\" \/>\u00a0Im\u00e1genes ilustrativas, el producto final puede presentar ligeras variaciones.<br data-start=\"413\" data-end=\"416\" \/><img decoding=\"async\" class=\"emoji\" role=\"img\" draggable=\"false\" src=\"https:\/\/s.w.org\/images\/core\/emoji\/16.0.1\/svg\/1f4ac.svg\" alt=\"\ud83d\udcac\" \/>\u00a0\u00bfTienes dudas? Escr\u00edbenos por\u00a0<a href=\"https:\/\/www.facebook.com\/mexicopanelrey\">Facebook<\/a>\u00a0o\u00a0<a href=\"https:\/\/www.instagram.com\/panel_rey_mexico\/\">Instagram<\/a>.<br data-start=\"470\" data-end=\"473\" \/><img decoding=\"async\" class=\"emoji\" role=\"img\" draggable=\"false\" src=\"https:\/\/s.w.org\/images\/core\/emoji\/16.0.1\/svg\/1f4de.svg\" alt=\"\ud83d\udcde\" \/>\u00a0Tel:\u00a0<a href=\"tel:55 7397 6243\">55 7397 6243<\/a>\u00a0| WhatsApp:\u00a0<a href=\"https:\/\/api.whatsapp.com\/send?phone=525573976243\">5573976243<\/a><br data-start=\"518\" data-end=\"521\" \/><img decoding=\"async\" class=\"emoji\" role=\"img\" draggable=\"false\" src=\"https:\/\/s.w.org\/images\/core\/emoji\/16.0.1\/svg\/1f4e7.svg\" alt=\"\ud83d\udce7\" \/>\u00a0<a class=\"cursor-pointer\" href=\"mailto:ventas@distribuidorpanelrey.com\" rel=\"noopener\" data-start=\"524\" data-end=\"555\">ventas@distribuidorpanelrey.com<\/a><\/p>\n","protected":false},"excerpt":{"rendered":"<h4 style=\"text-align: center;\">Env\u00edos de 24 a 48 hr CDMX Y EDO MEX<\/h4>\n<p style=\"text-align: center;\">Rese\u00f1as\u00a0\u2605\u2605\u2605\u2605\u2605\u00a0 Env\u00edos Garantizados<\/p>\n<h4 style=\"text-align: center;\">\ud83d\udd25LOS MEJORES PRECIOS \ud83d\udd25<\/h4>\n","protected":false},"featured_media":2021,"comment_status":"closed","ping_status":"closed","template":"","meta":[],"product_brand":[551],"product_cat":[353],"product_tag":[410,411,412,166,317,318,111,165,354,414,359,413],"class_list":{"0":"post-2019","1":"product","2":"type-product","3":"status-publish","4":"has-post-thumbnail","6":"product_brand-berel","7":"product_cat-pintura-y-accesorios","8":"product_tag-berel","9":"product_tag-berelinte","10":"product_tag-berelinte-7","11":"product_tag-distribuidor-panel-rey","12":"product_tag-ferrekasa","13":"product_tag-ferremex","14":"product_tag-panel-rey","15":"product_tag-panel-rey-mexico","16":"product_tag-pintura","17":"product_tag-pintura-berel","18":"product_tag-pintura-blanca","19":"product_tag-pintura-vinilica","21":"first","22":"instock","23":"shipping-taxable","24":"purchasable","25":"product-type-variable"},"yoast_head":"<!-- This site is optimized with the Yoast SEO plugin v27.1.1 - https:\/\/yoast.com\/product\/yoast-seo-wordpress\/ -->\n<title>PINTURA VINILICA BERELINTE 7<\/title>\n<meta name=\"description\" content=\"EN PANEL REY MEXICO ENCUENTRA LA MEJOR CALIDAD EN LA MARCA BEREL COMO LA PINTURA VINILICA BERELINTE 7 QUE TIENE UNA EXCELENTE COVERTURA Y DURABILIDAD\" \/>\n<meta name=\"robots\" content=\"index, follow, max-snippet:-1, max-image-preview:large, max-video-preview:-1\" \/>\n<link rel=\"canonical\" href=\"https:\/\/distribuidorpanelrey.com.mx\/producto\/pintura-vinilica-berelinte-7-berel\/\" \/>\n<meta property=\"og:locale\" content=\"es_ES\" \/>\n<meta property=\"og:type\" content=\"article\" \/>\n<meta property=\"og:title\" content=\"PINTURA VINILICA BERELINTE 7\" \/>\n<meta property=\"og:description\" content=\"EN PANEL REY MEXICO ENCUENTRA LA MEJOR CALIDAD EN LA MARCA BEREL COMO LA PINTURA VINILICA BERELINTE 7 QUE TIENE UNA EXCELENTE COVERTURA Y DURABILIDAD\" \/>\n<meta property=\"og:url\" content=\"https:\/\/distribuidorpanelrey.com.mx\/producto\/pintura-vinilica-berelinte-7-berel\/\" \/>\n<meta property=\"og:site_name\" content=\"PANEL REY MEXICO\" \/>\n<meta property=\"article:publisher\" content=\"https:\/\/www.facebook.com\/mexicopanelrey\/?locale=es_LA\" \/>\n<meta property=\"article:modified_time\" content=\"2026-02-17T01:32:51+00:00\" \/>\n<meta property=\"og:image\" content=\"https:\/\/distribuidorpanelrey.com.mx\/wp-content\/uploads\/2023\/03\/PINTURA-VINILICA-BERELINTE-7.png\" \/>\n\t<meta property=\"og:image:width\" content=\"500\" \/>\n\t<meta property=\"og:image:height\" content=\"500\" \/>\n\t<meta property=\"og:image:type\" content=\"image\/png\" \/>\n<meta name=\"twitter:card\" content=\"summary_large_image\" \/>\n<meta name=\"twitter:label1\" content=\"Tiempo de lectura\" \/>\n\t<meta name=\"twitter:data1\" content=\"5 minutos\" \/>\n<script type=\"application\/ld+json\" class=\"yoast-schema-graph\">{\"@context\":\"https:\/\/schema.org\",\"@graph\":[{\"@type\":\"WebPage\",\"@id\":\"https:\/\/distribuidorpanelrey.com.mx\/producto\/pintura-vinilica-berelinte-7-berel\/\",\"url\":\"https:\/\/distribuidorpanelrey.com.mx\/producto\/pintura-vinilica-berelinte-7-berel\/\",\"name\":\"PINTURA VINILICA BERELINTE 7\",\"isPartOf\":{\"@id\":\"https:\/\/distribuidorpanelrey.com\/#website\"},\"primaryImageOfPage\":{\"@id\":\"https:\/\/distribuidorpanelrey.com.mx\/producto\/pintura-vinilica-berelinte-7-berel\/#primaryimage\"},\"image\":{\"@id\":\"https:\/\/distribuidorpanelrey.com.mx\/producto\/pintura-vinilica-berelinte-7-berel\/#primaryimage\"},\"thumbnailUrl\":\"https:\/\/distribuidorpanelrey.com.mx\/wp-content\/uploads\/2023\/03\/PINTURA-VINILICA-BERELINTE-7.png\",\"datePublished\":\"2023-03-31T21:24:37+00:00\",\"dateModified\":\"2026-02-17T01:32:51+00:00\",\"description\":\"EN PANEL REY MEXICO ENCUENTRA LA MEJOR CALIDAD EN LA MARCA BEREL COMO LA PINTURA VINILICA BERELINTE 7 QUE TIENE UNA EXCELENTE COVERTURA Y DURABILIDAD\",\"breadcrumb\":{\"@id\":\"https:\/\/distribuidorpanelrey.com.mx\/producto\/pintura-vinilica-berelinte-7-berel\/#breadcrumb\"},\"inLanguage\":\"es\",\"potentialAction\":[{\"@type\":\"ReadAction\",\"target\":[\"https:\/\/distribuidorpanelrey.com.mx\/producto\/pintura-vinilica-berelinte-7-berel\/\"]}]},{\"@type\":\"ImageObject\",\"inLanguage\":\"es\",\"@id\":\"https:\/\/distribuidorpanelrey.com.mx\/producto\/pintura-vinilica-berelinte-7-berel\/#primaryimage\",\"url\":\"https:\/\/distribuidorpanelrey.com.mx\/wp-content\/uploads\/2023\/03\/PINTURA-VINILICA-BERELINTE-7.png\",\"contentUrl\":\"https:\/\/distribuidorpanelrey.com.mx\/wp-content\/uploads\/2023\/03\/PINTURA-VINILICA-BERELINTE-7.png\",\"width\":500,\"height\":500,\"caption\":\"PINTURA-VINILICA-BERELINTE-7\"},{\"@type\":\"BreadcrumbList\",\"@id\":\"https:\/\/distribuidorpanelrey.com.mx\/producto\/pintura-vinilica-berelinte-7-berel\/#breadcrumb\",\"itemListElement\":[{\"@type\":\"ListItem\",\"position\":1,\"name\":\"Portada\",\"item\":\"https:\/\/distribuidorpanelrey.com.mx\/\"},{\"@type\":\"ListItem\",\"position\":2,\"name\":\"Productos\",\"item\":\"https:\/\/distribuidorpanelrey.com\/tienda\/\"},{\"@type\":\"ListItem\",\"position\":3,\"name\":\"PINTURA VINILICA BERELINTE 7 | BEREL\"}]},{\"@type\":\"WebSite\",\"@id\":\"https:\/\/distribuidorpanelrey.com\/#website\",\"url\":\"https:\/\/distribuidorpanelrey.com\/\",\"name\":\"PANEL REY MEXICO\",\"description\":\"DISTRIBUIDOR PANEL REY\",\"publisher\":{\"@id\":\"https:\/\/distribuidorpanelrey.com\/#organization\"},\"alternateName\":\"DISTRIBUIDOR PANEL REY\",\"potentialAction\":[{\"@type\":\"SearchAction\",\"target\":{\"@type\":\"EntryPoint\",\"urlTemplate\":\"https:\/\/distribuidorpanelrey.com\/?s={search_term_string}\"},\"query-input\":{\"@type\":\"PropertyValueSpecification\",\"valueRequired\":true,\"valueName\":\"search_term_string\"}}],\"inLanguage\":\"es\"},{\"@type\":\"Organization\",\"@id\":\"https:\/\/distribuidorpanelrey.com\/#organization\",\"name\":\"PANEL REY MEXICO\",\"url\":\"https:\/\/distribuidorpanelrey.com\/\",\"logo\":{\"@type\":\"ImageObject\",\"inLanguage\":\"es\",\"@id\":\"https:\/\/distribuidorpanelrey.com\/#\/schema\/logo\/image\/\",\"url\":\"https:\/\/distribuidorpanelrey.com.mx\/wp-content\/uploads\/2023\/11\/panelrey.webp\",\"contentUrl\":\"https:\/\/distribuidorpanelrey.com.mx\/wp-content\/uploads\/2023\/11\/panelrey.webp\",\"width\":400,\"height\":150,\"caption\":\"PANEL REY MEXICO\"},\"image\":{\"@id\":\"https:\/\/distribuidorpanelrey.com\/#\/schema\/logo\/image\/\"},\"sameAs\":[\"https:\/\/www.facebook.com\/mexicopanelrey\/?locale=es_LA\",\"https:\/\/www.instagram.com\/panel_rey_mexico\/?hl=es\"]}]}<\/script>\n<!-- \/ Yoast SEO plugin. -->","yoast_head_json":{"title":"PINTURA VINILICA BERELINTE 7","description":"EN PANEL REY MEXICO ENCUENTRA LA MEJOR CALIDAD EN LA MARCA BEREL COMO LA PINTURA VINILICA BERELINTE 7 QUE TIENE UNA EXCELENTE COVERTURA Y DURABILIDAD","robots":{"index":"index","follow":"follow","max-snippet":"max-snippet:-1","max-image-preview":"max-image-preview:large","max-video-preview":"max-video-preview:-1"},"canonical":"https:\/\/distribuidorpanelrey.com.mx\/producto\/pintura-vinilica-berelinte-7-berel\/","og_locale":"es_ES","og_type":"article","og_title":"PINTURA VINILICA BERELINTE 7","og_description":"EN PANEL REY MEXICO ENCUENTRA LA MEJOR CALIDAD EN LA MARCA BEREL COMO LA PINTURA VINILICA BERELINTE 7 QUE TIENE UNA EXCELENTE COVERTURA Y DURABILIDAD","og_url":"https:\/\/distribuidorpanelrey.com.mx\/producto\/pintura-vinilica-berelinte-7-berel\/","og_site_name":"PANEL REY MEXICO","article_publisher":"https:\/\/www.facebook.com\/mexicopanelrey\/?locale=es_LA","article_modified_time":"2026-02-17T01:32:51+00:00","og_image":[{"width":500,"height":500,"url":"https:\/\/distribuidorpanelrey.com.mx\/wp-content\/uploads\/2023\/03\/PINTURA-VINILICA-BERELINTE-7.png","type":"image\/png"}],"twitter_card":"summary_large_image","twitter_misc":{"Tiempo de lectura":"5 minutos"},"schema":{"@context":"https:\/\/schema.org","@graph":[{"@type":"WebPage","@id":"https:\/\/distribuidorpanelrey.com.mx\/producto\/pintura-vinilica-berelinte-7-berel\/","url":"https:\/\/distribuidorpanelrey.com.mx\/producto\/pintura-vinilica-berelinte-7-berel\/","name":"PINTURA VINILICA BERELINTE 7","isPartOf":{"@id":"https:\/\/distribuidorpanelrey.com\/#website"},"primaryImageOfPage":{"@id":"https:\/\/distribuidorpanelrey.com.mx\/producto\/pintura-vinilica-berelinte-7-berel\/#primaryimage"},"image":{"@id":"https:\/\/distribuidorpanelrey.com.mx\/producto\/pintura-vinilica-berelinte-7-berel\/#primaryimage"},"thumbnailUrl":"https:\/\/distribuidorpanelrey.com.mx\/wp-content\/uploads\/2023\/03\/PINTURA-VINILICA-BERELINTE-7.png","datePublished":"2023-03-31T21:24:37+00:00","dateModified":"2026-02-17T01:32:51+00:00","description":"EN PANEL REY MEXICO ENCUENTRA LA MEJOR CALIDAD EN LA MARCA BEREL COMO LA PINTURA VINILICA BERELINTE 7 QUE TIENE UNA EXCELENTE COVERTURA Y DURABILIDAD","breadcrumb":{"@id":"https:\/\/distribuidorpanelrey.com.mx\/producto\/pintura-vinilica-berelinte-7-berel\/#breadcrumb"},"inLanguage":"es","potentialAction":[{"@type":"ReadAction","target":["https:\/\/distribuidorpanelrey.com.mx\/producto\/pintura-vinilica-berelinte-7-berel\/"]}]},{"@type":"ImageObject","inLanguage":"es","@id":"https:\/\/distribuidorpanelrey.com.mx\/producto\/pintura-vinilica-berelinte-7-berel\/#primaryimage","url":"https:\/\/distribuidorpanelrey.com.mx\/wp-content\/uploads\/2023\/03\/PINTURA-VINILICA-BERELINTE-7.png","contentUrl":"https:\/\/distribuidorpanelrey.com.mx\/wp-content\/uploads\/2023\/03\/PINTURA-VINILICA-BERELINTE-7.png","width":500,"height":500,"caption":"PINTURA-VINILICA-BERELINTE-7"},{"@type":"BreadcrumbList","@id":"https:\/\/distribuidorpanelrey.com.mx\/producto\/pintura-vinilica-berelinte-7-berel\/#breadcrumb","itemListElement":[{"@type":"ListItem","position":1,"name":"Portada","item":"https:\/\/distribuidorpanelrey.com.mx\/"},{"@type":"ListItem","position":2,"name":"Productos","item":"https:\/\/distribuidorpanelrey.com\/tienda\/"},{"@type":"ListItem","position":3,"name":"PINTURA VINILICA BERELINTE 7 | BEREL"}]},{"@type":"WebSite","@id":"https:\/\/distribuidorpanelrey.com\/#website","url":"https:\/\/distribuidorpanelrey.com\/","name":"PANEL REY MEXICO","description":"DISTRIBUIDOR PANEL REY","publisher":{"@id":"https:\/\/distribuidorpanelrey.com\/#organization"},"alternateName":"DISTRIBUIDOR PANEL REY","potentialAction":[{"@type":"SearchAction","target":{"@type":"EntryPoint","urlTemplate":"https:\/\/distribuidorpanelrey.com\/?s={search_term_string}"},"query-input":{"@type":"PropertyValueSpecification","valueRequired":true,"valueName":"search_term_string"}}],"inLanguage":"es"},{"@type":"Organization","@id":"https:\/\/distribuidorpanelrey.com\/#organization","name":"PANEL REY MEXICO","url":"https:\/\/distribuidorpanelrey.com\/","logo":{"@type":"ImageObject","inLanguage":"es","@id":"https:\/\/distribuidorpanelrey.com\/#\/schema\/logo\/image\/","url":"https:\/\/distribuidorpanelrey.com.mx\/wp-content\/uploads\/2023\/11\/panelrey.webp","contentUrl":"https:\/\/distribuidorpanelrey.com.mx\/wp-content\/uploads\/2023\/11\/panelrey.webp","width":400,"height":150,"caption":"PANEL REY MEXICO"},"image":{"@id":"https:\/\/distribuidorpanelrey.com\/#\/schema\/logo\/image\/"},"sameAs":["https:\/\/www.facebook.com\/mexicopanelrey\/?locale=es_LA","https:\/\/www.instagram.com\/panel_rey_mexico\/?hl=es"]}]}},"_links":{"self":[{"href":"https:\/\/distribuidorpanelrey.com.mx\/wp-json\/wp\/v2\/product\/2019","targetHints":{"allow":["GET"]}}],"collection":[{"href":"https:\/\/distribuidorpanelrey.com.mx\/wp-json\/wp\/v2\/product"}],"about":[{"href":"https:\/\/distribuidorpanelrey.com.mx\/wp-json\/wp\/v2\/types\/product"}],"replies":[{"embeddable":true,"href":"https:\/\/distribuidorpanelrey.com.mx\/wp-json\/wp\/v2\/comments?post=2019"}],"version-history":[{"count":3,"href":"https:\/\/distribuidorpanelrey.com.mx\/wp-json\/wp\/v2\/product\/2019\/revisions"}],"predecessor-version":[{"id":4319,"href":"https:\/\/distribuidorpanelrey.com.mx\/wp-json\/wp\/v2\/product\/2019\/revisions\/4319"}],"wp:featuredmedia":[{"embeddable":true,"href":"https:\/\/distribuidorpanelrey.com.mx\/wp-json\/wp\/v2\/media\/2021"}],"wp:attachment":[{"href":"https:\/\/distribuidorpanelrey.com.mx\/wp-json\/wp\/v2\/media?parent=2019"}],"wp:term":[{"taxonomy":"product_brand","embeddable":true,"href":"https:\/\/distribuidorpanelrey.com.mx\/wp-json\/wp\/v2\/product_brand?post=2019"},{"taxonomy":"product_cat","embeddable":true,"href":"https:\/\/distribuidorpanelrey.com.mx\/wp-json\/wp\/v2\/product_cat?post=2019"},{"taxonomy":"product_tag","embeddable":true,"href":"https:\/\/distribuidorpanelrey.com.mx\/wp-json\/wp\/v2\/product_tag?post=2019"}],"curies":[{"name":"wp","href":"https:\/\/api.w.org\/{rel}","templated":true}]}}