{"id":2124,"date":"2023-04-01T14:48:48","date_gmt":"2023-04-01T14:48:48","guid":{"rendered":"https:\/\/distribuidorpanelrey.com.mx\/?post_type=product&#038;p=2124"},"modified":"2025-07-21T18:20:26","modified_gmt":"2025-07-21T18:20:26","slug":"pintura-berelex-green","status":"publish","type":"product","link":"https:\/\/distribuidorpanelrey.com.mx\/producto\/pintura-berelex-green\/","title":{"rendered":"PINTURA BERELEX GREEN | BEREL"},"content":{"rendered":"<h1>PINTURA BERELEX GREEN<\/h1>\n<p>Pintura 100% acr\u00edlica sin olor y Cero compuestos Org\u00e1nicos Vol\u00e1tiles (COV). No da\u00f1a la capa de ozono. Especialmente formulada para interiores, para pintar \u00e1reas ocupadas y con poca o nula ventilaci\u00f3n.<\/p>\n<ul>\n<li>Anti-Bacterial<\/li>\n<li>Antihongos<\/li>\n<li>Evita Alergias<\/li>\n<li>Para interiores y\/o exteriores<\/li>\n<li><strong>Acabado:<\/strong>\u00a0Mate<\/li>\n<li><strong>Rendimiento (a 2 manos)*:<\/strong>\u00a08-10m2\/L<\/li>\n<li><strong>Presentaciones:<\/strong>\u00a01L, 4L, 19L<\/li>\n<\/ul>\n<h4><strong>DESCRIPCI\u00d3N DEL PRODUCTO<\/strong><\/h4>\n<p>Berelex Green es una pintura 100% Acr\u00edlica de Bajo Olor y cero COV** que no da\u00f1a la capa de ozono, especialmente formulada para interiores para pintar \u00e1reas ocupadas y con poca o nula ventilaci\u00f3n. Por lo tanto es un producto con gran, blancura y rendimiento. Posee alta resistencia al lavado y al ensuciamiento; al aplicar deja un acabado terso y mate. Tiene muy bajo olor durante la aplicaci\u00f3n y desaparece despu\u00e9s de 1 hora de secado, lo que permite ocupar de inmediato, los espacios reci\u00e9n pintados. actualmente es un producto bastante requerido<\/p>\n<h4><strong>APLICACIONES<\/strong><\/h4>\n<p>Berelex Green Ideal para interiores o \u00e1reas poco ventiladas donde se requiera un producto ecol\u00f3gico con bajo olor y cero emisi\u00f3n de solvente. Se puede aplicar sobre superficies de cemento, yeso, mortero y paneles de yeso por ejemplo: Oficinas,\u00a0 Hoteles, Hospitales, Escuelas, Residencias, etc.<\/p>\n<h4><strong>BENEFICIOS<\/strong><\/h4>\n<ul>\n<li>Pintura de Bajo Olor y Cero COV.<\/li>\n<li>Puede utilizar \u00e1rea inmediatamente despu\u00e9s de pintar.<\/li>\n<li>Ideal para \u00e1reas donde exista poca o nula ventilaci\u00f3n.<\/li>\n<li>Excelente rendimiento y blancura.<\/li>\n<li>Resistente a crecimiento de hongos.<\/li>\n<li>Alta Resistencia al Lavado.<\/li>\n<li>Pintura no t\u00f3xica<\/li>\n<li>Pintura libre de plomo<\/li>\n<\/ul>\n<h4><strong>INSTRUCCIONES<\/strong><\/h4>\n<ul>\n<li>Mezcle bien todo el contenido del envase antes y despu\u00e9s de diluir.<\/li>\n<li>Berelex Green se adelgaza con agua limpia. La proporci\u00f3n depende de la porosidad de la superficie y del m\u00e9todo de aplicaci\u00f3n empleado. Generalmente de un 10 a un 15% es suficiente.<\/li>\n<li>Vuelva a mezclar perfectamente todo el contenido del envase.<\/li>\n<li>Esta pintura se aplica con brocha, rodillo o por aspersi\u00f3n.<\/li>\n<li>Deje secar un m\u00ednimo de 2 horas cada mano antes de aplicar la siguiente.<\/li>\n<\/ul>\n<h4><strong>RECOMENDACIONES<\/strong><\/h4>\n<ul>\n<li>No mezcle Berelex Green con otras pinturas.<\/li>\n<li>No agregue cargas o materiales extra\u00f1os que adulteren su formulaci\u00f3n.<\/li>\n<li>No pinte en d\u00edas lluviosos ni cuando la temperatura sea menor a 10\u00baC.<\/li>\n<li>Antes de pintar solucione problemas de humedad como mala impermeabilizaci\u00f3n, fugas de agua o jardineras mal preparadas.<\/li>\n<li>Lave brochas y dem\u00e1s equipo con agua y jab\u00f3n inmediatamente despu\u00e9s de usarlos.<\/li>\n<li>El \u00e1rea de trabajo debe estar bien ventilada.<\/li>\n<li>No se deje al alcance de los ni\u00f1os.<\/li>\n<\/ul>\n<p style=\"text-align: center;\"><a href=\"https:\/\/berelmexico.com\">VISITA LA PAGINA WEB WWW.BERELMEXICO.COM<\/a><\/p>\n<p style=\"text-align: center;\">En\u00a0<strong data-start=\"82\" data-end=\"115\">Distribuidor Panel Rey M\u00e9xico<\/strong>\u00a0encuentras calidad y confianza en productos\u00a0<strong data-start=\"160\" data-end=\"172\">Crest<\/strong>.<br data-start=\"173\" data-end=\"176\" \/><img decoding=\"async\" class=\"emoji\" role=\"img\" draggable=\"false\" src=\"https:\/\/s.w.org\/images\/core\/emoji\/16.0.1\/svg\/2705.svg\" alt=\"\u2705\" \/>\u00a0Env\u00edos a toda la Rep\u00fablica Mexicana. \u00a1Pregunta por nuestras promociones vigentes!<br data-start=\"259\" data-end=\"262\" data-is-only-node=\"\" \/><img decoding=\"async\" class=\"emoji\" role=\"img\" draggable=\"false\" src=\"https:\/\/s.w.org\/images\/core\/emoji\/16.0.1\/svg\/2705.svg\" alt=\"\u2705\" \/>\u00a0Todos los precios incluyen IVA (sujetos a cambio sin previo aviso).<br data-start=\"331\" data-end=\"334\" \/><img decoding=\"async\" class=\"emoji\" role=\"img\" draggable=\"false\" src=\"https:\/\/s.w.org\/images\/core\/emoji\/16.0.1\/svg\/2705.svg\" alt=\"\u2705\" \/>\u00a0Im\u00e1genes ilustrativas, el producto final puede presentar ligeras variaciones.<br data-start=\"413\" data-end=\"416\" \/><img decoding=\"async\" class=\"emoji\" role=\"img\" draggable=\"false\" src=\"https:\/\/s.w.org\/images\/core\/emoji\/16.0.1\/svg\/1f4ac.svg\" alt=\"\ud83d\udcac\" \/>\u00a0\u00bfTienes dudas? Escr\u00edbenos por\u00a0<a href=\"https:\/\/www.facebook.com\/mexicopanelrey\">Facebook<\/a>\u00a0o\u00a0<a href=\"https:\/\/www.instagram.com\/panel_rey_mexico\/\">Instagram<\/a>.<br data-start=\"470\" data-end=\"473\" \/><img decoding=\"async\" class=\"emoji\" role=\"img\" draggable=\"false\" src=\"https:\/\/s.w.org\/images\/core\/emoji\/16.0.1\/svg\/1f4de.svg\" alt=\"\ud83d\udcde\" \/>\u00a0Tel:\u00a0<a href=\"tel:55 7397 6243\">55 7397 6243<\/a>\u00a0| WhatsApp:\u00a0<a href=\"https:\/\/api.whatsapp.com\/send?phone=525573976243\">5573976243<\/a><br data-start=\"518\" data-end=\"521\" \/><img decoding=\"async\" class=\"emoji\" role=\"img\" draggable=\"false\" src=\"https:\/\/s.w.org\/images\/core\/emoji\/16.0.1\/svg\/1f4e7.svg\" alt=\"\ud83d\udce7\" \/>\u00a0<a class=\"cursor-pointer\" href=\"mailto:ventas@distribuidorpanelrey.com\" rel=\"noopener\" data-start=\"524\" data-end=\"555\">ventas@distribuidorpanelrey.com<\/a><\/p>\n","protected":false},"excerpt":{"rendered":"<h4 style=\"text-align: center;\">Env\u00edos de 24 a 48 hr CDMX Y EDO MEX<\/h4>\n<p style=\"text-align: center;\">Rese\u00f1as\u00a0\u2605\u2605\u2605\u2605\u2605\u00a0 Env\u00edos Garantizados<\/p>\n<h4 style=\"text-align: center;\">\ud83d\udd25LOS MEJORES PRECIOS \ud83d\udd25<\/h4>\n","protected":false},"featured_media":2127,"comment_status":"closed","ping_status":"closed","template":"","meta":[],"product_brand":[551],"product_cat":[353],"product_tag":[410,419,421,317,318,111,354,414,359],"class_list":{"0":"post-2124","1":"product","2":"type-product","3":"status-publish","4":"has-post-thumbnail","6":"product_brand-berel","7":"product_cat-pintura-y-accesorios","8":"product_tag-berel","9":"product_tag-berelex-green","10":"product_tag-cubeta-de-pintura","11":"product_tag-ferrekasa","12":"product_tag-ferremex","13":"product_tag-panel-rey","14":"product_tag-pintura","15":"product_tag-pintura-berel","16":"product_tag-pintura-blanca","18":"first","19":"instock","20":"shipping-taxable","21":"purchasable","22":"product-type-variable"},"yoast_head":"<!-- This site is optimized with the Yoast SEO plugin v27.1.1 - https:\/\/yoast.com\/product\/yoast-seo-wordpress\/ -->\n<title>PINTURA BERELEX GREEN<\/title>\n<meta name=\"description\" content=\"EN PANEL REY MEXICO ENCONTRARAS LA MEJOR CALIDAD EN PRODUCTOS PARA TUS PROYECOS COMO LA PINTURA BERELEX GREEN DE LA MARCA BEREL\" \/>\n<meta name=\"robots\" content=\"index, follow, max-snippet:-1, max-image-preview:large, max-video-preview:-1\" \/>\n<link rel=\"canonical\" href=\"https:\/\/distribuidorpanelrey.com.mx\/producto\/pintura-berelex-green\/\" \/>\n<meta property=\"og:locale\" content=\"es_ES\" \/>\n<meta property=\"og:type\" content=\"article\" \/>\n<meta property=\"og:title\" content=\"PINTURA BERELEX GREEN\" \/>\n<meta property=\"og:description\" content=\"EN PANEL REY MEXICO ENCONTRARAS LA MEJOR CALIDAD EN PRODUCTOS PARA TUS PROYECOS COMO LA PINTURA BERELEX GREEN DE LA MARCA BEREL\" \/>\n<meta property=\"og:url\" content=\"https:\/\/distribuidorpanelrey.com.mx\/producto\/pintura-berelex-green\/\" \/>\n<meta property=\"og:site_name\" content=\"PANEL REY MEXICO\" \/>\n<meta property=\"article:publisher\" content=\"https:\/\/www.facebook.com\/mexicopanelrey\/?locale=es_LA\" \/>\n<meta property=\"article:modified_time\" content=\"2025-07-21T18:20:26+00:00\" \/>\n<meta property=\"og:image\" content=\"https:\/\/distribuidorpanelrey.com.mx\/wp-content\/uploads\/2023\/04\/PINTURA-BERELEX-GREEN-BEREL.png\" \/>\n\t<meta property=\"og:image:width\" content=\"500\" \/>\n\t<meta property=\"og:image:height\" content=\"500\" \/>\n\t<meta property=\"og:image:type\" content=\"image\/png\" \/>\n<meta name=\"twitter:card\" content=\"summary_large_image\" \/>\n<meta name=\"twitter:label1\" content=\"Tiempo de lectura\" \/>\n\t<meta name=\"twitter:data1\" content=\"4 minutos\" \/>\n<script type=\"application\/ld+json\" class=\"yoast-schema-graph\">{\"@context\":\"https:\/\/schema.org\",\"@graph\":[{\"@type\":\"WebPage\",\"@id\":\"https:\/\/distribuidorpanelrey.com.mx\/producto\/pintura-berelex-green\/\",\"url\":\"https:\/\/distribuidorpanelrey.com.mx\/producto\/pintura-berelex-green\/\",\"name\":\"PINTURA BERELEX GREEN\",\"isPartOf\":{\"@id\":\"https:\/\/distribuidorpanelrey.com\/#website\"},\"primaryImageOfPage\":{\"@id\":\"https:\/\/distribuidorpanelrey.com.mx\/producto\/pintura-berelex-green\/#primaryimage\"},\"image\":{\"@id\":\"https:\/\/distribuidorpanelrey.com.mx\/producto\/pintura-berelex-green\/#primaryimage\"},\"thumbnailUrl\":\"https:\/\/distribuidorpanelrey.com.mx\/wp-content\/uploads\/2023\/04\/PINTURA-BERELEX-GREEN-BEREL.png\",\"datePublished\":\"2023-04-01T14:48:48+00:00\",\"dateModified\":\"2025-07-21T18:20:26+00:00\",\"description\":\"EN PANEL REY MEXICO ENCONTRARAS LA MEJOR CALIDAD EN PRODUCTOS PARA TUS PROYECOS COMO LA PINTURA BERELEX GREEN DE LA MARCA BEREL\",\"breadcrumb\":{\"@id\":\"https:\/\/distribuidorpanelrey.com.mx\/producto\/pintura-berelex-green\/#breadcrumb\"},\"inLanguage\":\"es\",\"potentialAction\":[{\"@type\":\"ReadAction\",\"target\":[\"https:\/\/distribuidorpanelrey.com.mx\/producto\/pintura-berelex-green\/\"]}]},{\"@type\":\"ImageObject\",\"inLanguage\":\"es\",\"@id\":\"https:\/\/distribuidorpanelrey.com.mx\/producto\/pintura-berelex-green\/#primaryimage\",\"url\":\"https:\/\/distribuidorpanelrey.com.mx\/wp-content\/uploads\/2023\/04\/PINTURA-BERELEX-GREEN-BEREL.png\",\"contentUrl\":\"https:\/\/distribuidorpanelrey.com.mx\/wp-content\/uploads\/2023\/04\/PINTURA-BERELEX-GREEN-BEREL.png\",\"width\":500,\"height\":500,\"caption\":\"PINTURA-BERELEX-GREEN-BEREL\"},{\"@type\":\"BreadcrumbList\",\"@id\":\"https:\/\/distribuidorpanelrey.com.mx\/producto\/pintura-berelex-green\/#breadcrumb\",\"itemListElement\":[{\"@type\":\"ListItem\",\"position\":1,\"name\":\"Portada\",\"item\":\"https:\/\/distribuidorpanelrey.com.mx\/\"},{\"@type\":\"ListItem\",\"position\":2,\"name\":\"Productos\",\"item\":\"https:\/\/distribuidorpanelrey.com\/tienda\/\"},{\"@type\":\"ListItem\",\"position\":3,\"name\":\"PINTURA BERELEX GREEN | BEREL\"}]},{\"@type\":\"WebSite\",\"@id\":\"https:\/\/distribuidorpanelrey.com\/#website\",\"url\":\"https:\/\/distribuidorpanelrey.com\/\",\"name\":\"PANEL REY MEXICO\",\"description\":\"DISTRIBUIDOR PANEL REY\",\"publisher\":{\"@id\":\"https:\/\/distribuidorpanelrey.com\/#organization\"},\"alternateName\":\"DISTRIBUIDOR PANEL REY\",\"potentialAction\":[{\"@type\":\"SearchAction\",\"target\":{\"@type\":\"EntryPoint\",\"urlTemplate\":\"https:\/\/distribuidorpanelrey.com\/?s={search_term_string}\"},\"query-input\":{\"@type\":\"PropertyValueSpecification\",\"valueRequired\":true,\"valueName\":\"search_term_string\"}}],\"inLanguage\":\"es\"},{\"@type\":\"Organization\",\"@id\":\"https:\/\/distribuidorpanelrey.com\/#organization\",\"name\":\"PANEL REY MEXICO\",\"url\":\"https:\/\/distribuidorpanelrey.com\/\",\"logo\":{\"@type\":\"ImageObject\",\"inLanguage\":\"es\",\"@id\":\"https:\/\/distribuidorpanelrey.com\/#\/schema\/logo\/image\/\",\"url\":\"https:\/\/distribuidorpanelrey.com.mx\/wp-content\/uploads\/2023\/11\/panelrey.webp\",\"contentUrl\":\"https:\/\/distribuidorpanelrey.com.mx\/wp-content\/uploads\/2023\/11\/panelrey.webp\",\"width\":400,\"height\":150,\"caption\":\"PANEL REY MEXICO\"},\"image\":{\"@id\":\"https:\/\/distribuidorpanelrey.com\/#\/schema\/logo\/image\/\"},\"sameAs\":[\"https:\/\/www.facebook.com\/mexicopanelrey\/?locale=es_LA\",\"https:\/\/www.instagram.com\/panel_rey_mexico\/?hl=es\"]}]}<\/script>\n<!-- \/ Yoast SEO plugin. -->","yoast_head_json":{"title":"PINTURA BERELEX GREEN","description":"EN PANEL REY MEXICO ENCONTRARAS LA MEJOR CALIDAD EN PRODUCTOS PARA TUS PROYECOS COMO LA PINTURA BERELEX GREEN DE LA MARCA BEREL","robots":{"index":"index","follow":"follow","max-snippet":"max-snippet:-1","max-image-preview":"max-image-preview:large","max-video-preview":"max-video-preview:-1"},"canonical":"https:\/\/distribuidorpanelrey.com.mx\/producto\/pintura-berelex-green\/","og_locale":"es_ES","og_type":"article","og_title":"PINTURA BERELEX GREEN","og_description":"EN PANEL REY MEXICO ENCONTRARAS LA MEJOR CALIDAD EN PRODUCTOS PARA TUS PROYECOS COMO LA PINTURA BERELEX GREEN DE LA MARCA BEREL","og_url":"https:\/\/distribuidorpanelrey.com.mx\/producto\/pintura-berelex-green\/","og_site_name":"PANEL REY MEXICO","article_publisher":"https:\/\/www.facebook.com\/mexicopanelrey\/?locale=es_LA","article_modified_time":"2025-07-21T18:20:26+00:00","og_image":[{"width":500,"height":500,"url":"https:\/\/distribuidorpanelrey.com.mx\/wp-content\/uploads\/2023\/04\/PINTURA-BERELEX-GREEN-BEREL.png","type":"image\/png"}],"twitter_card":"summary_large_image","twitter_misc":{"Tiempo de lectura":"4 minutos"},"schema":{"@context":"https:\/\/schema.org","@graph":[{"@type":"WebPage","@id":"https:\/\/distribuidorpanelrey.com.mx\/producto\/pintura-berelex-green\/","url":"https:\/\/distribuidorpanelrey.com.mx\/producto\/pintura-berelex-green\/","name":"PINTURA BERELEX GREEN","isPartOf":{"@id":"https:\/\/distribuidorpanelrey.com\/#website"},"primaryImageOfPage":{"@id":"https:\/\/distribuidorpanelrey.com.mx\/producto\/pintura-berelex-green\/#primaryimage"},"image":{"@id":"https:\/\/distribuidorpanelrey.com.mx\/producto\/pintura-berelex-green\/#primaryimage"},"thumbnailUrl":"https:\/\/distribuidorpanelrey.com.mx\/wp-content\/uploads\/2023\/04\/PINTURA-BERELEX-GREEN-BEREL.png","datePublished":"2023-04-01T14:48:48+00:00","dateModified":"2025-07-21T18:20:26+00:00","description":"EN PANEL REY MEXICO ENCONTRARAS LA MEJOR CALIDAD EN PRODUCTOS PARA TUS PROYECOS COMO LA PINTURA BERELEX GREEN DE LA MARCA BEREL","breadcrumb":{"@id":"https:\/\/distribuidorpanelrey.com.mx\/producto\/pintura-berelex-green\/#breadcrumb"},"inLanguage":"es","potentialAction":[{"@type":"ReadAction","target":["https:\/\/distribuidorpanelrey.com.mx\/producto\/pintura-berelex-green\/"]}]},{"@type":"ImageObject","inLanguage":"es","@id":"https:\/\/distribuidorpanelrey.com.mx\/producto\/pintura-berelex-green\/#primaryimage","url":"https:\/\/distribuidorpanelrey.com.mx\/wp-content\/uploads\/2023\/04\/PINTURA-BERELEX-GREEN-BEREL.png","contentUrl":"https:\/\/distribuidorpanelrey.com.mx\/wp-content\/uploads\/2023\/04\/PINTURA-BERELEX-GREEN-BEREL.png","width":500,"height":500,"caption":"PINTURA-BERELEX-GREEN-BEREL"},{"@type":"BreadcrumbList","@id":"https:\/\/distribuidorpanelrey.com.mx\/producto\/pintura-berelex-green\/#breadcrumb","itemListElement":[{"@type":"ListItem","position":1,"name":"Portada","item":"https:\/\/distribuidorpanelrey.com.mx\/"},{"@type":"ListItem","position":2,"name":"Productos","item":"https:\/\/distribuidorpanelrey.com\/tienda\/"},{"@type":"ListItem","position":3,"name":"PINTURA BERELEX GREEN | BEREL"}]},{"@type":"WebSite","@id":"https:\/\/distribuidorpanelrey.com\/#website","url":"https:\/\/distribuidorpanelrey.com\/","name":"PANEL REY MEXICO","description":"DISTRIBUIDOR PANEL REY","publisher":{"@id":"https:\/\/distribuidorpanelrey.com\/#organization"},"alternateName":"DISTRIBUIDOR PANEL REY","potentialAction":[{"@type":"SearchAction","target":{"@type":"EntryPoint","urlTemplate":"https:\/\/distribuidorpanelrey.com\/?s={search_term_string}"},"query-input":{"@type":"PropertyValueSpecification","valueRequired":true,"valueName":"search_term_string"}}],"inLanguage":"es"},{"@type":"Organization","@id":"https:\/\/distribuidorpanelrey.com\/#organization","name":"PANEL REY MEXICO","url":"https:\/\/distribuidorpanelrey.com\/","logo":{"@type":"ImageObject","inLanguage":"es","@id":"https:\/\/distribuidorpanelrey.com\/#\/schema\/logo\/image\/","url":"https:\/\/distribuidorpanelrey.com.mx\/wp-content\/uploads\/2023\/11\/panelrey.webp","contentUrl":"https:\/\/distribuidorpanelrey.com.mx\/wp-content\/uploads\/2023\/11\/panelrey.webp","width":400,"height":150,"caption":"PANEL REY MEXICO"},"image":{"@id":"https:\/\/distribuidorpanelrey.com\/#\/schema\/logo\/image\/"},"sameAs":["https:\/\/www.facebook.com\/mexicopanelrey\/?locale=es_LA","https:\/\/www.instagram.com\/panel_rey_mexico\/?hl=es"]}]}},"_links":{"self":[{"href":"https:\/\/distribuidorpanelrey.com.mx\/wp-json\/wp\/v2\/product\/2124","targetHints":{"allow":["GET"]}}],"collection":[{"href":"https:\/\/distribuidorpanelrey.com.mx\/wp-json\/wp\/v2\/product"}],"about":[{"href":"https:\/\/distribuidorpanelrey.com.mx\/wp-json\/wp\/v2\/types\/product"}],"replies":[{"embeddable":true,"href":"https:\/\/distribuidorpanelrey.com.mx\/wp-json\/wp\/v2\/comments?post=2124"}],"version-history":[{"count":4,"href":"https:\/\/distribuidorpanelrey.com.mx\/wp-json\/wp\/v2\/product\/2124\/revisions"}],"predecessor-version":[{"id":4311,"href":"https:\/\/distribuidorpanelrey.com.mx\/wp-json\/wp\/v2\/product\/2124\/revisions\/4311"}],"wp:featuredmedia":[{"embeddable":true,"href":"https:\/\/distribuidorpanelrey.com.mx\/wp-json\/wp\/v2\/media\/2127"}],"wp:attachment":[{"href":"https:\/\/distribuidorpanelrey.com.mx\/wp-json\/wp\/v2\/media?parent=2124"}],"wp:term":[{"taxonomy":"product_brand","embeddable":true,"href":"https:\/\/distribuidorpanelrey.com.mx\/wp-json\/wp\/v2\/product_brand?post=2124"},{"taxonomy":"product_cat","embeddable":true,"href":"https:\/\/distribuidorpanelrey.com.mx\/wp-json\/wp\/v2\/product_cat?post=2124"},{"taxonomy":"product_tag","embeddable":true,"href":"https:\/\/distribuidorpanelrey.com.mx\/wp-json\/wp\/v2\/product_tag?post=2124"}],"curies":[{"name":"wp","href":"https:\/\/api.w.org\/{rel}","templated":true}]}}