{"id":2128,"date":"2023-04-01T15:25:12","date_gmt":"2023-04-01T15:25:12","guid":{"rendered":"https:\/\/distribuidorpanelrey.com.mx\/?post_type=product&#038;p=2128"},"modified":"2025-07-21T18:16:59","modified_gmt":"2025-07-21T18:16:59","slug":"pintura-berelex","status":"publish","type":"product","link":"https:\/\/distribuidorpanelrey.com.mx\/producto\/pintura-berelex\/","title":{"rendered":"PINTURA BERELEX | BEREL"},"content":{"rendered":"<h1>PINTURA BERELEX<\/h1>\n<p>Berelex Es una pintura de excelente rendimiento y poder cubriente, posee muy buena brochabilidad y nivelado, adem\u00e1s de excelente resistencia al lavado, giseo y decoloraci\u00f3n en aplicaciones a la intemperie. \u2013 Excelente Poder Cubriente \u2013 Excelente Lavabilidad \u2013 Excelente Durabilidad<\/p>\n<h4><strong>DESCRIPCI\u00d3N DEL PRODUCTO<\/strong><\/h4>\n<p>Es una pintura de excelente rendimiento y poder cubriente, posee muy buena brochabilidad y nivelado, adem\u00e1s de excelente resistencia al lavado, giseo y decoloraci\u00f3n en aplicaciones a la intemperie.<\/p>\n<ul>\n<li>En algunos colores varea el precio debido a la intensidad del color.<\/li>\n<li>Colores como:\u00a0Rojo Fuego, Rosa Mexicano, Amarillo Intenso.\u00a0No se trabajan en presentaci\u00f3n de Cubeta de 19 L.<\/li>\n<\/ul>\n<h4><strong>APLICACIONES<\/strong><\/h4>\n<p>Recomendado para protecci\u00f3n y decoraci\u00f3n de interiores y exteriores sobre acabados de yeso, ladrillo, cemento o mortero. Ideal cuando se requiere una opci\u00f3n de alta calidad.<\/p>\n<h4><strong>PROPIEDADES<\/strong><\/h4>\n<p>Secado Libre al Tacto: 1 Hora M\u00e1x.<br \/>\nDensidad: 1.13 \u2013 1.33 kg\/L<br \/>\nS\u00f3lidos en Peso: 45 \u2013 52%<br \/>\nViscosidad: 97 \u2013 102 U. Krebs<br \/>\nRendimiento (a 2 manos)*: 8 \u2013 10 m2\/L<br \/>\nLavabilidad: &gt;100,000 ciclos<br \/>\nBases para Igualaci\u00f3n: Pastel, Tint, Deep y Neutra Compuestos Org\u00e1nicos Vol\u00e1tiles (COV)**: &lt;50 g\/L Presentaciones: 1 L, 4 L, 19 L<\/p>\n<p><em>* Puede ser menor dependiendo del color aplicado, del tipo, rugosidad y porosidad de la superficie, as\u00ed como del m\u00e9todo de aplicaci\u00f3n.<\/em><br \/>\n<em>** El valor de COV puede variar con el contenido de tinta adicionada a la pintura.<\/em><\/p>\n<h4><strong>PREPARA<\/strong><strong>CI\u00d3N DE LAS SUPERFICIES<\/strong><\/h4>\n<ul>\n<li>Cuando se trate de superficies que hayan sido pintadas anteriormente, se deber\u00e1 quitar toda la pintura suelta; si es brillante lije; si ya polvea o es al temple, elim\u00ednala lo m\u00e1s posible y proceda a sellar siguiendo las instrucciones.<\/li>\n<li>La superficie a pintar deber\u00e1 estar limpia y seca, totalmente libre de polvo o grasa.<\/li>\n<li>Los materiales de construcci\u00f3n deben estar completamente fraguados y secos.<\/li>\n<li>Sobre superficies interiores de yeso, panel de yeso o materiales no alcalinos, recomendamos utilizar el Sellador Vin\u00edlico Berel No. 570 o el Sellador Acr\u00edlico Berel No. 580.<\/li>\n<li>En exteriores o en aplanados de cemento, cal o materiales alcalinos, se deber\u00e1 emplear el Sellador Acr\u00edlico Berel No. 580. La diluci\u00f3n del sellador puede ir de 1 a 5 partes de agua por una parte de sellador, dependiendo de la porosidad de la superficie. Una vez seco el sellador se podr\u00e1 pintar.<\/li>\n<\/ul>\n<h4><strong>INSTRUCCIONES<\/strong><\/h4>\n<ul>\n<li>Mezcle bien el contenido del envase antes y despu\u00e9s de diluir.<\/li>\n<li>Diluya agregando agua limpia, la proporci\u00f3n depende de la porosidad de la superficie y del m\u00e9todo de aplicaci\u00f3n empleado, generalmente de un 10 a 20% es suficiente.<\/li>\n<li>Vuelva a mezclar todo el contenido del envase.<\/li>\n<li>Berelex se aplica con brocha, rodillo o por aspersi\u00f3n.<\/li>\n<li>Deje secar un m\u00ednimo de 2 horas la primera mano antes de aplicar la segunda.<\/li>\n<\/ul>\n<h4><strong>RECOMENDACIONES<\/strong><\/h4>\n<ul>\n<li>Todos los colores de Berelex se mezclan entre s\u00ed.<\/li>\n<li>No mezcle Berelex con otras pinturas.<\/li>\n<li>No agregue cargas o materiales extra\u00f1os que adulteren su formulaci\u00f3n.<\/li>\n<li>No pinte en d\u00edas lluviosos ni cuando la temperatura sea menor a 10\u00baC.<\/li>\n<li>Antes de pintar solucione problemas de humedad como mala impermeabilizaci\u00f3n, fugas de agua o jardineras mal preparadas.<\/li>\n<li>Lave brochas y dem\u00e1s equipo con agua y jab\u00f3n inmediatamente despu\u00e9s de usarlos.<\/li>\n<li>El \u00e1rea de trabajo debe estar bien ventilada.<\/li>\n<li>No se deje al alcance de los ni\u00f1os.<\/li>\n<\/ul>\n<p style=\"text-align: center;\"><a href=\"https:\/\/berelmexico.com\">VISITA LA PAGINA WEB WWW.BERELMEXICO.COM<\/a><\/p>\n<p style=\"text-align: center;\">En\u00a0<strong data-start=\"82\" data-end=\"115\">Distribuidor Panel Rey M\u00e9xico<\/strong> encuentras calidad y confianza en productos\u00a0<strong data-start=\"160\" data-end=\"172\">BEREL.<\/strong><br data-start=\"173\" data-end=\"176\" \/><img decoding=\"async\" class=\"emoji\" role=\"img\" draggable=\"false\" src=\"https:\/\/s.w.org\/images\/core\/emoji\/16.0.1\/svg\/2705.svg\" alt=\"\u2705\" \/>\u00a0Env\u00edos a toda la Rep\u00fablica Mexicana. \u00a1Pregunta por nuestras promociones vigentes!<br data-start=\"259\" data-end=\"262\" data-is-only-node=\"\" \/><img decoding=\"async\" class=\"emoji\" role=\"img\" draggable=\"false\" src=\"https:\/\/s.w.org\/images\/core\/emoji\/16.0.1\/svg\/2705.svg\" alt=\"\u2705\" \/>\u00a0Todos los precios incluyen IVA (sujetos a cambio sin previo aviso).<br data-start=\"331\" data-end=\"334\" \/><img decoding=\"async\" class=\"emoji\" role=\"img\" draggable=\"false\" src=\"https:\/\/s.w.org\/images\/core\/emoji\/16.0.1\/svg\/2705.svg\" alt=\"\u2705\" \/>\u00a0Im\u00e1genes ilustrativas, el producto final puede presentar ligeras variaciones.<br data-start=\"413\" data-end=\"416\" \/><img decoding=\"async\" class=\"emoji\" role=\"img\" draggable=\"false\" src=\"https:\/\/s.w.org\/images\/core\/emoji\/16.0.1\/svg\/1f4ac.svg\" alt=\"\ud83d\udcac\" \/>\u00a0\u00bfTienes dudas? Escr\u00edbenos por\u00a0<a href=\"https:\/\/www.facebook.com\/mexicopanelrey\">Facebook<\/a>\u00a0o\u00a0<a href=\"https:\/\/www.instagram.com\/panel_rey_mexico\/\">Instagram<\/a>.<br data-start=\"470\" data-end=\"473\" \/><img decoding=\"async\" class=\"emoji\" role=\"img\" draggable=\"false\" src=\"https:\/\/s.w.org\/images\/core\/emoji\/16.0.1\/svg\/1f4de.svg\" alt=\"\ud83d\udcde\" \/>\u00a0Tel:\u00a0<a href=\"tel:55 7397 6243\">55 7397 6243<\/a>\u00a0| WhatsApp:\u00a0<a href=\"https:\/\/api.whatsapp.com\/send?phone=525573976243\">5573976243<\/a><br data-start=\"518\" data-end=\"521\" \/><img decoding=\"async\" class=\"emoji\" role=\"img\" draggable=\"false\" src=\"https:\/\/s.w.org\/images\/core\/emoji\/16.0.1\/svg\/1f4e7.svg\" alt=\"\ud83d\udce7\" \/>\u00a0<a class=\"cursor-pointer\" href=\"mailto:ventas@distribuidorpanelrey.com\" rel=\"noopener\" data-start=\"524\" data-end=\"555\">ventas@distribuidorpanelrey.com<\/a><\/p>\n","protected":false},"excerpt":{"rendered":"<h4 style=\"text-align: center;\">Env\u00edos de 24 a 48 hr CDMX Y EDO MEX<\/h4>\n<p style=\"text-align: center;\">Rese\u00f1as\u00a0\u2605\u2605\u2605\u2605\u2605\u00a0 Env\u00edos Garantizados<\/p>\n<h4 style=\"text-align: center;\">\ud83d\udd25LOS MEJORES PRECIOS \ud83d\udd25<\/h4>\n","protected":false},"featured_media":2129,"comment_status":"closed","ping_status":"closed","template":"","meta":[],"product_brand":[551],"product_cat":[353],"product_tag":[410,166,317,318,111,165,354,422,359],"class_list":{"0":"post-2128","1":"product","2":"type-product","3":"status-publish","4":"has-post-thumbnail","6":"product_brand-berel","7":"product_cat-pintura-y-accesorios","8":"product_tag-berel","9":"product_tag-distribuidor-panel-rey","10":"product_tag-ferrekasa","11":"product_tag-ferremex","12":"product_tag-panel-rey","13":"product_tag-panel-rey-mexico","14":"product_tag-pintura","15":"product_tag-pintura-berelex","16":"product_tag-pintura-blanca","18":"first","19":"instock","20":"shipping-taxable","21":"purchasable","22":"product-type-variable"},"yoast_head":"<!-- This site is optimized with the Yoast SEO plugin v27.1.1 - https:\/\/yoast.com\/product\/yoast-seo-wordpress\/ -->\n<title>PINTURA BERELEX<\/title>\n<meta name=\"description\" content=\"EN PANEL REY MEXICO ENCONTRARAS LA MEJOR CALIDAD EN PRODUCTOS PARA TUS PROYECTOS COMO LA PINTURA BERELEX DE MARCA BEREL, COMPRALA AQUI\" \/>\n<meta name=\"robots\" content=\"index, follow, max-snippet:-1, max-image-preview:large, max-video-preview:-1\" \/>\n<link rel=\"canonical\" href=\"https:\/\/distribuidorpanelrey.com.mx\/producto\/pintura-berelex\/\" \/>\n<meta property=\"og:locale\" content=\"es_ES\" \/>\n<meta property=\"og:type\" content=\"article\" \/>\n<meta property=\"og:title\" content=\"PINTURA BERELEX\" \/>\n<meta property=\"og:description\" content=\"EN PANEL REY MEXICO ENCONTRARAS LA MEJOR CALIDAD EN PRODUCTOS PARA TUS PROYECTOS COMO LA PINTURA BERELEX DE MARCA BEREL, COMPRALA AQUI\" \/>\n<meta property=\"og:url\" content=\"https:\/\/distribuidorpanelrey.com.mx\/producto\/pintura-berelex\/\" \/>\n<meta property=\"og:site_name\" content=\"PANEL REY MEXICO\" \/>\n<meta property=\"article:publisher\" content=\"https:\/\/www.facebook.com\/mexicopanelrey\/?locale=es_LA\" \/>\n<meta property=\"article:modified_time\" content=\"2025-07-21T18:16:59+00:00\" \/>\n<meta property=\"og:image\" content=\"https:\/\/distribuidorpanelrey.com.mx\/wp-content\/uploads\/2023\/04\/PINTURA-BERELEX.png\" \/>\n\t<meta property=\"og:image:width\" content=\"500\" \/>\n\t<meta property=\"og:image:height\" content=\"500\" \/>\n\t<meta property=\"og:image:type\" content=\"image\/png\" \/>\n<meta name=\"twitter:card\" content=\"summary_large_image\" \/>\n<meta name=\"twitter:label1\" content=\"Tiempo de lectura\" \/>\n\t<meta name=\"twitter:data1\" content=\"5 minutos\" \/>\n<script type=\"application\/ld+json\" class=\"yoast-schema-graph\">{\"@context\":\"https:\/\/schema.org\",\"@graph\":[{\"@type\":\"WebPage\",\"@id\":\"https:\/\/distribuidorpanelrey.com.mx\/producto\/pintura-berelex\/\",\"url\":\"https:\/\/distribuidorpanelrey.com.mx\/producto\/pintura-berelex\/\",\"name\":\"PINTURA BERELEX\",\"isPartOf\":{\"@id\":\"https:\/\/distribuidorpanelrey.com\/#website\"},\"primaryImageOfPage\":{\"@id\":\"https:\/\/distribuidorpanelrey.com.mx\/producto\/pintura-berelex\/#primaryimage\"},\"image\":{\"@id\":\"https:\/\/distribuidorpanelrey.com.mx\/producto\/pintura-berelex\/#primaryimage\"},\"thumbnailUrl\":\"https:\/\/distribuidorpanelrey.com.mx\/wp-content\/uploads\/2023\/04\/PINTURA-BERELEX.png\",\"datePublished\":\"2023-04-01T15:25:12+00:00\",\"dateModified\":\"2025-07-21T18:16:59+00:00\",\"description\":\"EN PANEL REY MEXICO ENCONTRARAS LA MEJOR CALIDAD EN PRODUCTOS PARA TUS PROYECTOS COMO LA PINTURA BERELEX DE MARCA BEREL, COMPRALA AQUI\",\"breadcrumb\":{\"@id\":\"https:\/\/distribuidorpanelrey.com.mx\/producto\/pintura-berelex\/#breadcrumb\"},\"inLanguage\":\"es\",\"potentialAction\":[{\"@type\":\"ReadAction\",\"target\":[\"https:\/\/distribuidorpanelrey.com.mx\/producto\/pintura-berelex\/\"]}]},{\"@type\":\"ImageObject\",\"inLanguage\":\"es\",\"@id\":\"https:\/\/distribuidorpanelrey.com.mx\/producto\/pintura-berelex\/#primaryimage\",\"url\":\"https:\/\/distribuidorpanelrey.com.mx\/wp-content\/uploads\/2023\/04\/PINTURA-BERELEX.png\",\"contentUrl\":\"https:\/\/distribuidorpanelrey.com.mx\/wp-content\/uploads\/2023\/04\/PINTURA-BERELEX.png\",\"width\":500,\"height\":500,\"caption\":\"PINTURA-BERELEX\"},{\"@type\":\"BreadcrumbList\",\"@id\":\"https:\/\/distribuidorpanelrey.com.mx\/producto\/pintura-berelex\/#breadcrumb\",\"itemListElement\":[{\"@type\":\"ListItem\",\"position\":1,\"name\":\"Portada\",\"item\":\"https:\/\/distribuidorpanelrey.com.mx\/\"},{\"@type\":\"ListItem\",\"position\":2,\"name\":\"Productos\",\"item\":\"https:\/\/distribuidorpanelrey.com\/tienda\/\"},{\"@type\":\"ListItem\",\"position\":3,\"name\":\"PINTURA BERELEX | BEREL\"}]},{\"@type\":\"WebSite\",\"@id\":\"https:\/\/distribuidorpanelrey.com\/#website\",\"url\":\"https:\/\/distribuidorpanelrey.com\/\",\"name\":\"PANEL REY MEXICO\",\"description\":\"DISTRIBUIDOR PANEL REY\",\"publisher\":{\"@id\":\"https:\/\/distribuidorpanelrey.com\/#organization\"},\"alternateName\":\"DISTRIBUIDOR PANEL REY\",\"potentialAction\":[{\"@type\":\"SearchAction\",\"target\":{\"@type\":\"EntryPoint\",\"urlTemplate\":\"https:\/\/distribuidorpanelrey.com\/?s={search_term_string}\"},\"query-input\":{\"@type\":\"PropertyValueSpecification\",\"valueRequired\":true,\"valueName\":\"search_term_string\"}}],\"inLanguage\":\"es\"},{\"@type\":\"Organization\",\"@id\":\"https:\/\/distribuidorpanelrey.com\/#organization\",\"name\":\"PANEL REY MEXICO\",\"url\":\"https:\/\/distribuidorpanelrey.com\/\",\"logo\":{\"@type\":\"ImageObject\",\"inLanguage\":\"es\",\"@id\":\"https:\/\/distribuidorpanelrey.com\/#\/schema\/logo\/image\/\",\"url\":\"https:\/\/distribuidorpanelrey.com.mx\/wp-content\/uploads\/2023\/11\/panelrey.webp\",\"contentUrl\":\"https:\/\/distribuidorpanelrey.com.mx\/wp-content\/uploads\/2023\/11\/panelrey.webp\",\"width\":400,\"height\":150,\"caption\":\"PANEL REY MEXICO\"},\"image\":{\"@id\":\"https:\/\/distribuidorpanelrey.com\/#\/schema\/logo\/image\/\"},\"sameAs\":[\"https:\/\/www.facebook.com\/mexicopanelrey\/?locale=es_LA\",\"https:\/\/www.instagram.com\/panel_rey_mexico\/?hl=es\"]}]}<\/script>\n<!-- \/ Yoast SEO plugin. -->","yoast_head_json":{"title":"PINTURA BERELEX","description":"EN PANEL REY MEXICO ENCONTRARAS LA MEJOR CALIDAD EN PRODUCTOS PARA TUS PROYECTOS COMO LA PINTURA BERELEX DE MARCA BEREL, COMPRALA AQUI","robots":{"index":"index","follow":"follow","max-snippet":"max-snippet:-1","max-image-preview":"max-image-preview:large","max-video-preview":"max-video-preview:-1"},"canonical":"https:\/\/distribuidorpanelrey.com.mx\/producto\/pintura-berelex\/","og_locale":"es_ES","og_type":"article","og_title":"PINTURA BERELEX","og_description":"EN PANEL REY MEXICO ENCONTRARAS LA MEJOR CALIDAD EN PRODUCTOS PARA TUS PROYECTOS COMO LA PINTURA BERELEX DE MARCA BEREL, COMPRALA AQUI","og_url":"https:\/\/distribuidorpanelrey.com.mx\/producto\/pintura-berelex\/","og_site_name":"PANEL REY MEXICO","article_publisher":"https:\/\/www.facebook.com\/mexicopanelrey\/?locale=es_LA","article_modified_time":"2025-07-21T18:16:59+00:00","og_image":[{"width":500,"height":500,"url":"https:\/\/distribuidorpanelrey.com.mx\/wp-content\/uploads\/2023\/04\/PINTURA-BERELEX.png","type":"image\/png"}],"twitter_card":"summary_large_image","twitter_misc":{"Tiempo de lectura":"5 minutos"},"schema":{"@context":"https:\/\/schema.org","@graph":[{"@type":"WebPage","@id":"https:\/\/distribuidorpanelrey.com.mx\/producto\/pintura-berelex\/","url":"https:\/\/distribuidorpanelrey.com.mx\/producto\/pintura-berelex\/","name":"PINTURA BERELEX","isPartOf":{"@id":"https:\/\/distribuidorpanelrey.com\/#website"},"primaryImageOfPage":{"@id":"https:\/\/distribuidorpanelrey.com.mx\/producto\/pintura-berelex\/#primaryimage"},"image":{"@id":"https:\/\/distribuidorpanelrey.com.mx\/producto\/pintura-berelex\/#primaryimage"},"thumbnailUrl":"https:\/\/distribuidorpanelrey.com.mx\/wp-content\/uploads\/2023\/04\/PINTURA-BERELEX.png","datePublished":"2023-04-01T15:25:12+00:00","dateModified":"2025-07-21T18:16:59+00:00","description":"EN PANEL REY MEXICO ENCONTRARAS LA MEJOR CALIDAD EN PRODUCTOS PARA TUS PROYECTOS COMO LA PINTURA BERELEX DE MARCA BEREL, COMPRALA AQUI","breadcrumb":{"@id":"https:\/\/distribuidorpanelrey.com.mx\/producto\/pintura-berelex\/#breadcrumb"},"inLanguage":"es","potentialAction":[{"@type":"ReadAction","target":["https:\/\/distribuidorpanelrey.com.mx\/producto\/pintura-berelex\/"]}]},{"@type":"ImageObject","inLanguage":"es","@id":"https:\/\/distribuidorpanelrey.com.mx\/producto\/pintura-berelex\/#primaryimage","url":"https:\/\/distribuidorpanelrey.com.mx\/wp-content\/uploads\/2023\/04\/PINTURA-BERELEX.png","contentUrl":"https:\/\/distribuidorpanelrey.com.mx\/wp-content\/uploads\/2023\/04\/PINTURA-BERELEX.png","width":500,"height":500,"caption":"PINTURA-BERELEX"},{"@type":"BreadcrumbList","@id":"https:\/\/distribuidorpanelrey.com.mx\/producto\/pintura-berelex\/#breadcrumb","itemListElement":[{"@type":"ListItem","position":1,"name":"Portada","item":"https:\/\/distribuidorpanelrey.com.mx\/"},{"@type":"ListItem","position":2,"name":"Productos","item":"https:\/\/distribuidorpanelrey.com\/tienda\/"},{"@type":"ListItem","position":3,"name":"PINTURA BERELEX | BEREL"}]},{"@type":"WebSite","@id":"https:\/\/distribuidorpanelrey.com\/#website","url":"https:\/\/distribuidorpanelrey.com\/","name":"PANEL REY MEXICO","description":"DISTRIBUIDOR PANEL REY","publisher":{"@id":"https:\/\/distribuidorpanelrey.com\/#organization"},"alternateName":"DISTRIBUIDOR PANEL REY","potentialAction":[{"@type":"SearchAction","target":{"@type":"EntryPoint","urlTemplate":"https:\/\/distribuidorpanelrey.com\/?s={search_term_string}"},"query-input":{"@type":"PropertyValueSpecification","valueRequired":true,"valueName":"search_term_string"}}],"inLanguage":"es"},{"@type":"Organization","@id":"https:\/\/distribuidorpanelrey.com\/#organization","name":"PANEL REY MEXICO","url":"https:\/\/distribuidorpanelrey.com\/","logo":{"@type":"ImageObject","inLanguage":"es","@id":"https:\/\/distribuidorpanelrey.com\/#\/schema\/logo\/image\/","url":"https:\/\/distribuidorpanelrey.com.mx\/wp-content\/uploads\/2023\/11\/panelrey.webp","contentUrl":"https:\/\/distribuidorpanelrey.com.mx\/wp-content\/uploads\/2023\/11\/panelrey.webp","width":400,"height":150,"caption":"PANEL REY MEXICO"},"image":{"@id":"https:\/\/distribuidorpanelrey.com\/#\/schema\/logo\/image\/"},"sameAs":["https:\/\/www.facebook.com\/mexicopanelrey\/?locale=es_LA","https:\/\/www.instagram.com\/panel_rey_mexico\/?hl=es"]}]}},"_links":{"self":[{"href":"https:\/\/distribuidorpanelrey.com.mx\/wp-json\/wp\/v2\/product\/2128","targetHints":{"allow":["GET"]}}],"collection":[{"href":"https:\/\/distribuidorpanelrey.com.mx\/wp-json\/wp\/v2\/product"}],"about":[{"href":"https:\/\/distribuidorpanelrey.com.mx\/wp-json\/wp\/v2\/types\/product"}],"replies":[{"embeddable":true,"href":"https:\/\/distribuidorpanelrey.com.mx\/wp-json\/wp\/v2\/comments?post=2128"}],"version-history":[{"count":3,"href":"https:\/\/distribuidorpanelrey.com.mx\/wp-json\/wp\/v2\/product\/2128\/revisions"}],"predecessor-version":[{"id":4309,"href":"https:\/\/distribuidorpanelrey.com.mx\/wp-json\/wp\/v2\/product\/2128\/revisions\/4309"}],"wp:featuredmedia":[{"embeddable":true,"href":"https:\/\/distribuidorpanelrey.com.mx\/wp-json\/wp\/v2\/media\/2129"}],"wp:attachment":[{"href":"https:\/\/distribuidorpanelrey.com.mx\/wp-json\/wp\/v2\/media?parent=2128"}],"wp:term":[{"taxonomy":"product_brand","embeddable":true,"href":"https:\/\/distribuidorpanelrey.com.mx\/wp-json\/wp\/v2\/product_brand?post=2128"},{"taxonomy":"product_cat","embeddable":true,"href":"https:\/\/distribuidorpanelrey.com.mx\/wp-json\/wp\/v2\/product_cat?post=2128"},{"taxonomy":"product_tag","embeddable":true,"href":"https:\/\/distribuidorpanelrey.com.mx\/wp-json\/wp\/v2\/product_tag?post=2128"}],"curies":[{"name":"wp","href":"https:\/\/api.w.org\/{rel}","templated":true}]}}