{"id":2183,"date":"2023-04-01T15:51:48","date_gmt":"2023-04-01T15:51:48","guid":{"rendered":"https:\/\/distribuidorpanelrey.com.mx\/?post_type=product&#038;p=2183"},"modified":"2026-02-17T01:32:45","modified_gmt":"2026-02-17T01:32:45","slug":"pintura-berelex-one-hand","status":"publish","type":"product","link":"https:\/\/distribuidorpanelrey.com.mx\/producto\/pintura-berelex-one-hand\/","title":{"rendered":"PINTURA BERELEX ONE HAND | BEREL"},"content":{"rendered":"<h1 class=\"product_title entry-title elementor-heading-title elementor-size-default\">PINTURA BERELEX ONE HAND<\/h1>\n<div class=\"fl-col-group fl-node-5af0ccb5a4907\" data-node=\"5af0ccb5a4907\">\n<div class=\"fl-col fl-node-5af0ccb5a4a43\" data-node=\"5af0ccb5a4a43\">\n<div class=\"fl-col-content fl-node-content\">\n<div class=\"fl-module fl-module-rich-text fl-node-5af0cce292795\" data-node=\"5af0cce292795\">\n<div class=\"fl-module-content fl-node-content\">\n<div class=\"fl-rich-text\">\n<p>Berelex One Hand es una pintura de acabado mate, formulada con resina 100% acr\u00edlica, se distingue por su alto poder cubriente, lo cual permite lograr f\u00e1cil cobertura en una sola mano, logrando as\u00ed ahorro de tiempo de aplicaci\u00f3n. Una de sus caracter\u00edsticas es la de inhibir el crecimiento de bacterias, hongos y algas.<\/p>\n<ul>\n<li>Cubre en una mano<\/li>\n<li>Lista para aplicar<\/li>\n<li>Acabado:\u00a0Mate<\/li>\n<li>Rendimiento(a una mano)*:\u00a014-16 m2\/L.<\/li>\n<li>Presentaciones: 1 L, 4 L y 19 L<\/li>\n<\/ul>\n<\/div>\n<\/div>\n<\/div>\n<\/div>\n<\/div>\n<\/div>\n<div class=\"fl-col-group fl-node-5af0cede0787c\" data-node=\"5af0cede0787c\">\n<div class=\"fl-col fl-node-5af0cede07905\" data-node=\"5af0cede07905\">\n<div class=\"fl-col-content fl-node-content\">\n<div class=\"fl-module fl-module-rich-text fl-node-5af0d0984401f\" data-node=\"5af0d0984401f\">\n<div class=\"fl-module-content fl-node-content\">\n<h4 class=\"fl-rich-text\"><strong>APLICACIONES<\/strong><\/h4>\n<\/div>\n<\/div>\n<div class=\"fl-module fl-module-rich-text fl-node-5af0cede07804\" data-node=\"5af0cede07804\">\n<div class=\"fl-module-content fl-node-content\">\n<div class=\"fl-rich-text\">\n<p>Recomendado para protecci\u00f3n y decoraci\u00f3n de interiores y exteriores sobre acabados de yeso, ladrillo, cemento o mortero. Adem\u00e1s es Ideal en proyectos donde se requiere una pintura de alto desempe\u00f1o y duraci\u00f3n, as\u00ed como cuando se busca reducir el tiempo de aplicaci\u00f3n debido a que se logra la cobertura en una sola mano.<\/p>\n<h4><strong>PROPIEDADES<\/strong><\/h4>\n<p>Secado Libre al Tacto: 1 Hora M\u00e1x.<br \/>\nDensidad: 1.45 \u2013 1.50 kg\/L<br \/>\nS\u00f3lidos en Peso: 54- 56%<br \/>\nS\u00f3lidos en Volumen: 32 \u2013 34%<br \/>\nBrillo a 60\u00ba: &lt;4.0%<br \/>\nViscosidad: 85 \u2013 90 U. Krebs<br \/>\nRendimiento (a 1 mano)*: 14 \u2013 16 m2\/L<br \/>\nLavabilidad: &gt; 100,000 ciclos<br \/>\nBases para Igualaci\u00f3n: Pastel<br \/>\nCompuestos Org\u00e1nicos Vol\u00e1tiles (COV)**: &lt;50 g\/L<\/p>\n<p>Presentaciones: 1 L, 4 L, 19 L<\/p>\n<p><em>* Puede ser menor dependiendo del color aplicado, del tipo, rugosidad y porosidad de la superficie, as\u00ed como del m\u00e9todo de aplicaci\u00f3n.<\/em><br \/>\n<em>** El valor de COV puede variar con el contenido de tinta adicionada a la pintura.<br \/>\n*** Con respecto al precio puede cambiar dependiendo el color<\/em><\/p>\n<h4><strong>PREPARACI\u00d3N DE LAS SUPERFICIES\u00a0<\/strong><\/h4>\n<h5><strong>\u00bfC\u00d3MO ELIMINAR LOS HONGOS?<\/strong><\/h5>\n<ul>\n<li>Los hongos presentes en una superficie deben eliminarse antes de pintar, utilice una soluci\u00f3n de cloro diluido, mezcle 1\/2 taza de cloro comercial en 1 litro de agua. Humedezca un pa\u00f1o o esponja en la soluci\u00f3n y frote con ella la superficie hasta eliminar la mancha de hongo. Enjuague con agua limpia y deje secar, posteriormente pinte. Use guantes de goma y anteojos protectores al manipular la soluci\u00f3n de cloro.<\/li>\n<li>Cuando se trate de superficies que hayan sido pintadas anteriormente, se deber\u00e1 quitar toda la pintura suelta; si es brillante lije; si ya polvea o es al temple, elim\u00ednela lo m\u00e1s posible y proceda a sellar siguiendo las instrucciones.<\/li>\n<li>La superficie a pintar deber\u00e1 estar limpia y seca, totalmente libre de polvo o grasa.<\/li>\n<li>Los materiales de construcci\u00f3n deben estar completamente fraguados y secos. Sobre superficies exteriores e interiores debe utilizar el Sellador Acr\u00edlico Berel No. 580, diluya el sellador de 1 a 5 partes de agua por una parte de sellador, dependiendo de la porosidad de la superficie. Otra opci\u00f3n para sellar es utilizar el Sellador Green Acr\u00edlico Entintable No. 590 diluido al 10% con agua. Una vez seco el sellador aplicado, se podr\u00e1 pintar.<\/li>\n<\/ul>\n<h4><strong>INSTRUCCIONES<\/strong><\/h4>\n<ul>\n<li>Mezcle bien el contenido del envase antes de aplicar.<\/li>\n<li>Berelex One Hand es una pintura lista para aplicar, por lo que no requiere diluci\u00f3n al aplicarse con brocha o rodillo. Para aplicaci\u00f3n con pistola de aire diluya con agua hasta m\u00e1ximo 10%.<\/li>\n<li>En caso de diluir, vuelva a mezclar hasta incorporar el agua.<\/li>\n<li>Berelex One Hand se aplica con brocha, rodillo o por aspersi\u00f3n.<\/li>\n<li>Aplique uniformemente para lograr el acabado y cobertura esperada.<\/li>\n<li>En caso de aplicar m\u00e1s de una mano, deje secar un m\u00ednimo de 2 horas la primera antes de aplicar la siguiente.<\/li>\n<li>\u00a0Evite aplicar capas gruesas.<\/li>\n<\/ul>\n<h4><strong>RECOMENDACIONES\u00a0<\/strong><\/h4>\n<ul>\n<li>Disponible en Sistema de Color Multitono.<\/li>\n<li>Adicione sola la tinta que esta\u00a0 indicado en el formulario.<\/li>\n<li>No mezcle Berelex One Hand con otras pinturas.<\/li>\n<li>Si va a repintar e involucra un cambio dr\u00e1stico de color, se recomienda aplicar una capa de pintura color blanco como fondo para lograr el cubriente completo.<\/li>\n<li>Las condiciones de la superficie y la t\u00e9cnica de aplicaci\u00f3n pueden influir en el cubrimiento de la pintura. Bajo condiciones extremas: lugares sin ventilaci\u00f3n, cerrados, tibios y\/o muy saturados de humedad, la efectividad de la pintura contra microorganismos es limitada.<\/li>\n<li>Debe evitarse la exposici\u00f3n en inmersi\u00f3n, continua o intermitente, as\u00ed como el contacto continuo con agua.<\/li>\n<li>El desempe\u00f1o de Berelex One Hand puede ser menor en ambientes tropicales.<\/li>\n<li>Esta pintura puede lavarse despu\u00e9s de 7 d\u00edas de haberse aplicado.<\/li>\n<li>No agregue cargas o materiales extra\u00f1os que adulteren su formulaci\u00f3n.<\/li>\n<li>No pinte en d\u00edas lluviosos ni cuando la temperatura sea menor a 10\u00baC.<\/li>\n<li>Antes de pintar solucione problemas de humedad como mala impermeabilizaci\u00f3n, fugas de agua o jardineras mal preparadas.<\/li>\n<li>Lave brochas y dem\u00e1s equipo con agua y jab\u00f3n inmediatamente despu\u00e9s de usarlos.<\/li>\n<li>El \u00e1rea de trabajo debe estar bien ventilada.<\/li>\n<li>No se deje al alcance de los ni\u00f1os.<\/li>\n<\/ul>\n<p>&nbsp;<\/p>\n<p style=\"text-align: center;\">VISITA LA TIENDA ONLINE\u00a0<a href=\"https:\/\/berelmexico.com\/\">WWW.BERELMEXICO.COM<\/a><\/p>\n<p style=\"text-align: center;\">En\u00a0<strong data-start=\"82\" data-end=\"115\">Distribuidor Panel Rey M\u00e9xico<\/strong>\u00a0encuentras calidad y confianza en productos\u00a0<strong data-start=\"160\" data-end=\"172\">Crest<\/strong>.<br data-start=\"173\" data-end=\"176\" \/><img decoding=\"async\" class=\"emoji\" role=\"img\" draggable=\"false\" src=\"https:\/\/s.w.org\/images\/core\/emoji\/16.0.1\/svg\/2705.svg\" alt=\"\u2705\" \/>\u00a0Env\u00edos a toda la Rep\u00fablica Mexicana. \u00a1Pregunta por nuestras promociones vigentes!<br data-start=\"259\" data-end=\"262\" data-is-only-node=\"\" \/><img decoding=\"async\" class=\"emoji\" role=\"img\" draggable=\"false\" src=\"https:\/\/s.w.org\/images\/core\/emoji\/16.0.1\/svg\/2705.svg\" alt=\"\u2705\" \/>\u00a0Todos los precios incluyen IVA (sujetos a cambio sin previo aviso).<br data-start=\"331\" data-end=\"334\" \/><img decoding=\"async\" class=\"emoji\" role=\"img\" draggable=\"false\" src=\"https:\/\/s.w.org\/images\/core\/emoji\/16.0.1\/svg\/2705.svg\" alt=\"\u2705\" \/>\u00a0Im\u00e1genes ilustrativas, el producto final puede presentar ligeras variaciones.<br data-start=\"413\" data-end=\"416\" \/><img decoding=\"async\" class=\"emoji\" role=\"img\" draggable=\"false\" src=\"https:\/\/s.w.org\/images\/core\/emoji\/16.0.1\/svg\/1f4ac.svg\" alt=\"\ud83d\udcac\" \/>\u00a0\u00bfTienes dudas? Escr\u00edbenos por\u00a0<a href=\"https:\/\/www.facebook.com\/mexicopanelrey\">Facebook<\/a>\u00a0o\u00a0<a href=\"https:\/\/www.instagram.com\/panel_rey_mexico\/\">Instagram<\/a>.<br data-start=\"470\" data-end=\"473\" \/><img decoding=\"async\" class=\"emoji\" role=\"img\" draggable=\"false\" src=\"https:\/\/s.w.org\/images\/core\/emoji\/16.0.1\/svg\/1f4de.svg\" alt=\"\ud83d\udcde\" \/>\u00a0Tel:\u00a0<a href=\"tel:55 7397 6243\">55 7397 6243<\/a>\u00a0| WhatsApp:\u00a0<a href=\"https:\/\/api.whatsapp.com\/send?phone=525573976243\">5573976243<\/a><br data-start=\"518\" data-end=\"521\" \/><img decoding=\"async\" class=\"emoji\" role=\"img\" draggable=\"false\" src=\"https:\/\/s.w.org\/images\/core\/emoji\/16.0.1\/svg\/1f4e7.svg\" alt=\"\ud83d\udce7\" \/>\u00a0<a class=\"cursor-pointer\" href=\"mailto:ventas@distribuidorpanelrey.com\" rel=\"noopener\" data-start=\"524\" data-end=\"555\">ventas@distribuidorpanelrey.com<\/a><\/p>\n<\/div>\n<\/div>\n<\/div>\n<\/div>\n<\/div>\n<\/div>\n","protected":false},"excerpt":{"rendered":"<h4 style=\"text-align: center;\">Env\u00edos de 24 a 48 hr CDMX Y EDO MEX<\/h4>\n<p style=\"text-align: center;\">Rese\u00f1as\u00a0\u2605\u2605\u2605\u2605\u2605\u00a0 Env\u00edos Garantizados<\/p>\n<h4 style=\"text-align: center;\">\ud83d\udd25LOS MEJORES PRECIOS \ud83d\udd25<\/h4>\n","protected":false},"featured_media":2186,"comment_status":"closed","ping_status":"closed","template":"","meta":[],"product_brand":[551],"product_cat":[353],"product_tag":[410,423,166,317,318,111,165,414,359],"class_list":{"0":"post-2183","1":"product","2":"type-product","3":"status-publish","4":"has-post-thumbnail","6":"product_brand-berel","7":"product_cat-pintura-y-accesorios","8":"product_tag-berel","9":"product_tag-berelex-one-hand","10":"product_tag-distribuidor-panel-rey","11":"product_tag-ferrekasa","12":"product_tag-ferremex","13":"product_tag-panel-rey","14":"product_tag-panel-rey-mexico","15":"product_tag-pintura-berel","16":"product_tag-pintura-blanca","18":"first","19":"instock","20":"shipping-taxable","21":"purchasable","22":"product-type-variable"},"yoast_head":"<!-- This site is optimized with the Yoast SEO plugin v27.1.1 - https:\/\/yoast.com\/product\/yoast-seo-wordpress\/ -->\n<title>PINTURA BERELEX ONE HAND\u00a0<\/title>\n<meta name=\"description\" content=\"EN PANEL REY MEXICO ENCUENTRA TODOS LOS PRODUCTOS PARA TUS PROYECTOS COMO LA PINTURA BERELEX ONE HAND\u00a0DE MARCA BEREL, COMPRALA AQUI\" \/>\n<meta name=\"robots\" content=\"index, follow, max-snippet:-1, max-image-preview:large, max-video-preview:-1\" \/>\n<link rel=\"canonical\" href=\"https:\/\/distribuidorpanelrey.com.mx\/producto\/pintura-berelex-one-hand\/\" \/>\n<meta property=\"og:locale\" content=\"es_ES\" \/>\n<meta property=\"og:type\" content=\"article\" \/>\n<meta property=\"og:title\" content=\"PINTURA BERELEX ONE HAND\u00a0\" \/>\n<meta property=\"og:description\" content=\"EN PANEL REY MEXICO ENCUENTRA TODOS LOS PRODUCTOS PARA TUS PROYECTOS COMO LA PINTURA BERELEX ONE HAND\u00a0DE MARCA BEREL, COMPRALA AQUI\" \/>\n<meta property=\"og:url\" content=\"https:\/\/distribuidorpanelrey.com.mx\/producto\/pintura-berelex-one-hand\/\" \/>\n<meta property=\"og:site_name\" content=\"PANEL REY MEXICO\" \/>\n<meta property=\"article:publisher\" content=\"https:\/\/www.facebook.com\/mexicopanelrey\/?locale=es_LA\" \/>\n<meta property=\"article:modified_time\" content=\"2026-02-17T01:32:45+00:00\" \/>\n<meta property=\"og:image\" content=\"https:\/\/distribuidorpanelrey.com.mx\/wp-content\/uploads\/2023\/04\/PINTURA-BERELEX-ONE-HAND.png\" \/>\n\t<meta property=\"og:image:width\" content=\"500\" \/>\n\t<meta property=\"og:image:height\" content=\"500\" \/>\n\t<meta property=\"og:image:type\" content=\"image\/png\" \/>\n<meta name=\"twitter:card\" content=\"summary_large_image\" \/>\n<meta name=\"twitter:label1\" content=\"Tiempo de lectura\" \/>\n\t<meta name=\"twitter:data1\" content=\"6 minutos\" \/>\n<script type=\"application\/ld+json\" class=\"yoast-schema-graph\">{\"@context\":\"https:\/\/schema.org\",\"@graph\":[{\"@type\":\"WebPage\",\"@id\":\"https:\/\/distribuidorpanelrey.com.mx\/producto\/pintura-berelex-one-hand\/\",\"url\":\"https:\/\/distribuidorpanelrey.com.mx\/producto\/pintura-berelex-one-hand\/\",\"name\":\"PINTURA BERELEX ONE HAND\u00a0\",\"isPartOf\":{\"@id\":\"https:\/\/distribuidorpanelrey.com\/#website\"},\"primaryImageOfPage\":{\"@id\":\"https:\/\/distribuidorpanelrey.com.mx\/producto\/pintura-berelex-one-hand\/#primaryimage\"},\"image\":{\"@id\":\"https:\/\/distribuidorpanelrey.com.mx\/producto\/pintura-berelex-one-hand\/#primaryimage\"},\"thumbnailUrl\":\"https:\/\/distribuidorpanelrey.com.mx\/wp-content\/uploads\/2023\/04\/PINTURA-BERELEX-ONE-HAND.png\",\"datePublished\":\"2023-04-01T15:51:48+00:00\",\"dateModified\":\"2026-02-17T01:32:45+00:00\",\"description\":\"EN PANEL REY MEXICO ENCUENTRA TODOS LOS PRODUCTOS PARA TUS PROYECTOS COMO LA PINTURA BERELEX ONE HAND\u00a0DE MARCA BEREL, COMPRALA AQUI\",\"breadcrumb\":{\"@id\":\"https:\/\/distribuidorpanelrey.com.mx\/producto\/pintura-berelex-one-hand\/#breadcrumb\"},\"inLanguage\":\"es\",\"potentialAction\":[{\"@type\":\"ReadAction\",\"target\":[\"https:\/\/distribuidorpanelrey.com.mx\/producto\/pintura-berelex-one-hand\/\"]}]},{\"@type\":\"ImageObject\",\"inLanguage\":\"es\",\"@id\":\"https:\/\/distribuidorpanelrey.com.mx\/producto\/pintura-berelex-one-hand\/#primaryimage\",\"url\":\"https:\/\/distribuidorpanelrey.com.mx\/wp-content\/uploads\/2023\/04\/PINTURA-BERELEX-ONE-HAND.png\",\"contentUrl\":\"https:\/\/distribuidorpanelrey.com.mx\/wp-content\/uploads\/2023\/04\/PINTURA-BERELEX-ONE-HAND.png\",\"width\":500,\"height\":500,\"caption\":\"PINTURA-BERELEX-ONE-HAND\"},{\"@type\":\"BreadcrumbList\",\"@id\":\"https:\/\/distribuidorpanelrey.com.mx\/producto\/pintura-berelex-one-hand\/#breadcrumb\",\"itemListElement\":[{\"@type\":\"ListItem\",\"position\":1,\"name\":\"Portada\",\"item\":\"https:\/\/distribuidorpanelrey.com.mx\/\"},{\"@type\":\"ListItem\",\"position\":2,\"name\":\"Productos\",\"item\":\"https:\/\/distribuidorpanelrey.com\/tienda\/\"},{\"@type\":\"ListItem\",\"position\":3,\"name\":\"PINTURA BERELEX ONE HAND | BEREL\"}]},{\"@type\":\"WebSite\",\"@id\":\"https:\/\/distribuidorpanelrey.com\/#website\",\"url\":\"https:\/\/distribuidorpanelrey.com\/\",\"name\":\"PANEL REY MEXICO\",\"description\":\"DISTRIBUIDOR PANEL REY\",\"publisher\":{\"@id\":\"https:\/\/distribuidorpanelrey.com\/#organization\"},\"alternateName\":\"DISTRIBUIDOR PANEL REY\",\"potentialAction\":[{\"@type\":\"SearchAction\",\"target\":{\"@type\":\"EntryPoint\",\"urlTemplate\":\"https:\/\/distribuidorpanelrey.com\/?s={search_term_string}\"},\"query-input\":{\"@type\":\"PropertyValueSpecification\",\"valueRequired\":true,\"valueName\":\"search_term_string\"}}],\"inLanguage\":\"es\"},{\"@type\":\"Organization\",\"@id\":\"https:\/\/distribuidorpanelrey.com\/#organization\",\"name\":\"PANEL REY MEXICO\",\"url\":\"https:\/\/distribuidorpanelrey.com\/\",\"logo\":{\"@type\":\"ImageObject\",\"inLanguage\":\"es\",\"@id\":\"https:\/\/distribuidorpanelrey.com\/#\/schema\/logo\/image\/\",\"url\":\"https:\/\/distribuidorpanelrey.com.mx\/wp-content\/uploads\/2023\/11\/panelrey.webp\",\"contentUrl\":\"https:\/\/distribuidorpanelrey.com.mx\/wp-content\/uploads\/2023\/11\/panelrey.webp\",\"width\":400,\"height\":150,\"caption\":\"PANEL REY MEXICO\"},\"image\":{\"@id\":\"https:\/\/distribuidorpanelrey.com\/#\/schema\/logo\/image\/\"},\"sameAs\":[\"https:\/\/www.facebook.com\/mexicopanelrey\/?locale=es_LA\",\"https:\/\/www.instagram.com\/panel_rey_mexico\/?hl=es\"]}]}<\/script>\n<!-- \/ Yoast SEO plugin. -->","yoast_head_json":{"title":"PINTURA BERELEX ONE HAND\u00a0","description":"EN PANEL REY MEXICO ENCUENTRA TODOS LOS PRODUCTOS PARA TUS PROYECTOS COMO LA PINTURA BERELEX ONE HAND\u00a0DE MARCA BEREL, COMPRALA AQUI","robots":{"index":"index","follow":"follow","max-snippet":"max-snippet:-1","max-image-preview":"max-image-preview:large","max-video-preview":"max-video-preview:-1"},"canonical":"https:\/\/distribuidorpanelrey.com.mx\/producto\/pintura-berelex-one-hand\/","og_locale":"es_ES","og_type":"article","og_title":"PINTURA BERELEX ONE HAND\u00a0","og_description":"EN PANEL REY MEXICO ENCUENTRA TODOS LOS PRODUCTOS PARA TUS PROYECTOS COMO LA PINTURA BERELEX ONE HAND\u00a0DE MARCA BEREL, COMPRALA AQUI","og_url":"https:\/\/distribuidorpanelrey.com.mx\/producto\/pintura-berelex-one-hand\/","og_site_name":"PANEL REY MEXICO","article_publisher":"https:\/\/www.facebook.com\/mexicopanelrey\/?locale=es_LA","article_modified_time":"2026-02-17T01:32:45+00:00","og_image":[{"width":500,"height":500,"url":"https:\/\/distribuidorpanelrey.com.mx\/wp-content\/uploads\/2023\/04\/PINTURA-BERELEX-ONE-HAND.png","type":"image\/png"}],"twitter_card":"summary_large_image","twitter_misc":{"Tiempo de lectura":"6 minutos"},"schema":{"@context":"https:\/\/schema.org","@graph":[{"@type":"WebPage","@id":"https:\/\/distribuidorpanelrey.com.mx\/producto\/pintura-berelex-one-hand\/","url":"https:\/\/distribuidorpanelrey.com.mx\/producto\/pintura-berelex-one-hand\/","name":"PINTURA BERELEX ONE HAND\u00a0","isPartOf":{"@id":"https:\/\/distribuidorpanelrey.com\/#website"},"primaryImageOfPage":{"@id":"https:\/\/distribuidorpanelrey.com.mx\/producto\/pintura-berelex-one-hand\/#primaryimage"},"image":{"@id":"https:\/\/distribuidorpanelrey.com.mx\/producto\/pintura-berelex-one-hand\/#primaryimage"},"thumbnailUrl":"https:\/\/distribuidorpanelrey.com.mx\/wp-content\/uploads\/2023\/04\/PINTURA-BERELEX-ONE-HAND.png","datePublished":"2023-04-01T15:51:48+00:00","dateModified":"2026-02-17T01:32:45+00:00","description":"EN PANEL REY MEXICO ENCUENTRA TODOS LOS PRODUCTOS PARA TUS PROYECTOS COMO LA PINTURA BERELEX ONE HAND\u00a0DE MARCA BEREL, COMPRALA AQUI","breadcrumb":{"@id":"https:\/\/distribuidorpanelrey.com.mx\/producto\/pintura-berelex-one-hand\/#breadcrumb"},"inLanguage":"es","potentialAction":[{"@type":"ReadAction","target":["https:\/\/distribuidorpanelrey.com.mx\/producto\/pintura-berelex-one-hand\/"]}]},{"@type":"ImageObject","inLanguage":"es","@id":"https:\/\/distribuidorpanelrey.com.mx\/producto\/pintura-berelex-one-hand\/#primaryimage","url":"https:\/\/distribuidorpanelrey.com.mx\/wp-content\/uploads\/2023\/04\/PINTURA-BERELEX-ONE-HAND.png","contentUrl":"https:\/\/distribuidorpanelrey.com.mx\/wp-content\/uploads\/2023\/04\/PINTURA-BERELEX-ONE-HAND.png","width":500,"height":500,"caption":"PINTURA-BERELEX-ONE-HAND"},{"@type":"BreadcrumbList","@id":"https:\/\/distribuidorpanelrey.com.mx\/producto\/pintura-berelex-one-hand\/#breadcrumb","itemListElement":[{"@type":"ListItem","position":1,"name":"Portada","item":"https:\/\/distribuidorpanelrey.com.mx\/"},{"@type":"ListItem","position":2,"name":"Productos","item":"https:\/\/distribuidorpanelrey.com\/tienda\/"},{"@type":"ListItem","position":3,"name":"PINTURA BERELEX ONE HAND | BEREL"}]},{"@type":"WebSite","@id":"https:\/\/distribuidorpanelrey.com\/#website","url":"https:\/\/distribuidorpanelrey.com\/","name":"PANEL REY MEXICO","description":"DISTRIBUIDOR PANEL REY","publisher":{"@id":"https:\/\/distribuidorpanelrey.com\/#organization"},"alternateName":"DISTRIBUIDOR PANEL REY","potentialAction":[{"@type":"SearchAction","target":{"@type":"EntryPoint","urlTemplate":"https:\/\/distribuidorpanelrey.com\/?s={search_term_string}"},"query-input":{"@type":"PropertyValueSpecification","valueRequired":true,"valueName":"search_term_string"}}],"inLanguage":"es"},{"@type":"Organization","@id":"https:\/\/distribuidorpanelrey.com\/#organization","name":"PANEL REY MEXICO","url":"https:\/\/distribuidorpanelrey.com\/","logo":{"@type":"ImageObject","inLanguage":"es","@id":"https:\/\/distribuidorpanelrey.com\/#\/schema\/logo\/image\/","url":"https:\/\/distribuidorpanelrey.com.mx\/wp-content\/uploads\/2023\/11\/panelrey.webp","contentUrl":"https:\/\/distribuidorpanelrey.com.mx\/wp-content\/uploads\/2023\/11\/panelrey.webp","width":400,"height":150,"caption":"PANEL REY MEXICO"},"image":{"@id":"https:\/\/distribuidorpanelrey.com\/#\/schema\/logo\/image\/"},"sameAs":["https:\/\/www.facebook.com\/mexicopanelrey\/?locale=es_LA","https:\/\/www.instagram.com\/panel_rey_mexico\/?hl=es"]}]}},"_links":{"self":[{"href":"https:\/\/distribuidorpanelrey.com.mx\/wp-json\/wp\/v2\/product\/2183","targetHints":{"allow":["GET"]}}],"collection":[{"href":"https:\/\/distribuidorpanelrey.com.mx\/wp-json\/wp\/v2\/product"}],"about":[{"href":"https:\/\/distribuidorpanelrey.com.mx\/wp-json\/wp\/v2\/types\/product"}],"replies":[{"embeddable":true,"href":"https:\/\/distribuidorpanelrey.com.mx\/wp-json\/wp\/v2\/comments?post=2183"}],"version-history":[{"count":2,"href":"https:\/\/distribuidorpanelrey.com.mx\/wp-json\/wp\/v2\/product\/2183\/revisions"}],"predecessor-version":[{"id":4307,"href":"https:\/\/distribuidorpanelrey.com.mx\/wp-json\/wp\/v2\/product\/2183\/revisions\/4307"}],"wp:featuredmedia":[{"embeddable":true,"href":"https:\/\/distribuidorpanelrey.com.mx\/wp-json\/wp\/v2\/media\/2186"}],"wp:attachment":[{"href":"https:\/\/distribuidorpanelrey.com.mx\/wp-json\/wp\/v2\/media?parent=2183"}],"wp:term":[{"taxonomy":"product_brand","embeddable":true,"href":"https:\/\/distribuidorpanelrey.com.mx\/wp-json\/wp\/v2\/product_brand?post=2183"},{"taxonomy":"product_cat","embeddable":true,"href":"https:\/\/distribuidorpanelrey.com.mx\/wp-json\/wp\/v2\/product_cat?post=2183"},{"taxonomy":"product_tag","embeddable":true,"href":"https:\/\/distribuidorpanelrey.com.mx\/wp-json\/wp\/v2\/product_tag?post=2183"}],"curies":[{"name":"wp","href":"https:\/\/api.w.org\/{rel}","templated":true}]}}