{"id":2200,"date":"2023-04-01T17:23:03","date_gmt":"2023-04-01T17:23:03","guid":{"rendered":"https:\/\/distribuidorpanelrey.com.mx\/?post_type=product&#038;p=2200"},"modified":"2026-02-17T01:32:49","modified_gmt":"2026-02-17T01:32:49","slug":"impermeabilizante-kover-secado-rapido-berel","status":"publish","type":"product","link":"https:\/\/distribuidorpanelrey.com.mx\/producto\/impermeabilizante-kover-secado-rapido-berel\/","title":{"rendered":"IMPERMEABILIZANTE KOVER SECADO RAPIDO | BEREL"},"content":{"rendered":"<div class=\"fl-row fl-row-fixed-width fl-row-bg-none fl-node-5af2082faa1ce\" data-node=\"5af2082faa1ce\">\n<div class=\"fl-row-content-wrap\">\n<div class=\"fl-row-content fl-row-fixed-width fl-node-content\">\n<div class=\"fl-col-group fl-node-5af2082fac817\" data-node=\"5af2082fac817\">\n<div class=\"fl-col fl-node-5af2082fac912 fl-col-small\" data-node=\"5af2082fac912\">\n<div class=\"fl-col-content fl-node-content\">\n<div class=\"fl-module fl-module-rich-text fl-node-5af20851af819\" data-node=\"5af20851af819\">\n<div class=\"fl-module-content fl-node-content\">\n<div class=\"fl-rich-text\">\n<h1>IMPERMEABILIZANTE KOVER SECADO RAPIDO<\/h1>\n<p>Impermeabilizante Kover Secado rapido elastom\u00e9rico base agua, se fabrica con resinas 100% acr\u00edlicas, por lo que tiene una alta resistencia a los rayos UV del sol. Los materiales utilizados en su formulaci\u00f3n le permiten disminuir considerablemente el tiempo de secado, evita filtraciones de agua y es de f\u00e1cil aplicaci\u00f3n. Est\u00e1 dise\u00f1ado especialmente para secar a\u00fan en condiciones ambientales que se consideran adversas para un impermeabilizante convencional.<\/p>\n<ul>\n<li>Protege de la lluvia a partir de 2 horas de realizada la aplicaci\u00f3n<\/li>\n<li>Resistencia al calor<\/li>\n<li>Secado r\u00e1pido<\/li>\n<li>Alta duraci\u00f3n<\/li>\n<li><strong>Garant\u00eda:<\/strong>\u00a010 a\u00f1os<\/li>\n<li><strong>Rendimiento (a 2 capas):<\/strong>\u00a01m2\/L<\/li>\n<li><strong>Presentaciones:<\/strong>\u00a019L<\/li>\n<\/ul>\n<\/div>\n<\/div>\n<\/div>\n<\/div>\n<\/div>\n<\/div>\n<\/div>\n<\/div>\n<\/div>\n<div class=\"fl-row fl-row-fixed-width fl-row-bg-none fl-node-5af208d53a4c3\" data-node=\"5af208d53a4c3\">\n<div class=\"fl-row-content-wrap\">\n<div class=\"fl-row-content fl-row-fixed-width fl-node-content\">\n<div class=\"fl-col-group fl-node-5af208d549002\" data-node=\"5af208d549002\">\n<div class=\"fl-col fl-node-5af208d5490a5\" data-node=\"5af208d5490a5\">\n<div class=\"fl-col-content fl-node-content\">\n<div class=\"fl-module fl-module-rich-text fl-node-5af208d53a128\" data-node=\"5af208d53a128\">\n<div class=\"fl-module-content fl-node-content\">\n<div class=\"fl-rich-text\">\n<h6><strong>DESCRIPCI\u00d3N DEL PRODUCTO<\/strong><\/h6>\n<p>Impermeabilizante elastom\u00e9rico base agua, se fabrica con resinas 100% acr\u00edlicas, por lo que tiene una alta resistencia a los rayos UV del sol; los materiales utilizados en su formulaci\u00f3n le permiten disminuir considerablemente el tiempo de secado, evita filtraciones de agua y es de f\u00e1cil aplicaci\u00f3n.<\/p>\n<p>Est\u00e1 dise\u00f1ado especialmente para secar a\u00fan en condiciones ambien\u00adtales que se consideran adversas para un impermeabilizante convencional. Su adhesi\u00f3n a una amplia gama de sustratos es excelente, lo cual le permite ser utilizado como acabado de alta durabilidad en impermeabilizaciones nuevas, as\u00ed como en el restaurado de sistemas impermeables en fr\u00edo que requieran renovaci\u00f3n.<\/p>\n<h6><strong>Tiempo De Secado<\/strong><\/h6>\n<p>Disminuye hasta en un 70% el tiempo de secado. Esto permite disminuir el tiempo de aplicaci\u00f3n a medio d\u00eda, a partir de la aplicaci\u00f3n del Sellador. Si se llegara a presentar lluvia repentina despu\u00e9s de dos horas de aplicada la primera o segunda capa de Kover Secado R\u00e1pido, se ahorrar\u00e1 en retrabajos por deslaves y tiempos de espera al tener que volver a aplicar como en el caso de un impermeabilizante convencional.<\/p>\n<h6><strong>APLICACIONES<\/strong><\/h6>\n<p>Como impermeabilizante de techos, azoteas y paredes. Protege aplicaciones de poliuretano espreado, \u00fatil para restaurar impermeabilizantes elastom\u00e9ricos y asf\u00e1lticos en fr\u00edo, deteriorados o\u00a0envejecidos.<\/p>\n<h6><strong>PROPIEDADES<\/strong><\/h6>\n<p>Secado Libre al Tacto: 30 minutos<br \/>\nSecado para Segunda Capa: 2 Horas<br \/>\nDensidad: 1.30 \u2013 1.35 kg\/L<br \/>\nS\u00f3lidos en Peso: 58 \u2013 59%<br \/>\nElongaci\u00f3n: 200% M\u00edn.<br \/>\nViscosidad: 25,000 \u2013 35,000 CRS<br \/>\nRendimiento (a 2 capas): 1 m2\/L<br \/>\nPresentaciones: 19 L<\/p>\n<h6><\/h6>\n<h6><strong>PREPARACI\u00d3N DE LAS SUPERFICIES<\/strong><\/h6>\n<p>La superficie a impermeabilizar debe tener un drenaje adecuado y una pendiente que evite encharcamiento.<\/p>\n<h6><strong>Superficies de Concreto Nuevas<\/strong><\/h6>\n<ul>\n<li>La superficie a impermeabilizar deber\u00e1 estar limpia y seca, totalmente libre de polvo, grasa y materias extra\u00f1as.<\/li>\n<li>Si existen grietas o fisuras, resane con Resanador para Grietas Kover, siguiendo cuidadosamente las instrucciones de aplicaci\u00f3n de su envase.<\/li>\n<\/ul>\n<h6><strong>Restauraci\u00f3n de Impermeabilizaciones Elastom\u00e9ricas o Asf\u00e1lticas En Fr\u00edo Deterioradas<br \/>\n<\/strong><\/h6>\n<ul>\n<li>Remueva el impermeabilizante que se encuentre suelto o mal adherido a la superficie, si el impermeabilizante presenta un alto grado de envejecimiento, se deber\u00e1 remover totalmente antes de aplicar la nueva capa de impermeabilizante.<\/li>\n<li>La superficie a impermeabilizar deber\u00e1 estar limpia y seca, totalmente libre de polvo, grasa y materias extra\u00f1as.<\/li>\n<li>Si existen grietas o fisuras, resane con Resanador para Grietas Kover, siguiendo cuidadosamente las instrucciones de aplicaci\u00f3n de su envase.<\/li>\n<\/ul>\n<h6><\/h6>\n<h6><strong>INSTRUCCIONES<\/strong><\/h6>\n<p>Selle toda la superficie con Sellador Kover, diluyendo de acuerdo a las instrucciones de su envase.<\/p>\n<h6><strong>Para aplicaciones En Techos y Azoteas<\/strong><\/h6>\n<ul>\n<li>Kover Secado R\u00e1pido se aplica con brocha o cepillo de cerdas suaves.<\/li>\n<li>Kover Secado R\u00e1pido no requiere malla de refuerzo en el total del \u00e1rea a impermeabilizar cuando la losa est\u00e9 en buen estado, sin embargo, en toda losa deber\u00e1 reforzar los puntos cr\u00edticos tales como juntas, \u00e1ngulos y grietas resanadas, aplicando sin diluir una capa uniforme de impermeabilizante Kover Secado R\u00e1pido, y extendiendo simult\u00e1neamente malla de refuerzo sobre la capa de impermeabilizante a\u00fan fresco, presionando uniformemente para evitar la formaci\u00f3n de bolsas de aire y arrugas, los refuerzos deber\u00e1n cubrir en ambos lados de los puntos cr\u00edticos un exceso de 1 O a 12 cm. IMPORTANTE: evite que el impermeabilizante se seque antes de colocar la malla de refuerzo, puede provocar defectos en la adhesi\u00f3n.<\/li>\n<li>Una vez secos los refuerzos aplique sin diluir una capa uniforme de impermeabilizante Kover Secado R\u00e1pido, a raz\u00f3n de 2m2 por litro, para un mejor control del espesor, extienda simult\u00e1neamente malla de refuerzo sobre la capa de impermeabilizante a\u00fan fresco, presionando uniformemente para evitar la formaci\u00f3n de bolsas de aire y arrugas. Deje secar una o dos horas, posteriormente aplique en forma transversal una segunda capa de impermeabilizante Kover Secado R\u00e1pido del mismo espesor que la anterior. Para aplicaciones en pared<\/li>\n<li>Kover Secado R\u00e1pido se aplica con brocha o rodillo.<\/li>\n<li>1Diluya de 1 O a 15% con agua limpia, aplique tres capas de Kover Secado R\u00e1pido, permitiendo secar cada una m\u00ednimo dos horas antes de aplicar la siguiente. El rendimiento final deber\u00e1 ser de 1 m2\/L.<\/li>\n<\/ul>\n<h6><\/h6>\n<h6><strong>RECOMENDACIONES<\/strong><\/h6>\n<ul>\n<li>Impermeabilice pretiles y todo punto de posible filtraci\u00f3n<\/li>\n<li>Aseg\u00farese de que la superficie no se encuentre caliente por el sol.<\/li>\n<li>No restaure con sistemas elastom\u00e9ricos sobre impermeabilizaciones asf\u00e1lticas en caliente o sobre membranas prefabricadas de asfalto modificado; en este caso deber\u00e1 removerlo por completo previamente.<\/li>\n<li>Respete los tiempos de secado.<\/li>\n<li>No mezcle Kover Secado R\u00e1pido con otros materiales.<\/li>\n<li>Evite impermeabilizar en presencia de lluvia o cuando la temperatura ambiente sea inferior a 10\u00baC. Se sugiere no aplicar el impermeabilizante a una humedad relativa mayor a 70%; estas condiciones pueden alterar su tiempo de secado y desempe\u00f1o.<\/li>\n<li>Lave brochas y dem\u00e1s equipo de aplicaci\u00f3n con agua y jab\u00f3n inmediatamente despu\u00e9s de usarlos.<\/li>\n<li>No se deje al alcance de los ni\u00f1os<\/li>\n<\/ul>\n<p>Ficha T\u00e9cnica:<\/p>\n<p><a href=\"https:\/\/www.berel.com.mx\/sites\/default\/files\/Fichas_Tecnicas\/37_kover_secado_rapido.pdf\">https:\/\/www.berel.com.mx\/sites\/default\/files\/Fichas_Tecnicas\/37_kover_secado_rapido.pdf<\/a><\/p>\n<\/div>\n<h4 style=\"text-align: center;\">En\u00a0<strong data-start=\"82\" data-end=\"115\">Distribuidor Panel Rey M\u00e9xico<\/strong> encuentras calidad y confianza en productos <strong data-start=\"160\" data-end=\"172\">BEREL<\/strong>.<br data-start=\"173\" data-end=\"176\" \/><img decoding=\"async\" class=\"emoji\" role=\"img\" draggable=\"false\" src=\"https:\/\/s.w.org\/images\/core\/emoji\/16.0.1\/svg\/2705.svg\" alt=\"\u2705\" \/>\u00a0Env\u00edos a toda la Rep\u00fablica Mexicana. \u00a1Pregunta por nuestras promociones vigentes!<br data-start=\"259\" data-end=\"262\" data-is-only-node=\"\" \/><img decoding=\"async\" class=\"emoji\" role=\"img\" draggable=\"false\" src=\"https:\/\/s.w.org\/images\/core\/emoji\/16.0.1\/svg\/2705.svg\" alt=\"\u2705\" \/>\u00a0Todos los precios incluyen IVA (sujetos a cambio sin previo aviso).<br data-start=\"331\" data-end=\"334\" \/><img decoding=\"async\" class=\"emoji\" role=\"img\" draggable=\"false\" src=\"https:\/\/s.w.org\/images\/core\/emoji\/16.0.1\/svg\/2705.svg\" alt=\"\u2705\" \/>\u00a0Im\u00e1genes ilustrativas, el producto final puede presentar ligeras variaciones.<br data-start=\"413\" data-end=\"416\" \/><img decoding=\"async\" class=\"emoji\" role=\"img\" draggable=\"false\" src=\"https:\/\/s.w.org\/images\/core\/emoji\/16.0.1\/svg\/1f4ac.svg\" alt=\"\ud83d\udcac\" \/>\u00a0\u00bfTienes dudas? Escr\u00edbenos por\u00a0<a href=\"https:\/\/www.facebook.com\/mexicopanelrey\">Facebook<\/a>\u00a0o\u00a0<a href=\"https:\/\/www.instagram.com\/panel_rey_mexico\/\">Instagram<\/a>.<br data-start=\"470\" data-end=\"473\" \/><img decoding=\"async\" class=\"emoji\" role=\"img\" draggable=\"false\" src=\"https:\/\/s.w.org\/images\/core\/emoji\/16.0.1\/svg\/1f4de.svg\" alt=\"\ud83d\udcde\" \/>\u00a0Tel:\u00a0<a href=\"tel:55 7397 6243\">55 7397 6243<\/a>\u00a0| WhatsApp:\u00a0<a href=\"https:\/\/api.whatsapp.com\/send?phone=525573976243\">5573976243<\/a><br data-start=\"518\" data-end=\"521\" \/><img decoding=\"async\" class=\"emoji\" role=\"img\" draggable=\"false\" src=\"https:\/\/s.w.org\/images\/core\/emoji\/16.0.1\/svg\/1f4e7.svg\" alt=\"\ud83d\udce7\" \/>\u00a0<a class=\"cursor-pointer\" href=\"mailto:ventas@distribuidorpanelrey.com\" rel=\"noopener\" data-start=\"524\" data-end=\"555\">ventas@distribuidorpanelrey.com<\/a><\/h4>\n<\/div>\n<\/div>\n<\/div>\n<\/div>\n<\/div>\n<\/div>\n<\/div>\n<\/div>\n","protected":false},"excerpt":{"rendered":"<h4 style=\"text-align: center;\">Env\u00edos de 24 a 48 hr CDMX Y EDO MEX<\/h4>\n<p style=\"text-align: center;\">Rese\u00f1as\u00a0\u2605\u2605\u2605\u2605\u2605\u00a0 Env\u00edos Garantizados<\/p>\n<h4 style=\"text-align: center;\">\ud83d\udd25LOS MEJORES PRECIOS \ud83d\udd25<\/h4>\n","protected":false},"featured_media":2201,"comment_status":"closed","ping_status":"closed","template":"","meta":[],"product_brand":[551,561],"product_cat":[348],"product_tag":[431,432,433,430,434,435],"class_list":{"0":"post-2200","1":"product","2":"type-product","3":"status-publish","4":"has-post-thumbnail","6":"product_brand-berel","7":"product_brand-kover","8":"product_cat-impermeabilizante","9":"product_tag-impermeabilizante-elastomrico","10":"product_tag-impermeabilizante-kover-secado-rpido","11":"product_tag-impermeabilizante-secado-rapido","12":"product_tag-impermeabilizantes","13":"product_tag-kover-secado-rpido","14":"product_tag-secado-rpido","16":"first","17":"instock","18":"shipping-taxable","19":"purchasable","20":"product-type-variable"},"yoast_head":"<!-- This site is optimized with the Yoast SEO plugin v27.1.1 - https:\/\/yoast.com\/product\/yoast-seo-wordpress\/ -->\n<title>IMPERMEABILIZANTE KOVER CRYL | BEREL<\/title>\n<meta name=\"description\" content=\"EN PANEL REY EMXICO ENCONTRARAS LA MEJOR CALIDAD EN PRODUCTOS COMO EL IMPERMEABILIANTE KOVER SECADO RAPIDO DE BEREL, ENCUENTRALO AQUI\" \/>\n<meta name=\"robots\" content=\"index, follow, max-snippet:-1, max-image-preview:large, max-video-preview:-1\" \/>\n<link rel=\"canonical\" href=\"https:\/\/distribuidorpanelrey.com.mx\/producto\/impermeabilizante-kover-secado-rapido-berel\/\" \/>\n<meta property=\"og:locale\" content=\"es_ES\" \/>\n<meta property=\"og:type\" content=\"article\" \/>\n<meta property=\"og:title\" content=\"IMPERMEABILIZANTE KOVER CRYL | BEREL\" \/>\n<meta property=\"og:description\" content=\"EN PANEL REY EMXICO ENCONTRARAS LA MEJOR CALIDAD EN PRODUCTOS COMO EL IMPERMEABILIANTE KOVER SECADO RAPIDO DE BEREL, ENCUENTRALO AQUI\" \/>\n<meta property=\"og:url\" content=\"https:\/\/distribuidorpanelrey.com.mx\/producto\/impermeabilizante-kover-secado-rapido-berel\/\" \/>\n<meta property=\"og:site_name\" content=\"PANEL REY MEXICO\" \/>\n<meta property=\"article:publisher\" content=\"https:\/\/www.facebook.com\/mexicopanelrey\/?locale=es_LA\" \/>\n<meta property=\"article:modified_time\" content=\"2026-02-17T01:32:49+00:00\" \/>\n<meta property=\"og:image\" content=\"https:\/\/distribuidorpanelrey.com.mx\/wp-content\/uploads\/2023\/04\/19.jpg\" \/>\n\t<meta property=\"og:image:width\" content=\"500\" \/>\n\t<meta property=\"og:image:height\" content=\"500\" \/>\n\t<meta property=\"og:image:type\" content=\"image\/jpeg\" \/>\n<meta name=\"twitter:card\" content=\"summary_large_image\" \/>\n<meta name=\"twitter:label1\" content=\"Tiempo de lectura\" \/>\n\t<meta name=\"twitter:data1\" content=\"6 minutos\" \/>\n<script type=\"application\/ld+json\" class=\"yoast-schema-graph\">{\"@context\":\"https:\/\/schema.org\",\"@graph\":[{\"@type\":\"WebPage\",\"@id\":\"https:\/\/distribuidorpanelrey.com.mx\/producto\/impermeabilizante-kover-secado-rapido-berel\/\",\"url\":\"https:\/\/distribuidorpanelrey.com.mx\/producto\/impermeabilizante-kover-secado-rapido-berel\/\",\"name\":\"IMPERMEABILIZANTE KOVER CRYL | BEREL\",\"isPartOf\":{\"@id\":\"https:\/\/distribuidorpanelrey.com\/#website\"},\"primaryImageOfPage\":{\"@id\":\"https:\/\/distribuidorpanelrey.com.mx\/producto\/impermeabilizante-kover-secado-rapido-berel\/#primaryimage\"},\"image\":{\"@id\":\"https:\/\/distribuidorpanelrey.com.mx\/producto\/impermeabilizante-kover-secado-rapido-berel\/#primaryimage\"},\"thumbnailUrl\":\"https:\/\/distribuidorpanelrey.com.mx\/wp-content\/uploads\/2023\/04\/19.jpg\",\"datePublished\":\"2023-04-01T17:23:03+00:00\",\"dateModified\":\"2026-02-17T01:32:49+00:00\",\"description\":\"EN PANEL REY EMXICO ENCONTRARAS LA MEJOR CALIDAD EN PRODUCTOS COMO EL IMPERMEABILIANTE KOVER SECADO RAPIDO DE BEREL, ENCUENTRALO AQUI\",\"breadcrumb\":{\"@id\":\"https:\/\/distribuidorpanelrey.com.mx\/producto\/impermeabilizante-kover-secado-rapido-berel\/#breadcrumb\"},\"inLanguage\":\"es\",\"potentialAction\":[{\"@type\":\"ReadAction\",\"target\":[\"https:\/\/distribuidorpanelrey.com.mx\/producto\/impermeabilizante-kover-secado-rapido-berel\/\"]}]},{\"@type\":\"ImageObject\",\"inLanguage\":\"es\",\"@id\":\"https:\/\/distribuidorpanelrey.com.mx\/producto\/impermeabilizante-kover-secado-rapido-berel\/#primaryimage\",\"url\":\"https:\/\/distribuidorpanelrey.com.mx\/wp-content\/uploads\/2023\/04\/19.jpg\",\"contentUrl\":\"https:\/\/distribuidorpanelrey.com.mx\/wp-content\/uploads\/2023\/04\/19.jpg\",\"width\":500,\"height\":500,\"caption\":\"IMPERMEABILIZANTE-KOVER-SECADO-RAPIDO\"},{\"@type\":\"BreadcrumbList\",\"@id\":\"https:\/\/distribuidorpanelrey.com.mx\/producto\/impermeabilizante-kover-secado-rapido-berel\/#breadcrumb\",\"itemListElement\":[{\"@type\":\"ListItem\",\"position\":1,\"name\":\"Portada\",\"item\":\"https:\/\/distribuidorpanelrey.com.mx\/\"},{\"@type\":\"ListItem\",\"position\":2,\"name\":\"Productos\",\"item\":\"https:\/\/distribuidorpanelrey.com\/tienda\/\"},{\"@type\":\"ListItem\",\"position\":3,\"name\":\"IMPERMEABILIZANTE KOVER SECADO RAPIDO | BEREL\"}]},{\"@type\":\"WebSite\",\"@id\":\"https:\/\/distribuidorpanelrey.com\/#website\",\"url\":\"https:\/\/distribuidorpanelrey.com\/\",\"name\":\"PANEL REY MEXICO\",\"description\":\"DISTRIBUIDOR PANEL REY\",\"publisher\":{\"@id\":\"https:\/\/distribuidorpanelrey.com\/#organization\"},\"alternateName\":\"DISTRIBUIDOR PANEL REY\",\"potentialAction\":[{\"@type\":\"SearchAction\",\"target\":{\"@type\":\"EntryPoint\",\"urlTemplate\":\"https:\/\/distribuidorpanelrey.com\/?s={search_term_string}\"},\"query-input\":{\"@type\":\"PropertyValueSpecification\",\"valueRequired\":true,\"valueName\":\"search_term_string\"}}],\"inLanguage\":\"es\"},{\"@type\":\"Organization\",\"@id\":\"https:\/\/distribuidorpanelrey.com\/#organization\",\"name\":\"PANEL REY MEXICO\",\"url\":\"https:\/\/distribuidorpanelrey.com\/\",\"logo\":{\"@type\":\"ImageObject\",\"inLanguage\":\"es\",\"@id\":\"https:\/\/distribuidorpanelrey.com\/#\/schema\/logo\/image\/\",\"url\":\"https:\/\/distribuidorpanelrey.com.mx\/wp-content\/uploads\/2023\/11\/panelrey.webp\",\"contentUrl\":\"https:\/\/distribuidorpanelrey.com.mx\/wp-content\/uploads\/2023\/11\/panelrey.webp\",\"width\":400,\"height\":150,\"caption\":\"PANEL REY MEXICO\"},\"image\":{\"@id\":\"https:\/\/distribuidorpanelrey.com\/#\/schema\/logo\/image\/\"},\"sameAs\":[\"https:\/\/www.facebook.com\/mexicopanelrey\/?locale=es_LA\",\"https:\/\/www.instagram.com\/panel_rey_mexico\/?hl=es\"]}]}<\/script>\n<!-- \/ Yoast SEO plugin. -->","yoast_head_json":{"title":"IMPERMEABILIZANTE KOVER CRYL | BEREL","description":"EN PANEL REY EMXICO ENCONTRARAS LA MEJOR CALIDAD EN PRODUCTOS COMO EL IMPERMEABILIANTE KOVER SECADO RAPIDO DE BEREL, ENCUENTRALO AQUI","robots":{"index":"index","follow":"follow","max-snippet":"max-snippet:-1","max-image-preview":"max-image-preview:large","max-video-preview":"max-video-preview:-1"},"canonical":"https:\/\/distribuidorpanelrey.com.mx\/producto\/impermeabilizante-kover-secado-rapido-berel\/","og_locale":"es_ES","og_type":"article","og_title":"IMPERMEABILIZANTE KOVER CRYL | BEREL","og_description":"EN PANEL REY EMXICO ENCONTRARAS LA MEJOR CALIDAD EN PRODUCTOS COMO EL IMPERMEABILIANTE KOVER SECADO RAPIDO DE BEREL, ENCUENTRALO AQUI","og_url":"https:\/\/distribuidorpanelrey.com.mx\/producto\/impermeabilizante-kover-secado-rapido-berel\/","og_site_name":"PANEL REY MEXICO","article_publisher":"https:\/\/www.facebook.com\/mexicopanelrey\/?locale=es_LA","article_modified_time":"2026-02-17T01:32:49+00:00","og_image":[{"width":500,"height":500,"url":"https:\/\/distribuidorpanelrey.com.mx\/wp-content\/uploads\/2023\/04\/19.jpg","type":"image\/jpeg"}],"twitter_card":"summary_large_image","twitter_misc":{"Tiempo de lectura":"6 minutos"},"schema":{"@context":"https:\/\/schema.org","@graph":[{"@type":"WebPage","@id":"https:\/\/distribuidorpanelrey.com.mx\/producto\/impermeabilizante-kover-secado-rapido-berel\/","url":"https:\/\/distribuidorpanelrey.com.mx\/producto\/impermeabilizante-kover-secado-rapido-berel\/","name":"IMPERMEABILIZANTE KOVER CRYL | BEREL","isPartOf":{"@id":"https:\/\/distribuidorpanelrey.com\/#website"},"primaryImageOfPage":{"@id":"https:\/\/distribuidorpanelrey.com.mx\/producto\/impermeabilizante-kover-secado-rapido-berel\/#primaryimage"},"image":{"@id":"https:\/\/distribuidorpanelrey.com.mx\/producto\/impermeabilizante-kover-secado-rapido-berel\/#primaryimage"},"thumbnailUrl":"https:\/\/distribuidorpanelrey.com.mx\/wp-content\/uploads\/2023\/04\/19.jpg","datePublished":"2023-04-01T17:23:03+00:00","dateModified":"2026-02-17T01:32:49+00:00","description":"EN PANEL REY EMXICO ENCONTRARAS LA MEJOR CALIDAD EN PRODUCTOS COMO EL IMPERMEABILIANTE KOVER SECADO RAPIDO DE BEREL, ENCUENTRALO AQUI","breadcrumb":{"@id":"https:\/\/distribuidorpanelrey.com.mx\/producto\/impermeabilizante-kover-secado-rapido-berel\/#breadcrumb"},"inLanguage":"es","potentialAction":[{"@type":"ReadAction","target":["https:\/\/distribuidorpanelrey.com.mx\/producto\/impermeabilizante-kover-secado-rapido-berel\/"]}]},{"@type":"ImageObject","inLanguage":"es","@id":"https:\/\/distribuidorpanelrey.com.mx\/producto\/impermeabilizante-kover-secado-rapido-berel\/#primaryimage","url":"https:\/\/distribuidorpanelrey.com.mx\/wp-content\/uploads\/2023\/04\/19.jpg","contentUrl":"https:\/\/distribuidorpanelrey.com.mx\/wp-content\/uploads\/2023\/04\/19.jpg","width":500,"height":500,"caption":"IMPERMEABILIZANTE-KOVER-SECADO-RAPIDO"},{"@type":"BreadcrumbList","@id":"https:\/\/distribuidorpanelrey.com.mx\/producto\/impermeabilizante-kover-secado-rapido-berel\/#breadcrumb","itemListElement":[{"@type":"ListItem","position":1,"name":"Portada","item":"https:\/\/distribuidorpanelrey.com.mx\/"},{"@type":"ListItem","position":2,"name":"Productos","item":"https:\/\/distribuidorpanelrey.com\/tienda\/"},{"@type":"ListItem","position":3,"name":"IMPERMEABILIZANTE KOVER SECADO RAPIDO | BEREL"}]},{"@type":"WebSite","@id":"https:\/\/distribuidorpanelrey.com\/#website","url":"https:\/\/distribuidorpanelrey.com\/","name":"PANEL REY MEXICO","description":"DISTRIBUIDOR PANEL REY","publisher":{"@id":"https:\/\/distribuidorpanelrey.com\/#organization"},"alternateName":"DISTRIBUIDOR PANEL REY","potentialAction":[{"@type":"SearchAction","target":{"@type":"EntryPoint","urlTemplate":"https:\/\/distribuidorpanelrey.com\/?s={search_term_string}"},"query-input":{"@type":"PropertyValueSpecification","valueRequired":true,"valueName":"search_term_string"}}],"inLanguage":"es"},{"@type":"Organization","@id":"https:\/\/distribuidorpanelrey.com\/#organization","name":"PANEL REY MEXICO","url":"https:\/\/distribuidorpanelrey.com\/","logo":{"@type":"ImageObject","inLanguage":"es","@id":"https:\/\/distribuidorpanelrey.com\/#\/schema\/logo\/image\/","url":"https:\/\/distribuidorpanelrey.com.mx\/wp-content\/uploads\/2023\/11\/panelrey.webp","contentUrl":"https:\/\/distribuidorpanelrey.com.mx\/wp-content\/uploads\/2023\/11\/panelrey.webp","width":400,"height":150,"caption":"PANEL REY MEXICO"},"image":{"@id":"https:\/\/distribuidorpanelrey.com\/#\/schema\/logo\/image\/"},"sameAs":["https:\/\/www.facebook.com\/mexicopanelrey\/?locale=es_LA","https:\/\/www.instagram.com\/panel_rey_mexico\/?hl=es"]}]}},"_links":{"self":[{"href":"https:\/\/distribuidorpanelrey.com.mx\/wp-json\/wp\/v2\/product\/2200","targetHints":{"allow":["GET"]}}],"collection":[{"href":"https:\/\/distribuidorpanelrey.com.mx\/wp-json\/wp\/v2\/product"}],"about":[{"href":"https:\/\/distribuidorpanelrey.com.mx\/wp-json\/wp\/v2\/types\/product"}],"replies":[{"embeddable":true,"href":"https:\/\/distribuidorpanelrey.com.mx\/wp-json\/wp\/v2\/comments?post=2200"}],"version-history":[{"count":4,"href":"https:\/\/distribuidorpanelrey.com.mx\/wp-json\/wp\/v2\/product\/2200\/revisions"}],"predecessor-version":[{"id":4302,"href":"https:\/\/distribuidorpanelrey.com.mx\/wp-json\/wp\/v2\/product\/2200\/revisions\/4302"}],"wp:featuredmedia":[{"embeddable":true,"href":"https:\/\/distribuidorpanelrey.com.mx\/wp-json\/wp\/v2\/media\/2201"}],"wp:attachment":[{"href":"https:\/\/distribuidorpanelrey.com.mx\/wp-json\/wp\/v2\/media?parent=2200"}],"wp:term":[{"taxonomy":"product_brand","embeddable":true,"href":"https:\/\/distribuidorpanelrey.com.mx\/wp-json\/wp\/v2\/product_brand?post=2200"},{"taxonomy":"product_cat","embeddable":true,"href":"https:\/\/distribuidorpanelrey.com.mx\/wp-json\/wp\/v2\/product_cat?post=2200"},{"taxonomy":"product_tag","embeddable":true,"href":"https:\/\/distribuidorpanelrey.com.mx\/wp-json\/wp\/v2\/product_tag?post=2200"}],"curies":[{"name":"wp","href":"https:\/\/api.w.org\/{rel}","templated":true}]}}