{"id":2207,"date":"2023-04-01T18:48:05","date_gmt":"2023-04-01T18:48:05","guid":{"rendered":"https:\/\/distribuidorpanelrey.com.mx\/?post_type=product&#038;p=2207"},"modified":"2025-07-21T17:26:24","modified_gmt":"2025-07-21T17:26:24","slug":"berel-text","status":"publish","type":"product","link":"https:\/\/distribuidorpanelrey.com.mx\/producto\/berel-text\/","title":{"rendered":"BEREL TEXT-"},"content":{"rendered":"<h4><strong>Berel-Text<\/strong><\/h4>\n<p>&nbsp;<\/p>\n<p>&nbsp;<\/p>\n<h4><strong>DESCRIPCI\u00d3N:<\/strong><\/h4>\n<ul>\n<li>Secado Libre al Tacto: 2 \u2013 4 Horas<\/li>\n<li>Densidad: 1.75 \u2013 1.78 Kg\/l<\/li>\n<li>S\u00f3lidos en Peso: 80 \u2013 83%<\/li>\n<li>Viscosidad: 38000 a 43000 Cpoises<\/li>\n<li>Rendimiento*: 18 \u2013 22 m\u00b2\/cub. 33 Kg pasta sin grano<\/li>\n<li>14 \u2013 16 m\u00b2\/cub. 33 Kg pasta con grano medio<\/li>\n<li>Presentaciones: 33 Kg<\/li>\n<\/ul>\n<h4><strong>DESCRIPCI\u00d3N DEL PRODUCTO:<\/strong><\/h4>\n<p>Recubrimiento texturizado de alta calidad en pasta con granulometr\u00eda especial controlada. Compuesto a base de resinas acr\u00edlicas, arena s\u00edlica y grano de m\u00e1rmol. Posee gran dureza y adherencia, adem\u00e1s de alta resistencia en aplicaciones a la intemperie.<\/p>\n<h4><strong>APLICACIONES:<\/strong><\/h4>\n<p>Recomendado para protecci\u00f3n y decoraci\u00f3n de interiores y exteriores, su versatilidad permite lograr diversos acabados decorativos, puede ser aplicado sobre yeso, cemento o mamposter\u00eda. Ideal cuando se requiere una opci\u00f3n de muy buena calidad y larga duraci\u00f3n.<\/p>\n<h4><strong>PROPIEDADES:<\/strong><\/h4>\n<p>Secado Libre al Tacto: 2-4 Horas<br \/>\nDensidad: 1.75 \u2013 1.78 Kg\/l<br \/>\nS\u00f3lidos en Peso: 80 \u2013 83%<br \/>\nViscosidad: 38000 a 43000 Cpoises<br \/>\nRendimiento*: 18 \u2013 22 m2\/cub. 33 Kg pasta sin grano 14 \u2013 16 m2\/cub. 33 Kg pasta con grano medio<br \/>\n<strong>Presentaciones: 33 Kg<\/strong><br \/>\n* Puede ser menor dependiendo del acabado seleccionado, del tipo, rugosidad y porosidad de la superficie, as\u00ed como del m\u00e9todo de aplicaci\u00f3n.<\/p>\n<h4><strong>PREPARACI\u00d3N DE LAS SUPERFICIES:<\/strong><\/h4>\n<p>Cuando se trate de superficies que hayan sido pintadas anteriormente, se deber\u00e1 quitar toda la pintura suelta; si es brillante lije; si ya polvea o es al temple, elim\u00ednela lo m\u00e1s posible y proceda a sellar siguiendo las instrucciones. La superficie a recubrir deber\u00e1 estar limpia y seca, totalmente libre de polvo o grasa. Sobre superficies interiores porosas recomendamos utilizar el Sellador Vin\u00edlico Berel No. 570. En exteriores o en aplanados de cemento con menos de tres meses de fraguado, se deber\u00e1 emplear el Sellador Acr\u00edlico Berel No. 580. La diluci\u00f3n del sellador puede ir de 1 a 5 partes de agua por una parte de sellador dependiendo de la porosidad de la superficie. Una vez seco el sellador se podr\u00e1 aplicar Berel-text.<\/p>\n<h4><strong>INSTRUCCIONES:<\/strong><\/h4>\n<ul>\n<li>Mezcle bien el contenido del envase antes de aplicar.<\/li>\n<li>La pasta texturizada Berel-text se aplica sin diluir<\/li>\n<li>A la pasta texturizada Berel-text sin grano, se le puede agregar grano fino, medio o grueso seg\u00fan el acabado deseado.<\/li>\n<li>Aplique de manera uniforme con rodillo de felpa o texturizador, llana de acero inoxidable o acr\u00edlica.<\/li>\n<li>Extienda el material para dejar un espesor uniforme, quitando el exceso con una llana o rodillo. El grueso de la capa lo da el tama\u00f1o del grano.<\/li>\n<li>Antes de que seque el producto, forme la figura deseada con la herramienta adecuada. Se logran texturas arrastrando el grano con talocha de madera en sentido vertical u otro que desee (cruzado, diagonal, etc.). Se plancha la superficie con llana acr\u00edlica o met\u00e1lica en el sentido de la textura.<\/li>\n<\/ul>\n<h4><strong>RECOMENDACIONES:<\/strong><\/h4>\n<ul>\n<li>Todos los colores de Berel-text se mezclan entre s\u00ed<\/li>\n<li>No mezcle Berel-text con ninguna otra pasta texturizada.<\/li>\n<li>No agregue cargas diferentes a lo recomendado o materiales extra\u00f1os que adulteren su formulaci\u00f3n.<\/li>\n<li>Cuando utilice Berel-text con grano, se recomienda fondear en un color similar al del texturizado que se va a aplicar.<\/li>\n<li>Evite aplicar en d\u00edas lluviosos o cuando la temperatura sea menor a 10\u00b0C.<\/li>\n<li>Lave brochas y dem\u00e1s equipo con agua y jab\u00f3n inmediatamente despu\u00e9s de usarlos.<\/li>\n<li>El \u00e1rea de trabajo debe estar bien ventilada.<\/li>\n<li>No se deje al alcance de los ni\u00f1os.<\/li>\n<\/ul>\n<h4 style=\"text-align: center;\">En\u00a0<strong data-start=\"82\" data-end=\"115\">Distribuidor Panel Rey M\u00e9xico<\/strong> encuentras calidad y confianza en productos\u00a0<strong data-start=\"160\" data-end=\"172\">BEREL.<\/strong><br data-start=\"173\" data-end=\"176\" \/><img decoding=\"async\" class=\"emoji\" role=\"img\" draggable=\"false\" src=\"https:\/\/s.w.org\/images\/core\/emoji\/16.0.1\/svg\/2705.svg\" alt=\"\u2705\" \/>\u00a0Env\u00edos a toda la Rep\u00fablica Mexicana. \u00a1Pregunta por nuestras promociones vigentes!<br data-start=\"259\" data-end=\"262\" data-is-only-node=\"\" \/><img decoding=\"async\" class=\"emoji\" role=\"img\" draggable=\"false\" src=\"https:\/\/s.w.org\/images\/core\/emoji\/16.0.1\/svg\/2705.svg\" alt=\"\u2705\" \/>\u00a0Todos los precios incluyen IVA (sujetos a cambio sin previo aviso).<br data-start=\"331\" data-end=\"334\" \/><img decoding=\"async\" class=\"emoji\" role=\"img\" draggable=\"false\" src=\"https:\/\/s.w.org\/images\/core\/emoji\/16.0.1\/svg\/2705.svg\" alt=\"\u2705\" \/>\u00a0Im\u00e1genes ilustrativas, el producto final puede presentar ligeras variaciones.<br data-start=\"413\" data-end=\"416\" \/><img decoding=\"async\" class=\"emoji\" role=\"img\" draggable=\"false\" src=\"https:\/\/s.w.org\/images\/core\/emoji\/16.0.1\/svg\/1f4ac.svg\" alt=\"\ud83d\udcac\" \/>\u00a0\u00bfTienes dudas? Escr\u00edbenos por\u00a0<a href=\"https:\/\/www.facebook.com\/mexicopanelrey\">Facebook<\/a>\u00a0o\u00a0<a href=\"https:\/\/www.instagram.com\/panel_rey_mexico\/\">Instagram<\/a>.<br data-start=\"470\" data-end=\"473\" \/><img decoding=\"async\" class=\"emoji\" role=\"img\" draggable=\"false\" src=\"https:\/\/s.w.org\/images\/core\/emoji\/16.0.1\/svg\/1f4de.svg\" alt=\"\ud83d\udcde\" \/>\u00a0Tel:\u00a0<a href=\"tel:55 7397 6243\">55 7397 6243<\/a>\u00a0| WhatsApp:\u00a0<a href=\"https:\/\/api.whatsapp.com\/send?phone=525573976243\">5573976243<\/a><br data-start=\"518\" data-end=\"521\" \/><img decoding=\"async\" class=\"emoji\" role=\"img\" draggable=\"false\" src=\"https:\/\/s.w.org\/images\/core\/emoji\/16.0.1\/svg\/1f4e7.svg\" alt=\"\ud83d\udce7\" \/>\u00a0<a class=\"cursor-pointer\" href=\"mailto:ventas@distribuidorpanelrey.com\" rel=\"noopener\" data-start=\"524\" data-end=\"555\">ventas@distribuidorpanelrey.com<\/a><\/h4>\n","protected":false},"excerpt":{"rendered":"<h4 style=\"text-align: center;\">Env\u00edos de 24 a 48 hr CDMX Y EDO MEX<\/h4>\n<p style=\"text-align: center;\">Rese\u00f1as\u00a0\u2605\u2605\u2605\u2605\u2605\u00a0 Env\u00edos Garantizados<\/p>\n<h4 style=\"text-align: center;\">\ud83d\udd25LOS MEJORES PRECIOS \ud83d\udd25<\/h4>\n","protected":false},"featured_media":2212,"comment_status":"closed","ping_status":"closed","template":"","meta":[],"product_brand":[551],"product_cat":[353],"product_tag":[],"class_list":{"0":"post-2207","1":"product","2":"type-product","3":"status-publish","4":"has-post-thumbnail","6":"product_brand-berel","7":"product_cat-pintura-y-accesorios","9":"first","10":"instock","11":"shipping-taxable","12":"purchasable","13":"product-type-variable"},"yoast_head":"<!-- This site is optimized with the Yoast SEO plugin v27.1.1 - https:\/\/yoast.com\/product\/yoast-seo-wordpress\/ -->\n<title>BEREL TEXT-<\/title>\n<meta name=\"description\" content=\"EN PANEL REY MEXICO ENCONTARRAS LA MEJOR CALIDAD EN PRODUCTOS PARA ACABADOS EN TUS PROYECTOS COMO LA PASTA TEXTURIZADA BEREL TEXT-\" \/>\n<meta name=\"robots\" content=\"index, follow, max-snippet:-1, max-image-preview:large, max-video-preview:-1\" \/>\n<link rel=\"canonical\" href=\"https:\/\/distribuidorpanelrey.com.mx\/producto\/berel-text\/\" \/>\n<meta property=\"og:locale\" content=\"es_ES\" \/>\n<meta property=\"og:type\" content=\"article\" \/>\n<meta property=\"og:title\" content=\"BEREL TEXT-\" \/>\n<meta property=\"og:description\" content=\"EN PANEL REY MEXICO ENCONTARRAS LA MEJOR CALIDAD EN PRODUCTOS PARA ACABADOS EN TUS PROYECTOS COMO LA PASTA TEXTURIZADA BEREL TEXT-\" \/>\n<meta property=\"og:url\" content=\"https:\/\/distribuidorpanelrey.com.mx\/producto\/berel-text\/\" \/>\n<meta property=\"og:site_name\" content=\"PANEL REY MEXICO\" \/>\n<meta property=\"article:publisher\" content=\"https:\/\/www.facebook.com\/mexicopanelrey\/?locale=es_LA\" \/>\n<meta property=\"article:modified_time\" content=\"2025-07-21T17:26:24+00:00\" \/>\n<meta property=\"og:image\" content=\"https:\/\/distribuidorpanelrey.com.mx\/wp-content\/uploads\/2023\/04\/BEREL-TEXT.png\" \/>\n\t<meta property=\"og:image:width\" content=\"500\" \/>\n\t<meta property=\"og:image:height\" content=\"500\" \/>\n\t<meta property=\"og:image:type\" content=\"image\/png\" \/>\n<meta name=\"twitter:card\" content=\"summary_large_image\" \/>\n<meta name=\"twitter:label1\" content=\"Tiempo de lectura\" \/>\n\t<meta name=\"twitter:data1\" content=\"5 minutos\" \/>\n<script type=\"application\/ld+json\" class=\"yoast-schema-graph\">{\"@context\":\"https:\/\/schema.org\",\"@graph\":[{\"@type\":\"WebPage\",\"@id\":\"https:\/\/distribuidorpanelrey.com.mx\/producto\/berel-text\/\",\"url\":\"https:\/\/distribuidorpanelrey.com.mx\/producto\/berel-text\/\",\"name\":\"BEREL TEXT-\",\"isPartOf\":{\"@id\":\"https:\/\/distribuidorpanelrey.com\/#website\"},\"primaryImageOfPage\":{\"@id\":\"https:\/\/distribuidorpanelrey.com.mx\/producto\/berel-text\/#primaryimage\"},\"image\":{\"@id\":\"https:\/\/distribuidorpanelrey.com.mx\/producto\/berel-text\/#primaryimage\"},\"thumbnailUrl\":\"https:\/\/distribuidorpanelrey.com.mx\/wp-content\/uploads\/2023\/04\/BEREL-TEXT.png\",\"datePublished\":\"2023-04-01T18:48:05+00:00\",\"dateModified\":\"2025-07-21T17:26:24+00:00\",\"description\":\"EN PANEL REY MEXICO ENCONTARRAS LA MEJOR CALIDAD EN PRODUCTOS PARA ACABADOS EN TUS PROYECTOS COMO LA PASTA TEXTURIZADA BEREL TEXT-\",\"breadcrumb\":{\"@id\":\"https:\/\/distribuidorpanelrey.com.mx\/producto\/berel-text\/#breadcrumb\"},\"inLanguage\":\"es\",\"potentialAction\":[{\"@type\":\"ReadAction\",\"target\":[\"https:\/\/distribuidorpanelrey.com.mx\/producto\/berel-text\/\"]}]},{\"@type\":\"ImageObject\",\"inLanguage\":\"es\",\"@id\":\"https:\/\/distribuidorpanelrey.com.mx\/producto\/berel-text\/#primaryimage\",\"url\":\"https:\/\/distribuidorpanelrey.com.mx\/wp-content\/uploads\/2023\/04\/BEREL-TEXT.png\",\"contentUrl\":\"https:\/\/distribuidorpanelrey.com.mx\/wp-content\/uploads\/2023\/04\/BEREL-TEXT.png\",\"width\":500,\"height\":500,\"caption\":\"BEREL-TEXT\"},{\"@type\":\"BreadcrumbList\",\"@id\":\"https:\/\/distribuidorpanelrey.com.mx\/producto\/berel-text\/#breadcrumb\",\"itemListElement\":[{\"@type\":\"ListItem\",\"position\":1,\"name\":\"Portada\",\"item\":\"https:\/\/distribuidorpanelrey.com.mx\/\"},{\"@type\":\"ListItem\",\"position\":2,\"name\":\"Productos\",\"item\":\"https:\/\/distribuidorpanelrey.com\/tienda\/\"},{\"@type\":\"ListItem\",\"position\":3,\"name\":\"BEREL TEXT-\"}]},{\"@type\":\"WebSite\",\"@id\":\"https:\/\/distribuidorpanelrey.com\/#website\",\"url\":\"https:\/\/distribuidorpanelrey.com\/\",\"name\":\"PANEL REY MEXICO\",\"description\":\"DISTRIBUIDOR PANEL REY\",\"publisher\":{\"@id\":\"https:\/\/distribuidorpanelrey.com\/#organization\"},\"alternateName\":\"DISTRIBUIDOR PANEL REY\",\"potentialAction\":[{\"@type\":\"SearchAction\",\"target\":{\"@type\":\"EntryPoint\",\"urlTemplate\":\"https:\/\/distribuidorpanelrey.com\/?s={search_term_string}\"},\"query-input\":{\"@type\":\"PropertyValueSpecification\",\"valueRequired\":true,\"valueName\":\"search_term_string\"}}],\"inLanguage\":\"es\"},{\"@type\":\"Organization\",\"@id\":\"https:\/\/distribuidorpanelrey.com\/#organization\",\"name\":\"PANEL REY MEXICO\",\"url\":\"https:\/\/distribuidorpanelrey.com\/\",\"logo\":{\"@type\":\"ImageObject\",\"inLanguage\":\"es\",\"@id\":\"https:\/\/distribuidorpanelrey.com\/#\/schema\/logo\/image\/\",\"url\":\"https:\/\/distribuidorpanelrey.com.mx\/wp-content\/uploads\/2023\/11\/panelrey.webp\",\"contentUrl\":\"https:\/\/distribuidorpanelrey.com.mx\/wp-content\/uploads\/2023\/11\/panelrey.webp\",\"width\":400,\"height\":150,\"caption\":\"PANEL REY MEXICO\"},\"image\":{\"@id\":\"https:\/\/distribuidorpanelrey.com\/#\/schema\/logo\/image\/\"},\"sameAs\":[\"https:\/\/www.facebook.com\/mexicopanelrey\/?locale=es_LA\",\"https:\/\/www.instagram.com\/panel_rey_mexico\/?hl=es\"]}]}<\/script>\n<!-- \/ Yoast SEO plugin. -->","yoast_head_json":{"title":"BEREL TEXT-","description":"EN PANEL REY MEXICO ENCONTARRAS LA MEJOR CALIDAD EN PRODUCTOS PARA ACABADOS EN TUS PROYECTOS COMO LA PASTA TEXTURIZADA BEREL TEXT-","robots":{"index":"index","follow":"follow","max-snippet":"max-snippet:-1","max-image-preview":"max-image-preview:large","max-video-preview":"max-video-preview:-1"},"canonical":"https:\/\/distribuidorpanelrey.com.mx\/producto\/berel-text\/","og_locale":"es_ES","og_type":"article","og_title":"BEREL TEXT-","og_description":"EN PANEL REY MEXICO ENCONTARRAS LA MEJOR CALIDAD EN PRODUCTOS PARA ACABADOS EN TUS PROYECTOS COMO LA PASTA TEXTURIZADA BEREL TEXT-","og_url":"https:\/\/distribuidorpanelrey.com.mx\/producto\/berel-text\/","og_site_name":"PANEL REY MEXICO","article_publisher":"https:\/\/www.facebook.com\/mexicopanelrey\/?locale=es_LA","article_modified_time":"2025-07-21T17:26:24+00:00","og_image":[{"width":500,"height":500,"url":"https:\/\/distribuidorpanelrey.com.mx\/wp-content\/uploads\/2023\/04\/BEREL-TEXT.png","type":"image\/png"}],"twitter_card":"summary_large_image","twitter_misc":{"Tiempo de lectura":"5 minutos"},"schema":{"@context":"https:\/\/schema.org","@graph":[{"@type":"WebPage","@id":"https:\/\/distribuidorpanelrey.com.mx\/producto\/berel-text\/","url":"https:\/\/distribuidorpanelrey.com.mx\/producto\/berel-text\/","name":"BEREL TEXT-","isPartOf":{"@id":"https:\/\/distribuidorpanelrey.com\/#website"},"primaryImageOfPage":{"@id":"https:\/\/distribuidorpanelrey.com.mx\/producto\/berel-text\/#primaryimage"},"image":{"@id":"https:\/\/distribuidorpanelrey.com.mx\/producto\/berel-text\/#primaryimage"},"thumbnailUrl":"https:\/\/distribuidorpanelrey.com.mx\/wp-content\/uploads\/2023\/04\/BEREL-TEXT.png","datePublished":"2023-04-01T18:48:05+00:00","dateModified":"2025-07-21T17:26:24+00:00","description":"EN PANEL REY MEXICO ENCONTARRAS LA MEJOR CALIDAD EN PRODUCTOS PARA ACABADOS EN TUS PROYECTOS COMO LA PASTA TEXTURIZADA BEREL TEXT-","breadcrumb":{"@id":"https:\/\/distribuidorpanelrey.com.mx\/producto\/berel-text\/#breadcrumb"},"inLanguage":"es","potentialAction":[{"@type":"ReadAction","target":["https:\/\/distribuidorpanelrey.com.mx\/producto\/berel-text\/"]}]},{"@type":"ImageObject","inLanguage":"es","@id":"https:\/\/distribuidorpanelrey.com.mx\/producto\/berel-text\/#primaryimage","url":"https:\/\/distribuidorpanelrey.com.mx\/wp-content\/uploads\/2023\/04\/BEREL-TEXT.png","contentUrl":"https:\/\/distribuidorpanelrey.com.mx\/wp-content\/uploads\/2023\/04\/BEREL-TEXT.png","width":500,"height":500,"caption":"BEREL-TEXT"},{"@type":"BreadcrumbList","@id":"https:\/\/distribuidorpanelrey.com.mx\/producto\/berel-text\/#breadcrumb","itemListElement":[{"@type":"ListItem","position":1,"name":"Portada","item":"https:\/\/distribuidorpanelrey.com.mx\/"},{"@type":"ListItem","position":2,"name":"Productos","item":"https:\/\/distribuidorpanelrey.com\/tienda\/"},{"@type":"ListItem","position":3,"name":"BEREL TEXT-"}]},{"@type":"WebSite","@id":"https:\/\/distribuidorpanelrey.com\/#website","url":"https:\/\/distribuidorpanelrey.com\/","name":"PANEL REY MEXICO","description":"DISTRIBUIDOR PANEL REY","publisher":{"@id":"https:\/\/distribuidorpanelrey.com\/#organization"},"alternateName":"DISTRIBUIDOR PANEL REY","potentialAction":[{"@type":"SearchAction","target":{"@type":"EntryPoint","urlTemplate":"https:\/\/distribuidorpanelrey.com\/?s={search_term_string}"},"query-input":{"@type":"PropertyValueSpecification","valueRequired":true,"valueName":"search_term_string"}}],"inLanguage":"es"},{"@type":"Organization","@id":"https:\/\/distribuidorpanelrey.com\/#organization","name":"PANEL REY MEXICO","url":"https:\/\/distribuidorpanelrey.com\/","logo":{"@type":"ImageObject","inLanguage":"es","@id":"https:\/\/distribuidorpanelrey.com\/#\/schema\/logo\/image\/","url":"https:\/\/distribuidorpanelrey.com.mx\/wp-content\/uploads\/2023\/11\/panelrey.webp","contentUrl":"https:\/\/distribuidorpanelrey.com.mx\/wp-content\/uploads\/2023\/11\/panelrey.webp","width":400,"height":150,"caption":"PANEL REY MEXICO"},"image":{"@id":"https:\/\/distribuidorpanelrey.com\/#\/schema\/logo\/image\/"},"sameAs":["https:\/\/www.facebook.com\/mexicopanelrey\/?locale=es_LA","https:\/\/www.instagram.com\/panel_rey_mexico\/?hl=es"]}]}},"_links":{"self":[{"href":"https:\/\/distribuidorpanelrey.com.mx\/wp-json\/wp\/v2\/product\/2207","targetHints":{"allow":["GET"]}}],"collection":[{"href":"https:\/\/distribuidorpanelrey.com.mx\/wp-json\/wp\/v2\/product"}],"about":[{"href":"https:\/\/distribuidorpanelrey.com.mx\/wp-json\/wp\/v2\/types\/product"}],"replies":[{"embeddable":true,"href":"https:\/\/distribuidorpanelrey.com.mx\/wp-json\/wp\/v2\/comments?post=2207"}],"version-history":[{"count":3,"href":"https:\/\/distribuidorpanelrey.com.mx\/wp-json\/wp\/v2\/product\/2207\/revisions"}],"predecessor-version":[{"id":4298,"href":"https:\/\/distribuidorpanelrey.com.mx\/wp-json\/wp\/v2\/product\/2207\/revisions\/4298"}],"wp:featuredmedia":[{"embeddable":true,"href":"https:\/\/distribuidorpanelrey.com.mx\/wp-json\/wp\/v2\/media\/2212"}],"wp:attachment":[{"href":"https:\/\/distribuidorpanelrey.com.mx\/wp-json\/wp\/v2\/media?parent=2207"}],"wp:term":[{"taxonomy":"product_brand","embeddable":true,"href":"https:\/\/distribuidorpanelrey.com.mx\/wp-json\/wp\/v2\/product_brand?post=2207"},{"taxonomy":"product_cat","embeddable":true,"href":"https:\/\/distribuidorpanelrey.com.mx\/wp-json\/wp\/v2\/product_cat?post=2207"},{"taxonomy":"product_tag","embeddable":true,"href":"https:\/\/distribuidorpanelrey.com.mx\/wp-json\/wp\/v2\/product_tag?post=2207"}],"curies":[{"name":"wp","href":"https:\/\/api.w.org\/{rel}","templated":true}]}}