{"id":2216,"date":"2023-04-01T19:54:11","date_gmt":"2023-04-01T19:54:11","guid":{"rendered":"https:\/\/distribuidorpanelrey.com.mx\/?post_type=product&#038;p=2216"},"modified":"2025-12-05T14:22:26","modified_gmt":"2025-12-05T14:22:26","slug":"resina-pura","status":"publish","type":"product","link":"https:\/\/distribuidorpanelrey.com.mx\/producto\/resina-pura\/","title":{"rendered":"RESINA PURA"},"content":{"rendered":"<h1>RESINA PURA<\/h1>\n<p>Descripci\u00f3n<br \/>\nResina Pura Azteca es una emulsi\u00f3n sint\u00e9tica multiusos, a base de Acetato de Polivinilo de<br \/>\nalta calidad, ideal para adherir, sellar o fortificar..<br \/>\nCaracter\u00edsticas<br \/>\nProporciona excelentes caracter\u00edsticas de adherencia y sellado en los materiales en los<br \/>\nque se utilice.<br \/>\nModo de empleo<br \/>\nComo aditivo<br \/>\nAgregue Resina<\/p>\n<p>al agua de mezcla (la cantidad es variable, de acuerdo a sus<br \/>\nrequerimientos).<br \/>\nComo sellador para recibir pintura<br \/>\nMezcle 1 parte de Resina con 7 partes de agua y aplique al sustrato usando<br \/>\nbrocha o rodillo. Deje secar por 30 minutos antes de aplicar el recubrimiento.<br \/>\nComo fortificador de pintura<br \/>\nAgregue 4 litros del producto Azteca por cada cubeta de 19 litros de pintura<\/p>\n<p>Rendimiento<br \/>\nComo aditivo<br \/>\nVariable, seg\u00fan su aplicaci\u00f3n.<br \/>\nComo sellador para recibir pintura<br \/>\n1 litro de Resina Pura Azteca rinde aproximadamente 45m2<br \/>\nGarant\u00eda<br \/>\nResina Pura Azteca est\u00e1 fabricada con productos de la m\u00e1s alta calidad. Cualquier<br \/>\nmodificaci\u00f3n a las instrucciones de uso, ser\u00e1 responsabilidad de quien lo modifique. Si el<br \/>\nusuario emplea el producto para un fin diferente al expl\u00edcitamente recomendado, asume<br \/>\ntodo el riego y responsabilidad. Nuestra responsabilidad se limitar\u00e1 al remplazo de una<br \/>\ncantidad de producto igual al adquirido por el usuario, siempre y cuando el producto no<br \/>\ncumpla con las caracter\u00edsticas especificadas en esta <a href=\"file:\/\/\/C:\/Users\/Mostrador1\/Downloads\/Ficha%20Tecnica%20Resina%20Pura%20Azteca.pdf\">ficha<\/a><\/p>\n<p style=\"text-align: center;\">*En Distribuidor Panel Rey Mexico nos esforzamos por ofrecerte los mejores productos de\u00a0<a href=\"https:\/\/distribuidorpanelrey.com.mx\/tienda\/\">Compuestos y Polvos<\/a>\u00a0como el Compuesto Estandar Plus.<br \/>\n*La imagen puede diferir un poco del producto final *Los precios pueden variar sin previo aviso<br \/>\n*Los precios ya incluyen IVA *Se hacen env\u00edos a toda la Rep\u00fablica Mexicana, pregunte por nuestros descuentos en env\u00edos.<br \/>\n*Chatea con nosotros en nuestras redes sociales.<br \/>\n*Contactanos: Tel. 71-58-97-38 y 71-58-02-72.<br \/>\nNuestro correo: ventas@distribuidorpanelrey.com<br \/>\nDistribuidor Panel Rey Mexico<\/p>\n","protected":false},"excerpt":{"rendered":"<h4 style=\"text-align: center;\">Env\u00edos de 24 a 48 hr CDMX Y EDO MEX<\/h4>\n<p style=\"text-align: center;\">Rese\u00f1as\u00a0\u2605\u2605\u2605\u2605\u2605\u00a0 Env\u00edos Garantizados<\/p>\n<h4 style=\"text-align: center;\">\ud83d\udd25LOS MEJORES PRECIOS \ud83d\udd25<\/h4>\n","protected":false},"featured_media":3521,"comment_status":"closed","ping_status":"closed","template":"","meta":[],"product_brand":[],"product_cat":[35],"product_tag":[489,490,491],"class_list":{"0":"post-2216","1":"product","2":"type-product","3":"status-publish","4":"has-post-thumbnail","6":"product_cat-compuestos-y-polvos","7":"product_tag-resina","8":"product_tag-resina-azteca","9":"product_tag-resina-pura","11":"first","12":"instock","13":"sale","14":"shipping-taxable","15":"purchasable","16":"product-type-variable"},"yoast_head":"<!-- This site is optimized with the Yoast SEO plugin v27.1.1 - https:\/\/yoast.com\/product\/yoast-seo-wordpress\/ -->\n<title>RESINA PURA<\/title>\n<meta name=\"description\" content=\"EN PANEL REY MEXICO ENCONTRARAS LA MEJOR CALIDAD EN PRODUCTOS PARA ACABADOS COMO LA RESINA PURA DE MARCA AZTECA, CONSIGUELA AQUI\" \/>\n<meta name=\"robots\" content=\"index, follow, max-snippet:-1, max-image-preview:large, max-video-preview:-1\" \/>\n<link rel=\"canonical\" href=\"https:\/\/distribuidorpanelrey.com.mx\/producto\/resina-pura\/\" \/>\n<meta property=\"og:locale\" content=\"es_ES\" \/>\n<meta property=\"og:type\" content=\"article\" \/>\n<meta property=\"og:title\" content=\"RESINA PURA\" \/>\n<meta property=\"og:description\" content=\"EN PANEL REY MEXICO ENCONTRARAS LA MEJOR CALIDAD EN PRODUCTOS PARA ACABADOS COMO LA RESINA PURA DE MARCA AZTECA, CONSIGUELA AQUI\" \/>\n<meta property=\"og:url\" content=\"https:\/\/distribuidorpanelrey.com.mx\/producto\/resina-pura\/\" \/>\n<meta property=\"og:site_name\" content=\"PANEL REY MEXICO\" \/>\n<meta property=\"article:publisher\" content=\"https:\/\/www.facebook.com\/mexicopanelrey\/?locale=es_LA\" \/>\n<meta property=\"article:modified_time\" content=\"2025-12-05T14:22:26+00:00\" \/>\n<meta property=\"og:image\" content=\"https:\/\/distribuidorpanelrey.com.mx\/wp-content\/uploads\/2023\/04\/RESINA-PURA-AZTECA.webp\" \/>\n\t<meta property=\"og:image:width\" content=\"500\" \/>\n\t<meta property=\"og:image:height\" content=\"500\" \/>\n\t<meta property=\"og:image:type\" content=\"image\/webp\" \/>\n<meta name=\"twitter:card\" content=\"summary_large_image\" \/>\n<meta name=\"twitter:label1\" content=\"Tiempo de lectura\" \/>\n\t<meta name=\"twitter:data1\" content=\"2 minutos\" \/>\n<script type=\"application\/ld+json\" class=\"yoast-schema-graph\">{\"@context\":\"https:\/\/schema.org\",\"@graph\":[{\"@type\":\"WebPage\",\"@id\":\"https:\/\/distribuidorpanelrey.com.mx\/producto\/resina-pura\/\",\"url\":\"https:\/\/distribuidorpanelrey.com.mx\/producto\/resina-pura\/\",\"name\":\"RESINA PURA\",\"isPartOf\":{\"@id\":\"https:\/\/distribuidorpanelrey.com\/#website\"},\"primaryImageOfPage\":{\"@id\":\"https:\/\/distribuidorpanelrey.com.mx\/producto\/resina-pura\/#primaryimage\"},\"image\":{\"@id\":\"https:\/\/distribuidorpanelrey.com.mx\/producto\/resina-pura\/#primaryimage\"},\"thumbnailUrl\":\"https:\/\/distribuidorpanelrey.com.mx\/wp-content\/uploads\/2023\/04\/RESINA-PURA-AZTECA.webp\",\"datePublished\":\"2023-04-01T19:54:11+00:00\",\"dateModified\":\"2025-12-05T14:22:26+00:00\",\"description\":\"EN PANEL REY MEXICO ENCONTRARAS LA MEJOR CALIDAD EN PRODUCTOS PARA ACABADOS COMO LA RESINA PURA DE MARCA AZTECA, CONSIGUELA AQUI\",\"breadcrumb\":{\"@id\":\"https:\/\/distribuidorpanelrey.com.mx\/producto\/resina-pura\/#breadcrumb\"},\"inLanguage\":\"es\",\"potentialAction\":[{\"@type\":\"ReadAction\",\"target\":[\"https:\/\/distribuidorpanelrey.com.mx\/producto\/resina-pura\/\"]}]},{\"@type\":\"ImageObject\",\"inLanguage\":\"es\",\"@id\":\"https:\/\/distribuidorpanelrey.com.mx\/producto\/resina-pura\/#primaryimage\",\"url\":\"https:\/\/distribuidorpanelrey.com.mx\/wp-content\/uploads\/2023\/04\/RESINA-PURA-AZTECA.webp\",\"contentUrl\":\"https:\/\/distribuidorpanelrey.com.mx\/wp-content\/uploads\/2023\/04\/RESINA-PURA-AZTECA.webp\",\"width\":500,\"height\":500,\"caption\":\"RESINA PURA\"},{\"@type\":\"BreadcrumbList\",\"@id\":\"https:\/\/distribuidorpanelrey.com.mx\/producto\/resina-pura\/#breadcrumb\",\"itemListElement\":[{\"@type\":\"ListItem\",\"position\":1,\"name\":\"Portada\",\"item\":\"https:\/\/distribuidorpanelrey.com.mx\/\"},{\"@type\":\"ListItem\",\"position\":2,\"name\":\"Productos\",\"item\":\"https:\/\/distribuidorpanelrey.com\/tienda\/\"},{\"@type\":\"ListItem\",\"position\":3,\"name\":\"RESINA PURA\"}]},{\"@type\":\"WebSite\",\"@id\":\"https:\/\/distribuidorpanelrey.com\/#website\",\"url\":\"https:\/\/distribuidorpanelrey.com\/\",\"name\":\"PANEL REY MEXICO\",\"description\":\"DISTRIBUIDOR PANEL REY\",\"publisher\":{\"@id\":\"https:\/\/distribuidorpanelrey.com\/#organization\"},\"alternateName\":\"DISTRIBUIDOR PANEL REY\",\"potentialAction\":[{\"@type\":\"SearchAction\",\"target\":{\"@type\":\"EntryPoint\",\"urlTemplate\":\"https:\/\/distribuidorpanelrey.com\/?s={search_term_string}\"},\"query-input\":{\"@type\":\"PropertyValueSpecification\",\"valueRequired\":true,\"valueName\":\"search_term_string\"}}],\"inLanguage\":\"es\"},{\"@type\":\"Organization\",\"@id\":\"https:\/\/distribuidorpanelrey.com\/#organization\",\"name\":\"PANEL REY MEXICO\",\"url\":\"https:\/\/distribuidorpanelrey.com\/\",\"logo\":{\"@type\":\"ImageObject\",\"inLanguage\":\"es\",\"@id\":\"https:\/\/distribuidorpanelrey.com\/#\/schema\/logo\/image\/\",\"url\":\"https:\/\/distribuidorpanelrey.com.mx\/wp-content\/uploads\/2023\/11\/panelrey.webp\",\"contentUrl\":\"https:\/\/distribuidorpanelrey.com.mx\/wp-content\/uploads\/2023\/11\/panelrey.webp\",\"width\":400,\"height\":150,\"caption\":\"PANEL REY MEXICO\"},\"image\":{\"@id\":\"https:\/\/distribuidorpanelrey.com\/#\/schema\/logo\/image\/\"},\"sameAs\":[\"https:\/\/www.facebook.com\/mexicopanelrey\/?locale=es_LA\",\"https:\/\/www.instagram.com\/panel_rey_mexico\/?hl=es\"]}]}<\/script>\n<!-- \/ Yoast SEO plugin. -->","yoast_head_json":{"title":"RESINA PURA","description":"EN PANEL REY MEXICO ENCONTRARAS LA MEJOR CALIDAD EN PRODUCTOS PARA ACABADOS COMO LA RESINA PURA DE MARCA AZTECA, CONSIGUELA AQUI","robots":{"index":"index","follow":"follow","max-snippet":"max-snippet:-1","max-image-preview":"max-image-preview:large","max-video-preview":"max-video-preview:-1"},"canonical":"https:\/\/distribuidorpanelrey.com.mx\/producto\/resina-pura\/","og_locale":"es_ES","og_type":"article","og_title":"RESINA PURA","og_description":"EN PANEL REY MEXICO ENCONTRARAS LA MEJOR CALIDAD EN PRODUCTOS PARA ACABADOS COMO LA RESINA PURA DE MARCA AZTECA, CONSIGUELA AQUI","og_url":"https:\/\/distribuidorpanelrey.com.mx\/producto\/resina-pura\/","og_site_name":"PANEL REY MEXICO","article_publisher":"https:\/\/www.facebook.com\/mexicopanelrey\/?locale=es_LA","article_modified_time":"2025-12-05T14:22:26+00:00","og_image":[{"width":500,"height":500,"url":"https:\/\/distribuidorpanelrey.com.mx\/wp-content\/uploads\/2023\/04\/RESINA-PURA-AZTECA.webp","type":"image\/webp"}],"twitter_card":"summary_large_image","twitter_misc":{"Tiempo de lectura":"2 minutos"},"schema":{"@context":"https:\/\/schema.org","@graph":[{"@type":"WebPage","@id":"https:\/\/distribuidorpanelrey.com.mx\/producto\/resina-pura\/","url":"https:\/\/distribuidorpanelrey.com.mx\/producto\/resina-pura\/","name":"RESINA PURA","isPartOf":{"@id":"https:\/\/distribuidorpanelrey.com\/#website"},"primaryImageOfPage":{"@id":"https:\/\/distribuidorpanelrey.com.mx\/producto\/resina-pura\/#primaryimage"},"image":{"@id":"https:\/\/distribuidorpanelrey.com.mx\/producto\/resina-pura\/#primaryimage"},"thumbnailUrl":"https:\/\/distribuidorpanelrey.com.mx\/wp-content\/uploads\/2023\/04\/RESINA-PURA-AZTECA.webp","datePublished":"2023-04-01T19:54:11+00:00","dateModified":"2025-12-05T14:22:26+00:00","description":"EN PANEL REY MEXICO ENCONTRARAS LA MEJOR CALIDAD EN PRODUCTOS PARA ACABADOS COMO LA RESINA PURA DE MARCA AZTECA, CONSIGUELA AQUI","breadcrumb":{"@id":"https:\/\/distribuidorpanelrey.com.mx\/producto\/resina-pura\/#breadcrumb"},"inLanguage":"es","potentialAction":[{"@type":"ReadAction","target":["https:\/\/distribuidorpanelrey.com.mx\/producto\/resina-pura\/"]}]},{"@type":"ImageObject","inLanguage":"es","@id":"https:\/\/distribuidorpanelrey.com.mx\/producto\/resina-pura\/#primaryimage","url":"https:\/\/distribuidorpanelrey.com.mx\/wp-content\/uploads\/2023\/04\/RESINA-PURA-AZTECA.webp","contentUrl":"https:\/\/distribuidorpanelrey.com.mx\/wp-content\/uploads\/2023\/04\/RESINA-PURA-AZTECA.webp","width":500,"height":500,"caption":"RESINA PURA"},{"@type":"BreadcrumbList","@id":"https:\/\/distribuidorpanelrey.com.mx\/producto\/resina-pura\/#breadcrumb","itemListElement":[{"@type":"ListItem","position":1,"name":"Portada","item":"https:\/\/distribuidorpanelrey.com.mx\/"},{"@type":"ListItem","position":2,"name":"Productos","item":"https:\/\/distribuidorpanelrey.com\/tienda\/"},{"@type":"ListItem","position":3,"name":"RESINA PURA"}]},{"@type":"WebSite","@id":"https:\/\/distribuidorpanelrey.com\/#website","url":"https:\/\/distribuidorpanelrey.com\/","name":"PANEL REY MEXICO","description":"DISTRIBUIDOR PANEL REY","publisher":{"@id":"https:\/\/distribuidorpanelrey.com\/#organization"},"alternateName":"DISTRIBUIDOR PANEL REY","potentialAction":[{"@type":"SearchAction","target":{"@type":"EntryPoint","urlTemplate":"https:\/\/distribuidorpanelrey.com\/?s={search_term_string}"},"query-input":{"@type":"PropertyValueSpecification","valueRequired":true,"valueName":"search_term_string"}}],"inLanguage":"es"},{"@type":"Organization","@id":"https:\/\/distribuidorpanelrey.com\/#organization","name":"PANEL REY MEXICO","url":"https:\/\/distribuidorpanelrey.com\/","logo":{"@type":"ImageObject","inLanguage":"es","@id":"https:\/\/distribuidorpanelrey.com\/#\/schema\/logo\/image\/","url":"https:\/\/distribuidorpanelrey.com.mx\/wp-content\/uploads\/2023\/11\/panelrey.webp","contentUrl":"https:\/\/distribuidorpanelrey.com.mx\/wp-content\/uploads\/2023\/11\/panelrey.webp","width":400,"height":150,"caption":"PANEL REY MEXICO"},"image":{"@id":"https:\/\/distribuidorpanelrey.com\/#\/schema\/logo\/image\/"},"sameAs":["https:\/\/www.facebook.com\/mexicopanelrey\/?locale=es_LA","https:\/\/www.instagram.com\/panel_rey_mexico\/?hl=es"]}]}},"_links":{"self":[{"href":"https:\/\/distribuidorpanelrey.com.mx\/wp-json\/wp\/v2\/product\/2216","targetHints":{"allow":["GET"]}}],"collection":[{"href":"https:\/\/distribuidorpanelrey.com.mx\/wp-json\/wp\/v2\/product"}],"about":[{"href":"https:\/\/distribuidorpanelrey.com.mx\/wp-json\/wp\/v2\/types\/product"}],"replies":[{"embeddable":true,"href":"https:\/\/distribuidorpanelrey.com.mx\/wp-json\/wp\/v2\/comments?post=2216"}],"version-history":[{"count":3,"href":"https:\/\/distribuidorpanelrey.com.mx\/wp-json\/wp\/v2\/product\/2216\/revisions"}],"predecessor-version":[{"id":6629,"href":"https:\/\/distribuidorpanelrey.com.mx\/wp-json\/wp\/v2\/product\/2216\/revisions\/6629"}],"wp:featuredmedia":[{"embeddable":true,"href":"https:\/\/distribuidorpanelrey.com.mx\/wp-json\/wp\/v2\/media\/3521"}],"wp:attachment":[{"href":"https:\/\/distribuidorpanelrey.com.mx\/wp-json\/wp\/v2\/media?parent=2216"}],"wp:term":[{"taxonomy":"product_brand","embeddable":true,"href":"https:\/\/distribuidorpanelrey.com.mx\/wp-json\/wp\/v2\/product_brand?post=2216"},{"taxonomy":"product_cat","embeddable":true,"href":"https:\/\/distribuidorpanelrey.com.mx\/wp-json\/wp\/v2\/product_cat?post=2216"},{"taxonomy":"product_tag","embeddable":true,"href":"https:\/\/distribuidorpanelrey.com.mx\/wp-json\/wp\/v2\/product_tag?post=2216"}],"curies":[{"name":"wp","href":"https:\/\/api.w.org\/{rel}","templated":true}]}}