{"id":2233,"date":"2023-04-14T18:45:27","date_gmt":"2023-04-14T18:45:27","guid":{"rendered":"https:\/\/distribuidorpanelrey.com.mx\/?post_type=product&#038;p=2233"},"modified":"2026-01-29T00:55:57","modified_gmt":"2026-01-29T00:55:57","slug":"gacoflex-impermeabilizante-holcim-5-anos","status":"publish","type":"product","link":"https:\/\/distribuidorpanelrey.com.mx\/producto\/gacoflex-impermeabilizante-holcim-5-anos\/","title":{"rendered":"GACOFLEX IMPERMEABILIZANTE HOLCIM 5 A\u00d1OS"},"content":{"rendered":"<h2>GACOFLEX IMPERMEABILIZANTE HOLCIM 5 A\u00d1OS<\/h2>\n<p>Panel Rey colabora con Holcim para ofrecer el \u00abGacoflex Impermeabilizante Holcim 5 a\u00f1os\u00bb, un producto especializado dise\u00f1ado para brindar soluciones efectivas en impermeabilizaci\u00f3n de techos y superficies expuestas a la intemperie. La palabra clave subraya la durabilidad y el rendimiento garantizado del producto a lo largo del tiempo.<\/p>\n<p>La funci\u00f3n principal de Panel Rey, en este Producto es proporcionar una capa protectora que previene filtraciones de agua y humedad, asegurando la impermeabilizaci\u00f3n efectiva de techos y superficies exteriores. Este producto est\u00e1 formulado con tecnolog\u00eda avanzada para resistir las inclemencias del clima y proteger las estructuras contra el deterioro causado por la humedad.<\/p>\n<p><strong>ATRIBUTOS:<\/strong><\/p>\n<ul>\n<li>ALTA CALIDAD<\/li>\n<li>F\u00c1CIL DE COLOCAR<\/li>\n<li>M\u00c1XIMO RENDIMIENTO<\/li>\n<li>DURABILIDAD<\/li>\n<\/ul>\n<p>La tecnolog\u00eda empleada en Holcim GacoFlex otorga un balance entre resistencia a la tensi\u00f3n y elongaci\u00f3n a la ruptura; lo cual le brinda una \u00f3ptima capacidad de recuperaci\u00f3n, a\u00fan siendo sometido a una deformaci\u00f3n del 100%, haciendo de Holcim GacoFlex un impermeabilizante de mayor calidad. Las propiedades de alta trabajalidad, autonivelaci\u00f3n, as\u00ed como de buena adherencia en Holcim GacoFlex le permiten que sea m\u00e1s f\u00e1cil de aplicar, logrando maximizar su rendimiento, lo que resulta en un mayor avance en el proceso de aplicaci\u00f3n. Su resistencia al interperismo hace de Holcim GacoFlex un impermeabilizante con una durabilidad garantizada de hasta 5 a\u00f1os.<\/p>\n<p style=\"text-align: center;\">En\u00a0<strong data-start=\"82\" data-end=\"115\">Distribuidor Panel Rey M\u00e9xico<\/strong>\u00a0encuentras calidad y confianza en productos\u00a0<strong data-start=\"160\" data-end=\"172\">Gacoflex<\/strong>.<br data-start=\"173\" data-end=\"176\" \/>\u2705 Env\u00edos a toda la Rep\u00fablica Mexicana. \u00a1Pregunta por nuestras promociones vigentes!<br data-start=\"259\" data-end=\"262\" data-is-only-node=\"\" \/>\u2705 Todos los precios incluyen IVA (sujetos a cambio sin previo aviso).<br data-start=\"331\" data-end=\"334\" \/>\u2705 Im\u00e1genes ilustrativas, el producto final puede presentar ligeras variaciones.<br data-start=\"413\" data-end=\"416\" \/>\ud83d\udcac \u00bfTienes dudas? Escr\u00edbenos por\u00a0<a href=\"https:\/\/www.facebook.com\/mexicopanelrey\">Facebook<\/a>\u00a0o\u00a0<a href=\"https:\/\/www.instagram.com\/panel_rey_mexico\/\">Instagram<\/a>.<br data-start=\"470\" data-end=\"473\" \/>\ud83d\udcde Tel:\u00a0<a href=\"tel:55 7397 6243\">55 7397 6243<\/a>\u00a0| WhatsApp:\u00a0<a href=\"https:\/\/api.whatsapp.com\/send?phone=525573976243\">5573976243<\/a><br data-start=\"518\" data-end=\"521\" \/>\ud83d\udce7\u00a0<a class=\"cursor-pointer\" href=\"mailto:ventas@distribuidorpanelrey.com\" rel=\"noopener\" data-start=\"524\" data-end=\"555\">ventas@distribuidorpanelrey.com<\/a><\/p>\n","protected":false},"excerpt":{"rendered":"<h4 style=\"text-align: center;\">Env\u00edos de 24 a 48 hr CDMX Y EDO MEX<\/h4>\n<p style=\"text-align: center;\">Rese\u00f1as\u00a0\u2605\u2605\u2605\u2605\u2605\u00a0 Env\u00edos Garantizados<\/p>\n<h4 style=\"text-align: center;\">\ud83d\udd25LOS MEJORES PRECIOS \ud83d\udd25<\/h4>\n","protected":false},"featured_media":1947,"comment_status":"closed","ping_status":"closed","template":"","meta":[],"product_brand":[553],"product_cat":[348],"product_tag":[317,318,446,149,447,111],"class_list":{"0":"post-2233","1":"product","2":"type-product","3":"status-publish","4":"has-post-thumbnail","6":"product_brand-gacoflex","7":"product_cat-impermeabilizante","8":"product_tag-ferrekasa","9":"product_tag-ferremex","10":"product_tag-gacoflex","11":"product_tag-impermeabilizante","12":"product_tag-impermeabilizante-5-anos","13":"product_tag-panel-rey","15":"first","16":"outofstock","17":"shipping-taxable","18":"purchasable","19":"product-type-variable"},"yoast_head":"<!-- This site is optimized with the Yoast SEO plugin v27.1.1 - https:\/\/yoast.com\/product\/yoast-seo-wordpress\/ -->\n<title>GACOFLEX IMPERMEABILIZANTE HOLCIM 5 A\u00d1OS<\/title>\n<meta name=\"description\" content=\"GACOFLEX IMPERMEABILIZANTE HOLCIM 5 A\u00d1OS es un producto hecho a base de resinas acrlicas modificadas y maerias primas de la mas alta calidad\" \/>\n<meta name=\"robots\" content=\"index, follow, max-snippet:-1, max-image-preview:large, max-video-preview:-1\" \/>\n<link rel=\"canonical\" href=\"https:\/\/distribuidorpanelrey.com.mx\/producto\/gacoflex-impermeabilizante-holcim-5-anos\/\" \/>\n<meta property=\"og:locale\" content=\"es_ES\" \/>\n<meta property=\"og:type\" content=\"article\" \/>\n<meta property=\"og:title\" content=\"GACOFLEX IMPERMEABILIZANTE HOLCIM 5 A\u00d1OS\" \/>\n<meta property=\"og:description\" content=\"GACOFLEX IMPERMEABILIZANTE HOLCIM 5 A\u00d1OS es un producto hecho a base de resinas acrlicas modificadas y maerias primas de la mas alta calidad\" \/>\n<meta property=\"og:url\" content=\"https:\/\/distribuidorpanelrey.com.mx\/producto\/gacoflex-impermeabilizante-holcim-5-anos\/\" \/>\n<meta property=\"og:site_name\" content=\"PANEL REY MEXICO\" \/>\n<meta property=\"article:publisher\" content=\"https:\/\/www.facebook.com\/mexicopanelrey\/?locale=es_LA\" \/>\n<meta property=\"article:modified_time\" content=\"2026-01-29T00:55:57+00:00\" \/>\n<meta property=\"og:image\" content=\"https:\/\/distribuidorpanelrey.com.mx\/wp-content\/uploads\/2023\/03\/GACOFLEX-IMPERMEABILIZANTE-HOLCIM.png\" \/>\n\t<meta property=\"og:image:width\" content=\"500\" \/>\n\t<meta property=\"og:image:height\" content=\"500\" \/>\n\t<meta property=\"og:image:type\" content=\"image\/png\" \/>\n<meta name=\"twitter:card\" content=\"summary_large_image\" \/>\n<meta name=\"twitter:label1\" content=\"Tiempo de lectura\" \/>\n\t<meta name=\"twitter:data1\" content=\"2 minutos\" \/>\n<script type=\"application\/ld+json\" class=\"yoast-schema-graph\">{\"@context\":\"https:\/\/schema.org\",\"@graph\":[{\"@type\":\"WebPage\",\"@id\":\"https:\/\/distribuidorpanelrey.com.mx\/producto\/gacoflex-impermeabilizante-holcim-5-anos\/\",\"url\":\"https:\/\/distribuidorpanelrey.com.mx\/producto\/gacoflex-impermeabilizante-holcim-5-anos\/\",\"name\":\"GACOFLEX IMPERMEABILIZANTE HOLCIM 5 A\u00d1OS\",\"isPartOf\":{\"@id\":\"https:\/\/distribuidorpanelrey.com\/#website\"},\"primaryImageOfPage\":{\"@id\":\"https:\/\/distribuidorpanelrey.com.mx\/producto\/gacoflex-impermeabilizante-holcim-5-anos\/#primaryimage\"},\"image\":{\"@id\":\"https:\/\/distribuidorpanelrey.com.mx\/producto\/gacoflex-impermeabilizante-holcim-5-anos\/#primaryimage\"},\"thumbnailUrl\":\"https:\/\/distribuidorpanelrey.com.mx\/wp-content\/uploads\/2023\/03\/GACOFLEX-IMPERMEABILIZANTE-HOLCIM.png\",\"datePublished\":\"2023-04-14T18:45:27+00:00\",\"dateModified\":\"2026-01-29T00:55:57+00:00\",\"description\":\"GACOFLEX IMPERMEABILIZANTE HOLCIM 5 A\u00d1OS es un producto hecho a base de resinas acrlicas modificadas y maerias primas de la mas alta calidad\",\"breadcrumb\":{\"@id\":\"https:\/\/distribuidorpanelrey.com.mx\/producto\/gacoflex-impermeabilizante-holcim-5-anos\/#breadcrumb\"},\"inLanguage\":\"es\",\"potentialAction\":[{\"@type\":\"ReadAction\",\"target\":[\"https:\/\/distribuidorpanelrey.com.mx\/producto\/gacoflex-impermeabilizante-holcim-5-anos\/\"]}]},{\"@type\":\"ImageObject\",\"inLanguage\":\"es\",\"@id\":\"https:\/\/distribuidorpanelrey.com.mx\/producto\/gacoflex-impermeabilizante-holcim-5-anos\/#primaryimage\",\"url\":\"https:\/\/distribuidorpanelrey.com.mx\/wp-content\/uploads\/2023\/03\/GACOFLEX-IMPERMEABILIZANTE-HOLCIM.png\",\"contentUrl\":\"https:\/\/distribuidorpanelrey.com.mx\/wp-content\/uploads\/2023\/03\/GACOFLEX-IMPERMEABILIZANTE-HOLCIM.png\",\"width\":500,\"height\":500,\"caption\":\"GACOFLEX-IMPERMEABILIZANTE-HOLCIM\"},{\"@type\":\"BreadcrumbList\",\"@id\":\"https:\/\/distribuidorpanelrey.com.mx\/producto\/gacoflex-impermeabilizante-holcim-5-anos\/#breadcrumb\",\"itemListElement\":[{\"@type\":\"ListItem\",\"position\":1,\"name\":\"Portada\",\"item\":\"https:\/\/distribuidorpanelrey.com.mx\/\"},{\"@type\":\"ListItem\",\"position\":2,\"name\":\"Productos\",\"item\":\"https:\/\/distribuidorpanelrey.com\/tienda\/\"},{\"@type\":\"ListItem\",\"position\":3,\"name\":\"GACOFLEX IMPERMEABILIZANTE HOLCIM 5 A\u00d1OS\"}]},{\"@type\":\"WebSite\",\"@id\":\"https:\/\/distribuidorpanelrey.com\/#website\",\"url\":\"https:\/\/distribuidorpanelrey.com\/\",\"name\":\"PANEL REY MEXICO\",\"description\":\"DISTRIBUIDOR PANEL REY\",\"publisher\":{\"@id\":\"https:\/\/distribuidorpanelrey.com\/#organization\"},\"alternateName\":\"DISTRIBUIDOR PANEL REY\",\"potentialAction\":[{\"@type\":\"SearchAction\",\"target\":{\"@type\":\"EntryPoint\",\"urlTemplate\":\"https:\/\/distribuidorpanelrey.com\/?s={search_term_string}\"},\"query-input\":{\"@type\":\"PropertyValueSpecification\",\"valueRequired\":true,\"valueName\":\"search_term_string\"}}],\"inLanguage\":\"es\"},{\"@type\":\"Organization\",\"@id\":\"https:\/\/distribuidorpanelrey.com\/#organization\",\"name\":\"PANEL REY MEXICO\",\"url\":\"https:\/\/distribuidorpanelrey.com\/\",\"logo\":{\"@type\":\"ImageObject\",\"inLanguage\":\"es\",\"@id\":\"https:\/\/distribuidorpanelrey.com\/#\/schema\/logo\/image\/\",\"url\":\"https:\/\/distribuidorpanelrey.com.mx\/wp-content\/uploads\/2023\/11\/panelrey.webp\",\"contentUrl\":\"https:\/\/distribuidorpanelrey.com.mx\/wp-content\/uploads\/2023\/11\/panelrey.webp\",\"width\":400,\"height\":150,\"caption\":\"PANEL REY MEXICO\"},\"image\":{\"@id\":\"https:\/\/distribuidorpanelrey.com\/#\/schema\/logo\/image\/\"},\"sameAs\":[\"https:\/\/www.facebook.com\/mexicopanelrey\/?locale=es_LA\",\"https:\/\/www.instagram.com\/panel_rey_mexico\/?hl=es\"]}]}<\/script>\n<!-- \/ Yoast SEO plugin. -->","yoast_head_json":{"title":"GACOFLEX IMPERMEABILIZANTE HOLCIM 5 A\u00d1OS","description":"GACOFLEX IMPERMEABILIZANTE HOLCIM 5 A\u00d1OS es un producto hecho a base de resinas acrlicas modificadas y maerias primas de la mas alta calidad","robots":{"index":"index","follow":"follow","max-snippet":"max-snippet:-1","max-image-preview":"max-image-preview:large","max-video-preview":"max-video-preview:-1"},"canonical":"https:\/\/distribuidorpanelrey.com.mx\/producto\/gacoflex-impermeabilizante-holcim-5-anos\/","og_locale":"es_ES","og_type":"article","og_title":"GACOFLEX IMPERMEABILIZANTE HOLCIM 5 A\u00d1OS","og_description":"GACOFLEX IMPERMEABILIZANTE HOLCIM 5 A\u00d1OS es un producto hecho a base de resinas acrlicas modificadas y maerias primas de la mas alta calidad","og_url":"https:\/\/distribuidorpanelrey.com.mx\/producto\/gacoflex-impermeabilizante-holcim-5-anos\/","og_site_name":"PANEL REY MEXICO","article_publisher":"https:\/\/www.facebook.com\/mexicopanelrey\/?locale=es_LA","article_modified_time":"2026-01-29T00:55:57+00:00","og_image":[{"width":500,"height":500,"url":"https:\/\/distribuidorpanelrey.com.mx\/wp-content\/uploads\/2023\/03\/GACOFLEX-IMPERMEABILIZANTE-HOLCIM.png","type":"image\/png"}],"twitter_card":"summary_large_image","twitter_misc":{"Tiempo de lectura":"2 minutos"},"schema":{"@context":"https:\/\/schema.org","@graph":[{"@type":"WebPage","@id":"https:\/\/distribuidorpanelrey.com.mx\/producto\/gacoflex-impermeabilizante-holcim-5-anos\/","url":"https:\/\/distribuidorpanelrey.com.mx\/producto\/gacoflex-impermeabilizante-holcim-5-anos\/","name":"GACOFLEX IMPERMEABILIZANTE HOLCIM 5 A\u00d1OS","isPartOf":{"@id":"https:\/\/distribuidorpanelrey.com\/#website"},"primaryImageOfPage":{"@id":"https:\/\/distribuidorpanelrey.com.mx\/producto\/gacoflex-impermeabilizante-holcim-5-anos\/#primaryimage"},"image":{"@id":"https:\/\/distribuidorpanelrey.com.mx\/producto\/gacoflex-impermeabilizante-holcim-5-anos\/#primaryimage"},"thumbnailUrl":"https:\/\/distribuidorpanelrey.com.mx\/wp-content\/uploads\/2023\/03\/GACOFLEX-IMPERMEABILIZANTE-HOLCIM.png","datePublished":"2023-04-14T18:45:27+00:00","dateModified":"2026-01-29T00:55:57+00:00","description":"GACOFLEX IMPERMEABILIZANTE HOLCIM 5 A\u00d1OS es un producto hecho a base de resinas acrlicas modificadas y maerias primas de la mas alta calidad","breadcrumb":{"@id":"https:\/\/distribuidorpanelrey.com.mx\/producto\/gacoflex-impermeabilizante-holcim-5-anos\/#breadcrumb"},"inLanguage":"es","potentialAction":[{"@type":"ReadAction","target":["https:\/\/distribuidorpanelrey.com.mx\/producto\/gacoflex-impermeabilizante-holcim-5-anos\/"]}]},{"@type":"ImageObject","inLanguage":"es","@id":"https:\/\/distribuidorpanelrey.com.mx\/producto\/gacoflex-impermeabilizante-holcim-5-anos\/#primaryimage","url":"https:\/\/distribuidorpanelrey.com.mx\/wp-content\/uploads\/2023\/03\/GACOFLEX-IMPERMEABILIZANTE-HOLCIM.png","contentUrl":"https:\/\/distribuidorpanelrey.com.mx\/wp-content\/uploads\/2023\/03\/GACOFLEX-IMPERMEABILIZANTE-HOLCIM.png","width":500,"height":500,"caption":"GACOFLEX-IMPERMEABILIZANTE-HOLCIM"},{"@type":"BreadcrumbList","@id":"https:\/\/distribuidorpanelrey.com.mx\/producto\/gacoflex-impermeabilizante-holcim-5-anos\/#breadcrumb","itemListElement":[{"@type":"ListItem","position":1,"name":"Portada","item":"https:\/\/distribuidorpanelrey.com.mx\/"},{"@type":"ListItem","position":2,"name":"Productos","item":"https:\/\/distribuidorpanelrey.com\/tienda\/"},{"@type":"ListItem","position":3,"name":"GACOFLEX IMPERMEABILIZANTE HOLCIM 5 A\u00d1OS"}]},{"@type":"WebSite","@id":"https:\/\/distribuidorpanelrey.com\/#website","url":"https:\/\/distribuidorpanelrey.com\/","name":"PANEL REY MEXICO","description":"DISTRIBUIDOR PANEL REY","publisher":{"@id":"https:\/\/distribuidorpanelrey.com\/#organization"},"alternateName":"DISTRIBUIDOR PANEL REY","potentialAction":[{"@type":"SearchAction","target":{"@type":"EntryPoint","urlTemplate":"https:\/\/distribuidorpanelrey.com\/?s={search_term_string}"},"query-input":{"@type":"PropertyValueSpecification","valueRequired":true,"valueName":"search_term_string"}}],"inLanguage":"es"},{"@type":"Organization","@id":"https:\/\/distribuidorpanelrey.com\/#organization","name":"PANEL REY MEXICO","url":"https:\/\/distribuidorpanelrey.com\/","logo":{"@type":"ImageObject","inLanguage":"es","@id":"https:\/\/distribuidorpanelrey.com\/#\/schema\/logo\/image\/","url":"https:\/\/distribuidorpanelrey.com.mx\/wp-content\/uploads\/2023\/11\/panelrey.webp","contentUrl":"https:\/\/distribuidorpanelrey.com.mx\/wp-content\/uploads\/2023\/11\/panelrey.webp","width":400,"height":150,"caption":"PANEL REY MEXICO"},"image":{"@id":"https:\/\/distribuidorpanelrey.com\/#\/schema\/logo\/image\/"},"sameAs":["https:\/\/www.facebook.com\/mexicopanelrey\/?locale=es_LA","https:\/\/www.instagram.com\/panel_rey_mexico\/?hl=es"]}]}},"_links":{"self":[{"href":"https:\/\/distribuidorpanelrey.com.mx\/wp-json\/wp\/v2\/product\/2233","targetHints":{"allow":["GET"]}}],"collection":[{"href":"https:\/\/distribuidorpanelrey.com.mx\/wp-json\/wp\/v2\/product"}],"about":[{"href":"https:\/\/distribuidorpanelrey.com.mx\/wp-json\/wp\/v2\/types\/product"}],"replies":[{"embeddable":true,"href":"https:\/\/distribuidorpanelrey.com.mx\/wp-json\/wp\/v2\/comments?post=2233"}],"version-history":[{"count":14,"href":"https:\/\/distribuidorpanelrey.com.mx\/wp-json\/wp\/v2\/product\/2233\/revisions"}],"predecessor-version":[{"id":4290,"href":"https:\/\/distribuidorpanelrey.com.mx\/wp-json\/wp\/v2\/product\/2233\/revisions\/4290"}],"wp:featuredmedia":[{"embeddable":true,"href":"https:\/\/distribuidorpanelrey.com.mx\/wp-json\/wp\/v2\/media\/1947"}],"wp:attachment":[{"href":"https:\/\/distribuidorpanelrey.com.mx\/wp-json\/wp\/v2\/media?parent=2233"}],"wp:term":[{"taxonomy":"product_brand","embeddable":true,"href":"https:\/\/distribuidorpanelrey.com.mx\/wp-json\/wp\/v2\/product_brand?post=2233"},{"taxonomy":"product_cat","embeddable":true,"href":"https:\/\/distribuidorpanelrey.com.mx\/wp-json\/wp\/v2\/product_cat?post=2233"},{"taxonomy":"product_tag","embeddable":true,"href":"https:\/\/distribuidorpanelrey.com.mx\/wp-json\/wp\/v2\/product_tag?post=2233"}],"curies":[{"name":"wp","href":"https:\/\/api.w.org\/{rel}","templated":true}]}}