{"id":3186,"date":"2024-08-06T16:17:30","date_gmt":"2024-08-06T16:17:30","guid":{"rendered":"https:\/\/distribuidorpanelrey.com.mx\/?post_type=product&#038;p=3186"},"modified":"2025-08-18T04:28:06","modified_gmt":"2025-08-18T04:28:06","slug":"pintura-vinilica-plus-ultracolor","status":"publish","type":"product","link":"https:\/\/distribuidorpanelrey.com.mx\/producto\/pintura-vinilica-plus-ultracolor\/","title":{"rendered":"PINTURA VINILICA PLUS ULTRACOLOR"},"content":{"rendered":"<h3>PINTURA V\u00cdNILICA PLUS ULTRACOLOR<\/h3>\n<p>&nbsp;<\/p>\n<p>PINTURA VINILICA PLUS ULTRACOLOR\u00a0 es una pintura vinil-acr\u00edlica base agua de buen rendimiento y poder cubriente de acabado mate.<\/p>\n<p><span style=\"font-size: 17px;\">Ideal para mantenimiento de exteriores e interiores, la cual puede aplicarse mediante rodillo o brocha sobre muros de concreto, superficies de yeso nuevas o repintadas, aplanados, concreto, madera, entre otras. No desprende olores. <\/span><\/p>\n<p><span style=\"font-size: 17px;\">Una cubeta rinde una superficie de hasta 114 m\u00b2 (superficie lisa y previamente sellada). El poder cubriente se aprecia al secar. No obstante, p<\/span>ara que la pintura tenga las propiedades y rendimiento deseado, es recomendable aplicar sellador vin\u00edlico antes de aplicar el producto, y una vez aplicado el producto dejar reposar la pintura 5 d\u00edas sin contacto con agua.<\/p>\n<p><span style=\"font-size: 17px;\">Adem\u00e1s, cuenta con una amplia variedad de colores, por lo que es ideal para aplicarse sobre superficies de yeso nuevas o repintadas, aplanados, concreto, madera, entre otros.<\/span><\/p>\n<p>&nbsp;<\/p>\n<h4>Instrucciones<\/h4>\n<p>Instrucciones de uso de la PINTURA VINILICA PLUS ULTRACOLOR:<\/p>\n<ul>\n<li>Preparaci\u00f3n de la superficie:<br \/>\nLa superficie a pintar deber\u00e1 estar totalmente seca, limpia, libre de polvo, \u00f3xido, grasa, pintura mal adherida y toda clase de contaminantes. En el caso de sustratos de cemento y de yesos nuevos debe dejar curar la superficie un m\u00ednimo de 28 d\u00edas antes de aplicar la capa base y el recubrimiento, as\u00ed como asegurarse que el muro a recubrir no presente problemas de salitre o humedad.<\/li>\n<li>Preparaci\u00f3n de la pintura:<br \/>\nMezcle bien antes y ocasionalmente durante el uso. Cuando use m\u00e1s de un envase del mismo color, m\u00e9zclelos entre si antes de usarlos para uniformar el color.<\/li>\n<li>M\u00e9todo de aplicaci\u00f3n:<br \/>\nAplique sobre la superficie a pintar el sellador vinil-acr\u00edlico Ultracolor. Posteriormente aplique 2 manos uniformes de pintura, dejando secar entre mano y mano entre 1 a 2 horas. En su defecto esperar 24 horas para aplicar la segunda mano con el objeto de evitar \u00abcorrugado\u00bb. Se puede aplicar mediante rodillo, brocha o aspersi\u00f3n convencional.<\/li>\n<li>Almacenamiento del producto:<br \/>\nEn el envase original cerrado mantenerse en lugares secos y frescos y despu\u00e9s de su uso mant\u00e9ngase bien cerrado y fuera del alcance de los ni\u00f1os.<\/li>\n<\/ul>\n<p>&nbsp;<\/p>\n<h4>Colores<\/h4>\n<p>La PINTURA V\u00cdNILICA PLUS, est\u00e1 disponible en una gran variedad de colores, los cuales son:<\/p>\n<ul>\n<li>Blanco<\/li>\n<li>Crema<\/li>\n<li>Gris claro<\/li>\n<li>Salm\u00f3n<\/li>\n<\/ul>\n<p style=\"text-align: center;\">En\u00a0<strong data-start=\"82\" data-end=\"115\">Distribuidor Panel Rey M\u00e9xico<\/strong>\u00a0encuentras calidad y confianza en productos\u00a0<strong data-start=\"160\" data-end=\"172\">Crest<\/strong>.<br data-start=\"173\" data-end=\"176\" \/><img decoding=\"async\" class=\"emoji\" role=\"img\" draggable=\"false\" src=\"https:\/\/s.w.org\/images\/core\/emoji\/16.0.1\/svg\/2705.svg\" alt=\"\u2705\" \/>\u00a0Env\u00edos a toda la Rep\u00fablica Mexicana. \u00a1Pregunta por nuestras promociones vigentes!<br data-start=\"259\" data-end=\"262\" data-is-only-node=\"\" \/><img decoding=\"async\" class=\"emoji\" role=\"img\" draggable=\"false\" src=\"https:\/\/s.w.org\/images\/core\/emoji\/16.0.1\/svg\/2705.svg\" alt=\"\u2705\" \/>\u00a0Todos los precios incluyen IVA (sujetos a cambio sin previo aviso).<br data-start=\"331\" data-end=\"334\" \/><img decoding=\"async\" class=\"emoji\" role=\"img\" draggable=\"false\" src=\"https:\/\/s.w.org\/images\/core\/emoji\/16.0.1\/svg\/2705.svg\" alt=\"\u2705\" \/>\u00a0Im\u00e1genes ilustrativas, el producto final puede presentar ligeras variaciones.<br data-start=\"413\" data-end=\"416\" \/><img decoding=\"async\" class=\"emoji\" role=\"img\" draggable=\"false\" src=\"https:\/\/s.w.org\/images\/core\/emoji\/16.0.1\/svg\/1f4ac.svg\" alt=\"\ud83d\udcac\" \/>\u00a0\u00bfTienes dudas? Escr\u00edbenos por\u00a0<a href=\"https:\/\/www.facebook.com\/mexicopanelrey\">Facebook<\/a>\u00a0o\u00a0<a href=\"https:\/\/www.instagram.com\/panel_rey_mexico\/\">Instagram<\/a>.<br data-start=\"470\" data-end=\"473\" \/><img decoding=\"async\" class=\"emoji\" role=\"img\" draggable=\"false\" src=\"https:\/\/s.w.org\/images\/core\/emoji\/16.0.1\/svg\/1f4de.svg\" alt=\"\ud83d\udcde\" \/>\u00a0Tel:\u00a0<a href=\"tel:55 7397 6243\">55 7397 6243<\/a>\u00a0| WhatsApp:\u00a0<a href=\"https:\/\/api.whatsapp.com\/send?phone=525573976243\">5573976243<\/a><br data-start=\"518\" data-end=\"521\" \/><img decoding=\"async\" class=\"emoji\" role=\"img\" draggable=\"false\" src=\"https:\/\/s.w.org\/images\/core\/emoji\/16.0.1\/svg\/1f4e7.svg\" alt=\"\ud83d\udce7\" \/>\u00a0<a class=\"cursor-pointer\" href=\"mailto:ventas@distribuidorpanelrey.com\" rel=\"noopener\" data-start=\"524\" data-end=\"555\">ventas@distribuidorpanelrey.com<\/a><\/p>\n","protected":false},"excerpt":{"rendered":"<h4 style=\"text-align: center;\">Env\u00edos de 24 a 48 hr CDMX Y EDO MEX<\/h4>\n<p style=\"text-align: center;\">Rese\u00f1as\u00a0\u2605\u2605\u2605\u2605\u2605\u00a0 Env\u00edos Garantizados<\/p>\n<h4 style=\"text-align: center;\">\ud83d\udd25LOS MEJORES PRECIOS \ud83d\udd25<\/h4>\n","protected":false},"featured_media":3187,"comment_status":"closed","ping_status":"closed","template":"","meta":[],"product_brand":[569],"product_cat":[353],"product_tag":[],"class_list":{"0":"post-3186","1":"product","2":"type-product","3":"status-publish","4":"has-post-thumbnail","6":"product_brand-ultracolor","7":"product_cat-pintura-y-accesorios","9":"first","10":"instock","11":"shipping-taxable","12":"purchasable","13":"product-type-variable"},"yoast_head":"<!-- This site is optimized with the Yoast SEO plugin v27.1.1 - https:\/\/yoast.com\/product\/yoast-seo-wordpress\/ -->\n<title>PINTURA VINILICA PLUS ULTRACOLOR - PANEL REY MEXICO<\/title>\n<meta name=\"description\" content=\"PINTURA VINILICA PLUS ULTRACOLOR, es una pintura vinil-acrIlica base agua de buen rendimiento y poder cubriente de acabado mate.\" \/>\n<meta name=\"robots\" content=\"index, follow, max-snippet:-1, max-image-preview:large, max-video-preview:-1\" \/>\n<link rel=\"canonical\" href=\"https:\/\/distribuidorpanelrey.com.mx\/producto\/pintura-vinilica-plus-ultracolor\/\" \/>\n<meta property=\"og:locale\" content=\"es_ES\" \/>\n<meta property=\"og:type\" content=\"article\" \/>\n<meta property=\"og:title\" content=\"PINTURA VINILICA PLUS ULTRACOLOR - PANEL REY MEXICO\" \/>\n<meta property=\"og:description\" content=\"PINTURA VINILICA PLUS ULTRACOLOR, es una pintura vinil-acrIlica base agua de buen rendimiento y poder cubriente de acabado mate.\" \/>\n<meta property=\"og:url\" content=\"https:\/\/distribuidorpanelrey.com.mx\/producto\/pintura-vinilica-plus-ultracolor\/\" \/>\n<meta property=\"og:site_name\" content=\"PANEL REY MEXICO\" \/>\n<meta property=\"article:publisher\" content=\"https:\/\/www.facebook.com\/mexicopanelrey\/?locale=es_LA\" \/>\n<meta property=\"article:modified_time\" content=\"2025-08-18T04:28:06+00:00\" \/>\n<meta property=\"og:image\" content=\"https:\/\/distribuidorpanelrey.com.mx\/wp-content\/uploads\/2024\/08\/PINTURA-VINILICA-PLUS-ULTRACOLOR-webp.webp\" \/>\n\t<meta property=\"og:image:width\" content=\"300\" \/>\n\t<meta property=\"og:image:height\" content=\"300\" \/>\n\t<meta property=\"og:image:type\" content=\"image\/webp\" \/>\n<meta name=\"twitter:card\" content=\"summary_large_image\" \/>\n<meta name=\"twitter:label1\" content=\"Tiempo de lectura\" \/>\n\t<meta name=\"twitter:data1\" content=\"4 minutos\" \/>\n<script type=\"application\/ld+json\" class=\"yoast-schema-graph\">{\"@context\":\"https:\/\/schema.org\",\"@graph\":[{\"@type\":\"WebPage\",\"@id\":\"https:\/\/distribuidorpanelrey.com.mx\/producto\/pintura-vinilica-plus-ultracolor\/\",\"url\":\"https:\/\/distribuidorpanelrey.com.mx\/producto\/pintura-vinilica-plus-ultracolor\/\",\"name\":\"PINTURA VINILICA PLUS ULTRACOLOR - PANEL REY MEXICO\",\"isPartOf\":{\"@id\":\"https:\/\/distribuidorpanelrey.com\/#website\"},\"primaryImageOfPage\":{\"@id\":\"https:\/\/distribuidorpanelrey.com.mx\/producto\/pintura-vinilica-plus-ultracolor\/#primaryimage\"},\"image\":{\"@id\":\"https:\/\/distribuidorpanelrey.com.mx\/producto\/pintura-vinilica-plus-ultracolor\/#primaryimage\"},\"thumbnailUrl\":\"https:\/\/distribuidorpanelrey.com.mx\/wp-content\/uploads\/2024\/08\/PINTURA-VINILICA-PLUS-ULTRACOLOR-webp.webp\",\"datePublished\":\"2024-08-06T16:17:30+00:00\",\"dateModified\":\"2025-08-18T04:28:06+00:00\",\"description\":\"PINTURA VINILICA PLUS ULTRACOLOR, es una pintura vinil-acrIlica base agua de buen rendimiento y poder cubriente de acabado mate.\",\"breadcrumb\":{\"@id\":\"https:\/\/distribuidorpanelrey.com.mx\/producto\/pintura-vinilica-plus-ultracolor\/#breadcrumb\"},\"inLanguage\":\"es\",\"potentialAction\":[{\"@type\":\"ReadAction\",\"target\":[\"https:\/\/distribuidorpanelrey.com.mx\/producto\/pintura-vinilica-plus-ultracolor\/\"]}]},{\"@type\":\"ImageObject\",\"inLanguage\":\"es\",\"@id\":\"https:\/\/distribuidorpanelrey.com.mx\/producto\/pintura-vinilica-plus-ultracolor\/#primaryimage\",\"url\":\"https:\/\/distribuidorpanelrey.com.mx\/wp-content\/uploads\/2024\/08\/PINTURA-VINILICA-PLUS-ULTRACOLOR-webp.webp\",\"contentUrl\":\"https:\/\/distribuidorpanelrey.com.mx\/wp-content\/uploads\/2024\/08\/PINTURA-VINILICA-PLUS-ULTRACOLOR-webp.webp\",\"width\":300,\"height\":300,\"caption\":\"PINTURA VINILICA PLUS ULTRACOLOR\"},{\"@type\":\"BreadcrumbList\",\"@id\":\"https:\/\/distribuidorpanelrey.com.mx\/producto\/pintura-vinilica-plus-ultracolor\/#breadcrumb\",\"itemListElement\":[{\"@type\":\"ListItem\",\"position\":1,\"name\":\"Portada\",\"item\":\"https:\/\/distribuidorpanelrey.com.mx\/\"},{\"@type\":\"ListItem\",\"position\":2,\"name\":\"Productos\",\"item\":\"https:\/\/distribuidorpanelrey.com\/tienda\/\"},{\"@type\":\"ListItem\",\"position\":3,\"name\":\"PINTURA VINILICA PLUS ULTRACOLOR\"}]},{\"@type\":\"WebSite\",\"@id\":\"https:\/\/distribuidorpanelrey.com\/#website\",\"url\":\"https:\/\/distribuidorpanelrey.com\/\",\"name\":\"PANEL REY MEXICO\",\"description\":\"DISTRIBUIDOR PANEL REY\",\"publisher\":{\"@id\":\"https:\/\/distribuidorpanelrey.com\/#organization\"},\"alternateName\":\"DISTRIBUIDOR PANEL REY\",\"potentialAction\":[{\"@type\":\"SearchAction\",\"target\":{\"@type\":\"EntryPoint\",\"urlTemplate\":\"https:\/\/distribuidorpanelrey.com\/?s={search_term_string}\"},\"query-input\":{\"@type\":\"PropertyValueSpecification\",\"valueRequired\":true,\"valueName\":\"search_term_string\"}}],\"inLanguage\":\"es\"},{\"@type\":\"Organization\",\"@id\":\"https:\/\/distribuidorpanelrey.com\/#organization\",\"name\":\"PANEL REY MEXICO\",\"url\":\"https:\/\/distribuidorpanelrey.com\/\",\"logo\":{\"@type\":\"ImageObject\",\"inLanguage\":\"es\",\"@id\":\"https:\/\/distribuidorpanelrey.com\/#\/schema\/logo\/image\/\",\"url\":\"https:\/\/distribuidorpanelrey.com.mx\/wp-content\/uploads\/2023\/11\/panelrey.webp\",\"contentUrl\":\"https:\/\/distribuidorpanelrey.com.mx\/wp-content\/uploads\/2023\/11\/panelrey.webp\",\"width\":400,\"height\":150,\"caption\":\"PANEL REY MEXICO\"},\"image\":{\"@id\":\"https:\/\/distribuidorpanelrey.com\/#\/schema\/logo\/image\/\"},\"sameAs\":[\"https:\/\/www.facebook.com\/mexicopanelrey\/?locale=es_LA\",\"https:\/\/www.instagram.com\/panel_rey_mexico\/?hl=es\"]}]}<\/script>\n<!-- \/ Yoast SEO plugin. -->","yoast_head_json":{"title":"PINTURA VINILICA PLUS ULTRACOLOR - PANEL REY MEXICO","description":"PINTURA VINILICA PLUS ULTRACOLOR, es una pintura vinil-acrIlica base agua de buen rendimiento y poder cubriente de acabado mate.","robots":{"index":"index","follow":"follow","max-snippet":"max-snippet:-1","max-image-preview":"max-image-preview:large","max-video-preview":"max-video-preview:-1"},"canonical":"https:\/\/distribuidorpanelrey.com.mx\/producto\/pintura-vinilica-plus-ultracolor\/","og_locale":"es_ES","og_type":"article","og_title":"PINTURA VINILICA PLUS ULTRACOLOR - PANEL REY MEXICO","og_description":"PINTURA VINILICA PLUS ULTRACOLOR, es una pintura vinil-acrIlica base agua de buen rendimiento y poder cubriente de acabado mate.","og_url":"https:\/\/distribuidorpanelrey.com.mx\/producto\/pintura-vinilica-plus-ultracolor\/","og_site_name":"PANEL REY MEXICO","article_publisher":"https:\/\/www.facebook.com\/mexicopanelrey\/?locale=es_LA","article_modified_time":"2025-08-18T04:28:06+00:00","og_image":[{"width":300,"height":300,"url":"https:\/\/distribuidorpanelrey.com.mx\/wp-content\/uploads\/2024\/08\/PINTURA-VINILICA-PLUS-ULTRACOLOR-webp.webp","type":"image\/webp"}],"twitter_card":"summary_large_image","twitter_misc":{"Tiempo de lectura":"4 minutos"},"schema":{"@context":"https:\/\/schema.org","@graph":[{"@type":"WebPage","@id":"https:\/\/distribuidorpanelrey.com.mx\/producto\/pintura-vinilica-plus-ultracolor\/","url":"https:\/\/distribuidorpanelrey.com.mx\/producto\/pintura-vinilica-plus-ultracolor\/","name":"PINTURA VINILICA PLUS ULTRACOLOR - PANEL REY MEXICO","isPartOf":{"@id":"https:\/\/distribuidorpanelrey.com\/#website"},"primaryImageOfPage":{"@id":"https:\/\/distribuidorpanelrey.com.mx\/producto\/pintura-vinilica-plus-ultracolor\/#primaryimage"},"image":{"@id":"https:\/\/distribuidorpanelrey.com.mx\/producto\/pintura-vinilica-plus-ultracolor\/#primaryimage"},"thumbnailUrl":"https:\/\/distribuidorpanelrey.com.mx\/wp-content\/uploads\/2024\/08\/PINTURA-VINILICA-PLUS-ULTRACOLOR-webp.webp","datePublished":"2024-08-06T16:17:30+00:00","dateModified":"2025-08-18T04:28:06+00:00","description":"PINTURA VINILICA PLUS ULTRACOLOR, es una pintura vinil-acrIlica base agua de buen rendimiento y poder cubriente de acabado mate.","breadcrumb":{"@id":"https:\/\/distribuidorpanelrey.com.mx\/producto\/pintura-vinilica-plus-ultracolor\/#breadcrumb"},"inLanguage":"es","potentialAction":[{"@type":"ReadAction","target":["https:\/\/distribuidorpanelrey.com.mx\/producto\/pintura-vinilica-plus-ultracolor\/"]}]},{"@type":"ImageObject","inLanguage":"es","@id":"https:\/\/distribuidorpanelrey.com.mx\/producto\/pintura-vinilica-plus-ultracolor\/#primaryimage","url":"https:\/\/distribuidorpanelrey.com.mx\/wp-content\/uploads\/2024\/08\/PINTURA-VINILICA-PLUS-ULTRACOLOR-webp.webp","contentUrl":"https:\/\/distribuidorpanelrey.com.mx\/wp-content\/uploads\/2024\/08\/PINTURA-VINILICA-PLUS-ULTRACOLOR-webp.webp","width":300,"height":300,"caption":"PINTURA VINILICA PLUS ULTRACOLOR"},{"@type":"BreadcrumbList","@id":"https:\/\/distribuidorpanelrey.com.mx\/producto\/pintura-vinilica-plus-ultracolor\/#breadcrumb","itemListElement":[{"@type":"ListItem","position":1,"name":"Portada","item":"https:\/\/distribuidorpanelrey.com.mx\/"},{"@type":"ListItem","position":2,"name":"Productos","item":"https:\/\/distribuidorpanelrey.com\/tienda\/"},{"@type":"ListItem","position":3,"name":"PINTURA VINILICA PLUS ULTRACOLOR"}]},{"@type":"WebSite","@id":"https:\/\/distribuidorpanelrey.com\/#website","url":"https:\/\/distribuidorpanelrey.com\/","name":"PANEL REY MEXICO","description":"DISTRIBUIDOR PANEL REY","publisher":{"@id":"https:\/\/distribuidorpanelrey.com\/#organization"},"alternateName":"DISTRIBUIDOR PANEL REY","potentialAction":[{"@type":"SearchAction","target":{"@type":"EntryPoint","urlTemplate":"https:\/\/distribuidorpanelrey.com\/?s={search_term_string}"},"query-input":{"@type":"PropertyValueSpecification","valueRequired":true,"valueName":"search_term_string"}}],"inLanguage":"es"},{"@type":"Organization","@id":"https:\/\/distribuidorpanelrey.com\/#organization","name":"PANEL REY MEXICO","url":"https:\/\/distribuidorpanelrey.com\/","logo":{"@type":"ImageObject","inLanguage":"es","@id":"https:\/\/distribuidorpanelrey.com\/#\/schema\/logo\/image\/","url":"https:\/\/distribuidorpanelrey.com.mx\/wp-content\/uploads\/2023\/11\/panelrey.webp","contentUrl":"https:\/\/distribuidorpanelrey.com.mx\/wp-content\/uploads\/2023\/11\/panelrey.webp","width":400,"height":150,"caption":"PANEL REY MEXICO"},"image":{"@id":"https:\/\/distribuidorpanelrey.com\/#\/schema\/logo\/image\/"},"sameAs":["https:\/\/www.facebook.com\/mexicopanelrey\/?locale=es_LA","https:\/\/www.instagram.com\/panel_rey_mexico\/?hl=es"]}]}},"_links":{"self":[{"href":"https:\/\/distribuidorpanelrey.com.mx\/wp-json\/wp\/v2\/product\/3186","targetHints":{"allow":["GET"]}}],"collection":[{"href":"https:\/\/distribuidorpanelrey.com.mx\/wp-json\/wp\/v2\/product"}],"about":[{"href":"https:\/\/distribuidorpanelrey.com.mx\/wp-json\/wp\/v2\/types\/product"}],"replies":[{"embeddable":true,"href":"https:\/\/distribuidorpanelrey.com.mx\/wp-json\/wp\/v2\/comments?post=3186"}],"version-history":[{"count":3,"href":"https:\/\/distribuidorpanelrey.com.mx\/wp-json\/wp\/v2\/product\/3186\/revisions"}],"predecessor-version":[{"id":4267,"href":"https:\/\/distribuidorpanelrey.com.mx\/wp-json\/wp\/v2\/product\/3186\/revisions\/4267"}],"wp:featuredmedia":[{"embeddable":true,"href":"https:\/\/distribuidorpanelrey.com.mx\/wp-json\/wp\/v2\/media\/3187"}],"wp:attachment":[{"href":"https:\/\/distribuidorpanelrey.com.mx\/wp-json\/wp\/v2\/media?parent=3186"}],"wp:term":[{"taxonomy":"product_brand","embeddable":true,"href":"https:\/\/distribuidorpanelrey.com.mx\/wp-json\/wp\/v2\/product_brand?post=3186"},{"taxonomy":"product_cat","embeddable":true,"href":"https:\/\/distribuidorpanelrey.com.mx\/wp-json\/wp\/v2\/product_cat?post=3186"},{"taxonomy":"product_tag","embeddable":true,"href":"https:\/\/distribuidorpanelrey.com.mx\/wp-json\/wp\/v2\/product_tag?post=3186"}],"curies":[{"name":"wp","href":"https:\/\/api.w.org\/{rel}","templated":true}]}}