{"id":3233,"date":"2024-08-06T16:12:24","date_gmt":"2024-08-06T16:12:24","guid":{"rendered":"https:\/\/distribuidorpanelrey.com.mx\/?post_type=product&#038;p=3233"},"modified":"2025-07-21T14:41:12","modified_gmt":"2025-07-21T14:41:12","slug":"ultracolor-imper-fibratado-5-anos","status":"publish","type":"product","link":"https:\/\/distribuidorpanelrey.com.mx\/producto\/ultracolor-imper-fibratado-5-anos\/","title":{"rendered":"ULTRACOLOR IMPER FIBRATADO 5 A\u00d1OS"},"content":{"rendered":"<h2>ULTRACOLOR IMPER FIBRATADO 5 A\u00d1OS<\/h2>\n<p>ULTRACOLOR IMPER FIBRATADO 5 A\u00d1OS<\/p>\n<table width=\"\">\n<tbody>\n<tr>\n<td>\n<h3><strong>Descripci\u00f3n:<\/strong><\/h3>\n<\/td>\n<td>ULTRACOLOR IMPER FIBRATADO 5 A\u00d1OS Emulsi\u00f3n de consistencia pastosa, compuesta de resinas\u00a0 acr\u00edlicas de buena elasticidad, que forma una carpeta auto adherible e impermeable de alta calidad y reforzado con hule\u00a0 de llanta que le da resistencia al desgaste y poder antiderrapante para que se pueda caminar sin\u00a0 ning\u00fan problema. Alta adhesi\u00f3n a los sustratos. Contribuye al\u00a0 medio ambiente al usar material de reciclo,manteniendo las\u00a0 propiedades de un impermeabilizante acr\u00edlico.<\/td>\n<\/tr>\n<tr>\n<td><strong>Caracter\u00edsticas.\u00a0<\/strong><\/td>\n<td>\u2022Tipo: Acr\u00edlico Modificada.<br \/>\n\u2022Color: Blanco Gris\u00e1ceo y Rojo<br \/>\n\u2022Acabado : Mate.<br \/>\n\u2022S\u00f3lidos Por Peso (%) : 47\u2013 53 Astm D 1644<br \/>\n\u2022S\u00f3lidos Por Volumen (%) : 38 \u201341Astm D 2697<br \/>\n\u2022Viscosidad : 115-130 Ku Astm D 562<br \/>\n\u2022Densidad (G\/Ml) : 1.15- 1.25 Astm D 1475<br \/>\n\u2022Blancura Tri Estimulo Blanco Grisaceo : M\u00ednimo 50 %<br \/>\n\u2022Voc (G\/L) : 25 (Calculado Por F\u00f3rmula)<\/td>\n<\/tr>\n<tr>\n<td>\n<h4><strong>Uso Recomendado:<\/strong><\/h4>\n<\/td>\n<td>Como impermeabilizante \u00fanico en superficies horizontalesmonol\u00edticas que presentan tr\u00e1fico peatonal ligero, as\u00ed como en estructuras verticales de concreto o similares<br \/>\nComo recubrimiento regenerador y protector de impermeabilizaciones asf\u00e1lticas colocadas anteriormente. Se emplea para impermeabilizar y protector reflectivoen edificios, residencias, comercios, industrias, oficinas, hoteles, etc.<br \/>\nComo acabado de alta durabilidad en sistemas impermeables con aislamiento t\u00e9rmico basado en espuma de poliuretano. Como sistema preventivo en azoteas para evitar alguna ca\u00edda ocasionado por el derrape en superficies muy lisas.<\/td>\n<\/tr>\n<tr>\n<td>\n<h4><strong>Indicaciones sobre el mezclado:\u00a0<\/strong><\/h4>\n<\/td>\n<td>Se recomienda mezclar bien antes de aplicarse y\u00a0 ocasionalmente durante su uso.<\/td>\n<\/tr>\n<tr>\n<td>\n<h4><strong>Diluci\u00f3n:\u00a0<\/strong><\/h4>\n<\/td>\n<td>S\u00f3lo se recomienda como sellador, diluyendo con agua en\u00a0 proporci\u00f3n a 4 partes de agua y una de Ultracolor\u00a0 Impermeabilizante Reciclado de Llanta.<\/td>\n<\/tr>\n<tr>\n<td>\n<h4><strong>Preparaci\u00f3n de la superficie:\u00a0<\/strong><\/h4>\n<\/td>\n<td>La superficie debe estar limpia, libre de polvo, grasa,part\u00edculas sueltas o mal adheridas.<br \/>\nResane con un Sellador Acr\u00edlico o Sellador de Poliuretano, las fisuras o grietas que presente la superficie. En caso de alta humedad se recomienda resanar.<\/td>\n<\/tr>\n<tr>\n<td>\n<h4><strong>Aplicaci\u00f3n:<\/strong><\/h4>\n<\/td>\n<td>Para facilitar el trabajo: Humedezca ligeramente la superficie durante aplicaci\u00f3n; utilice cepillo de cerda o de ixtle.<br \/>\nAplicaci\u00f3n sobre diferentes superficies:A)Superficies porosas sin impermeabilizaci\u00f3n:Utilice Ultracolor Sellador para Impermeabilizante y aplique una capa a raz\u00f3n de 4 a 6 m2 por litro, (se crea un sistema con garant\u00eda de 4 a\u00f1os).Diluya con agua en proporci\u00f3n de 4 partes de agua y una de ULTRACOLOR IMPER RECICLADO BLANCO GRIS\u00c1CEO, aplique una capa a raz\u00f3n de 4 a 5 m2 por litro de diluci\u00f3n, (se crea un sistema con garant\u00eda de 3 a\u00f1os). dejar secar 4 horas.Primera mano: Aplique sin diluir una capa formada con 1 litro por cada 2 m2 en un solo sentido. Deje secar al menos 24 horas en condiciones normales de aplicaci\u00f3n. A baja temperatura cercana 15 \u00b0C y alta humedad el tiempo de secado puede verse incrementado.Segunda mano: Aplique igual a la primera mano, pero en sentido cruzado. Deje secar 24 horas entre mano y mano.En caso de que se presente mucha irregularidad en la superficie, (superficie rugosa,\u00e1spera,), ser\u00e1 necesario aplicar una tercera mano adicional diluyendo el producto al 50% con agua, con el objetivo de cubrir todas las peque\u00f1as imperfecciones generadas por la irregularidad de la<br \/>\nsuperficie.<\/td>\n<\/tr>\n<\/tbody>\n<\/table>\n<p style=\"text-align: center;\">En\u00a0<strong data-start=\"82\" data-end=\"115\">Distribuidor Panel Rey M\u00e9xico<\/strong>\u00a0encuentras calidad y confianza en productos <strong>ULTRACOLOR<\/strong>.<br data-start=\"173\" data-end=\"176\" \/><img decoding=\"async\" class=\"emoji\" role=\"img\" draggable=\"false\" src=\"https:\/\/s.w.org\/images\/core\/emoji\/16.0.1\/svg\/2705.svg\" alt=\"\u2705\" \/>\u00a0Env\u00edos a toda la Rep\u00fablica Mexicana. \u00a1Pregunta por nuestras promociones vigentes!<br data-start=\"259\" data-end=\"262\" data-is-only-node=\"\" \/><img decoding=\"async\" class=\"emoji\" role=\"img\" draggable=\"false\" src=\"https:\/\/s.w.org\/images\/core\/emoji\/16.0.1\/svg\/2705.svg\" alt=\"\u2705\" \/>\u00a0Todos los precios incluyen IVA (sujetos a cambio sin previo aviso).<br data-start=\"331\" data-end=\"334\" \/><img decoding=\"async\" class=\"emoji\" role=\"img\" draggable=\"false\" src=\"https:\/\/s.w.org\/images\/core\/emoji\/16.0.1\/svg\/2705.svg\" alt=\"\u2705\" \/>\u00a0Im\u00e1genes ilustrativas, el producto final puede presentar ligeras variaciones.<br data-start=\"413\" data-end=\"416\" \/><img decoding=\"async\" class=\"emoji\" role=\"img\" draggable=\"false\" src=\"https:\/\/s.w.org\/images\/core\/emoji\/16.0.1\/svg\/1f4ac.svg\" alt=\"\ud83d\udcac\" \/>\u00a0\u00bfTienes dudas? Escr\u00edbenos por\u00a0<a href=\"https:\/\/www.facebook.com\/mexicopanelrey\">Facebook<\/a>\u00a0o\u00a0<a href=\"https:\/\/www.instagram.com\/panel_rey_mexico\/\">Instagram<\/a>.<br data-start=\"470\" data-end=\"473\" \/><img decoding=\"async\" class=\"emoji\" role=\"img\" draggable=\"false\" src=\"https:\/\/s.w.org\/images\/core\/emoji\/16.0.1\/svg\/1f4de.svg\" alt=\"\ud83d\udcde\" \/>\u00a0Tel:\u00a0<a href=\"tel:55 7397 6243\">55 7397 6243<\/a>\u00a0| WhatsApp:\u00a0<a href=\"https:\/\/api.whatsapp.com\/send?phone=525573976243\">5573976243<\/a><br data-start=\"518\" data-end=\"521\" \/><img decoding=\"async\" class=\"emoji\" role=\"img\" draggable=\"false\" src=\"https:\/\/s.w.org\/images\/core\/emoji\/16.0.1\/svg\/1f4e7.svg\" alt=\"\ud83d\udce7\" \/>\u00a0<a class=\"cursor-pointer\" href=\"mailto:ventas@distribuidorpanelrey.com\" rel=\"noopener\" data-start=\"524\" data-end=\"555\">ventas@distribuidorpanelrey.com<\/a><\/p>\n","protected":false},"excerpt":{"rendered":"<h4 style=\"text-align: center;\">Env\u00edos de 24 a 48 hr CDMX Y EDO MEX<\/h4>\n<p style=\"text-align: center;\">Rese\u00f1as\u00a0\u2605\u2605\u2605\u2605\u2605\u00a0 Env\u00edos Garantizados<\/p>\n<h4 style=\"text-align: center;\">\ud83d\udd25LOS MEJORES PRECIOS \ud83d\udd25<\/h4>\n","protected":false},"featured_media":3236,"comment_status":"closed","ping_status":"closed","template":"","meta":[],"product_brand":[569],"product_cat":[353],"product_tag":[],"class_list":{"0":"post-3233","1":"product","2":"type-product","3":"status-publish","4":"has-post-thumbnail","6":"product_brand-ultracolor","7":"product_cat-pintura-y-accesorios","9":"first","10":"instock","11":"shipping-taxable","12":"purchasable","13":"product-type-variable"},"yoast_head":"<!-- This site is optimized with the Yoast SEO plugin v27.1.1 - https:\/\/yoast.com\/product\/yoast-seo-wordpress\/ -->\n<title>ULTRACOLOR IMPER FIBRATADO 5 A\u00d1OS<\/title>\n<meta name=\"description\" content=\"ULTRACOLOR IMPER FIBRATADO 5 A\u00d1OS es un recubrimiento impermeabilizante dise\u00f1ado para proteger superficies de la humedad y el agua.\" \/>\n<meta name=\"robots\" content=\"index, follow, max-snippet:-1, max-image-preview:large, max-video-preview:-1\" \/>\n<link rel=\"canonical\" href=\"https:\/\/distribuidorpanelrey.com.mx\/producto\/ultracolor-imper-fibratado-5-anos\/\" \/>\n<meta property=\"og:locale\" content=\"es_ES\" \/>\n<meta property=\"og:type\" content=\"article\" \/>\n<meta property=\"og:title\" content=\"ULTRACOLOR IMPER FIBRATADO 5 A\u00d1OS\" \/>\n<meta property=\"og:description\" content=\"ULTRACOLOR IMPER FIBRATADO 5 A\u00d1OS es un recubrimiento impermeabilizante dise\u00f1ado para proteger superficies de la humedad y el agua.\" \/>\n<meta property=\"og:url\" content=\"https:\/\/distribuidorpanelrey.com.mx\/producto\/ultracolor-imper-fibratado-5-anos\/\" \/>\n<meta property=\"og:site_name\" content=\"PANEL REY MEXICO\" \/>\n<meta property=\"article:publisher\" content=\"https:\/\/www.facebook.com\/mexicopanelrey\/?locale=es_LA\" \/>\n<meta property=\"article:modified_time\" content=\"2025-07-21T14:41:12+00:00\" \/>\n<meta property=\"og:image\" content=\"https:\/\/distribuidorpanelrey.com.mx\/wp-content\/uploads\/2024\/08\/ULTRACOLOR-IMPER-FIBRATADO-5-ANOS.webp\" \/>\n\t<meta property=\"og:image:width\" content=\"300\" \/>\n\t<meta property=\"og:image:height\" content=\"300\" \/>\n\t<meta property=\"og:image:type\" content=\"image\/webp\" \/>\n<meta name=\"twitter:card\" content=\"summary_large_image\" \/>\n<meta name=\"twitter:label1\" content=\"Tiempo de lectura\" \/>\n\t<meta name=\"twitter:data1\" content=\"4 minutos\" \/>\n<script type=\"application\/ld+json\" class=\"yoast-schema-graph\">{\"@context\":\"https:\/\/schema.org\",\"@graph\":[{\"@type\":\"WebPage\",\"@id\":\"https:\/\/distribuidorpanelrey.com.mx\/producto\/ultracolor-imper-fibratado-5-anos\/\",\"url\":\"https:\/\/distribuidorpanelrey.com.mx\/producto\/ultracolor-imper-fibratado-5-anos\/\",\"name\":\"ULTRACOLOR IMPER FIBRATADO 5 A\u00d1OS\",\"isPartOf\":{\"@id\":\"https:\/\/distribuidorpanelrey.com\/#website\"},\"primaryImageOfPage\":{\"@id\":\"https:\/\/distribuidorpanelrey.com.mx\/producto\/ultracolor-imper-fibratado-5-anos\/#primaryimage\"},\"image\":{\"@id\":\"https:\/\/distribuidorpanelrey.com.mx\/producto\/ultracolor-imper-fibratado-5-anos\/#primaryimage\"},\"thumbnailUrl\":\"https:\/\/distribuidorpanelrey.com.mx\/wp-content\/uploads\/2024\/08\/ULTRACOLOR-IMPER-FIBRATADO-5-ANOS.webp\",\"datePublished\":\"2024-08-06T16:12:24+00:00\",\"dateModified\":\"2025-07-21T14:41:12+00:00\",\"description\":\"ULTRACOLOR IMPER FIBRATADO 5 A\u00d1OS es un recubrimiento impermeabilizante dise\u00f1ado para proteger superficies de la humedad y el agua.\",\"breadcrumb\":{\"@id\":\"https:\/\/distribuidorpanelrey.com.mx\/producto\/ultracolor-imper-fibratado-5-anos\/#breadcrumb\"},\"inLanguage\":\"es\",\"potentialAction\":[{\"@type\":\"ReadAction\",\"target\":[\"https:\/\/distribuidorpanelrey.com.mx\/producto\/ultracolor-imper-fibratado-5-anos\/\"]}]},{\"@type\":\"ImageObject\",\"inLanguage\":\"es\",\"@id\":\"https:\/\/distribuidorpanelrey.com.mx\/producto\/ultracolor-imper-fibratado-5-anos\/#primaryimage\",\"url\":\"https:\/\/distribuidorpanelrey.com.mx\/wp-content\/uploads\/2024\/08\/ULTRACOLOR-IMPER-FIBRATADO-5-ANOS.webp\",\"contentUrl\":\"https:\/\/distribuidorpanelrey.com.mx\/wp-content\/uploads\/2024\/08\/ULTRACOLOR-IMPER-FIBRATADO-5-ANOS.webp\",\"width\":300,\"height\":300,\"caption\":\"ULTRACOLOR IMPER FIBRATADO 5 A\u00d1OS\"},{\"@type\":\"BreadcrumbList\",\"@id\":\"https:\/\/distribuidorpanelrey.com.mx\/producto\/ultracolor-imper-fibratado-5-anos\/#breadcrumb\",\"itemListElement\":[{\"@type\":\"ListItem\",\"position\":1,\"name\":\"Portada\",\"item\":\"https:\/\/distribuidorpanelrey.com.mx\/\"},{\"@type\":\"ListItem\",\"position\":2,\"name\":\"Productos\",\"item\":\"https:\/\/distribuidorpanelrey.com\/tienda\/\"},{\"@type\":\"ListItem\",\"position\":3,\"name\":\"ULTRACOLOR IMPER FIBRATADO 5 A\u00d1OS\"}]},{\"@type\":\"WebSite\",\"@id\":\"https:\/\/distribuidorpanelrey.com\/#website\",\"url\":\"https:\/\/distribuidorpanelrey.com\/\",\"name\":\"PANEL REY MEXICO\",\"description\":\"DISTRIBUIDOR PANEL REY\",\"publisher\":{\"@id\":\"https:\/\/distribuidorpanelrey.com\/#organization\"},\"alternateName\":\"DISTRIBUIDOR PANEL REY\",\"potentialAction\":[{\"@type\":\"SearchAction\",\"target\":{\"@type\":\"EntryPoint\",\"urlTemplate\":\"https:\/\/distribuidorpanelrey.com\/?s={search_term_string}\"},\"query-input\":{\"@type\":\"PropertyValueSpecification\",\"valueRequired\":true,\"valueName\":\"search_term_string\"}}],\"inLanguage\":\"es\"},{\"@type\":\"Organization\",\"@id\":\"https:\/\/distribuidorpanelrey.com\/#organization\",\"name\":\"PANEL REY MEXICO\",\"url\":\"https:\/\/distribuidorpanelrey.com\/\",\"logo\":{\"@type\":\"ImageObject\",\"inLanguage\":\"es\",\"@id\":\"https:\/\/distribuidorpanelrey.com\/#\/schema\/logo\/image\/\",\"url\":\"https:\/\/distribuidorpanelrey.com.mx\/wp-content\/uploads\/2023\/11\/panelrey.webp\",\"contentUrl\":\"https:\/\/distribuidorpanelrey.com.mx\/wp-content\/uploads\/2023\/11\/panelrey.webp\",\"width\":400,\"height\":150,\"caption\":\"PANEL REY MEXICO\"},\"image\":{\"@id\":\"https:\/\/distribuidorpanelrey.com\/#\/schema\/logo\/image\/\"},\"sameAs\":[\"https:\/\/www.facebook.com\/mexicopanelrey\/?locale=es_LA\",\"https:\/\/www.instagram.com\/panel_rey_mexico\/?hl=es\"]}]}<\/script>\n<!-- \/ Yoast SEO plugin. -->","yoast_head_json":{"title":"ULTRACOLOR IMPER FIBRATADO 5 A\u00d1OS","description":"ULTRACOLOR IMPER FIBRATADO 5 A\u00d1OS es un recubrimiento impermeabilizante dise\u00f1ado para proteger superficies de la humedad y el agua.","robots":{"index":"index","follow":"follow","max-snippet":"max-snippet:-1","max-image-preview":"max-image-preview:large","max-video-preview":"max-video-preview:-1"},"canonical":"https:\/\/distribuidorpanelrey.com.mx\/producto\/ultracolor-imper-fibratado-5-anos\/","og_locale":"es_ES","og_type":"article","og_title":"ULTRACOLOR IMPER FIBRATADO 5 A\u00d1OS","og_description":"ULTRACOLOR IMPER FIBRATADO 5 A\u00d1OS es un recubrimiento impermeabilizante dise\u00f1ado para proteger superficies de la humedad y el agua.","og_url":"https:\/\/distribuidorpanelrey.com.mx\/producto\/ultracolor-imper-fibratado-5-anos\/","og_site_name":"PANEL REY MEXICO","article_publisher":"https:\/\/www.facebook.com\/mexicopanelrey\/?locale=es_LA","article_modified_time":"2025-07-21T14:41:12+00:00","og_image":[{"width":300,"height":300,"url":"https:\/\/distribuidorpanelrey.com.mx\/wp-content\/uploads\/2024\/08\/ULTRACOLOR-IMPER-FIBRATADO-5-ANOS.webp","type":"image\/webp"}],"twitter_card":"summary_large_image","twitter_misc":{"Tiempo de lectura":"4 minutos"},"schema":{"@context":"https:\/\/schema.org","@graph":[{"@type":"WebPage","@id":"https:\/\/distribuidorpanelrey.com.mx\/producto\/ultracolor-imper-fibratado-5-anos\/","url":"https:\/\/distribuidorpanelrey.com.mx\/producto\/ultracolor-imper-fibratado-5-anos\/","name":"ULTRACOLOR IMPER FIBRATADO 5 A\u00d1OS","isPartOf":{"@id":"https:\/\/distribuidorpanelrey.com\/#website"},"primaryImageOfPage":{"@id":"https:\/\/distribuidorpanelrey.com.mx\/producto\/ultracolor-imper-fibratado-5-anos\/#primaryimage"},"image":{"@id":"https:\/\/distribuidorpanelrey.com.mx\/producto\/ultracolor-imper-fibratado-5-anos\/#primaryimage"},"thumbnailUrl":"https:\/\/distribuidorpanelrey.com.mx\/wp-content\/uploads\/2024\/08\/ULTRACOLOR-IMPER-FIBRATADO-5-ANOS.webp","datePublished":"2024-08-06T16:12:24+00:00","dateModified":"2025-07-21T14:41:12+00:00","description":"ULTRACOLOR IMPER FIBRATADO 5 A\u00d1OS es un recubrimiento impermeabilizante dise\u00f1ado para proteger superficies de la humedad y el agua.","breadcrumb":{"@id":"https:\/\/distribuidorpanelrey.com.mx\/producto\/ultracolor-imper-fibratado-5-anos\/#breadcrumb"},"inLanguage":"es","potentialAction":[{"@type":"ReadAction","target":["https:\/\/distribuidorpanelrey.com.mx\/producto\/ultracolor-imper-fibratado-5-anos\/"]}]},{"@type":"ImageObject","inLanguage":"es","@id":"https:\/\/distribuidorpanelrey.com.mx\/producto\/ultracolor-imper-fibratado-5-anos\/#primaryimage","url":"https:\/\/distribuidorpanelrey.com.mx\/wp-content\/uploads\/2024\/08\/ULTRACOLOR-IMPER-FIBRATADO-5-ANOS.webp","contentUrl":"https:\/\/distribuidorpanelrey.com.mx\/wp-content\/uploads\/2024\/08\/ULTRACOLOR-IMPER-FIBRATADO-5-ANOS.webp","width":300,"height":300,"caption":"ULTRACOLOR IMPER FIBRATADO 5 A\u00d1OS"},{"@type":"BreadcrumbList","@id":"https:\/\/distribuidorpanelrey.com.mx\/producto\/ultracolor-imper-fibratado-5-anos\/#breadcrumb","itemListElement":[{"@type":"ListItem","position":1,"name":"Portada","item":"https:\/\/distribuidorpanelrey.com.mx\/"},{"@type":"ListItem","position":2,"name":"Productos","item":"https:\/\/distribuidorpanelrey.com\/tienda\/"},{"@type":"ListItem","position":3,"name":"ULTRACOLOR IMPER FIBRATADO 5 A\u00d1OS"}]},{"@type":"WebSite","@id":"https:\/\/distribuidorpanelrey.com\/#website","url":"https:\/\/distribuidorpanelrey.com\/","name":"PANEL REY MEXICO","description":"DISTRIBUIDOR PANEL REY","publisher":{"@id":"https:\/\/distribuidorpanelrey.com\/#organization"},"alternateName":"DISTRIBUIDOR PANEL REY","potentialAction":[{"@type":"SearchAction","target":{"@type":"EntryPoint","urlTemplate":"https:\/\/distribuidorpanelrey.com\/?s={search_term_string}"},"query-input":{"@type":"PropertyValueSpecification","valueRequired":true,"valueName":"search_term_string"}}],"inLanguage":"es"},{"@type":"Organization","@id":"https:\/\/distribuidorpanelrey.com\/#organization","name":"PANEL REY MEXICO","url":"https:\/\/distribuidorpanelrey.com\/","logo":{"@type":"ImageObject","inLanguage":"es","@id":"https:\/\/distribuidorpanelrey.com\/#\/schema\/logo\/image\/","url":"https:\/\/distribuidorpanelrey.com.mx\/wp-content\/uploads\/2023\/11\/panelrey.webp","contentUrl":"https:\/\/distribuidorpanelrey.com.mx\/wp-content\/uploads\/2023\/11\/panelrey.webp","width":400,"height":150,"caption":"PANEL REY MEXICO"},"image":{"@id":"https:\/\/distribuidorpanelrey.com\/#\/schema\/logo\/image\/"},"sameAs":["https:\/\/www.facebook.com\/mexicopanelrey\/?locale=es_LA","https:\/\/www.instagram.com\/panel_rey_mexico\/?hl=es"]}]}},"_links":{"self":[{"href":"https:\/\/distribuidorpanelrey.com.mx\/wp-json\/wp\/v2\/product\/3233","targetHints":{"allow":["GET"]}}],"collection":[{"href":"https:\/\/distribuidorpanelrey.com.mx\/wp-json\/wp\/v2\/product"}],"about":[{"href":"https:\/\/distribuidorpanelrey.com.mx\/wp-json\/wp\/v2\/types\/product"}],"replies":[{"embeddable":true,"href":"https:\/\/distribuidorpanelrey.com.mx\/wp-json\/wp\/v2\/comments?post=3233"}],"version-history":[{"count":6,"href":"https:\/\/distribuidorpanelrey.com.mx\/wp-json\/wp\/v2\/product\/3233\/revisions"}],"predecessor-version":[{"id":4272,"href":"https:\/\/distribuidorpanelrey.com.mx\/wp-json\/wp\/v2\/product\/3233\/revisions\/4272"}],"wp:featuredmedia":[{"embeddable":true,"href":"https:\/\/distribuidorpanelrey.com.mx\/wp-json\/wp\/v2\/media\/3236"}],"wp:attachment":[{"href":"https:\/\/distribuidorpanelrey.com.mx\/wp-json\/wp\/v2\/media?parent=3233"}],"wp:term":[{"taxonomy":"product_brand","embeddable":true,"href":"https:\/\/distribuidorpanelrey.com.mx\/wp-json\/wp\/v2\/product_brand?post=3233"},{"taxonomy":"product_cat","embeddable":true,"href":"https:\/\/distribuidorpanelrey.com.mx\/wp-json\/wp\/v2\/product_cat?post=3233"},{"taxonomy":"product_tag","embeddable":true,"href":"https:\/\/distribuidorpanelrey.com.mx\/wp-json\/wp\/v2\/product_tag?post=3233"}],"curies":[{"name":"wp","href":"https:\/\/api.w.org\/{rel}","templated":true}]}}