{"id":3262,"date":"2024-08-06T16:13:31","date_gmt":"2024-08-06T16:13:31","guid":{"rendered":"https:\/\/distribuidorpanelrey.com.mx\/?post_type=product&#038;p=3262"},"modified":"2025-08-18T04:28:08","modified_gmt":"2025-08-18T04:28:08","slug":"ultracolor-vin-contratos","status":"publish","type":"product","link":"https:\/\/distribuidorpanelrey.com.mx\/producto\/ultracolor-vin-contratos\/","title":{"rendered":"ULTRACOLOR VIN CONTRATOS"},"content":{"rendered":"<h2>ULTRACOLOR VIN CONTRATOS<\/h2>\n<p>&nbsp;<\/p>\n<p>La ULTRACOLOR VIN CONTRATOS <span style=\"font-size: 17px;\">es una pintura vinil-acr\u00edlica base agua de buen rendimiento y poder cubriente de acabado mate.<\/span><\/p>\n<p><span style=\"font-size: 17px;\">Ideal para pintado inicial o mantenimiento de exteriores para grandes superficies, la cual puede aplicarse mediante rodillo o brocha sobre superficies de yeso nuevas o repintadas, aplanados, muros de concreto, aplanados, entre otras. <\/span><\/p>\n<p><span style=\"font-size: 17px;\">Con mayor rendimiento y poder cubriente, mayor blancura y durabilidad. No desprende olores y no es inflamable. Adem\u00e1s, dispone de una resistencia a la formaci\u00f3n de algas y hongos.\u00a0<\/span><\/p>\n<p>&nbsp;<\/p>\n<h4>Instrucciones<\/h4>\n<p>Instrucciones de uso de la\u00a0 ULTRACOLOR VIN CONTRATOS<\/p>\n<ul>\n<li>Preparaci\u00f3n de la superficie:<br \/>\nLa superficie a pintar deber\u00e1 estar totalmente seca, limpia, libre de polvo, \u00f3xido, grasa, pintura mal adherida y toda clase de contaminantes. En el caso de sustratos de cemento y de yesos nuevos debe dejar curar la superficie un m\u00ednimo de 28 d\u00edas antes de aplicar la capa base y el recubrimiento, as\u00ed como asegurarse que el muro a recubrir no presente problemas de salitre o humedad.<\/li>\n<li>Preparaci\u00f3n de la pintura:<br \/>\nMezcle bien antes y ocasionalmente durante el uso. Cuando use m\u00e1s de un envase del mismo color, m\u00e9zclelos entre si antes de usarlos para uniformar el color.<\/li>\n<li>M\u00e9todo de aplicaci\u00f3n:<br \/>\nAplique sobre la superficie a pintar el sellador vinil-acr\u00edlico Ultracolor. Posteriormente aplique 2 manos uniformes de pintura, dejando secar entre mano y mano entre 1 a 2 horas. En su defecto esperar 24 horas para aplicar la segunda mano con el objeto de evitar \u00abcorrugado\u00bb. Se puede aplicar con rodillo, brocha o aspersi\u00f3n convencional.<\/li>\n<li>Almacenamiento del producto:<br \/>\nEn el envase original cerrado mantenerse en lugares secos y frescos y despu\u00e9s de su uso mant\u00e9ngase bien cerrado y fuera del alcance de los ni\u00f1os.<\/li>\n<\/ul>\n<p style=\"text-align: center;\">En\u00a0<strong data-start=\"82\" data-end=\"115\">Distribuidor Panel Rey M\u00e9xico<\/strong>\u00a0encuentras calidad y confianza en productos <strong>ULTRACOLOR<\/strong>.<br data-start=\"173\" data-end=\"176\" \/><img decoding=\"async\" class=\"emoji\" role=\"img\" draggable=\"false\" src=\"https:\/\/s.w.org\/images\/core\/emoji\/16.0.1\/svg\/2705.svg\" alt=\"\u2705\" \/>\u00a0Env\u00edos a toda la Rep\u00fablica Mexicana. \u00a1Pregunta por nuestras promociones vigentes!<br data-start=\"259\" data-end=\"262\" data-is-only-node=\"\" \/><img decoding=\"async\" class=\"emoji\" role=\"img\" draggable=\"false\" src=\"https:\/\/s.w.org\/images\/core\/emoji\/16.0.1\/svg\/2705.svg\" alt=\"\u2705\" \/>\u00a0Todos los precios incluyen IVA (sujetos a cambio sin previo aviso).<br data-start=\"331\" data-end=\"334\" \/><img decoding=\"async\" class=\"emoji\" role=\"img\" draggable=\"false\" src=\"https:\/\/s.w.org\/images\/core\/emoji\/16.0.1\/svg\/2705.svg\" alt=\"\u2705\" \/>\u00a0Im\u00e1genes ilustrativas, el producto final puede presentar ligeras variaciones.<br data-start=\"413\" data-end=\"416\" \/><img decoding=\"async\" class=\"emoji\" role=\"img\" draggable=\"false\" src=\"https:\/\/s.w.org\/images\/core\/emoji\/16.0.1\/svg\/1f4ac.svg\" alt=\"\ud83d\udcac\" \/>\u00a0\u00bfTienes dudas? Escr\u00edbenos por\u00a0<a href=\"https:\/\/www.facebook.com\/mexicopanelrey\">Facebook<\/a>\u00a0o\u00a0<a href=\"https:\/\/www.instagram.com\/panel_rey_mexico\/\">Instagram<\/a>.<br data-start=\"470\" data-end=\"473\" \/><img decoding=\"async\" class=\"emoji\" role=\"img\" draggable=\"false\" src=\"https:\/\/s.w.org\/images\/core\/emoji\/16.0.1\/svg\/1f4de.svg\" alt=\"\ud83d\udcde\" \/>\u00a0Tel:\u00a0<a href=\"tel:55 7397 6243\">55 7397 6243<\/a>\u00a0| WhatsApp:\u00a0<a href=\"https:\/\/api.whatsapp.com\/send?phone=525573976243\">5573976243<\/a><br data-start=\"518\" data-end=\"521\" \/><img decoding=\"async\" class=\"emoji\" role=\"img\" draggable=\"false\" src=\"https:\/\/s.w.org\/images\/core\/emoji\/16.0.1\/svg\/1f4e7.svg\" alt=\"\ud83d\udce7\" \/>\u00a0<a class=\"cursor-pointer\" href=\"mailto:ventas@distribuidorpanelrey.com\" rel=\"noopener\" data-start=\"524\" data-end=\"555\">ventas@distribuidorpanelrey.com<\/a><\/p>\n","protected":false},"excerpt":{"rendered":"<h4 style=\"text-align: center;\">Env\u00edos de 24 a 48 hr CDMX Y EDO MEX<\/h4>\n<p style=\"text-align: center;\">Rese\u00f1as\u00a0\u2605\u2605\u2605\u2605\u2605\u00a0 Env\u00edos Garantizados<\/p>\n<h4 style=\"text-align: center;\">\ud83d\udd25LOS MEJORES PRECIOS \ud83d\udd25<\/h4>\n","protected":false},"featured_media":3264,"comment_status":"closed","ping_status":"closed","template":"","meta":[],"product_brand":[569],"product_cat":[353],"product_tag":[],"class_list":{"0":"post-3262","1":"product","2":"type-product","3":"status-publish","4":"has-post-thumbnail","6":"product_brand-ultracolor","7":"product_cat-pintura-y-accesorios","9":"first","10":"instock","11":"shipping-taxable","12":"purchasable","13":"product-type-variable"},"yoast_head":"<!-- This site is optimized with the Yoast SEO plugin v27.1.1 - https:\/\/yoast.com\/product\/yoast-seo-wordpress\/ -->\n<title>ULTRACOLOR VIN CONTRATOS - PANEL REY MEXICO<\/title>\n<meta name=\"description\" content=\"La ULTRACOLOR VIN CONTRATOS es una pintura vinil-acr?lica base agua de buen rendimiento y poder cubriente de acabado mate.\" \/>\n<meta name=\"robots\" content=\"index, follow, max-snippet:-1, max-image-preview:large, max-video-preview:-1\" \/>\n<link rel=\"canonical\" href=\"https:\/\/distribuidorpanelrey.com.mx\/producto\/ultracolor-vin-contratos\/\" \/>\n<meta property=\"og:locale\" content=\"es_ES\" \/>\n<meta property=\"og:type\" content=\"article\" \/>\n<meta property=\"og:title\" content=\"ULTRACOLOR VIN CONTRATOS - PANEL REY MEXICO\" \/>\n<meta property=\"og:description\" content=\"La ULTRACOLOR VIN CONTRATOS es una pintura vinil-acr?lica base agua de buen rendimiento y poder cubriente de acabado mate.\" \/>\n<meta property=\"og:url\" content=\"https:\/\/distribuidorpanelrey.com.mx\/producto\/ultracolor-vin-contratos\/\" \/>\n<meta property=\"og:site_name\" content=\"PANEL REY MEXICO\" \/>\n<meta property=\"article:publisher\" content=\"https:\/\/www.facebook.com\/mexicopanelrey\/?locale=es_LA\" \/>\n<meta property=\"article:modified_time\" content=\"2025-08-18T04:28:08+00:00\" \/>\n<meta property=\"og:image\" content=\"https:\/\/distribuidorpanelrey.com.mx\/wp-content\/uploads\/2024\/08\/ULTRACOLOR-VIN-CONTRATOS.webp\" \/>\n\t<meta property=\"og:image:width\" content=\"300\" \/>\n\t<meta property=\"og:image:height\" content=\"300\" \/>\n\t<meta property=\"og:image:type\" content=\"image\/webp\" \/>\n<meta name=\"twitter:card\" content=\"summary_large_image\" \/>\n<meta name=\"twitter:label1\" content=\"Tiempo de lectura\" \/>\n\t<meta name=\"twitter:data1\" content=\"3 minutos\" \/>\n<script type=\"application\/ld+json\" class=\"yoast-schema-graph\">{\"@context\":\"https:\/\/schema.org\",\"@graph\":[{\"@type\":\"WebPage\",\"@id\":\"https:\/\/distribuidorpanelrey.com.mx\/producto\/ultracolor-vin-contratos\/\",\"url\":\"https:\/\/distribuidorpanelrey.com.mx\/producto\/ultracolor-vin-contratos\/\",\"name\":\"ULTRACOLOR VIN CONTRATOS - PANEL REY MEXICO\",\"isPartOf\":{\"@id\":\"https:\/\/distribuidorpanelrey.com\/#website\"},\"primaryImageOfPage\":{\"@id\":\"https:\/\/distribuidorpanelrey.com.mx\/producto\/ultracolor-vin-contratos\/#primaryimage\"},\"image\":{\"@id\":\"https:\/\/distribuidorpanelrey.com.mx\/producto\/ultracolor-vin-contratos\/#primaryimage\"},\"thumbnailUrl\":\"https:\/\/distribuidorpanelrey.com.mx\/wp-content\/uploads\/2024\/08\/ULTRACOLOR-VIN-CONTRATOS.webp\",\"datePublished\":\"2024-08-06T16:13:31+00:00\",\"dateModified\":\"2025-08-18T04:28:08+00:00\",\"description\":\"La ULTRACOLOR VIN CONTRATOS es una pintura vinil-acr?lica base agua de buen rendimiento y poder cubriente de acabado mate.\",\"breadcrumb\":{\"@id\":\"https:\/\/distribuidorpanelrey.com.mx\/producto\/ultracolor-vin-contratos\/#breadcrumb\"},\"inLanguage\":\"es\",\"potentialAction\":[{\"@type\":\"ReadAction\",\"target\":[\"https:\/\/distribuidorpanelrey.com.mx\/producto\/ultracolor-vin-contratos\/\"]}]},{\"@type\":\"ImageObject\",\"inLanguage\":\"es\",\"@id\":\"https:\/\/distribuidorpanelrey.com.mx\/producto\/ultracolor-vin-contratos\/#primaryimage\",\"url\":\"https:\/\/distribuidorpanelrey.com.mx\/wp-content\/uploads\/2024\/08\/ULTRACOLOR-VIN-CONTRATOS.webp\",\"contentUrl\":\"https:\/\/distribuidorpanelrey.com.mx\/wp-content\/uploads\/2024\/08\/ULTRACOLOR-VIN-CONTRATOS.webp\",\"width\":300,\"height\":300,\"caption\":\"ULTRACOLOR VIN CONTRATOS\"},{\"@type\":\"BreadcrumbList\",\"@id\":\"https:\/\/distribuidorpanelrey.com.mx\/producto\/ultracolor-vin-contratos\/#breadcrumb\",\"itemListElement\":[{\"@type\":\"ListItem\",\"position\":1,\"name\":\"Portada\",\"item\":\"https:\/\/distribuidorpanelrey.com.mx\/\"},{\"@type\":\"ListItem\",\"position\":2,\"name\":\"Productos\",\"item\":\"https:\/\/distribuidorpanelrey.com\/tienda\/\"},{\"@type\":\"ListItem\",\"position\":3,\"name\":\"ULTRACOLOR VIN CONTRATOS\"}]},{\"@type\":\"WebSite\",\"@id\":\"https:\/\/distribuidorpanelrey.com\/#website\",\"url\":\"https:\/\/distribuidorpanelrey.com\/\",\"name\":\"PANEL REY MEXICO\",\"description\":\"DISTRIBUIDOR PANEL REY\",\"publisher\":{\"@id\":\"https:\/\/distribuidorpanelrey.com\/#organization\"},\"alternateName\":\"DISTRIBUIDOR PANEL REY\",\"potentialAction\":[{\"@type\":\"SearchAction\",\"target\":{\"@type\":\"EntryPoint\",\"urlTemplate\":\"https:\/\/distribuidorpanelrey.com\/?s={search_term_string}\"},\"query-input\":{\"@type\":\"PropertyValueSpecification\",\"valueRequired\":true,\"valueName\":\"search_term_string\"}}],\"inLanguage\":\"es\"},{\"@type\":\"Organization\",\"@id\":\"https:\/\/distribuidorpanelrey.com\/#organization\",\"name\":\"PANEL REY MEXICO\",\"url\":\"https:\/\/distribuidorpanelrey.com\/\",\"logo\":{\"@type\":\"ImageObject\",\"inLanguage\":\"es\",\"@id\":\"https:\/\/distribuidorpanelrey.com\/#\/schema\/logo\/image\/\",\"url\":\"https:\/\/distribuidorpanelrey.com.mx\/wp-content\/uploads\/2023\/11\/panelrey.webp\",\"contentUrl\":\"https:\/\/distribuidorpanelrey.com.mx\/wp-content\/uploads\/2023\/11\/panelrey.webp\",\"width\":400,\"height\":150,\"caption\":\"PANEL REY MEXICO\"},\"image\":{\"@id\":\"https:\/\/distribuidorpanelrey.com\/#\/schema\/logo\/image\/\"},\"sameAs\":[\"https:\/\/www.facebook.com\/mexicopanelrey\/?locale=es_LA\",\"https:\/\/www.instagram.com\/panel_rey_mexico\/?hl=es\"]}]}<\/script>\n<!-- \/ Yoast SEO plugin. -->","yoast_head_json":{"title":"ULTRACOLOR VIN CONTRATOS - PANEL REY MEXICO","description":"La ULTRACOLOR VIN CONTRATOS es una pintura vinil-acr?lica base agua de buen rendimiento y poder cubriente de acabado mate.","robots":{"index":"index","follow":"follow","max-snippet":"max-snippet:-1","max-image-preview":"max-image-preview:large","max-video-preview":"max-video-preview:-1"},"canonical":"https:\/\/distribuidorpanelrey.com.mx\/producto\/ultracolor-vin-contratos\/","og_locale":"es_ES","og_type":"article","og_title":"ULTRACOLOR VIN CONTRATOS - PANEL REY MEXICO","og_description":"La ULTRACOLOR VIN CONTRATOS es una pintura vinil-acr?lica base agua de buen rendimiento y poder cubriente de acabado mate.","og_url":"https:\/\/distribuidorpanelrey.com.mx\/producto\/ultracolor-vin-contratos\/","og_site_name":"PANEL REY MEXICO","article_publisher":"https:\/\/www.facebook.com\/mexicopanelrey\/?locale=es_LA","article_modified_time":"2025-08-18T04:28:08+00:00","og_image":[{"width":300,"height":300,"url":"https:\/\/distribuidorpanelrey.com.mx\/wp-content\/uploads\/2024\/08\/ULTRACOLOR-VIN-CONTRATOS.webp","type":"image\/webp"}],"twitter_card":"summary_large_image","twitter_misc":{"Tiempo de lectura":"3 minutos"},"schema":{"@context":"https:\/\/schema.org","@graph":[{"@type":"WebPage","@id":"https:\/\/distribuidorpanelrey.com.mx\/producto\/ultracolor-vin-contratos\/","url":"https:\/\/distribuidorpanelrey.com.mx\/producto\/ultracolor-vin-contratos\/","name":"ULTRACOLOR VIN CONTRATOS - PANEL REY MEXICO","isPartOf":{"@id":"https:\/\/distribuidorpanelrey.com\/#website"},"primaryImageOfPage":{"@id":"https:\/\/distribuidorpanelrey.com.mx\/producto\/ultracolor-vin-contratos\/#primaryimage"},"image":{"@id":"https:\/\/distribuidorpanelrey.com.mx\/producto\/ultracolor-vin-contratos\/#primaryimage"},"thumbnailUrl":"https:\/\/distribuidorpanelrey.com.mx\/wp-content\/uploads\/2024\/08\/ULTRACOLOR-VIN-CONTRATOS.webp","datePublished":"2024-08-06T16:13:31+00:00","dateModified":"2025-08-18T04:28:08+00:00","description":"La ULTRACOLOR VIN CONTRATOS es una pintura vinil-acr?lica base agua de buen rendimiento y poder cubriente de acabado mate.","breadcrumb":{"@id":"https:\/\/distribuidorpanelrey.com.mx\/producto\/ultracolor-vin-contratos\/#breadcrumb"},"inLanguage":"es","potentialAction":[{"@type":"ReadAction","target":["https:\/\/distribuidorpanelrey.com.mx\/producto\/ultracolor-vin-contratos\/"]}]},{"@type":"ImageObject","inLanguage":"es","@id":"https:\/\/distribuidorpanelrey.com.mx\/producto\/ultracolor-vin-contratos\/#primaryimage","url":"https:\/\/distribuidorpanelrey.com.mx\/wp-content\/uploads\/2024\/08\/ULTRACOLOR-VIN-CONTRATOS.webp","contentUrl":"https:\/\/distribuidorpanelrey.com.mx\/wp-content\/uploads\/2024\/08\/ULTRACOLOR-VIN-CONTRATOS.webp","width":300,"height":300,"caption":"ULTRACOLOR VIN CONTRATOS"},{"@type":"BreadcrumbList","@id":"https:\/\/distribuidorpanelrey.com.mx\/producto\/ultracolor-vin-contratos\/#breadcrumb","itemListElement":[{"@type":"ListItem","position":1,"name":"Portada","item":"https:\/\/distribuidorpanelrey.com.mx\/"},{"@type":"ListItem","position":2,"name":"Productos","item":"https:\/\/distribuidorpanelrey.com\/tienda\/"},{"@type":"ListItem","position":3,"name":"ULTRACOLOR VIN CONTRATOS"}]},{"@type":"WebSite","@id":"https:\/\/distribuidorpanelrey.com\/#website","url":"https:\/\/distribuidorpanelrey.com\/","name":"PANEL REY MEXICO","description":"DISTRIBUIDOR PANEL REY","publisher":{"@id":"https:\/\/distribuidorpanelrey.com\/#organization"},"alternateName":"DISTRIBUIDOR PANEL REY","potentialAction":[{"@type":"SearchAction","target":{"@type":"EntryPoint","urlTemplate":"https:\/\/distribuidorpanelrey.com\/?s={search_term_string}"},"query-input":{"@type":"PropertyValueSpecification","valueRequired":true,"valueName":"search_term_string"}}],"inLanguage":"es"},{"@type":"Organization","@id":"https:\/\/distribuidorpanelrey.com\/#organization","name":"PANEL REY MEXICO","url":"https:\/\/distribuidorpanelrey.com\/","logo":{"@type":"ImageObject","inLanguage":"es","@id":"https:\/\/distribuidorpanelrey.com\/#\/schema\/logo\/image\/","url":"https:\/\/distribuidorpanelrey.com.mx\/wp-content\/uploads\/2023\/11\/panelrey.webp","contentUrl":"https:\/\/distribuidorpanelrey.com.mx\/wp-content\/uploads\/2023\/11\/panelrey.webp","width":400,"height":150,"caption":"PANEL REY MEXICO"},"image":{"@id":"https:\/\/distribuidorpanelrey.com\/#\/schema\/logo\/image\/"},"sameAs":["https:\/\/www.facebook.com\/mexicopanelrey\/?locale=es_LA","https:\/\/www.instagram.com\/panel_rey_mexico\/?hl=es"]}]}},"_links":{"self":[{"href":"https:\/\/distribuidorpanelrey.com.mx\/wp-json\/wp\/v2\/product\/3262","targetHints":{"allow":["GET"]}}],"collection":[{"href":"https:\/\/distribuidorpanelrey.com.mx\/wp-json\/wp\/v2\/product"}],"about":[{"href":"https:\/\/distribuidorpanelrey.com.mx\/wp-json\/wp\/v2\/types\/product"}],"replies":[{"embeddable":true,"href":"https:\/\/distribuidorpanelrey.com.mx\/wp-json\/wp\/v2\/comments?post=3262"}],"version-history":[{"count":3,"href":"https:\/\/distribuidorpanelrey.com.mx\/wp-json\/wp\/v2\/product\/3262\/revisions"}],"predecessor-version":[{"id":4270,"href":"https:\/\/distribuidorpanelrey.com.mx\/wp-json\/wp\/v2\/product\/3262\/revisions\/4270"}],"wp:featuredmedia":[{"embeddable":true,"href":"https:\/\/distribuidorpanelrey.com.mx\/wp-json\/wp\/v2\/media\/3264"}],"wp:attachment":[{"href":"https:\/\/distribuidorpanelrey.com.mx\/wp-json\/wp\/v2\/media?parent=3262"}],"wp:term":[{"taxonomy":"product_brand","embeddable":true,"href":"https:\/\/distribuidorpanelrey.com.mx\/wp-json\/wp\/v2\/product_brand?post=3262"},{"taxonomy":"product_cat","embeddable":true,"href":"https:\/\/distribuidorpanelrey.com.mx\/wp-json\/wp\/v2\/product_cat?post=3262"},{"taxonomy":"product_tag","embeddable":true,"href":"https:\/\/distribuidorpanelrey.com.mx\/wp-json\/wp\/v2\/product_tag?post=3262"}],"curies":[{"name":"wp","href":"https:\/\/api.w.org\/{rel}","templated":true}]}}