{"id":3523,"date":"2025-02-25T08:21:38","date_gmt":"2025-02-25T08:21:38","guid":{"rendered":"https:\/\/distribuidorpanelrey.com.mx\/?post_type=product&#038;p=3523"},"modified":"2025-08-18T04:19:58","modified_gmt":"2025-08-18T04:19:58","slug":"impac-bond","status":"publish","type":"product","link":"https:\/\/distribuidorpanelrey.com.mx\/producto\/impac-bond\/","title":{"rendered":"IMPAC BOND"},"content":{"rendered":"<h2>IMPAC BOND<\/h2>\n<p>IMPAC BOND es un adhesivo concentrado fabricado con pol\u00edmeros sint\u00e9ticos en emulsi\u00f3n para unir concreto nuevo a viejo no estructural por contacto de las superficies.\u00a0Proporciona a la mezcla de un mortero o concreto m\u00e1xima resistencia y adherencia, ya que posee un alto porcentaje de s\u00f3lidos que proporcionan un mayor anclaje.<\/p>\n<h4><strong>Usos<\/strong><\/h4>\n<ul>\n<li>une concreto viejo con nuevo en extensiones de la construcci\u00f3n, conexiones de concreto no estructural, reparaciones de terrazas, balcones, azoteas, b\u00f3vedas, pretiles, entre otros<\/li>\n<li>une yeso a muros y plafones<\/li>\n<li>para reparaci\u00f3n de elementos prefabricados y piedra artificial<\/li>\n<li>en colocaci\u00f3n de loseta, m\u00e1rmol, piezas cer\u00e1micas o piezas prefabricadas sobre concreto<\/li>\n<li>para la fabricaci\u00f3n de morteros de cemento con buena resistencia a la acci\u00f3n de agentes qu\u00edmicos y abrasivos<\/li>\n<li>mejora la calidad de la pintura vin\u00edlica y de cal.<\/li>\n<li>mejora la resistencia del concreto contra ambientes \u00e1cidos y \u00e1lcalis.<\/li>\n<\/ul>\n<h4><strong>Aplicaci\u00f3n<\/strong><\/h4>\n<p>La superficie debe estar limpia, libre de polvo, basura, aceites, grasas y productos que puedan evitar una buena adherencia<\/p>\n<ul>\n<li><strong>adhesivo de concreto nuevo a viejo:\u00a0<\/strong>humedecer el concreto viejo aplicando enseguida el adhesivo IMPAC Bond y sobre la pel\u00edcula a\u00fan h\u00fameda se coloca el nuevo concreto<\/li>\n<li><strong>unir yeso a muro y plafones: <\/strong>aplique el adhesivo IMPAC Bond sobre la superficie y coloque el yeso sobre la pel\u00edcula a\u00fan h\u00fameda<\/li>\n<li><strong>preparaci\u00f3n de morteros niveladores y aplanados:\u00a0<\/strong>a\u00f1adir entre 5 y 6 litros de adhesivo IMPAC Bond al agua de mezclado, por cada saco de 50 kg de cemento<\/li>\n<li><strong>sellador de superficies: <\/strong>en caso de aplicaci\u00f3n de aplanados sobre superficies muy porosas deber\u00e1 primer aplicar una capa de adhesivo IMPAC Bond como sellador<\/li>\n<\/ul>\n<h4><strong>Especificaciones<\/strong><\/h4>\n<table width=\"327\">\n<tbody>\n<tr>\n<td width=\"88\">Presentaci\u00f3n<\/td>\n<td width=\"239\">1 L, 3.8 L y 19 L<\/td>\n<\/tr>\n<tr>\n<td>Color<\/td>\n<td>blanco lechoso, transparente al secar<\/td>\n<\/tr>\n<tr>\n<td>Consistencia<\/td>\n<td>Semi-Espeso<\/td>\n<\/tr>\n<tr>\n<td>Densidad<\/td>\n<td>1.02 \u00b1 0.05 kg\/L<\/td>\n<\/tr>\n<tr>\n<td>Viscosidad<\/td>\n<td>20,000 &#8211; 25,000 cP<\/td>\n<\/tr>\n<tr>\n<td width=\"88\">pH<\/td>\n<td>4 &#8211; 5<\/td>\n<\/tr>\n<tr>\n<td>S\u00f3lidos<\/td>\n<td>47 \u00b1 2%<\/td>\n<\/tr>\n<\/tbody>\n<\/table>\n<h4><\/h4>\n<h4><strong>Almacenamiento<\/strong><\/h4>\n<ul>\n<li>bajo techo, en un lugar fresco y seco<\/li>\n<li>en envase cerrado, el producto conserva su estabilidad por 12 meses<\/li>\n<\/ul>\n<h4><strong>Informaci\u00f3n adicional<\/strong><\/h4>\n<ul>\n<li>IMPAC Bond\u00a0| <a href=\"https:\/\/www.impac.com.mx\/_files\/impac-bond.pdf\" target=\"_blank\" rel=\"noopener\">Ficha t\u00e9cnica<\/a><\/li>\n<\/ul>\n<section class=\"elementor-section elementor-top-section elementor-element elementor-element-7d6bd10d elementor-section-boxed elementor-section-height-default elementor-section-height-default\" data-id=\"7d6bd10d\" data-element_type=\"section\">\n<div class=\"elementor-container elementor-column-gap-default\">\n<div class=\"elementor-column elementor-col-100 elementor-top-column elementor-element elementor-element-5b03f666\" data-id=\"5b03f666\" data-element_type=\"column\">\n<div class=\"elementor-widget-wrap elementor-element-populated\">\n<div class=\"elementor-element elementor-element-41634471 elementor-widget elementor-widget-woocommerce-product-data-tabs\" data-id=\"41634471\" data-element_type=\"widget\" data-widget_type=\"woocommerce-product-data-tabs.default\">\n<div class=\"elementor-widget-container\">\n<div class=\"woocommerce-tabs wc-tabs-wrapper\">\n<div id=\"tab-description\" class=\"woocommerce-Tabs-panel woocommerce-Tabs-panel--description panel entry-content wc-tab\" role=\"tabpanel\" aria-labelledby=\"tab-title-description\"><\/div>\n<\/div>\n<\/div>\n<\/div>\n<\/div>\n<\/div>\n<\/div>\n<\/section>\n<section class=\"elementor-section elementor-top-section elementor-element elementor-element-3db375c2 elementor-section-boxed elementor-section-height-default elementor-section-height-default\" data-id=\"3db375c2\" data-element_type=\"section\">\n<div class=\"elementor-container elementor-column-gap-default\">\n<div class=\"elementor-column elementor-col-100 elementor-top-column elementor-element elementor-element-50c08389\" data-id=\"50c08389\" data-element_type=\"column\">\n<div class=\"elementor-widget-wrap elementor-element-populated\">\n<div class=\"elementor-element elementor-element-3b7901cd elementor-grid-4 elementor-grid-tablet-3 elementor-grid-mobile-2 elementor-products-grid elementor-wc-products show-heading-yes elementor-widget elementor-widget-woocommerce-product-related\" data-id=\"3b7901cd\" data-element_type=\"widget\" data-widget_type=\"woocommerce-product-related.default\">\n<div class=\"elementor-widget-container\">\n<section class=\"elementor-section elementor-top-section elementor-element elementor-element-7d6bd10d elementor-section-boxed elementor-section-height-default elementor-section-height-default\" data-id=\"7d6bd10d\" data-element_type=\"section\">\n<div class=\"elementor-container elementor-column-gap-default\">\n<div class=\"elementor-column elementor-col-100 elementor-top-column elementor-element elementor-element-5b03f666\" data-id=\"5b03f666\" data-element_type=\"column\">\n<div class=\"elementor-widget-wrap elementor-element-populated\">\n<div class=\"elementor-element elementor-element-41634471 elementor-widget elementor-widget-woocommerce-product-data-tabs\" data-id=\"41634471\" data-element_type=\"widget\" data-widget_type=\"woocommerce-product-data-tabs.default\">\n<div class=\"elementor-widget-container\">\n<div class=\"woocommerce-tabs wc-tabs-wrapper\">\n<div id=\"tab-description\" class=\"woocommerce-Tabs-panel woocommerce-Tabs-panel--description panel entry-content wc-tab\" role=\"tabpanel\" aria-labelledby=\"tab-title-description\">\n<p style=\"text-align: center;\" data-start=\"1349\" data-end=\"1808\">En\u00a0<strong data-start=\"82\" data-end=\"115\">Distribuidor Panel Rey M\u00e9xico<\/strong> encuentras calidad y confianza en productos <strong>IMPAC.<\/strong><br data-start=\"173\" data-end=\"176\" \/><img decoding=\"async\" class=\"emoji\" role=\"img\" draggable=\"false\" src=\"https:\/\/s.w.org\/images\/core\/emoji\/16.0.1\/svg\/2705.svg\" alt=\"\u2705\" \/>\u00a0Env\u00edos a toda la Rep\u00fablica Mexicana. \u00a1Pregunta por nuestras promociones vigentes!<br data-start=\"259\" data-end=\"262\" data-is-only-node=\"\" \/><img decoding=\"async\" class=\"emoji\" role=\"img\" draggable=\"false\" src=\"https:\/\/s.w.org\/images\/core\/emoji\/16.0.1\/svg\/2705.svg\" alt=\"\u2705\" \/>\u00a0Todos los precios incluyen IVA (sujetos a cambio sin previo aviso).<br data-start=\"331\" data-end=\"334\" \/><img decoding=\"async\" class=\"emoji\" role=\"img\" draggable=\"false\" src=\"https:\/\/s.w.org\/images\/core\/emoji\/16.0.1\/svg\/2705.svg\" alt=\"\u2705\" \/>\u00a0Im\u00e1genes ilustrativas, el producto final puede presentar ligeras variaciones.<br data-start=\"413\" data-end=\"416\" \/><img decoding=\"async\" class=\"emoji\" role=\"img\" draggable=\"false\" src=\"https:\/\/s.w.org\/images\/core\/emoji\/16.0.1\/svg\/1f4ac.svg\" alt=\"\ud83d\udcac\" \/>\u00a0\u00bfTienes dudas? Escr\u00edbenos por\u00a0<a href=\"https:\/\/www.facebook.com\/mexicopanelrey\">Facebook<\/a>\u00a0o\u00a0<a href=\"https:\/\/www.instagram.com\/panel_rey_mexico\/\">Instagram<\/a>.<br data-start=\"470\" data-end=\"473\" \/><img decoding=\"async\" class=\"emoji\" role=\"img\" draggable=\"false\" src=\"https:\/\/s.w.org\/images\/core\/emoji\/16.0.1\/svg\/1f4de.svg\" alt=\"\ud83d\udcde\" \/>\u00a0Tel:\u00a0<a href=\"tel:55 7397 6243\">55 7397 6243<\/a>\u00a0| WhatsApp:\u00a0<a href=\"https:\/\/api.whatsapp.com\/send?phone=525573976243\">5573976243<\/a><br data-start=\"518\" data-end=\"521\" \/><img decoding=\"async\" class=\"emoji\" role=\"img\" draggable=\"false\" src=\"https:\/\/s.w.org\/images\/core\/emoji\/16.0.1\/svg\/1f4e7.svg\" alt=\"\ud83d\udce7\" \/>\u00a0<a class=\"cursor-pointer\" href=\"mailto:ventas@distribuidorpanelrey.com\" rel=\"noopener\" data-start=\"524\" data-end=\"555\">ventas@distribuidorpanelrey.com<\/a><\/p>\n<\/div>\n<\/div>\n<\/div>\n<\/div>\n<\/div>\n<\/div>\n<\/div>\n<\/section>\n<section class=\"elementor-section elementor-top-section elementor-element elementor-element-3db375c2 elementor-section-boxed elementor-section-height-default elementor-section-height-default\" data-id=\"3db375c2\" data-element_type=\"section\">\n<div class=\"elementor-container elementor-column-gap-default\">\n<div class=\"elementor-column elementor-col-100 elementor-top-column elementor-element elementor-element-50c08389\" data-id=\"50c08389\" data-element_type=\"column\">\n<div class=\"elementor-widget-wrap elementor-element-populated\">\n<div class=\"elementor-element elementor-element-3b7901cd elementor-grid-4 elementor-grid-tablet-3 elementor-grid-mobile-2 elementor-products-grid elementor-wc-products show-heading-yes elementor-widget elementor-widget-woocommerce-product-related\" data-id=\"3b7901cd\" data-element_type=\"widget\" data-widget_type=\"woocommerce-product-related.default\">\n<div class=\"elementor-widget-container\"><\/div>\n<\/div>\n<\/div>\n<\/div>\n<\/div>\n<\/section>\n<\/div>\n<\/div>\n<\/div>\n<\/div>\n<\/div>\n<\/section>\n","protected":false},"excerpt":{"rendered":"<h4 style=\"text-align: center;\">Env\u00edos de 24 a 48 hr CDMX Y EDO MEX<\/h4>\n<p style=\"text-align: center;\">Rese\u00f1as\u00a0\u2605\u2605\u2605\u2605\u2605\u00a0 Env\u00edos Garantizados<\/p>\n<h4 style=\"text-align: center;\">\ud83d\udd25LOS MEJORES PRECIOS \ud83d\udd25<\/h4>\n","protected":false},"featured_media":3530,"comment_status":"closed","ping_status":"closed","template":"","meta":[],"product_brand":[559],"product_cat":[348],"product_tag":[494,146,493,492],"class_list":{"0":"post-3523","1":"product","2":"type-product","3":"status-publish","4":"has-post-thumbnail","6":"product_brand-impac","7":"product_cat-impermeabilizante","8":"product_tag-adhesivo","9":"product_tag-impac","10":"product_tag-impac-adhesivo","11":"product_tag-impac-bond","13":"first","14":"instock","15":"shipping-taxable","16":"purchasable","17":"product-type-variable"},"yoast_head":"<!-- This site is optimized with the Yoast SEO plugin v27.1.1 - https:\/\/yoast.com\/product\/yoast-seo-wordpress\/ -->\n<title>IMPAC BOND - PANEL REY MEXICO<\/title>\n<meta name=\"description\" content=\"IMPAC BOND es un adhesivo concentrado fabricado con polimeros sinteticos en emulsion para unir concreto nuevo a viejo.\" \/>\n<meta name=\"robots\" content=\"index, follow, max-snippet:-1, max-image-preview:large, max-video-preview:-1\" \/>\n<link rel=\"canonical\" href=\"https:\/\/distribuidorpanelrey.com.mx\/producto\/impac-bond\/\" \/>\n<meta property=\"og:locale\" content=\"es_ES\" \/>\n<meta property=\"og:type\" content=\"article\" \/>\n<meta property=\"og:title\" content=\"IMPAC BOND - PANEL REY MEXICO\" \/>\n<meta property=\"og:description\" content=\"IMPAC BOND es un adhesivo concentrado fabricado con polimeros sinteticos en emulsion para unir concreto nuevo a viejo.\" \/>\n<meta property=\"og:url\" content=\"https:\/\/distribuidorpanelrey.com.mx\/producto\/impac-bond\/\" \/>\n<meta property=\"og:site_name\" content=\"PANEL REY MEXICO\" \/>\n<meta property=\"article:publisher\" content=\"https:\/\/www.facebook.com\/mexicopanelrey\/?locale=es_LA\" \/>\n<meta property=\"article:modified_time\" content=\"2025-08-18T04:19:58+00:00\" \/>\n<meta property=\"og:image\" content=\"https:\/\/distribuidorpanelrey.com.mx\/wp-content\/uploads\/2025\/02\/Impac-VCIIMBDBL1-VGIIMBDBL1-Bond-01-500X500.webp\" \/>\n\t<meta property=\"og:image:width\" content=\"300\" \/>\n\t<meta property=\"og:image:height\" content=\"300\" \/>\n\t<meta property=\"og:image:type\" content=\"image\/webp\" \/>\n<meta name=\"twitter:card\" content=\"summary_large_image\" \/>\n<meta name=\"twitter:label1\" content=\"Tiempo de lectura\" \/>\n\t<meta name=\"twitter:data1\" content=\"4 minutos\" \/>\n<script type=\"application\/ld+json\" class=\"yoast-schema-graph\">{\"@context\":\"https:\/\/schema.org\",\"@graph\":[{\"@type\":\"WebPage\",\"@id\":\"https:\/\/distribuidorpanelrey.com.mx\/producto\/impac-bond\/\",\"url\":\"https:\/\/distribuidorpanelrey.com.mx\/producto\/impac-bond\/\",\"name\":\"IMPAC BOND - PANEL REY MEXICO\",\"isPartOf\":{\"@id\":\"https:\/\/distribuidorpanelrey.com\/#website\"},\"primaryImageOfPage\":{\"@id\":\"https:\/\/distribuidorpanelrey.com.mx\/producto\/impac-bond\/#primaryimage\"},\"image\":{\"@id\":\"https:\/\/distribuidorpanelrey.com.mx\/producto\/impac-bond\/#primaryimage\"},\"thumbnailUrl\":\"https:\/\/distribuidorpanelrey.com.mx\/wp-content\/uploads\/2025\/02\/Impac-VCIIMBDBL1-VGIIMBDBL1-Bond-01-500X500.webp\",\"datePublished\":\"2025-02-25T08:21:38+00:00\",\"dateModified\":\"2025-08-18T04:19:58+00:00\",\"description\":\"IMPAC BOND es un adhesivo concentrado fabricado con polimeros sinteticos en emulsion para unir concreto nuevo a viejo.\",\"breadcrumb\":{\"@id\":\"https:\/\/distribuidorpanelrey.com.mx\/producto\/impac-bond\/#breadcrumb\"},\"inLanguage\":\"es\",\"potentialAction\":[{\"@type\":\"ReadAction\",\"target\":[\"https:\/\/distribuidorpanelrey.com.mx\/producto\/impac-bond\/\"]}]},{\"@type\":\"ImageObject\",\"inLanguage\":\"es\",\"@id\":\"https:\/\/distribuidorpanelrey.com.mx\/producto\/impac-bond\/#primaryimage\",\"url\":\"https:\/\/distribuidorpanelrey.com.mx\/wp-content\/uploads\/2025\/02\/Impac-VCIIMBDBL1-VGIIMBDBL1-Bond-01-500X500.webp\",\"contentUrl\":\"https:\/\/distribuidorpanelrey.com.mx\/wp-content\/uploads\/2025\/02\/Impac-VCIIMBDBL1-VGIIMBDBL1-Bond-01-500X500.webp\",\"width\":300,\"height\":300,\"caption\":\"IMPAC BOND\"},{\"@type\":\"BreadcrumbList\",\"@id\":\"https:\/\/distribuidorpanelrey.com.mx\/producto\/impac-bond\/#breadcrumb\",\"itemListElement\":[{\"@type\":\"ListItem\",\"position\":1,\"name\":\"Portada\",\"item\":\"https:\/\/distribuidorpanelrey.com.mx\/\"},{\"@type\":\"ListItem\",\"position\":2,\"name\":\"Productos\",\"item\":\"https:\/\/distribuidorpanelrey.com\/tienda\/\"},{\"@type\":\"ListItem\",\"position\":3,\"name\":\"IMPAC BOND\"}]},{\"@type\":\"WebSite\",\"@id\":\"https:\/\/distribuidorpanelrey.com\/#website\",\"url\":\"https:\/\/distribuidorpanelrey.com\/\",\"name\":\"PANEL REY MEXICO\",\"description\":\"DISTRIBUIDOR PANEL REY\",\"publisher\":{\"@id\":\"https:\/\/distribuidorpanelrey.com\/#organization\"},\"alternateName\":\"DISTRIBUIDOR PANEL REY\",\"potentialAction\":[{\"@type\":\"SearchAction\",\"target\":{\"@type\":\"EntryPoint\",\"urlTemplate\":\"https:\/\/distribuidorpanelrey.com\/?s={search_term_string}\"},\"query-input\":{\"@type\":\"PropertyValueSpecification\",\"valueRequired\":true,\"valueName\":\"search_term_string\"}}],\"inLanguage\":\"es\"},{\"@type\":\"Organization\",\"@id\":\"https:\/\/distribuidorpanelrey.com\/#organization\",\"name\":\"PANEL REY MEXICO\",\"url\":\"https:\/\/distribuidorpanelrey.com\/\",\"logo\":{\"@type\":\"ImageObject\",\"inLanguage\":\"es\",\"@id\":\"https:\/\/distribuidorpanelrey.com\/#\/schema\/logo\/image\/\",\"url\":\"https:\/\/distribuidorpanelrey.com.mx\/wp-content\/uploads\/2023\/11\/panelrey.webp\",\"contentUrl\":\"https:\/\/distribuidorpanelrey.com.mx\/wp-content\/uploads\/2023\/11\/panelrey.webp\",\"width\":400,\"height\":150,\"caption\":\"PANEL REY MEXICO\"},\"image\":{\"@id\":\"https:\/\/distribuidorpanelrey.com\/#\/schema\/logo\/image\/\"},\"sameAs\":[\"https:\/\/www.facebook.com\/mexicopanelrey\/?locale=es_LA\",\"https:\/\/www.instagram.com\/panel_rey_mexico\/?hl=es\"]}]}<\/script>\n<!-- \/ Yoast SEO plugin. -->","yoast_head_json":{"title":"IMPAC BOND - PANEL REY MEXICO","description":"IMPAC BOND es un adhesivo concentrado fabricado con polimeros sinteticos en emulsion para unir concreto nuevo a viejo.","robots":{"index":"index","follow":"follow","max-snippet":"max-snippet:-1","max-image-preview":"max-image-preview:large","max-video-preview":"max-video-preview:-1"},"canonical":"https:\/\/distribuidorpanelrey.com.mx\/producto\/impac-bond\/","og_locale":"es_ES","og_type":"article","og_title":"IMPAC BOND - PANEL REY MEXICO","og_description":"IMPAC BOND es un adhesivo concentrado fabricado con polimeros sinteticos en emulsion para unir concreto nuevo a viejo.","og_url":"https:\/\/distribuidorpanelrey.com.mx\/producto\/impac-bond\/","og_site_name":"PANEL REY MEXICO","article_publisher":"https:\/\/www.facebook.com\/mexicopanelrey\/?locale=es_LA","article_modified_time":"2025-08-18T04:19:58+00:00","og_image":[{"width":300,"height":300,"url":"https:\/\/distribuidorpanelrey.com.mx\/wp-content\/uploads\/2025\/02\/Impac-VCIIMBDBL1-VGIIMBDBL1-Bond-01-500X500.webp","type":"image\/webp"}],"twitter_card":"summary_large_image","twitter_misc":{"Tiempo de lectura":"4 minutos"},"schema":{"@context":"https:\/\/schema.org","@graph":[{"@type":"WebPage","@id":"https:\/\/distribuidorpanelrey.com.mx\/producto\/impac-bond\/","url":"https:\/\/distribuidorpanelrey.com.mx\/producto\/impac-bond\/","name":"IMPAC BOND - PANEL REY MEXICO","isPartOf":{"@id":"https:\/\/distribuidorpanelrey.com\/#website"},"primaryImageOfPage":{"@id":"https:\/\/distribuidorpanelrey.com.mx\/producto\/impac-bond\/#primaryimage"},"image":{"@id":"https:\/\/distribuidorpanelrey.com.mx\/producto\/impac-bond\/#primaryimage"},"thumbnailUrl":"https:\/\/distribuidorpanelrey.com.mx\/wp-content\/uploads\/2025\/02\/Impac-VCIIMBDBL1-VGIIMBDBL1-Bond-01-500X500.webp","datePublished":"2025-02-25T08:21:38+00:00","dateModified":"2025-08-18T04:19:58+00:00","description":"IMPAC BOND es un adhesivo concentrado fabricado con polimeros sinteticos en emulsion para unir concreto nuevo a viejo.","breadcrumb":{"@id":"https:\/\/distribuidorpanelrey.com.mx\/producto\/impac-bond\/#breadcrumb"},"inLanguage":"es","potentialAction":[{"@type":"ReadAction","target":["https:\/\/distribuidorpanelrey.com.mx\/producto\/impac-bond\/"]}]},{"@type":"ImageObject","inLanguage":"es","@id":"https:\/\/distribuidorpanelrey.com.mx\/producto\/impac-bond\/#primaryimage","url":"https:\/\/distribuidorpanelrey.com.mx\/wp-content\/uploads\/2025\/02\/Impac-VCIIMBDBL1-VGIIMBDBL1-Bond-01-500X500.webp","contentUrl":"https:\/\/distribuidorpanelrey.com.mx\/wp-content\/uploads\/2025\/02\/Impac-VCIIMBDBL1-VGIIMBDBL1-Bond-01-500X500.webp","width":300,"height":300,"caption":"IMPAC BOND"},{"@type":"BreadcrumbList","@id":"https:\/\/distribuidorpanelrey.com.mx\/producto\/impac-bond\/#breadcrumb","itemListElement":[{"@type":"ListItem","position":1,"name":"Portada","item":"https:\/\/distribuidorpanelrey.com.mx\/"},{"@type":"ListItem","position":2,"name":"Productos","item":"https:\/\/distribuidorpanelrey.com\/tienda\/"},{"@type":"ListItem","position":3,"name":"IMPAC BOND"}]},{"@type":"WebSite","@id":"https:\/\/distribuidorpanelrey.com\/#website","url":"https:\/\/distribuidorpanelrey.com\/","name":"PANEL REY MEXICO","description":"DISTRIBUIDOR PANEL REY","publisher":{"@id":"https:\/\/distribuidorpanelrey.com\/#organization"},"alternateName":"DISTRIBUIDOR PANEL REY","potentialAction":[{"@type":"SearchAction","target":{"@type":"EntryPoint","urlTemplate":"https:\/\/distribuidorpanelrey.com\/?s={search_term_string}"},"query-input":{"@type":"PropertyValueSpecification","valueRequired":true,"valueName":"search_term_string"}}],"inLanguage":"es"},{"@type":"Organization","@id":"https:\/\/distribuidorpanelrey.com\/#organization","name":"PANEL REY MEXICO","url":"https:\/\/distribuidorpanelrey.com\/","logo":{"@type":"ImageObject","inLanguage":"es","@id":"https:\/\/distribuidorpanelrey.com\/#\/schema\/logo\/image\/","url":"https:\/\/distribuidorpanelrey.com.mx\/wp-content\/uploads\/2023\/11\/panelrey.webp","contentUrl":"https:\/\/distribuidorpanelrey.com.mx\/wp-content\/uploads\/2023\/11\/panelrey.webp","width":400,"height":150,"caption":"PANEL REY MEXICO"},"image":{"@id":"https:\/\/distribuidorpanelrey.com\/#\/schema\/logo\/image\/"},"sameAs":["https:\/\/www.facebook.com\/mexicopanelrey\/?locale=es_LA","https:\/\/www.instagram.com\/panel_rey_mexico\/?hl=es"]}]}},"_links":{"self":[{"href":"https:\/\/distribuidorpanelrey.com.mx\/wp-json\/wp\/v2\/product\/3523","targetHints":{"allow":["GET"]}}],"collection":[{"href":"https:\/\/distribuidorpanelrey.com.mx\/wp-json\/wp\/v2\/product"}],"about":[{"href":"https:\/\/distribuidorpanelrey.com.mx\/wp-json\/wp\/v2\/types\/product"}],"replies":[{"embeddable":true,"href":"https:\/\/distribuidorpanelrey.com.mx\/wp-json\/wp\/v2\/comments?post=3523"}],"version-history":[{"count":3,"href":"https:\/\/distribuidorpanelrey.com.mx\/wp-json\/wp\/v2\/product\/3523\/revisions"}],"predecessor-version":[{"id":4151,"href":"https:\/\/distribuidorpanelrey.com.mx\/wp-json\/wp\/v2\/product\/3523\/revisions\/4151"}],"wp:featuredmedia":[{"embeddable":true,"href":"https:\/\/distribuidorpanelrey.com.mx\/wp-json\/wp\/v2\/media\/3530"}],"wp:attachment":[{"href":"https:\/\/distribuidorpanelrey.com.mx\/wp-json\/wp\/v2\/media?parent=3523"}],"wp:term":[{"taxonomy":"product_brand","embeddable":true,"href":"https:\/\/distribuidorpanelrey.com.mx\/wp-json\/wp\/v2\/product_brand?post=3523"},{"taxonomy":"product_cat","embeddable":true,"href":"https:\/\/distribuidorpanelrey.com.mx\/wp-json\/wp\/v2\/product_cat?post=3523"},{"taxonomy":"product_tag","embeddable":true,"href":"https:\/\/distribuidorpanelrey.com.mx\/wp-json\/wp\/v2\/product_tag?post=3523"}],"curies":[{"name":"wp","href":"https:\/\/api.w.org\/{rel}","templated":true}]}}