{"id":3538,"date":"2025-02-25T08:43:41","date_gmt":"2025-02-25T08:43:41","guid":{"rendered":"https:\/\/distribuidorpanelrey.com.mx\/?post_type=product&#038;p=3538"},"modified":"2025-08-18T04:19:55","modified_gmt":"2025-08-18T04:19:55","slug":"impac-emulsion-fibratada","status":"publish","type":"product","link":"https:\/\/distribuidorpanelrey.com.mx\/producto\/impac-emulsion-fibratada\/","title":{"rendered":"IMPAC EMULSION FIBRATADA"},"content":{"rendered":"<h2>Impac emulsi\u00f3n fibratada<\/h2>\n<ul>\n<li><span style=\"font-size: 17px;\">Impermeabilizante asf\u00e1ltico base agua, libre de asbesto, de consistencia cremosa, tixotr\u00f3pica, reforzada con fibras sint\u00e9ticas, de aplicaci\u00f3n en fr\u00edo<\/span><\/li>\n<li>De f\u00e1cil aplicaci\u00f3n y secado r\u00e1pido<\/li>\n<li>Cuenta con excelente adherencia a la superficie previamente imprimada<\/li>\n<li>No escurre en temperatura ambiente alta<\/li>\n<li>No es inflamable<\/li>\n<li>Para techos, azoteas, muros y cimientos<\/li>\n<li>Puede aplicarse sobre superficies curvas o inclinadas, secas o ligeramente h\u00famedas<\/li>\n<\/ul>\n<p>&nbsp;<\/p>\n<h3><strong>Instrucciones<\/strong><\/h3>\n<h5>Preparaci\u00f3n de la superficie:<\/h5>\n<ul>\n<li>la superficie deber\u00e1 ser uniforme y tener el declive necesario para desalojar el agua de lluvia<\/li>\n<li>la superficie debe est\u00e1s completamente limpia, seca o ligeramente h\u00fameda, libre de polvo, mortero o material mal adherido y estar imprimada con IMPAC Primario H<\/li>\n<li>selle con IMPAC Cement fisuras y puntos cr\u00edticos como pretiles, ductos y bases de tinacos<\/li>\n<\/ul>\n<h5>Aplicaci\u00f3n:<\/h5>\n<ul>\n<li>agite el producto y no lo diluya<\/li>\n<li>aplique la primera capa de IMPAC Emulsi\u00f3n Fibratada de manera uniforme<\/li>\n<li>coloque en posici\u00f3n la membrana de refuerzo, embebiendo \u00e9sta totalmente en la emulsi\u00f3n aun h\u00fameda, evitando formar arrugas y dejando un traslape de 10 cent\u00edmetros en ambos sentidos<\/li>\n<li>dejar secar hasta 24 horas, dependiendo de las condiciones clim\u00e1ticas y aplicar la segunda capa en direcci\u00f3n transversal<\/li>\n<li>permita que el sistema impermeabilizante seque por 8 d\u00edas antes de aplicar alg\u00fan acabado<\/li>\n<\/ul>\n<p>&nbsp;<\/p>\n<p><strong>Especificaciones<\/strong><\/p>\n<table width=\"466\">\n<tbody>\n<tr>\n<td width=\"114\">Presentaci\u00f3n<\/td>\n<td width=\"352\">19 L<\/td>\n<\/tr>\n<tr>\n<td>Color<\/td>\n<td>Negro<\/td>\n<\/tr>\n<tr>\n<td>Consistencia<\/td>\n<td>cremosa<\/td>\n<\/tr>\n<tr>\n<td>Densidad<\/td>\n<td>1.03 \u00b1 0.02%<\/td>\n<\/tr>\n<tr>\n<td width=\"114\">pH<\/td>\n<td>8 min<\/td>\n<\/tr>\n<tr>\n<td>S\u00f3lidos en peso<\/td>\n<td>41 \u00b1 1%<\/td>\n<\/tr>\n<tr>\n<td>Secado al tacto<\/td>\n<td>6 horas<\/td>\n<\/tr>\n<tr>\n<td>Secado total<\/td>\n<td>48 horas<\/td>\n<\/tr>\n<tr>\n<td>Almacenamiento<\/td>\n<td>9 meses<\/td>\n<\/tr>\n<tr>\n<td rowspan=\"2\">Rendimiento<\/td>\n<td>1 L\/m\u00b2 por capa (a 2 capas con tela de refuerzo sencilla)<\/td>\n<\/tr>\n<tr>\n<td>1.25 L\/m\u00b2 por capa (a 2 capas con tela de s\u00faper refuerzo)<\/td>\n<\/tr>\n<\/tbody>\n<\/table>\n<p style=\"text-align: center;\">*En Distribuidor Panel Rey Mexico nos esforzamos por ofrecerte los mejores productos de\u00a0<a href=\"https:\/\/distribuidorpanelrey.com.mx\/tienda\/\">IMPAC<\/a> COMO IMPAC EMULSION FIBRATADA<\/p>\n<section class=\"elementor-section elementor-top-section elementor-element elementor-element-7d6bd10d elementor-section-boxed elementor-section-height-default elementor-section-height-default\" data-id=\"7d6bd10d\" data-element_type=\"section\">\n<div class=\"elementor-container elementor-column-gap-default\">\n<div class=\"elementor-column elementor-col-100 elementor-top-column elementor-element elementor-element-5b03f666\" data-id=\"5b03f666\" data-element_type=\"column\">\n<div class=\"elementor-widget-wrap elementor-element-populated\">\n<div class=\"elementor-element elementor-element-41634471 elementor-widget elementor-widget-woocommerce-product-data-tabs\" data-id=\"41634471\" data-element_type=\"widget\" data-widget_type=\"woocommerce-product-data-tabs.default\">\n<div class=\"elementor-widget-container\">\n<div class=\"woocommerce-tabs wc-tabs-wrapper\">\n<div id=\"tab-description\" class=\"woocommerce-Tabs-panel woocommerce-Tabs-panel--description panel entry-content wc-tab\" role=\"tabpanel\" aria-labelledby=\"tab-title-description\">\n<p style=\"text-align: center;\" data-start=\"1349\" data-end=\"1808\">En\u00a0<strong data-start=\"82\" data-end=\"115\">Distribuidor Panel Rey M\u00e9xico<\/strong> encuentras calidad y confianza en productos\u00a0<strong data-start=\"160\" data-end=\"172\">IMPAC<\/strong>.<br data-start=\"173\" data-end=\"176\" \/><img decoding=\"async\" class=\"emoji\" role=\"img\" draggable=\"false\" src=\"https:\/\/s.w.org\/images\/core\/emoji\/16.0.1\/svg\/2705.svg\" alt=\"\u2705\" \/>\u00a0Env\u00edos a toda la Rep\u00fablica Mexicana. \u00a1Pregunta por nuestras promociones vigentes!<br data-start=\"259\" data-end=\"262\" data-is-only-node=\"\" \/><img decoding=\"async\" class=\"emoji\" role=\"img\" draggable=\"false\" src=\"https:\/\/s.w.org\/images\/core\/emoji\/16.0.1\/svg\/2705.svg\" alt=\"\u2705\" \/>\u00a0Todos los precios incluyen IVA (sujetos a cambio sin previo aviso).<br data-start=\"331\" data-end=\"334\" \/><img decoding=\"async\" class=\"emoji\" role=\"img\" draggable=\"false\" src=\"https:\/\/s.w.org\/images\/core\/emoji\/16.0.1\/svg\/2705.svg\" alt=\"\u2705\" \/>\u00a0Im\u00e1genes ilustrativas, el producto final puede presentar ligeras variaciones.<br data-start=\"413\" data-end=\"416\" \/><img decoding=\"async\" class=\"emoji\" role=\"img\" draggable=\"false\" src=\"https:\/\/s.w.org\/images\/core\/emoji\/16.0.1\/svg\/1f4ac.svg\" alt=\"\ud83d\udcac\" \/>\u00a0\u00bfTienes dudas? Escr\u00edbenos por\u00a0<a href=\"https:\/\/www.facebook.com\/mexicopanelrey\">Facebook<\/a>\u00a0o\u00a0<a href=\"https:\/\/www.instagram.com\/panel_rey_mexico\/\">Instagram<\/a>.<br data-start=\"470\" data-end=\"473\" \/><img decoding=\"async\" class=\"emoji\" role=\"img\" draggable=\"false\" src=\"https:\/\/s.w.org\/images\/core\/emoji\/16.0.1\/svg\/1f4de.svg\" alt=\"\ud83d\udcde\" \/>\u00a0Tel:\u00a0<a href=\"tel:55 7397 6243\">55 7397 6243<\/a>\u00a0| WhatsApp:\u00a0<a href=\"https:\/\/api.whatsapp.com\/send?phone=525573976243\">5573976243<\/a><br data-start=\"518\" data-end=\"521\" \/><img decoding=\"async\" class=\"emoji\" role=\"img\" draggable=\"false\" src=\"https:\/\/s.w.org\/images\/core\/emoji\/16.0.1\/svg\/1f4e7.svg\" alt=\"\ud83d\udce7\" \/>\u00a0<a class=\"cursor-pointer\" href=\"mailto:ventas@distribuidorpanelrey.com\" rel=\"noopener\" data-start=\"524\" data-end=\"555\">ventas@distribuidorpanelrey.com<\/a><\/p>\n<\/div>\n<\/div>\n<\/div>\n<\/div>\n<\/div>\n<\/div>\n<\/div>\n<\/section>\n<section class=\"elementor-section elementor-top-section elementor-element elementor-element-3db375c2 elementor-section-boxed elementor-section-height-default elementor-section-height-default\" data-id=\"3db375c2\" data-element_type=\"section\">\n<div class=\"elementor-container elementor-column-gap-default\">\n<div class=\"elementor-column elementor-col-100 elementor-top-column elementor-element elementor-element-50c08389\" data-id=\"50c08389\" data-element_type=\"column\">\n<div class=\"elementor-widget-wrap elementor-element-populated\">\n<div class=\"elementor-element elementor-element-3b7901cd elementor-grid-4 elementor-grid-tablet-3 elementor-grid-mobile-2 elementor-products-grid elementor-wc-products show-heading-yes elementor-widget elementor-widget-woocommerce-product-related\" data-id=\"3b7901cd\" data-element_type=\"widget\" data-widget_type=\"woocommerce-product-related.default\">\n<div class=\"elementor-widget-container\"><\/div>\n<\/div>\n<\/div>\n<\/div>\n<\/div>\n<\/section>\n","protected":false},"excerpt":{"rendered":"<h4 style=\"text-align: center;\">Env\u00edos de 24 a 48 hr CDMX Y EDO MEX<\/h4>\n<p style=\"text-align: center;\">Rese\u00f1as\u00a0\u2605\u2605\u2605\u2605\u2605\u00a0 Env\u00edos Garantizados<\/p>\n<h4 style=\"text-align: center;\">\ud83d\udd25LOS MEJORES PRECIOS \ud83d\udd25<\/h4>\n","protected":false},"featured_media":3539,"comment_status":"closed","ping_status":"closed","template":"","meta":[],"product_brand":[559],"product_cat":[348],"product_tag":[502,146,501,500],"class_list":{"0":"post-3538","1":"product","2":"type-product","3":"status-publish","4":"has-post-thumbnail","6":"product_brand-impac","7":"product_cat-impermeabilizante","8":"product_tag-emulsion-fibratada","9":"product_tag-impac","10":"product_tag-impac-emulsion","11":"product_tag-impac-emulsion-fibratada","13":"first","14":"instock","15":"shipping-taxable","16":"purchasable","17":"product-type-simple"},"yoast_head":"<!-- This site is optimized with the Yoast SEO plugin v27.1.1 - https:\/\/yoast.com\/product\/yoast-seo-wordpress\/ -->\n<title>IMPAC EMULSION FIBRATADA - PANEL REY MEXICO<\/title>\n<meta name=\"description\" content=\"Encuentra en Ferrekasa los mejores productos de ferreter\u00eda como Impac emulsi\u00f3n fibratada y disfruta las ofertas y promociones que tenemos para ti.\" \/>\n<meta name=\"robots\" content=\"index, follow, max-snippet:-1, max-image-preview:large, max-video-preview:-1\" \/>\n<link rel=\"canonical\" href=\"https:\/\/distribuidorpanelrey.com.mx\/producto\/impac-emulsion-fibratada\/\" \/>\n<meta property=\"og:locale\" content=\"es_ES\" \/>\n<meta property=\"og:type\" content=\"article\" \/>\n<meta property=\"og:title\" content=\"IMPAC EMULSION FIBRATADA - PANEL REY MEXICO\" \/>\n<meta property=\"og:description\" content=\"Encuentra en Ferrekasa los mejores productos de ferreter\u00eda como Impac emulsi\u00f3n fibratada y disfruta las ofertas y promociones que tenemos para ti.\" \/>\n<meta property=\"og:url\" content=\"https:\/\/distribuidorpanelrey.com.mx\/producto\/impac-emulsion-fibratada\/\" \/>\n<meta property=\"og:site_name\" content=\"PANEL REY MEXICO\" \/>\n<meta property=\"article:publisher\" content=\"https:\/\/www.facebook.com\/mexicopanelrey\/?locale=es_LA\" \/>\n<meta property=\"article:modified_time\" content=\"2025-08-18T04:19:55+00:00\" \/>\n<meta property=\"og:image\" content=\"https:\/\/distribuidorpanelrey.com.mx\/wp-content\/uploads\/2025\/02\/Impac-VCEIMEFNE1-Emulsion-asfaltica-fibratada-cubeta-19lts-01.webp\" \/>\n\t<meta property=\"og:image:width\" content=\"300\" \/>\n\t<meta property=\"og:image:height\" content=\"300\" \/>\n\t<meta property=\"og:image:type\" content=\"image\/webp\" \/>\n<meta name=\"twitter:card\" content=\"summary_large_image\" \/>\n<meta name=\"twitter:label1\" content=\"Tiempo de lectura\" \/>\n\t<meta name=\"twitter:data1\" content=\"3 minutos\" \/>\n<script type=\"application\/ld+json\" class=\"yoast-schema-graph\">{\"@context\":\"https:\/\/schema.org\",\"@graph\":[{\"@type\":\"WebPage\",\"@id\":\"https:\/\/distribuidorpanelrey.com.mx\/producto\/impac-emulsion-fibratada\/\",\"url\":\"https:\/\/distribuidorpanelrey.com.mx\/producto\/impac-emulsion-fibratada\/\",\"name\":\"IMPAC EMULSION FIBRATADA - PANEL REY MEXICO\",\"isPartOf\":{\"@id\":\"https:\/\/distribuidorpanelrey.com\/#website\"},\"primaryImageOfPage\":{\"@id\":\"https:\/\/distribuidorpanelrey.com.mx\/producto\/impac-emulsion-fibratada\/#primaryimage\"},\"image\":{\"@id\":\"https:\/\/distribuidorpanelrey.com.mx\/producto\/impac-emulsion-fibratada\/#primaryimage\"},\"thumbnailUrl\":\"https:\/\/distribuidorpanelrey.com.mx\/wp-content\/uploads\/2025\/02\/Impac-VCEIMEFNE1-Emulsion-asfaltica-fibratada-cubeta-19lts-01.webp\",\"datePublished\":\"2025-02-25T08:43:41+00:00\",\"dateModified\":\"2025-08-18T04:19:55+00:00\",\"description\":\"Encuentra en Ferrekasa los mejores productos de ferreter\u00eda como Impac emulsi\u00f3n fibratada y disfruta las ofertas y promociones que tenemos para ti.\",\"breadcrumb\":{\"@id\":\"https:\/\/distribuidorpanelrey.com.mx\/producto\/impac-emulsion-fibratada\/#breadcrumb\"},\"inLanguage\":\"es\",\"potentialAction\":[{\"@type\":\"ReadAction\",\"target\":[\"https:\/\/distribuidorpanelrey.com.mx\/producto\/impac-emulsion-fibratada\/\"]}]},{\"@type\":\"ImageObject\",\"inLanguage\":\"es\",\"@id\":\"https:\/\/distribuidorpanelrey.com.mx\/producto\/impac-emulsion-fibratada\/#primaryimage\",\"url\":\"https:\/\/distribuidorpanelrey.com.mx\/wp-content\/uploads\/2025\/02\/Impac-VCEIMEFNE1-Emulsion-asfaltica-fibratada-cubeta-19lts-01.webp\",\"contentUrl\":\"https:\/\/distribuidorpanelrey.com.mx\/wp-content\/uploads\/2025\/02\/Impac-VCEIMEFNE1-Emulsion-asfaltica-fibratada-cubeta-19lts-01.webp\",\"width\":300,\"height\":300,\"caption\":\"IMPAC EMULSION FIBRATADA\"},{\"@type\":\"BreadcrumbList\",\"@id\":\"https:\/\/distribuidorpanelrey.com.mx\/producto\/impac-emulsion-fibratada\/#breadcrumb\",\"itemListElement\":[{\"@type\":\"ListItem\",\"position\":1,\"name\":\"Portada\",\"item\":\"https:\/\/distribuidorpanelrey.com.mx\/\"},{\"@type\":\"ListItem\",\"position\":2,\"name\":\"Productos\",\"item\":\"https:\/\/distribuidorpanelrey.com\/tienda\/\"},{\"@type\":\"ListItem\",\"position\":3,\"name\":\"IMPAC EMULSION FIBRATADA\"}]},{\"@type\":\"WebSite\",\"@id\":\"https:\/\/distribuidorpanelrey.com\/#website\",\"url\":\"https:\/\/distribuidorpanelrey.com\/\",\"name\":\"PANEL REY MEXICO\",\"description\":\"DISTRIBUIDOR PANEL REY\",\"publisher\":{\"@id\":\"https:\/\/distribuidorpanelrey.com\/#organization\"},\"alternateName\":\"DISTRIBUIDOR PANEL REY\",\"potentialAction\":[{\"@type\":\"SearchAction\",\"target\":{\"@type\":\"EntryPoint\",\"urlTemplate\":\"https:\/\/distribuidorpanelrey.com\/?s={search_term_string}\"},\"query-input\":{\"@type\":\"PropertyValueSpecification\",\"valueRequired\":true,\"valueName\":\"search_term_string\"}}],\"inLanguage\":\"es\"},{\"@type\":\"Organization\",\"@id\":\"https:\/\/distribuidorpanelrey.com\/#organization\",\"name\":\"PANEL REY MEXICO\",\"url\":\"https:\/\/distribuidorpanelrey.com\/\",\"logo\":{\"@type\":\"ImageObject\",\"inLanguage\":\"es\",\"@id\":\"https:\/\/distribuidorpanelrey.com\/#\/schema\/logo\/image\/\",\"url\":\"https:\/\/distribuidorpanelrey.com.mx\/wp-content\/uploads\/2023\/11\/panelrey.webp\",\"contentUrl\":\"https:\/\/distribuidorpanelrey.com.mx\/wp-content\/uploads\/2023\/11\/panelrey.webp\",\"width\":400,\"height\":150,\"caption\":\"PANEL REY MEXICO\"},\"image\":{\"@id\":\"https:\/\/distribuidorpanelrey.com\/#\/schema\/logo\/image\/\"},\"sameAs\":[\"https:\/\/www.facebook.com\/mexicopanelrey\/?locale=es_LA\",\"https:\/\/www.instagram.com\/panel_rey_mexico\/?hl=es\"]}]}<\/script>\n<!-- \/ Yoast SEO plugin. -->","yoast_head_json":{"title":"IMPAC EMULSION FIBRATADA - PANEL REY MEXICO","description":"Encuentra en Ferrekasa los mejores productos de ferreter\u00eda como Impac emulsi\u00f3n fibratada y disfruta las ofertas y promociones que tenemos para ti.","robots":{"index":"index","follow":"follow","max-snippet":"max-snippet:-1","max-image-preview":"max-image-preview:large","max-video-preview":"max-video-preview:-1"},"canonical":"https:\/\/distribuidorpanelrey.com.mx\/producto\/impac-emulsion-fibratada\/","og_locale":"es_ES","og_type":"article","og_title":"IMPAC EMULSION FIBRATADA - PANEL REY MEXICO","og_description":"Encuentra en Ferrekasa los mejores productos de ferreter\u00eda como Impac emulsi\u00f3n fibratada y disfruta las ofertas y promociones que tenemos para ti.","og_url":"https:\/\/distribuidorpanelrey.com.mx\/producto\/impac-emulsion-fibratada\/","og_site_name":"PANEL REY MEXICO","article_publisher":"https:\/\/www.facebook.com\/mexicopanelrey\/?locale=es_LA","article_modified_time":"2025-08-18T04:19:55+00:00","og_image":[{"width":300,"height":300,"url":"https:\/\/distribuidorpanelrey.com.mx\/wp-content\/uploads\/2025\/02\/Impac-VCEIMEFNE1-Emulsion-asfaltica-fibratada-cubeta-19lts-01.webp","type":"image\/webp"}],"twitter_card":"summary_large_image","twitter_misc":{"Tiempo de lectura":"3 minutos"},"schema":{"@context":"https:\/\/schema.org","@graph":[{"@type":"WebPage","@id":"https:\/\/distribuidorpanelrey.com.mx\/producto\/impac-emulsion-fibratada\/","url":"https:\/\/distribuidorpanelrey.com.mx\/producto\/impac-emulsion-fibratada\/","name":"IMPAC EMULSION FIBRATADA - PANEL REY MEXICO","isPartOf":{"@id":"https:\/\/distribuidorpanelrey.com\/#website"},"primaryImageOfPage":{"@id":"https:\/\/distribuidorpanelrey.com.mx\/producto\/impac-emulsion-fibratada\/#primaryimage"},"image":{"@id":"https:\/\/distribuidorpanelrey.com.mx\/producto\/impac-emulsion-fibratada\/#primaryimage"},"thumbnailUrl":"https:\/\/distribuidorpanelrey.com.mx\/wp-content\/uploads\/2025\/02\/Impac-VCEIMEFNE1-Emulsion-asfaltica-fibratada-cubeta-19lts-01.webp","datePublished":"2025-02-25T08:43:41+00:00","dateModified":"2025-08-18T04:19:55+00:00","description":"Encuentra en Ferrekasa los mejores productos de ferreter\u00eda como Impac emulsi\u00f3n fibratada y disfruta las ofertas y promociones que tenemos para ti.","breadcrumb":{"@id":"https:\/\/distribuidorpanelrey.com.mx\/producto\/impac-emulsion-fibratada\/#breadcrumb"},"inLanguage":"es","potentialAction":[{"@type":"ReadAction","target":["https:\/\/distribuidorpanelrey.com.mx\/producto\/impac-emulsion-fibratada\/"]}]},{"@type":"ImageObject","inLanguage":"es","@id":"https:\/\/distribuidorpanelrey.com.mx\/producto\/impac-emulsion-fibratada\/#primaryimage","url":"https:\/\/distribuidorpanelrey.com.mx\/wp-content\/uploads\/2025\/02\/Impac-VCEIMEFNE1-Emulsion-asfaltica-fibratada-cubeta-19lts-01.webp","contentUrl":"https:\/\/distribuidorpanelrey.com.mx\/wp-content\/uploads\/2025\/02\/Impac-VCEIMEFNE1-Emulsion-asfaltica-fibratada-cubeta-19lts-01.webp","width":300,"height":300,"caption":"IMPAC EMULSION FIBRATADA"},{"@type":"BreadcrumbList","@id":"https:\/\/distribuidorpanelrey.com.mx\/producto\/impac-emulsion-fibratada\/#breadcrumb","itemListElement":[{"@type":"ListItem","position":1,"name":"Portada","item":"https:\/\/distribuidorpanelrey.com.mx\/"},{"@type":"ListItem","position":2,"name":"Productos","item":"https:\/\/distribuidorpanelrey.com\/tienda\/"},{"@type":"ListItem","position":3,"name":"IMPAC EMULSION FIBRATADA"}]},{"@type":"WebSite","@id":"https:\/\/distribuidorpanelrey.com\/#website","url":"https:\/\/distribuidorpanelrey.com\/","name":"PANEL REY MEXICO","description":"DISTRIBUIDOR PANEL REY","publisher":{"@id":"https:\/\/distribuidorpanelrey.com\/#organization"},"alternateName":"DISTRIBUIDOR PANEL REY","potentialAction":[{"@type":"SearchAction","target":{"@type":"EntryPoint","urlTemplate":"https:\/\/distribuidorpanelrey.com\/?s={search_term_string}"},"query-input":{"@type":"PropertyValueSpecification","valueRequired":true,"valueName":"search_term_string"}}],"inLanguage":"es"},{"@type":"Organization","@id":"https:\/\/distribuidorpanelrey.com\/#organization","name":"PANEL REY MEXICO","url":"https:\/\/distribuidorpanelrey.com\/","logo":{"@type":"ImageObject","inLanguage":"es","@id":"https:\/\/distribuidorpanelrey.com\/#\/schema\/logo\/image\/","url":"https:\/\/distribuidorpanelrey.com.mx\/wp-content\/uploads\/2023\/11\/panelrey.webp","contentUrl":"https:\/\/distribuidorpanelrey.com.mx\/wp-content\/uploads\/2023\/11\/panelrey.webp","width":400,"height":150,"caption":"PANEL REY MEXICO"},"image":{"@id":"https:\/\/distribuidorpanelrey.com\/#\/schema\/logo\/image\/"},"sameAs":["https:\/\/www.facebook.com\/mexicopanelrey\/?locale=es_LA","https:\/\/www.instagram.com\/panel_rey_mexico\/?hl=es"]}]}},"_links":{"self":[{"href":"https:\/\/distribuidorpanelrey.com.mx\/wp-json\/wp\/v2\/product\/3538","targetHints":{"allow":["GET"]}}],"collection":[{"href":"https:\/\/distribuidorpanelrey.com.mx\/wp-json\/wp\/v2\/product"}],"about":[{"href":"https:\/\/distribuidorpanelrey.com.mx\/wp-json\/wp\/v2\/types\/product"}],"replies":[{"embeddable":true,"href":"https:\/\/distribuidorpanelrey.com.mx\/wp-json\/wp\/v2\/comments?post=3538"}],"version-history":[{"count":3,"href":"https:\/\/distribuidorpanelrey.com.mx\/wp-json\/wp\/v2\/product\/3538\/revisions"}],"predecessor-version":[{"id":4144,"href":"https:\/\/distribuidorpanelrey.com.mx\/wp-json\/wp\/v2\/product\/3538\/revisions\/4144"}],"wp:featuredmedia":[{"embeddable":true,"href":"https:\/\/distribuidorpanelrey.com.mx\/wp-json\/wp\/v2\/media\/3539"}],"wp:attachment":[{"href":"https:\/\/distribuidorpanelrey.com.mx\/wp-json\/wp\/v2\/media?parent=3538"}],"wp:term":[{"taxonomy":"product_brand","embeddable":true,"href":"https:\/\/distribuidorpanelrey.com.mx\/wp-json\/wp\/v2\/product_brand?post=3538"},{"taxonomy":"product_cat","embeddable":true,"href":"https:\/\/distribuidorpanelrey.com.mx\/wp-json\/wp\/v2\/product_cat?post=3538"},{"taxonomy":"product_tag","embeddable":true,"href":"https:\/\/distribuidorpanelrey.com.mx\/wp-json\/wp\/v2\/product_tag?post=3538"}],"curies":[{"name":"wp","href":"https:\/\/api.w.org\/{rel}","templated":true}]}}