{"id":3546,"date":"2025-02-25T08:54:35","date_gmt":"2025-02-25T08:54:35","guid":{"rendered":"https:\/\/distribuidorpanelrey.com.mx\/?post_type=product&#038;p=3546"},"modified":"2025-08-18T04:19:55","modified_gmt":"2025-08-18T04:19:55","slug":"impac-grout-pro","status":"publish","type":"product","link":"https:\/\/distribuidorpanelrey.com.mx\/producto\/impac-grout-pro\/","title":{"rendered":"IMPAC GROUT PRO"},"content":{"rendered":"<h3>IMPAC GROUT PRO<\/h3>\n<p>IMPAC GROUT PRO es un mortero predosificado sin contracci\u00f3n no met\u00e1lico, formulado con cemento, aditivos y arena de granulometr\u00eda controlada. Solo requiere la adici\u00f3n de agua para proporcionar un mortero de muy buena fluidez, que no presente contracci\u00f3n por p\u00e9rdida de humedad.<\/p>\n<h4><strong>Ventajas\u00a0<\/strong><\/h4>\n<ul>\n<li>f\u00e1cil de aplicar<\/li>\n<li>listo para usar, solo agregue agua<\/li>\n<li>alta fluidez con menor cantidad de agua, a comparaci\u00f3n de otros<\/li>\n<li>excelentes resistencias a la compresi\u00f3n a todas las edades<\/li>\n<li>poder autonivelante<\/li>\n<li>permanencia de fluidez de 30 a 40 min @ 23 \u00b0C<\/li>\n<li>sin agregados met\u00e1licos<\/li>\n<li>no contiene VOCs (compuestos org\u00e1nicos vol\u00e1tiles)<\/li>\n<li>cumple con la norma ASTM C1107 y CRDC-621<\/li>\n<\/ul>\n<h4><strong>Usos<\/strong><\/h4>\n<ul>\n<li>se utiliza para anclaje de maquinaria pesada como turbinas, bombas, compresoras, etc, para recibir placas de apoyo en estructuras met\u00e1licas<\/li>\n<li>para anclaje de pernos, varillas y tornillos de concreto<\/li>\n<li>para trabajos de piezas de anclaje pre-coladas y pre-tensadas. Espec\u00edficamente recomendada para camisas de cables en piezas postensadas<\/li>\n<\/ul>\n<h4><strong>Instrucciones<\/strong><\/h4>\n<h5>Preparaci\u00f3n de la superficie:<\/h5>\n<ul>\n<li>limpiar perfectamente la superficie<\/li>\n<li>debe ser concreto sano y libre de todo recubrimiento, membrana, polvo, basura, etc.<\/li>\n<li>humedecer saturando con agua evitando encharcamientos<\/li>\n<\/ul>\n<h5>Preparaci\u00f3n:<\/h5>\n<ul>\n<li>colocar la cantidad de agua necesaria en el recipiente o mezcladora donde se realizar\u00e1 el mezclado<\/li>\n<li>agregar IMPAC Grout Pro de manera gradual y mezclar manual o mec\u00e1nicamente durante 3 a 5 minutos hasta eliminar los grumos<\/li>\n<li>dejar reposar de 2 a 3 minutos para liberar el aire atrapado<\/li>\n<li>mezclar de nuevo durante 10 a 15 segundos y aplicar<\/li>\n<\/ul>\n<h5>Aplicaci\u00f3n:<\/h5>\n<ul>\n<li>una vez preparado, el IMPAC Grout PRO se debe aplicar lo m\u00e1s r\u00e1pido posible, en un solo sentido para evitar la introducci\u00f3n de aire, principalmente bajo placas de apoyo de equipos y estructuras<\/li>\n<li>para espesores mayores a 5 cm se debe usar un armado<\/li>\n<li>se recomienda usar IMPAC Adhesivo Ep\u00f3xico o IMPAC Bond como puente de adherencia dependiendo del trabajo a realizar<\/li>\n<li>el curado en \u00e1reas expuestas a los rayos del sol deber\u00e1 ser inmediatamente aplicado con IMPAC Membrana de Curado<\/li>\n<\/ul>\n<h4><strong>Especificaciones<\/strong><\/h4>\n<table width=\"554\">\n<tbody>\n<tr>\n<td width=\"224\">Consistencia<\/td>\n<td width=\"78\">Semi r\u00edgida<\/td>\n<td width=\"78\">pl\u00e1stica<\/td>\n<td width=\"95\">fluida (media)<\/td>\n<td width=\"79\">fluida (alta)<\/td>\n<\/tr>\n<tr>\n<td>Agua, % en peso<\/td>\n<td>11<\/td>\n<td>12<\/td>\n<td>13 a 14<\/td>\n<td>15 a 16<\/td>\n<\/tr>\n<tr>\n<td>Agua, L\/saco de 25 kg<\/td>\n<td>2.75<\/td>\n<td>3<\/td>\n<td>3.25 a 3.50<\/td>\n<td>3.75 a 4.00<\/td>\n<\/tr>\n<tr>\n<td>Fluidez, % o segundos (s)<\/td>\n<td>106%<\/td>\n<td>110%<\/td>\n<td>126%<\/td>\n<td>28 s<\/td>\n<\/tr>\n<tr>\n<td colspan=\"5\">Resistencia a la compresi\u00f3n promedio kg\/cm2:<\/td>\n<\/tr>\n<tr>\n<td style=\"text-align: right;\">1 d\u00eda<\/td>\n<td>360<\/td>\n<td>320<\/td>\n<td>230<\/td>\n<td>210<\/td>\n<\/tr>\n<tr>\n<td style=\"text-align: right;\">3 d\u00edas<\/td>\n<td>490<\/td>\n<td>480<\/td>\n<td>390<\/td>\n<td>370<\/td>\n<\/tr>\n<tr>\n<td style=\"text-align: right;\">7 d\u00edas<\/td>\n<td>580<\/td>\n<td>530<\/td>\n<td>440<\/td>\n<td>430<\/td>\n<\/tr>\n<tr>\n<td style=\"text-align: right;\">28 d\u00edas<\/td>\n<td>700<\/td>\n<td>660<\/td>\n<td>560<\/td>\n<td>550<\/td>\n<\/tr>\n<tr>\n<td>Expansi\u00f3n, %<\/td>\n<td style=\"text-align: center;\" colspan=\"4\">&lt; 0.3<\/td>\n<\/tr>\n<tr>\n<td>Expansi\u00f3n inicial, %<\/td>\n<td style=\"text-align: center;\" colspan=\"4\">0.5 &#8211; 1.0<\/td>\n<\/tr>\n<tr>\n<td>Tiempo de fraguado (final), hh:mm<\/td>\n<td style=\"text-align: center;\" colspan=\"4\">06:00 &#8211; 06:30<\/td>\n<\/tr>\n<tr>\n<td>Densidad (mezcla fresca), kg\/L<\/td>\n<td style=\"text-align: center;\" colspan=\"4\">2.0 &#8211; 3.1 (fluida)<\/td>\n<\/tr>\n<tr>\n<td>Rendimiento saco 25 kg<\/td>\n<td style=\"text-align: center;\" colspan=\"4\">12 a 12.5 L<\/td>\n<\/tr>\n<tr>\n<td>Permanencia de fluidez, min<\/td>\n<td style=\"text-align: center;\" colspan=\"4\">20 &#8211; 30 (fluida)<\/td>\n<\/tr>\n<tr>\n<td>Apariencia<\/td>\n<td style=\"text-align: center;\" colspan=\"4\">polvo gris<\/td>\n<\/tr>\n<tr>\n<td>Espesor<\/td>\n<td style=\"text-align: center;\" colspan=\"4\">1 cm (m\u00ednimo), 6 cm (m\u00e1ximo)<\/td>\n<\/tr>\n<\/tbody>\n<\/table>\n<h4><strong>Presentaci\u00f3n\u00a0<\/strong><\/h4>\n<ul>\n<li>Saco de 25 kg<\/li>\n<\/ul>\n<h4><strong>Almacenamiento<\/strong><\/h4>\n<ul>\n<li>bajo techo, en un lugar fresco y seco<\/li>\n<li>colocar los sacos sobre una tarima para proteger de posibles inundaciones<\/li>\n<li>utilizarse preferentemente antes de los 12 meses de envasado en empaque original<\/li>\n<\/ul>\n<h4><strong>Informaci\u00f3n adicional<\/strong><\/h4>\n<ul>\n<li>IMPAC Grout Pro | <a href=\"https:\/\/www.impac.com.mx\/_files\/impac-grout-pro.pdf\" target=\"_blank\" rel=\"noopener\">Ficha t\u00e9cnica<\/a><\/li>\n<\/ul>\n<section class=\"elementor-section elementor-top-section elementor-element elementor-element-7d6bd10d elementor-section-boxed elementor-section-height-default elementor-section-height-default\" data-id=\"7d6bd10d\" data-element_type=\"section\">\n<div class=\"elementor-container elementor-column-gap-default\">\n<div class=\"elementor-column elementor-col-100 elementor-top-column elementor-element elementor-element-5b03f666\" data-id=\"5b03f666\" data-element_type=\"column\">\n<div class=\"elementor-widget-wrap elementor-element-populated\">\n<div class=\"elementor-element elementor-element-41634471 elementor-widget elementor-widget-woocommerce-product-data-tabs\" data-id=\"41634471\" data-element_type=\"widget\" data-widget_type=\"woocommerce-product-data-tabs.default\">\n<div class=\"elementor-widget-container\">\n<div class=\"woocommerce-tabs wc-tabs-wrapper\">\n<div id=\"tab-description\" class=\"woocommerce-Tabs-panel woocommerce-Tabs-panel--description panel entry-content wc-tab\" role=\"tabpanel\" aria-labelledby=\"tab-title-description\">\n<p style=\"text-align: center;\" data-start=\"1349\" data-end=\"1808\">En\u00a0<strong data-start=\"82\" data-end=\"115\">Distribuidor Panel Rey M\u00e9xico<\/strong>\u00a0encuentras calidad y confianza en productos\u00a0<strong data-start=\"160\" data-end=\"172\">Crest<\/strong>.<br data-start=\"173\" data-end=\"176\" \/><img decoding=\"async\" class=\"emoji\" role=\"img\" draggable=\"false\" src=\"https:\/\/s.w.org\/images\/core\/emoji\/16.0.1\/svg\/2705.svg\" alt=\"\u2705\" \/>\u00a0Env\u00edos a toda la Rep\u00fablica Mexicana. \u00a1Pregunta por nuestras promociones vigentes!<br data-start=\"259\" data-end=\"262\" data-is-only-node=\"\" \/><img decoding=\"async\" class=\"emoji\" role=\"img\" draggable=\"false\" src=\"https:\/\/s.w.org\/images\/core\/emoji\/16.0.1\/svg\/2705.svg\" alt=\"\u2705\" \/>\u00a0Todos los precios incluyen IVA (sujetos a cambio sin previo aviso).<br data-start=\"331\" data-end=\"334\" \/><img decoding=\"async\" class=\"emoji\" role=\"img\" draggable=\"false\" src=\"https:\/\/s.w.org\/images\/core\/emoji\/16.0.1\/svg\/2705.svg\" alt=\"\u2705\" \/>\u00a0Im\u00e1genes ilustrativas, el producto final puede presentar ligeras variaciones.<br data-start=\"413\" data-end=\"416\" \/><img decoding=\"async\" class=\"emoji\" role=\"img\" draggable=\"false\" src=\"https:\/\/s.w.org\/images\/core\/emoji\/16.0.1\/svg\/1f4ac.svg\" alt=\"\ud83d\udcac\" \/>\u00a0\u00bfTienes dudas? Escr\u00edbenos por\u00a0<a href=\"https:\/\/www.facebook.com\/mexicopanelrey\">Facebook<\/a>\u00a0o\u00a0<a href=\"https:\/\/www.instagram.com\/panel_rey_mexico\/\">Instagram<\/a>.<br data-start=\"470\" data-end=\"473\" \/><img decoding=\"async\" class=\"emoji\" role=\"img\" draggable=\"false\" src=\"https:\/\/s.w.org\/images\/core\/emoji\/16.0.1\/svg\/1f4de.svg\" alt=\"\ud83d\udcde\" \/>\u00a0Tel:\u00a0<a href=\"tel:55 7397 6243\">55 7397 6243<\/a>\u00a0| WhatsApp:\u00a0<a href=\"https:\/\/api.whatsapp.com\/send?phone=525573976243\">5573976243<\/a><br data-start=\"518\" data-end=\"521\" \/><img decoding=\"async\" class=\"emoji\" role=\"img\" draggable=\"false\" src=\"https:\/\/s.w.org\/images\/core\/emoji\/16.0.1\/svg\/1f4e7.svg\" alt=\"\ud83d\udce7\" \/>\u00a0<a class=\"cursor-pointer\" href=\"mailto:ventas@distribuidorpanelrey.com\" rel=\"noopener\" data-start=\"524\" data-end=\"555\">ventas@distribuidorpanelrey.com<\/a><\/p>\n<\/div>\n<\/div>\n<\/div>\n<\/div>\n<\/div>\n<\/div>\n<\/div>\n<\/section>\n<section class=\"elementor-section elementor-top-section elementor-element elementor-element-3db375c2 elementor-section-boxed elementor-section-height-default elementor-section-height-default\" data-id=\"3db375c2\" data-element_type=\"section\">\n<div class=\"elementor-container elementor-column-gap-default\">\n<div class=\"elementor-column elementor-col-100 elementor-top-column elementor-element elementor-element-50c08389\" data-id=\"50c08389\" data-element_type=\"column\">\n<div class=\"elementor-widget-wrap elementor-element-populated\">\n<div class=\"elementor-element elementor-element-3b7901cd elementor-grid-4 elementor-grid-tablet-3 elementor-grid-mobile-2 elementor-products-grid elementor-wc-products show-heading-yes elementor-widget elementor-widget-woocommerce-product-related\" data-id=\"3b7901cd\" data-element_type=\"widget\" data-widget_type=\"woocommerce-product-related.default\">\n<div class=\"elementor-widget-container\"><\/div>\n<\/div>\n<\/div>\n<\/div>\n<\/div>\n<\/section>\n","protected":false},"excerpt":{"rendered":"<h4 style=\"text-align: center;\">Env\u00edos de 24 a 48 hr CDMX Y EDO MEX<\/h4>\n<p style=\"text-align: center;\">Rese\u00f1as\u00a0\u2605\u2605\u2605\u2605\u2605\u00a0 Env\u00edos Garantizados<\/p>\n<h4 style=\"text-align: center;\">\ud83d\udd25LOS MEJORES PRECIOS \ud83d\udd25<\/h4>\n","protected":false},"featured_media":3547,"comment_status":"closed","ping_status":"closed","template":"","meta":[],"product_brand":[559],"product_cat":[35],"product_tag":[507,146,506,508,203],"class_list":{"0":"post-3546","1":"product","2":"type-product","3":"status-publish","4":"has-post-thumbnail","6":"product_brand-impac","7":"product_cat-compuestos-y-polvos","8":"product_tag-grout-pro","9":"product_tag-impac","10":"product_tag-impac-grout-pro","11":"product_tag-impact-mortero","12":"product_tag-mortero","14":"first","15":"instock","16":"shipping-taxable","17":"purchasable","18":"product-type-simple"},"yoast_head":"<!-- This site is optimized with the Yoast SEO plugin v27.1.1 - https:\/\/yoast.com\/product\/yoast-seo-wordpress\/ -->\n<title>IMPAC GROUT PRO - PANEL REY MEXICO<\/title>\n<meta name=\"description\" content=\"IMPAC GROUT PRO es un mortero predosificado sin contracci?n no METALICO, formulado con cemento, aditivos y arena de granulometria controlada.\" \/>\n<meta name=\"robots\" content=\"index, follow, max-snippet:-1, max-image-preview:large, max-video-preview:-1\" \/>\n<link rel=\"canonical\" href=\"https:\/\/distribuidorpanelrey.com.mx\/producto\/impac-grout-pro\/\" \/>\n<meta property=\"og:locale\" content=\"es_ES\" \/>\n<meta property=\"og:type\" content=\"article\" \/>\n<meta property=\"og:title\" content=\"IMPAC GROUT PRO - PANEL REY MEXICO\" \/>\n<meta property=\"og:description\" content=\"IMPAC GROUT PRO es un mortero predosificado sin contracci?n no METALICO, formulado con cemento, aditivos y arena de granulometria controlada.\" \/>\n<meta property=\"og:url\" content=\"https:\/\/distribuidorpanelrey.com.mx\/producto\/impac-grout-pro\/\" \/>\n<meta property=\"og:site_name\" content=\"PANEL REY MEXICO\" \/>\n<meta property=\"article:publisher\" content=\"https:\/\/www.facebook.com\/mexicopanelrey\/?locale=es_LA\" \/>\n<meta property=\"article:modified_time\" content=\"2025-08-18T04:19:55+00:00\" \/>\n<meta property=\"og:image\" content=\"https:\/\/distribuidorpanelrey.com.mx\/wp-content\/uploads\/2025\/02\/Impac-VADDIMGUGR1M-Grout-pro-25kg-01.webp\" \/>\n\t<meta property=\"og:image:width\" content=\"300\" \/>\n\t<meta property=\"og:image:height\" content=\"300\" \/>\n\t<meta property=\"og:image:type\" content=\"image\/webp\" \/>\n<meta name=\"twitter:card\" content=\"summary_large_image\" \/>\n<meta name=\"twitter:label1\" content=\"Tiempo de lectura\" \/>\n\t<meta name=\"twitter:data1\" content=\"4 minutos\" \/>\n<script type=\"application\/ld+json\" class=\"yoast-schema-graph\">{\"@context\":\"https:\/\/schema.org\",\"@graph\":[{\"@type\":\"WebPage\",\"@id\":\"https:\/\/distribuidorpanelrey.com.mx\/producto\/impac-grout-pro\/\",\"url\":\"https:\/\/distribuidorpanelrey.com.mx\/producto\/impac-grout-pro\/\",\"name\":\"IMPAC GROUT PRO - PANEL REY MEXICO\",\"isPartOf\":{\"@id\":\"https:\/\/distribuidorpanelrey.com\/#website\"},\"primaryImageOfPage\":{\"@id\":\"https:\/\/distribuidorpanelrey.com.mx\/producto\/impac-grout-pro\/#primaryimage\"},\"image\":{\"@id\":\"https:\/\/distribuidorpanelrey.com.mx\/producto\/impac-grout-pro\/#primaryimage\"},\"thumbnailUrl\":\"https:\/\/distribuidorpanelrey.com.mx\/wp-content\/uploads\/2025\/02\/Impac-VADDIMGUGR1M-Grout-pro-25kg-01.webp\",\"datePublished\":\"2025-02-25T08:54:35+00:00\",\"dateModified\":\"2025-08-18T04:19:55+00:00\",\"description\":\"IMPAC GROUT PRO es un mortero predosificado sin contracci?n no METALICO, formulado con cemento, aditivos y arena de granulometria controlada.\",\"breadcrumb\":{\"@id\":\"https:\/\/distribuidorpanelrey.com.mx\/producto\/impac-grout-pro\/#breadcrumb\"},\"inLanguage\":\"es\",\"potentialAction\":[{\"@type\":\"ReadAction\",\"target\":[\"https:\/\/distribuidorpanelrey.com.mx\/producto\/impac-grout-pro\/\"]}]},{\"@type\":\"ImageObject\",\"inLanguage\":\"es\",\"@id\":\"https:\/\/distribuidorpanelrey.com.mx\/producto\/impac-grout-pro\/#primaryimage\",\"url\":\"https:\/\/distribuidorpanelrey.com.mx\/wp-content\/uploads\/2025\/02\/Impac-VADDIMGUGR1M-Grout-pro-25kg-01.webp\",\"contentUrl\":\"https:\/\/distribuidorpanelrey.com.mx\/wp-content\/uploads\/2025\/02\/Impac-VADDIMGUGR1M-Grout-pro-25kg-01.webp\",\"width\":300,\"height\":300,\"caption\":\"IMPAC GROUT PRO\"},{\"@type\":\"BreadcrumbList\",\"@id\":\"https:\/\/distribuidorpanelrey.com.mx\/producto\/impac-grout-pro\/#breadcrumb\",\"itemListElement\":[{\"@type\":\"ListItem\",\"position\":1,\"name\":\"Portada\",\"item\":\"https:\/\/distribuidorpanelrey.com.mx\/\"},{\"@type\":\"ListItem\",\"position\":2,\"name\":\"Productos\",\"item\":\"https:\/\/distribuidorpanelrey.com\/tienda\/\"},{\"@type\":\"ListItem\",\"position\":3,\"name\":\"IMPAC GROUT PRO\"}]},{\"@type\":\"WebSite\",\"@id\":\"https:\/\/distribuidorpanelrey.com\/#website\",\"url\":\"https:\/\/distribuidorpanelrey.com\/\",\"name\":\"PANEL REY MEXICO\",\"description\":\"DISTRIBUIDOR PANEL REY\",\"publisher\":{\"@id\":\"https:\/\/distribuidorpanelrey.com\/#organization\"},\"alternateName\":\"DISTRIBUIDOR PANEL REY\",\"potentialAction\":[{\"@type\":\"SearchAction\",\"target\":{\"@type\":\"EntryPoint\",\"urlTemplate\":\"https:\/\/distribuidorpanelrey.com\/?s={search_term_string}\"},\"query-input\":{\"@type\":\"PropertyValueSpecification\",\"valueRequired\":true,\"valueName\":\"search_term_string\"}}],\"inLanguage\":\"es\"},{\"@type\":\"Organization\",\"@id\":\"https:\/\/distribuidorpanelrey.com\/#organization\",\"name\":\"PANEL REY MEXICO\",\"url\":\"https:\/\/distribuidorpanelrey.com\/\",\"logo\":{\"@type\":\"ImageObject\",\"inLanguage\":\"es\",\"@id\":\"https:\/\/distribuidorpanelrey.com\/#\/schema\/logo\/image\/\",\"url\":\"https:\/\/distribuidorpanelrey.com.mx\/wp-content\/uploads\/2023\/11\/panelrey.webp\",\"contentUrl\":\"https:\/\/distribuidorpanelrey.com.mx\/wp-content\/uploads\/2023\/11\/panelrey.webp\",\"width\":400,\"height\":150,\"caption\":\"PANEL REY MEXICO\"},\"image\":{\"@id\":\"https:\/\/distribuidorpanelrey.com\/#\/schema\/logo\/image\/\"},\"sameAs\":[\"https:\/\/www.facebook.com\/mexicopanelrey\/?locale=es_LA\",\"https:\/\/www.instagram.com\/panel_rey_mexico\/?hl=es\"]}]}<\/script>\n<!-- \/ Yoast SEO plugin. -->","yoast_head_json":{"title":"IMPAC GROUT PRO - PANEL REY MEXICO","description":"IMPAC GROUT PRO es un mortero predosificado sin contracci?n no METALICO, formulado con cemento, aditivos y arena de granulometria controlada.","robots":{"index":"index","follow":"follow","max-snippet":"max-snippet:-1","max-image-preview":"max-image-preview:large","max-video-preview":"max-video-preview:-1"},"canonical":"https:\/\/distribuidorpanelrey.com.mx\/producto\/impac-grout-pro\/","og_locale":"es_ES","og_type":"article","og_title":"IMPAC GROUT PRO - PANEL REY MEXICO","og_description":"IMPAC GROUT PRO es un mortero predosificado sin contracci?n no METALICO, formulado con cemento, aditivos y arena de granulometria controlada.","og_url":"https:\/\/distribuidorpanelrey.com.mx\/producto\/impac-grout-pro\/","og_site_name":"PANEL REY MEXICO","article_publisher":"https:\/\/www.facebook.com\/mexicopanelrey\/?locale=es_LA","article_modified_time":"2025-08-18T04:19:55+00:00","og_image":[{"width":300,"height":300,"url":"https:\/\/distribuidorpanelrey.com.mx\/wp-content\/uploads\/2025\/02\/Impac-VADDIMGUGR1M-Grout-pro-25kg-01.webp","type":"image\/webp"}],"twitter_card":"summary_large_image","twitter_misc":{"Tiempo de lectura":"4 minutos"},"schema":{"@context":"https:\/\/schema.org","@graph":[{"@type":"WebPage","@id":"https:\/\/distribuidorpanelrey.com.mx\/producto\/impac-grout-pro\/","url":"https:\/\/distribuidorpanelrey.com.mx\/producto\/impac-grout-pro\/","name":"IMPAC GROUT PRO - PANEL REY MEXICO","isPartOf":{"@id":"https:\/\/distribuidorpanelrey.com\/#website"},"primaryImageOfPage":{"@id":"https:\/\/distribuidorpanelrey.com.mx\/producto\/impac-grout-pro\/#primaryimage"},"image":{"@id":"https:\/\/distribuidorpanelrey.com.mx\/producto\/impac-grout-pro\/#primaryimage"},"thumbnailUrl":"https:\/\/distribuidorpanelrey.com.mx\/wp-content\/uploads\/2025\/02\/Impac-VADDIMGUGR1M-Grout-pro-25kg-01.webp","datePublished":"2025-02-25T08:54:35+00:00","dateModified":"2025-08-18T04:19:55+00:00","description":"IMPAC GROUT PRO es un mortero predosificado sin contracci?n no METALICO, formulado con cemento, aditivos y arena de granulometria controlada.","breadcrumb":{"@id":"https:\/\/distribuidorpanelrey.com.mx\/producto\/impac-grout-pro\/#breadcrumb"},"inLanguage":"es","potentialAction":[{"@type":"ReadAction","target":["https:\/\/distribuidorpanelrey.com.mx\/producto\/impac-grout-pro\/"]}]},{"@type":"ImageObject","inLanguage":"es","@id":"https:\/\/distribuidorpanelrey.com.mx\/producto\/impac-grout-pro\/#primaryimage","url":"https:\/\/distribuidorpanelrey.com.mx\/wp-content\/uploads\/2025\/02\/Impac-VADDIMGUGR1M-Grout-pro-25kg-01.webp","contentUrl":"https:\/\/distribuidorpanelrey.com.mx\/wp-content\/uploads\/2025\/02\/Impac-VADDIMGUGR1M-Grout-pro-25kg-01.webp","width":300,"height":300,"caption":"IMPAC GROUT PRO"},{"@type":"BreadcrumbList","@id":"https:\/\/distribuidorpanelrey.com.mx\/producto\/impac-grout-pro\/#breadcrumb","itemListElement":[{"@type":"ListItem","position":1,"name":"Portada","item":"https:\/\/distribuidorpanelrey.com.mx\/"},{"@type":"ListItem","position":2,"name":"Productos","item":"https:\/\/distribuidorpanelrey.com\/tienda\/"},{"@type":"ListItem","position":3,"name":"IMPAC GROUT PRO"}]},{"@type":"WebSite","@id":"https:\/\/distribuidorpanelrey.com\/#website","url":"https:\/\/distribuidorpanelrey.com\/","name":"PANEL REY MEXICO","description":"DISTRIBUIDOR PANEL REY","publisher":{"@id":"https:\/\/distribuidorpanelrey.com\/#organization"},"alternateName":"DISTRIBUIDOR PANEL REY","potentialAction":[{"@type":"SearchAction","target":{"@type":"EntryPoint","urlTemplate":"https:\/\/distribuidorpanelrey.com\/?s={search_term_string}"},"query-input":{"@type":"PropertyValueSpecification","valueRequired":true,"valueName":"search_term_string"}}],"inLanguage":"es"},{"@type":"Organization","@id":"https:\/\/distribuidorpanelrey.com\/#organization","name":"PANEL REY MEXICO","url":"https:\/\/distribuidorpanelrey.com\/","logo":{"@type":"ImageObject","inLanguage":"es","@id":"https:\/\/distribuidorpanelrey.com\/#\/schema\/logo\/image\/","url":"https:\/\/distribuidorpanelrey.com.mx\/wp-content\/uploads\/2023\/11\/panelrey.webp","contentUrl":"https:\/\/distribuidorpanelrey.com.mx\/wp-content\/uploads\/2023\/11\/panelrey.webp","width":400,"height":150,"caption":"PANEL REY MEXICO"},"image":{"@id":"https:\/\/distribuidorpanelrey.com\/#\/schema\/logo\/image\/"},"sameAs":["https:\/\/www.facebook.com\/mexicopanelrey\/?locale=es_LA","https:\/\/www.instagram.com\/panel_rey_mexico\/?hl=es"]}]}},"_links":{"self":[{"href":"https:\/\/distribuidorpanelrey.com.mx\/wp-json\/wp\/v2\/product\/3546","targetHints":{"allow":["GET"]}}],"collection":[{"href":"https:\/\/distribuidorpanelrey.com.mx\/wp-json\/wp\/v2\/product"}],"about":[{"href":"https:\/\/distribuidorpanelrey.com.mx\/wp-json\/wp\/v2\/types\/product"}],"replies":[{"embeddable":true,"href":"https:\/\/distribuidorpanelrey.com.mx\/wp-json\/wp\/v2\/comments?post=3546"}],"version-history":[{"count":2,"href":"https:\/\/distribuidorpanelrey.com.mx\/wp-json\/wp\/v2\/product\/3546\/revisions"}],"predecessor-version":[{"id":4140,"href":"https:\/\/distribuidorpanelrey.com.mx\/wp-json\/wp\/v2\/product\/3546\/revisions\/4140"}],"wp:featuredmedia":[{"embeddable":true,"href":"https:\/\/distribuidorpanelrey.com.mx\/wp-json\/wp\/v2\/media\/3547"}],"wp:attachment":[{"href":"https:\/\/distribuidorpanelrey.com.mx\/wp-json\/wp\/v2\/media?parent=3546"}],"wp:term":[{"taxonomy":"product_brand","embeddable":true,"href":"https:\/\/distribuidorpanelrey.com.mx\/wp-json\/wp\/v2\/product_brand?post=3546"},{"taxonomy":"product_cat","embeddable":true,"href":"https:\/\/distribuidorpanelrey.com.mx\/wp-json\/wp\/v2\/product_cat?post=3546"},{"taxonomy":"product_tag","embeddable":true,"href":"https:\/\/distribuidorpanelrey.com.mx\/wp-json\/wp\/v2\/product_tag?post=3546"}],"curies":[{"name":"wp","href":"https:\/\/api.w.org\/{rel}","templated":true}]}}