{"id":3569,"date":"2025-03-02T21:35:54","date_gmt":"2025-03-02T21:35:54","guid":{"rendered":"https:\/\/distribuidorpanelrey.com.mx\/?post_type=product&#038;p=3569"},"modified":"2025-08-18T04:19:58","modified_gmt":"2025-08-18T04:19:58","slug":"impac-asfalto","status":"publish","type":"product","link":"https:\/\/distribuidorpanelrey.com.mx\/producto\/impac-asfalto\/","title":{"rendered":"IMPAC ASFALTO"},"content":{"rendered":"<h2>IMPAC ASFALTO<\/h2>\n<p><span style=\"font-size: 17px;\">La membrana prefabricada IMPAC APP-GOLD POLI\u00c9STER ESCOLAR 4.0 <\/span>es producida a base de asfalto no oxidado modificado con pol\u00edmero APP (polipropileno at\u00e1ctico) y con refuerzo de tela poli\u00e9ster no tejida, confeccionada bajo proceso Spunbond laminado, con acabado de gravilla a base de riolita pigmentada y esmaltada con resina de silic\u00f3n con alta temperatura, con una capa inferior de una pel\u00edcula de polietileno que se integra al asfalto por medio del soplete por termo-fusi\u00f3n, adhiri\u00e9ndose a la superficie previamente tratada formando un sistema impermeable \u00fanico para una gran protecci\u00f3n contra la humedad.<\/p>\n<h4><strong>Ventajas<\/strong><\/h4>\n<ul>\n<li>limpio y no contaminante<\/li>\n<li>producto controlado desde f\u00e1brica con espesor y calidad uniforme<\/li>\n<li>armada con refuerzo poli\u00e9ster con estructura de alto modulo de resistencia<\/li>\n<li>posee excelente estabilidad, cohesi\u00f3n y resistencia a la acci\u00f3n del agua y de la intemperie<\/li>\n<li>superior valor de elongaci\u00f3n<\/li>\n<li>forma un sistema 100% impermeable, flexible y de gran durabilidad<\/li>\n<li>excelente estabilidad t\u00e9rmica, resiste cambios de temperatura sin agrietarse<\/li>\n<li>se coloca y se adhiere por termo-fusi\u00f3n, cubriendo de manera r\u00e1pida grandes \u00e1reas de manera uniforme<\/li>\n<li>el acabado con gravilla permite un tr\u00e1fico ligero ocasional y agrega protecci\u00f3n contra las condiciones clim\u00e1ticas<\/li>\n<li>acabado decorativo de gravilla para protecci\u00f3n al paso del tiempo y la variaci\u00f3n de las condiciones clim\u00e1ticas<\/li>\n<\/ul>\n<h4><strong>Usos<\/strong><\/h4>\n<ul>\n<li>para impermeabilizar cualquier tipo de estructura con movimientos t\u00e9rmico-estructurales no cr\u00edticos<\/li>\n<li>se ocupa para todo clima, ideal para zonas geogr\u00e1ficas con clima templado y c\u00e1lido<\/li>\n<\/ul>\n<h4><strong>Instrucciones<\/strong><\/h4>\n<ul>\n<li>se instalan sobre las superficies con soplete de gas<\/li>\n<li>el soplete de gas debe encontrarse en buen estado<\/li>\n<li>se deber\u00e1 realizar la aplicaci\u00f3n bajo condiciones clim\u00e1ticas favorables<\/li>\n<li>requiere de la experiencia y mano de obra calificada<\/li>\n<li>se deber\u00e1 tener cuidado de no sobrecalentar la membrana asf\u00e1ltica, porque podr\u00eda crear porosidad y da\u00f1ar y alterar su desempe\u00f1o y durabilidad<\/li>\n<\/ul>\n<h5>Preparaci\u00f3n de la superficie:<\/h5>\n<ul>\n<li>los sistemas impermeabilizantes existentes deber\u00e1n ser retirados totalmente de la superficie a proteger<\/li>\n<li>la superficie deber\u00e1 contar con una pendiente m\u00ednima del 2% hacia las bajadas pluviales o bajantes, libre de encharcamientos<\/li>\n<li>la superficie deber\u00e1 estar uniforme, completamente seca, libre de polvo, arena, grasa, aceite, membranas de curado y material suelto de cualquier naturaleza<\/li>\n<li>sobre la superficie limpia, aplique la imprimaci\u00f3n asf\u00e1ltica. Si la superficie est\u00e1 seca, use preferentemente IMPAC PRIMARIO SVT-SR (base solvente). Si el sustrato est\u00e1 ligeramente h\u00famedo, aplique el primario asf\u00e1ltico IMPAC PRIMARIO H (base agua). Dejar secar totalmente el primario<\/li>\n<li>en fisuras, grietas y en los puntos cr\u00edticos como chaflanes, bajadas pluviales, chimeneas, ductos de aire acondicionado, bases de tinacos, tuber\u00eda, entre otros, deber\u00e1n sellarse con IMPAC CEMENT o preparar cortes del prefabricado IMPAC APP-GOLD POLI\u00c9STER ESCOLAR 4.0, para sellarlos mediante la aplicaci\u00f3n por soplete<\/li>\n<li>para el tratamiento de juntas con movimiento estructural, preparar bandas del prefabricado IMPAC PRO POLI\u00c9STER SBS ARENADO para sellarlos mediante la aplicaci\u00f3n con soplete<\/li>\n<li>la altura de la impermeabilizaci\u00f3n en los muros o pretiles, debe ser como m\u00ednimo 15 cent\u00edmetros por encima del nivel de la superficie terminada o del nivel del chafl\u00e1n y deber\u00e1 protegerse con remate met\u00e1lico preferentemente<\/li>\n<\/ul>\n<h5>Aplicaci\u00f3n:<\/h5>\n<ul>\n<li>comience a colocar la membrana en la parte m\u00e1s baja de la superficie del techo continuando hacia arriba y en direcci\u00f3n transversal a la pendiente<\/li>\n<li>deber\u00e1 situar la membrana sobre la superficie en la posici\u00f3n correcta, extendiendo la mitad del rollo para asegurar un traslape preciso y alineado con el siguiente rollo<\/li>\n<li>una vez revisado el punto anterior, enrollar la membrana sin moverla de posici\u00f3n para comenzar su aplicaci\u00f3n por termo-fusi\u00f3n.<\/li>\n<li>desenrolle lentamente el Prefabricado IMPAC y luego, adhiera la membrana a la superficie, calentando su cara inferior con el soplete de gas, fundiendo el respaldo de polietileno y superficialmente el asfalto, sin sobrecalentarlo y ejerciendo una suave presi\u00f3n a la membrana para adherirla a la superficie<\/li>\n<li>los traslapes longitudinales de los rollos de 10 cent\u00edmetros se unir\u00e1n por medio de una cuchara de punta redonda, la cual se calienta con el soplete. Al momento de este proceso, revise la correcta uni\u00f3n de estos traslapes, presionando con la cuchara de tal manera que exude o fluya al borde ligeramente el asfalto, asegurando la hermeticidad de la uni\u00f3n de ambos traslapes. Proteger este cord\u00f3n\u00a0 e asfalto con gravilla o recubriendo con IMPAC MAXIMUS<\/li>\n<li>se deber\u00e1 tener especial cuidado al unir los traslapes transversales de cada rollo, traslapando 15 cent\u00edmetros entre ellos, sold\u00e1ndolos por fusi\u00f3n y retirando totalmente la gravilla con la cuchara previamente calentada con el soplete, de forma que garantice una correcta adherencia<\/li>\n<\/ul>\n<h4><strong>Especificaciones<\/strong><\/h4>\n<table width=\"333\">\n<tbody>\n<tr>\n<td width=\"237\">Presentaci\u00f3n<\/td>\n<td width=\"96\">Rollo<\/td>\n<\/tr>\n<tr>\n<td>Medidas (ancho x largo)<\/td>\n<td>1 m x 10 m<\/td>\n<\/tr>\n<tr>\n<td>Espesor<\/td>\n<td>4.0 mm<\/td>\n<\/tr>\n<tr>\n<td>Acabado<\/td>\n<td>Gravilla<\/td>\n<\/tr>\n<tr>\n<td>Color<\/td>\n<td>Rojo Terracota<\/td>\n<\/tr>\n<tr>\n<td>Espesor nominal<\/td>\n<td>\u00b1 0.2 mm<\/td>\n<\/tr>\n<tr>\n<td>Flexibilidad a baja temperatura<\/td>\n<td>&#8211; 10 \u00b0C<\/td>\n<\/tr>\n<tr>\n<td>Estabilidad a temperaturas<\/td>\n<td>135 \u00b0C<\/td>\n<\/tr>\n<tr>\n<td>Resistencia a la tensi\u00f3n transversal<\/td>\n<td>293 N<\/td>\n<\/tr>\n<tr>\n<td>Resistencia a la tensi\u00f3n longitudinal<\/td>\n<td>400 N<\/td>\n<\/tr>\n<tr>\n<td>Elongaci\u00f3n transversal y longitudinal<\/td>\n<td>45 %<\/td>\n<\/tr>\n<tr>\n<td>Refuerzo intermedio<\/td>\n<td>180 gr\/m\u00b2<\/td>\n<\/tr>\n<tr>\n<td>Adhesi\u00f3n granular a la membrana<\/td>\n<td>&lt; 3 %<\/td>\n<\/tr>\n<tr>\n<td>Rendimiento nominal<\/td>\n<td>8.9 m\u00b2 \/ rollo<\/td>\n<\/tr>\n<\/tbody>\n<\/table>\n<h4><strong>Almacenamiento<\/strong><\/h4>\n<ul>\n<li>bajo techo, sobre una superficie lisa y limpia hasta dos tarimas s\u00faper puestas verticalmente colocando un aglomerado de 6 mm de espesor m\u00ednimo entre la tarima inferior y superior<\/li>\n<li>durante su manejo y estiba, los rollos no deber\u00e1n ser golpeados para evitar da\u00f1os<\/li>\n<li>transportarse siempre en posici\u00f3n vertical, nunca acostados<\/li>\n<li>no colocar nada sobre ellos, soport\u00e1ndolos firmemente de manera que no se ladeen o inclinen.<\/li>\n<\/ul>\n<h4><strong>Informaci\u00f3n adicional<\/strong><\/h4>\n<ul>\n<li>IMPAC App-Gold poli\u00e9ster escolar 4.0 | <a href=\"https:\/\/www.impac.com.mx\/_files\/impac-app-gold-poliester-escolar-40.pdf\" target=\"_blank\" rel=\"noopener\">Ficha t\u00e9cnica<\/a><\/li>\n<\/ul>\n<section class=\"elementor-section elementor-top-section elementor-element elementor-element-7d6bd10d elementor-section-boxed elementor-section-height-default elementor-section-height-default\" data-id=\"7d6bd10d\" data-element_type=\"section\">\n<div class=\"elementor-container elementor-column-gap-default\">\n<div class=\"elementor-column elementor-col-100 elementor-top-column elementor-element elementor-element-5b03f666\" data-id=\"5b03f666\" data-element_type=\"column\">\n<div class=\"elementor-widget-wrap elementor-element-populated\">\n<div class=\"elementor-element elementor-element-41634471 elementor-widget elementor-widget-woocommerce-product-data-tabs\" data-id=\"41634471\" data-element_type=\"widget\" data-widget_type=\"woocommerce-product-data-tabs.default\">\n<div class=\"elementor-widget-container\">\n<div class=\"woocommerce-tabs wc-tabs-wrapper\">\n<div id=\"tab-description\" class=\"woocommerce-Tabs-panel woocommerce-Tabs-panel--description panel entry-content wc-tab\" role=\"tabpanel\" aria-labelledby=\"tab-title-description\">\n<p style=\"text-align: center;\" data-start=\"1349\" data-end=\"1808\">En\u00a0<strong data-start=\"82\" data-end=\"115\">Distribuidor Panel Rey M\u00e9xico<\/strong> encuentras calidad y confianza en productos <strong>IMPAC.<\/strong><br data-start=\"173\" data-end=\"176\" \/><img decoding=\"async\" class=\"emoji\" role=\"img\" draggable=\"false\" src=\"https:\/\/s.w.org\/images\/core\/emoji\/16.0.1\/svg\/2705.svg\" alt=\"\u2705\" \/>\u00a0Env\u00edos a toda la Rep\u00fablica Mexicana. \u00a1Pregunta por nuestras promociones vigentes!<br data-start=\"259\" data-end=\"262\" data-is-only-node=\"\" \/><img decoding=\"async\" class=\"emoji\" role=\"img\" draggable=\"false\" src=\"https:\/\/s.w.org\/images\/core\/emoji\/16.0.1\/svg\/2705.svg\" alt=\"\u2705\" \/>\u00a0Todos los precios incluyen IVA (sujetos a cambio sin previo aviso).<br data-start=\"331\" data-end=\"334\" \/><img decoding=\"async\" class=\"emoji\" role=\"img\" draggable=\"false\" src=\"https:\/\/s.w.org\/images\/core\/emoji\/16.0.1\/svg\/2705.svg\" alt=\"\u2705\" \/>\u00a0Im\u00e1genes ilustrativas, el producto final puede presentar ligeras variaciones.<br data-start=\"413\" data-end=\"416\" \/><img decoding=\"async\" class=\"emoji\" role=\"img\" draggable=\"false\" src=\"https:\/\/s.w.org\/images\/core\/emoji\/16.0.1\/svg\/1f4ac.svg\" alt=\"\ud83d\udcac\" \/>\u00a0\u00bfTienes dudas? Escr\u00edbenos por\u00a0<a href=\"https:\/\/www.facebook.com\/mexicopanelrey\">Facebook<\/a>\u00a0o\u00a0<a href=\"https:\/\/www.instagram.com\/panel_rey_mexico\/\">Instagram<\/a>.<br data-start=\"470\" data-end=\"473\" \/><img decoding=\"async\" class=\"emoji\" role=\"img\" draggable=\"false\" src=\"https:\/\/s.w.org\/images\/core\/emoji\/16.0.1\/svg\/1f4de.svg\" alt=\"\ud83d\udcde\" \/>\u00a0Tel:\u00a0<a href=\"tel:55 7397 6243\">55 7397 6243<\/a>\u00a0| WhatsApp:\u00a0<a href=\"https:\/\/api.whatsapp.com\/send?phone=525573976243\">5573976243<\/a><br data-start=\"518\" data-end=\"521\" \/><img decoding=\"async\" class=\"emoji\" role=\"img\" draggable=\"false\" src=\"https:\/\/s.w.org\/images\/core\/emoji\/16.0.1\/svg\/1f4e7.svg\" alt=\"\ud83d\udce7\" \/>\u00a0<a class=\"cursor-pointer\" href=\"mailto:ventas@distribuidorpanelrey.com\" rel=\"noopener\" data-start=\"524\" data-end=\"555\">ventas@distribuidorpanelrey.com<\/a><\/p>\n<\/div>\n<\/div>\n<\/div>\n<\/div>\n<\/div>\n<\/div>\n<\/div>\n<\/section>\n<section class=\"elementor-section elementor-top-section elementor-element elementor-element-3db375c2 elementor-section-boxed elementor-section-height-default elementor-section-height-default\" data-id=\"3db375c2\" data-element_type=\"section\">\n<div class=\"elementor-container elementor-column-gap-default\">\n<div class=\"elementor-column elementor-col-100 elementor-top-column elementor-element elementor-element-50c08389\" data-id=\"50c08389\" data-element_type=\"column\">\n<div class=\"elementor-widget-wrap elementor-element-populated\">\n<div class=\"elementor-element elementor-element-3b7901cd elementor-grid-4 elementor-grid-tablet-3 elementor-grid-mobile-2 elementor-products-grid elementor-wc-products show-heading-yes elementor-widget elementor-widget-woocommerce-product-related\" data-id=\"3b7901cd\" data-element_type=\"widget\" data-widget_type=\"woocommerce-product-related.default\">\n<div class=\"elementor-widget-container\"><\/div>\n<\/div>\n<\/div>\n<\/div>\n<\/div>\n<\/section>\n","protected":false},"excerpt":{"rendered":"<h4 style=\"text-align: center;\">Env\u00edos de 24 a 48 hr CDMX Y EDO MEX<\/h4>\n<p style=\"text-align: center;\">Rese\u00f1as\u00a0\u2605\u2605\u2605\u2605\u2605\u00a0 Env\u00edos Garantizados<\/p>\n<h4 style=\"text-align: center;\">\ud83d\udd25LOS MEJORES PRECIOS \ud83d\udd25<\/h4>\n","protected":false},"featured_media":3574,"comment_status":"closed","ping_status":"closed","template":"","meta":[],"product_brand":[559],"product_cat":[348],"product_tag":[146,513,514,515,189,516],"class_list":{"0":"post-3569","1":"product","2":"type-product","3":"status-publish","4":"has-post-thumbnail","6":"product_brand-impac","7":"product_cat-impermeabilizante","8":"product_tag-impac","9":"product_tag-impac-asfalto","10":"product_tag-impac-poliester","11":"product_tag-poliester","12":"product_tag-terracota","13":"product_tag-terracota-poliester","15":"first","16":"instock","17":"shipping-taxable","18":"purchasable","19":"product-type-variable"},"yoast_head":"<!-- This site is optimized with the Yoast SEO plugin v27.1.1 - https:\/\/yoast.com\/product\/yoast-seo-wordpress\/ -->\n<title>IMPAC ASFALTO - PANEL REY MEXICO<\/title>\n<meta name=\"description\" content=\"La membrana prefabricada IMPAC ASFALTO es producida a base de asfalto no oxidado modificado con pol?mero APP y refuerzo de tela POLIESTER no tejida.\" \/>\n<meta name=\"robots\" content=\"index, follow, max-snippet:-1, max-image-preview:large, max-video-preview:-1\" \/>\n<link rel=\"canonical\" href=\"https:\/\/distribuidorpanelrey.com.mx\/producto\/impac-asfalto\/\" \/>\n<meta property=\"og:locale\" content=\"es_ES\" \/>\n<meta property=\"og:type\" content=\"article\" \/>\n<meta property=\"og:title\" content=\"IMPAC ASFALTO - PANEL REY MEXICO\" \/>\n<meta property=\"og:description\" content=\"La membrana prefabricada IMPAC ASFALTO es producida a base de asfalto no oxidado modificado con pol?mero APP y refuerzo de tela POLIESTER no tejida.\" \/>\n<meta property=\"og:url\" content=\"https:\/\/distribuidorpanelrey.com.mx\/producto\/impac-asfalto\/\" \/>\n<meta property=\"og:site_name\" content=\"PANEL REY MEXICO\" \/>\n<meta property=\"article:publisher\" content=\"https:\/\/www.facebook.com\/mexicopanelrey\/?locale=es_LA\" \/>\n<meta property=\"article:modified_time\" content=\"2025-08-18T04:19:58+00:00\" \/>\n<meta property=\"og:image\" content=\"https:\/\/distribuidorpanelrey.com.mx\/wp-content\/uploads\/2025\/03\/IMPAC-MOD.webp\" \/>\n\t<meta property=\"og:image:width\" content=\"500\" \/>\n\t<meta property=\"og:image:height\" content=\"500\" \/>\n\t<meta property=\"og:image:type\" content=\"image\/webp\" \/>\n<meta name=\"twitter:card\" content=\"summary_large_image\" \/>\n<meta name=\"twitter:label1\" content=\"Tiempo de lectura\" \/>\n\t<meta name=\"twitter:data1\" content=\"6 minutos\" \/>\n<script type=\"application\/ld+json\" class=\"yoast-schema-graph\">{\"@context\":\"https:\/\/schema.org\",\"@graph\":[{\"@type\":\"WebPage\",\"@id\":\"https:\/\/distribuidorpanelrey.com.mx\/producto\/impac-asfalto\/\",\"url\":\"https:\/\/distribuidorpanelrey.com.mx\/producto\/impac-asfalto\/\",\"name\":\"IMPAC ASFALTO - PANEL REY MEXICO\",\"isPartOf\":{\"@id\":\"https:\/\/distribuidorpanelrey.com\/#website\"},\"primaryImageOfPage\":{\"@id\":\"https:\/\/distribuidorpanelrey.com.mx\/producto\/impac-asfalto\/#primaryimage\"},\"image\":{\"@id\":\"https:\/\/distribuidorpanelrey.com.mx\/producto\/impac-asfalto\/#primaryimage\"},\"thumbnailUrl\":\"https:\/\/distribuidorpanelrey.com.mx\/wp-content\/uploads\/2025\/03\/IMPAC-MOD.webp\",\"datePublished\":\"2025-03-02T21:35:54+00:00\",\"dateModified\":\"2025-08-18T04:19:58+00:00\",\"description\":\"La membrana prefabricada IMPAC ASFALTO es producida a base de asfalto no oxidado modificado con pol?mero APP y refuerzo de tela POLIESTER no tejida.\",\"breadcrumb\":{\"@id\":\"https:\/\/distribuidorpanelrey.com.mx\/producto\/impac-asfalto\/#breadcrumb\"},\"inLanguage\":\"es\",\"potentialAction\":[{\"@type\":\"ReadAction\",\"target\":[\"https:\/\/distribuidorpanelrey.com.mx\/producto\/impac-asfalto\/\"]}]},{\"@type\":\"ImageObject\",\"inLanguage\":\"es\",\"@id\":\"https:\/\/distribuidorpanelrey.com.mx\/producto\/impac-asfalto\/#primaryimage\",\"url\":\"https:\/\/distribuidorpanelrey.com.mx\/wp-content\/uploads\/2025\/03\/IMPAC-MOD.webp\",\"contentUrl\":\"https:\/\/distribuidorpanelrey.com.mx\/wp-content\/uploads\/2025\/03\/IMPAC-MOD.webp\",\"width\":500,\"height\":500,\"caption\":\"IMPAC ASFALTO\"},{\"@type\":\"BreadcrumbList\",\"@id\":\"https:\/\/distribuidorpanelrey.com.mx\/producto\/impac-asfalto\/#breadcrumb\",\"itemListElement\":[{\"@type\":\"ListItem\",\"position\":1,\"name\":\"Portada\",\"item\":\"https:\/\/distribuidorpanelrey.com.mx\/\"},{\"@type\":\"ListItem\",\"position\":2,\"name\":\"Productos\",\"item\":\"https:\/\/distribuidorpanelrey.com\/tienda\/\"},{\"@type\":\"ListItem\",\"position\":3,\"name\":\"IMPAC ASFALTO\"}]},{\"@type\":\"WebSite\",\"@id\":\"https:\/\/distribuidorpanelrey.com\/#website\",\"url\":\"https:\/\/distribuidorpanelrey.com\/\",\"name\":\"PANEL REY MEXICO\",\"description\":\"DISTRIBUIDOR PANEL REY\",\"publisher\":{\"@id\":\"https:\/\/distribuidorpanelrey.com\/#organization\"},\"alternateName\":\"DISTRIBUIDOR PANEL REY\",\"potentialAction\":[{\"@type\":\"SearchAction\",\"target\":{\"@type\":\"EntryPoint\",\"urlTemplate\":\"https:\/\/distribuidorpanelrey.com\/?s={search_term_string}\"},\"query-input\":{\"@type\":\"PropertyValueSpecification\",\"valueRequired\":true,\"valueName\":\"search_term_string\"}}],\"inLanguage\":\"es\"},{\"@type\":\"Organization\",\"@id\":\"https:\/\/distribuidorpanelrey.com\/#organization\",\"name\":\"PANEL REY MEXICO\",\"url\":\"https:\/\/distribuidorpanelrey.com\/\",\"logo\":{\"@type\":\"ImageObject\",\"inLanguage\":\"es\",\"@id\":\"https:\/\/distribuidorpanelrey.com\/#\/schema\/logo\/image\/\",\"url\":\"https:\/\/distribuidorpanelrey.com.mx\/wp-content\/uploads\/2023\/11\/panelrey.webp\",\"contentUrl\":\"https:\/\/distribuidorpanelrey.com.mx\/wp-content\/uploads\/2023\/11\/panelrey.webp\",\"width\":400,\"height\":150,\"caption\":\"PANEL REY MEXICO\"},\"image\":{\"@id\":\"https:\/\/distribuidorpanelrey.com\/#\/schema\/logo\/image\/\"},\"sameAs\":[\"https:\/\/www.facebook.com\/mexicopanelrey\/?locale=es_LA\",\"https:\/\/www.instagram.com\/panel_rey_mexico\/?hl=es\"]}]}<\/script>\n<!-- \/ Yoast SEO plugin. -->","yoast_head_json":{"title":"IMPAC ASFALTO - PANEL REY MEXICO","description":"La membrana prefabricada IMPAC ASFALTO es producida a base de asfalto no oxidado modificado con pol?mero APP y refuerzo de tela POLIESTER no tejida.","robots":{"index":"index","follow":"follow","max-snippet":"max-snippet:-1","max-image-preview":"max-image-preview:large","max-video-preview":"max-video-preview:-1"},"canonical":"https:\/\/distribuidorpanelrey.com.mx\/producto\/impac-asfalto\/","og_locale":"es_ES","og_type":"article","og_title":"IMPAC ASFALTO - PANEL REY MEXICO","og_description":"La membrana prefabricada IMPAC ASFALTO es producida a base de asfalto no oxidado modificado con pol?mero APP y refuerzo de tela POLIESTER no tejida.","og_url":"https:\/\/distribuidorpanelrey.com.mx\/producto\/impac-asfalto\/","og_site_name":"PANEL REY MEXICO","article_publisher":"https:\/\/www.facebook.com\/mexicopanelrey\/?locale=es_LA","article_modified_time":"2025-08-18T04:19:58+00:00","og_image":[{"width":500,"height":500,"url":"https:\/\/distribuidorpanelrey.com.mx\/wp-content\/uploads\/2025\/03\/IMPAC-MOD.webp","type":"image\/webp"}],"twitter_card":"summary_large_image","twitter_misc":{"Tiempo de lectura":"6 minutos"},"schema":{"@context":"https:\/\/schema.org","@graph":[{"@type":"WebPage","@id":"https:\/\/distribuidorpanelrey.com.mx\/producto\/impac-asfalto\/","url":"https:\/\/distribuidorpanelrey.com.mx\/producto\/impac-asfalto\/","name":"IMPAC ASFALTO - PANEL REY MEXICO","isPartOf":{"@id":"https:\/\/distribuidorpanelrey.com\/#website"},"primaryImageOfPage":{"@id":"https:\/\/distribuidorpanelrey.com.mx\/producto\/impac-asfalto\/#primaryimage"},"image":{"@id":"https:\/\/distribuidorpanelrey.com.mx\/producto\/impac-asfalto\/#primaryimage"},"thumbnailUrl":"https:\/\/distribuidorpanelrey.com.mx\/wp-content\/uploads\/2025\/03\/IMPAC-MOD.webp","datePublished":"2025-03-02T21:35:54+00:00","dateModified":"2025-08-18T04:19:58+00:00","description":"La membrana prefabricada IMPAC ASFALTO es producida a base de asfalto no oxidado modificado con pol?mero APP y refuerzo de tela POLIESTER no tejida.","breadcrumb":{"@id":"https:\/\/distribuidorpanelrey.com.mx\/producto\/impac-asfalto\/#breadcrumb"},"inLanguage":"es","potentialAction":[{"@type":"ReadAction","target":["https:\/\/distribuidorpanelrey.com.mx\/producto\/impac-asfalto\/"]}]},{"@type":"ImageObject","inLanguage":"es","@id":"https:\/\/distribuidorpanelrey.com.mx\/producto\/impac-asfalto\/#primaryimage","url":"https:\/\/distribuidorpanelrey.com.mx\/wp-content\/uploads\/2025\/03\/IMPAC-MOD.webp","contentUrl":"https:\/\/distribuidorpanelrey.com.mx\/wp-content\/uploads\/2025\/03\/IMPAC-MOD.webp","width":500,"height":500,"caption":"IMPAC ASFALTO"},{"@type":"BreadcrumbList","@id":"https:\/\/distribuidorpanelrey.com.mx\/producto\/impac-asfalto\/#breadcrumb","itemListElement":[{"@type":"ListItem","position":1,"name":"Portada","item":"https:\/\/distribuidorpanelrey.com.mx\/"},{"@type":"ListItem","position":2,"name":"Productos","item":"https:\/\/distribuidorpanelrey.com\/tienda\/"},{"@type":"ListItem","position":3,"name":"IMPAC ASFALTO"}]},{"@type":"WebSite","@id":"https:\/\/distribuidorpanelrey.com\/#website","url":"https:\/\/distribuidorpanelrey.com\/","name":"PANEL REY MEXICO","description":"DISTRIBUIDOR PANEL REY","publisher":{"@id":"https:\/\/distribuidorpanelrey.com\/#organization"},"alternateName":"DISTRIBUIDOR PANEL REY","potentialAction":[{"@type":"SearchAction","target":{"@type":"EntryPoint","urlTemplate":"https:\/\/distribuidorpanelrey.com\/?s={search_term_string}"},"query-input":{"@type":"PropertyValueSpecification","valueRequired":true,"valueName":"search_term_string"}}],"inLanguage":"es"},{"@type":"Organization","@id":"https:\/\/distribuidorpanelrey.com\/#organization","name":"PANEL REY MEXICO","url":"https:\/\/distribuidorpanelrey.com\/","logo":{"@type":"ImageObject","inLanguage":"es","@id":"https:\/\/distribuidorpanelrey.com\/#\/schema\/logo\/image\/","url":"https:\/\/distribuidorpanelrey.com.mx\/wp-content\/uploads\/2023\/11\/panelrey.webp","contentUrl":"https:\/\/distribuidorpanelrey.com.mx\/wp-content\/uploads\/2023\/11\/panelrey.webp","width":400,"height":150,"caption":"PANEL REY MEXICO"},"image":{"@id":"https:\/\/distribuidorpanelrey.com\/#\/schema\/logo\/image\/"},"sameAs":["https:\/\/www.facebook.com\/mexicopanelrey\/?locale=es_LA","https:\/\/www.instagram.com\/panel_rey_mexico\/?hl=es"]}]}},"_links":{"self":[{"href":"https:\/\/distribuidorpanelrey.com.mx\/wp-json\/wp\/v2\/product\/3569","targetHints":{"allow":["GET"]}}],"collection":[{"href":"https:\/\/distribuidorpanelrey.com.mx\/wp-json\/wp\/v2\/product"}],"about":[{"href":"https:\/\/distribuidorpanelrey.com.mx\/wp-json\/wp\/v2\/types\/product"}],"replies":[{"embeddable":true,"href":"https:\/\/distribuidorpanelrey.com.mx\/wp-json\/wp\/v2\/comments?post=3569"}],"version-history":[{"count":3,"href":"https:\/\/distribuidorpanelrey.com.mx\/wp-json\/wp\/v2\/product\/3569\/revisions"}],"predecessor-version":[{"id":4137,"href":"https:\/\/distribuidorpanelrey.com.mx\/wp-json\/wp\/v2\/product\/3569\/revisions\/4137"}],"wp:featuredmedia":[{"embeddable":true,"href":"https:\/\/distribuidorpanelrey.com.mx\/wp-json\/wp\/v2\/media\/3574"}],"wp:attachment":[{"href":"https:\/\/distribuidorpanelrey.com.mx\/wp-json\/wp\/v2\/media?parent=3569"}],"wp:term":[{"taxonomy":"product_brand","embeddable":true,"href":"https:\/\/distribuidorpanelrey.com.mx\/wp-json\/wp\/v2\/product_brand?post=3569"},{"taxonomy":"product_cat","embeddable":true,"href":"https:\/\/distribuidorpanelrey.com.mx\/wp-json\/wp\/v2\/product_cat?post=3569"},{"taxonomy":"product_tag","embeddable":true,"href":"https:\/\/distribuidorpanelrey.com.mx\/wp-json\/wp\/v2\/product_tag?post=3569"}],"curies":[{"name":"wp","href":"https:\/\/api.w.org\/{rel}","templated":true}]}}