{"id":3585,"date":"2025-03-03T06:14:04","date_gmt":"2025-03-03T06:14:04","guid":{"rendered":"https:\/\/distribuidorpanelrey.com.mx\/?post_type=product&#038;p=3585"},"modified":"2025-12-05T14:36:38","modified_gmt":"2025-12-05T14:36:38","slug":"impac-primer-svt-sr","status":"publish","type":"product","link":"https:\/\/distribuidorpanelrey.com.mx\/producto\/impac-primer-svt-sr\/","title":{"rendered":"IMPAC PRIMER SVT-SR"},"content":{"rendered":"<h3>IMPAC PRIMER SVT-SR<\/h3>\n<p>IMPAC PRIMER SVT-SR <span style=\"font-size: 17px;\">es un primario (primer) asf\u00e1ltico base solvente de secado r\u00e1pido. Es un compuesto de baja viscosidad elaborado con asfaltos refinados y solventes de r\u00e1pida evaporaci\u00f3n.\u00a0<\/span><\/p>\n<h4><strong>Usos<\/strong><\/h4>\n<ul>\n<li>como imprimador o tapa poros de f\u00e1cil aplicaci\u00f3n en superficies secas donde se aplicar\u00e1n sistemas de impermeabilizaci\u00f3n preferentemente base solvente o sistemas de membrana prefabricadas de asfalto modificado<\/li>\n<li>como sellador en muro<\/li>\n<li>se puede diluir con gasolina o thinner<\/li>\n<\/ul>\n<h4><strong>Aplicaci\u00f3n<\/strong><\/h4>\n<ul>\n<li>la superficie debe estar limpia, libre de polvo, aceite, grasa, parafina y material falsamente adherido<\/li>\n<li>agite IMPAC Primer SVT-SR hasta homogenizarlo<\/li>\n<li>como imprimador se sugiere diluir al 40% en volumen con solvente y aplicarlo a 1 mano<\/li>\n<li>como sellador de muros aplicar aplicar sin diluir<\/li>\n<li>dependiendo de la temperatura y humedad relativa del ambiente, tiene un tiempo de secado entre 2 y 4 horas<\/li>\n<\/ul>\n<h4><strong>Especificaciones<\/strong><\/h4>\n<table width=\"207\">\n<tbody>\n<tr>\n<td width=\"114\">Presentaci\u00f3n<\/td>\n<td width=\"93\">19 L<\/td>\n<\/tr>\n<tr>\n<td>Color<\/td>\n<td>Negro<\/td>\n<\/tr>\n<tr>\n<td>Densidad<\/td>\n<td>0.89 \u00b1 0.02<\/td>\n<\/tr>\n<tr>\n<td width=\"114\">Toxicidad<\/td>\n<td>por ingesti\u00f3n<\/td>\n<\/tr>\n<tr>\n<td>Consistencia<\/td>\n<td>fluida<\/td>\n<\/tr>\n<tr>\n<td>S\u00f3lidos en peso<\/td>\n<td>48 \u00b1 2%<\/td>\n<\/tr>\n<tr>\n<td>Secado al tacto<\/td>\n<td>1 hora<\/td>\n<\/tr>\n<tr>\n<td>Secado total<\/td>\n<td>4 horas<\/td>\n<\/tr>\n<tr>\n<td>Almacenamiento<\/td>\n<td>9 meses<\/td>\n<\/tr>\n<tr>\n<td>Rendimiento<\/td>\n<td>4 a 5 L\/m\u00b2<\/td>\n<\/tr>\n<\/tbody>\n<\/table>\n<h4><strong>Almacenamiento<\/strong><\/h4>\n<ul>\n<li>bajo techo, en un lugar fresco y seco, con su tapa herm\u00e9ticamente colocada<\/li>\n<li>no estibar m\u00e1s de 3 cubetas.<\/li>\n<\/ul>\n<h4><strong>Informaci\u00f3n adicional<\/strong><\/h4>\n<ul>\n<li>IMPAC Primer SVT-SR | <a href=\"https:\/\/www.impac.com.mx\/_files\/impac-primario-svt-sr.pdf\" target=\"_blank\" rel=\"noopener\">Ficha t\u00e9cnica<\/a><\/li>\n<\/ul>\n<p style=\"text-align: center;\">*En Distribuidor Panel Rey Mexico nos esforzamos por ofrecerte los mejores productos de\u00a0<a href=\"https:\/\/distribuidorpanelrey.com.mx\/tienda\/\">IMPAC<\/a> COMO IMPAC PRIMER SVT-SR<\/p>\n<p style=\"text-align: center;\">*La imagen puede diferir un poco del producto final *Los precios pueden variar sin previo aviso<br \/>\n*Los precios ya incluyen IVA *Se hacen env\u00edos a toda la Ciudad de Mexico , pregunte por nuestros descuentos en env\u00edos.<br \/>\n*Chatea con nosotros en nuestras redes sociales.<br \/>\n*Contactanos: Tel. 71-58-97-38 y 71-58-02-72.<br \/>\nNuestro correo: ventas@distribuidorpanelrey.com<br \/>\nDistribuidor Panel Rey Mexico<\/p>\n","protected":false},"excerpt":{"rendered":"<h4 style=\"text-align: center;\">Env\u00edos de 24 a 48 hr CDMX Y EDO MEX<\/h4>\n<p style=\"text-align: center;\">Rese\u00f1as\u00a0\u2605\u2605\u2605\u2605\u2605\u00a0 Env\u00edos Garantizados<\/p>\n<h4 style=\"text-align: center;\">\ud83d\udd25LOS MEJORES PRECIOS \ud83d\udd25<\/h4>\n","protected":false},"featured_media":3586,"comment_status":"closed","ping_status":"closed","template":"","meta":[],"product_brand":[559],"product_cat":[348],"product_tag":[146,531,530,532],"class_list":{"0":"post-3585","1":"product","2":"type-product","3":"status-publish","4":"has-post-thumbnail","6":"product_brand-impac","7":"product_cat-impermeabilizante","8":"product_tag-impac","9":"product_tag-impac-primer","10":"product_tag-impac-primer-svt-sr","11":"product_tag-primer","13":"first","14":"instock","15":"shipping-taxable","16":"purchasable","17":"product-type-simple"},"yoast_head":"<!-- This site is optimized with the Yoast SEO plugin v27.1.1 - https:\/\/yoast.com\/product\/yoast-seo-wordpress\/ -->\n<title>IMPAC PRIMER SVT-SR - PANEL REY MEXICO<\/title>\n<meta name=\"description\" content=\"IMPAC PRIMER SVT-SR es un primario (primer) de baja viscosidad elaborado con asfaltos refinados y solventes de rapida evaporacion.\" \/>\n<meta name=\"robots\" content=\"index, follow, max-snippet:-1, max-image-preview:large, max-video-preview:-1\" \/>\n<link rel=\"canonical\" href=\"https:\/\/distribuidorpanelrey.com.mx\/producto\/impac-primer-svt-sr\/\" \/>\n<meta property=\"og:locale\" content=\"es_ES\" \/>\n<meta property=\"og:type\" content=\"article\" \/>\n<meta property=\"og:title\" content=\"IMPAC PRIMER SVT-SR - PANEL REY MEXICO\" \/>\n<meta property=\"og:description\" content=\"IMPAC PRIMER SVT-SR es un primario (primer) de baja viscosidad elaborado con asfaltos refinados y solventes de rapida evaporacion.\" \/>\n<meta property=\"og:url\" content=\"https:\/\/distribuidorpanelrey.com.mx\/producto\/impac-primer-svt-sr\/\" \/>\n<meta property=\"og:site_name\" content=\"PANEL REY MEXICO\" \/>\n<meta property=\"article:publisher\" content=\"https:\/\/www.facebook.com\/mexicopanelrey\/?locale=es_LA\" \/>\n<meta property=\"article:modified_time\" content=\"2025-12-05T14:36:38+00:00\" \/>\n<meta property=\"og:image\" content=\"https:\/\/distribuidorpanelrey.com.mx\/wp-content\/uploads\/2025\/03\/Impac-VCEIMPRSVT-Primer-SVT-SR-cubeta-19lts-01-300x300-1.webp\" \/>\n\t<meta property=\"og:image:width\" content=\"300\" \/>\n\t<meta property=\"og:image:height\" content=\"300\" \/>\n\t<meta property=\"og:image:type\" content=\"image\/webp\" \/>\n<meta name=\"twitter:card\" content=\"summary_large_image\" \/>\n<meta name=\"twitter:label1\" content=\"Tiempo de lectura\" \/>\n\t<meta name=\"twitter:data1\" content=\"2 minutos\" \/>\n<script type=\"application\/ld+json\" class=\"yoast-schema-graph\">{\"@context\":\"https:\/\/schema.org\",\"@graph\":[{\"@type\":\"WebPage\",\"@id\":\"https:\/\/distribuidorpanelrey.com.mx\/producto\/impac-primer-svt-sr\/\",\"url\":\"https:\/\/distribuidorpanelrey.com.mx\/producto\/impac-primer-svt-sr\/\",\"name\":\"IMPAC PRIMER SVT-SR - PANEL REY MEXICO\",\"isPartOf\":{\"@id\":\"https:\/\/distribuidorpanelrey.com\/#website\"},\"primaryImageOfPage\":{\"@id\":\"https:\/\/distribuidorpanelrey.com.mx\/producto\/impac-primer-svt-sr\/#primaryimage\"},\"image\":{\"@id\":\"https:\/\/distribuidorpanelrey.com.mx\/producto\/impac-primer-svt-sr\/#primaryimage\"},\"thumbnailUrl\":\"https:\/\/distribuidorpanelrey.com.mx\/wp-content\/uploads\/2025\/03\/Impac-VCEIMPRSVT-Primer-SVT-SR-cubeta-19lts-01-300x300-1.webp\",\"datePublished\":\"2025-03-03T06:14:04+00:00\",\"dateModified\":\"2025-12-05T14:36:38+00:00\",\"description\":\"IMPAC PRIMER SVT-SR es un primario (primer) de baja viscosidad elaborado con asfaltos refinados y solventes de rapida evaporacion.\",\"breadcrumb\":{\"@id\":\"https:\/\/distribuidorpanelrey.com.mx\/producto\/impac-primer-svt-sr\/#breadcrumb\"},\"inLanguage\":\"es\",\"potentialAction\":[{\"@type\":\"ReadAction\",\"target\":[\"https:\/\/distribuidorpanelrey.com.mx\/producto\/impac-primer-svt-sr\/\"]}]},{\"@type\":\"ImageObject\",\"inLanguage\":\"es\",\"@id\":\"https:\/\/distribuidorpanelrey.com.mx\/producto\/impac-primer-svt-sr\/#primaryimage\",\"url\":\"https:\/\/distribuidorpanelrey.com.mx\/wp-content\/uploads\/2025\/03\/Impac-VCEIMPRSVT-Primer-SVT-SR-cubeta-19lts-01-300x300-1.webp\",\"contentUrl\":\"https:\/\/distribuidorpanelrey.com.mx\/wp-content\/uploads\/2025\/03\/Impac-VCEIMPRSVT-Primer-SVT-SR-cubeta-19lts-01-300x300-1.webp\",\"width\":300,\"height\":300,\"caption\":\"IMPAC PRIMER SVT-SR\"},{\"@type\":\"BreadcrumbList\",\"@id\":\"https:\/\/distribuidorpanelrey.com.mx\/producto\/impac-primer-svt-sr\/#breadcrumb\",\"itemListElement\":[{\"@type\":\"ListItem\",\"position\":1,\"name\":\"Portada\",\"item\":\"https:\/\/distribuidorpanelrey.com.mx\/\"},{\"@type\":\"ListItem\",\"position\":2,\"name\":\"Productos\",\"item\":\"https:\/\/distribuidorpanelrey.com\/tienda\/\"},{\"@type\":\"ListItem\",\"position\":3,\"name\":\"IMPAC PRIMER SVT-SR\"}]},{\"@type\":\"WebSite\",\"@id\":\"https:\/\/distribuidorpanelrey.com\/#website\",\"url\":\"https:\/\/distribuidorpanelrey.com\/\",\"name\":\"PANEL REY MEXICO\",\"description\":\"DISTRIBUIDOR PANEL REY\",\"publisher\":{\"@id\":\"https:\/\/distribuidorpanelrey.com\/#organization\"},\"alternateName\":\"DISTRIBUIDOR PANEL REY\",\"potentialAction\":[{\"@type\":\"SearchAction\",\"target\":{\"@type\":\"EntryPoint\",\"urlTemplate\":\"https:\/\/distribuidorpanelrey.com\/?s={search_term_string}\"},\"query-input\":{\"@type\":\"PropertyValueSpecification\",\"valueRequired\":true,\"valueName\":\"search_term_string\"}}],\"inLanguage\":\"es\"},{\"@type\":\"Organization\",\"@id\":\"https:\/\/distribuidorpanelrey.com\/#organization\",\"name\":\"PANEL REY MEXICO\",\"url\":\"https:\/\/distribuidorpanelrey.com\/\",\"logo\":{\"@type\":\"ImageObject\",\"inLanguage\":\"es\",\"@id\":\"https:\/\/distribuidorpanelrey.com\/#\/schema\/logo\/image\/\",\"url\":\"https:\/\/distribuidorpanelrey.com.mx\/wp-content\/uploads\/2023\/11\/panelrey.webp\",\"contentUrl\":\"https:\/\/distribuidorpanelrey.com.mx\/wp-content\/uploads\/2023\/11\/panelrey.webp\",\"width\":400,\"height\":150,\"caption\":\"PANEL REY MEXICO\"},\"image\":{\"@id\":\"https:\/\/distribuidorpanelrey.com\/#\/schema\/logo\/image\/\"},\"sameAs\":[\"https:\/\/www.facebook.com\/mexicopanelrey\/?locale=es_LA\",\"https:\/\/www.instagram.com\/panel_rey_mexico\/?hl=es\"]}]}<\/script>\n<!-- \/ Yoast SEO plugin. -->","yoast_head_json":{"title":"IMPAC PRIMER SVT-SR - PANEL REY MEXICO","description":"IMPAC PRIMER SVT-SR es un primario (primer) de baja viscosidad elaborado con asfaltos refinados y solventes de rapida evaporacion.","robots":{"index":"index","follow":"follow","max-snippet":"max-snippet:-1","max-image-preview":"max-image-preview:large","max-video-preview":"max-video-preview:-1"},"canonical":"https:\/\/distribuidorpanelrey.com.mx\/producto\/impac-primer-svt-sr\/","og_locale":"es_ES","og_type":"article","og_title":"IMPAC PRIMER SVT-SR - PANEL REY MEXICO","og_description":"IMPAC PRIMER SVT-SR es un primario (primer) de baja viscosidad elaborado con asfaltos refinados y solventes de rapida evaporacion.","og_url":"https:\/\/distribuidorpanelrey.com.mx\/producto\/impac-primer-svt-sr\/","og_site_name":"PANEL REY MEXICO","article_publisher":"https:\/\/www.facebook.com\/mexicopanelrey\/?locale=es_LA","article_modified_time":"2025-12-05T14:36:38+00:00","og_image":[{"width":300,"height":300,"url":"https:\/\/distribuidorpanelrey.com.mx\/wp-content\/uploads\/2025\/03\/Impac-VCEIMPRSVT-Primer-SVT-SR-cubeta-19lts-01-300x300-1.webp","type":"image\/webp"}],"twitter_card":"summary_large_image","twitter_misc":{"Tiempo de lectura":"2 minutos"},"schema":{"@context":"https:\/\/schema.org","@graph":[{"@type":"WebPage","@id":"https:\/\/distribuidorpanelrey.com.mx\/producto\/impac-primer-svt-sr\/","url":"https:\/\/distribuidorpanelrey.com.mx\/producto\/impac-primer-svt-sr\/","name":"IMPAC PRIMER SVT-SR - PANEL REY MEXICO","isPartOf":{"@id":"https:\/\/distribuidorpanelrey.com\/#website"},"primaryImageOfPage":{"@id":"https:\/\/distribuidorpanelrey.com.mx\/producto\/impac-primer-svt-sr\/#primaryimage"},"image":{"@id":"https:\/\/distribuidorpanelrey.com.mx\/producto\/impac-primer-svt-sr\/#primaryimage"},"thumbnailUrl":"https:\/\/distribuidorpanelrey.com.mx\/wp-content\/uploads\/2025\/03\/Impac-VCEIMPRSVT-Primer-SVT-SR-cubeta-19lts-01-300x300-1.webp","datePublished":"2025-03-03T06:14:04+00:00","dateModified":"2025-12-05T14:36:38+00:00","description":"IMPAC PRIMER SVT-SR es un primario (primer) de baja viscosidad elaborado con asfaltos refinados y solventes de rapida evaporacion.","breadcrumb":{"@id":"https:\/\/distribuidorpanelrey.com.mx\/producto\/impac-primer-svt-sr\/#breadcrumb"},"inLanguage":"es","potentialAction":[{"@type":"ReadAction","target":["https:\/\/distribuidorpanelrey.com.mx\/producto\/impac-primer-svt-sr\/"]}]},{"@type":"ImageObject","inLanguage":"es","@id":"https:\/\/distribuidorpanelrey.com.mx\/producto\/impac-primer-svt-sr\/#primaryimage","url":"https:\/\/distribuidorpanelrey.com.mx\/wp-content\/uploads\/2025\/03\/Impac-VCEIMPRSVT-Primer-SVT-SR-cubeta-19lts-01-300x300-1.webp","contentUrl":"https:\/\/distribuidorpanelrey.com.mx\/wp-content\/uploads\/2025\/03\/Impac-VCEIMPRSVT-Primer-SVT-SR-cubeta-19lts-01-300x300-1.webp","width":300,"height":300,"caption":"IMPAC PRIMER SVT-SR"},{"@type":"BreadcrumbList","@id":"https:\/\/distribuidorpanelrey.com.mx\/producto\/impac-primer-svt-sr\/#breadcrumb","itemListElement":[{"@type":"ListItem","position":1,"name":"Portada","item":"https:\/\/distribuidorpanelrey.com.mx\/"},{"@type":"ListItem","position":2,"name":"Productos","item":"https:\/\/distribuidorpanelrey.com\/tienda\/"},{"@type":"ListItem","position":3,"name":"IMPAC PRIMER SVT-SR"}]},{"@type":"WebSite","@id":"https:\/\/distribuidorpanelrey.com\/#website","url":"https:\/\/distribuidorpanelrey.com\/","name":"PANEL REY MEXICO","description":"DISTRIBUIDOR PANEL REY","publisher":{"@id":"https:\/\/distribuidorpanelrey.com\/#organization"},"alternateName":"DISTRIBUIDOR PANEL REY","potentialAction":[{"@type":"SearchAction","target":{"@type":"EntryPoint","urlTemplate":"https:\/\/distribuidorpanelrey.com\/?s={search_term_string}"},"query-input":{"@type":"PropertyValueSpecification","valueRequired":true,"valueName":"search_term_string"}}],"inLanguage":"es"},{"@type":"Organization","@id":"https:\/\/distribuidorpanelrey.com\/#organization","name":"PANEL REY MEXICO","url":"https:\/\/distribuidorpanelrey.com\/","logo":{"@type":"ImageObject","inLanguage":"es","@id":"https:\/\/distribuidorpanelrey.com\/#\/schema\/logo\/image\/","url":"https:\/\/distribuidorpanelrey.com.mx\/wp-content\/uploads\/2023\/11\/panelrey.webp","contentUrl":"https:\/\/distribuidorpanelrey.com.mx\/wp-content\/uploads\/2023\/11\/panelrey.webp","width":400,"height":150,"caption":"PANEL REY MEXICO"},"image":{"@id":"https:\/\/distribuidorpanelrey.com\/#\/schema\/logo\/image\/"},"sameAs":["https:\/\/www.facebook.com\/mexicopanelrey\/?locale=es_LA","https:\/\/www.instagram.com\/panel_rey_mexico\/?hl=es"]}]}},"_links":{"self":[{"href":"https:\/\/distribuidorpanelrey.com.mx\/wp-json\/wp\/v2\/product\/3585","targetHints":{"allow":["GET"]}}],"collection":[{"href":"https:\/\/distribuidorpanelrey.com.mx\/wp-json\/wp\/v2\/product"}],"about":[{"href":"https:\/\/distribuidorpanelrey.com.mx\/wp-json\/wp\/v2\/types\/product"}],"replies":[{"embeddable":true,"href":"https:\/\/distribuidorpanelrey.com.mx\/wp-json\/wp\/v2\/comments?post=3585"}],"version-history":[{"count":2,"href":"https:\/\/distribuidorpanelrey.com.mx\/wp-json\/wp\/v2\/product\/3585\/revisions"}],"predecessor-version":[{"id":6644,"href":"https:\/\/distribuidorpanelrey.com.mx\/wp-json\/wp\/v2\/product\/3585\/revisions\/6644"}],"wp:featuredmedia":[{"embeddable":true,"href":"https:\/\/distribuidorpanelrey.com.mx\/wp-json\/wp\/v2\/media\/3586"}],"wp:attachment":[{"href":"https:\/\/distribuidorpanelrey.com.mx\/wp-json\/wp\/v2\/media?parent=3585"}],"wp:term":[{"taxonomy":"product_brand","embeddable":true,"href":"https:\/\/distribuidorpanelrey.com.mx\/wp-json\/wp\/v2\/product_brand?post=3585"},{"taxonomy":"product_cat","embeddable":true,"href":"https:\/\/distribuidorpanelrey.com.mx\/wp-json\/wp\/v2\/product_cat?post=3585"},{"taxonomy":"product_tag","embeddable":true,"href":"https:\/\/distribuidorpanelrey.com.mx\/wp-json\/wp\/v2\/product_tag?post=3585"}],"curies":[{"name":"wp","href":"https:\/\/api.w.org\/{rel}","templated":true}]}}