{"id":3692,"date":"2025-03-13T00:55:53","date_gmt":"2025-03-13T00:55:53","guid":{"rendered":"https:\/\/distribuidorpanelrey.com.mx\/?post_type=product&#038;p=3692"},"modified":"2025-08-18T04:16:06","modified_gmt":"2025-08-18T04:16:06","slug":"corev-vinicemnt-grano-gfueso","status":"publish","type":"product","link":"https:\/\/distribuidorpanelrey.com.mx\/producto\/corev-vinicemnt-grano-gfueso\/","title":{"rendered":"COREV GRANO GRUESO (VINICEMENT R) BLANCO CUBETA"},"content":{"rendered":"<p data-start=\"477\" data-end=\"1010\"><strong>COREV VINICEMNT GRANO GFUESO<\/strong> es un recubrimiento texturizado de alta calidad, formulado en pasta con grano grueso de m\u00e1rmol natural. Gracias a su composici\u00f3n a base de copol\u00edmeros acr\u00edlicos en dispersi\u00f3n acuosa, pigmentos inorg\u00e1nicos, cargas minerales y aditivos especiales, este producto ofrece un acabado resistente, decorativo y duradero para todo tipo de superficies. Ideal para interiores y exteriores, <strong>COREV VINICEMNT<\/strong> GRANO GFUESO\u00a0garantiza una gran adherencia, bajo mantenimiento y excelente resistencia a la abrasi\u00f3n.<\/p>\n<p data-start=\"1012\" data-end=\"1429\">Este recubrimiento texturizado es perfecto para proyectos residenciales, comerciales o institucionales donde se busque un acabado robusto y decorativo. Su textura se adapta a una amplia variedad de estilos y se puede modificar f\u00e1cilmente con la herramienta deseada. El color est\u00e1 integrado, por lo que no requiere pintura adicional, y su manejabilidad lo convierte en un producto f\u00e1cil de aplicar y eficiente en obra.<\/p>\n<h3 data-start=\"1431\" data-end=\"1472\">\ud83d\udfe1 <strong data-start=\"1438\" data-end=\"1472\">Recomendaciones de aplicaci\u00f3n:<\/strong><\/h3>\n<ol data-start=\"1473\" data-end=\"1722\">\n<li data-start=\"1473\" data-end=\"1531\">\n<p data-start=\"1476\" data-end=\"1531\">Limpiar y sellar con <strong data-start=\"1497\" data-end=\"1528\">Sottofondo 1000, 3&#215;1 o 5000<\/strong>.<\/p>\n<\/li>\n<li data-start=\"1532\" data-end=\"1591\">\n<p data-start=\"1535\" data-end=\"1591\">Alisar la superficie con <strong data-start=\"1560\" data-end=\"1588\">Coverplast o Mascorev XT<\/strong>.<\/p>\n<\/li>\n<li data-start=\"1592\" data-end=\"1643\">\n<p data-start=\"1595\" data-end=\"1643\">Fondear con <strong data-start=\"1607\" data-end=\"1621\">Sottopaint<\/strong> al color dominante.<\/p>\n<\/li>\n<li data-start=\"1644\" data-end=\"1722\">\n<p data-start=\"1647\" data-end=\"1722\">Aplicar <strong data-start=\"1655\" data-end=\"1671\">Vinicement R<\/strong> con rodillo o llana, y dar la textura con talocha.<\/p>\n<\/li>\n<\/ol>\n<hr data-start=\"1724\" data-end=\"1727\" \/>\n<h3 data-start=\"1729\" data-end=\"1755\">\ud83d\udd35 <strong data-start=\"1736\" data-end=\"1753\">Presentaci\u00f3n:<\/strong><\/h3>\n<p data-start=\"1756\" data-end=\"1778\">Cubeta de <strong data-start=\"1766\" data-end=\"1778\">33 kg\/pq<\/strong><\/p>\n<hr data-start=\"1780\" data-end=\"1783\" \/>\n<h3 data-start=\"1785\" data-end=\"1829\">\ud83d\udfe2 <strong data-start=\"1792\" data-end=\"1829\">Ventajas \/ Beneficios destacados:<\/strong><\/h3>\n<ul data-start=\"1830\" data-end=\"2057\">\n<li data-start=\"1830\" data-end=\"1875\">\n<p data-start=\"1832\" data-end=\"1875\">Recubrimiento Corev durable y decorativo.<\/p>\n<\/li>\n<li data-start=\"1876\" data-end=\"1899\">\n<p data-start=\"1878\" data-end=\"1899\">Bajo mantenimiento.<\/p>\n<\/li>\n<li data-start=\"1900\" data-end=\"1940\">\n<p data-start=\"1902\" data-end=\"1940\">Texturas variadas seg\u00fan herramienta.<\/p>\n<\/li>\n<li data-start=\"1941\" data-end=\"1961\">\n<p data-start=\"1943\" data-end=\"1961\">Color integrado.<\/p>\n<\/li>\n<li data-start=\"1962\" data-end=\"1994\">\n<p data-start=\"1964\" data-end=\"1994\">Gran adherencia al sustrato.<\/p>\n<\/li>\n<li data-start=\"1995\" data-end=\"2030\">\n<p data-start=\"1997\" data-end=\"2030\">Alta resistencia a la abrasi\u00f3n.<\/p>\n<\/li>\n<li data-start=\"2031\" data-end=\"2057\">\n<p data-start=\"2033\" data-end=\"2057\">Excelente manejabilidad.<\/p>\n<\/li>\n<\/ul>\n<p>En\u00a0<strong data-start=\"82\" data-end=\"115\">Distribuidor Panel Rey M\u00e9xico<\/strong>\u00a0encuentras calidad y confianza en productos\u00a0<strong data-start=\"160\" data-end=\"172\">COREV<\/strong>.<br data-start=\"173\" data-end=\"176\" \/>\u00a0 \u00a0 \u00a0 \u00a0 \u00a0 \u00a0 \u00a0 \u00a0 \u00a0 \u00a0 \u00a0 \u00a0 \u00a0 \u00a0\u2705 Env\u00edos a toda la Rep\u00fablica Mexicana. \u00a1Pregunta por nuestras promociones vigentes!<br data-start=\"259\" data-end=\"262\" data-is-only-node=\"\" \/>\u00a0 \u00a0 \u00a0 \u00a0 \u00a0 \u00a0 \u00a0 \u00a0 \u00a0 \u00a0 \u00a0 \u00a0 \u00a0 \u00a0 \u00a0 \u00a0 \u00a0 \u00a0 \u00a0 \u00a0 \u00a0\u2705 Todos los precios incluyen IVA (sujetos a cambio sin previo aviso).<br data-start=\"331\" data-end=\"334\" \/>\u00a0 \u00a0 \u00a0 \u00a0 \u00a0 \u00a0 \u00a0 \u00a0 \u00a0 \u00a0 \u00a0 \u00a0 \u00a0 \u00a0 \u00a0 \u00a0\u2705 Im\u00e1genes ilustrativas, el producto final puede presentar ligeras variaciones.<br data-start=\"413\" data-end=\"416\" \/>\u00a0 \u00a0 \u00a0 \u00a0 \u00a0 \u00a0 \u00a0 \u00a0 \u00a0 \u00a0 \u00a0 \u00a0 \u00a0 \u00a0 \u00a0 \u00a0 \u00a0 \u00a0 \u00a0 \u00a0 \u00a0 \u00a0 \u00a0 \u00a0\ud83d\udcac \u00bfTienes dudas? Escr\u00edbenos por <a href=\"https:\/\/www.facebook.com\/mexicopanelrey\">Facebook<\/a>\u00a0o\u00a0<a href=\"https:\/\/www.instagram.com\/panel_rey_mexico\/\">Instagram<\/a>.<br data-start=\"470\" data-end=\"473\" \/>\u00a0 \u00a0 \u00a0 \u00a0 \u00a0 \u00a0 \u00a0 \u00a0 \u00a0 \u00a0 \u00a0 \u00a0 \u00a0 \u00a0 \u00a0 \u00a0 \u00a0 \u00a0 \u00a0 \u00a0 \u00a0 \u00a0 \u00a0 \u00a0 \u00a0\ud83d\udcde Tel: <a href=\"tel:55 7397 6243\">55 7397 6243<\/a>\u00a0| WhatsApp:\u00a0<a href=\"https:\/\/api.whatsapp.com\/send?phone=525573976243\">5573976243<\/a><br data-start=\"518\" data-end=\"521\" \/>\u00a0 \u00a0 \u00a0 \u00a0 \u00a0 \u00a0 \u00a0 \u00a0 \u00a0 \u00a0 \u00a0 \u00a0 \u00a0 \u00a0 \u00a0 \u00a0 \u00a0 \u00a0 \u00a0 \u00a0 \u00a0 \u00a0 \u00a0 \u00a0 \u00a0 \u00a0 \u00a0 \u00a0 \u00a0\ud83d\udce7 <a class=\"cursor-pointer\" href=\"mailto:ventas@distribuidorpanelrey.com\" rel=\"noopener\" data-start=\"524\" data-end=\"555\">ventas@distribuidorpanelrey.com<\/a><\/p>\n","protected":false},"excerpt":{"rendered":"<h4 style=\"text-align: center;\">Env\u00edos de 24 a 48 hr CDMX Y EDO MEX<\/h4>\n<p style=\"text-align: center;\">Rese\u00f1as\u00a0\u2605\u2605\u2605\u2605\u2605\u00a0 Env\u00edos Garantizados<\/p>\n<h4 style=\"text-align: center;\">\ud83d\udd25LOS MEJORES PRECIOS \ud83d\udd25<\/h4>\n<p>&nbsp;<\/p>\n","protected":false},"featured_media":3655,"comment_status":"closed","ping_status":"closed","template":"","meta":[],"product_brand":[564],"product_cat":[353],"product_tag":[265,166,354,256],"class_list":{"0":"post-3692","1":"product","2":"type-product","3":"status-publish","4":"has-post-thumbnail","6":"product_brand-corev","7":"product_cat-pintura-y-accesorios","8":"product_tag-distribudor","9":"product_tag-distribuidor-panel-rey","10":"product_tag-pintura","11":"product_tag-recubrimientos","13":"first","14":"instock","15":"shipping-taxable","16":"purchasable","17":"product-type-simple"},"yoast_head":"<!-- This site is optimized with the Yoast SEO plugin v27.1.1 - https:\/\/yoast.com\/product\/yoast-seo-wordpress\/ -->\n<title>COREV GRANO GRUESO (VINICEMENT R) BLANCO CUBETA - PANEL REY MEXICO<\/title>\n<meta name=\"description\" content=\"Recubrimiento COREV Vinicement con grano grueso. Ideal para muros exteriores e interiores con acabado texturizado. Alta resistencia y f\u00e1cil aplicaci\u00f3n.\" \/>\n<meta name=\"robots\" content=\"index, follow, max-snippet:-1, max-image-preview:large, max-video-preview:-1\" \/>\n<link rel=\"canonical\" href=\"https:\/\/distribuidorpanelrey.com.mx\/producto\/corev-vinicemnt-grano-gfueso\/\" \/>\n<meta property=\"og:locale\" content=\"es_ES\" \/>\n<meta property=\"og:type\" content=\"article\" \/>\n<meta property=\"og:title\" content=\"COREV GRANO GRUESO (VINICEMENT R) BLANCO CUBETA - PANEL REY MEXICO\" \/>\n<meta property=\"og:description\" content=\"Recubrimiento COREV Vinicement con grano grueso. Ideal para muros exteriores e interiores con acabado texturizado. Alta resistencia y f\u00e1cil aplicaci\u00f3n.\" \/>\n<meta property=\"og:url\" content=\"https:\/\/distribuidorpanelrey.com.mx\/producto\/corev-vinicemnt-grano-gfueso\/\" \/>\n<meta property=\"og:site_name\" content=\"PANEL REY MEXICO\" \/>\n<meta property=\"article:publisher\" content=\"https:\/\/www.facebook.com\/mexicopanelrey\/?locale=es_LA\" \/>\n<meta property=\"article:modified_time\" content=\"2025-08-18T04:16:06+00:00\" \/>\n<meta property=\"og:image\" content=\"https:\/\/distribuidorpanelrey.com.mx\/wp-content\/uploads\/2025\/03\/VINICEMENT-grano-grueso.webp\" \/>\n\t<meta property=\"og:image:width\" content=\"500\" \/>\n\t<meta property=\"og:image:height\" content=\"500\" \/>\n\t<meta property=\"og:image:type\" content=\"image\/webp\" \/>\n<meta name=\"twitter:card\" content=\"summary_large_image\" \/>\n<meta name=\"twitter:label1\" content=\"Tiempo de lectura\" \/>\n\t<meta name=\"twitter:data1\" content=\"2 minutos\" \/>\n<script type=\"application\/ld+json\" class=\"yoast-schema-graph\">{\"@context\":\"https:\/\/schema.org\",\"@graph\":[{\"@type\":\"WebPage\",\"@id\":\"https:\/\/distribuidorpanelrey.com.mx\/producto\/corev-vinicemnt-grano-gfueso\/\",\"url\":\"https:\/\/distribuidorpanelrey.com.mx\/producto\/corev-vinicemnt-grano-gfueso\/\",\"name\":\"COREV GRANO GRUESO (VINICEMENT R) BLANCO CUBETA - PANEL REY MEXICO\",\"isPartOf\":{\"@id\":\"https:\/\/distribuidorpanelrey.com\/#website\"},\"primaryImageOfPage\":{\"@id\":\"https:\/\/distribuidorpanelrey.com.mx\/producto\/corev-vinicemnt-grano-gfueso\/#primaryimage\"},\"image\":{\"@id\":\"https:\/\/distribuidorpanelrey.com.mx\/producto\/corev-vinicemnt-grano-gfueso\/#primaryimage\"},\"thumbnailUrl\":\"https:\/\/distribuidorpanelrey.com.mx\/wp-content\/uploads\/2025\/03\/VINICEMENT-grano-grueso.webp\",\"datePublished\":\"2025-03-13T00:55:53+00:00\",\"dateModified\":\"2025-08-18T04:16:06+00:00\",\"description\":\"Recubrimiento COREV Vinicement con grano grueso. Ideal para muros exteriores e interiores con acabado texturizado. Alta resistencia y f\u00e1cil aplicaci\u00f3n.\",\"breadcrumb\":{\"@id\":\"https:\/\/distribuidorpanelrey.com.mx\/producto\/corev-vinicemnt-grano-gfueso\/#breadcrumb\"},\"inLanguage\":\"es\",\"potentialAction\":[{\"@type\":\"ReadAction\",\"target\":[\"https:\/\/distribuidorpanelrey.com.mx\/producto\/corev-vinicemnt-grano-gfueso\/\"]}]},{\"@type\":\"ImageObject\",\"inLanguage\":\"es\",\"@id\":\"https:\/\/distribuidorpanelrey.com.mx\/producto\/corev-vinicemnt-grano-gfueso\/#primaryimage\",\"url\":\"https:\/\/distribuidorpanelrey.com.mx\/wp-content\/uploads\/2025\/03\/VINICEMENT-grano-grueso.webp\",\"contentUrl\":\"https:\/\/distribuidorpanelrey.com.mx\/wp-content\/uploads\/2025\/03\/VINICEMENT-grano-grueso.webp\",\"width\":500,\"height\":500},{\"@type\":\"BreadcrumbList\",\"@id\":\"https:\/\/distribuidorpanelrey.com.mx\/producto\/corev-vinicemnt-grano-gfueso\/#breadcrumb\",\"itemListElement\":[{\"@type\":\"ListItem\",\"position\":1,\"name\":\"Portada\",\"item\":\"https:\/\/distribuidorpanelrey.com.mx\/\"},{\"@type\":\"ListItem\",\"position\":2,\"name\":\"Productos\",\"item\":\"https:\/\/distribuidorpanelrey.com\/tienda\/\"},{\"@type\":\"ListItem\",\"position\":3,\"name\":\"COREV GRANO GRUESO (VINICEMENT R) BLANCO CUBETA\"}]},{\"@type\":\"WebSite\",\"@id\":\"https:\/\/distribuidorpanelrey.com\/#website\",\"url\":\"https:\/\/distribuidorpanelrey.com\/\",\"name\":\"PANEL REY MEXICO\",\"description\":\"DISTRIBUIDOR PANEL REY\",\"publisher\":{\"@id\":\"https:\/\/distribuidorpanelrey.com\/#organization\"},\"alternateName\":\"DISTRIBUIDOR PANEL REY\",\"potentialAction\":[{\"@type\":\"SearchAction\",\"target\":{\"@type\":\"EntryPoint\",\"urlTemplate\":\"https:\/\/distribuidorpanelrey.com\/?s={search_term_string}\"},\"query-input\":{\"@type\":\"PropertyValueSpecification\",\"valueRequired\":true,\"valueName\":\"search_term_string\"}}],\"inLanguage\":\"es\"},{\"@type\":\"Organization\",\"@id\":\"https:\/\/distribuidorpanelrey.com\/#organization\",\"name\":\"PANEL REY MEXICO\",\"url\":\"https:\/\/distribuidorpanelrey.com\/\",\"logo\":{\"@type\":\"ImageObject\",\"inLanguage\":\"es\",\"@id\":\"https:\/\/distribuidorpanelrey.com\/#\/schema\/logo\/image\/\",\"url\":\"https:\/\/distribuidorpanelrey.com.mx\/wp-content\/uploads\/2023\/11\/panelrey.webp\",\"contentUrl\":\"https:\/\/distribuidorpanelrey.com.mx\/wp-content\/uploads\/2023\/11\/panelrey.webp\",\"width\":400,\"height\":150,\"caption\":\"PANEL REY MEXICO\"},\"image\":{\"@id\":\"https:\/\/distribuidorpanelrey.com\/#\/schema\/logo\/image\/\"},\"sameAs\":[\"https:\/\/www.facebook.com\/mexicopanelrey\/?locale=es_LA\",\"https:\/\/www.instagram.com\/panel_rey_mexico\/?hl=es\"]}]}<\/script>\n<!-- \/ Yoast SEO plugin. -->","yoast_head_json":{"title":"COREV GRANO GRUESO (VINICEMENT R) BLANCO CUBETA - PANEL REY MEXICO","description":"Recubrimiento COREV Vinicement con grano grueso. Ideal para muros exteriores e interiores con acabado texturizado. Alta resistencia y f\u00e1cil aplicaci\u00f3n.","robots":{"index":"index","follow":"follow","max-snippet":"max-snippet:-1","max-image-preview":"max-image-preview:large","max-video-preview":"max-video-preview:-1"},"canonical":"https:\/\/distribuidorpanelrey.com.mx\/producto\/corev-vinicemnt-grano-gfueso\/","og_locale":"es_ES","og_type":"article","og_title":"COREV GRANO GRUESO (VINICEMENT R) BLANCO CUBETA - PANEL REY MEXICO","og_description":"Recubrimiento COREV Vinicement con grano grueso. Ideal para muros exteriores e interiores con acabado texturizado. Alta resistencia y f\u00e1cil aplicaci\u00f3n.","og_url":"https:\/\/distribuidorpanelrey.com.mx\/producto\/corev-vinicemnt-grano-gfueso\/","og_site_name":"PANEL REY MEXICO","article_publisher":"https:\/\/www.facebook.com\/mexicopanelrey\/?locale=es_LA","article_modified_time":"2025-08-18T04:16:06+00:00","og_image":[{"width":500,"height":500,"url":"https:\/\/distribuidorpanelrey.com.mx\/wp-content\/uploads\/2025\/03\/VINICEMENT-grano-grueso.webp","type":"image\/webp"}],"twitter_card":"summary_large_image","twitter_misc":{"Tiempo de lectura":"2 minutos"},"schema":{"@context":"https:\/\/schema.org","@graph":[{"@type":"WebPage","@id":"https:\/\/distribuidorpanelrey.com.mx\/producto\/corev-vinicemnt-grano-gfueso\/","url":"https:\/\/distribuidorpanelrey.com.mx\/producto\/corev-vinicemnt-grano-gfueso\/","name":"COREV GRANO GRUESO (VINICEMENT R) BLANCO CUBETA - PANEL REY MEXICO","isPartOf":{"@id":"https:\/\/distribuidorpanelrey.com\/#website"},"primaryImageOfPage":{"@id":"https:\/\/distribuidorpanelrey.com.mx\/producto\/corev-vinicemnt-grano-gfueso\/#primaryimage"},"image":{"@id":"https:\/\/distribuidorpanelrey.com.mx\/producto\/corev-vinicemnt-grano-gfueso\/#primaryimage"},"thumbnailUrl":"https:\/\/distribuidorpanelrey.com.mx\/wp-content\/uploads\/2025\/03\/VINICEMENT-grano-grueso.webp","datePublished":"2025-03-13T00:55:53+00:00","dateModified":"2025-08-18T04:16:06+00:00","description":"Recubrimiento COREV Vinicement con grano grueso. Ideal para muros exteriores e interiores con acabado texturizado. Alta resistencia y f\u00e1cil aplicaci\u00f3n.","breadcrumb":{"@id":"https:\/\/distribuidorpanelrey.com.mx\/producto\/corev-vinicemnt-grano-gfueso\/#breadcrumb"},"inLanguage":"es","potentialAction":[{"@type":"ReadAction","target":["https:\/\/distribuidorpanelrey.com.mx\/producto\/corev-vinicemnt-grano-gfueso\/"]}]},{"@type":"ImageObject","inLanguage":"es","@id":"https:\/\/distribuidorpanelrey.com.mx\/producto\/corev-vinicemnt-grano-gfueso\/#primaryimage","url":"https:\/\/distribuidorpanelrey.com.mx\/wp-content\/uploads\/2025\/03\/VINICEMENT-grano-grueso.webp","contentUrl":"https:\/\/distribuidorpanelrey.com.mx\/wp-content\/uploads\/2025\/03\/VINICEMENT-grano-grueso.webp","width":500,"height":500},{"@type":"BreadcrumbList","@id":"https:\/\/distribuidorpanelrey.com.mx\/producto\/corev-vinicemnt-grano-gfueso\/#breadcrumb","itemListElement":[{"@type":"ListItem","position":1,"name":"Portada","item":"https:\/\/distribuidorpanelrey.com.mx\/"},{"@type":"ListItem","position":2,"name":"Productos","item":"https:\/\/distribuidorpanelrey.com\/tienda\/"},{"@type":"ListItem","position":3,"name":"COREV GRANO GRUESO (VINICEMENT R) BLANCO CUBETA"}]},{"@type":"WebSite","@id":"https:\/\/distribuidorpanelrey.com\/#website","url":"https:\/\/distribuidorpanelrey.com\/","name":"PANEL REY MEXICO","description":"DISTRIBUIDOR PANEL REY","publisher":{"@id":"https:\/\/distribuidorpanelrey.com\/#organization"},"alternateName":"DISTRIBUIDOR PANEL REY","potentialAction":[{"@type":"SearchAction","target":{"@type":"EntryPoint","urlTemplate":"https:\/\/distribuidorpanelrey.com\/?s={search_term_string}"},"query-input":{"@type":"PropertyValueSpecification","valueRequired":true,"valueName":"search_term_string"}}],"inLanguage":"es"},{"@type":"Organization","@id":"https:\/\/distribuidorpanelrey.com\/#organization","name":"PANEL REY MEXICO","url":"https:\/\/distribuidorpanelrey.com\/","logo":{"@type":"ImageObject","inLanguage":"es","@id":"https:\/\/distribuidorpanelrey.com\/#\/schema\/logo\/image\/","url":"https:\/\/distribuidorpanelrey.com.mx\/wp-content\/uploads\/2023\/11\/panelrey.webp","contentUrl":"https:\/\/distribuidorpanelrey.com.mx\/wp-content\/uploads\/2023\/11\/panelrey.webp","width":400,"height":150,"caption":"PANEL REY MEXICO"},"image":{"@id":"https:\/\/distribuidorpanelrey.com\/#\/schema\/logo\/image\/"},"sameAs":["https:\/\/www.facebook.com\/mexicopanelrey\/?locale=es_LA","https:\/\/www.instagram.com\/panel_rey_mexico\/?hl=es"]}]}},"_links":{"self":[{"href":"https:\/\/distribuidorpanelrey.com.mx\/wp-json\/wp\/v2\/product\/3692","targetHints":{"allow":["GET"]}}],"collection":[{"href":"https:\/\/distribuidorpanelrey.com.mx\/wp-json\/wp\/v2\/product"}],"about":[{"href":"https:\/\/distribuidorpanelrey.com.mx\/wp-json\/wp\/v2\/types\/product"}],"replies":[{"embeddable":true,"href":"https:\/\/distribuidorpanelrey.com.mx\/wp-json\/wp\/v2\/comments?post=3692"}],"version-history":[{"count":4,"href":"https:\/\/distribuidorpanelrey.com.mx\/wp-json\/wp\/v2\/product\/3692\/revisions"}],"predecessor-version":[{"id":4064,"href":"https:\/\/distribuidorpanelrey.com.mx\/wp-json\/wp\/v2\/product\/3692\/revisions\/4064"}],"wp:featuredmedia":[{"embeddable":true,"href":"https:\/\/distribuidorpanelrey.com.mx\/wp-json\/wp\/v2\/media\/3655"}],"wp:attachment":[{"href":"https:\/\/distribuidorpanelrey.com.mx\/wp-json\/wp\/v2\/media?parent=3692"}],"wp:term":[{"taxonomy":"product_brand","embeddable":true,"href":"https:\/\/distribuidorpanelrey.com.mx\/wp-json\/wp\/v2\/product_brand?post=3692"},{"taxonomy":"product_cat","embeddable":true,"href":"https:\/\/distribuidorpanelrey.com.mx\/wp-json\/wp\/v2\/product_cat?post=3692"},{"taxonomy":"product_tag","embeddable":true,"href":"https:\/\/distribuidorpanelrey.com.mx\/wp-json\/wp\/v2\/product_tag?post=3692"}],"curies":[{"name":"wp","href":"https:\/\/api.w.org\/{rel}","templated":true}]}}