{"id":3698,"date":"2025-03-13T01:05:03","date_gmt":"2025-03-13T01:05:03","guid":{"rendered":"https:\/\/distribuidorpanelrey.com.mx\/?post_type=product&#038;p=3698"},"modified":"2025-08-18T04:16:06","modified_gmt":"2025-08-18T04:16:06","slug":"corev-sottofondo-5x1-500","status":"publish","type":"product","link":"https:\/\/distribuidorpanelrey.com.mx\/producto\/corev-sottofondo-5x1-500\/","title":{"rendered":"COREV SOTTOFONDO 5X1 (500)"},"content":{"rendered":"<p data-start=\"421\" data-end=\"768\">El <strong>COREV SOTTOFONDO 5X1 (500)<\/strong>\u00a0es un sellador e imprimador concentrado base agua, elaborado con copol\u00edmeros acr\u00edlicos y aditivos de alta calidad que permiten mejorar la adherencia y sellar eficazmente superficies porosas. Su f\u00f3rmula concentrada y diluible lo convierte en una opci\u00f3n rentable para preparar muros antes de aplicar acabados decorativos.<\/p>\n<p data-start=\"421\" data-end=\"768\">Este <strong>COREV SOTTOFONDO 5X1 (500)<\/strong>, es un producto que est\u00e1 dise\u00f1ado para aplicarse en interiores y exteriores, promoviendo una mejor absorci\u00f3n y retardando el secado de los acabados finales, lo que facilita un acabado m\u00e1s uniforme y profesional.<\/p>\n<hr data-start=\"977\" data-end=\"980\" \/>\n<h2 data-start=\"982\" data-end=\"1018\">Ventajas del Corev Sottofondo 5&#215;1<\/h2>\n<ul data-start=\"1020\" data-end=\"1472\">\n<li data-start=\"1020\" data-end=\"1085\">\n<p data-start=\"1022\" data-end=\"1085\"><strong data-start=\"1022\" data-end=\"1053\">Sella la porosidad del muro<\/strong>, evitando absorci\u00f3n excesiva.<\/p>\n<\/li>\n<li data-start=\"1086\" data-end=\"1152\">\n<p data-start=\"1088\" data-end=\"1152\"><strong data-start=\"1088\" data-end=\"1112\">Mejora la adherencia<\/strong> de productos decorativos posteriores.<\/p>\n<\/li>\n<li data-start=\"1153\" data-end=\"1223\">\n<p data-start=\"1155\" data-end=\"1223\"><strong data-start=\"1155\" data-end=\"1168\">Rinde m\u00e1s<\/strong>, ya que se diluye en proporci\u00f3n 1:5 con agua limpia.<\/p>\n<\/li>\n<li data-start=\"1224\" data-end=\"1289\">\n<p data-start=\"1226\" data-end=\"1289\"><strong data-start=\"1226\" data-end=\"1265\">Retarda el secado del acabado final<\/strong>, reduciendo empalmes.<\/p>\n<\/li>\n<li data-start=\"1290\" data-end=\"1347\">\n<p data-start=\"1292\" data-end=\"1347\"><strong data-start=\"1292\" data-end=\"1312\">F\u00e1cil aplicaci\u00f3n<\/strong> con brocha, rodillo o aspersi\u00f3n.<\/p>\n<\/li>\n<li data-start=\"1348\" data-end=\"1424\">\n<p data-start=\"1350\" data-end=\"1424\"><strong data-start=\"1350\" data-end=\"1376\">Aumenta el rendimiento<\/strong> de pinturas o texturizados aplicados despu\u00e9s.<\/p>\n<\/li>\n<li data-start=\"1425\" data-end=\"1472\">\n<p data-start=\"1427\" data-end=\"1472\"><strong data-start=\"1427\" data-end=\"1471\">Permite un anclaje correcto del sustrato<\/strong>.<\/p>\n<\/li>\n<\/ul>\n<hr data-start=\"1474\" data-end=\"1477\" \/>\n<h2 data-start=\"1479\" data-end=\"1511\">Recomendaciones de aplicaci\u00f3n<\/h2>\n<ol data-start=\"1513\" data-end=\"1822\">\n<li data-start=\"1513\" data-end=\"1597\">\n<p data-start=\"1516\" data-end=\"1597\">Aseg\u00farate de que la superficie est\u00e9 <strong data-start=\"1552\" data-end=\"1594\">seca, libre de grasa, polvo o residuos<\/strong>.<\/p>\n<\/li>\n<li data-start=\"1598\" data-end=\"1702\">\n<p data-start=\"1601\" data-end=\"1702\">Diluir el producto en una proporci\u00f3n de <strong data-start=\"1641\" data-end=\"1699\">1 parte de Sottofondo 5000 por 5 partes de agua limpia<\/strong>.<\/p>\n<\/li>\n<li data-start=\"1703\" data-end=\"1758\">\n<p data-start=\"1706\" data-end=\"1758\">Aplicar con brocha, rodillo o equipo de aspersi\u00f3n.<\/p>\n<\/li>\n<li data-start=\"1759\" data-end=\"1822\">\n<p data-start=\"1762\" data-end=\"1822\">Dejar secar completamente antes de aplicar el acabado final.<\/p>\n<\/li>\n<\/ol>\n<hr data-start=\"1824\" data-end=\"1827\" \/>\n<h2 data-start=\"1829\" data-end=\"1858\">Presentaciones disponibles<\/h2>\n<ul data-start=\"1860\" data-end=\"1930\">\n<li data-start=\"1860\" data-end=\"1882\">\n<p data-start=\"1862\" data-end=\"1882\"><strong data-start=\"1862\" data-end=\"1872\">Litro:<\/strong> 0.95 kg<\/p>\n<\/li>\n<li data-start=\"1883\" data-end=\"1905\">\n<p data-start=\"1885\" data-end=\"1905\"><strong data-start=\"1885\" data-end=\"1895\">Gal\u00f3n:<\/strong> 3.80 kg<\/p>\n<\/li>\n<li data-start=\"1906\" data-end=\"1930\">\n<p data-start=\"1908\" data-end=\"1930\"><strong data-start=\"1908\" data-end=\"1919\">Cubeta:<\/strong> 19.00 kg<\/p>\n<\/li>\n<\/ul>\n<p style=\"text-align: center;\">En\u00a0<strong data-start=\"82\" data-end=\"115\">Distribuidor Panel Rey M\u00e9xico<\/strong>\u00a0encuentras calidad y confianza en productos\u00a0<strong data-start=\"160\" data-end=\"172\">COREV<\/strong>.<br data-start=\"173\" data-end=\"176\" \/>\u2705 Env\u00edos a toda la Rep\u00fablica Mexicana. \u00a1Pregunta por nuestras promociones vigentes!<br data-start=\"259\" data-end=\"262\" data-is-only-node=\"\" \/>\u2705 Todos los precios incluyen IVA (sujetos a cambio sin previo aviso).<br data-start=\"331\" data-end=\"334\" \/>\u2705 Im\u00e1genes ilustrativas, el producto final puede presentar ligeras variaciones.<br data-start=\"413\" data-end=\"416\" \/>\ud83d\udcac \u00bfTienes dudas? Escr\u00edbenos por\u00a0<a href=\"https:\/\/www.facebook.com\/mexicopanelrey\">Facebook<\/a>\u00a0o\u00a0<a href=\"https:\/\/www.instagram.com\/panel_rey_mexico\/\">Instagram<\/a>.<br data-start=\"470\" data-end=\"473\" \/>\ud83d\udcde Tel:\u00a0<a href=\"tel:55 7397 6243\">55 7397 6243<\/a>\u00a0| WhatsApp:\u00a0<a href=\"https:\/\/api.whatsapp.com\/send?phone=525573976243\">5573976243<\/a><br data-start=\"518\" data-end=\"521\" \/>\ud83d\udce7\u00a0<a class=\"cursor-pointer\" href=\"mailto:ventas@distribuidorpanelrey.com\" rel=\"noopener\" data-start=\"524\" data-end=\"555\">ventas@distribuidorpanelrey.com<\/a><\/p>\n","protected":false},"excerpt":{"rendered":"<h4 style=\"text-align: center;\">Env\u00edos de 24 a 48 hr CDMX Y EDO MEX<\/h4>\n<p style=\"text-align: center;\">Rese\u00f1as\u00a0\u2605\u2605\u2605\u2605\u2605\u00a0 Env\u00edos Garantizados<\/p>\n<h4 style=\"text-align: center;\">\ud83d\udd25LOS MEJORES PRECIOS \ud83d\udd25<\/h4>\n","protected":false},"featured_media":3702,"comment_status":"closed","ping_status":"closed","template":"","meta":[],"product_brand":[564],"product_cat":[353],"product_tag":[575,576,421,436,354,572],"class_list":{"0":"post-3698","1":"product","2":"type-product","3":"status-publish","4":"has-post-thumbnail","6":"product_brand-corev","7":"product_cat-pintura-y-accesorios","8":"product_tag-cover","9":"product_tag-coverplast","10":"product_tag-cubeta-de-pintura","11":"product_tag-en-panel-rey-emxico-encontraras-la-mejor-calidad-en-productos-como-el-impermeabiliante-kover-secado-rapido-de-berel","12":"product_tag-pintura","13":"product_tag-texturizada","15":"first","16":"instock","17":"shipping-taxable","18":"purchasable","19":"product-type-variable"},"yoast_head":"<!-- This site is optimized with the Yoast SEO plugin v27.1.1 - https:\/\/yoast.com\/product\/yoast-seo-wordpress\/ -->\n<title>COREV SOTTOFONDO 5X1 (500) - PANEL REY MEXICO<\/title>\n<meta name=\"robots\" content=\"index, follow, max-snippet:-1, max-image-preview:large, max-video-preview:-1\" \/>\n<link rel=\"canonical\" href=\"https:\/\/distribuidorpanelrey.com.mx\/producto\/corev-sottofondo-5x1-500\/\" \/>\n<meta property=\"og:locale\" content=\"es_ES\" \/>\n<meta property=\"og:type\" content=\"article\" \/>\n<meta property=\"og:title\" content=\"COREV SOTTOFONDO 5X1 (500) - PANEL REY MEXICO\" \/>\n<meta property=\"og:description\" content=\"Env\u00edos de 24 a 48 hr CDMX Y EDO MEX Rese\u00f1as\u00a0\u2605\u2605\u2605\u2605\u2605\u00a0 Env\u00edos Garantizados  \ud83d\udd25LOS MEJORES PRECIOS \ud83d\udd25\" \/>\n<meta property=\"og:url\" content=\"https:\/\/distribuidorpanelrey.com.mx\/producto\/corev-sottofondo-5x1-500\/\" \/>\n<meta property=\"og:site_name\" content=\"PANEL REY MEXICO\" \/>\n<meta property=\"article:publisher\" content=\"https:\/\/www.facebook.com\/mexicopanelrey\/?locale=es_LA\" \/>\n<meta property=\"article:modified_time\" content=\"2025-08-18T04:16:06+00:00\" \/>\n<meta property=\"og:image\" content=\"https:\/\/distribuidorpanelrey.com.mx\/wp-content\/uploads\/2025\/03\/SOTTOFONDO-500.webp\" \/>\n\t<meta property=\"og:image:width\" content=\"500\" \/>\n\t<meta property=\"og:image:height\" content=\"500\" \/>\n\t<meta property=\"og:image:type\" content=\"image\/webp\" \/>\n<meta name=\"twitter:card\" content=\"summary_large_image\" \/>\n<meta name=\"twitter:label1\" content=\"Tiempo de lectura\" \/>\n\t<meta name=\"twitter:data1\" content=\"2 minutos\" \/>\n<script type=\"application\/ld+json\" class=\"yoast-schema-graph\">{\"@context\":\"https:\/\/schema.org\",\"@graph\":[{\"@type\":\"WebPage\",\"@id\":\"https:\/\/distribuidorpanelrey.com.mx\/producto\/corev-sottofondo-5x1-500\/\",\"url\":\"https:\/\/distribuidorpanelrey.com.mx\/producto\/corev-sottofondo-5x1-500\/\",\"name\":\"COREV SOTTOFONDO 5X1 (500) - PANEL REY MEXICO\",\"isPartOf\":{\"@id\":\"https:\/\/distribuidorpanelrey.com\/#website\"},\"primaryImageOfPage\":{\"@id\":\"https:\/\/distribuidorpanelrey.com.mx\/producto\/corev-sottofondo-5x1-500\/#primaryimage\"},\"image\":{\"@id\":\"https:\/\/distribuidorpanelrey.com.mx\/producto\/corev-sottofondo-5x1-500\/#primaryimage\"},\"thumbnailUrl\":\"https:\/\/distribuidorpanelrey.com.mx\/wp-content\/uploads\/2025\/03\/SOTTOFONDO-500.webp\",\"datePublished\":\"2025-03-13T01:05:03+00:00\",\"dateModified\":\"2025-08-18T04:16:06+00:00\",\"breadcrumb\":{\"@id\":\"https:\/\/distribuidorpanelrey.com.mx\/producto\/corev-sottofondo-5x1-500\/#breadcrumb\"},\"inLanguage\":\"es\",\"potentialAction\":[{\"@type\":\"ReadAction\",\"target\":[\"https:\/\/distribuidorpanelrey.com.mx\/producto\/corev-sottofondo-5x1-500\/\"]}]},{\"@type\":\"ImageObject\",\"inLanguage\":\"es\",\"@id\":\"https:\/\/distribuidorpanelrey.com.mx\/producto\/corev-sottofondo-5x1-500\/#primaryimage\",\"url\":\"https:\/\/distribuidorpanelrey.com.mx\/wp-content\/uploads\/2025\/03\/SOTTOFONDO-500.webp\",\"contentUrl\":\"https:\/\/distribuidorpanelrey.com.mx\/wp-content\/uploads\/2025\/03\/SOTTOFONDO-500.webp\",\"width\":500,\"height\":500},{\"@type\":\"BreadcrumbList\",\"@id\":\"https:\/\/distribuidorpanelrey.com.mx\/producto\/corev-sottofondo-5x1-500\/#breadcrumb\",\"itemListElement\":[{\"@type\":\"ListItem\",\"position\":1,\"name\":\"Portada\",\"item\":\"https:\/\/distribuidorpanelrey.com.mx\/\"},{\"@type\":\"ListItem\",\"position\":2,\"name\":\"Productos\",\"item\":\"https:\/\/distribuidorpanelrey.com\/tienda\/\"},{\"@type\":\"ListItem\",\"position\":3,\"name\":\"COREV SOTTOFONDO 5X1 (500)\"}]},{\"@type\":\"WebSite\",\"@id\":\"https:\/\/distribuidorpanelrey.com\/#website\",\"url\":\"https:\/\/distribuidorpanelrey.com\/\",\"name\":\"PANEL REY MEXICO\",\"description\":\"DISTRIBUIDOR PANEL REY\",\"publisher\":{\"@id\":\"https:\/\/distribuidorpanelrey.com\/#organization\"},\"alternateName\":\"DISTRIBUIDOR PANEL REY\",\"potentialAction\":[{\"@type\":\"SearchAction\",\"target\":{\"@type\":\"EntryPoint\",\"urlTemplate\":\"https:\/\/distribuidorpanelrey.com\/?s={search_term_string}\"},\"query-input\":{\"@type\":\"PropertyValueSpecification\",\"valueRequired\":true,\"valueName\":\"search_term_string\"}}],\"inLanguage\":\"es\"},{\"@type\":\"Organization\",\"@id\":\"https:\/\/distribuidorpanelrey.com\/#organization\",\"name\":\"PANEL REY MEXICO\",\"url\":\"https:\/\/distribuidorpanelrey.com\/\",\"logo\":{\"@type\":\"ImageObject\",\"inLanguage\":\"es\",\"@id\":\"https:\/\/distribuidorpanelrey.com\/#\/schema\/logo\/image\/\",\"url\":\"https:\/\/distribuidorpanelrey.com.mx\/wp-content\/uploads\/2023\/11\/panelrey.webp\",\"contentUrl\":\"https:\/\/distribuidorpanelrey.com.mx\/wp-content\/uploads\/2023\/11\/panelrey.webp\",\"width\":400,\"height\":150,\"caption\":\"PANEL REY MEXICO\"},\"image\":{\"@id\":\"https:\/\/distribuidorpanelrey.com\/#\/schema\/logo\/image\/\"},\"sameAs\":[\"https:\/\/www.facebook.com\/mexicopanelrey\/?locale=es_LA\",\"https:\/\/www.instagram.com\/panel_rey_mexico\/?hl=es\"]}]}<\/script>\n<!-- \/ Yoast SEO plugin. -->","yoast_head_json":{"title":"COREV SOTTOFONDO 5X1 (500) - PANEL REY MEXICO","robots":{"index":"index","follow":"follow","max-snippet":"max-snippet:-1","max-image-preview":"max-image-preview:large","max-video-preview":"max-video-preview:-1"},"canonical":"https:\/\/distribuidorpanelrey.com.mx\/producto\/corev-sottofondo-5x1-500\/","og_locale":"es_ES","og_type":"article","og_title":"COREV SOTTOFONDO 5X1 (500) - PANEL REY MEXICO","og_description":"Env\u00edos de 24 a 48 hr CDMX Y EDO MEX Rese\u00f1as\u00a0\u2605\u2605\u2605\u2605\u2605\u00a0 Env\u00edos Garantizados  \ud83d\udd25LOS MEJORES PRECIOS \ud83d\udd25","og_url":"https:\/\/distribuidorpanelrey.com.mx\/producto\/corev-sottofondo-5x1-500\/","og_site_name":"PANEL REY MEXICO","article_publisher":"https:\/\/www.facebook.com\/mexicopanelrey\/?locale=es_LA","article_modified_time":"2025-08-18T04:16:06+00:00","og_image":[{"width":500,"height":500,"url":"https:\/\/distribuidorpanelrey.com.mx\/wp-content\/uploads\/2025\/03\/SOTTOFONDO-500.webp","type":"image\/webp"}],"twitter_card":"summary_large_image","twitter_misc":{"Tiempo de lectura":"2 minutos"},"schema":{"@context":"https:\/\/schema.org","@graph":[{"@type":"WebPage","@id":"https:\/\/distribuidorpanelrey.com.mx\/producto\/corev-sottofondo-5x1-500\/","url":"https:\/\/distribuidorpanelrey.com.mx\/producto\/corev-sottofondo-5x1-500\/","name":"COREV SOTTOFONDO 5X1 (500) - PANEL REY MEXICO","isPartOf":{"@id":"https:\/\/distribuidorpanelrey.com\/#website"},"primaryImageOfPage":{"@id":"https:\/\/distribuidorpanelrey.com.mx\/producto\/corev-sottofondo-5x1-500\/#primaryimage"},"image":{"@id":"https:\/\/distribuidorpanelrey.com.mx\/producto\/corev-sottofondo-5x1-500\/#primaryimage"},"thumbnailUrl":"https:\/\/distribuidorpanelrey.com.mx\/wp-content\/uploads\/2025\/03\/SOTTOFONDO-500.webp","datePublished":"2025-03-13T01:05:03+00:00","dateModified":"2025-08-18T04:16:06+00:00","breadcrumb":{"@id":"https:\/\/distribuidorpanelrey.com.mx\/producto\/corev-sottofondo-5x1-500\/#breadcrumb"},"inLanguage":"es","potentialAction":[{"@type":"ReadAction","target":["https:\/\/distribuidorpanelrey.com.mx\/producto\/corev-sottofondo-5x1-500\/"]}]},{"@type":"ImageObject","inLanguage":"es","@id":"https:\/\/distribuidorpanelrey.com.mx\/producto\/corev-sottofondo-5x1-500\/#primaryimage","url":"https:\/\/distribuidorpanelrey.com.mx\/wp-content\/uploads\/2025\/03\/SOTTOFONDO-500.webp","contentUrl":"https:\/\/distribuidorpanelrey.com.mx\/wp-content\/uploads\/2025\/03\/SOTTOFONDO-500.webp","width":500,"height":500},{"@type":"BreadcrumbList","@id":"https:\/\/distribuidorpanelrey.com.mx\/producto\/corev-sottofondo-5x1-500\/#breadcrumb","itemListElement":[{"@type":"ListItem","position":1,"name":"Portada","item":"https:\/\/distribuidorpanelrey.com.mx\/"},{"@type":"ListItem","position":2,"name":"Productos","item":"https:\/\/distribuidorpanelrey.com\/tienda\/"},{"@type":"ListItem","position":3,"name":"COREV SOTTOFONDO 5X1 (500)"}]},{"@type":"WebSite","@id":"https:\/\/distribuidorpanelrey.com\/#website","url":"https:\/\/distribuidorpanelrey.com\/","name":"PANEL REY MEXICO","description":"DISTRIBUIDOR PANEL REY","publisher":{"@id":"https:\/\/distribuidorpanelrey.com\/#organization"},"alternateName":"DISTRIBUIDOR PANEL REY","potentialAction":[{"@type":"SearchAction","target":{"@type":"EntryPoint","urlTemplate":"https:\/\/distribuidorpanelrey.com\/?s={search_term_string}"},"query-input":{"@type":"PropertyValueSpecification","valueRequired":true,"valueName":"search_term_string"}}],"inLanguage":"es"},{"@type":"Organization","@id":"https:\/\/distribuidorpanelrey.com\/#organization","name":"PANEL REY MEXICO","url":"https:\/\/distribuidorpanelrey.com\/","logo":{"@type":"ImageObject","inLanguage":"es","@id":"https:\/\/distribuidorpanelrey.com\/#\/schema\/logo\/image\/","url":"https:\/\/distribuidorpanelrey.com.mx\/wp-content\/uploads\/2023\/11\/panelrey.webp","contentUrl":"https:\/\/distribuidorpanelrey.com.mx\/wp-content\/uploads\/2023\/11\/panelrey.webp","width":400,"height":150,"caption":"PANEL REY MEXICO"},"image":{"@id":"https:\/\/distribuidorpanelrey.com\/#\/schema\/logo\/image\/"},"sameAs":["https:\/\/www.facebook.com\/mexicopanelrey\/?locale=es_LA","https:\/\/www.instagram.com\/panel_rey_mexico\/?hl=es"]}]}},"_links":{"self":[{"href":"https:\/\/distribuidorpanelrey.com.mx\/wp-json\/wp\/v2\/product\/3698","targetHints":{"allow":["GET"]}}],"collection":[{"href":"https:\/\/distribuidorpanelrey.com.mx\/wp-json\/wp\/v2\/product"}],"about":[{"href":"https:\/\/distribuidorpanelrey.com.mx\/wp-json\/wp\/v2\/types\/product"}],"replies":[{"embeddable":true,"href":"https:\/\/distribuidorpanelrey.com.mx\/wp-json\/wp\/v2\/comments?post=3698"}],"version-history":[{"count":3,"href":"https:\/\/distribuidorpanelrey.com.mx\/wp-json\/wp\/v2\/product\/3698\/revisions"}],"predecessor-version":[{"id":4096,"href":"https:\/\/distribuidorpanelrey.com.mx\/wp-json\/wp\/v2\/product\/3698\/revisions\/4096"}],"wp:featuredmedia":[{"embeddable":true,"href":"https:\/\/distribuidorpanelrey.com.mx\/wp-json\/wp\/v2\/media\/3702"}],"wp:attachment":[{"href":"https:\/\/distribuidorpanelrey.com.mx\/wp-json\/wp\/v2\/media?parent=3698"}],"wp:term":[{"taxonomy":"product_brand","embeddable":true,"href":"https:\/\/distribuidorpanelrey.com.mx\/wp-json\/wp\/v2\/product_brand?post=3698"},{"taxonomy":"product_cat","embeddable":true,"href":"https:\/\/distribuidorpanelrey.com.mx\/wp-json\/wp\/v2\/product_cat?post=3698"},{"taxonomy":"product_tag","embeddable":true,"href":"https:\/\/distribuidorpanelrey.com.mx\/wp-json\/wp\/v2\/product_tag?post=3698"}],"curies":[{"name":"wp","href":"https:\/\/api.w.org\/{rel}","templated":true}]}}