{"id":4031,"date":"2025-07-14T01:35:09","date_gmt":"2025-07-14T01:35:09","guid":{"rendered":"https:\/\/distribuidorpanelrey.com.mx\/?post_type=product&#038;p=4031"},"modified":"2026-01-28T03:35:08","modified_gmt":"2026-01-28T03:35:08","slug":"fortec-pega-muro","status":"publish","type":"product","link":"https:\/\/distribuidorpanelrey.com.mx\/producto\/fortec-pega-muro\/","title":{"rendered":"FORTEC PEGA MURO"},"content":{"rendered":"<h3>FORTEC PEGA MURO<\/h3>\n<p>FORTEC PEGA MURO es un adhesivo en color blanco especializado para adherir azulejo de alta, media y baja absorci\u00f3n de agua en muros y plafones.<\/p>\n<h4><strong>Ventajas<\/strong><\/h4>\n<ul>\n<li>f\u00e1cil manejo y aplicaci\u00f3n consistente<\/li>\n<li>adherencia inmejorable<\/li>\n<li>resistente a la humedad<\/li>\n<li>gran resistencia al deslizamiento<\/li>\n<li>desperdicio m\u00ednimo de material<\/li>\n<li>propiedades antideslizantes superiores a cualquier adhesivo similar<\/li>\n<\/ul>\n<h4><strong>Usos<\/strong><\/h4>\n<ul>\n<li>se emplea como adhesivo para losetas y recubrimientos con formatos grandes y pesados, colocadas en superficies verticales (interiores o exteriores) que requieren gran resistencia al deslizamiento<\/li>\n<\/ul>\n<h4><strong>Recomendaciones<\/strong><\/h4>\n<p>Antes de preparar la mezcla, es necesario acondicionar la superficie, la cual deber\u00e1 estar perfectamente nivelada y limpia, libre de polvo, aceites, grasas, pintura en mal estado, ceras o cualquier otro tipo de impurezas.<\/p>\n<p>No se recomienda para pegar porcelanatos y\/o cer\u00e1micas de nula absorci\u00f3n<\/p>\n<h4><strong>Rendimiento<\/strong><\/h4>\n<p>Rendir\u00e1 aproximadamente de 4 a 5 m\u00b2 por saco de 20 kg, cuando se aplica sobre superficies lisas. El rendimiento podr\u00e1 cambiar de acuerdo a:<\/p>\n<ul>\n<li>nivelaci\u00f3n y rugosidad del sustrato<\/li>\n<li>variaci\u00f3n de calibre de la aplicaci\u00f3n<\/li>\n<li>al dibujo posterior de la pieza<\/li>\n<\/ul>\n<h4><strong>Especificaciones<\/strong><\/h4>\n<table width=\"367\">\n<tbody>\n<tr>\n<td width=\"287\">Presentaci\u00f3n<\/td>\n<td width=\"80\">Saco 20 kg<\/td>\n<\/tr>\n<tr>\n<td>Tiempo abierto *<\/td>\n<td>15 min<\/td>\n<\/tr>\n<tr>\n<td>Ajustabilidad *<\/td>\n<td>10 min<\/td>\n<\/tr>\n<tr>\n<td>Tiempo de vida * (sin perder sus propiedades)<\/td>\n<td>2 horas<\/td>\n<\/tr>\n<tr>\n<td>Deslizamiento (en pared vertical)<\/td>\n<td>0.05 mm<\/td>\n<\/tr>\n<tr>\n<td>Resistencia a la compresi\u00f3n<\/td>\n<td>28 kgf\/cm\u00b2<\/td>\n<\/tr>\n<tr>\n<td>Resistencia a la tensi\u00f3n en funci\u00f3n al tiempo<\/td>\n<td>0.4 N\/mm\u00b2<\/td>\n<\/tr>\n<tr>\n<td>Resistencia al corte Sust.\/Sust. De 18% abs<\/td>\n<td>12.4 kgf\/cm\u00b2<\/td>\n<\/tr>\n<\/tbody>\n<\/table>\n<ul>\n<li>* el tiempo es considerado en condiciones de 25\u00b0C y humedad relativa de 60%<\/li>\n<\/ul>\n<h4><\/h4>\n<h4><strong>Informaci\u00f3n adicional<\/strong><\/h4>\n<ul>\n<li>FORTEC Pega muro blanco |\u00a0<a href=\"https:\/\/grupofortecmx.com\/wp-content\/uploads\/2019\/04\/PEGA-MURO-FORTEC.pdf\" target=\"_blank\" rel=\"noopener\">Ficha t\u00e9cnica<\/a><\/li>\n<\/ul>\n<p style=\"text-align: center;\">En\u00a0<strong data-start=\"82\" data-end=\"115\">Distribuidor Panel Rey M\u00e9xico<\/strong> encuentras calidad y confianza en productos FORTEC.<br data-start=\"173\" data-end=\"176\" \/>\u2705 Env\u00edos a toda la Rep\u00fablica Mexicana. \u00a1Pregunta por nuestras promociones vigentes!<br data-start=\"259\" data-end=\"262\" data-is-only-node=\"\" \/>\u2705 Todos los precios incluyen IVA (sujetos a cambio sin previo aviso).<br data-start=\"331\" data-end=\"334\" \/>\u2705 Im\u00e1genes ilustrativas, el producto final puede presentar ligeras variaciones.<br data-start=\"413\" data-end=\"416\" \/>\ud83d\udcac \u00bfTienes dudas? Escr\u00edbenos por\u00a0<a href=\"https:\/\/www.facebook.com\/mexicopanelrey\">Facebook<\/a>\u00a0o\u00a0<a href=\"https:\/\/www.instagram.com\/panel_rey_mexico\/\">Instagram<\/a>.<br data-start=\"470\" data-end=\"473\" \/>\ud83d\udcde Tel:\u00a0<a href=\"tel:55 7397 6243\">55 7397 6243<\/a>\u00a0| WhatsApp:\u00a0<a href=\"https:\/\/api.whatsapp.com\/send?phone=525573976243\">5573976243<\/a><br data-start=\"518\" data-end=\"521\" \/>\ud83d\udce7\u00a0<a class=\"cursor-pointer\" href=\"mailto:ventas@distribuidorpanelrey.com\" rel=\"noopener\" data-start=\"524\" data-end=\"555\">ventas@distribuidorpanelrey.com<\/a><\/p>\n","protected":false},"excerpt":{"rendered":"<h4 style=\"text-align: center;\">Env\u00edos de 24 a 48 hr CDMX Y EDO MEX<\/h4>\n<p style=\"text-align: center;\">Rese\u00f1as\u00a0\u2605\u2605\u2605\u2605\u2605\u00a0 Env\u00edos Garantizados<\/p>\n<h4 style=\"text-align: center;\">\ud83d\udd25LOS MEJORES PRECIOS \ud83d\udd25<\/h4>\n","protected":false},"featured_media":4032,"comment_status":"closed","ping_status":"closed","template":"","meta":[],"product_brand":[555],"product_cat":[35],"product_tag":[345,593,594],"class_list":{"0":"post-4031","1":"product","2":"type-product","3":"status-publish","4":"has-post-thumbnail","6":"product_brand-fortec","7":"product_cat-compuestos-y-polvos","8":"product_tag-fortec","9":"product_tag-pega-muro","10":"product_tag-polvo","12":"first","13":"instock","14":"shipping-taxable","15":"purchasable","16":"product-type-simple"},"yoast_head":"<!-- This site is optimized with the Yoast SEO plugin v27.1.1 - https:\/\/yoast.com\/product\/yoast-seo-wordpress\/ -->\n<title>FORTEC PEGA MURO - PANEL REY MEXICO<\/title>\n<meta name=\"description\" content=\"FORTEC PEGA MURO: adhesivo de alta resistencia para muros y bloques. F\u00e1cil aplicaci\u00f3n, gran durabilidad y m\u00e1xima adherencia para construcci\u00f3n segura.\" \/>\n<meta name=\"robots\" content=\"index, follow, max-snippet:-1, max-image-preview:large, max-video-preview:-1\" \/>\n<link rel=\"canonical\" href=\"https:\/\/distribuidorpanelrey.com.mx\/producto\/fortec-pega-muro\/\" \/>\n<meta property=\"og:locale\" content=\"es_ES\" \/>\n<meta property=\"og:type\" content=\"article\" \/>\n<meta property=\"og:title\" content=\"FORTEC PEGA MURO - PANEL REY MEXICO\" \/>\n<meta property=\"og:description\" content=\"FORTEC PEGA MURO: adhesivo de alta resistencia para muros y bloques. F\u00e1cil aplicaci\u00f3n, gran durabilidad y m\u00e1xima adherencia para construcci\u00f3n segura.\" \/>\n<meta property=\"og:url\" content=\"https:\/\/distribuidorpanelrey.com.mx\/producto\/fortec-pega-muro\/\" \/>\n<meta property=\"og:site_name\" content=\"PANEL REY MEXICO\" \/>\n<meta property=\"article:publisher\" content=\"https:\/\/www.facebook.com\/mexicopanelrey\/?locale=es_LA\" \/>\n<meta property=\"article:modified_time\" content=\"2026-01-28T03:35:08+00:00\" \/>\n<meta property=\"og:image\" content=\"https:\/\/distribuidorpanelrey.com.mx\/wp-content\/uploads\/2025\/07\/Fortec-FT1005-Pega-Muro-Blanco-20kg-01.webp\" \/>\n\t<meta property=\"og:image:width\" content=\"500\" \/>\n\t<meta property=\"og:image:height\" content=\"500\" \/>\n\t<meta property=\"og:image:type\" content=\"image\/webp\" \/>\n<meta name=\"twitter:card\" content=\"summary_large_image\" \/>\n<meta name=\"twitter:label1\" content=\"Tiempo de lectura\" \/>\n\t<meta name=\"twitter:data1\" content=\"2 minutos\" \/>\n<script type=\"application\/ld+json\" class=\"yoast-schema-graph\">{\"@context\":\"https:\/\/schema.org\",\"@graph\":[{\"@type\":\"WebPage\",\"@id\":\"https:\/\/distribuidorpanelrey.com.mx\/producto\/fortec-pega-muro\/\",\"url\":\"https:\/\/distribuidorpanelrey.com.mx\/producto\/fortec-pega-muro\/\",\"name\":\"FORTEC PEGA MURO - PANEL REY MEXICO\",\"isPartOf\":{\"@id\":\"https:\/\/distribuidorpanelrey.com\/#website\"},\"primaryImageOfPage\":{\"@id\":\"https:\/\/distribuidorpanelrey.com.mx\/producto\/fortec-pega-muro\/#primaryimage\"},\"image\":{\"@id\":\"https:\/\/distribuidorpanelrey.com.mx\/producto\/fortec-pega-muro\/#primaryimage\"},\"thumbnailUrl\":\"https:\/\/distribuidorpanelrey.com.mx\/wp-content\/uploads\/2025\/07\/Fortec-FT1005-Pega-Muro-Blanco-20kg-01.webp\",\"datePublished\":\"2025-07-14T01:35:09+00:00\",\"dateModified\":\"2026-01-28T03:35:08+00:00\",\"description\":\"FORTEC PEGA MURO: adhesivo de alta resistencia para muros y bloques. F\u00e1cil aplicaci\u00f3n, gran durabilidad y m\u00e1xima adherencia para construcci\u00f3n segura.\",\"breadcrumb\":{\"@id\":\"https:\/\/distribuidorpanelrey.com.mx\/producto\/fortec-pega-muro\/#breadcrumb\"},\"inLanguage\":\"es\",\"potentialAction\":[{\"@type\":\"ReadAction\",\"target\":[\"https:\/\/distribuidorpanelrey.com.mx\/producto\/fortec-pega-muro\/\"]}]},{\"@type\":\"ImageObject\",\"inLanguage\":\"es\",\"@id\":\"https:\/\/distribuidorpanelrey.com.mx\/producto\/fortec-pega-muro\/#primaryimage\",\"url\":\"https:\/\/distribuidorpanelrey.com.mx\/wp-content\/uploads\/2025\/07\/Fortec-FT1005-Pega-Muro-Blanco-20kg-01.webp\",\"contentUrl\":\"https:\/\/distribuidorpanelrey.com.mx\/wp-content\/uploads\/2025\/07\/Fortec-FT1005-Pega-Muro-Blanco-20kg-01.webp\",\"width\":500,\"height\":500},{\"@type\":\"BreadcrumbList\",\"@id\":\"https:\/\/distribuidorpanelrey.com.mx\/producto\/fortec-pega-muro\/#breadcrumb\",\"itemListElement\":[{\"@type\":\"ListItem\",\"position\":1,\"name\":\"Portada\",\"item\":\"https:\/\/distribuidorpanelrey.com.mx\/\"},{\"@type\":\"ListItem\",\"position\":2,\"name\":\"Productos\",\"item\":\"https:\/\/distribuidorpanelrey.com\/tienda\/\"},{\"@type\":\"ListItem\",\"position\":3,\"name\":\"FORTEC PEGA MURO\"}]},{\"@type\":\"WebSite\",\"@id\":\"https:\/\/distribuidorpanelrey.com\/#website\",\"url\":\"https:\/\/distribuidorpanelrey.com\/\",\"name\":\"PANEL REY MEXICO\",\"description\":\"DISTRIBUIDOR PANEL REY\",\"publisher\":{\"@id\":\"https:\/\/distribuidorpanelrey.com\/#organization\"},\"alternateName\":\"DISTRIBUIDOR PANEL REY\",\"potentialAction\":[{\"@type\":\"SearchAction\",\"target\":{\"@type\":\"EntryPoint\",\"urlTemplate\":\"https:\/\/distribuidorpanelrey.com\/?s={search_term_string}\"},\"query-input\":{\"@type\":\"PropertyValueSpecification\",\"valueRequired\":true,\"valueName\":\"search_term_string\"}}],\"inLanguage\":\"es\"},{\"@type\":\"Organization\",\"@id\":\"https:\/\/distribuidorpanelrey.com\/#organization\",\"name\":\"PANEL REY MEXICO\",\"url\":\"https:\/\/distribuidorpanelrey.com\/\",\"logo\":{\"@type\":\"ImageObject\",\"inLanguage\":\"es\",\"@id\":\"https:\/\/distribuidorpanelrey.com\/#\/schema\/logo\/image\/\",\"url\":\"https:\/\/distribuidorpanelrey.com.mx\/wp-content\/uploads\/2023\/11\/panelrey.webp\",\"contentUrl\":\"https:\/\/distribuidorpanelrey.com.mx\/wp-content\/uploads\/2023\/11\/panelrey.webp\",\"width\":400,\"height\":150,\"caption\":\"PANEL REY MEXICO\"},\"image\":{\"@id\":\"https:\/\/distribuidorpanelrey.com\/#\/schema\/logo\/image\/\"},\"sameAs\":[\"https:\/\/www.facebook.com\/mexicopanelrey\/?locale=es_LA\",\"https:\/\/www.instagram.com\/panel_rey_mexico\/?hl=es\"]}]}<\/script>\n<!-- \/ Yoast SEO plugin. -->","yoast_head_json":{"title":"FORTEC PEGA MURO - PANEL REY MEXICO","description":"FORTEC PEGA MURO: adhesivo de alta resistencia para muros y bloques. F\u00e1cil aplicaci\u00f3n, gran durabilidad y m\u00e1xima adherencia para construcci\u00f3n segura.","robots":{"index":"index","follow":"follow","max-snippet":"max-snippet:-1","max-image-preview":"max-image-preview:large","max-video-preview":"max-video-preview:-1"},"canonical":"https:\/\/distribuidorpanelrey.com.mx\/producto\/fortec-pega-muro\/","og_locale":"es_ES","og_type":"article","og_title":"FORTEC PEGA MURO - PANEL REY MEXICO","og_description":"FORTEC PEGA MURO: adhesivo de alta resistencia para muros y bloques. F\u00e1cil aplicaci\u00f3n, gran durabilidad y m\u00e1xima adherencia para construcci\u00f3n segura.","og_url":"https:\/\/distribuidorpanelrey.com.mx\/producto\/fortec-pega-muro\/","og_site_name":"PANEL REY MEXICO","article_publisher":"https:\/\/www.facebook.com\/mexicopanelrey\/?locale=es_LA","article_modified_time":"2026-01-28T03:35:08+00:00","og_image":[{"width":500,"height":500,"url":"https:\/\/distribuidorpanelrey.com.mx\/wp-content\/uploads\/2025\/07\/Fortec-FT1005-Pega-Muro-Blanco-20kg-01.webp","type":"image\/webp"}],"twitter_card":"summary_large_image","twitter_misc":{"Tiempo de lectura":"2 minutos"},"schema":{"@context":"https:\/\/schema.org","@graph":[{"@type":"WebPage","@id":"https:\/\/distribuidorpanelrey.com.mx\/producto\/fortec-pega-muro\/","url":"https:\/\/distribuidorpanelrey.com.mx\/producto\/fortec-pega-muro\/","name":"FORTEC PEGA MURO - PANEL REY MEXICO","isPartOf":{"@id":"https:\/\/distribuidorpanelrey.com\/#website"},"primaryImageOfPage":{"@id":"https:\/\/distribuidorpanelrey.com.mx\/producto\/fortec-pega-muro\/#primaryimage"},"image":{"@id":"https:\/\/distribuidorpanelrey.com.mx\/producto\/fortec-pega-muro\/#primaryimage"},"thumbnailUrl":"https:\/\/distribuidorpanelrey.com.mx\/wp-content\/uploads\/2025\/07\/Fortec-FT1005-Pega-Muro-Blanco-20kg-01.webp","datePublished":"2025-07-14T01:35:09+00:00","dateModified":"2026-01-28T03:35:08+00:00","description":"FORTEC PEGA MURO: adhesivo de alta resistencia para muros y bloques. F\u00e1cil aplicaci\u00f3n, gran durabilidad y m\u00e1xima adherencia para construcci\u00f3n segura.","breadcrumb":{"@id":"https:\/\/distribuidorpanelrey.com.mx\/producto\/fortec-pega-muro\/#breadcrumb"},"inLanguage":"es","potentialAction":[{"@type":"ReadAction","target":["https:\/\/distribuidorpanelrey.com.mx\/producto\/fortec-pega-muro\/"]}]},{"@type":"ImageObject","inLanguage":"es","@id":"https:\/\/distribuidorpanelrey.com.mx\/producto\/fortec-pega-muro\/#primaryimage","url":"https:\/\/distribuidorpanelrey.com.mx\/wp-content\/uploads\/2025\/07\/Fortec-FT1005-Pega-Muro-Blanco-20kg-01.webp","contentUrl":"https:\/\/distribuidorpanelrey.com.mx\/wp-content\/uploads\/2025\/07\/Fortec-FT1005-Pega-Muro-Blanco-20kg-01.webp","width":500,"height":500},{"@type":"BreadcrumbList","@id":"https:\/\/distribuidorpanelrey.com.mx\/producto\/fortec-pega-muro\/#breadcrumb","itemListElement":[{"@type":"ListItem","position":1,"name":"Portada","item":"https:\/\/distribuidorpanelrey.com.mx\/"},{"@type":"ListItem","position":2,"name":"Productos","item":"https:\/\/distribuidorpanelrey.com\/tienda\/"},{"@type":"ListItem","position":3,"name":"FORTEC PEGA MURO"}]},{"@type":"WebSite","@id":"https:\/\/distribuidorpanelrey.com\/#website","url":"https:\/\/distribuidorpanelrey.com\/","name":"PANEL REY MEXICO","description":"DISTRIBUIDOR PANEL REY","publisher":{"@id":"https:\/\/distribuidorpanelrey.com\/#organization"},"alternateName":"DISTRIBUIDOR PANEL REY","potentialAction":[{"@type":"SearchAction","target":{"@type":"EntryPoint","urlTemplate":"https:\/\/distribuidorpanelrey.com\/?s={search_term_string}"},"query-input":{"@type":"PropertyValueSpecification","valueRequired":true,"valueName":"search_term_string"}}],"inLanguage":"es"},{"@type":"Organization","@id":"https:\/\/distribuidorpanelrey.com\/#organization","name":"PANEL REY MEXICO","url":"https:\/\/distribuidorpanelrey.com\/","logo":{"@type":"ImageObject","inLanguage":"es","@id":"https:\/\/distribuidorpanelrey.com\/#\/schema\/logo\/image\/","url":"https:\/\/distribuidorpanelrey.com.mx\/wp-content\/uploads\/2023\/11\/panelrey.webp","contentUrl":"https:\/\/distribuidorpanelrey.com.mx\/wp-content\/uploads\/2023\/11\/panelrey.webp","width":400,"height":150,"caption":"PANEL REY MEXICO"},"image":{"@id":"https:\/\/distribuidorpanelrey.com\/#\/schema\/logo\/image\/"},"sameAs":["https:\/\/www.facebook.com\/mexicopanelrey\/?locale=es_LA","https:\/\/www.instagram.com\/panel_rey_mexico\/?hl=es"]}]}},"_links":{"self":[{"href":"https:\/\/distribuidorpanelrey.com.mx\/wp-json\/wp\/v2\/product\/4031","targetHints":{"allow":["GET"]}}],"collection":[{"href":"https:\/\/distribuidorpanelrey.com.mx\/wp-json\/wp\/v2\/product"}],"about":[{"href":"https:\/\/distribuidorpanelrey.com.mx\/wp-json\/wp\/v2\/types\/product"}],"replies":[{"embeddable":true,"href":"https:\/\/distribuidorpanelrey.com.mx\/wp-json\/wp\/v2\/comments?post=4031"}],"version-history":[{"count":1,"href":"https:\/\/distribuidorpanelrey.com.mx\/wp-json\/wp\/v2\/product\/4031\/revisions"}],"predecessor-version":[{"id":4033,"href":"https:\/\/distribuidorpanelrey.com.mx\/wp-json\/wp\/v2\/product\/4031\/revisions\/4033"}],"wp:featuredmedia":[{"embeddable":true,"href":"https:\/\/distribuidorpanelrey.com.mx\/wp-json\/wp\/v2\/media\/4032"}],"wp:attachment":[{"href":"https:\/\/distribuidorpanelrey.com.mx\/wp-json\/wp\/v2\/media?parent=4031"}],"wp:term":[{"taxonomy":"product_brand","embeddable":true,"href":"https:\/\/distribuidorpanelrey.com.mx\/wp-json\/wp\/v2\/product_brand?post=4031"},{"taxonomy":"product_cat","embeddable":true,"href":"https:\/\/distribuidorpanelrey.com.mx\/wp-json\/wp\/v2\/product_cat?post=4031"},{"taxonomy":"product_tag","embeddable":true,"href":"https:\/\/distribuidorpanelrey.com.mx\/wp-json\/wp\/v2\/product_tag?post=4031"}],"curies":[{"name":"wp","href":"https:\/\/api.w.org\/{rel}","templated":true}]}}