{"id":4037,"date":"2025-07-14T01:43:26","date_gmt":"2025-07-14T01:43:26","guid":{"rendered":"https:\/\/distribuidorpanelrey.com.mx\/?post_type=product&#038;p=4037"},"modified":"2025-07-18T03:00:32","modified_gmt":"2025-07-18T03:00:32","slug":"crest-total-20-kg","status":"publish","type":"product","link":"https:\/\/distribuidorpanelrey.com.mx\/producto\/crest-total-20-kg\/","title":{"rendered":"CREST TOTAL 20 KG"},"content":{"rendered":"<p data-start=\"189\" data-end=\"616\">Adhesivo multiusos base cemento Crest Total 20 kg color blanco, formulado especialmente para lograr una excelente adherencia en la instalaci\u00f3n de todo tipo de pisos y revestimientos. Ideal para colocar azulejos cer\u00e1micos, porcel\u00e1nicos y piedras naturales en muros y pisos interiores y exteriores. Su f\u00f3rmula avanzada ofrece un desempe\u00f1o superior, evitando desprendimientos y garantizando acabados duraderos y de alta calidad.<\/p>\n<p data-start=\"621\" data-end=\"1022\">Crest Total se destaca por su f\u00e1cil preparaci\u00f3n y aplicaci\u00f3n, permitiendo ahorrar tiempo y esfuerzo en obra. Es la soluci\u00f3n confiable para proyectos residenciales, comerciales e industriales donde se requiere un adhesivo vers\u00e1til, resistente y seguro. Su rendimiento promedio es de aproximadamente 4 m\u00b2 por saco de 20 kg, dependiendo de las condiciones de la superficie y el tipo de llana utilizada.<\/p>\n<p data-start=\"1027\" data-end=\"1364\">Con Crest Total 20 kg, obt\u00e9n un pegamento de calidad profesional para pisos y muros, capaz de soportar el tr\u00e1fico y el uso diario sin comprometer la est\u00e9tica ni la seguridad de la instalaci\u00f3n. Conf\u00eda en la marca l\u00edder en adhesivos para cer\u00e1mica y disfruta de un excelente funcionamiento en todas tus obras de construcci\u00f3n o remodelaci\u00f3n.<\/p>\n<p data-start=\"1314\" data-end=\"1347\"><strong data-start=\"1314\" data-end=\"1345\">Caracter\u00edsticas destacadas:<\/strong><\/p>\n<ul>\n<li data-start=\"1349\" data-end=\"1808\">Base cemento blanco de alta calidad.<\/li>\n<li data-start=\"1349\" data-end=\"1808\">Adhesivo multiusos para pisos y muros.<\/li>\n<li data-start=\"1349\" data-end=\"1808\">Compatible con azulejos cer\u00e1micos, porcel\u00e1nicos y piedras naturales.<\/li>\n<li data-start=\"1349\" data-end=\"1808\">Ideal para interiores y exteriores.<\/li>\n<li data-start=\"1349\" data-end=\"1808\">Excelente adherencia y resistencia a desprendimientos.<\/li>\n<li data-start=\"1349\" data-end=\"1808\">F\u00e1cil preparaci\u00f3n y aplicaci\u00f3n en obra.<\/li>\n<li data-start=\"1349\" data-end=\"1808\">Rendimiento aproximado de 4 m\u00b2 por saco de 20 kg.<\/li>\n<li data-start=\"1349\" data-end=\"1808\">Acabados duraderos y profesionales.<\/li>\n<li data-start=\"1349\" data-end=\"1808\">Marca l\u00edder en soluciones para instalaci\u00f3n de revestimientos.<\/li>\n<\/ul>\n<p>&nbsp;<\/p>\n<p style=\"text-align: center;\" data-start=\"1349\" data-end=\"1808\">En\u00a0<strong data-start=\"82\" data-end=\"115\">Distribuidor Panel Rey M\u00e9xico<\/strong>\u00a0encuentras calidad y confianza en productos\u00a0<strong data-start=\"160\" data-end=\"172\">Crest<\/strong>.<br data-start=\"173\" data-end=\"176\" \/>\u2705 Env\u00edos a toda la Rep\u00fablica Mexicana. \u00a1Pregunta por nuestras promociones vigentes!<br data-start=\"259\" data-end=\"262\" data-is-only-node=\"\" \/>\u2705 Todos los precios incluyen IVA (sujetos a cambio sin previo aviso).<br data-start=\"331\" data-end=\"334\" \/>\u2705 Im\u00e1genes ilustrativas, el producto final puede presentar ligeras variaciones.<br data-start=\"413\" data-end=\"416\" \/>\ud83d\udcac \u00bfTienes dudas? Escr\u00edbenos por\u00a0<a href=\"https:\/\/www.facebook.com\/mexicopanelrey\">Facebook<\/a>\u00a0o\u00a0<a href=\"https:\/\/www.instagram.com\/panel_rey_mexico\/\">Instagram<\/a>.<br data-start=\"470\" data-end=\"473\" \/>\ud83d\udcde Tel:\u00a0<a href=\"tel:55 7397 6243\">55 7397 6243<\/a>\u00a0| WhatsApp:\u00a0<a href=\"https:\/\/api.whatsapp.com\/send?phone=525573976243\">5573976243<\/a><br data-start=\"518\" data-end=\"521\" \/>\ud83d\udce7\u00a0<a class=\"cursor-pointer\" href=\"mailto:ventas@distribuidorpanelrey.com\" rel=\"noopener\" data-start=\"524\" data-end=\"555\">ventas@distribuidorpanelrey.com<\/a><\/p>\n","protected":false},"excerpt":{"rendered":"<h4 style=\"text-align: center;\">Env\u00edos de 24 a 48 hr CDMX Y EDO MEX<\/h4>\n<p style=\"text-align: center;\">Rese\u00f1as\u00a0\u2605\u2605\u2605\u2605\u2605\u00a0 Env\u00edos Garantizados<\/p>\n<h4 style=\"text-align: center;\">\ud83d\udd25LOS MEJORES PRECIOS \ud83d\udd25<\/h4>\n","protected":false},"featured_media":4038,"comment_status":"closed","ping_status":"closed","template":"","meta":[],"product_brand":[],"product_cat":[35],"product_tag":[543,291,598],"class_list":{"0":"post-4037","1":"product","2":"type-product","3":"status-publish","4":"has-post-thumbnail","6":"product_cat-compuestos-y-polvos","7":"product_tag-20-kg","8":"product_tag-crest","9":"product_tag-total","11":"first","12":"instock","13":"shipping-taxable","14":"purchasable","15":"product-type-simple"},"yoast_head":"<!-- This site is optimized with the Yoast SEO plugin v27.1.1 - https:\/\/yoast.com\/product\/yoast-seo-wordpress\/ -->\n<title>CREST TOTAL 20 KG - PANEL REY MEXICO<\/title>\n<meta name=\"description\" content=\"CREST TOTAL 20kg: adhesivo en polvo multiusos para pisos y muros. Excelente adherencia para cer\u00e1mica y porcelanato en interiores y exteriores.\" \/>\n<meta name=\"robots\" content=\"index, follow, max-snippet:-1, max-image-preview:large, max-video-preview:-1\" \/>\n<link rel=\"canonical\" href=\"https:\/\/distribuidorpanelrey.com.mx\/producto\/crest-total-20-kg\/\" \/>\n<meta property=\"og:locale\" content=\"es_ES\" \/>\n<meta property=\"og:type\" content=\"article\" \/>\n<meta property=\"og:title\" content=\"CREST TOTAL 20 KG - PANEL REY MEXICO\" \/>\n<meta property=\"og:description\" content=\"CREST TOTAL 20kg: adhesivo en polvo multiusos para pisos y muros. Excelente adherencia para cer\u00e1mica y porcelanato en interiores y exteriores.\" \/>\n<meta property=\"og:url\" content=\"https:\/\/distribuidorpanelrey.com.mx\/producto\/crest-total-20-kg\/\" \/>\n<meta property=\"og:site_name\" content=\"PANEL REY MEXICO\" \/>\n<meta property=\"article:publisher\" content=\"https:\/\/www.facebook.com\/mexicopanelrey\/?locale=es_LA\" \/>\n<meta property=\"article:modified_time\" content=\"2025-07-18T03:00:32+00:00\" \/>\n<meta property=\"og:image\" content=\"https:\/\/distribuidorpanelrey.com.mx\/wp-content\/uploads\/2025\/07\/crest-total.webp\" \/>\n\t<meta property=\"og:image:width\" content=\"500\" \/>\n\t<meta property=\"og:image:height\" content=\"500\" \/>\n\t<meta property=\"og:image:type\" content=\"image\/webp\" \/>\n<meta name=\"twitter:card\" content=\"summary_large_image\" \/>\n<meta name=\"twitter:label1\" content=\"Tiempo de lectura\" \/>\n\t<meta name=\"twitter:data1\" content=\"2 minutos\" \/>\n<script type=\"application\/ld+json\" class=\"yoast-schema-graph\">{\"@context\":\"https:\/\/schema.org\",\"@graph\":[{\"@type\":\"WebPage\",\"@id\":\"https:\/\/distribuidorpanelrey.com.mx\/producto\/crest-total-20-kg\/\",\"url\":\"https:\/\/distribuidorpanelrey.com.mx\/producto\/crest-total-20-kg\/\",\"name\":\"CREST TOTAL 20 KG - PANEL REY MEXICO\",\"isPartOf\":{\"@id\":\"https:\/\/distribuidorpanelrey.com\/#website\"},\"primaryImageOfPage\":{\"@id\":\"https:\/\/distribuidorpanelrey.com.mx\/producto\/crest-total-20-kg\/#primaryimage\"},\"image\":{\"@id\":\"https:\/\/distribuidorpanelrey.com.mx\/producto\/crest-total-20-kg\/#primaryimage\"},\"thumbnailUrl\":\"https:\/\/distribuidorpanelrey.com.mx\/wp-content\/uploads\/2025\/07\/crest-total.webp\",\"datePublished\":\"2025-07-14T01:43:26+00:00\",\"dateModified\":\"2025-07-18T03:00:32+00:00\",\"description\":\"CREST TOTAL 20kg: adhesivo en polvo multiusos para pisos y muros. Excelente adherencia para cer\u00e1mica y porcelanato en interiores y exteriores.\",\"breadcrumb\":{\"@id\":\"https:\/\/distribuidorpanelrey.com.mx\/producto\/crest-total-20-kg\/#breadcrumb\"},\"inLanguage\":\"es\",\"potentialAction\":[{\"@type\":\"ReadAction\",\"target\":[\"https:\/\/distribuidorpanelrey.com.mx\/producto\/crest-total-20-kg\/\"]}]},{\"@type\":\"ImageObject\",\"inLanguage\":\"es\",\"@id\":\"https:\/\/distribuidorpanelrey.com.mx\/producto\/crest-total-20-kg\/#primaryimage\",\"url\":\"https:\/\/distribuidorpanelrey.com.mx\/wp-content\/uploads\/2025\/07\/crest-total.webp\",\"contentUrl\":\"https:\/\/distribuidorpanelrey.com.mx\/wp-content\/uploads\/2025\/07\/crest-total.webp\",\"width\":500,\"height\":500},{\"@type\":\"BreadcrumbList\",\"@id\":\"https:\/\/distribuidorpanelrey.com.mx\/producto\/crest-total-20-kg\/#breadcrumb\",\"itemListElement\":[{\"@type\":\"ListItem\",\"position\":1,\"name\":\"Portada\",\"item\":\"https:\/\/distribuidorpanelrey.com.mx\/\"},{\"@type\":\"ListItem\",\"position\":2,\"name\":\"Productos\",\"item\":\"https:\/\/distribuidorpanelrey.com\/tienda\/\"},{\"@type\":\"ListItem\",\"position\":3,\"name\":\"CREST TOTAL 20 KG\"}]},{\"@type\":\"WebSite\",\"@id\":\"https:\/\/distribuidorpanelrey.com\/#website\",\"url\":\"https:\/\/distribuidorpanelrey.com\/\",\"name\":\"PANEL REY MEXICO\",\"description\":\"DISTRIBUIDOR PANEL REY\",\"publisher\":{\"@id\":\"https:\/\/distribuidorpanelrey.com\/#organization\"},\"alternateName\":\"DISTRIBUIDOR PANEL REY\",\"potentialAction\":[{\"@type\":\"SearchAction\",\"target\":{\"@type\":\"EntryPoint\",\"urlTemplate\":\"https:\/\/distribuidorpanelrey.com\/?s={search_term_string}\"},\"query-input\":{\"@type\":\"PropertyValueSpecification\",\"valueRequired\":true,\"valueName\":\"search_term_string\"}}],\"inLanguage\":\"es\"},{\"@type\":\"Organization\",\"@id\":\"https:\/\/distribuidorpanelrey.com\/#organization\",\"name\":\"PANEL REY MEXICO\",\"url\":\"https:\/\/distribuidorpanelrey.com\/\",\"logo\":{\"@type\":\"ImageObject\",\"inLanguage\":\"es\",\"@id\":\"https:\/\/distribuidorpanelrey.com\/#\/schema\/logo\/image\/\",\"url\":\"https:\/\/distribuidorpanelrey.com.mx\/wp-content\/uploads\/2023\/11\/panelrey.webp\",\"contentUrl\":\"https:\/\/distribuidorpanelrey.com.mx\/wp-content\/uploads\/2023\/11\/panelrey.webp\",\"width\":400,\"height\":150,\"caption\":\"PANEL REY MEXICO\"},\"image\":{\"@id\":\"https:\/\/distribuidorpanelrey.com\/#\/schema\/logo\/image\/\"},\"sameAs\":[\"https:\/\/www.facebook.com\/mexicopanelrey\/?locale=es_LA\",\"https:\/\/www.instagram.com\/panel_rey_mexico\/?hl=es\"]}]}<\/script>\n<!-- \/ Yoast SEO plugin. -->","yoast_head_json":{"title":"CREST TOTAL 20 KG - PANEL REY MEXICO","description":"CREST TOTAL 20kg: adhesivo en polvo multiusos para pisos y muros. Excelente adherencia para cer\u00e1mica y porcelanato en interiores y exteriores.","robots":{"index":"index","follow":"follow","max-snippet":"max-snippet:-1","max-image-preview":"max-image-preview:large","max-video-preview":"max-video-preview:-1"},"canonical":"https:\/\/distribuidorpanelrey.com.mx\/producto\/crest-total-20-kg\/","og_locale":"es_ES","og_type":"article","og_title":"CREST TOTAL 20 KG - PANEL REY MEXICO","og_description":"CREST TOTAL 20kg: adhesivo en polvo multiusos para pisos y muros. Excelente adherencia para cer\u00e1mica y porcelanato en interiores y exteriores.","og_url":"https:\/\/distribuidorpanelrey.com.mx\/producto\/crest-total-20-kg\/","og_site_name":"PANEL REY MEXICO","article_publisher":"https:\/\/www.facebook.com\/mexicopanelrey\/?locale=es_LA","article_modified_time":"2025-07-18T03:00:32+00:00","og_image":[{"width":500,"height":500,"url":"https:\/\/distribuidorpanelrey.com.mx\/wp-content\/uploads\/2025\/07\/crest-total.webp","type":"image\/webp"}],"twitter_card":"summary_large_image","twitter_misc":{"Tiempo de lectura":"2 minutos"},"schema":{"@context":"https:\/\/schema.org","@graph":[{"@type":"WebPage","@id":"https:\/\/distribuidorpanelrey.com.mx\/producto\/crest-total-20-kg\/","url":"https:\/\/distribuidorpanelrey.com.mx\/producto\/crest-total-20-kg\/","name":"CREST TOTAL 20 KG - PANEL REY MEXICO","isPartOf":{"@id":"https:\/\/distribuidorpanelrey.com\/#website"},"primaryImageOfPage":{"@id":"https:\/\/distribuidorpanelrey.com.mx\/producto\/crest-total-20-kg\/#primaryimage"},"image":{"@id":"https:\/\/distribuidorpanelrey.com.mx\/producto\/crest-total-20-kg\/#primaryimage"},"thumbnailUrl":"https:\/\/distribuidorpanelrey.com.mx\/wp-content\/uploads\/2025\/07\/crest-total.webp","datePublished":"2025-07-14T01:43:26+00:00","dateModified":"2025-07-18T03:00:32+00:00","description":"CREST TOTAL 20kg: adhesivo en polvo multiusos para pisos y muros. Excelente adherencia para cer\u00e1mica y porcelanato en interiores y exteriores.","breadcrumb":{"@id":"https:\/\/distribuidorpanelrey.com.mx\/producto\/crest-total-20-kg\/#breadcrumb"},"inLanguage":"es","potentialAction":[{"@type":"ReadAction","target":["https:\/\/distribuidorpanelrey.com.mx\/producto\/crest-total-20-kg\/"]}]},{"@type":"ImageObject","inLanguage":"es","@id":"https:\/\/distribuidorpanelrey.com.mx\/producto\/crest-total-20-kg\/#primaryimage","url":"https:\/\/distribuidorpanelrey.com.mx\/wp-content\/uploads\/2025\/07\/crest-total.webp","contentUrl":"https:\/\/distribuidorpanelrey.com.mx\/wp-content\/uploads\/2025\/07\/crest-total.webp","width":500,"height":500},{"@type":"BreadcrumbList","@id":"https:\/\/distribuidorpanelrey.com.mx\/producto\/crest-total-20-kg\/#breadcrumb","itemListElement":[{"@type":"ListItem","position":1,"name":"Portada","item":"https:\/\/distribuidorpanelrey.com.mx\/"},{"@type":"ListItem","position":2,"name":"Productos","item":"https:\/\/distribuidorpanelrey.com\/tienda\/"},{"@type":"ListItem","position":3,"name":"CREST TOTAL 20 KG"}]},{"@type":"WebSite","@id":"https:\/\/distribuidorpanelrey.com\/#website","url":"https:\/\/distribuidorpanelrey.com\/","name":"PANEL REY MEXICO","description":"DISTRIBUIDOR PANEL REY","publisher":{"@id":"https:\/\/distribuidorpanelrey.com\/#organization"},"alternateName":"DISTRIBUIDOR PANEL REY","potentialAction":[{"@type":"SearchAction","target":{"@type":"EntryPoint","urlTemplate":"https:\/\/distribuidorpanelrey.com\/?s={search_term_string}"},"query-input":{"@type":"PropertyValueSpecification","valueRequired":true,"valueName":"search_term_string"}}],"inLanguage":"es"},{"@type":"Organization","@id":"https:\/\/distribuidorpanelrey.com\/#organization","name":"PANEL REY MEXICO","url":"https:\/\/distribuidorpanelrey.com\/","logo":{"@type":"ImageObject","inLanguage":"es","@id":"https:\/\/distribuidorpanelrey.com\/#\/schema\/logo\/image\/","url":"https:\/\/distribuidorpanelrey.com.mx\/wp-content\/uploads\/2023\/11\/panelrey.webp","contentUrl":"https:\/\/distribuidorpanelrey.com.mx\/wp-content\/uploads\/2023\/11\/panelrey.webp","width":400,"height":150,"caption":"PANEL REY MEXICO"},"image":{"@id":"https:\/\/distribuidorpanelrey.com\/#\/schema\/logo\/image\/"},"sameAs":["https:\/\/www.facebook.com\/mexicopanelrey\/?locale=es_LA","https:\/\/www.instagram.com\/panel_rey_mexico\/?hl=es"]}]}},"_links":{"self":[{"href":"https:\/\/distribuidorpanelrey.com.mx\/wp-json\/wp\/v2\/product\/4037","targetHints":{"allow":["GET"]}}],"collection":[{"href":"https:\/\/distribuidorpanelrey.com.mx\/wp-json\/wp\/v2\/product"}],"about":[{"href":"https:\/\/distribuidorpanelrey.com.mx\/wp-json\/wp\/v2\/types\/product"}],"replies":[{"embeddable":true,"href":"https:\/\/distribuidorpanelrey.com.mx\/wp-json\/wp\/v2\/comments?post=4037"}],"version-history":[{"count":4,"href":"https:\/\/distribuidorpanelrey.com.mx\/wp-json\/wp\/v2\/product\/4037\/revisions"}],"predecessor-version":[{"id":4063,"href":"https:\/\/distribuidorpanelrey.com.mx\/wp-json\/wp\/v2\/product\/4037\/revisions\/4063"}],"wp:featuredmedia":[{"embeddable":true,"href":"https:\/\/distribuidorpanelrey.com.mx\/wp-json\/wp\/v2\/media\/4038"}],"wp:attachment":[{"href":"https:\/\/distribuidorpanelrey.com.mx\/wp-json\/wp\/v2\/media?parent=4037"}],"wp:term":[{"taxonomy":"product_brand","embeddable":true,"href":"https:\/\/distribuidorpanelrey.com.mx\/wp-json\/wp\/v2\/product_brand?post=4037"},{"taxonomy":"product_cat","embeddable":true,"href":"https:\/\/distribuidorpanelrey.com.mx\/wp-json\/wp\/v2\/product_cat?post=4037"},{"taxonomy":"product_tag","embeddable":true,"href":"https:\/\/distribuidorpanelrey.com.mx\/wp-json\/wp\/v2\/product_tag?post=4037"}],"curies":[{"name":"wp","href":"https:\/\/api.w.org\/{rel}","templated":true}]}}