{"id":4193,"date":"2025-07-20T01:51:25","date_gmt":"2025-07-20T01:51:25","guid":{"rendered":"https:\/\/distribuidorpanelrey.com.mx\/?post_type=product&#038;p=4193"},"modified":"2025-08-18T04:15:18","modified_gmt":"2025-08-18T04:15:18","slug":"malla-electrosoldada-66-88-2-5-x-40-m","status":"publish","type":"product","link":"https:\/\/distribuidorpanelrey.com.mx\/producto\/malla-electrosoldada-66-88-2-5-x-40-m\/","title":{"rendered":"Malla Electrosoldada 66-88 2.5 x 40 m"},"content":{"rendered":"<h3 data-start=\"213\" data-end=\"321\"><strong data-start=\"220\" data-end=\"321\">Malla Electrosoldada 66-88 2.5 x 40 m \u2013 Refuerzo confiable para construcci\u00f3n, cercado y seguridad<\/strong><\/h3>\n<p data-start=\"323\" data-end=\"778\">La <strong data-start=\"326\" data-end=\"411\">Malla Electrosoldada 66-88 en rollo de 2.5 metros de ancho por 40 metros de largo<\/strong> es una soluci\u00f3n robusta y eficiente para proyectos que requieren <strong data-start=\"477\" data-end=\"570\">seguridad perimetral, refuerzo estructural o protecci\u00f3n de \u00e1reas industriales y agr\u00edcolas<\/strong>. Est\u00e1 fabricada con <strong data-start=\"591\" data-end=\"654\">alambre de acero galvanizado calibre 8 en ambas direcciones<\/strong>, lo que garantiza una <strong data-start=\"677\" data-end=\"706\">alta resistencia mec\u00e1nica<\/strong> y una notable <strong data-start=\"721\" data-end=\"777\">durabilidad frente a condiciones clim\u00e1ticas adversas<\/strong>.<\/p>\n<p data-start=\"780\" data-end=\"1239\">Su estructura est\u00e1 compuesta por alambres soldados el\u00e9ctricamente en cada cruce, lo que proporciona una <strong data-start=\"884\" data-end=\"935\">rejilla firme, estable y libre de deformaciones<\/strong>, ideal para reforzar superficies de concreto, delimitar terrenos o construir jaulas, corrales e incluso invernaderos. Gracias a su <strong data-start=\"1067\" data-end=\"1090\">acabado galvanizado<\/strong>, esta malla soporta la exposici\u00f3n prolongada al sol, lluvia y humedad, lo que la convierte en una opci\u00f3n confiable para <strong data-start=\"1211\" data-end=\"1238\">uso exterior e interior<\/strong>.<\/p>\n<p data-start=\"1241\" data-end=\"1425\">Adem\u00e1s, viene en un <strong data-start=\"1261\" data-end=\"1292\">rollo continuo de 40 metros<\/strong>, lo que permite <strong data-start=\"1309\" data-end=\"1345\">cubrir grandes \u00e1reas con rapidez<\/strong>, reduciendo tiempos de instalaci\u00f3n y minimizando cortes y uniones innecesarias.<\/p>\n<hr data-start=\"1427\" data-end=\"1430\" \/>\n<h4 data-start=\"1432\" data-end=\"1492\">\ud83d\udd0d <strong data-start=\"1440\" data-end=\"1492\">Caracter\u00edsticas de la Malla Electrosoldada 66-88<\/strong><\/h4>\n<ul data-start=\"1493\" data-end=\"1773\">\n<li data-start=\"1493\" data-end=\"1552\">\n<p data-start=\"1495\" data-end=\"1552\"><strong data-start=\"1495\" data-end=\"1521\">Dimensiones del rollo:<\/strong> 2.5 m de ancho x 40 m de largo<\/p>\n<\/li>\n<li data-start=\"1553\" data-end=\"1605\">\n<p data-start=\"1555\" data-end=\"1605\"><strong data-start=\"1555\" data-end=\"1579\">Calibre del alambre:<\/strong> 8 horizontal y 8 vertical<\/p>\n<\/li>\n<li data-start=\"1606\" data-end=\"1655\">\n<p data-start=\"1608\" data-end=\"1655\"><strong data-start=\"1608\" data-end=\"1621\">Material:<\/strong> Acero galvanizado de alta calidad<\/p>\n<\/li>\n<li data-start=\"1656\" data-end=\"1719\">\n<p data-start=\"1658\" data-end=\"1719\"><strong data-start=\"1658\" data-end=\"1676\">Tipo de uni\u00f3n:<\/strong> Soldadura el\u00e9ctrica en cada punto de cruce<\/p>\n<\/li>\n<li data-start=\"1720\" data-end=\"1773\">\n<p data-start=\"1722\" data-end=\"1773\"><strong data-start=\"1722\" data-end=\"1739\">Presentaci\u00f3n:<\/strong> Rollo compacto y f\u00e1cil de manejar<\/p>\n<\/li>\n<\/ul>\n<hr data-start=\"1775\" data-end=\"1778\" \/>\n<h4 data-start=\"1780\" data-end=\"1805\">\ud83d\udee0\ufe0f <strong data-start=\"1789\" data-end=\"1805\">Usos comunes<\/strong><\/h4>\n<ul data-start=\"1806\" data-end=\"2066\">\n<li data-start=\"1806\" data-end=\"1875\">\n<p data-start=\"1808\" data-end=\"1875\">Cercas de seguridad perimetral (residencial, industrial o agr\u00edcola)<\/p>\n<\/li>\n<li data-start=\"1876\" data-end=\"1928\">\n<p data-start=\"1878\" data-end=\"1928\">Refuerzo en muros, losas y estructuras de concreto<\/p>\n<\/li>\n<li data-start=\"1929\" data-end=\"1971\">\n<p data-start=\"1931\" data-end=\"1971\">Jaulas, corrales, viveros o invernaderos<\/p>\n<\/li>\n<li data-start=\"1972\" data-end=\"2023\">\n<p data-start=\"1974\" data-end=\"2023\">Protecci\u00f3n de maquinaria, herramientas o animales<\/p>\n<\/li>\n<li data-start=\"2024\" data-end=\"2066\">\n<p data-start=\"2026\" data-end=\"2066\">Delimitaci\u00f3n de terrenos o zonas de obra<\/p>\n<\/li>\n<\/ul>\n<hr data-start=\"2068\" data-end=\"2071\" \/>\n<h4 data-start=\"2073\" data-end=\"2093\">\ud83d\udca1 <strong data-start=\"2081\" data-end=\"2093\">Ventajas<\/strong><\/h4>\n<ul data-start=\"2094\" data-end=\"2311\">\n<li data-start=\"2094\" data-end=\"2134\">\n<p data-start=\"2096\" data-end=\"2134\">Alta resistencia estructural y firmeza<\/p>\n<\/li>\n<li data-start=\"2135\" data-end=\"2176\">\n<p data-start=\"2137\" data-end=\"2176\">Protecci\u00f3n duradera contra la corrosi\u00f3n<\/p>\n<\/li>\n<li data-start=\"2177\" data-end=\"2208\">\n<p data-start=\"2179\" data-end=\"2208\">F\u00e1cil de instalar y manipular<\/p>\n<\/li>\n<li data-start=\"2209\" data-end=\"2254\">\n<p data-start=\"2211\" data-end=\"2254\">Apta para m\u00faltiples entornos y aplicaciones<\/p>\n<\/li>\n<li data-start=\"2255\" data-end=\"2311\">\n<p data-start=\"2257\" data-end=\"2311\">Excelente relaci\u00f3n entre peso, resistencia y cobertura<\/p>\n<\/li>\n<\/ul>\n<p>&nbsp;<\/p>\n<p style=\"text-align: center;\">En\u00a0<strong data-start=\"82\" data-end=\"115\">Distribuidor Panel Rey M\u00e9xico<\/strong> encuentras calidad y confianza en productos <strong>Acero<\/strong><br data-start=\"173\" data-end=\"176\" \/>\u2705 Env\u00edos a toda la Rep\u00fablica Mexicana. \u00a1Pregunta por nuestras promociones vigentes!<br data-start=\"259\" data-end=\"262\" data-is-only-node=\"\" \/>\u2705 Todos los precios incluyen IVA (sujetos a cambio sin previo aviso).<br data-start=\"331\" data-end=\"334\" \/>\u2705 Im\u00e1genes ilustrativas, el producto final puede presentar ligeras variaciones.<br data-start=\"413\" data-end=\"416\" \/>\ud83d\udcac \u00bfTienes dudas? Escr\u00edbenos por\u00a0<a href=\"https:\/\/www.facebook.com\/mexicopanelrey\">Facebook<\/a>\u00a0o\u00a0<a href=\"https:\/\/www.instagram.com\/panel_rey_mexico\/\">Instagram<\/a>.<br data-start=\"470\" data-end=\"473\" \/>\ud83d\udcde Tel:\u00a0<a href=\"tel:55 7397 6243\">55 7397 6243<\/a>\u00a0| WhatsApp:\u00a0<a href=\"https:\/\/api.whatsapp.com\/send?phone=525573976243\">5573976243<\/a><br data-start=\"518\" data-end=\"521\" \/>\ud83d\udce7\u00a0<a class=\"cursor-pointer\" href=\"mailto:ventas@distribuidorpanelrey.com\" rel=\"noopener\" data-start=\"524\" data-end=\"555\">ventas@distribuidorpanelrey.com<\/a><\/p>\n","protected":false},"excerpt":{"rendered":"<h4 style=\"text-align: center;\">Env\u00edos de 24 a 48 hr CDMX Y EDO MEX<\/h4>\n<p style=\"text-align: center;\">Rese\u00f1as\u00a0\u2605\u2605\u2605\u2605\u2605\u00a0 Env\u00edos Garantizados<\/p>\n<h4 style=\"text-align: center;\">\ud83d\udd25LOS MEJORES PRECIOS \ud83d\udd25<\/h4>\n","protected":false},"featured_media":4080,"comment_status":"closed","ping_status":"closed","template":"","meta":[],"product_brand":[],"product_cat":[599,604],"product_tag":[120,626,99,623,625],"class_list":{"0":"post-4193","1":"product","2":"type-product","3":"status-publish","4":"has-post-thumbnail","6":"product_cat-aceros","7":"product_cat-malla-electrosoldada","8":"product_tag-acero","9":"product_tag-electrosoldada","10":"product_tag-malla","11":"product_tag-malla-electrosoldada","12":"product_tag-malla-electrosoldada-66-88-2-5-x-40-m","14":"first","15":"instock","16":"shipping-taxable","17":"purchasable","18":"product-type-simple"},"yoast_head":"<!-- This site is optimized with the Yoast SEO plugin v27.1.1 - https:\/\/yoast.com\/product\/yoast-seo-wordpress\/ -->\n<title>Malla Electrosoldada 66-88 2.5 x 40 m - PANEL REY MEXICO<\/title>\n<meta name=\"description\" content=\"Malla electrosoldada 66-88 calibre 8 en rollo de 2.5 x 40 m. Ideal para cercas, refuerzo estructural y protecci\u00f3n agr\u00edcola. Acero galvanizado, resistente.\" \/>\n<meta name=\"robots\" content=\"index, follow, max-snippet:-1, max-image-preview:large, max-video-preview:-1\" \/>\n<link rel=\"canonical\" href=\"https:\/\/distribuidorpanelrey.com.mx\/producto\/malla-electrosoldada-66-88-2-5-x-40-m\/\" \/>\n<meta property=\"og:locale\" content=\"es_ES\" \/>\n<meta property=\"og:type\" content=\"article\" \/>\n<meta property=\"og:title\" content=\"Malla Electrosoldada 66-88 2.5 x 40 m - PANEL REY MEXICO\" \/>\n<meta property=\"og:description\" content=\"Malla electrosoldada 66-88 calibre 8 en rollo de 2.5 x 40 m. Ideal para cercas, refuerzo estructural y protecci\u00f3n agr\u00edcola. Acero galvanizado, resistente.\" \/>\n<meta property=\"og:url\" content=\"https:\/\/distribuidorpanelrey.com.mx\/producto\/malla-electrosoldada-66-88-2-5-x-40-m\/\" \/>\n<meta property=\"og:site_name\" content=\"PANEL REY MEXICO\" \/>\n<meta property=\"article:publisher\" content=\"https:\/\/www.facebook.com\/mexicopanelrey\/?locale=es_LA\" \/>\n<meta property=\"article:modified_time\" content=\"2025-08-18T04:15:18+00:00\" \/>\n<meta property=\"og:image\" content=\"https:\/\/distribuidorpanelrey.com.mx\/wp-content\/uploads\/2025\/07\/MALLA-ELECTROSOLDADA.webp\" \/>\n\t<meta property=\"og:image:width\" content=\"500\" \/>\n\t<meta property=\"og:image:height\" content=\"500\" \/>\n\t<meta property=\"og:image:type\" content=\"image\/webp\" \/>\n<meta name=\"twitter:card\" content=\"summary_large_image\" \/>\n<meta name=\"twitter:label1\" content=\"Tiempo de lectura\" \/>\n\t<meta name=\"twitter:data1\" content=\"2 minutos\" \/>\n<script type=\"application\/ld+json\" class=\"yoast-schema-graph\">{\"@context\":\"https:\/\/schema.org\",\"@graph\":[{\"@type\":\"WebPage\",\"@id\":\"https:\/\/distribuidorpanelrey.com.mx\/producto\/malla-electrosoldada-66-88-2-5-x-40-m\/\",\"url\":\"https:\/\/distribuidorpanelrey.com.mx\/producto\/malla-electrosoldada-66-88-2-5-x-40-m\/\",\"name\":\"Malla Electrosoldada 66-88 2.5 x 40 m - PANEL REY MEXICO\",\"isPartOf\":{\"@id\":\"https:\/\/distribuidorpanelrey.com\/#website\"},\"primaryImageOfPage\":{\"@id\":\"https:\/\/distribuidorpanelrey.com.mx\/producto\/malla-electrosoldada-66-88-2-5-x-40-m\/#primaryimage\"},\"image\":{\"@id\":\"https:\/\/distribuidorpanelrey.com.mx\/producto\/malla-electrosoldada-66-88-2-5-x-40-m\/#primaryimage\"},\"thumbnailUrl\":\"https:\/\/distribuidorpanelrey.com.mx\/wp-content\/uploads\/2025\/07\/MALLA-ELECTROSOLDADA.webp\",\"datePublished\":\"2025-07-20T01:51:25+00:00\",\"dateModified\":\"2025-08-18T04:15:18+00:00\",\"description\":\"Malla electrosoldada 66-88 calibre 8 en rollo de 2.5 x 40 m. Ideal para cercas, refuerzo estructural y protecci\u00f3n agr\u00edcola. Acero galvanizado, resistente.\",\"breadcrumb\":{\"@id\":\"https:\/\/distribuidorpanelrey.com.mx\/producto\/malla-electrosoldada-66-88-2-5-x-40-m\/#breadcrumb\"},\"inLanguage\":\"es\",\"potentialAction\":[{\"@type\":\"ReadAction\",\"target\":[\"https:\/\/distribuidorpanelrey.com.mx\/producto\/malla-electrosoldada-66-88-2-5-x-40-m\/\"]}]},{\"@type\":\"ImageObject\",\"inLanguage\":\"es\",\"@id\":\"https:\/\/distribuidorpanelrey.com.mx\/producto\/malla-electrosoldada-66-88-2-5-x-40-m\/#primaryimage\",\"url\":\"https:\/\/distribuidorpanelrey.com.mx\/wp-content\/uploads\/2025\/07\/MALLA-ELECTROSOLDADA.webp\",\"contentUrl\":\"https:\/\/distribuidorpanelrey.com.mx\/wp-content\/uploads\/2025\/07\/MALLA-ELECTROSOLDADA.webp\",\"width\":500,\"height\":500},{\"@type\":\"BreadcrumbList\",\"@id\":\"https:\/\/distribuidorpanelrey.com.mx\/producto\/malla-electrosoldada-66-88-2-5-x-40-m\/#breadcrumb\",\"itemListElement\":[{\"@type\":\"ListItem\",\"position\":1,\"name\":\"Portada\",\"item\":\"https:\/\/distribuidorpanelrey.com.mx\/\"},{\"@type\":\"ListItem\",\"position\":2,\"name\":\"Productos\",\"item\":\"https:\/\/distribuidorpanelrey.com\/tienda\/\"},{\"@type\":\"ListItem\",\"position\":3,\"name\":\"Malla Electrosoldada 66-88 2.5 x 40 m\"}]},{\"@type\":\"WebSite\",\"@id\":\"https:\/\/distribuidorpanelrey.com\/#website\",\"url\":\"https:\/\/distribuidorpanelrey.com\/\",\"name\":\"PANEL REY MEXICO\",\"description\":\"DISTRIBUIDOR PANEL REY\",\"publisher\":{\"@id\":\"https:\/\/distribuidorpanelrey.com\/#organization\"},\"alternateName\":\"DISTRIBUIDOR PANEL REY\",\"potentialAction\":[{\"@type\":\"SearchAction\",\"target\":{\"@type\":\"EntryPoint\",\"urlTemplate\":\"https:\/\/distribuidorpanelrey.com\/?s={search_term_string}\"},\"query-input\":{\"@type\":\"PropertyValueSpecification\",\"valueRequired\":true,\"valueName\":\"search_term_string\"}}],\"inLanguage\":\"es\"},{\"@type\":\"Organization\",\"@id\":\"https:\/\/distribuidorpanelrey.com\/#organization\",\"name\":\"PANEL REY MEXICO\",\"url\":\"https:\/\/distribuidorpanelrey.com\/\",\"logo\":{\"@type\":\"ImageObject\",\"inLanguage\":\"es\",\"@id\":\"https:\/\/distribuidorpanelrey.com\/#\/schema\/logo\/image\/\",\"url\":\"https:\/\/distribuidorpanelrey.com.mx\/wp-content\/uploads\/2023\/11\/panelrey.webp\",\"contentUrl\":\"https:\/\/distribuidorpanelrey.com.mx\/wp-content\/uploads\/2023\/11\/panelrey.webp\",\"width\":400,\"height\":150,\"caption\":\"PANEL REY MEXICO\"},\"image\":{\"@id\":\"https:\/\/distribuidorpanelrey.com\/#\/schema\/logo\/image\/\"},\"sameAs\":[\"https:\/\/www.facebook.com\/mexicopanelrey\/?locale=es_LA\",\"https:\/\/www.instagram.com\/panel_rey_mexico\/?hl=es\"]}]}<\/script>\n<!-- \/ Yoast SEO plugin. -->","yoast_head_json":{"title":"Malla Electrosoldada 66-88 2.5 x 40 m - PANEL REY MEXICO","description":"Malla electrosoldada 66-88 calibre 8 en rollo de 2.5 x 40 m. Ideal para cercas, refuerzo estructural y protecci\u00f3n agr\u00edcola. Acero galvanizado, resistente.","robots":{"index":"index","follow":"follow","max-snippet":"max-snippet:-1","max-image-preview":"max-image-preview:large","max-video-preview":"max-video-preview:-1"},"canonical":"https:\/\/distribuidorpanelrey.com.mx\/producto\/malla-electrosoldada-66-88-2-5-x-40-m\/","og_locale":"es_ES","og_type":"article","og_title":"Malla Electrosoldada 66-88 2.5 x 40 m - PANEL REY MEXICO","og_description":"Malla electrosoldada 66-88 calibre 8 en rollo de 2.5 x 40 m. Ideal para cercas, refuerzo estructural y protecci\u00f3n agr\u00edcola. Acero galvanizado, resistente.","og_url":"https:\/\/distribuidorpanelrey.com.mx\/producto\/malla-electrosoldada-66-88-2-5-x-40-m\/","og_site_name":"PANEL REY MEXICO","article_publisher":"https:\/\/www.facebook.com\/mexicopanelrey\/?locale=es_LA","article_modified_time":"2025-08-18T04:15:18+00:00","og_image":[{"width":500,"height":500,"url":"https:\/\/distribuidorpanelrey.com.mx\/wp-content\/uploads\/2025\/07\/MALLA-ELECTROSOLDADA.webp","type":"image\/webp"}],"twitter_card":"summary_large_image","twitter_misc":{"Tiempo de lectura":"2 minutos"},"schema":{"@context":"https:\/\/schema.org","@graph":[{"@type":"WebPage","@id":"https:\/\/distribuidorpanelrey.com.mx\/producto\/malla-electrosoldada-66-88-2-5-x-40-m\/","url":"https:\/\/distribuidorpanelrey.com.mx\/producto\/malla-electrosoldada-66-88-2-5-x-40-m\/","name":"Malla Electrosoldada 66-88 2.5 x 40 m - PANEL REY MEXICO","isPartOf":{"@id":"https:\/\/distribuidorpanelrey.com\/#website"},"primaryImageOfPage":{"@id":"https:\/\/distribuidorpanelrey.com.mx\/producto\/malla-electrosoldada-66-88-2-5-x-40-m\/#primaryimage"},"image":{"@id":"https:\/\/distribuidorpanelrey.com.mx\/producto\/malla-electrosoldada-66-88-2-5-x-40-m\/#primaryimage"},"thumbnailUrl":"https:\/\/distribuidorpanelrey.com.mx\/wp-content\/uploads\/2025\/07\/MALLA-ELECTROSOLDADA.webp","datePublished":"2025-07-20T01:51:25+00:00","dateModified":"2025-08-18T04:15:18+00:00","description":"Malla electrosoldada 66-88 calibre 8 en rollo de 2.5 x 40 m. Ideal para cercas, refuerzo estructural y protecci\u00f3n agr\u00edcola. Acero galvanizado, resistente.","breadcrumb":{"@id":"https:\/\/distribuidorpanelrey.com.mx\/producto\/malla-electrosoldada-66-88-2-5-x-40-m\/#breadcrumb"},"inLanguage":"es","potentialAction":[{"@type":"ReadAction","target":["https:\/\/distribuidorpanelrey.com.mx\/producto\/malla-electrosoldada-66-88-2-5-x-40-m\/"]}]},{"@type":"ImageObject","inLanguage":"es","@id":"https:\/\/distribuidorpanelrey.com.mx\/producto\/malla-electrosoldada-66-88-2-5-x-40-m\/#primaryimage","url":"https:\/\/distribuidorpanelrey.com.mx\/wp-content\/uploads\/2025\/07\/MALLA-ELECTROSOLDADA.webp","contentUrl":"https:\/\/distribuidorpanelrey.com.mx\/wp-content\/uploads\/2025\/07\/MALLA-ELECTROSOLDADA.webp","width":500,"height":500},{"@type":"BreadcrumbList","@id":"https:\/\/distribuidorpanelrey.com.mx\/producto\/malla-electrosoldada-66-88-2-5-x-40-m\/#breadcrumb","itemListElement":[{"@type":"ListItem","position":1,"name":"Portada","item":"https:\/\/distribuidorpanelrey.com.mx\/"},{"@type":"ListItem","position":2,"name":"Productos","item":"https:\/\/distribuidorpanelrey.com\/tienda\/"},{"@type":"ListItem","position":3,"name":"Malla Electrosoldada 66-88 2.5 x 40 m"}]},{"@type":"WebSite","@id":"https:\/\/distribuidorpanelrey.com\/#website","url":"https:\/\/distribuidorpanelrey.com\/","name":"PANEL REY MEXICO","description":"DISTRIBUIDOR PANEL REY","publisher":{"@id":"https:\/\/distribuidorpanelrey.com\/#organization"},"alternateName":"DISTRIBUIDOR PANEL REY","potentialAction":[{"@type":"SearchAction","target":{"@type":"EntryPoint","urlTemplate":"https:\/\/distribuidorpanelrey.com\/?s={search_term_string}"},"query-input":{"@type":"PropertyValueSpecification","valueRequired":true,"valueName":"search_term_string"}}],"inLanguage":"es"},{"@type":"Organization","@id":"https:\/\/distribuidorpanelrey.com\/#organization","name":"PANEL REY MEXICO","url":"https:\/\/distribuidorpanelrey.com\/","logo":{"@type":"ImageObject","inLanguage":"es","@id":"https:\/\/distribuidorpanelrey.com\/#\/schema\/logo\/image\/","url":"https:\/\/distribuidorpanelrey.com.mx\/wp-content\/uploads\/2023\/11\/panelrey.webp","contentUrl":"https:\/\/distribuidorpanelrey.com.mx\/wp-content\/uploads\/2023\/11\/panelrey.webp","width":400,"height":150,"caption":"PANEL REY MEXICO"},"image":{"@id":"https:\/\/distribuidorpanelrey.com\/#\/schema\/logo\/image\/"},"sameAs":["https:\/\/www.facebook.com\/mexicopanelrey\/?locale=es_LA","https:\/\/www.instagram.com\/panel_rey_mexico\/?hl=es"]}]}},"_links":{"self":[{"href":"https:\/\/distribuidorpanelrey.com.mx\/wp-json\/wp\/v2\/product\/4193","targetHints":{"allow":["GET"]}}],"collection":[{"href":"https:\/\/distribuidorpanelrey.com.mx\/wp-json\/wp\/v2\/product"}],"about":[{"href":"https:\/\/distribuidorpanelrey.com.mx\/wp-json\/wp\/v2\/types\/product"}],"replies":[{"embeddable":true,"href":"https:\/\/distribuidorpanelrey.com.mx\/wp-json\/wp\/v2\/comments?post=4193"}],"version-history":[{"count":1,"href":"https:\/\/distribuidorpanelrey.com.mx\/wp-json\/wp\/v2\/product\/4193\/revisions"}],"predecessor-version":[{"id":4194,"href":"https:\/\/distribuidorpanelrey.com.mx\/wp-json\/wp\/v2\/product\/4193\/revisions\/4194"}],"wp:featuredmedia":[{"embeddable":true,"href":"https:\/\/distribuidorpanelrey.com.mx\/wp-json\/wp\/v2\/media\/4080"}],"wp:attachment":[{"href":"https:\/\/distribuidorpanelrey.com.mx\/wp-json\/wp\/v2\/media?parent=4193"}],"wp:term":[{"taxonomy":"product_brand","embeddable":true,"href":"https:\/\/distribuidorpanelrey.com.mx\/wp-json\/wp\/v2\/product_brand?post=4193"},{"taxonomy":"product_cat","embeddable":true,"href":"https:\/\/distribuidorpanelrey.com.mx\/wp-json\/wp\/v2\/product_cat?post=4193"},{"taxonomy":"product_tag","embeddable":true,"href":"https:\/\/distribuidorpanelrey.com.mx\/wp-json\/wp\/v2\/product_tag?post=4193"}],"curies":[{"name":"wp","href":"https:\/\/api.w.org\/{rel}","templated":true}]}}