{"id":4206,"date":"2025-07-20T02:14:37","date_gmt":"2025-07-20T02:14:37","guid":{"rendered":"https:\/\/distribuidorpanelrey.com.mx\/?post_type=product&#038;p=4206"},"modified":"2026-01-28T23:36:39","modified_gmt":"2026-01-28T23:36:39","slug":"perfil-cuadrado-pintado-zc-075-3-4-cal-18","status":"publish","type":"product","link":"https:\/\/distribuidorpanelrey.com.mx\/producto\/perfil-cuadrado-pintado-zc-075-3-4-cal-18\/","title":{"rendered":"Perfil Cuadrado Pintado ZC-075 3\/4\u201d Cal. 18"},"content":{"rendered":"<h3 data-start=\"197\" data-end=\"299\"><strong data-start=\"204\" data-end=\"299\">Perfil Cuadrado Pintado ZC-075 3\/4\u201d Cal. 18 \u2013 Precisi\u00f3n y est\u00e9tica en estructuras compactas<\/strong><\/h3>\n<p data-start=\"301\" data-end=\"660\">El <strong data-start=\"304\" data-end=\"367\">Perfil Cuadrado Pintado ZC-075 de 3\/4 de pulgada calibre 18<\/strong> es una excelente opci\u00f3n para proyectos que requieren <strong data-start=\"421\" data-end=\"470\">resistencia estructural en espacios reducidos<\/strong> o con alto nivel de detalle. Su dise\u00f1o compacto, unido a su recubrimiento anticorrosivo en pintura negra, lo convierte en una pieza ideal tanto para aplicaciones est\u00e9ticas como funcionales.<\/p>\n<p data-start=\"662\" data-end=\"1027\">Este perfil forma parte de la reconocida l\u00ednea <strong data-start=\"709\" data-end=\"720\">QuadTub<\/strong>, elaborada en acero al carb\u00f3n tipo 1008 bajo norma ASTM, lo cual garantiza <strong data-start=\"796\" data-end=\"862\">alta calidad, precisi\u00f3n dimensional y buena capacidad de carga<\/strong>. Puede trabajarse f\u00e1cilmente con procesos de soldadura, corte o doblado, lo que facilita su uso en talleres de herrer\u00eda, carpinter\u00eda met\u00e1lica y construcci\u00f3n ligera.<\/p>\n<hr data-start=\"1029\" data-end=\"1032\" \/>\n<h4 data-start=\"1034\" data-end=\"1088\">\ud83d\udcd0 <strong data-start=\"1042\" data-end=\"1088\">Caracter\u00edsticas t\u00e9cnicas del Perfil ZC-075<\/strong><\/h4>\n<ul data-start=\"1089\" data-end=\"1376\">\n<li data-start=\"1089\" data-end=\"1117\">\n<p data-start=\"1091\" data-end=\"1117\"><strong data-start=\"1091\" data-end=\"1102\">Medida:<\/strong> 3\/4\u201d (1.90 cm)<\/p>\n<\/li>\n<li data-start=\"1118\" data-end=\"1160\">\n<p data-start=\"1120\" data-end=\"1160\"><strong data-start=\"1120\" data-end=\"1132\">Espesor:<\/strong> Calibre 18 (aprox. 1.21 mm)<\/p>\n<\/li>\n<li data-start=\"1161\" data-end=\"1202\">\n<p data-start=\"1163\" data-end=\"1202\"><strong data-start=\"1163\" data-end=\"1176\">Material:<\/strong> Acero al carb\u00f3n tipo 1008<\/p>\n<\/li>\n<li data-start=\"1203\" data-end=\"1220\">\n<p data-start=\"1205\" data-end=\"1220\"><strong data-start=\"1205\" data-end=\"1215\">Norma:<\/strong> ASTM<\/p>\n<\/li>\n<li data-start=\"1292\" data-end=\"1376\">\n<p data-start=\"1294\" data-end=\"1376\"><strong data-start=\"1294\" data-end=\"1311\">Presentaci\u00f3n:<\/strong> Tramos de 6 metros (con opci\u00f3n de entrega en cortes de 3 metros)<\/p>\n<\/li>\n<\/ul>\n<hr data-start=\"1378\" data-end=\"1381\" \/>\n<h4 data-start=\"1383\" data-end=\"1428\">\ud83d\udee0\ufe0f <strong data-start=\"1392\" data-end=\"1428\">Usos y aplicaciones recomendadas<\/strong><\/h4>\n<ul data-start=\"1429\" data-end=\"1663\">\n<li data-start=\"1429\" data-end=\"1470\">\n<p data-start=\"1431\" data-end=\"1470\"><strong data-start=\"1431\" data-end=\"1470\">Barandales y protecciones met\u00e1licas<\/strong><\/p>\n<\/li>\n<li data-start=\"1471\" data-end=\"1519\">\n<p data-start=\"1473\" data-end=\"1519\"><strong data-start=\"1473\" data-end=\"1519\">Marcos para puertas, ventanas y canceler\u00eda<\/strong><\/p>\n<\/li>\n<li data-start=\"1520\" data-end=\"1562\">\n<p data-start=\"1522\" data-end=\"1562\"><strong data-start=\"1522\" data-end=\"1562\">Reforzamientos estructurales ligeros<\/strong><\/p>\n<\/li>\n<li data-start=\"1563\" data-end=\"1612\">\n<p data-start=\"1565\" data-end=\"1612\"><strong data-start=\"1565\" data-end=\"1612\">Muebles met\u00e1licos y estructuras decorativas<\/strong><\/p>\n<\/li>\n<li data-start=\"1613\" data-end=\"1663\">\n<p data-start=\"1615\" data-end=\"1663\"><strong data-start=\"1615\" data-end=\"1663\">Postes para se\u00f1alizaci\u00f3n o estanter\u00eda ligera<\/strong><\/p>\n<\/li>\n<\/ul>\n<hr data-start=\"1665\" data-end=\"1668\" \/>\n<h4 data-start=\"1670\" data-end=\"1702\">\u2705 <strong data-start=\"1677\" data-end=\"1702\">Ventajas competitivas<\/strong><\/h4>\n<ul data-start=\"1703\" data-end=\"1934\">\n<li data-start=\"1703\" data-end=\"1736\">\n<p data-start=\"1705\" data-end=\"1736\">Alta resistencia para su tama\u00f1o<\/p>\n<\/li>\n<li data-start=\"1737\" data-end=\"1786\">\n<p data-start=\"1739\" data-end=\"1786\">Protecci\u00f3n anticorrosiva con pintura industrial<\/p>\n<\/li>\n<li data-start=\"1787\" data-end=\"1830\">\n<p data-start=\"1789\" data-end=\"1830\">Atractivo visual para acabados a la vista<\/p>\n<\/li>\n<li data-start=\"1831\" data-end=\"1894\">\n<p data-start=\"1833\" data-end=\"1894\">Vers\u00e1til en construcci\u00f3n, herrer\u00eda y mantenimiento industrial<\/p>\n<\/li>\n<li data-start=\"1895\" data-end=\"1934\">\n<p data-start=\"1897\" data-end=\"1934\">Cumple con est\u00e1ndares de calidad ASTM<\/p>\n<\/li>\n<\/ul>\n<p>&nbsp;<\/p>\n<p style=\"text-align: center;\">En\u00a0<strong data-start=\"82\" data-end=\"115\">Distribuidor Panel Rey M\u00e9xico<\/strong> encuentras calidad y confianza en productos <strong>Fischer.<\/strong><br data-start=\"173\" data-end=\"176\" \/>\u2705 Env\u00edos a toda la Rep\u00fablica Mexicana. \u00a1Pregunta por nuestras promociones vigentes!<br data-start=\"259\" data-end=\"262\" data-is-only-node=\"\" \/>\u2705 Todos los precios incluyen IVA (sujetos a cambio sin previo aviso).<br data-start=\"331\" data-end=\"334\" \/>\u2705 Im\u00e1genes ilustrativas, el producto final puede presentar ligeras variaciones.<br data-start=\"413\" data-end=\"416\" \/>\ud83d\udcac \u00bfTienes dudas? Escr\u00edbenos por\u00a0<a href=\"https:\/\/www.facebook.com\/mexicopanelrey\">Facebook<\/a>\u00a0o\u00a0<a href=\"https:\/\/www.instagram.com\/panel_rey_mexico\/\">Instagram<\/a>.<br data-start=\"470\" data-end=\"473\" \/>\ud83d\udcde Tel:\u00a0<a href=\"tel:55 7397 6243\">55 7397 6243<\/a>\u00a0| WhatsApp:\u00a0<a href=\"https:\/\/api.whatsapp.com\/send?phone=525573976243\">5573976243<\/a><br data-start=\"518\" data-end=\"521\" \/>\ud83d\udce7\u00a0<a class=\"cursor-pointer\" href=\"mailto:ventas@distribuidorpanelrey.com\" rel=\"noopener\" data-start=\"524\" data-end=\"555\">ventas@distribuidorpanelrey.com<\/a><\/p>\n","protected":false},"excerpt":{"rendered":"<h4 style=\"text-align: center;\">Env\u00edos de 24 a 48 hr CDMX Y EDO MEX<\/h4>\n<p style=\"text-align: center;\">Rese\u00f1as\u00a0\u2605\u2605\u2605\u2605\u2605\u00a0 Env\u00edos Garantizados<\/p>\n<h4 style=\"text-align: center;\">\ud83d\udd25LOS MEJORES PRECIOS \ud83d\udd25<\/h4>\n","protected":false},"featured_media":4079,"comment_status":"closed","ping_status":"closed","template":"","meta":[],"product_brand":[],"product_cat":[599,605],"product_tag":[120,628,629,636],"class_list":{"0":"post-4206","1":"product","2":"type-product","3":"status-publish","4":"has-post-thumbnail","6":"product_cat-aceros","7":"product_cat-perfil-cuadrado-pintado","8":"product_tag-acero","9":"product_tag-calibre-18","10":"product_tag-perfil-cuadrado-pintado","11":"product_tag-perfil-cuadrado-pintado-zc-075-3-4-cal-18","13":"first","14":"instock","15":"shipping-taxable","16":"purchasable","17":"product-type-simple"},"yoast_head":"<!-- This site is optimized with the Yoast SEO plugin v27.1.1 - https:\/\/yoast.com\/product\/yoast-seo-wordpress\/ -->\n<title>Perfil Cuadrado Pintado ZC-075 3\/4\u201d Cal. 18 - PANEL REY MEXICO<\/title>\n<meta name=\"description\" content=\"Perfil cuadrado pintado ZC-075 de 3\/4\u201d calibre 18. Ideal para barandales, marcos y estructuras peque\u00f1as. Acero resistente con pintura anticorrosiva.\" \/>\n<meta name=\"robots\" content=\"index, follow, max-snippet:-1, max-image-preview:large, max-video-preview:-1\" \/>\n<link rel=\"canonical\" href=\"https:\/\/distribuidorpanelrey.com.mx\/producto\/perfil-cuadrado-pintado-zc-075-3-4-cal-18\/\" \/>\n<meta property=\"og:locale\" content=\"es_ES\" \/>\n<meta property=\"og:type\" content=\"article\" \/>\n<meta property=\"og:title\" content=\"Perfil Cuadrado Pintado ZC-075 3\/4\u201d Cal. 18 - PANEL REY MEXICO\" \/>\n<meta property=\"og:description\" content=\"Perfil cuadrado pintado ZC-075 de 3\/4\u201d calibre 18. Ideal para barandales, marcos y estructuras peque\u00f1as. Acero resistente con pintura anticorrosiva.\" \/>\n<meta property=\"og:url\" content=\"https:\/\/distribuidorpanelrey.com.mx\/producto\/perfil-cuadrado-pintado-zc-075-3-4-cal-18\/\" \/>\n<meta property=\"og:site_name\" content=\"PANEL REY MEXICO\" \/>\n<meta property=\"article:publisher\" content=\"https:\/\/www.facebook.com\/mexicopanelrey\/?locale=es_LA\" \/>\n<meta property=\"article:modified_time\" content=\"2026-01-28T23:36:39+00:00\" \/>\n<meta property=\"og:image\" content=\"https:\/\/distribuidorpanelrey.com.mx\/wp-content\/uploads\/2025\/07\/perfil-cuadrado-pintado-rojo-500x500-1.webp\" \/>\n\t<meta property=\"og:image:width\" content=\"500\" \/>\n\t<meta property=\"og:image:height\" content=\"500\" \/>\n\t<meta property=\"og:image:type\" content=\"image\/webp\" \/>\n<meta name=\"twitter:card\" content=\"summary_large_image\" \/>\n<meta name=\"twitter:label1\" content=\"Tiempo de lectura\" \/>\n\t<meta name=\"twitter:data1\" content=\"2 minutos\" \/>\n<script type=\"application\/ld+json\" class=\"yoast-schema-graph\">{\"@context\":\"https:\/\/schema.org\",\"@graph\":[{\"@type\":\"WebPage\",\"@id\":\"https:\/\/distribuidorpanelrey.com.mx\/producto\/perfil-cuadrado-pintado-zc-075-3-4-cal-18\/\",\"url\":\"https:\/\/distribuidorpanelrey.com.mx\/producto\/perfil-cuadrado-pintado-zc-075-3-4-cal-18\/\",\"name\":\"Perfil Cuadrado Pintado ZC-075 3\/4\u201d Cal. 18 - PANEL REY MEXICO\",\"isPartOf\":{\"@id\":\"https:\/\/distribuidorpanelrey.com\/#website\"},\"primaryImageOfPage\":{\"@id\":\"https:\/\/distribuidorpanelrey.com.mx\/producto\/perfil-cuadrado-pintado-zc-075-3-4-cal-18\/#primaryimage\"},\"image\":{\"@id\":\"https:\/\/distribuidorpanelrey.com.mx\/producto\/perfil-cuadrado-pintado-zc-075-3-4-cal-18\/#primaryimage\"},\"thumbnailUrl\":\"https:\/\/distribuidorpanelrey.com.mx\/wp-content\/uploads\/2025\/07\/perfil-cuadrado-pintado-rojo-500x500-1.webp\",\"datePublished\":\"2025-07-20T02:14:37+00:00\",\"dateModified\":\"2026-01-28T23:36:39+00:00\",\"description\":\"Perfil cuadrado pintado ZC-075 de 3\/4\u201d calibre 18. Ideal para barandales, marcos y estructuras peque\u00f1as. Acero resistente con pintura anticorrosiva.\",\"breadcrumb\":{\"@id\":\"https:\/\/distribuidorpanelrey.com.mx\/producto\/perfil-cuadrado-pintado-zc-075-3-4-cal-18\/#breadcrumb\"},\"inLanguage\":\"es\",\"potentialAction\":[{\"@type\":\"ReadAction\",\"target\":[\"https:\/\/distribuidorpanelrey.com.mx\/producto\/perfil-cuadrado-pintado-zc-075-3-4-cal-18\/\"]}]},{\"@type\":\"ImageObject\",\"inLanguage\":\"es\",\"@id\":\"https:\/\/distribuidorpanelrey.com.mx\/producto\/perfil-cuadrado-pintado-zc-075-3-4-cal-18\/#primaryimage\",\"url\":\"https:\/\/distribuidorpanelrey.com.mx\/wp-content\/uploads\/2025\/07\/perfil-cuadrado-pintado-rojo-500x500-1.webp\",\"contentUrl\":\"https:\/\/distribuidorpanelrey.com.mx\/wp-content\/uploads\/2025\/07\/perfil-cuadrado-pintado-rojo-500x500-1.webp\",\"width\":500,\"height\":500},{\"@type\":\"BreadcrumbList\",\"@id\":\"https:\/\/distribuidorpanelrey.com.mx\/producto\/perfil-cuadrado-pintado-zc-075-3-4-cal-18\/#breadcrumb\",\"itemListElement\":[{\"@type\":\"ListItem\",\"position\":1,\"name\":\"Portada\",\"item\":\"https:\/\/distribuidorpanelrey.com.mx\/\"},{\"@type\":\"ListItem\",\"position\":2,\"name\":\"Productos\",\"item\":\"https:\/\/distribuidorpanelrey.com\/tienda\/\"},{\"@type\":\"ListItem\",\"position\":3,\"name\":\"Perfil Cuadrado Pintado ZC-075 3\/4\u201d Cal. 18\"}]},{\"@type\":\"WebSite\",\"@id\":\"https:\/\/distribuidorpanelrey.com\/#website\",\"url\":\"https:\/\/distribuidorpanelrey.com\/\",\"name\":\"PANEL REY MEXICO\",\"description\":\"DISTRIBUIDOR PANEL REY\",\"publisher\":{\"@id\":\"https:\/\/distribuidorpanelrey.com\/#organization\"},\"alternateName\":\"DISTRIBUIDOR PANEL REY\",\"potentialAction\":[{\"@type\":\"SearchAction\",\"target\":{\"@type\":\"EntryPoint\",\"urlTemplate\":\"https:\/\/distribuidorpanelrey.com\/?s={search_term_string}\"},\"query-input\":{\"@type\":\"PropertyValueSpecification\",\"valueRequired\":true,\"valueName\":\"search_term_string\"}}],\"inLanguage\":\"es\"},{\"@type\":\"Organization\",\"@id\":\"https:\/\/distribuidorpanelrey.com\/#organization\",\"name\":\"PANEL REY MEXICO\",\"url\":\"https:\/\/distribuidorpanelrey.com\/\",\"logo\":{\"@type\":\"ImageObject\",\"inLanguage\":\"es\",\"@id\":\"https:\/\/distribuidorpanelrey.com\/#\/schema\/logo\/image\/\",\"url\":\"https:\/\/distribuidorpanelrey.com.mx\/wp-content\/uploads\/2023\/11\/panelrey.webp\",\"contentUrl\":\"https:\/\/distribuidorpanelrey.com.mx\/wp-content\/uploads\/2023\/11\/panelrey.webp\",\"width\":400,\"height\":150,\"caption\":\"PANEL REY MEXICO\"},\"image\":{\"@id\":\"https:\/\/distribuidorpanelrey.com\/#\/schema\/logo\/image\/\"},\"sameAs\":[\"https:\/\/www.facebook.com\/mexicopanelrey\/?locale=es_LA\",\"https:\/\/www.instagram.com\/panel_rey_mexico\/?hl=es\"]}]}<\/script>\n<!-- \/ Yoast SEO plugin. -->","yoast_head_json":{"title":"Perfil Cuadrado Pintado ZC-075 3\/4\u201d Cal. 18 - PANEL REY MEXICO","description":"Perfil cuadrado pintado ZC-075 de 3\/4\u201d calibre 18. Ideal para barandales, marcos y estructuras peque\u00f1as. Acero resistente con pintura anticorrosiva.","robots":{"index":"index","follow":"follow","max-snippet":"max-snippet:-1","max-image-preview":"max-image-preview:large","max-video-preview":"max-video-preview:-1"},"canonical":"https:\/\/distribuidorpanelrey.com.mx\/producto\/perfil-cuadrado-pintado-zc-075-3-4-cal-18\/","og_locale":"es_ES","og_type":"article","og_title":"Perfil Cuadrado Pintado ZC-075 3\/4\u201d Cal. 18 - PANEL REY MEXICO","og_description":"Perfil cuadrado pintado ZC-075 de 3\/4\u201d calibre 18. Ideal para barandales, marcos y estructuras peque\u00f1as. Acero resistente con pintura anticorrosiva.","og_url":"https:\/\/distribuidorpanelrey.com.mx\/producto\/perfil-cuadrado-pintado-zc-075-3-4-cal-18\/","og_site_name":"PANEL REY MEXICO","article_publisher":"https:\/\/www.facebook.com\/mexicopanelrey\/?locale=es_LA","article_modified_time":"2026-01-28T23:36:39+00:00","og_image":[{"width":500,"height":500,"url":"https:\/\/distribuidorpanelrey.com.mx\/wp-content\/uploads\/2025\/07\/perfil-cuadrado-pintado-rojo-500x500-1.webp","type":"image\/webp"}],"twitter_card":"summary_large_image","twitter_misc":{"Tiempo de lectura":"2 minutos"},"schema":{"@context":"https:\/\/schema.org","@graph":[{"@type":"WebPage","@id":"https:\/\/distribuidorpanelrey.com.mx\/producto\/perfil-cuadrado-pintado-zc-075-3-4-cal-18\/","url":"https:\/\/distribuidorpanelrey.com.mx\/producto\/perfil-cuadrado-pintado-zc-075-3-4-cal-18\/","name":"Perfil Cuadrado Pintado ZC-075 3\/4\u201d Cal. 18 - PANEL REY MEXICO","isPartOf":{"@id":"https:\/\/distribuidorpanelrey.com\/#website"},"primaryImageOfPage":{"@id":"https:\/\/distribuidorpanelrey.com.mx\/producto\/perfil-cuadrado-pintado-zc-075-3-4-cal-18\/#primaryimage"},"image":{"@id":"https:\/\/distribuidorpanelrey.com.mx\/producto\/perfil-cuadrado-pintado-zc-075-3-4-cal-18\/#primaryimage"},"thumbnailUrl":"https:\/\/distribuidorpanelrey.com.mx\/wp-content\/uploads\/2025\/07\/perfil-cuadrado-pintado-rojo-500x500-1.webp","datePublished":"2025-07-20T02:14:37+00:00","dateModified":"2026-01-28T23:36:39+00:00","description":"Perfil cuadrado pintado ZC-075 de 3\/4\u201d calibre 18. Ideal para barandales, marcos y estructuras peque\u00f1as. Acero resistente con pintura anticorrosiva.","breadcrumb":{"@id":"https:\/\/distribuidorpanelrey.com.mx\/producto\/perfil-cuadrado-pintado-zc-075-3-4-cal-18\/#breadcrumb"},"inLanguage":"es","potentialAction":[{"@type":"ReadAction","target":["https:\/\/distribuidorpanelrey.com.mx\/producto\/perfil-cuadrado-pintado-zc-075-3-4-cal-18\/"]}]},{"@type":"ImageObject","inLanguage":"es","@id":"https:\/\/distribuidorpanelrey.com.mx\/producto\/perfil-cuadrado-pintado-zc-075-3-4-cal-18\/#primaryimage","url":"https:\/\/distribuidorpanelrey.com.mx\/wp-content\/uploads\/2025\/07\/perfil-cuadrado-pintado-rojo-500x500-1.webp","contentUrl":"https:\/\/distribuidorpanelrey.com.mx\/wp-content\/uploads\/2025\/07\/perfil-cuadrado-pintado-rojo-500x500-1.webp","width":500,"height":500},{"@type":"BreadcrumbList","@id":"https:\/\/distribuidorpanelrey.com.mx\/producto\/perfil-cuadrado-pintado-zc-075-3-4-cal-18\/#breadcrumb","itemListElement":[{"@type":"ListItem","position":1,"name":"Portada","item":"https:\/\/distribuidorpanelrey.com.mx\/"},{"@type":"ListItem","position":2,"name":"Productos","item":"https:\/\/distribuidorpanelrey.com\/tienda\/"},{"@type":"ListItem","position":3,"name":"Perfil Cuadrado Pintado ZC-075 3\/4\u201d Cal. 18"}]},{"@type":"WebSite","@id":"https:\/\/distribuidorpanelrey.com\/#website","url":"https:\/\/distribuidorpanelrey.com\/","name":"PANEL REY MEXICO","description":"DISTRIBUIDOR PANEL REY","publisher":{"@id":"https:\/\/distribuidorpanelrey.com\/#organization"},"alternateName":"DISTRIBUIDOR PANEL REY","potentialAction":[{"@type":"SearchAction","target":{"@type":"EntryPoint","urlTemplate":"https:\/\/distribuidorpanelrey.com\/?s={search_term_string}"},"query-input":{"@type":"PropertyValueSpecification","valueRequired":true,"valueName":"search_term_string"}}],"inLanguage":"es"},{"@type":"Organization","@id":"https:\/\/distribuidorpanelrey.com\/#organization","name":"PANEL REY MEXICO","url":"https:\/\/distribuidorpanelrey.com\/","logo":{"@type":"ImageObject","inLanguage":"es","@id":"https:\/\/distribuidorpanelrey.com\/#\/schema\/logo\/image\/","url":"https:\/\/distribuidorpanelrey.com.mx\/wp-content\/uploads\/2023\/11\/panelrey.webp","contentUrl":"https:\/\/distribuidorpanelrey.com.mx\/wp-content\/uploads\/2023\/11\/panelrey.webp","width":400,"height":150,"caption":"PANEL REY MEXICO"},"image":{"@id":"https:\/\/distribuidorpanelrey.com\/#\/schema\/logo\/image\/"},"sameAs":["https:\/\/www.facebook.com\/mexicopanelrey\/?locale=es_LA","https:\/\/www.instagram.com\/panel_rey_mexico\/?hl=es"]}]}},"_links":{"self":[{"href":"https:\/\/distribuidorpanelrey.com.mx\/wp-json\/wp\/v2\/product\/4206","targetHints":{"allow":["GET"]}}],"collection":[{"href":"https:\/\/distribuidorpanelrey.com.mx\/wp-json\/wp\/v2\/product"}],"about":[{"href":"https:\/\/distribuidorpanelrey.com.mx\/wp-json\/wp\/v2\/types\/product"}],"replies":[{"embeddable":true,"href":"https:\/\/distribuidorpanelrey.com.mx\/wp-json\/wp\/v2\/comments?post=4206"}],"version-history":[{"count":2,"href":"https:\/\/distribuidorpanelrey.com.mx\/wp-json\/wp\/v2\/product\/4206\/revisions"}],"predecessor-version":[{"id":6716,"href":"https:\/\/distribuidorpanelrey.com.mx\/wp-json\/wp\/v2\/product\/4206\/revisions\/6716"}],"wp:featuredmedia":[{"embeddable":true,"href":"https:\/\/distribuidorpanelrey.com.mx\/wp-json\/wp\/v2\/media\/4079"}],"wp:attachment":[{"href":"https:\/\/distribuidorpanelrey.com.mx\/wp-json\/wp\/v2\/media?parent=4206"}],"wp:term":[{"taxonomy":"product_brand","embeddable":true,"href":"https:\/\/distribuidorpanelrey.com.mx\/wp-json\/wp\/v2\/product_brand?post=4206"},{"taxonomy":"product_cat","embeddable":true,"href":"https:\/\/distribuidorpanelrey.com.mx\/wp-json\/wp\/v2\/product_cat?post=4206"},{"taxonomy":"product_tag","embeddable":true,"href":"https:\/\/distribuidorpanelrey.com.mx\/wp-json\/wp\/v2\/product_tag?post=4206"}],"curies":[{"name":"wp","href":"https:\/\/api.w.org\/{rel}","templated":true}]}}