{"id":446,"date":"2018-12-04T20:41:46","date_gmt":"2018-12-04T20:41:46","guid":{"rendered":"http:\/\/distribuidorpanelrey.com\/?post_type=product&#038;p=446"},"modified":"2026-02-16T23:01:54","modified_gmt":"2026-02-16T23:01:54","slug":"panel-de-yeso-fire-rey-c-y-x","status":"publish","type":"product","link":"https:\/\/distribuidorpanelrey.com.mx\/producto\/panel-de-yeso-fire-rey-c-y-x\/","title":{"rendered":"PANEL DE YESO RF"},"content":{"rendered":"<p>Panel de yeso RF<\/p>\n<p>&nbsp;<\/p>\n<p>El <strong>panel de yeso RF<\/strong> tiene como funci\u00f3n principal proporcionar protecci\u00f3n contra el fuego en aplicaciones de construcci\u00f3n. Est\u00e1 dise\u00f1ado espec\u00edficamente con materiales y composici\u00f3n que le permiten resistir altas temperaturas durante per\u00edodos prolongados, actuando como una barrera retardante de fuego en estructuras interiores.<\/p>\n<p>Este tipo de <strong>panel de yeso RF<\/strong> es utilizado en \u00e1reas donde se requiere cumplir con estrictas normativas de seguridad contra incendios, como pasillos de escape, paredes divisorias entre unidades habitacionales, y otros espacios donde se necesita retardar la propagaci\u00f3n del fuego para permitir la evacuaci\u00f3n segura y proteger la integridad estructural del edificio.<\/p>\n<p>Es esencial en la construcci\u00f3n para mejorar la seguridad contra incendios, proporcionando una protecci\u00f3n eficaz y confiable en situaciones donde la resistencia al fuego es cr\u00edtica para la seguridad de las personas y la propiedad.<\/p>\n<p><span style=\"color: #000080;\"><span style=\"font-size: 12px;\"><b>CARACTER\u00cdSTICAS<\/b><\/span><strong>:<\/strong><\/span><\/p>\n<ul>\n<li>Este\u00a0 panel posee un n\u00facleo incombustible hecho esencialmente de yeso, reforzado con fibras resistentes a temperaturas elevadas y aditivos especiales para proporcionar una mayor resistencia y desempe\u00f1o contra el comparado con un producto RF tradicional.<\/li>\n<li>Est\u00e1 cubierto por ambos lados con papel 100% reciclado. El papel de la cara cubre las orillas biseladas del panel a todo lo largo para mayor fortalecimiento y protecci\u00f3n del n\u00facleo. Los extremos est\u00e1n cuidadosamente esmerilados en corte cuadrado.<\/li>\n<\/ul>\n<p>&nbsp;<\/p>\n<p><span style=\"color: #000080;\"><strong>DISPONIBILIDAD:<\/strong><\/span><\/p>\n<p>MEDIDA:<\/p>\n<ul>\n<li>1\/2&#8243;<\/li>\n<\/ul>\n<p>&nbsp;<\/p>\n<p style=\"text-align: center;\">*En Distribuidor Panel Rey Mexico nos esforzamos por ofrecerte los mejores productos de\u00a0 <a href=\"http:\/\/distribuidorpanelrey.com\/categoria-producto\/paneles-muros\/paneles-interiores\/\">Paneles Interiores<\/a> como el Panel de yeso RF<br \/>\n*La imagen puede diferir un poco del producto final *Los precios pueden variar sin previo aviso<br \/>\n*Los precios ya incluyen IVA *Se hacen env\u00edos a toda la Rep\u00fablica Mexicana, pregunte por nuestros descuentos en env\u00edos.<br \/>\n*Chatea con nosotros en nuestras redes sociales.<br \/>\n*Contactanos: Tel. 71-58-97-38 y 71-58-02-72.<br \/>\nNuestro correo: ventas@distribuidorpanelrey.com<br \/>\nDistribuidor Panel Rey Mexico<\/p>\n","protected":false},"excerpt":{"rendered":"<h4 style=\"text-align: center;\">Env\u00edos de 24 a 48 hr CDMX Y EDO MEX<\/h4>\n<p style=\"text-align: center;\">Rese\u00f1as\u00a0\u2605\u2605\u2605\u2605\u2605\u00a0 Env\u00edos Garantizados<\/p>\n<p style=\"text-align: center;\">Paga a meses o en efectivo.<\/p>\n<h4 style=\"text-align: center;\">\ud83d\udd25LOS MEJORES PRECIOS \ud83d\udd25<\/h4>\n","protected":false},"featured_media":876,"comment_status":"closed","ping_status":"closed","template":"","meta":[],"product_brand":[549],"product_cat":[38],"product_tag":[284,171,21,40,285,111],"class_list":{"0":"post-446","1":"product","2":"type-product","3":"status-publish","4":"has-post-thumbnail","6":"product_brand-panel-rey","7":"product_cat-paneles-interiores","8":"product_tag-fuego","9":"product_tag-humedad","10":"product_tag-panel-de-yeso","11":"product_tag-panel-fire-rey-c-y-x","12":"product_tag-panel-para-fuego","13":"product_tag-panel-rey","15":"first","16":"instock","17":"shipping-taxable","18":"purchasable","19":"product-type-simple"},"yoast_head":"<!-- This site is optimized with the Yoast SEO plugin v27.1.1 - https:\/\/yoast.com\/product\/yoast-seo-wordpress\/ -->\n<title>PANEL DE YESO RF - PANEL REY MEXICO | Cotiza con nosotros<\/title>\n<meta name=\"description\" content=\"Panel de yeso Fire Rey C y X. Este panel posee un n\u00facleo incombustible hecho esencialmente de yeso, con fibras resistentes a temperaturas\" \/>\n<meta name=\"robots\" content=\"index, follow, max-snippet:-1, max-image-preview:large, max-video-preview:-1\" \/>\n<link rel=\"canonical\" href=\"https:\/\/distribuidorpanelrey.com.mx\/producto\/panel-de-yeso-fire-rey-c-y-x\/\" \/>\n<meta property=\"og:locale\" content=\"es_ES\" \/>\n<meta property=\"og:type\" content=\"article\" \/>\n<meta property=\"og:title\" content=\"PANEL DE YESO RF - PANEL REY MEXICO | Cotiza con nosotros\" \/>\n<meta property=\"og:description\" content=\"Panel de yeso Fire Rey C y X. Este panel posee un n\u00facleo incombustible hecho esencialmente de yeso, con fibras resistentes a temperaturas\" \/>\n<meta property=\"og:url\" content=\"https:\/\/distribuidorpanelrey.com.mx\/producto\/panel-de-yeso-fire-rey-c-y-x\/\" \/>\n<meta property=\"og:site_name\" content=\"PANEL REY MEXICO\" \/>\n<meta property=\"article:publisher\" content=\"https:\/\/www.facebook.com\/mexicopanelrey\/?locale=es_LA\" \/>\n<meta property=\"article:modified_time\" content=\"2026-02-16T23:01:54+00:00\" \/>\n<meta property=\"og:image\" content=\"https:\/\/distribuidorpanelrey.com.mx\/wp-content\/uploads\/2018\/12\/fire-rey-DISTRIBUIDOR-PANEL-REY-MEXICO.jpg\" \/>\n\t<meta property=\"og:image:width\" content=\"500\" \/>\n\t<meta property=\"og:image:height\" content=\"500\" \/>\n\t<meta property=\"og:image:type\" content=\"image\/jpeg\" \/>\n<meta name=\"twitter:card\" content=\"summary_large_image\" \/>\n<meta name=\"twitter:label1\" content=\"Tiempo de lectura\" \/>\n\t<meta name=\"twitter:data1\" content=\"2 minutos\" \/>\n<script type=\"application\/ld+json\" class=\"yoast-schema-graph\">{\"@context\":\"https:\/\/schema.org\",\"@graph\":[{\"@type\":\"WebPage\",\"@id\":\"https:\/\/distribuidorpanelrey.com.mx\/producto\/panel-de-yeso-fire-rey-c-y-x\/\",\"url\":\"https:\/\/distribuidorpanelrey.com.mx\/producto\/panel-de-yeso-fire-rey-c-y-x\/\",\"name\":\"PANEL DE YESO RF - PANEL REY MEXICO | Cotiza con nosotros\",\"isPartOf\":{\"@id\":\"https:\/\/distribuidorpanelrey.com\/#website\"},\"primaryImageOfPage\":{\"@id\":\"https:\/\/distribuidorpanelrey.com.mx\/producto\/panel-de-yeso-fire-rey-c-y-x\/#primaryimage\"},\"image\":{\"@id\":\"https:\/\/distribuidorpanelrey.com.mx\/producto\/panel-de-yeso-fire-rey-c-y-x\/#primaryimage\"},\"thumbnailUrl\":\"https:\/\/distribuidorpanelrey.com.mx\/wp-content\/uploads\/2018\/12\/fire-rey-DISTRIBUIDOR-PANEL-REY-MEXICO.jpg\",\"datePublished\":\"2018-12-04T20:41:46+00:00\",\"dateModified\":\"2026-02-16T23:01:54+00:00\",\"description\":\"Panel de yeso Fire Rey C y X. Este panel posee un n\u00facleo incombustible hecho esencialmente de yeso, con fibras resistentes a temperaturas\",\"breadcrumb\":{\"@id\":\"https:\/\/distribuidorpanelrey.com.mx\/producto\/panel-de-yeso-fire-rey-c-y-x\/#breadcrumb\"},\"inLanguage\":\"es\",\"potentialAction\":[{\"@type\":\"ReadAction\",\"target\":[\"https:\/\/distribuidorpanelrey.com.mx\/producto\/panel-de-yeso-fire-rey-c-y-x\/\"]}]},{\"@type\":\"ImageObject\",\"inLanguage\":\"es\",\"@id\":\"https:\/\/distribuidorpanelrey.com.mx\/producto\/panel-de-yeso-fire-rey-c-y-x\/#primaryimage\",\"url\":\"https:\/\/distribuidorpanelrey.com.mx\/wp-content\/uploads\/2018\/12\/fire-rey-DISTRIBUIDOR-PANEL-REY-MEXICO.jpg\",\"contentUrl\":\"https:\/\/distribuidorpanelrey.com.mx\/wp-content\/uploads\/2018\/12\/fire-rey-DISTRIBUIDOR-PANEL-REY-MEXICO.jpg\",\"width\":500,\"height\":500,\"caption\":\"fire-rey-DISTRIBUIDOR-PANEL-REY-MEXICO\"},{\"@type\":\"BreadcrumbList\",\"@id\":\"https:\/\/distribuidorpanelrey.com.mx\/producto\/panel-de-yeso-fire-rey-c-y-x\/#breadcrumb\",\"itemListElement\":[{\"@type\":\"ListItem\",\"position\":1,\"name\":\"Portada\",\"item\":\"https:\/\/distribuidorpanelrey.com.mx\/\"},{\"@type\":\"ListItem\",\"position\":2,\"name\":\"Productos\",\"item\":\"https:\/\/distribuidorpanelrey.com\/tienda\/\"},{\"@type\":\"ListItem\",\"position\":3,\"name\":\"PANEL DE YESO RF\"}]},{\"@type\":\"WebSite\",\"@id\":\"https:\/\/distribuidorpanelrey.com\/#website\",\"url\":\"https:\/\/distribuidorpanelrey.com\/\",\"name\":\"PANEL REY MEXICO\",\"description\":\"DISTRIBUIDOR PANEL REY\",\"publisher\":{\"@id\":\"https:\/\/distribuidorpanelrey.com\/#organization\"},\"alternateName\":\"DISTRIBUIDOR PANEL REY\",\"potentialAction\":[{\"@type\":\"SearchAction\",\"target\":{\"@type\":\"EntryPoint\",\"urlTemplate\":\"https:\/\/distribuidorpanelrey.com\/?s={search_term_string}\"},\"query-input\":{\"@type\":\"PropertyValueSpecification\",\"valueRequired\":true,\"valueName\":\"search_term_string\"}}],\"inLanguage\":\"es\"},{\"@type\":\"Organization\",\"@id\":\"https:\/\/distribuidorpanelrey.com\/#organization\",\"name\":\"PANEL REY MEXICO\",\"url\":\"https:\/\/distribuidorpanelrey.com\/\",\"logo\":{\"@type\":\"ImageObject\",\"inLanguage\":\"es\",\"@id\":\"https:\/\/distribuidorpanelrey.com\/#\/schema\/logo\/image\/\",\"url\":\"https:\/\/distribuidorpanelrey.com.mx\/wp-content\/uploads\/2023\/11\/panelrey.webp\",\"contentUrl\":\"https:\/\/distribuidorpanelrey.com.mx\/wp-content\/uploads\/2023\/11\/panelrey.webp\",\"width\":400,\"height\":150,\"caption\":\"PANEL REY MEXICO\"},\"image\":{\"@id\":\"https:\/\/distribuidorpanelrey.com\/#\/schema\/logo\/image\/\"},\"sameAs\":[\"https:\/\/www.facebook.com\/mexicopanelrey\/?locale=es_LA\",\"https:\/\/www.instagram.com\/panel_rey_mexico\/?hl=es\"]}]}<\/script>\n<!-- \/ Yoast SEO plugin. -->","yoast_head_json":{"title":"PANEL DE YESO RF - PANEL REY MEXICO | Cotiza con nosotros","description":"Panel de yeso Fire Rey C y X. Este panel posee un n\u00facleo incombustible hecho esencialmente de yeso, con fibras resistentes a temperaturas","robots":{"index":"index","follow":"follow","max-snippet":"max-snippet:-1","max-image-preview":"max-image-preview:large","max-video-preview":"max-video-preview:-1"},"canonical":"https:\/\/distribuidorpanelrey.com.mx\/producto\/panel-de-yeso-fire-rey-c-y-x\/","og_locale":"es_ES","og_type":"article","og_title":"PANEL DE YESO RF - PANEL REY MEXICO | Cotiza con nosotros","og_description":"Panel de yeso Fire Rey C y X. Este panel posee un n\u00facleo incombustible hecho esencialmente de yeso, con fibras resistentes a temperaturas","og_url":"https:\/\/distribuidorpanelrey.com.mx\/producto\/panel-de-yeso-fire-rey-c-y-x\/","og_site_name":"PANEL REY MEXICO","article_publisher":"https:\/\/www.facebook.com\/mexicopanelrey\/?locale=es_LA","article_modified_time":"2026-02-16T23:01:54+00:00","og_image":[{"width":500,"height":500,"url":"https:\/\/distribuidorpanelrey.com.mx\/wp-content\/uploads\/2018\/12\/fire-rey-DISTRIBUIDOR-PANEL-REY-MEXICO.jpg","type":"image\/jpeg"}],"twitter_card":"summary_large_image","twitter_misc":{"Tiempo de lectura":"2 minutos"},"schema":{"@context":"https:\/\/schema.org","@graph":[{"@type":"WebPage","@id":"https:\/\/distribuidorpanelrey.com.mx\/producto\/panel-de-yeso-fire-rey-c-y-x\/","url":"https:\/\/distribuidorpanelrey.com.mx\/producto\/panel-de-yeso-fire-rey-c-y-x\/","name":"PANEL DE YESO RF - PANEL REY MEXICO | Cotiza con nosotros","isPartOf":{"@id":"https:\/\/distribuidorpanelrey.com\/#website"},"primaryImageOfPage":{"@id":"https:\/\/distribuidorpanelrey.com.mx\/producto\/panel-de-yeso-fire-rey-c-y-x\/#primaryimage"},"image":{"@id":"https:\/\/distribuidorpanelrey.com.mx\/producto\/panel-de-yeso-fire-rey-c-y-x\/#primaryimage"},"thumbnailUrl":"https:\/\/distribuidorpanelrey.com.mx\/wp-content\/uploads\/2018\/12\/fire-rey-DISTRIBUIDOR-PANEL-REY-MEXICO.jpg","datePublished":"2018-12-04T20:41:46+00:00","dateModified":"2026-02-16T23:01:54+00:00","description":"Panel de yeso Fire Rey C y X. Este panel posee un n\u00facleo incombustible hecho esencialmente de yeso, con fibras resistentes a temperaturas","breadcrumb":{"@id":"https:\/\/distribuidorpanelrey.com.mx\/producto\/panel-de-yeso-fire-rey-c-y-x\/#breadcrumb"},"inLanguage":"es","potentialAction":[{"@type":"ReadAction","target":["https:\/\/distribuidorpanelrey.com.mx\/producto\/panel-de-yeso-fire-rey-c-y-x\/"]}]},{"@type":"ImageObject","inLanguage":"es","@id":"https:\/\/distribuidorpanelrey.com.mx\/producto\/panel-de-yeso-fire-rey-c-y-x\/#primaryimage","url":"https:\/\/distribuidorpanelrey.com.mx\/wp-content\/uploads\/2018\/12\/fire-rey-DISTRIBUIDOR-PANEL-REY-MEXICO.jpg","contentUrl":"https:\/\/distribuidorpanelrey.com.mx\/wp-content\/uploads\/2018\/12\/fire-rey-DISTRIBUIDOR-PANEL-REY-MEXICO.jpg","width":500,"height":500,"caption":"fire-rey-DISTRIBUIDOR-PANEL-REY-MEXICO"},{"@type":"BreadcrumbList","@id":"https:\/\/distribuidorpanelrey.com.mx\/producto\/panel-de-yeso-fire-rey-c-y-x\/#breadcrumb","itemListElement":[{"@type":"ListItem","position":1,"name":"Portada","item":"https:\/\/distribuidorpanelrey.com.mx\/"},{"@type":"ListItem","position":2,"name":"Productos","item":"https:\/\/distribuidorpanelrey.com\/tienda\/"},{"@type":"ListItem","position":3,"name":"PANEL DE YESO RF"}]},{"@type":"WebSite","@id":"https:\/\/distribuidorpanelrey.com\/#website","url":"https:\/\/distribuidorpanelrey.com\/","name":"PANEL REY MEXICO","description":"DISTRIBUIDOR PANEL REY","publisher":{"@id":"https:\/\/distribuidorpanelrey.com\/#organization"},"alternateName":"DISTRIBUIDOR PANEL REY","potentialAction":[{"@type":"SearchAction","target":{"@type":"EntryPoint","urlTemplate":"https:\/\/distribuidorpanelrey.com\/?s={search_term_string}"},"query-input":{"@type":"PropertyValueSpecification","valueRequired":true,"valueName":"search_term_string"}}],"inLanguage":"es"},{"@type":"Organization","@id":"https:\/\/distribuidorpanelrey.com\/#organization","name":"PANEL REY MEXICO","url":"https:\/\/distribuidorpanelrey.com\/","logo":{"@type":"ImageObject","inLanguage":"es","@id":"https:\/\/distribuidorpanelrey.com\/#\/schema\/logo\/image\/","url":"https:\/\/distribuidorpanelrey.com.mx\/wp-content\/uploads\/2023\/11\/panelrey.webp","contentUrl":"https:\/\/distribuidorpanelrey.com.mx\/wp-content\/uploads\/2023\/11\/panelrey.webp","width":400,"height":150,"caption":"PANEL REY MEXICO"},"image":{"@id":"https:\/\/distribuidorpanelrey.com\/#\/schema\/logo\/image\/"},"sameAs":["https:\/\/www.facebook.com\/mexicopanelrey\/?locale=es_LA","https:\/\/www.instagram.com\/panel_rey_mexico\/?hl=es"]}]}},"_links":{"self":[{"href":"https:\/\/distribuidorpanelrey.com.mx\/wp-json\/wp\/v2\/product\/446","targetHints":{"allow":["GET"]}}],"collection":[{"href":"https:\/\/distribuidorpanelrey.com.mx\/wp-json\/wp\/v2\/product"}],"about":[{"href":"https:\/\/distribuidorpanelrey.com.mx\/wp-json\/wp\/v2\/types\/product"}],"replies":[{"embeddable":true,"href":"https:\/\/distribuidorpanelrey.com.mx\/wp-json\/wp\/v2\/comments?post=446"}],"version-history":[{"count":5,"href":"https:\/\/distribuidorpanelrey.com.mx\/wp-json\/wp\/v2\/product\/446\/revisions"}],"predecessor-version":[{"id":6663,"href":"https:\/\/distribuidorpanelrey.com.mx\/wp-json\/wp\/v2\/product\/446\/revisions\/6663"}],"wp:featuredmedia":[{"embeddable":true,"href":"https:\/\/distribuidorpanelrey.com.mx\/wp-json\/wp\/v2\/media\/876"}],"wp:attachment":[{"href":"https:\/\/distribuidorpanelrey.com.mx\/wp-json\/wp\/v2\/media?parent=446"}],"wp:term":[{"taxonomy":"product_brand","embeddable":true,"href":"https:\/\/distribuidorpanelrey.com.mx\/wp-json\/wp\/v2\/product_brand?post=446"},{"taxonomy":"product_cat","embeddable":true,"href":"https:\/\/distribuidorpanelrey.com.mx\/wp-json\/wp\/v2\/product_cat?post=446"},{"taxonomy":"product_tag","embeddable":true,"href":"https:\/\/distribuidorpanelrey.com.mx\/wp-json\/wp\/v2\/product_tag?post=446"}],"curies":[{"name":"wp","href":"https:\/\/api.w.org\/{rel}","templated":true}]}}