{"id":464,"date":"2018-12-04T21:53:18","date_gmt":"2018-12-04T21:53:18","guid":{"rendered":"http:\/\/distribuidorpanelrey.com\/?post_type=product&#038;p=464"},"modified":"2025-12-05T15:26:14","modified_gmt":"2025-12-05T15:26:14","slug":"poste-metalico","status":"publish","type":"product","link":"https:\/\/distribuidorpanelrey.com.mx\/producto\/poste-metalico\/","title":{"rendered":"POSTE METALICO (FACHADA)"},"content":{"rendered":"<p>Poste Metalico (Fachada)<\/p>\n<p>La funci\u00f3n principal del <strong>poste met\u00e1lico (fachada)<\/strong> es proporcionar soporte estructural y est\u00e9tico en la instalaci\u00f3n de sistemas de fachada ventilada o revestimientos exteriores en edificaciones. Este tipo de poste est\u00e1 dise\u00f1ado espec\u00edficamente para resistir cargas verticales y mantener los paneles de revestimiento en su lugar de manera segura.<\/p>\n<p>El <strong>poste met\u00e1lico (fachada)<\/strong> se caracteriza por su resistencia a la intemperie y durabilidad, asegurando una instalaci\u00f3n robusta y de larga duraci\u00f3n de los materiales de fachada como paneles de aluminio, acero, cer\u00e1mica u otros revestimientos. Adem\u00e1s de su funci\u00f3n estructural, estos postes pueden contribuir al dise\u00f1o arquitect\u00f3nico al proporcionar una apariencia uniforme y est\u00e9tica a la fachada del edificio.<\/p>\n<p>En resumen, el <strong>poste met\u00e1lico (fachada)<\/strong> es esencial en la construcci\u00f3n moderna para garantizar la estabilidad y el acabado est\u00e9tico de los revestimientos exteriores, proporcionando un soporte confiable y seguro para los sistemas de fachada ventilada.<\/p>\n<p><span style=\"color: #000080;\"><strong>MEDIDAS:<\/strong><\/span><\/p>\n<table width=\"236\">\n<tbody>\n<tr>\n<td style=\"text-align: center;\" width=\"120\">4.10\u00a0 x 2.44<\/td>\n<td style=\"text-align: center;\" width=\"116\">6.35 x 3.05<\/td>\n<\/tr>\n<tr>\n<td style=\"text-align: center;\">4.10 x 3.05<\/td>\n<td style=\"text-align: center;\">9.20 x 3.05<\/td>\n<\/tr>\n<tr>\n<td style=\"text-align: center;\">6.35 x 2.44<\/td>\n<td style=\"text-align: center;\">15.24 x 3.05<\/td>\n<\/tr>\n<\/tbody>\n<\/table>\n<p>&nbsp;<\/p>\n<p>&nbsp;<\/p>\n<p><span style=\"color: #000080;\"><strong>MEDIDAS\u00a0\u00a0(POSTE ESTRUCTURAL CAL NO. 20)<\/strong><\/span><\/p>\n<table width=\"302\">\n<tbody>\n<tr>\n<td style=\"text-align: center;\" width=\"151\">4.10 x 3.05<\/td>\n<td style=\"text-align: center;\" width=\"151\">9.20 x 3.05<\/td>\n<\/tr>\n<tr>\n<td style=\"text-align: center;\">6.35 x 3.05<\/td>\n<td style=\"text-align: center;\">15.24 x 3.05<\/td>\n<\/tr>\n<\/tbody>\n<\/table>\n<p>Canal list\u00f3n estructural es recomendada con los paneles <a href=\"http:\/\/distribuidorpanelrey.com\/producto\/panel-de-cemento-perma-base\/\">Perma Base<\/a> o <a href=\"http:\/\/distribuidorpanelrey.com\/producto\/panel-de-yeso-glass-rey\/\">Glass Rey.<\/a><\/p>\n<p>&nbsp;<\/p>\n<p>&nbsp;<\/p>\n<p><span style=\"color: #000080;\"><span style=\"font-size: 12px;\"><b>CARACTER\u00cdSTICAS<\/b><\/span><strong>:<\/strong><\/span><\/p>\n<ul>\n<li>Es uno de los principales elementos para formar la estructura ligera, contiene tres perforaciones ubicadas a la altura adecuada para la colocaci\u00f3n de instalaciones el\u00e9ctricas, tuber\u00edas y mangueras.<\/li>\n<\/ul>\n<p>&nbsp;<\/p>\n<p>&nbsp;<\/p>\n<p style=\"text-align: center;\">*En Distribuidor Panel Rey Mexico nos esforzamos por ofrecerte los mejores productos de <a href=\"http:\/\/distribuidorpanelrey.com\/categoria-producto\/perfiles\/\">Perfiles<\/a> como el\u00a0Poste Metalico.<br \/>\n*La imagen puede diferir un poco del producto final *Los precios pueden variar sin previo aviso<br \/>\n*Los precios ya incluyen IVA *Se hacen env\u00edos a toda la Rep\u00fablica Mexicana, pregunte por nuestros descuentos en env\u00edos.<br \/>\n*Chatea con nosotros en nuestras redes sociales.<br \/>\n*Contactanos: Tel. 71-58-97-38 y 71-58-02-72.<br \/>\nNuestro correo: ventas@distribuidorpanelrey.com<br \/>\nDistribuidor Panel Rey Mexico<\/p>\n","protected":false},"excerpt":{"rendered":"<h4 style=\"text-align: center;\">Env\u00edos de 24 a 48 hr CDMX Y EDO MEX<\/h4>\n<p style=\"text-align: center;\">Rese\u00f1as\u00a0\u2605\u2605\u2605\u2605\u2605\u00a0 Env\u00edos Garantizados<\/p>\n<p style=\"text-align: center;\">Paga a meses o en efectivo.<\/p>\n<h4 style=\"text-align: center;\">\ud83d\udd25LOS MEJORES PRECIOS \ud83d\udd25<\/h4>\n","protected":false},"featured_media":870,"comment_status":"closed","ping_status":"closed","template":"","meta":[],"product_brand":[549],"product_cat":[45],"product_tag":[49,48,46,50],"class_list":{"0":"post-464","1":"product","2":"type-product","3":"status-publish","4":"has-post-thumbnail","6":"product_brand-panel-rey","7":"product_cat-perfiles","8":"product_tag-metalico","9":"product_tag-perfiles","10":"product_tag-poste","11":"product_tag-poste-metalico","13":"first","14":"instock","15":"shipping-taxable","16":"purchasable","17":"product-type-variable"},"yoast_head":"<!-- This site is optimized with the Yoast SEO plugin v27.1.1 - https:\/\/yoast.com\/product\/yoast-seo-wordpress\/ -->\n<title>POSTE METALICO (FACHADA) - PANEL REY MEXICO | \u00a1Encuentralo aqui!<\/title>\n<meta name=\"description\" content=\"Poste Metalico (Fachada). Es uno de los principales elementos para formar la estructura ligera, contiene tres perforaciones ubicadas...\" \/>\n<meta name=\"robots\" content=\"index, follow, max-snippet:-1, max-image-preview:large, max-video-preview:-1\" \/>\n<link rel=\"canonical\" href=\"https:\/\/distribuidorpanelrey.com.mx\/producto\/poste-metalico\/\" \/>\n<meta property=\"og:locale\" content=\"es_ES\" \/>\n<meta property=\"og:type\" content=\"article\" \/>\n<meta property=\"og:title\" content=\"POSTE METALICO (FACHADA) - PANEL REY MEXICO | \u00a1Encuentralo aqui!\" \/>\n<meta property=\"og:description\" content=\"Poste Metalico (Fachada). Es uno de los principales elementos para formar la estructura ligera, contiene tres perforaciones ubicadas...\" \/>\n<meta property=\"og:url\" content=\"https:\/\/distribuidorpanelrey.com.mx\/producto\/poste-metalico\/\" \/>\n<meta property=\"og:site_name\" content=\"PANEL REY MEXICO\" \/>\n<meta property=\"article:publisher\" content=\"https:\/\/www.facebook.com\/mexicopanelrey\/?locale=es_LA\" \/>\n<meta property=\"article:modified_time\" content=\"2025-12-05T15:26:14+00:00\" \/>\n<meta property=\"og:image\" content=\"https:\/\/distribuidorpanelrey.com.mx\/wp-content\/uploads\/2018\/12\/Poste-met\u00e1lico-distribuidor-panel-rey-mexico.jpg\" \/>\n\t<meta property=\"og:image:width\" content=\"500\" \/>\n\t<meta property=\"og:image:height\" content=\"500\" \/>\n\t<meta property=\"og:image:type\" content=\"image\/jpeg\" \/>\n<meta name=\"twitter:card\" content=\"summary_large_image\" \/>\n<meta name=\"twitter:label1\" content=\"Tiempo de lectura\" \/>\n\t<meta name=\"twitter:data1\" content=\"2 minutos\" \/>\n<script type=\"application\/ld+json\" class=\"yoast-schema-graph\">{\"@context\":\"https:\/\/schema.org\",\"@graph\":[{\"@type\":\"WebPage\",\"@id\":\"https:\/\/distribuidorpanelrey.com.mx\/producto\/poste-metalico\/\",\"url\":\"https:\/\/distribuidorpanelrey.com.mx\/producto\/poste-metalico\/\",\"name\":\"POSTE METALICO (FACHADA) - PANEL REY MEXICO | \u00a1Encuentralo aqui!\",\"isPartOf\":{\"@id\":\"https:\/\/distribuidorpanelrey.com\/#website\"},\"primaryImageOfPage\":{\"@id\":\"https:\/\/distribuidorpanelrey.com.mx\/producto\/poste-metalico\/#primaryimage\"},\"image\":{\"@id\":\"https:\/\/distribuidorpanelrey.com.mx\/producto\/poste-metalico\/#primaryimage\"},\"thumbnailUrl\":\"https:\/\/distribuidorpanelrey.com.mx\/wp-content\/uploads\/2018\/12\/Poste-met\u00e1lico-distribuidor-panel-rey-mexico.jpg\",\"datePublished\":\"2018-12-04T21:53:18+00:00\",\"dateModified\":\"2025-12-05T15:26:14+00:00\",\"description\":\"Poste Metalico (Fachada). Es uno de los principales elementos para formar la estructura ligera, contiene tres perforaciones ubicadas...\",\"breadcrumb\":{\"@id\":\"https:\/\/distribuidorpanelrey.com.mx\/producto\/poste-metalico\/#breadcrumb\"},\"inLanguage\":\"es\",\"potentialAction\":[{\"@type\":\"ReadAction\",\"target\":[\"https:\/\/distribuidorpanelrey.com.mx\/producto\/poste-metalico\/\"]}]},{\"@type\":\"ImageObject\",\"inLanguage\":\"es\",\"@id\":\"https:\/\/distribuidorpanelrey.com.mx\/producto\/poste-metalico\/#primaryimage\",\"url\":\"https:\/\/distribuidorpanelrey.com.mx\/wp-content\/uploads\/2018\/12\/Poste-met\u00e1lico-distribuidor-panel-rey-mexico.jpg\",\"contentUrl\":\"https:\/\/distribuidorpanelrey.com.mx\/wp-content\/uploads\/2018\/12\/Poste-met\u00e1lico-distribuidor-panel-rey-mexico.jpg\",\"width\":500,\"height\":500,\"caption\":\"Poste-met\u00e1lico-distribuidor-panel-rey-mexico\"},{\"@type\":\"BreadcrumbList\",\"@id\":\"https:\/\/distribuidorpanelrey.com.mx\/producto\/poste-metalico\/#breadcrumb\",\"itemListElement\":[{\"@type\":\"ListItem\",\"position\":1,\"name\":\"Portada\",\"item\":\"https:\/\/distribuidorpanelrey.com.mx\/\"},{\"@type\":\"ListItem\",\"position\":2,\"name\":\"Productos\",\"item\":\"https:\/\/distribuidorpanelrey.com\/tienda\/\"},{\"@type\":\"ListItem\",\"position\":3,\"name\":\"POSTE METALICO (FACHADA)\"}]},{\"@type\":\"WebSite\",\"@id\":\"https:\/\/distribuidorpanelrey.com\/#website\",\"url\":\"https:\/\/distribuidorpanelrey.com\/\",\"name\":\"PANEL REY MEXICO\",\"description\":\"DISTRIBUIDOR PANEL REY\",\"publisher\":{\"@id\":\"https:\/\/distribuidorpanelrey.com\/#organization\"},\"alternateName\":\"DISTRIBUIDOR PANEL REY\",\"potentialAction\":[{\"@type\":\"SearchAction\",\"target\":{\"@type\":\"EntryPoint\",\"urlTemplate\":\"https:\/\/distribuidorpanelrey.com\/?s={search_term_string}\"},\"query-input\":{\"@type\":\"PropertyValueSpecification\",\"valueRequired\":true,\"valueName\":\"search_term_string\"}}],\"inLanguage\":\"es\"},{\"@type\":\"Organization\",\"@id\":\"https:\/\/distribuidorpanelrey.com\/#organization\",\"name\":\"PANEL REY MEXICO\",\"url\":\"https:\/\/distribuidorpanelrey.com\/\",\"logo\":{\"@type\":\"ImageObject\",\"inLanguage\":\"es\",\"@id\":\"https:\/\/distribuidorpanelrey.com\/#\/schema\/logo\/image\/\",\"url\":\"https:\/\/distribuidorpanelrey.com.mx\/wp-content\/uploads\/2023\/11\/panelrey.webp\",\"contentUrl\":\"https:\/\/distribuidorpanelrey.com.mx\/wp-content\/uploads\/2023\/11\/panelrey.webp\",\"width\":400,\"height\":150,\"caption\":\"PANEL REY MEXICO\"},\"image\":{\"@id\":\"https:\/\/distribuidorpanelrey.com\/#\/schema\/logo\/image\/\"},\"sameAs\":[\"https:\/\/www.facebook.com\/mexicopanelrey\/?locale=es_LA\",\"https:\/\/www.instagram.com\/panel_rey_mexico\/?hl=es\"]}]}<\/script>\n<!-- \/ Yoast SEO plugin. -->","yoast_head_json":{"title":"POSTE METALICO (FACHADA) - PANEL REY MEXICO | \u00a1Encuentralo aqui!","description":"Poste Metalico (Fachada). Es uno de los principales elementos para formar la estructura ligera, contiene tres perforaciones ubicadas...","robots":{"index":"index","follow":"follow","max-snippet":"max-snippet:-1","max-image-preview":"max-image-preview:large","max-video-preview":"max-video-preview:-1"},"canonical":"https:\/\/distribuidorpanelrey.com.mx\/producto\/poste-metalico\/","og_locale":"es_ES","og_type":"article","og_title":"POSTE METALICO (FACHADA) - PANEL REY MEXICO | \u00a1Encuentralo aqui!","og_description":"Poste Metalico (Fachada). Es uno de los principales elementos para formar la estructura ligera, contiene tres perforaciones ubicadas...","og_url":"https:\/\/distribuidorpanelrey.com.mx\/producto\/poste-metalico\/","og_site_name":"PANEL REY MEXICO","article_publisher":"https:\/\/www.facebook.com\/mexicopanelrey\/?locale=es_LA","article_modified_time":"2025-12-05T15:26:14+00:00","og_image":[{"width":500,"height":500,"url":"https:\/\/distribuidorpanelrey.com.mx\/wp-content\/uploads\/2018\/12\/Poste-met\u00e1lico-distribuidor-panel-rey-mexico.jpg","type":"image\/jpeg"}],"twitter_card":"summary_large_image","twitter_misc":{"Tiempo de lectura":"2 minutos"},"schema":{"@context":"https:\/\/schema.org","@graph":[{"@type":"WebPage","@id":"https:\/\/distribuidorpanelrey.com.mx\/producto\/poste-metalico\/","url":"https:\/\/distribuidorpanelrey.com.mx\/producto\/poste-metalico\/","name":"POSTE METALICO (FACHADA) - PANEL REY MEXICO | \u00a1Encuentralo aqui!","isPartOf":{"@id":"https:\/\/distribuidorpanelrey.com\/#website"},"primaryImageOfPage":{"@id":"https:\/\/distribuidorpanelrey.com.mx\/producto\/poste-metalico\/#primaryimage"},"image":{"@id":"https:\/\/distribuidorpanelrey.com.mx\/producto\/poste-metalico\/#primaryimage"},"thumbnailUrl":"https:\/\/distribuidorpanelrey.com.mx\/wp-content\/uploads\/2018\/12\/Poste-met\u00e1lico-distribuidor-panel-rey-mexico.jpg","datePublished":"2018-12-04T21:53:18+00:00","dateModified":"2025-12-05T15:26:14+00:00","description":"Poste Metalico (Fachada). Es uno de los principales elementos para formar la estructura ligera, contiene tres perforaciones ubicadas...","breadcrumb":{"@id":"https:\/\/distribuidorpanelrey.com.mx\/producto\/poste-metalico\/#breadcrumb"},"inLanguage":"es","potentialAction":[{"@type":"ReadAction","target":["https:\/\/distribuidorpanelrey.com.mx\/producto\/poste-metalico\/"]}]},{"@type":"ImageObject","inLanguage":"es","@id":"https:\/\/distribuidorpanelrey.com.mx\/producto\/poste-metalico\/#primaryimage","url":"https:\/\/distribuidorpanelrey.com.mx\/wp-content\/uploads\/2018\/12\/Poste-met\u00e1lico-distribuidor-panel-rey-mexico.jpg","contentUrl":"https:\/\/distribuidorpanelrey.com.mx\/wp-content\/uploads\/2018\/12\/Poste-met\u00e1lico-distribuidor-panel-rey-mexico.jpg","width":500,"height":500,"caption":"Poste-met\u00e1lico-distribuidor-panel-rey-mexico"},{"@type":"BreadcrumbList","@id":"https:\/\/distribuidorpanelrey.com.mx\/producto\/poste-metalico\/#breadcrumb","itemListElement":[{"@type":"ListItem","position":1,"name":"Portada","item":"https:\/\/distribuidorpanelrey.com.mx\/"},{"@type":"ListItem","position":2,"name":"Productos","item":"https:\/\/distribuidorpanelrey.com\/tienda\/"},{"@type":"ListItem","position":3,"name":"POSTE METALICO (FACHADA)"}]},{"@type":"WebSite","@id":"https:\/\/distribuidorpanelrey.com\/#website","url":"https:\/\/distribuidorpanelrey.com\/","name":"PANEL REY MEXICO","description":"DISTRIBUIDOR PANEL REY","publisher":{"@id":"https:\/\/distribuidorpanelrey.com\/#organization"},"alternateName":"DISTRIBUIDOR PANEL REY","potentialAction":[{"@type":"SearchAction","target":{"@type":"EntryPoint","urlTemplate":"https:\/\/distribuidorpanelrey.com\/?s={search_term_string}"},"query-input":{"@type":"PropertyValueSpecification","valueRequired":true,"valueName":"search_term_string"}}],"inLanguage":"es"},{"@type":"Organization","@id":"https:\/\/distribuidorpanelrey.com\/#organization","name":"PANEL REY MEXICO","url":"https:\/\/distribuidorpanelrey.com\/","logo":{"@type":"ImageObject","inLanguage":"es","@id":"https:\/\/distribuidorpanelrey.com\/#\/schema\/logo\/image\/","url":"https:\/\/distribuidorpanelrey.com.mx\/wp-content\/uploads\/2023\/11\/panelrey.webp","contentUrl":"https:\/\/distribuidorpanelrey.com.mx\/wp-content\/uploads\/2023\/11\/panelrey.webp","width":400,"height":150,"caption":"PANEL REY MEXICO"},"image":{"@id":"https:\/\/distribuidorpanelrey.com\/#\/schema\/logo\/image\/"},"sameAs":["https:\/\/www.facebook.com\/mexicopanelrey\/?locale=es_LA","https:\/\/www.instagram.com\/panel_rey_mexico\/?hl=es"]}]}},"_links":{"self":[{"href":"https:\/\/distribuidorpanelrey.com.mx\/wp-json\/wp\/v2\/product\/464","targetHints":{"allow":["GET"]}}],"collection":[{"href":"https:\/\/distribuidorpanelrey.com.mx\/wp-json\/wp\/v2\/product"}],"about":[{"href":"https:\/\/distribuidorpanelrey.com.mx\/wp-json\/wp\/v2\/types\/product"}],"replies":[{"embeddable":true,"href":"https:\/\/distribuidorpanelrey.com.mx\/wp-json\/wp\/v2\/comments?post=464"}],"version-history":[{"count":5,"href":"https:\/\/distribuidorpanelrey.com.mx\/wp-json\/wp\/v2\/product\/464\/revisions"}],"predecessor-version":[{"id":6664,"href":"https:\/\/distribuidorpanelrey.com.mx\/wp-json\/wp\/v2\/product\/464\/revisions\/6664"}],"wp:featuredmedia":[{"embeddable":true,"href":"https:\/\/distribuidorpanelrey.com.mx\/wp-json\/wp\/v2\/media\/870"}],"wp:attachment":[{"href":"https:\/\/distribuidorpanelrey.com.mx\/wp-json\/wp\/v2\/media?parent=464"}],"wp:term":[{"taxonomy":"product_brand","embeddable":true,"href":"https:\/\/distribuidorpanelrey.com.mx\/wp-json\/wp\/v2\/product_brand?post=464"},{"taxonomy":"product_cat","embeddable":true,"href":"https:\/\/distribuidorpanelrey.com.mx\/wp-json\/wp\/v2\/product_cat?post=464"},{"taxonomy":"product_tag","embeddable":true,"href":"https:\/\/distribuidorpanelrey.com.mx\/wp-json\/wp\/v2\/product_tag?post=464"}],"curies":[{"name":"wp","href":"https:\/\/api.w.org\/{rel}","templated":true}]}}