{"id":478,"date":"2018-12-04T22:33:45","date_gmt":"2018-12-04T22:33:45","guid":{"rendered":"http:\/\/distribuidorpanelrey.com\/?post_type=product&#038;p=478"},"modified":"2025-08-18T04:20:46","modified_gmt":"2025-08-18T04:20:46","slug":"reborde-j","status":"publish","type":"product","link":"https:\/\/distribuidorpanelrey.com.mx\/producto\/reborde-j\/","title":{"rendered":"REBORDE \u00abJ\u00bb"},"content":{"rendered":"<p>Reborde \u00abJ\u00bb<\/p>\n<p>El <strong>reborde \u00abJ\u00bb<\/strong> tiene como funci\u00f3n principal proporcionar un acabado limpio y seguro en el borde de paneles de yeso u otros materiales de construcci\u00f3n. Este tipo de reborde se caracteriza por su forma en \u00abJ\u00bb, que permite un ajuste preciso y una instalaci\u00f3n sencilla en los extremos de los paneles.<\/p>\n<p>El <strong>reborde \u00abJ\u00bb<\/strong> se utiliza com\u00fanmente en la instalaci\u00f3n de paneles de yeso y otros revestimientos para asegurar un borde resistente y est\u00e9ticamente agradable. Su dise\u00f1o ayuda a proteger los bordes contra da\u00f1os y desgaste, al tiempo que proporciona una superficie uniforme y lista para la aplicaci\u00f3n de acabados finales, como pintura o revestimientos decorativos.<\/p>\n<p>En resumen, el <strong>reborde \u00abJ\u00bb<\/strong> es esencial en la construcci\u00f3n para asegurar la integridad y el acabado profesional de los bordes de paneles y materiales similares, mejorando tanto la resistencia como la est\u00e9tica del proyecto finalizado.<\/p>\n<p><span style=\"color: #000080;\"><span style=\"font-size: 12px;\"><b>CARACTER\u00cdSTICAS<\/b><\/span><strong>:<\/strong><\/span><\/p>\n<ul>\n<li>Este perfil tiene como objeto el proteger los bordes del panel de yeso.<\/li>\n<li>Se coloca en forma horizontal en la parte baja del muro, separada del suelo 5 mm como m\u00ednimo; esto evita que el panel de yeso entre en contacto con el agua en caso de derrames.<\/li>\n<li>Se fija manualmente a los paneles de yeso que se fijar\u00e1n en la parte inferior de un muro a un piso, puede opcionalmente utilizarse para recubrir aperturas como en registros para plafones.<\/li>\n<\/ul>\n<p>&nbsp;<\/p>\n<p>&nbsp;<\/p>\n<p>&nbsp;<\/p>\n<p style=\"text-align: center;\">*En Distribuidor Panel Rey Mexico nos esforzamos por ofrecerte los mejores productos de <a href=\"http:\/\/distribuidorpanelrey.com\/categoria-producto\/perfiles\/\">Perfil<\/a> como el\u00a0Reborde \u00abJ\u00bb.<br \/>\n*La imagen puede diferir un poco del producto final *Los precios pueden variar sin previo aviso<br \/>\n*Los precios ya incluyen IVA *Se hacen env\u00edos a toda la Rep\u00fablica Mexicana, pregunte por nuestros descuentos en env\u00edos.<br \/>\n*Chatea con nosotros en nuestras redes sociales.<br \/>\n*Contactanos: Tel. 71-58-97-38 y 71-58-02-72.<br \/>\nNuestro correo: ventas@distribuidorpanelrey.com<br \/>\nDistribuidor Panel Rey Mexico<\/p>\n","protected":false},"excerpt":{"rendered":"<p>Reborde \u00abJ\u00bb El reborde \u00abJ\u00bb tiene como funci\u00f3n principal proporcionar un acabado limpio y seguro en el borde de paneles de yeso u otros materiales de construcci\u00f3n. Este tipo de reborde se caracteriza por su forma en \u00abJ\u00bb, que permite un ajuste preciso y una instalaci\u00f3n sencilla en los extremos de los paneles. El reborde [&hellip;]<\/p>\n","protected":false},"featured_media":864,"comment_status":"closed","ping_status":"closed","template":"","meta":[],"product_brand":[549],"product_cat":[45],"product_tag":[48,60,61],"class_list":{"0":"post-478","1":"product","2":"type-product","3":"status-publish","4":"has-post-thumbnail","6":"product_brand-panel-rey","7":"product_cat-perfiles","8":"product_tag-perfiles","9":"product_tag-reborde","10":"product_tag-reborde-j","12":"first","13":"instock","14":"shipping-taxable","15":"purchasable","16":"product-type-simple"},"yoast_head":"<!-- This site is optimized with the Yoast SEO plugin v27.1.1 - https:\/\/yoast.com\/product\/yoast-seo-wordpress\/ -->\n<title>REBORDE &quot;J&quot; - PANEL REY MEXICO | \u00a1Encuentralo aqui!<\/title>\n<meta name=\"description\" content=\"Reborde &quot;J&quot;. Este perfil tiene como objeto el proteger los bordes del panel de yeso. Se coloca en forma horizontal en la parte baja del muro.\" \/>\n<meta name=\"robots\" content=\"index, follow, max-snippet:-1, max-image-preview:large, max-video-preview:-1\" \/>\n<link rel=\"canonical\" href=\"https:\/\/distribuidorpanelrey.com.mx\/producto\/reborde-j\/\" \/>\n<meta property=\"og:locale\" content=\"es_ES\" \/>\n<meta property=\"og:type\" content=\"article\" \/>\n<meta property=\"og:title\" content=\"REBORDE &quot;J&quot; - PANEL REY MEXICO | \u00a1Encuentralo aqui!\" \/>\n<meta property=\"og:description\" content=\"Reborde &quot;J&quot;. Este perfil tiene como objeto el proteger los bordes del panel de yeso. Se coloca en forma horizontal en la parte baja del muro.\" \/>\n<meta property=\"og:url\" content=\"https:\/\/distribuidorpanelrey.com.mx\/producto\/reborde-j\/\" \/>\n<meta property=\"og:site_name\" content=\"PANEL REY MEXICO\" \/>\n<meta property=\"article:publisher\" content=\"https:\/\/www.facebook.com\/mexicopanelrey\/?locale=es_LA\" \/>\n<meta property=\"article:modified_time\" content=\"2025-08-18T04:20:46+00:00\" \/>\n<meta property=\"og:image\" content=\"https:\/\/distribuidorpanelrey.com.mx\/wp-content\/uploads\/2018\/12\/Reborede-j-distribuidor-panel-rey-mexico.png\" \/>\n\t<meta property=\"og:image:width\" content=\"1000\" \/>\n\t<meta property=\"og:image:height\" content=\"1000\" \/>\n\t<meta property=\"og:image:type\" content=\"image\/png\" \/>\n<meta name=\"twitter:card\" content=\"summary_large_image\" \/>\n<meta name=\"twitter:label1\" content=\"Tiempo de lectura\" \/>\n\t<meta name=\"twitter:data1\" content=\"2 minutos\" \/>\n<script type=\"application\/ld+json\" class=\"yoast-schema-graph\">{\"@context\":\"https:\/\/schema.org\",\"@graph\":[{\"@type\":\"WebPage\",\"@id\":\"https:\/\/distribuidorpanelrey.com.mx\/producto\/reborde-j\/\",\"url\":\"https:\/\/distribuidorpanelrey.com.mx\/producto\/reborde-j\/\",\"name\":\"REBORDE \\\"J\\\" - PANEL REY MEXICO | \u00a1Encuentralo aqui!\",\"isPartOf\":{\"@id\":\"https:\/\/distribuidorpanelrey.com\/#website\"},\"primaryImageOfPage\":{\"@id\":\"https:\/\/distribuidorpanelrey.com.mx\/producto\/reborde-j\/#primaryimage\"},\"image\":{\"@id\":\"https:\/\/distribuidorpanelrey.com.mx\/producto\/reborde-j\/#primaryimage\"},\"thumbnailUrl\":\"https:\/\/distribuidorpanelrey.com.mx\/wp-content\/uploads\/2018\/12\/Reborede-j-distribuidor-panel-rey-mexico.png\",\"datePublished\":\"2018-12-04T22:33:45+00:00\",\"dateModified\":\"2025-08-18T04:20:46+00:00\",\"description\":\"Reborde \\\"J\\\". Este perfil tiene como objeto el proteger los bordes del panel de yeso. Se coloca en forma horizontal en la parte baja del muro.\",\"breadcrumb\":{\"@id\":\"https:\/\/distribuidorpanelrey.com.mx\/producto\/reborde-j\/#breadcrumb\"},\"inLanguage\":\"es\",\"potentialAction\":[{\"@type\":\"ReadAction\",\"target\":[\"https:\/\/distribuidorpanelrey.com.mx\/producto\/reborde-j\/\"]}]},{\"@type\":\"ImageObject\",\"inLanguage\":\"es\",\"@id\":\"https:\/\/distribuidorpanelrey.com.mx\/producto\/reborde-j\/#primaryimage\",\"url\":\"https:\/\/distribuidorpanelrey.com.mx\/wp-content\/uploads\/2018\/12\/Reborede-j-distribuidor-panel-rey-mexico.png\",\"contentUrl\":\"https:\/\/distribuidorpanelrey.com.mx\/wp-content\/uploads\/2018\/12\/Reborede-j-distribuidor-panel-rey-mexico.png\",\"width\":1000,\"height\":1000,\"caption\":\"Reborde-j-distribuidor-panel-rey-mexico\"},{\"@type\":\"BreadcrumbList\",\"@id\":\"https:\/\/distribuidorpanelrey.com.mx\/producto\/reborde-j\/#breadcrumb\",\"itemListElement\":[{\"@type\":\"ListItem\",\"position\":1,\"name\":\"Portada\",\"item\":\"https:\/\/distribuidorpanelrey.com.mx\/\"},{\"@type\":\"ListItem\",\"position\":2,\"name\":\"Productos\",\"item\":\"https:\/\/distribuidorpanelrey.com\/tienda\/\"},{\"@type\":\"ListItem\",\"position\":3,\"name\":\"REBORDE \u00abJ\u00bb\"}]},{\"@type\":\"WebSite\",\"@id\":\"https:\/\/distribuidorpanelrey.com\/#website\",\"url\":\"https:\/\/distribuidorpanelrey.com\/\",\"name\":\"PANEL REY MEXICO\",\"description\":\"DISTRIBUIDOR PANEL REY\",\"publisher\":{\"@id\":\"https:\/\/distribuidorpanelrey.com\/#organization\"},\"alternateName\":\"DISTRIBUIDOR PANEL REY\",\"potentialAction\":[{\"@type\":\"SearchAction\",\"target\":{\"@type\":\"EntryPoint\",\"urlTemplate\":\"https:\/\/distribuidorpanelrey.com\/?s={search_term_string}\"},\"query-input\":{\"@type\":\"PropertyValueSpecification\",\"valueRequired\":true,\"valueName\":\"search_term_string\"}}],\"inLanguage\":\"es\"},{\"@type\":\"Organization\",\"@id\":\"https:\/\/distribuidorpanelrey.com\/#organization\",\"name\":\"PANEL REY MEXICO\",\"url\":\"https:\/\/distribuidorpanelrey.com\/\",\"logo\":{\"@type\":\"ImageObject\",\"inLanguage\":\"es\",\"@id\":\"https:\/\/distribuidorpanelrey.com\/#\/schema\/logo\/image\/\",\"url\":\"https:\/\/distribuidorpanelrey.com.mx\/wp-content\/uploads\/2023\/11\/panelrey.webp\",\"contentUrl\":\"https:\/\/distribuidorpanelrey.com.mx\/wp-content\/uploads\/2023\/11\/panelrey.webp\",\"width\":400,\"height\":150,\"caption\":\"PANEL REY MEXICO\"},\"image\":{\"@id\":\"https:\/\/distribuidorpanelrey.com\/#\/schema\/logo\/image\/\"},\"sameAs\":[\"https:\/\/www.facebook.com\/mexicopanelrey\/?locale=es_LA\",\"https:\/\/www.instagram.com\/panel_rey_mexico\/?hl=es\"]}]}<\/script>\n<!-- \/ Yoast SEO plugin. -->","yoast_head_json":{"title":"REBORDE \"J\" - PANEL REY MEXICO | \u00a1Encuentralo aqui!","description":"Reborde \"J\". Este perfil tiene como objeto el proteger los bordes del panel de yeso. Se coloca en forma horizontal en la parte baja del muro.","robots":{"index":"index","follow":"follow","max-snippet":"max-snippet:-1","max-image-preview":"max-image-preview:large","max-video-preview":"max-video-preview:-1"},"canonical":"https:\/\/distribuidorpanelrey.com.mx\/producto\/reborde-j\/","og_locale":"es_ES","og_type":"article","og_title":"REBORDE \"J\" - PANEL REY MEXICO | \u00a1Encuentralo aqui!","og_description":"Reborde \"J\". Este perfil tiene como objeto el proteger los bordes del panel de yeso. Se coloca en forma horizontal en la parte baja del muro.","og_url":"https:\/\/distribuidorpanelrey.com.mx\/producto\/reborde-j\/","og_site_name":"PANEL REY MEXICO","article_publisher":"https:\/\/www.facebook.com\/mexicopanelrey\/?locale=es_LA","article_modified_time":"2025-08-18T04:20:46+00:00","og_image":[{"width":1000,"height":1000,"url":"https:\/\/distribuidorpanelrey.com.mx\/wp-content\/uploads\/2018\/12\/Reborede-j-distribuidor-panel-rey-mexico.png","type":"image\/png"}],"twitter_card":"summary_large_image","twitter_misc":{"Tiempo de lectura":"2 minutos"},"schema":{"@context":"https:\/\/schema.org","@graph":[{"@type":"WebPage","@id":"https:\/\/distribuidorpanelrey.com.mx\/producto\/reborde-j\/","url":"https:\/\/distribuidorpanelrey.com.mx\/producto\/reborde-j\/","name":"REBORDE \"J\" - PANEL REY MEXICO | \u00a1Encuentralo aqui!","isPartOf":{"@id":"https:\/\/distribuidorpanelrey.com\/#website"},"primaryImageOfPage":{"@id":"https:\/\/distribuidorpanelrey.com.mx\/producto\/reborde-j\/#primaryimage"},"image":{"@id":"https:\/\/distribuidorpanelrey.com.mx\/producto\/reborde-j\/#primaryimage"},"thumbnailUrl":"https:\/\/distribuidorpanelrey.com.mx\/wp-content\/uploads\/2018\/12\/Reborede-j-distribuidor-panel-rey-mexico.png","datePublished":"2018-12-04T22:33:45+00:00","dateModified":"2025-08-18T04:20:46+00:00","description":"Reborde \"J\". Este perfil tiene como objeto el proteger los bordes del panel de yeso. Se coloca en forma horizontal en la parte baja del muro.","breadcrumb":{"@id":"https:\/\/distribuidorpanelrey.com.mx\/producto\/reborde-j\/#breadcrumb"},"inLanguage":"es","potentialAction":[{"@type":"ReadAction","target":["https:\/\/distribuidorpanelrey.com.mx\/producto\/reborde-j\/"]}]},{"@type":"ImageObject","inLanguage":"es","@id":"https:\/\/distribuidorpanelrey.com.mx\/producto\/reborde-j\/#primaryimage","url":"https:\/\/distribuidorpanelrey.com.mx\/wp-content\/uploads\/2018\/12\/Reborede-j-distribuidor-panel-rey-mexico.png","contentUrl":"https:\/\/distribuidorpanelrey.com.mx\/wp-content\/uploads\/2018\/12\/Reborede-j-distribuidor-panel-rey-mexico.png","width":1000,"height":1000,"caption":"Reborde-j-distribuidor-panel-rey-mexico"},{"@type":"BreadcrumbList","@id":"https:\/\/distribuidorpanelrey.com.mx\/producto\/reborde-j\/#breadcrumb","itemListElement":[{"@type":"ListItem","position":1,"name":"Portada","item":"https:\/\/distribuidorpanelrey.com.mx\/"},{"@type":"ListItem","position":2,"name":"Productos","item":"https:\/\/distribuidorpanelrey.com\/tienda\/"},{"@type":"ListItem","position":3,"name":"REBORDE \u00abJ\u00bb"}]},{"@type":"WebSite","@id":"https:\/\/distribuidorpanelrey.com\/#website","url":"https:\/\/distribuidorpanelrey.com\/","name":"PANEL REY MEXICO","description":"DISTRIBUIDOR PANEL REY","publisher":{"@id":"https:\/\/distribuidorpanelrey.com\/#organization"},"alternateName":"DISTRIBUIDOR PANEL REY","potentialAction":[{"@type":"SearchAction","target":{"@type":"EntryPoint","urlTemplate":"https:\/\/distribuidorpanelrey.com\/?s={search_term_string}"},"query-input":{"@type":"PropertyValueSpecification","valueRequired":true,"valueName":"search_term_string"}}],"inLanguage":"es"},{"@type":"Organization","@id":"https:\/\/distribuidorpanelrey.com\/#organization","name":"PANEL REY MEXICO","url":"https:\/\/distribuidorpanelrey.com\/","logo":{"@type":"ImageObject","inLanguage":"es","@id":"https:\/\/distribuidorpanelrey.com\/#\/schema\/logo\/image\/","url":"https:\/\/distribuidorpanelrey.com.mx\/wp-content\/uploads\/2023\/11\/panelrey.webp","contentUrl":"https:\/\/distribuidorpanelrey.com.mx\/wp-content\/uploads\/2023\/11\/panelrey.webp","width":400,"height":150,"caption":"PANEL REY MEXICO"},"image":{"@id":"https:\/\/distribuidorpanelrey.com\/#\/schema\/logo\/image\/"},"sameAs":["https:\/\/www.facebook.com\/mexicopanelrey\/?locale=es_LA","https:\/\/www.instagram.com\/panel_rey_mexico\/?hl=es"]}]}},"_links":{"self":[{"href":"https:\/\/distribuidorpanelrey.com.mx\/wp-json\/wp\/v2\/product\/478","targetHints":{"allow":["GET"]}}],"collection":[{"href":"https:\/\/distribuidorpanelrey.com.mx\/wp-json\/wp\/v2\/product"}],"about":[{"href":"https:\/\/distribuidorpanelrey.com.mx\/wp-json\/wp\/v2\/types\/product"}],"replies":[{"embeddable":true,"href":"https:\/\/distribuidorpanelrey.com.mx\/wp-json\/wp\/v2\/comments?post=478"}],"version-history":[{"count":3,"href":"https:\/\/distribuidorpanelrey.com.mx\/wp-json\/wp\/v2\/product\/478\/revisions"}],"predecessor-version":[{"id":2999,"href":"https:\/\/distribuidorpanelrey.com.mx\/wp-json\/wp\/v2\/product\/478\/revisions\/2999"}],"wp:featuredmedia":[{"embeddable":true,"href":"https:\/\/distribuidorpanelrey.com.mx\/wp-json\/wp\/v2\/media\/864"}],"wp:attachment":[{"href":"https:\/\/distribuidorpanelrey.com.mx\/wp-json\/wp\/v2\/media?parent=478"}],"wp:term":[{"taxonomy":"product_brand","embeddable":true,"href":"https:\/\/distribuidorpanelrey.com.mx\/wp-json\/wp\/v2\/product_brand?post=478"},{"taxonomy":"product_cat","embeddable":true,"href":"https:\/\/distribuidorpanelrey.com.mx\/wp-json\/wp\/v2\/product_cat?post=478"},{"taxonomy":"product_tag","embeddable":true,"href":"https:\/\/distribuidorpanelrey.com.mx\/wp-json\/wp\/v2\/product_tag?post=478"}],"curies":[{"name":"wp","href":"https:\/\/api.w.org\/{rel}","templated":true}]}}